{"id":284046,"date":"2022-07-01T13:12:26","date_gmt":"2022-07-01T12:12:26","guid":{"rendered":"https:\/\/ecosupplements.be\/product\/neuro-mag-magnesium-l-threonate-tropical-punch-93g\/"},"modified":"2025-08-27T13:25:09","modified_gmt":"2025-08-27T12:25:09","slug":"neuro-mag-magnesium-l-threonate-tropical-punch-93g","status":"publish","type":"product","link":"https:\/\/ecosupplements.be\/fr\/produit\/neuro-mag-magnesium-l-threonate-tropical-punch-93g\/","title":{"rendered":"Neuro-Mag Magn\u00e9sium L-Thr\u00e9onate, Saveur Punch Tropical &#8211; 93g"},"content":{"rendered":"<h1>Neuro-Mag Magn\u00e9sium L-Thr\u00e9onate, Tropical Punch &#8211; 93g<\/h1>\n<p>D\u00e9couvrez Neuro-Mag Magn\u00e9sium L-Thr\u00e9onate, une option de qualit\u00e9 pour ceux qui appr\u00e9cient les ingr\u00e9dients naturels dans leur routine quotidienne. ce produit est formul\u00e9 \u00e0 partir de magn\u00e9sium L-thr\u00e9onate, reconnu pour sa haute puret\u00e9 et son origine naturelle.<\/p>\n<p>Ce compl\u00e9ment se pr\u00e9sente sous forme de poudre avec un agr\u00e9able go\u00fbt tropical punch, offrant une exp\u00e9rience gustative rafra\u00eechissante. Facile \u00e0 utiliser,il suffit de m\u00e9langer la poudre avec de l&#8217;eau ou votre jus pr\u00e9f\u00e9r\u00e9.<\/p>\n<p><strong>Contenu et emballage :<\/strong> Le produit est conditionn\u00e9 en pot de 93g, ce qui correspond \u00e0 environ 30 portions.<\/p>\n<p><strong>Ingr\u00e9dients principaux :<\/strong> Magn\u00e9sium (sous forme de L-thr\u00e9onate), ar\u00f4mes naturels pour un go\u00fbt agr\u00e9able sans recourir aux additifs artificiels.<\/p>\n<p><strong>Utilisation recommand\u00e9e :<\/strong> Pour une int\u00e9gration simple dans votre quotidien, m\u00e9langez une mesure par jour avec votre boisson pr\u00e9f\u00e9r\u00e9e.<\/p>\n<p>Ce compl\u00e9ment alimentaire s&#8217;int\u00e8gre parfaitement dans un mode de vie actif et \u00e9quilibr\u00e9. Profitez d&#8217;un choix pratique et naturel chaque jour avec Neuro-Mag Magn\u00e9sium L-Thr\u00e9onate!<\/p>\n","protected":false},"excerpt":{"rendered":"<p>Neuro-Mag Magn\u00e9sium L-Thr\u00e9onate, Tropical Punch &#8211; 93g D\u00e9couvrez Neuro-Mag Magn\u00e9sium L-Thr\u00e9onate, une option de qualit\u00e9 pour ceux qui appr\u00e9cient les ingr\u00e9dients naturels dans leur routine quotidienne. ce produit est formul\u00e9 \u00e0 partir de magn\u00e9sium L-thr\u00e9onate, reconnu pour sa haute puret\u00e9 et son origine naturelle. Ce compl\u00e9ment se pr\u00e9sente sous forme de poudre avec un agr\u00e9able [&#8230;]\n","protected":false},"featured_media":259524,"comment_status":"open","ping_status":"open","template":"","meta":[],"product_brand":[4723],"product_cat":[5096,5066,5064,5070,5052,5053],"product_tag":[5069],"class_list":{"0":"post-284046","1":"product","2":"type-product","3":"status-publish","4":"has-post-thumbnail","6":"product_brand-life-extension-2","7":"product_cat-concentration-mentale-et-memoire","8":"product_cat-magnesium-mineraux-simples","9":"product_cat-mineraux-simples","10":"product_cat-non-classe","11":"product_cat-sante-et-bien-etre","12":"product_cat-vitamines-et-mineraux","13":"product_tag-topeco-2","15":"first","16":"outofstock","17":"taxable","18":"shipping-taxable","19":"purchasable","20":"product-type-simple"},"yoast_head":"<!-- This site is optimized with the Yoast SEO Premium plugin v27.3 (Yoast SEO v27.3) - https:\/\/yoast.com\/product\/yoast-seo-premium-wordpress\/ -->\n<title>Neuro-Mag Magn\u00e9sium L-Thr\u00e9onate, Saveur Punch Tropical - 93g - ECO Supplements<\/title>\n<meta name=\"description\" content=\"Wij hebben een ruime keuze aan producten van Neuro-Mag Magn\u00e9sium L-Thr\u00e9onate, Saveur Punch Tropical - 93g . Winkel bij Eco Supplements altijd gratis verzending boven 100\u20ac\" \/>\n<meta name=\"robots\" content=\"index, follow, max-snippet:-1, max-image-preview:large, max-video-preview:-1\" \/>\n<link rel=\"canonical\" href=\"https:\/\/ecosupplements.be\/fr\/produit\/neuro-mag-magnesium-l-threonate-tropical-punch-93g\/\" \/>\n<meta property=\"og:locale\" content=\"fr_FR\" \/>\n<meta property=\"og:type\" content=\"article\" \/>\n<meta property=\"og:title\" content=\"Neuro-Mag Magn\u00e9sium L-Thr\u00e9onate, Saveur Punch Tropical - 93g\" \/>\n<meta property=\"og:description\" content=\"Wij hebben een ruime keuze aan producten van Neuro-Mag Magn\u00e9sium L-Thr\u00e9onate, Saveur Punch Tropical - 93g . Winkel bij Eco Supplements altijd gratis verzending boven 100\u20ac\" \/>\n<meta property=\"og:url\" content=\"https:\/\/ecosupplements.be\/fr\/produit\/neuro-mag-magnesium-l-threonate-tropical-punch-93g\/\" \/>\n<meta property=\"og:site_name\" content=\"ECO Supplements\" \/>\n<meta property=\"article:modified_time\" content=\"2025-08-27T12:25:09+00:00\" \/>\n<meta property=\"og:image\" content=\"https:\/\/ecosupplements.be\/wp-content\/uploads\/2025\/08\/Neuro-Mag-Magnesium-L-Threonate-Tropical-Punch-93g-1.jpg\" \/>\n\t<meta property=\"og:image:width\" content=\"557\" \/>\n\t<meta property=\"og:image:height\" content=\"600\" \/>\n\t<meta property=\"og:image:type\" content=\"image\/jpeg\" \/>\n<meta name=\"twitter:card\" content=\"summary_large_image\" \/>\n<meta name=\"twitter:label1\" content=\"Prix\" \/>\n\t<meta name=\"twitter:data1\" content=\"60.76&nbsp;&euro;\" \/>\n\t<meta name=\"twitter:label2\" content=\"Disponibilit\u00e9\" \/>\n\t<meta name=\"twitter:data2\" content=\"Rupture de stock\" \/>\n<script type=\"application\/ld+json\" class=\"yoast-schema-graph\">{\"@context\":\"https:\\\/\\\/schema.org\",\"@graph\":[{\"@type\":[\"WebPage\",\"ItemPage\"],\"@id\":\"https:\\\/\\\/ecosupplements.be\\\/fr\\\/produit\\\/neuro-mag-magnesium-l-threonate-tropical-punch-93g\\\/\",\"url\":\"https:\\\/\\\/ecosupplements.be\\\/fr\\\/produit\\\/neuro-mag-magnesium-l-threonate-tropical-punch-93g\\\/\",\"name\":\"Neuro-Mag Magn\u00e9sium L-Thr\u00e9onate, Saveur Punch Tropical - 93g - ECO Supplements\",\"isPartOf\":{\"@id\":\"https:\\\/\\\/ecosupplements.be\\\/fr\\\/#website\"},\"primaryImageOfPage\":{\"@id\":\"https:\\\/\\\/ecosupplements.be\\\/fr\\\/produit\\\/neuro-mag-magnesium-l-threonate-tropical-punch-93g\\\/#primaryimage\"},\"image\":{\"@id\":\"https:\\\/\\\/ecosupplements.be\\\/fr\\\/produit\\\/neuro-mag-magnesium-l-threonate-tropical-punch-93g\\\/#primaryimage\"},\"thumbnailUrl\":\"https:\\\/\\\/ecosupplements.be\\\/wp-content\\\/uploads\\\/2025\\\/08\\\/Neuro-Mag-Magnesium-L-Threonate-Tropical-Punch-93g.jpg\",\"datePublished\":\"2022-07-01T12:12:26+00:00\",\"dateModified\":\"2025-08-27T12:25:09+00:00\",\"description\":\"Wij hebben een ruime keuze aan producten van Neuro-Mag Magn\u00e9sium L-Thr\u00e9onate, Saveur Punch Tropical - 93g . Winkel bij Eco Supplements altijd gratis verzending boven 100\u20ac\",\"breadcrumb\":{\"@id\":\"https:\\\/\\\/ecosupplements.be\\\/fr\\\/produit\\\/neuro-mag-magnesium-l-threonate-tropical-punch-93g\\\/#breadcrumb\"},\"inLanguage\":\"fr-FR\",\"potentialAction\":[{\"@type\":\"ReadAction\",\"target\":[\"https:\\\/\\\/ecosupplements.be\\\/fr\\\/produit\\\/neuro-mag-magnesium-l-threonate-tropical-punch-93g\\\/\"]}]},{\"@type\":\"ImageObject\",\"inLanguage\":\"fr-FR\",\"@id\":\"https:\\\/\\\/ecosupplements.be\\\/fr\\\/produit\\\/neuro-mag-magnesium-l-threonate-tropical-punch-93g\\\/#primaryimage\",\"url\":\"https:\\\/\\\/ecosupplements.be\\\/wp-content\\\/uploads\\\/2025\\\/08\\\/Neuro-Mag-Magnesium-L-Threonate-Tropical-Punch-93g.jpg\",\"contentUrl\":\"https:\\\/\\\/ecosupplements.be\\\/wp-content\\\/uploads\\\/2025\\\/08\\\/Neuro-Mag-Magnesium-L-Threonate-Tropical-Punch-93g.jpg\",\"width\":557,\"height\":600},{\"@type\":\"BreadcrumbList\",\"@id\":\"https:\\\/\\\/ecosupplements.be\\\/fr\\\/produit\\\/neuro-mag-magnesium-l-threonate-tropical-punch-93g\\\/#breadcrumb\",\"itemListElement\":[{\"@type\":\"ListItem\",\"position\":1,\"name\":\"Home\",\"item\":\"https:\\\/\\\/ecosupplements.be\\\/fr\\\/\"},{\"@type\":\"ListItem\",\"position\":2,\"name\":\"Boutique\",\"item\":\"https:\\\/\\\/ecosupplements.be\\\/fr\\\/boutique\\\/\"},{\"@type\":\"ListItem\",\"position\":3,\"name\":\"Neuro-Mag Magn\u00e9sium L-Thr\u00e9onate, Saveur Punch Tropical &#8211; 93g\"}]},{\"@type\":\"WebSite\",\"@id\":\"https:\\\/\\\/ecosupplements.be\\\/fr\\\/#website\",\"url\":\"https:\\\/\\\/ecosupplements.be\\\/fr\\\/\",\"name\":\"ECO Supplements\",\"description\":\"Eco Supplements - Gezonde supplementen\",\"publisher\":{\"@id\":\"https:\\\/\\\/ecosupplements.be\\\/fr\\\/#organization\"},\"potentialAction\":[{\"@type\":\"SearchAction\",\"target\":{\"@type\":\"EntryPoint\",\"urlTemplate\":\"https:\\\/\\\/ecosupplements.be\\\/fr\\\/?s={search_term_string}\"},\"query-input\":{\"@type\":\"PropertyValueSpecification\",\"valueRequired\":true,\"valueName\":\"search_term_string\"}}],\"inLanguage\":\"fr-FR\"},{\"@type\":\"Organization\",\"@id\":\"https:\\\/\\\/ecosupplements.be\\\/fr\\\/#organization\",\"name\":\"Eco Supplements\",\"url\":\"https:\\\/\\\/ecosupplements.be\\\/fr\\\/\",\"logo\":{\"@type\":\"ImageObject\",\"inLanguage\":\"fr-FR\",\"@id\":\"https:\\\/\\\/ecosupplements.be\\\/fr\\\/#\\\/schema\\\/logo\\\/image\\\/\",\"url\":\"https:\\\/\\\/ecosupplements.be\\\/wp-content\\\/uploads\\\/2022\\\/06\\\/ecosupplement-family.png\",\"contentUrl\":\"https:\\\/\\\/ecosupplements.be\\\/wp-content\\\/uploads\\\/2022\\\/06\\\/ecosupplement-family.png\",\"width\":593,\"height\":374,\"caption\":\"Eco Supplements\"},\"image\":{\"@id\":\"https:\\\/\\\/ecosupplements.be\\\/fr\\\/#\\\/schema\\\/logo\\\/image\\\/\"}}]}<\/script>\n<meta property=\"product:brand\" content=\"Life Extension\" \/>\n<meta property=\"product:price:amount\" content=\"60.76\" \/>\n<meta property=\"product:price:currency\" content=\"EUR\" \/>\n<meta property=\"og:availability\" content=\"out of stock\" \/>\n<meta property=\"product:availability\" content=\"out of stock\" \/>\n<meta property=\"product:retailer_item_id\" content=\"737870203292\" \/>\n<meta property=\"product:condition\" content=\"new\" \/>\n<!-- \/ Yoast SEO Premium plugin. -->","yoast_head_json":{"title":"Neuro-Mag Magn\u00e9sium L-Thr\u00e9onate, Saveur Punch Tropical - 93g - ECO Supplements","description":"Wij hebben een ruime keuze aan producten van Neuro-Mag Magn\u00e9sium L-Thr\u00e9onate, Saveur Punch Tropical - 93g . Winkel bij Eco Supplements altijd gratis verzending boven 100\u20ac","robots":{"index":"index","follow":"follow","max-snippet":"max-snippet:-1","max-image-preview":"max-image-preview:large","max-video-preview":"max-video-preview:-1"},"canonical":"https:\/\/ecosupplements.be\/fr\/produit\/neuro-mag-magnesium-l-threonate-tropical-punch-93g\/","og_locale":"fr_FR","og_type":"article","og_title":"Neuro-Mag Magn\u00e9sium L-Thr\u00e9onate, Saveur Punch Tropical - 93g","og_description":"Wij hebben een ruime keuze aan producten van Neuro-Mag Magn\u00e9sium L-Thr\u00e9onate, Saveur Punch Tropical - 93g . Winkel bij Eco Supplements altijd gratis verzending boven 100\u20ac","og_url":"https:\/\/ecosupplements.be\/fr\/produit\/neuro-mag-magnesium-l-threonate-tropical-punch-93g\/","og_site_name":"ECO Supplements","article_modified_time":"2025-08-27T12:25:09+00:00","og_image":[{"width":557,"height":600,"url":"https:\/\/ecosupplements.be\/wp-content\/uploads\/2025\/08\/Neuro-Mag-Magnesium-L-Threonate-Tropical-Punch-93g-1.jpg","type":"image\/jpeg"}],"twitter_card":"summary_large_image","twitter_misc":{"Prix":"60.76&nbsp;&euro;","Disponibilit\u00e9":"Rupture de stock"},"schema":{"@context":"https:\/\/schema.org","@graph":[{"@type":["WebPage","ItemPage"],"@id":"https:\/\/ecosupplements.be\/fr\/produit\/neuro-mag-magnesium-l-threonate-tropical-punch-93g\/","url":"https:\/\/ecosupplements.be\/fr\/produit\/neuro-mag-magnesium-l-threonate-tropical-punch-93g\/","name":"Neuro-Mag Magn\u00e9sium L-Thr\u00e9onate, Saveur Punch Tropical - 93g - ECO Supplements","isPartOf":{"@id":"https:\/\/ecosupplements.be\/fr\/#website"},"primaryImageOfPage":{"@id":"https:\/\/ecosupplements.be\/fr\/produit\/neuro-mag-magnesium-l-threonate-tropical-punch-93g\/#primaryimage"},"image":{"@id":"https:\/\/ecosupplements.be\/fr\/produit\/neuro-mag-magnesium-l-threonate-tropical-punch-93g\/#primaryimage"},"thumbnailUrl":"https:\/\/ecosupplements.be\/wp-content\/uploads\/2025\/08\/Neuro-Mag-Magnesium-L-Threonate-Tropical-Punch-93g.jpg","datePublished":"2022-07-01T12:12:26+00:00","dateModified":"2025-08-27T12:25:09+00:00","description":"Wij hebben een ruime keuze aan producten van Neuro-Mag Magn\u00e9sium L-Thr\u00e9onate, Saveur Punch Tropical - 93g . Winkel bij Eco Supplements altijd gratis verzending boven 100\u20ac","breadcrumb":{"@id":"https:\/\/ecosupplements.be\/fr\/produit\/neuro-mag-magnesium-l-threonate-tropical-punch-93g\/#breadcrumb"},"inLanguage":"fr-FR","potentialAction":[{"@type":"ReadAction","target":["https:\/\/ecosupplements.be\/fr\/produit\/neuro-mag-magnesium-l-threonate-tropical-punch-93g\/"]}]},{"@type":"ImageObject","inLanguage":"fr-FR","@id":"https:\/\/ecosupplements.be\/fr\/produit\/neuro-mag-magnesium-l-threonate-tropical-punch-93g\/#primaryimage","url":"https:\/\/ecosupplements.be\/wp-content\/uploads\/2025\/08\/Neuro-Mag-Magnesium-L-Threonate-Tropical-Punch-93g.jpg","contentUrl":"https:\/\/ecosupplements.be\/wp-content\/uploads\/2025\/08\/Neuro-Mag-Magnesium-L-Threonate-Tropical-Punch-93g.jpg","width":557,"height":600},{"@type":"BreadcrumbList","@id":"https:\/\/ecosupplements.be\/fr\/produit\/neuro-mag-magnesium-l-threonate-tropical-punch-93g\/#breadcrumb","itemListElement":[{"@type":"ListItem","position":1,"name":"Home","item":"https:\/\/ecosupplements.be\/fr\/"},{"@type":"ListItem","position":2,"name":"Boutique","item":"https:\/\/ecosupplements.be\/fr\/boutique\/"},{"@type":"ListItem","position":3,"name":"Neuro-Mag Magn\u00e9sium L-Thr\u00e9onate, Saveur Punch Tropical &#8211; 93g"}]},{"@type":"WebSite","@id":"https:\/\/ecosupplements.be\/fr\/#website","url":"https:\/\/ecosupplements.be\/fr\/","name":"ECO Supplements","description":"Eco Supplements - Gezonde supplementen","publisher":{"@id":"https:\/\/ecosupplements.be\/fr\/#organization"},"potentialAction":[{"@type":"SearchAction","target":{"@type":"EntryPoint","urlTemplate":"https:\/\/ecosupplements.be\/fr\/?s={search_term_string}"},"query-input":{"@type":"PropertyValueSpecification","valueRequired":true,"valueName":"search_term_string"}}],"inLanguage":"fr-FR"},{"@type":"Organization","@id":"https:\/\/ecosupplements.be\/fr\/#organization","name":"Eco Supplements","url":"https:\/\/ecosupplements.be\/fr\/","logo":{"@type":"ImageObject","inLanguage":"fr-FR","@id":"https:\/\/ecosupplements.be\/fr\/#\/schema\/logo\/image\/","url":"https:\/\/ecosupplements.be\/wp-content\/uploads\/2022\/06\/ecosupplement-family.png","contentUrl":"https:\/\/ecosupplements.be\/wp-content\/uploads\/2022\/06\/ecosupplement-family.png","width":593,"height":374,"caption":"Eco Supplements"},"image":{"@id":"https:\/\/ecosupplements.be\/fr\/#\/schema\/logo\/image\/"}}]},"product_brand":"Life Extension","product_price_amount":"60.76","product_price_currency":"EUR","og_availability":"out of stock","product_availability":"out of stock","product_retailer_item_id":"737870203292","product_condition":"new"},"_links":{"self":[{"href":"https:\/\/ecosupplements.be\/fr\/wp-json\/wp\/v2\/product\/284046","targetHints":{"allow":["GET"]}}],"collection":[{"href":"https:\/\/ecosupplements.be\/fr\/wp-json\/wp\/v2\/product"}],"about":[{"href":"https:\/\/ecosupplements.be\/fr\/wp-json\/wp\/v2\/types\/product"}],"replies":[{"embeddable":true,"href":"https:\/\/ecosupplements.be\/fr\/wp-json\/wp\/v2\/comments?post=284046"}],"wp:featuredmedia":[{"embeddable":true,"href":"https:\/\/ecosupplements.be\/fr\/wp-json\/wp\/v2\/media\/259524"}],"wp:attachment":[{"href":"https:\/\/ecosupplements.be\/fr\/wp-json\/wp\/v2\/media?parent=284046"}],"wp:term":[{"taxonomy":"product_brand","embeddable":true,"href":"https:\/\/ecosupplements.be\/fr\/wp-json\/wp\/v2\/product_brand?post=284046"},{"taxonomy":"product_cat","embeddable":true,"href":"https:\/\/ecosupplements.be\/fr\/wp-json\/wp\/v2\/product_cat?post=284046"},{"taxonomy":"product_tag","embeddable":true,"href":"https:\/\/ecosupplements.be\/fr\/wp-json\/wp\/v2\/product_tag?post=284046"}],"curies":[{"name":"wp","href":"https:\/\/api.w.org\/{rel}","templated":true}]}}