{"id":284080,"date":"2022-07-13T09:31:30","date_gmt":"2022-07-13T08:31:30","guid":{"rendered":"https:\/\/ecosupplements.be\/product\/glutenease-extra-strength-60-caps\/"},"modified":"2025-08-27T13:25:51","modified_gmt":"2025-08-27T12:25:51","slug":"glutenease-extra-strength-60-caps","status":"publish","type":"product","link":"https:\/\/ecosupplements.be\/fr\/produit\/glutenease-extra-strength-60-caps\/","title":{"rendered":"GlutenEase Extra Strength &#8211; 60 caps"},"content":{"rendered":"<h1 style=\"text-align: center;\">Enzymedica &#8211; GlutenEase Extra Fort<\/h1>\n<p>Le plus avanc\u00e9<br \/>\n&nbsp;&nbsp;&nbsp; Non OGM<br \/>\n&nbsp;&nbsp;&nbsp; Les experts en enzymes<br \/>\n&nbsp;&nbsp;&nbsp; Digestif<br \/>\n&nbsp;&nbsp;&nbsp; Marque de l&#8217;enzyme de vente #1<br \/>\n&nbsp;&nbsp;&nbsp; Suppl\u00e9ment alimentaire<br \/>\n&nbsp;&nbsp;&nbsp; V\u00e9g\u00e9talien et casher parve<br \/>\n&nbsp;&nbsp;&nbsp; Aucun agent de remplissage ajout\u00e9<\/p>\n<p>La formule la plus avanc\u00e9e pour le gluten et la cas\u00e9ine<\/p>\n<p>&nbsp;&nbsp;&nbsp; Optimise la digestion des aliments contenant du gluten et de la cas\u00e9ine<br \/>\n&nbsp;&nbsp;&nbsp; Fournit un soutien enzymatique pour les r\u00e9gimes sans gluten et sans cas\u00e9ine<\/p>\n<p>De nombreuses personnes ont des difficult\u00e9s \u00e0 dig\u00e9rer le gluten et les prot\u00e9ines de cas\u00e9ine que l&#8217;on trouve g\u00e9n\u00e9ralement dans les glucides, ce qui entra\u00eene des d\u00e9sagr\u00e9ments tels que des gaz et des ballonnements occasionnels. M\u00eame les personnes suivant un r\u00e9gime sans gluten ou sans cas\u00e9ine peuvent \u00e9prouver des difficult\u00e9s en raison de la contamination crois\u00e9e des aliments incrimin\u00e9s.<\/p>\n<p>GlutenEase Extra Strength contient des enzymes Protease Thera-blend (G2) ainsi que l&#8217;activit\u00e9 DPP-IV pour fournir plus du double du pouvoir de digestion des aliments contenant du gluten et de la cas\u00e9ine par rapport \u00e0 GlutenEase. Les enzymes amylases dig\u00e9rant l&#8217;amidon aident \u00e0 la digestion de la partie glucidique des c\u00e9r\u00e9ales, comme le bl\u00e9, qui contiennent du gluten.<\/p>\n<p>Les enzymes Thera-blend sont compos\u00e9es de plusieurs variantes qui sont m\u00e9lang\u00e9es pour fonctionner en synergie dans la large gamme de pH du corps humain.<\/p>\n<p><img decoding=\"async\" src=\"https:\/\/ecosupplements.be\/wp-content\/uploads\/2025\/08\/gluten-free-1.png\" title=\"Sans gluten\" alt=\"Gluten free\"><img decoding=\"async\" src=\"https:\/\/ecosupplements.be\/wp-content\/uploads\/2025\/08\/non-gmo-1.png\" title=\"Non-OGM\" alt=\"Non-GMO\"><img decoding=\"async\" src=\"https:\/\/ecosupplements.be\/wp-content\/uploads\/2025\/08\/vegan-1.png\" title=\"Vegan\" alt=\"Vegan\"><img decoding=\"async\" src=\"https:\/\/ecosupplements.be\/wp-content\/uploads\/2025\/08\/vegetarian-1.png\" title=\"V\u00e9g\u00e9tarien\" alt=\"Vegetarian\"><img decoding=\"async\" src=\"https:\/\/ecosupplements.be\/wp-content\/uploads\/2025\/08\/soy-free-1.png\" title=\"Sans soja\" alt=\"Soy-free\"><\/p>\n<p>Compl\u00e9ment alimentaire :<br \/>\nTaille de la portion : 1 capsule<br \/>\nPortions par conteneur : 60<\/p>\n<p>Quantit\u00e9 par portion :<br \/>\nProt\u00e9ase Thera-blend(G2) 150000 HUT<br \/>\nDPP-IV 1000 DPPU<br \/>\nAmylase Thera-blend 15000 DU<br \/>\nGlucoamylase 15 AGU&nbsp; <\/p>\n<p>GlutenEase Extra Strength Autres ingr\u00e9dients :<br \/>\n100% capsule v\u00e9g\u00e9tarienne (cellulose, eau).<\/p>\n<p>GlutenEase Extra Strength Utilisation recommand\u00e9e :<br \/>\n1 capsule avec chaque repas contenant du gluten ou de la cas\u00e9ine. On peut en prendre davantage au besoin. Ce produit n&#8217;est pas destin\u00e9 \u00e0 remplacer un r\u00e9gime sans gluten pour les personnes atteintes de la maladie c\u0153liaque.<\/p>\n<p>Avertissements :<br \/>\nNe pas utiliser si le joint de s\u00e9curit\u00e9 est cass\u00e9 ou manquant.<br \/>\nConserver ferm\u00e9 dans un endroit sec ; \u00e9viter la chaleur excessive.<br \/>\nVeuillez garder hors de port\u00e9e des enfants<\/p>\n","protected":false},"excerpt":{"rendered":"<p>Enzymedica &#8211; GlutenEase Extra Fort Le plus avanc\u00e9 &nbsp;&nbsp;&nbsp; Non OGM &nbsp;&nbsp;&nbsp; Les experts en enzymes &nbsp;&nbsp;&nbsp; Digestif &nbsp;&nbsp;&nbsp; Marque de l&#8217;enzyme de vente #1 &nbsp;&nbsp;&nbsp; Suppl\u00e9ment alimentaire &nbsp;&nbsp;&nbsp; V\u00e9g\u00e9talien et casher parve &nbsp;&nbsp;&nbsp; Aucun agent de remplissage ajout\u00e9 La formule la plus avanc\u00e9e pour le gluten et la cas\u00e9ine &nbsp;&nbsp;&nbsp; Optimise la digestion des [&#8230;]\n","protected":false},"featured_media":259625,"comment_status":"open","ping_status":"open","template":"","meta":[],"product_brand":[4678],"product_cat":[5070,5054,5055,5087,5052],"product_tag":[5071],"class_list":{"0":"post-284080","1":"product","2":"type-product","3":"status-publish","4":"has-post-thumbnail","6":"product_brand-enzymedica-2","7":"product_cat-non-classe","8":"product_cat-nourriture-saine","9":"product_cat-produits-vegetaliens","10":"product_cat-sante-digestive-fibres","11":"product_cat-sante-et-bien-etre","12":"product_tag-ecoplus-2","14":"first","15":"instock","16":"taxable","17":"shipping-taxable","18":"purchasable","19":"product-type-simple"},"yoast_head":"<!-- This site is optimized with the Yoast SEO Premium plugin v27.3 (Yoast SEO v27.3) - https:\/\/yoast.com\/product\/yoast-seo-premium-wordpress\/ -->\n<title>GlutenEase Extra Strength - 60 caps - ECO Supplements<\/title>\n<meta name=\"description\" content=\"Wij hebben een ruime keuze aan producten van GlutenEase Extra Strength - 60 caps . Winkel bij Eco Supplements altijd gratis verzending boven 100\u20ac\" \/>\n<meta name=\"robots\" content=\"index, follow, max-snippet:-1, max-image-preview:large, max-video-preview:-1\" \/>\n<link rel=\"canonical\" href=\"https:\/\/ecosupplements.be\/fr\/produit\/glutenease-extra-strength-60-caps\/\" \/>\n<meta property=\"og:locale\" content=\"fr_FR\" \/>\n<meta property=\"og:type\" content=\"article\" \/>\n<meta property=\"og:title\" content=\"GlutenEase Extra Strength - 60 caps\" \/>\n<meta property=\"og:description\" content=\"Wij hebben een ruime keuze aan producten van GlutenEase Extra Strength - 60 caps . Winkel bij Eco Supplements altijd gratis verzending boven 100\u20ac\" \/>\n<meta property=\"og:url\" content=\"https:\/\/ecosupplements.be\/fr\/produit\/glutenease-extra-strength-60-caps\/\" \/>\n<meta property=\"og:site_name\" content=\"ECO Supplements\" \/>\n<meta property=\"article:modified_time\" content=\"2025-08-27T12:25:51+00:00\" \/>\n<meta property=\"og:image\" content=\"https:\/\/ecosupplements.be\/wp-content\/uploads\/2025\/08\/GlutenEase-Extra-Strength-60-caps.jpg\" \/>\n\t<meta property=\"og:image:width\" content=\"600\" \/>\n\t<meta property=\"og:image:height\" content=\"600\" \/>\n\t<meta property=\"og:image:type\" content=\"image\/jpeg\" \/>\n<meta name=\"twitter:card\" content=\"summary_large_image\" \/>\n<meta name=\"twitter:label1\" content=\"Prix\" \/>\n\t<meta name=\"twitter:data1\" content=\"47.15&nbsp;&euro;\" \/>\n\t<meta name=\"twitter:label2\" content=\"Disponibilit\u00e9\" \/>\n\t<meta name=\"twitter:data2\" content=\"En stock\" \/>\n<script type=\"application\/ld+json\" class=\"yoast-schema-graph\">{\"@context\":\"https:\\\/\\\/schema.org\",\"@graph\":[{\"@type\":[\"WebPage\",\"ItemPage\"],\"@id\":\"https:\\\/\\\/ecosupplements.be\\\/fr\\\/produit\\\/glutenease-extra-strength-60-caps\\\/\",\"url\":\"https:\\\/\\\/ecosupplements.be\\\/fr\\\/produit\\\/glutenease-extra-strength-60-caps\\\/\",\"name\":\"GlutenEase Extra Strength - 60 caps - ECO Supplements\",\"isPartOf\":{\"@id\":\"https:\\\/\\\/ecosupplements.be\\\/fr\\\/#website\"},\"primaryImageOfPage\":{\"@id\":\"https:\\\/\\\/ecosupplements.be\\\/fr\\\/produit\\\/glutenease-extra-strength-60-caps\\\/#primaryimage\"},\"image\":{\"@id\":\"https:\\\/\\\/ecosupplements.be\\\/fr\\\/produit\\\/glutenease-extra-strength-60-caps\\\/#primaryimage\"},\"thumbnailUrl\":\"https:\\\/\\\/ecosupplements.be\\\/wp-content\\\/uploads\\\/2025\\\/08\\\/GlutenEase-Extra-Strength-60-caps.jpg\",\"datePublished\":\"2022-07-13T08:31:30+00:00\",\"dateModified\":\"2025-08-27T12:25:51+00:00\",\"description\":\"Wij hebben een ruime keuze aan producten van GlutenEase Extra Strength - 60 caps . Winkel bij Eco Supplements altijd gratis verzending boven 100\u20ac\",\"breadcrumb\":{\"@id\":\"https:\\\/\\\/ecosupplements.be\\\/fr\\\/produit\\\/glutenease-extra-strength-60-caps\\\/#breadcrumb\"},\"inLanguage\":\"fr-FR\",\"potentialAction\":[{\"@type\":\"ReadAction\",\"target\":[\"https:\\\/\\\/ecosupplements.be\\\/fr\\\/produit\\\/glutenease-extra-strength-60-caps\\\/\"]}]},{\"@type\":\"ImageObject\",\"inLanguage\":\"fr-FR\",\"@id\":\"https:\\\/\\\/ecosupplements.be\\\/fr\\\/produit\\\/glutenease-extra-strength-60-caps\\\/#primaryimage\",\"url\":\"https:\\\/\\\/ecosupplements.be\\\/wp-content\\\/uploads\\\/2025\\\/08\\\/GlutenEase-Extra-Strength-60-caps.jpg\",\"contentUrl\":\"https:\\\/\\\/ecosupplements.be\\\/wp-content\\\/uploads\\\/2025\\\/08\\\/GlutenEase-Extra-Strength-60-caps.jpg\",\"width\":600,\"height\":600},{\"@type\":\"BreadcrumbList\",\"@id\":\"https:\\\/\\\/ecosupplements.be\\\/fr\\\/produit\\\/glutenease-extra-strength-60-caps\\\/#breadcrumb\",\"itemListElement\":[{\"@type\":\"ListItem\",\"position\":1,\"name\":\"Home\",\"item\":\"https:\\\/\\\/ecosupplements.be\\\/fr\\\/\"},{\"@type\":\"ListItem\",\"position\":2,\"name\":\"Boutique\",\"item\":\"https:\\\/\\\/ecosupplements.be\\\/fr\\\/boutique\\\/\"},{\"@type\":\"ListItem\",\"position\":3,\"name\":\"GlutenEase Extra Strength &#8211; 60 caps\"}]},{\"@type\":\"WebSite\",\"@id\":\"https:\\\/\\\/ecosupplements.be\\\/fr\\\/#website\",\"url\":\"https:\\\/\\\/ecosupplements.be\\\/fr\\\/\",\"name\":\"ECO Supplements\",\"description\":\"Eco Supplements - Gezonde supplementen\",\"publisher\":{\"@id\":\"https:\\\/\\\/ecosupplements.be\\\/fr\\\/#organization\"},\"potentialAction\":[{\"@type\":\"SearchAction\",\"target\":{\"@type\":\"EntryPoint\",\"urlTemplate\":\"https:\\\/\\\/ecosupplements.be\\\/fr\\\/?s={search_term_string}\"},\"query-input\":{\"@type\":\"PropertyValueSpecification\",\"valueRequired\":true,\"valueName\":\"search_term_string\"}}],\"inLanguage\":\"fr-FR\"},{\"@type\":\"Organization\",\"@id\":\"https:\\\/\\\/ecosupplements.be\\\/fr\\\/#organization\",\"name\":\"Eco Supplements\",\"url\":\"https:\\\/\\\/ecosupplements.be\\\/fr\\\/\",\"logo\":{\"@type\":\"ImageObject\",\"inLanguage\":\"fr-FR\",\"@id\":\"https:\\\/\\\/ecosupplements.be\\\/fr\\\/#\\\/schema\\\/logo\\\/image\\\/\",\"url\":\"https:\\\/\\\/ecosupplements.be\\\/wp-content\\\/uploads\\\/2022\\\/06\\\/ecosupplement-family.png\",\"contentUrl\":\"https:\\\/\\\/ecosupplements.be\\\/wp-content\\\/uploads\\\/2022\\\/06\\\/ecosupplement-family.png\",\"width\":593,\"height\":374,\"caption\":\"Eco Supplements\"},\"image\":{\"@id\":\"https:\\\/\\\/ecosupplements.be\\\/fr\\\/#\\\/schema\\\/logo\\\/image\\\/\"}}]}<\/script>\n<meta property=\"product:brand\" content=\"Enzymedica\" \/>\n<meta property=\"product:price:amount\" content=\"47.15\" \/>\n<meta property=\"product:price:currency\" content=\"EUR\" \/>\n<meta property=\"og:availability\" content=\"instock\" \/>\n<meta property=\"product:availability\" content=\"instock\" \/>\n<meta property=\"product:retailer_item_id\" content=\"670480120118\" \/>\n<meta property=\"product:condition\" content=\"new\" \/>\n<!-- \/ Yoast SEO Premium plugin. -->","yoast_head_json":{"title":"GlutenEase Extra Strength - 60 caps - ECO Supplements","description":"Wij hebben een ruime keuze aan producten van GlutenEase Extra Strength - 60 caps . Winkel bij Eco Supplements altijd gratis verzending boven 100\u20ac","robots":{"index":"index","follow":"follow","max-snippet":"max-snippet:-1","max-image-preview":"max-image-preview:large","max-video-preview":"max-video-preview:-1"},"canonical":"https:\/\/ecosupplements.be\/fr\/produit\/glutenease-extra-strength-60-caps\/","og_locale":"fr_FR","og_type":"article","og_title":"GlutenEase Extra Strength - 60 caps","og_description":"Wij hebben een ruime keuze aan producten van GlutenEase Extra Strength - 60 caps . Winkel bij Eco Supplements altijd gratis verzending boven 100\u20ac","og_url":"https:\/\/ecosupplements.be\/fr\/produit\/glutenease-extra-strength-60-caps\/","og_site_name":"ECO Supplements","article_modified_time":"2025-08-27T12:25:51+00:00","og_image":[{"width":600,"height":600,"url":"https:\/\/ecosupplements.be\/wp-content\/uploads\/2025\/08\/GlutenEase-Extra-Strength-60-caps.jpg","type":"image\/jpeg"}],"twitter_card":"summary_large_image","twitter_misc":{"Prix":"47.15&nbsp;&euro;","Disponibilit\u00e9":"En stock"},"schema":{"@context":"https:\/\/schema.org","@graph":[{"@type":["WebPage","ItemPage"],"@id":"https:\/\/ecosupplements.be\/fr\/produit\/glutenease-extra-strength-60-caps\/","url":"https:\/\/ecosupplements.be\/fr\/produit\/glutenease-extra-strength-60-caps\/","name":"GlutenEase Extra Strength - 60 caps - ECO Supplements","isPartOf":{"@id":"https:\/\/ecosupplements.be\/fr\/#website"},"primaryImageOfPage":{"@id":"https:\/\/ecosupplements.be\/fr\/produit\/glutenease-extra-strength-60-caps\/#primaryimage"},"image":{"@id":"https:\/\/ecosupplements.be\/fr\/produit\/glutenease-extra-strength-60-caps\/#primaryimage"},"thumbnailUrl":"https:\/\/ecosupplements.be\/wp-content\/uploads\/2025\/08\/GlutenEase-Extra-Strength-60-caps.jpg","datePublished":"2022-07-13T08:31:30+00:00","dateModified":"2025-08-27T12:25:51+00:00","description":"Wij hebben een ruime keuze aan producten van GlutenEase Extra Strength - 60 caps . Winkel bij Eco Supplements altijd gratis verzending boven 100\u20ac","breadcrumb":{"@id":"https:\/\/ecosupplements.be\/fr\/produit\/glutenease-extra-strength-60-caps\/#breadcrumb"},"inLanguage":"fr-FR","potentialAction":[{"@type":"ReadAction","target":["https:\/\/ecosupplements.be\/fr\/produit\/glutenease-extra-strength-60-caps\/"]}]},{"@type":"ImageObject","inLanguage":"fr-FR","@id":"https:\/\/ecosupplements.be\/fr\/produit\/glutenease-extra-strength-60-caps\/#primaryimage","url":"https:\/\/ecosupplements.be\/wp-content\/uploads\/2025\/08\/GlutenEase-Extra-Strength-60-caps.jpg","contentUrl":"https:\/\/ecosupplements.be\/wp-content\/uploads\/2025\/08\/GlutenEase-Extra-Strength-60-caps.jpg","width":600,"height":600},{"@type":"BreadcrumbList","@id":"https:\/\/ecosupplements.be\/fr\/produit\/glutenease-extra-strength-60-caps\/#breadcrumb","itemListElement":[{"@type":"ListItem","position":1,"name":"Home","item":"https:\/\/ecosupplements.be\/fr\/"},{"@type":"ListItem","position":2,"name":"Boutique","item":"https:\/\/ecosupplements.be\/fr\/boutique\/"},{"@type":"ListItem","position":3,"name":"GlutenEase Extra Strength &#8211; 60 caps"}]},{"@type":"WebSite","@id":"https:\/\/ecosupplements.be\/fr\/#website","url":"https:\/\/ecosupplements.be\/fr\/","name":"ECO Supplements","description":"Eco Supplements - Gezonde supplementen","publisher":{"@id":"https:\/\/ecosupplements.be\/fr\/#organization"},"potentialAction":[{"@type":"SearchAction","target":{"@type":"EntryPoint","urlTemplate":"https:\/\/ecosupplements.be\/fr\/?s={search_term_string}"},"query-input":{"@type":"PropertyValueSpecification","valueRequired":true,"valueName":"search_term_string"}}],"inLanguage":"fr-FR"},{"@type":"Organization","@id":"https:\/\/ecosupplements.be\/fr\/#organization","name":"Eco Supplements","url":"https:\/\/ecosupplements.be\/fr\/","logo":{"@type":"ImageObject","inLanguage":"fr-FR","@id":"https:\/\/ecosupplements.be\/fr\/#\/schema\/logo\/image\/","url":"https:\/\/ecosupplements.be\/wp-content\/uploads\/2022\/06\/ecosupplement-family.png","contentUrl":"https:\/\/ecosupplements.be\/wp-content\/uploads\/2022\/06\/ecosupplement-family.png","width":593,"height":374,"caption":"Eco Supplements"},"image":{"@id":"https:\/\/ecosupplements.be\/fr\/#\/schema\/logo\/image\/"}}]},"product_brand":"Enzymedica","product_price_amount":"47.15","product_price_currency":"EUR","og_availability":"instock","product_availability":"instock","product_retailer_item_id":"670480120118","product_condition":"new"},"_links":{"self":[{"href":"https:\/\/ecosupplements.be\/fr\/wp-json\/wp\/v2\/product\/284080","targetHints":{"allow":["GET"]}}],"collection":[{"href":"https:\/\/ecosupplements.be\/fr\/wp-json\/wp\/v2\/product"}],"about":[{"href":"https:\/\/ecosupplements.be\/fr\/wp-json\/wp\/v2\/types\/product"}],"replies":[{"embeddable":true,"href":"https:\/\/ecosupplements.be\/fr\/wp-json\/wp\/v2\/comments?post=284080"}],"wp:featuredmedia":[{"embeddable":true,"href":"https:\/\/ecosupplements.be\/fr\/wp-json\/wp\/v2\/media\/259625"}],"wp:attachment":[{"href":"https:\/\/ecosupplements.be\/fr\/wp-json\/wp\/v2\/media?parent=284080"}],"wp:term":[{"taxonomy":"product_brand","embeddable":true,"href":"https:\/\/ecosupplements.be\/fr\/wp-json\/wp\/v2\/product_brand?post=284080"},{"taxonomy":"product_cat","embeddable":true,"href":"https:\/\/ecosupplements.be\/fr\/wp-json\/wp\/v2\/product_cat?post=284080"},{"taxonomy":"product_tag","embeddable":true,"href":"https:\/\/ecosupplements.be\/fr\/wp-json\/wp\/v2\/product_tag?post=284080"}],"curies":[{"name":"wp","href":"https:\/\/api.w.org\/{rel}","templated":true}]}}