{"id":284089,"date":"2022-07-13T09:31:53","date_gmt":"2022-07-13T08:31:53","guid":{"rendered":"https:\/\/ecosupplements.be\/product\/telomere-plus-30-caps\/"},"modified":"2025-08-27T13:26:13","modified_gmt":"2025-08-27T12:26:13","slug":"telomere-plus-30-caps","status":"publish","type":"product","link":"https:\/\/ecosupplements.be\/fr\/produit\/telomere-plus-30-caps\/","title":{"rendered":"Telomere Plus &#8211; 30 caps"},"content":{"rendered":"<h1 style=\"text-align: center;\">Enzymedica &#8211; Telomere Plus<\/h1>\n<p>Sant\u00e9 et bien-\u00eatre digestifs naturels<br \/>\n&nbsp;&nbsp;&nbsp; Augmente l&#8217;activit\u00e9 de la t\u00e9lom\u00e9rase<br \/>\n&nbsp;&nbsp;&nbsp; Prot\u00e8ge les t\u00e9lom\u00e8res<br \/>\n&nbsp;&nbsp;&nbsp; Sou Soutient la Vitalit\u00e9 Cellulaire<br \/>\n&nbsp;&nbsp;&nbsp; Certifi\u00e9 non-OGM par NSF<br \/>\n&nbsp;&nbsp;&nbsp; V\u00e9g\u00e9tarien<br \/>\n&nbsp;&nbsp;&nbsp; Suppl\u00e9ment alimentaire<\/p>\n<p>Le vieillissement cellulaire est le processus par lequel une cellule devient vieille et meurt en grande partie \u00e0 cause du raccourcissement de ses t\u00e9lom\u00e8res. Les t\u00e9lom\u00e8res sont les pointes protectrices situ\u00e9es \u00e0 l&#8217;extr\u00e9mit\u00e9 des chromosomes qui prot\u00e8gent notre ADN. Lorsque la cellule se divise, les extr\u00e9mit\u00e9s raccourcissent. Avec le temps, elles deviennent trop courtes pour soutenir la division cellulaire et la cellule meurt. D&#8217;autres influences sont l&#8217;\u00e2ge, le stress, les mauvais choix de mode de vie et l&#8217;exposition aux toxines environnementales. <\/p>\n<p>Pour favoriser un vieillissement sain, il est essentiel de maintenir la longueur des t\u00e9lom\u00e8res. <\/p>\n<p>La t\u00e9lom\u00e9rase est une enzyme naturelle qui allonge les t\u00e9lom\u00e8res et les prot\u00e8ge du raccourcissement. Il a \u00e9t\u00e9 d\u00e9montr\u00e9 que Telomere Plus\u2122 augmente l&#8217;activit\u00e9 de la t\u00e9lom\u00e9rase.<\/p>\n<p><img decoding=\"async\" src=\"https:\/\/ecosupplements.be\/wp-content\/uploads\/2025\/08\/gluten-free-1.png\" title=\"Sans gluten\" alt=\"Gluten free\"><img decoding=\"async\" src=\"https:\/\/ecosupplements.be\/wp-content\/uploads\/2025\/08\/non-gmo-1.png\" title=\"Non-OGM\" alt=\"Non-GMO\"><img decoding=\"async\" src=\"https:\/\/ecosupplements.be\/wp-content\/uploads\/2025\/08\/vegetarian-1.png\" title=\"V\u00e9g\u00e9tarien\" alt=\"Vegetarian\"><img decoding=\"async\" src=\"https:\/\/ecosupplements.be\/wp-content\/uploads\/2025\/08\/soy-free-1.png\" title=\"Sans soja\" alt=\"Soy-free\"><\/p>\n<p>Compl\u00e9ment alimentaire :<br \/>\nTaille de la portion : 1 capsule<br \/>\nPortions par conteneur : 30<\/p>\n<p>Quantit\u00e9 par portion :<br \/>\nVitamine D3 (en tant que chol\u00e9calcif\u00e9rol) 12,5mcg (500 IU) 63%<br \/>\nM\u00e9lange de t\u00e9lom\u00e9rine 495mg<br \/>\nAstragale (racine)<br \/>\nSGS Extrait de graines de brocoli<br \/>\nExtrait de rhodiola (Rhodiola rosea P.E.) (racine) <\/p>\n<p>Telomere Plus Autres ingr\u00e9dients :<br \/>\n100% Capsule v\u00e9g\u00e9tale (cellulose, eau), son de riz.<\/p>\n<p>Telomere Plus Utilisation recommand\u00e9e :<br \/>\n1 capsule par jour avec ou sans nourriture.<\/p>\n<p>Avertissements :<br \/>\nConsultez un m\u00e9decin avant de l&#8217;utiliser si vous \u00eates enceinte ou si vous allaitez.<br \/>\nNe pas utiliser si le joint de s\u00e9curit\u00e9 est cass\u00e9 ou manquant.<br \/>\nConserver ferm\u00e9 dans un endroit sec ; \u00e9viter la chaleur excessive.<br \/>\nVeuillez garder hors de port\u00e9e des enfants.<\/p>\n","protected":false},"excerpt":{"rendered":"<p>Enzymedica &#8211; Telomere Plus Sant\u00e9 et bien-\u00eatre digestifs naturels &nbsp;&nbsp;&nbsp; Augmente l&#8217;activit\u00e9 de la t\u00e9lom\u00e9rase &nbsp;&nbsp;&nbsp; Prot\u00e8ge les t\u00e9lom\u00e8res &nbsp;&nbsp;&nbsp; Sou Soutient la Vitalit\u00e9 Cellulaire &nbsp;&nbsp;&nbsp; Certifi\u00e9 non-OGM par NSF &nbsp;&nbsp;&nbsp; V\u00e9g\u00e9tarien &nbsp;&nbsp;&nbsp; Suppl\u00e9ment alimentaire Le vieillissement cellulaire est le processus par lequel une cellule devient vieille et meurt en grande partie \u00e0 cause du [&#8230;]\n","protected":false},"featured_media":259643,"comment_status":"open","ping_status":"open","template":"","meta":[],"product_brand":[4678],"product_cat":[5070,5052],"product_tag":[5071],"class_list":{"0":"post-284089","1":"product","2":"type-product","3":"status-publish","4":"has-post-thumbnail","6":"product_brand-enzymedica-2","7":"product_cat-non-classe","8":"product_cat-sante-et-bien-etre","9":"product_tag-ecoplus-2","11":"first","12":"instock","13":"taxable","14":"shipping-taxable","15":"purchasable","16":"product-type-simple"},"yoast_head":"<!-- This site is optimized with the Yoast SEO Premium plugin v27.3 (Yoast SEO v27.3) - https:\/\/yoast.com\/product\/yoast-seo-premium-wordpress\/ -->\n<title>Telomere Plus - 30 caps - ECO Supplements<\/title>\n<meta name=\"description\" content=\"Wij hebben een ruime keuze aan producten van Telomere Plus - 30 caps . Winkel bij Eco Supplements altijd gratis verzending boven 100\u20ac\" \/>\n<meta name=\"robots\" content=\"index, follow, max-snippet:-1, max-image-preview:large, max-video-preview:-1\" \/>\n<link rel=\"canonical\" href=\"https:\/\/ecosupplements.be\/fr\/produit\/telomere-plus-30-caps\/\" \/>\n<meta property=\"og:locale\" content=\"fr_FR\" \/>\n<meta property=\"og:type\" content=\"article\" \/>\n<meta property=\"og:title\" content=\"Telomere Plus - 30 caps\" \/>\n<meta property=\"og:description\" content=\"Wij hebben een ruime keuze aan producten van Telomere Plus - 30 caps . Winkel bij Eco Supplements altijd gratis verzending boven 100\u20ac\" \/>\n<meta property=\"og:url\" content=\"https:\/\/ecosupplements.be\/fr\/produit\/telomere-plus-30-caps\/\" \/>\n<meta property=\"og:site_name\" content=\"ECO Supplements\" \/>\n<meta property=\"article:modified_time\" content=\"2025-08-27T12:26:13+00:00\" \/>\n<meta property=\"og:image\" content=\"https:\/\/ecosupplements.be\/wp-content\/uploads\/2025\/08\/Telomere-Plus-30-caps.jpg\" \/>\n\t<meta property=\"og:image:width\" content=\"600\" \/>\n\t<meta property=\"og:image:height\" content=\"600\" \/>\n\t<meta property=\"og:image:type\" content=\"image\/jpeg\" \/>\n<meta name=\"twitter:card\" content=\"summary_large_image\" \/>\n<meta name=\"twitter:label1\" content=\"Prix\" \/>\n\t<meta name=\"twitter:data1\" content=\"48.68&nbsp;&euro;\" \/>\n\t<meta name=\"twitter:label2\" content=\"Disponibilit\u00e9\" \/>\n\t<meta name=\"twitter:data2\" content=\"En stock\" \/>\n<script type=\"application\/ld+json\" class=\"yoast-schema-graph\">{\"@context\":\"https:\\\/\\\/schema.org\",\"@graph\":[{\"@type\":[\"WebPage\",\"ItemPage\"],\"@id\":\"https:\\\/\\\/ecosupplements.be\\\/fr\\\/produit\\\/telomere-plus-30-caps\\\/\",\"url\":\"https:\\\/\\\/ecosupplements.be\\\/fr\\\/produit\\\/telomere-plus-30-caps\\\/\",\"name\":\"Telomere Plus - 30 caps - ECO Supplements\",\"isPartOf\":{\"@id\":\"https:\\\/\\\/ecosupplements.be\\\/fr\\\/#website\"},\"primaryImageOfPage\":{\"@id\":\"https:\\\/\\\/ecosupplements.be\\\/fr\\\/produit\\\/telomere-plus-30-caps\\\/#primaryimage\"},\"image\":{\"@id\":\"https:\\\/\\\/ecosupplements.be\\\/fr\\\/produit\\\/telomere-plus-30-caps\\\/#primaryimage\"},\"thumbnailUrl\":\"https:\\\/\\\/ecosupplements.be\\\/wp-content\\\/uploads\\\/2025\\\/08\\\/Telomere-Plus-30-caps.jpg\",\"datePublished\":\"2022-07-13T08:31:53+00:00\",\"dateModified\":\"2025-08-27T12:26:13+00:00\",\"description\":\"Wij hebben een ruime keuze aan producten van Telomere Plus - 30 caps . Winkel bij Eco Supplements altijd gratis verzending boven 100\u20ac\",\"breadcrumb\":{\"@id\":\"https:\\\/\\\/ecosupplements.be\\\/fr\\\/produit\\\/telomere-plus-30-caps\\\/#breadcrumb\"},\"inLanguage\":\"fr-FR\",\"potentialAction\":[{\"@type\":\"ReadAction\",\"target\":[\"https:\\\/\\\/ecosupplements.be\\\/fr\\\/produit\\\/telomere-plus-30-caps\\\/\"]}]},{\"@type\":\"ImageObject\",\"inLanguage\":\"fr-FR\",\"@id\":\"https:\\\/\\\/ecosupplements.be\\\/fr\\\/produit\\\/telomere-plus-30-caps\\\/#primaryimage\",\"url\":\"https:\\\/\\\/ecosupplements.be\\\/wp-content\\\/uploads\\\/2025\\\/08\\\/Telomere-Plus-30-caps.jpg\",\"contentUrl\":\"https:\\\/\\\/ecosupplements.be\\\/wp-content\\\/uploads\\\/2025\\\/08\\\/Telomere-Plus-30-caps.jpg\",\"width\":600,\"height\":600},{\"@type\":\"BreadcrumbList\",\"@id\":\"https:\\\/\\\/ecosupplements.be\\\/fr\\\/produit\\\/telomere-plus-30-caps\\\/#breadcrumb\",\"itemListElement\":[{\"@type\":\"ListItem\",\"position\":1,\"name\":\"Home\",\"item\":\"https:\\\/\\\/ecosupplements.be\\\/fr\\\/\"},{\"@type\":\"ListItem\",\"position\":2,\"name\":\"Boutique\",\"item\":\"https:\\\/\\\/ecosupplements.be\\\/fr\\\/boutique\\\/\"},{\"@type\":\"ListItem\",\"position\":3,\"name\":\"Telomere Plus &#8211; 30 caps\"}]},{\"@type\":\"WebSite\",\"@id\":\"https:\\\/\\\/ecosupplements.be\\\/fr\\\/#website\",\"url\":\"https:\\\/\\\/ecosupplements.be\\\/fr\\\/\",\"name\":\"ECO Supplements\",\"description\":\"Eco Supplements - Gezonde supplementen\",\"publisher\":{\"@id\":\"https:\\\/\\\/ecosupplements.be\\\/fr\\\/#organization\"},\"potentialAction\":[{\"@type\":\"SearchAction\",\"target\":{\"@type\":\"EntryPoint\",\"urlTemplate\":\"https:\\\/\\\/ecosupplements.be\\\/fr\\\/?s={search_term_string}\"},\"query-input\":{\"@type\":\"PropertyValueSpecification\",\"valueRequired\":true,\"valueName\":\"search_term_string\"}}],\"inLanguage\":\"fr-FR\"},{\"@type\":\"Organization\",\"@id\":\"https:\\\/\\\/ecosupplements.be\\\/fr\\\/#organization\",\"name\":\"Eco Supplements\",\"url\":\"https:\\\/\\\/ecosupplements.be\\\/fr\\\/\",\"logo\":{\"@type\":\"ImageObject\",\"inLanguage\":\"fr-FR\",\"@id\":\"https:\\\/\\\/ecosupplements.be\\\/fr\\\/#\\\/schema\\\/logo\\\/image\\\/\",\"url\":\"https:\\\/\\\/ecosupplements.be\\\/wp-content\\\/uploads\\\/2022\\\/06\\\/ecosupplement-family.png\",\"contentUrl\":\"https:\\\/\\\/ecosupplements.be\\\/wp-content\\\/uploads\\\/2022\\\/06\\\/ecosupplement-family.png\",\"width\":593,\"height\":374,\"caption\":\"Eco Supplements\"},\"image\":{\"@id\":\"https:\\\/\\\/ecosupplements.be\\\/fr\\\/#\\\/schema\\\/logo\\\/image\\\/\"}}]}<\/script>\n<meta property=\"product:brand\" content=\"Enzymedica\" \/>\n<meta property=\"product:price:amount\" content=\"48.68\" \/>\n<meta property=\"product:price:currency\" content=\"EUR\" \/>\n<meta property=\"og:availability\" content=\"instock\" \/>\n<meta property=\"product:availability\" content=\"instock\" \/>\n<meta property=\"product:retailer_item_id\" content=\"670480150108\" \/>\n<meta property=\"product:condition\" content=\"new\" \/>\n<!-- \/ Yoast SEO Premium plugin. -->","yoast_head_json":{"title":"Telomere Plus - 30 caps - ECO Supplements","description":"Wij hebben een ruime keuze aan producten van Telomere Plus - 30 caps . Winkel bij Eco Supplements altijd gratis verzending boven 100\u20ac","robots":{"index":"index","follow":"follow","max-snippet":"max-snippet:-1","max-image-preview":"max-image-preview:large","max-video-preview":"max-video-preview:-1"},"canonical":"https:\/\/ecosupplements.be\/fr\/produit\/telomere-plus-30-caps\/","og_locale":"fr_FR","og_type":"article","og_title":"Telomere Plus - 30 caps","og_description":"Wij hebben een ruime keuze aan producten van Telomere Plus - 30 caps . Winkel bij Eco Supplements altijd gratis verzending boven 100\u20ac","og_url":"https:\/\/ecosupplements.be\/fr\/produit\/telomere-plus-30-caps\/","og_site_name":"ECO Supplements","article_modified_time":"2025-08-27T12:26:13+00:00","og_image":[{"width":600,"height":600,"url":"https:\/\/ecosupplements.be\/wp-content\/uploads\/2025\/08\/Telomere-Plus-30-caps.jpg","type":"image\/jpeg"}],"twitter_card":"summary_large_image","twitter_misc":{"Prix":"48.68&nbsp;&euro;","Disponibilit\u00e9":"En stock"},"schema":{"@context":"https:\/\/schema.org","@graph":[{"@type":["WebPage","ItemPage"],"@id":"https:\/\/ecosupplements.be\/fr\/produit\/telomere-plus-30-caps\/","url":"https:\/\/ecosupplements.be\/fr\/produit\/telomere-plus-30-caps\/","name":"Telomere Plus - 30 caps - ECO Supplements","isPartOf":{"@id":"https:\/\/ecosupplements.be\/fr\/#website"},"primaryImageOfPage":{"@id":"https:\/\/ecosupplements.be\/fr\/produit\/telomere-plus-30-caps\/#primaryimage"},"image":{"@id":"https:\/\/ecosupplements.be\/fr\/produit\/telomere-plus-30-caps\/#primaryimage"},"thumbnailUrl":"https:\/\/ecosupplements.be\/wp-content\/uploads\/2025\/08\/Telomere-Plus-30-caps.jpg","datePublished":"2022-07-13T08:31:53+00:00","dateModified":"2025-08-27T12:26:13+00:00","description":"Wij hebben een ruime keuze aan producten van Telomere Plus - 30 caps . Winkel bij Eco Supplements altijd gratis verzending boven 100\u20ac","breadcrumb":{"@id":"https:\/\/ecosupplements.be\/fr\/produit\/telomere-plus-30-caps\/#breadcrumb"},"inLanguage":"fr-FR","potentialAction":[{"@type":"ReadAction","target":["https:\/\/ecosupplements.be\/fr\/produit\/telomere-plus-30-caps\/"]}]},{"@type":"ImageObject","inLanguage":"fr-FR","@id":"https:\/\/ecosupplements.be\/fr\/produit\/telomere-plus-30-caps\/#primaryimage","url":"https:\/\/ecosupplements.be\/wp-content\/uploads\/2025\/08\/Telomere-Plus-30-caps.jpg","contentUrl":"https:\/\/ecosupplements.be\/wp-content\/uploads\/2025\/08\/Telomere-Plus-30-caps.jpg","width":600,"height":600},{"@type":"BreadcrumbList","@id":"https:\/\/ecosupplements.be\/fr\/produit\/telomere-plus-30-caps\/#breadcrumb","itemListElement":[{"@type":"ListItem","position":1,"name":"Home","item":"https:\/\/ecosupplements.be\/fr\/"},{"@type":"ListItem","position":2,"name":"Boutique","item":"https:\/\/ecosupplements.be\/fr\/boutique\/"},{"@type":"ListItem","position":3,"name":"Telomere Plus &#8211; 30 caps"}]},{"@type":"WebSite","@id":"https:\/\/ecosupplements.be\/fr\/#website","url":"https:\/\/ecosupplements.be\/fr\/","name":"ECO Supplements","description":"Eco Supplements - Gezonde supplementen","publisher":{"@id":"https:\/\/ecosupplements.be\/fr\/#organization"},"potentialAction":[{"@type":"SearchAction","target":{"@type":"EntryPoint","urlTemplate":"https:\/\/ecosupplements.be\/fr\/?s={search_term_string}"},"query-input":{"@type":"PropertyValueSpecification","valueRequired":true,"valueName":"search_term_string"}}],"inLanguage":"fr-FR"},{"@type":"Organization","@id":"https:\/\/ecosupplements.be\/fr\/#organization","name":"Eco Supplements","url":"https:\/\/ecosupplements.be\/fr\/","logo":{"@type":"ImageObject","inLanguage":"fr-FR","@id":"https:\/\/ecosupplements.be\/fr\/#\/schema\/logo\/image\/","url":"https:\/\/ecosupplements.be\/wp-content\/uploads\/2022\/06\/ecosupplement-family.png","contentUrl":"https:\/\/ecosupplements.be\/wp-content\/uploads\/2022\/06\/ecosupplement-family.png","width":593,"height":374,"caption":"Eco Supplements"},"image":{"@id":"https:\/\/ecosupplements.be\/fr\/#\/schema\/logo\/image\/"}}]},"product_brand":"Enzymedica","product_price_amount":"48.68","product_price_currency":"EUR","og_availability":"instock","product_availability":"instock","product_retailer_item_id":"670480150108","product_condition":"new"},"_links":{"self":[{"href":"https:\/\/ecosupplements.be\/fr\/wp-json\/wp\/v2\/product\/284089","targetHints":{"allow":["GET"]}}],"collection":[{"href":"https:\/\/ecosupplements.be\/fr\/wp-json\/wp\/v2\/product"}],"about":[{"href":"https:\/\/ecosupplements.be\/fr\/wp-json\/wp\/v2\/types\/product"}],"replies":[{"embeddable":true,"href":"https:\/\/ecosupplements.be\/fr\/wp-json\/wp\/v2\/comments?post=284089"}],"wp:featuredmedia":[{"embeddable":true,"href":"https:\/\/ecosupplements.be\/fr\/wp-json\/wp\/v2\/media\/259643"}],"wp:attachment":[{"href":"https:\/\/ecosupplements.be\/fr\/wp-json\/wp\/v2\/media?parent=284089"}],"wp:term":[{"taxonomy":"product_brand","embeddable":true,"href":"https:\/\/ecosupplements.be\/fr\/wp-json\/wp\/v2\/product_brand?post=284089"},{"taxonomy":"product_cat","embeddable":true,"href":"https:\/\/ecosupplements.be\/fr\/wp-json\/wp\/v2\/product_cat?post=284089"},{"taxonomy":"product_tag","embeddable":true,"href":"https:\/\/ecosupplements.be\/fr\/wp-json\/wp\/v2\/product_tag?post=284089"}],"curies":[{"name":"wp","href":"https:\/\/api.w.org\/{rel}","templated":true}]}}