{"id":284188,"date":"2022-08-25T13:10:18","date_gmt":"2022-08-25T12:10:18","guid":{"rendered":"https:\/\/ecosupplements.be\/product\/dr-formulated-organic-digest-tropical-fruit-90-chewables\/"},"modified":"2025-08-27T13:28:20","modified_gmt":"2025-08-27T12:28:20","slug":"dr-formulated-organic-digest-tropical-fruit-90-chewables","status":"publish","type":"product","link":"https:\/\/ecosupplements.be\/fr\/produit\/dr-formulated-organic-digest-tropical-fruit-90-chewables\/","title":{"rendered":"Dr. Formulated Organic Digest+, Tropical Fruit &#8211; 90 chewables"},"content":{"rendered":"<h1 style=\"text-align: center;\">Garden of Life &#8211; Digest+ organique Dr. Formulated<\/h1>\n<h3 style=\"text-align: center;\">Chewables v\u00e9g\u00e9taliens<\/h3>\n<p>Enzymes Organic Digest+ est la premi\u00e8re et la seule enzyme v\u00e9g\u00e9talienne d\u00e9licieuse \u00e0 m\u00e2cher, certifi\u00e9e biologique par l&#8217;USDA et sans OGM. Fabriqu\u00e9 \u00e0 partir d&#8217;aliments entiers biologiques, et v\u00e9rifi\u00e9 par le projet non-OGM, il contient 29 fruits et l\u00e9gumes en poudre, associ\u00e9s \u00e0 un m\u00e9lange s\u00e9lectionn\u00e9 de puissantes enzymes digestives.<\/p>\n<p>Avantages cl\u00e9s :<\/p>\n<p>&nbsp;&nbsp;&nbsp; 29 fruits et l\u00e9gumes biologiques<br \/>\n&nbsp;&nbsp;&nbsp; 13 enzymes digestives (120 000 unit\u00e9s de papa\u00efne)<br \/>\n&nbsp;&nbsp;&nbsp; D\u00e9licieuses tablettes \u00e0 m\u00e2cher au go\u00fbt de fruits tropicaux<\/p>\n<p>D\u00e9tails di\u00e9t\u00e9tiques :<\/p>\n<p>&nbsp;&nbsp;&nbsp; Sans produits laitiers<br \/>\n&nbsp;&nbsp;&nbsp; Sans soja<br \/>\n&nbsp;&nbsp;&nbsp; Sans gluten<br \/>\n&nbsp;&nbsp;&nbsp; Vegan<br \/>\n&nbsp;&nbsp;&nbsp; V\u00e9g\u00e9tarien<\/p>\n<p><img decoding=\"async\" src=\"https:\/\/ecosupplements.be\/wp-content\/uploads\/2025\/08\/gluten-free-1.png\" title=\"Sans gluten\" alt=\"Gluten free\"><img decoding=\"async\" src=\"https:\/\/ecosupplements.be\/wp-content\/uploads\/2025\/08\/non-gmo-1.png\" title=\"Non-OGM\" alt=\"Non-GMO\"><img decoding=\"async\" src=\"https:\/\/ecosupplements.be\/wp-content\/uploads\/2025\/08\/vegan-1.png\" title=\"Vegan\" alt=\"Vegan\"><\/p>\n<p>Faits compl\u00e9mentaires :<br \/>\nPortion : 1 comprim\u00e9 \u00e0 croquer<br \/>\nPortion par conteneur : 90<\/p>\n<p>Quantit\u00e9 par portion :<br \/>\nCalories 5&nbsp;&nbsp; &nbsp;<br \/>\nTotal des graisses 0g 0%<br \/>\nSodium 0mg 0%<br \/>\nTotal des glucides 1g 0%<br \/>\nSucres totaux inf\u00e9rieurs \u00e0 1g&nbsp;<br \/>\nComprend 0g de sucres ajout\u00e9s 0%<br \/>\nM\u00e9lange d&#8217;enzymes d&#8217;aliments entiers 260mg<br \/>\nCarotte biologique (racine), Pomme biologique (fruit), Brocoli biologique (tige et fleur), A\u00e7a\u00ef biologique (fruit), Persil biologique (feuille), Patate douce biologique (tubercule), Ananas biologique (fruit), Banane biologique (fruit), Airelle biologique (fruit), Mangue biologique (fruit), Betterave biologique (racine), \u00c9pinard biologique (feuille), Tomate biologique (fruit), Fraise biologique (fruit), Cerise acide biologique (fruit), M\u00fbre biologique (fruit), Poivron vert biologique (fruit), Chou de Bruxelles biologique (feuille), Myrtille biologique (fruit), Gingembre biologique (racine), Ail biologique (bulbe), Oignon vert biologique (bulbe), Framboise biologique (fruit), Chou-fleur biologique (fleur et tige), Chou rouge biologique (feuille), Chou fris\u00e9 biologique (feuille), Concombre biologique (gourde), C\u00e9leri biologique (tige), Asperge biologique (fleur et tige), Papa\u00efne (120,000 PU), Lipase (250 FIP), Prot\u00e9ase (1 800 HUT), Aspergillopepsine (11 SAPU), beta-Glucanase (2 GBU), Cellulase (180 CU), Brom\u00e9line (1 200 PU), Phytase (5 FTU), Lactase (150 ALU), Peptidase (210 HUT), Pectinase (5 endo-PGU), Xylanase (40 XU), Hemicellulase (190 HCU).<br \/>\nFibre d&#8217;acacia biologique (A. senegal) 125mg<\/p>\n<p>Dr. Formulated ENZYMES Organic Digest+ Autres ingr\u00e9dients :<br \/>\nM\u00e9lange de technologies propres pour comprim\u00e9s (dextrose de tapioca biologique, gomme arabique biologique, maltodextrine de tapioca biologique, l\u00e9cithine de tournesol biologique, huile de palme biologique, gomme de guar biologique), ar\u00f4me d&#8217;ananas biologique, ar\u00f4me de banane biologique.<\/p>\n<p>Dr. Formulated ENZYMES Organic Digest+ Utilisation recommand\u00e9e :<br \/>\nLes adultes m\u00e2chent 1 comprim\u00e9 apr\u00e8s chaque repas ou collation. Non destin\u00e9 aux enfants.<\/p>\n<p>Avertissement :<br \/>\nComme pour tout compl\u00e9ment alimentaire, consultez votre professionnel de la sant\u00e9 avant d&#8217;utiliser ce produit, surtout si vous \u00eates enceinte, si vous allaitez, si vous pr\u00e9voyez une intervention chirurgicale, si vous prenez des m\u00e9dicaments r\u00e9guli\u00e8rement ou si vous \u00eates autrement sous surveillance m\u00e9dicale. Tenir hors de port\u00e9e des enfants. Ne pas utiliser si le paquet est d\u00e9chir\u00e9 ou perc\u00e9. Ne contient aucun support, agent de remplissage, couleur artificielle, ar\u00f4me, \u00e9dulcorant ou agent de conservation.<\/p>\n","protected":false},"excerpt":{"rendered":"<p>Garden of Life &#8211; Digest+ organique Dr. Formulated Chewables v\u00e9g\u00e9taliens Enzymes Organic Digest+ est la premi\u00e8re et la seule enzyme v\u00e9g\u00e9talienne d\u00e9licieuse \u00e0 m\u00e2cher, certifi\u00e9e biologique par l&#8217;USDA et sans OGM. Fabriqu\u00e9 \u00e0 partir d&#8217;aliments entiers biologiques, et v\u00e9rifi\u00e9 par le projet non-OGM, il contient 29 fruits et l\u00e9gumes en poudre, associ\u00e9s \u00e0 un m\u00e9lange [&#8230;]\n","protected":false},"featured_media":260308,"comment_status":"open","ping_status":"open","template":"","meta":[],"product_brand":[4810],"product_cat":[5070,5054,5055,5052],"product_tag":[],"class_list":{"0":"post-284188","1":"product","2":"type-product","3":"status-publish","4":"has-post-thumbnail","6":"product_brand-garden-of-life-2","7":"product_cat-non-classe","8":"product_cat-nourriture-saine","9":"product_cat-produits-vegetaliens","10":"product_cat-sante-et-bien-etre","12":"first","13":"instock","14":"taxable","15":"shipping-taxable","16":"purchasable","17":"product-type-simple"},"yoast_head":"<!-- This site is optimized with the Yoast SEO Premium plugin v27.3 (Yoast SEO v27.3) - https:\/\/yoast.com\/product\/yoast-seo-premium-wordpress\/ -->\n<title>Dr. Formulated Organic Digest+, Tropical Fruit - 90 chewables - ECO Supplements<\/title>\n<meta name=\"description\" content=\"Wij hebben een ruime keuze aan producten van Dr. Formulated Organic Digest+, Tropical Fruit - 90 chewables . Winkel bij Eco Supplements altijd gratis verzending boven 100\u20ac\" \/>\n<meta name=\"robots\" content=\"index, follow, max-snippet:-1, max-image-preview:large, max-video-preview:-1\" \/>\n<link rel=\"canonical\" href=\"https:\/\/ecosupplements.be\/fr\/produit\/dr-formulated-organic-digest-tropical-fruit-90-chewables\/\" \/>\n<meta property=\"og:locale\" content=\"fr_FR\" \/>\n<meta property=\"og:type\" content=\"article\" \/>\n<meta property=\"og:title\" content=\"Dr. Formulated Organic Digest+, Tropical Fruit - 90 chewables\" \/>\n<meta property=\"og:description\" content=\"Wij hebben een ruime keuze aan producten van Dr. Formulated Organic Digest+, Tropical Fruit - 90 chewables . Winkel bij Eco Supplements altijd gratis verzending boven 100\u20ac\" \/>\n<meta property=\"og:url\" content=\"https:\/\/ecosupplements.be\/fr\/produit\/dr-formulated-organic-digest-tropical-fruit-90-chewables\/\" \/>\n<meta property=\"og:site_name\" content=\"ECO Supplements\" \/>\n<meta property=\"article:modified_time\" content=\"2025-08-27T12:28:20+00:00\" \/>\n<meta property=\"og:image\" content=\"https:\/\/ecosupplements.be\/wp-content\/uploads\/2025\/08\/Dr.-Formulated-Organic-Digest-Tropical-Fruit-90-chewables.jpg\" \/>\n\t<meta property=\"og:image:width\" content=\"270\" \/>\n\t<meta property=\"og:image:height\" content=\"500\" \/>\n\t<meta property=\"og:image:type\" content=\"image\/jpeg\" \/>\n<meta name=\"twitter:card\" content=\"summary_large_image\" \/>\n<meta name=\"twitter:label1\" content=\"Prix\" \/>\n\t<meta name=\"twitter:data1\" content=\"45.69&nbsp;&euro;\" \/>\n\t<meta name=\"twitter:label2\" content=\"Disponibilit\u00e9\" \/>\n\t<meta name=\"twitter:data2\" content=\"En stock\" \/>\n<script type=\"application\/ld+json\" class=\"yoast-schema-graph\">{\"@context\":\"https:\\\/\\\/schema.org\",\"@graph\":[{\"@type\":[\"WebPage\",\"ItemPage\"],\"@id\":\"https:\\\/\\\/ecosupplements.be\\\/fr\\\/produit\\\/dr-formulated-organic-digest-tropical-fruit-90-chewables\\\/\",\"url\":\"https:\\\/\\\/ecosupplements.be\\\/fr\\\/produit\\\/dr-formulated-organic-digest-tropical-fruit-90-chewables\\\/\",\"name\":\"Dr. Formulated Organic Digest+, Tropical Fruit - 90 chewables - ECO Supplements\",\"isPartOf\":{\"@id\":\"https:\\\/\\\/ecosupplements.be\\\/fr\\\/#website\"},\"primaryImageOfPage\":{\"@id\":\"https:\\\/\\\/ecosupplements.be\\\/fr\\\/produit\\\/dr-formulated-organic-digest-tropical-fruit-90-chewables\\\/#primaryimage\"},\"image\":{\"@id\":\"https:\\\/\\\/ecosupplements.be\\\/fr\\\/produit\\\/dr-formulated-organic-digest-tropical-fruit-90-chewables\\\/#primaryimage\"},\"thumbnailUrl\":\"https:\\\/\\\/ecosupplements.be\\\/wp-content\\\/uploads\\\/2025\\\/08\\\/Dr.-Formulated-Organic-Digest-Tropical-Fruit-90-chewables.jpg\",\"datePublished\":\"2022-08-25T12:10:18+00:00\",\"dateModified\":\"2025-08-27T12:28:20+00:00\",\"description\":\"Wij hebben een ruime keuze aan producten van Dr. Formulated Organic Digest+, Tropical Fruit - 90 chewables . Winkel bij Eco Supplements altijd gratis verzending boven 100\u20ac\",\"breadcrumb\":{\"@id\":\"https:\\\/\\\/ecosupplements.be\\\/fr\\\/produit\\\/dr-formulated-organic-digest-tropical-fruit-90-chewables\\\/#breadcrumb\"},\"inLanguage\":\"fr-FR\",\"potentialAction\":[{\"@type\":\"ReadAction\",\"target\":[\"https:\\\/\\\/ecosupplements.be\\\/fr\\\/produit\\\/dr-formulated-organic-digest-tropical-fruit-90-chewables\\\/\"]}]},{\"@type\":\"ImageObject\",\"inLanguage\":\"fr-FR\",\"@id\":\"https:\\\/\\\/ecosupplements.be\\\/fr\\\/produit\\\/dr-formulated-organic-digest-tropical-fruit-90-chewables\\\/#primaryimage\",\"url\":\"https:\\\/\\\/ecosupplements.be\\\/wp-content\\\/uploads\\\/2025\\\/08\\\/Dr.-Formulated-Organic-Digest-Tropical-Fruit-90-chewables.jpg\",\"contentUrl\":\"https:\\\/\\\/ecosupplements.be\\\/wp-content\\\/uploads\\\/2025\\\/08\\\/Dr.-Formulated-Organic-Digest-Tropical-Fruit-90-chewables.jpg\",\"width\":270,\"height\":500},{\"@type\":\"BreadcrumbList\",\"@id\":\"https:\\\/\\\/ecosupplements.be\\\/fr\\\/produit\\\/dr-formulated-organic-digest-tropical-fruit-90-chewables\\\/#breadcrumb\",\"itemListElement\":[{\"@type\":\"ListItem\",\"position\":1,\"name\":\"Home\",\"item\":\"https:\\\/\\\/ecosupplements.be\\\/fr\\\/\"},{\"@type\":\"ListItem\",\"position\":2,\"name\":\"Boutique\",\"item\":\"https:\\\/\\\/ecosupplements.be\\\/fr\\\/boutique\\\/\"},{\"@type\":\"ListItem\",\"position\":3,\"name\":\"Dr. Formulated Organic Digest+, Tropical Fruit &#8211; 90 chewables\"}]},{\"@type\":\"WebSite\",\"@id\":\"https:\\\/\\\/ecosupplements.be\\\/fr\\\/#website\",\"url\":\"https:\\\/\\\/ecosupplements.be\\\/fr\\\/\",\"name\":\"ECO Supplements\",\"description\":\"Eco Supplements - Gezonde supplementen\",\"publisher\":{\"@id\":\"https:\\\/\\\/ecosupplements.be\\\/fr\\\/#organization\"},\"potentialAction\":[{\"@type\":\"SearchAction\",\"target\":{\"@type\":\"EntryPoint\",\"urlTemplate\":\"https:\\\/\\\/ecosupplements.be\\\/fr\\\/?s={search_term_string}\"},\"query-input\":{\"@type\":\"PropertyValueSpecification\",\"valueRequired\":true,\"valueName\":\"search_term_string\"}}],\"inLanguage\":\"fr-FR\"},{\"@type\":\"Organization\",\"@id\":\"https:\\\/\\\/ecosupplements.be\\\/fr\\\/#organization\",\"name\":\"Eco Supplements\",\"url\":\"https:\\\/\\\/ecosupplements.be\\\/fr\\\/\",\"logo\":{\"@type\":\"ImageObject\",\"inLanguage\":\"fr-FR\",\"@id\":\"https:\\\/\\\/ecosupplements.be\\\/fr\\\/#\\\/schema\\\/logo\\\/image\\\/\",\"url\":\"https:\\\/\\\/ecosupplements.be\\\/wp-content\\\/uploads\\\/2022\\\/06\\\/ecosupplement-family.png\",\"contentUrl\":\"https:\\\/\\\/ecosupplements.be\\\/wp-content\\\/uploads\\\/2022\\\/06\\\/ecosupplement-family.png\",\"width\":593,\"height\":374,\"caption\":\"Eco Supplements\"},\"image\":{\"@id\":\"https:\\\/\\\/ecosupplements.be\\\/fr\\\/#\\\/schema\\\/logo\\\/image\\\/\"}}]}<\/script>\n<meta property=\"product:brand\" content=\"Garden of Life\" \/>\n<meta property=\"product:price:amount\" content=\"45.69\" \/>\n<meta property=\"product:price:currency\" content=\"EUR\" \/>\n<meta property=\"og:availability\" content=\"instock\" \/>\n<meta property=\"product:availability\" content=\"instock\" \/>\n<meta property=\"product:retailer_item_id\" content=\"658010118439\" \/>\n<meta property=\"product:condition\" content=\"new\" \/>\n<!-- \/ Yoast SEO Premium plugin. -->","yoast_head_json":{"title":"Dr. Formulated Organic Digest+, Tropical Fruit - 90 chewables - ECO Supplements","description":"Wij hebben een ruime keuze aan producten van Dr. Formulated Organic Digest+, Tropical Fruit - 90 chewables . Winkel bij Eco Supplements altijd gratis verzending boven 100\u20ac","robots":{"index":"index","follow":"follow","max-snippet":"max-snippet:-1","max-image-preview":"max-image-preview:large","max-video-preview":"max-video-preview:-1"},"canonical":"https:\/\/ecosupplements.be\/fr\/produit\/dr-formulated-organic-digest-tropical-fruit-90-chewables\/","og_locale":"fr_FR","og_type":"article","og_title":"Dr. Formulated Organic Digest+, Tropical Fruit - 90 chewables","og_description":"Wij hebben een ruime keuze aan producten van Dr. Formulated Organic Digest+, Tropical Fruit - 90 chewables . Winkel bij Eco Supplements altijd gratis verzending boven 100\u20ac","og_url":"https:\/\/ecosupplements.be\/fr\/produit\/dr-formulated-organic-digest-tropical-fruit-90-chewables\/","og_site_name":"ECO Supplements","article_modified_time":"2025-08-27T12:28:20+00:00","og_image":[{"width":270,"height":500,"url":"https:\/\/ecosupplements.be\/wp-content\/uploads\/2025\/08\/Dr.-Formulated-Organic-Digest-Tropical-Fruit-90-chewables.jpg","type":"image\/jpeg"}],"twitter_card":"summary_large_image","twitter_misc":{"Prix":"45.69&nbsp;&euro;","Disponibilit\u00e9":"En stock"},"schema":{"@context":"https:\/\/schema.org","@graph":[{"@type":["WebPage","ItemPage"],"@id":"https:\/\/ecosupplements.be\/fr\/produit\/dr-formulated-organic-digest-tropical-fruit-90-chewables\/","url":"https:\/\/ecosupplements.be\/fr\/produit\/dr-formulated-organic-digest-tropical-fruit-90-chewables\/","name":"Dr. Formulated Organic Digest+, Tropical Fruit - 90 chewables - ECO Supplements","isPartOf":{"@id":"https:\/\/ecosupplements.be\/fr\/#website"},"primaryImageOfPage":{"@id":"https:\/\/ecosupplements.be\/fr\/produit\/dr-formulated-organic-digest-tropical-fruit-90-chewables\/#primaryimage"},"image":{"@id":"https:\/\/ecosupplements.be\/fr\/produit\/dr-formulated-organic-digest-tropical-fruit-90-chewables\/#primaryimage"},"thumbnailUrl":"https:\/\/ecosupplements.be\/wp-content\/uploads\/2025\/08\/Dr.-Formulated-Organic-Digest-Tropical-Fruit-90-chewables.jpg","datePublished":"2022-08-25T12:10:18+00:00","dateModified":"2025-08-27T12:28:20+00:00","description":"Wij hebben een ruime keuze aan producten van Dr. Formulated Organic Digest+, Tropical Fruit - 90 chewables . Winkel bij Eco Supplements altijd gratis verzending boven 100\u20ac","breadcrumb":{"@id":"https:\/\/ecosupplements.be\/fr\/produit\/dr-formulated-organic-digest-tropical-fruit-90-chewables\/#breadcrumb"},"inLanguage":"fr-FR","potentialAction":[{"@type":"ReadAction","target":["https:\/\/ecosupplements.be\/fr\/produit\/dr-formulated-organic-digest-tropical-fruit-90-chewables\/"]}]},{"@type":"ImageObject","inLanguage":"fr-FR","@id":"https:\/\/ecosupplements.be\/fr\/produit\/dr-formulated-organic-digest-tropical-fruit-90-chewables\/#primaryimage","url":"https:\/\/ecosupplements.be\/wp-content\/uploads\/2025\/08\/Dr.-Formulated-Organic-Digest-Tropical-Fruit-90-chewables.jpg","contentUrl":"https:\/\/ecosupplements.be\/wp-content\/uploads\/2025\/08\/Dr.-Formulated-Organic-Digest-Tropical-Fruit-90-chewables.jpg","width":270,"height":500},{"@type":"BreadcrumbList","@id":"https:\/\/ecosupplements.be\/fr\/produit\/dr-formulated-organic-digest-tropical-fruit-90-chewables\/#breadcrumb","itemListElement":[{"@type":"ListItem","position":1,"name":"Home","item":"https:\/\/ecosupplements.be\/fr\/"},{"@type":"ListItem","position":2,"name":"Boutique","item":"https:\/\/ecosupplements.be\/fr\/boutique\/"},{"@type":"ListItem","position":3,"name":"Dr. Formulated Organic Digest+, Tropical Fruit &#8211; 90 chewables"}]},{"@type":"WebSite","@id":"https:\/\/ecosupplements.be\/fr\/#website","url":"https:\/\/ecosupplements.be\/fr\/","name":"ECO Supplements","description":"Eco Supplements - Gezonde supplementen","publisher":{"@id":"https:\/\/ecosupplements.be\/fr\/#organization"},"potentialAction":[{"@type":"SearchAction","target":{"@type":"EntryPoint","urlTemplate":"https:\/\/ecosupplements.be\/fr\/?s={search_term_string}"},"query-input":{"@type":"PropertyValueSpecification","valueRequired":true,"valueName":"search_term_string"}}],"inLanguage":"fr-FR"},{"@type":"Organization","@id":"https:\/\/ecosupplements.be\/fr\/#organization","name":"Eco Supplements","url":"https:\/\/ecosupplements.be\/fr\/","logo":{"@type":"ImageObject","inLanguage":"fr-FR","@id":"https:\/\/ecosupplements.be\/fr\/#\/schema\/logo\/image\/","url":"https:\/\/ecosupplements.be\/wp-content\/uploads\/2022\/06\/ecosupplement-family.png","contentUrl":"https:\/\/ecosupplements.be\/wp-content\/uploads\/2022\/06\/ecosupplement-family.png","width":593,"height":374,"caption":"Eco Supplements"},"image":{"@id":"https:\/\/ecosupplements.be\/fr\/#\/schema\/logo\/image\/"}}]},"product_brand":"Garden of Life","product_price_amount":"45.69","product_price_currency":"EUR","og_availability":"instock","product_availability":"instock","product_retailer_item_id":"658010118439","product_condition":"new"},"_links":{"self":[{"href":"https:\/\/ecosupplements.be\/fr\/wp-json\/wp\/v2\/product\/284188","targetHints":{"allow":["GET"]}}],"collection":[{"href":"https:\/\/ecosupplements.be\/fr\/wp-json\/wp\/v2\/product"}],"about":[{"href":"https:\/\/ecosupplements.be\/fr\/wp-json\/wp\/v2\/types\/product"}],"replies":[{"embeddable":true,"href":"https:\/\/ecosupplements.be\/fr\/wp-json\/wp\/v2\/comments?post=284188"}],"wp:featuredmedia":[{"embeddable":true,"href":"https:\/\/ecosupplements.be\/fr\/wp-json\/wp\/v2\/media\/260308"}],"wp:attachment":[{"href":"https:\/\/ecosupplements.be\/fr\/wp-json\/wp\/v2\/media?parent=284188"}],"wp:term":[{"taxonomy":"product_brand","embeddable":true,"href":"https:\/\/ecosupplements.be\/fr\/wp-json\/wp\/v2\/product_brand?post=284188"},{"taxonomy":"product_cat","embeddable":true,"href":"https:\/\/ecosupplements.be\/fr\/wp-json\/wp\/v2\/product_cat?post=284188"},{"taxonomy":"product_tag","embeddable":true,"href":"https:\/\/ecosupplements.be\/fr\/wp-json\/wp\/v2\/product_tag?post=284188"}],"curies":[{"name":"wp","href":"https:\/\/api.w.org\/{rel}","templated":true}]}}