{"id":284260,"date":"2022-08-25T13:14:40","date_gmt":"2022-08-25T12:14:40","guid":{"rendered":"https:\/\/ecosupplements.be\/product\/sport-organic-plant-based-protein-chocolate-840g\/"},"modified":"2025-08-27T13:29:52","modified_gmt":"2025-08-27T12:29:52","slug":"sport-organic-plant-based-protein-chocolate-840g","status":"publish","type":"product","link":"https:\/\/ecosupplements.be\/fr\/produit\/sport-organic-plant-based-protein-chocolate-840g\/","title":{"rendered":"Sport Organic Plant-Based Protein, Chocolate &#8211; 840g"},"content":{"rendered":"<h1 style=\"text-align: center;\">Garden of Life &#8211; Sport Organic Plant-Based Protein (Prot\u00e9ines v\u00e9g\u00e9tales)<\/h1>\n<p>Avec un m\u00e9lange de prot\u00e9ines certifi\u00e9es biologiques, la prot\u00e9ine v\u00e9g\u00e9tale biologique SPORT est un m\u00e9lange propre de nutriments. Biologique USDA, sans OGM, certifi\u00e9e NSF pour le sport et certifi\u00e9e Informed-Choice for Sport, elle est approuv\u00e9e \u00e0 quatre titres.<\/p>\n<p>Le m\u00e9lange de nutriments approuv\u00e9 par les sportifs contient des prot\u00e9ines biologiques provenant de pois, de haricots garbanzo, de haricots blancs biologiques, de lentilles biologiques et de prot\u00e9ines de graines de canneberge biologiques. Cela vous donne une texture cr\u00e9meuse et lisse et 30g de prot\u00e9ines compl\u00e8tes en une seule portion.  Cette prot\u00e9ine comprend des acides amin\u00e9s essentiels, 5,5g de BCAA et 5g de glutamine.<\/p>\n<p>Sont ajout\u00e9s au m\u00e9lange biologique des souches de microbiome, des cerises acides, des pommes, du curcuma, des baies de goji et des myrtilles. Nous avons \u00e9galement ajout\u00e9 2 milliards d&#8217;UFC de souches de microbiome s\u00e9lectionn\u00e9es pour vous offrir un m\u00e9lange sportif enti\u00e8rement biologique et cibl\u00e9.<\/p>\n<p>Les avantages de SPORT Organic Plant-Based Protein<\/p>\n<p>&nbsp;&nbsp;&nbsp; M\u00e9lange de prot\u00e9ines sportives sur mesure<br \/>\n&nbsp;&nbsp;&nbsp; Ingr\u00e9dients biologiques<br \/>\n&nbsp;&nbsp;&nbsp; Sans sucres ajout\u00e9s<br \/>\n&nbsp;&nbsp;&nbsp; A prendre de pr\u00e9f\u00e9rence dans l&#8217;heure qui suit l&#8217;entra\u00eenement, ou tout au long de la journ\u00e9e.<\/p>\n<p>D\u00e9tails di\u00e9t\u00e9tiques : <\/p>\n<p>&nbsp;&nbsp;&nbsp; Vegan<br \/>\n&nbsp;&nbsp;&nbsp; Sans gluten<br \/>\n&nbsp;&nbsp;&nbsp; Casher<br \/>\n&nbsp;&nbsp;&nbsp; Sans produits laitiers<br \/>\n&nbsp;&nbsp;&nbsp; Sans soja<\/p>\n","protected":false},"excerpt":{"rendered":"<p>Garden of Life &#8211; Sport Organic Plant-Based Protein (Prot\u00e9ines v\u00e9g\u00e9tales) Avec un m\u00e9lange de prot\u00e9ines certifi\u00e9es biologiques, la prot\u00e9ine v\u00e9g\u00e9tale biologique SPORT est un m\u00e9lange propre de nutriments. Biologique USDA, sans OGM, certifi\u00e9e NSF pour le sport et certifi\u00e9e Informed-Choice for Sport, elle est approuv\u00e9e \u00e0 quatre titres. Le m\u00e9lange de nutriments approuv\u00e9 par les [&#8230;]\n","protected":false},"featured_media":260566,"comment_status":"open","ping_status":"open","template":"","meta":[],"product_brand":[4810],"product_cat":[5070,5054,5055,5056,5052],"product_tag":[],"class_list":{"0":"post-284260","1":"product","2":"type-product","3":"status-publish","4":"has-post-thumbnail","6":"product_brand-garden-of-life-2","7":"product_cat-non-classe","8":"product_cat-nourriture-saine","9":"product_cat-produits-vegetaliens","10":"product_cat-proteine","11":"product_cat-sante-et-bien-etre","13":"first","14":"instock","15":"sale","16":"taxable","17":"shipping-taxable","18":"purchasable","19":"product-type-simple"},"yoast_head":"<!-- This site is optimized with the Yoast SEO Premium plugin v27.3 (Yoast SEO v27.3) - https:\/\/yoast.com\/product\/yoast-seo-premium-wordpress\/ -->\n<title>Sport Organic Plant-Based Protein, Chocolate - 840g - ECO Supplements<\/title>\n<meta name=\"description\" content=\"Wij hebben een ruime keuze aan producten van Sport Organic Plant-Based Protein, Chocolate - 840g . Winkel bij Eco Supplements altijd gratis verzending boven 100\u20ac\" \/>\n<meta name=\"robots\" content=\"index, follow, max-snippet:-1, max-image-preview:large, max-video-preview:-1\" \/>\n<link rel=\"canonical\" href=\"https:\/\/ecosupplements.be\/fr\/produit\/sport-organic-plant-based-protein-chocolate-840g\/\" \/>\n<meta property=\"og:locale\" content=\"fr_FR\" \/>\n<meta property=\"og:type\" content=\"article\" \/>\n<meta property=\"og:title\" content=\"Sport Organic Plant-Based Protein, Chocolate - 840g\" \/>\n<meta property=\"og:description\" content=\"Wij hebben een ruime keuze aan producten van Sport Organic Plant-Based Protein, Chocolate - 840g . Winkel bij Eco Supplements altijd gratis verzending boven 100\u20ac\" \/>\n<meta property=\"og:url\" content=\"https:\/\/ecosupplements.be\/fr\/produit\/sport-organic-plant-based-protein-chocolate-840g\/\" \/>\n<meta property=\"og:site_name\" content=\"ECO Supplements\" \/>\n<meta property=\"article:modified_time\" content=\"2025-08-27T12:29:52+00:00\" \/>\n<meta property=\"og:image\" content=\"https:\/\/ecosupplements.be\/wp-content\/uploads\/2025\/08\/Sport-Organic-Plant-Based-Protein-Chocolate-840g-1.jpg\" \/>\n\t<meta property=\"og:image:width\" content=\"600\" \/>\n\t<meta property=\"og:image:height\" content=\"600\" \/>\n\t<meta property=\"og:image:type\" content=\"image\/jpeg\" \/>\n<meta name=\"twitter:card\" content=\"summary_large_image\" \/>\n<meta name=\"twitter:label1\" content=\"Prix\" \/>\n\t<meta name=\"twitter:data1\" content=\"69.07&nbsp;&euro;\" \/>\n\t<meta name=\"twitter:label2\" content=\"Disponibilit\u00e9\" \/>\n\t<meta name=\"twitter:data2\" content=\"En stock\" \/>\n<script type=\"application\/ld+json\" class=\"yoast-schema-graph\">{\"@context\":\"https:\\\/\\\/schema.org\",\"@graph\":[{\"@type\":[\"WebPage\",\"ItemPage\"],\"@id\":\"https:\\\/\\\/ecosupplements.be\\\/fr\\\/produit\\\/sport-organic-plant-based-protein-chocolate-840g\\\/\",\"url\":\"https:\\\/\\\/ecosupplements.be\\\/fr\\\/produit\\\/sport-organic-plant-based-protein-chocolate-840g\\\/\",\"name\":\"Sport Organic Plant-Based Protein, Chocolate - 840g - ECO Supplements\",\"isPartOf\":{\"@id\":\"https:\\\/\\\/ecosupplements.be\\\/fr\\\/#website\"},\"primaryImageOfPage\":{\"@id\":\"https:\\\/\\\/ecosupplements.be\\\/fr\\\/produit\\\/sport-organic-plant-based-protein-chocolate-840g\\\/#primaryimage\"},\"image\":{\"@id\":\"https:\\\/\\\/ecosupplements.be\\\/fr\\\/produit\\\/sport-organic-plant-based-protein-chocolate-840g\\\/#primaryimage\"},\"thumbnailUrl\":\"https:\\\/\\\/ecosupplements.be\\\/wp-content\\\/uploads\\\/2025\\\/08\\\/Sport-Organic-Plant-Based-Protein-Chocolate-840g.jpg\",\"datePublished\":\"2022-08-25T12:14:40+00:00\",\"dateModified\":\"2025-08-27T12:29:52+00:00\",\"description\":\"Wij hebben een ruime keuze aan producten van Sport Organic Plant-Based Protein, Chocolate - 840g . Winkel bij Eco Supplements altijd gratis verzending boven 100\u20ac\",\"breadcrumb\":{\"@id\":\"https:\\\/\\\/ecosupplements.be\\\/fr\\\/produit\\\/sport-organic-plant-based-protein-chocolate-840g\\\/#breadcrumb\"},\"inLanguage\":\"fr-FR\",\"potentialAction\":[{\"@type\":\"ReadAction\",\"target\":[\"https:\\\/\\\/ecosupplements.be\\\/fr\\\/produit\\\/sport-organic-plant-based-protein-chocolate-840g\\\/\"]}]},{\"@type\":\"ImageObject\",\"inLanguage\":\"fr-FR\",\"@id\":\"https:\\\/\\\/ecosupplements.be\\\/fr\\\/produit\\\/sport-organic-plant-based-protein-chocolate-840g\\\/#primaryimage\",\"url\":\"https:\\\/\\\/ecosupplements.be\\\/wp-content\\\/uploads\\\/2025\\\/08\\\/Sport-Organic-Plant-Based-Protein-Chocolate-840g.jpg\",\"contentUrl\":\"https:\\\/\\\/ecosupplements.be\\\/wp-content\\\/uploads\\\/2025\\\/08\\\/Sport-Organic-Plant-Based-Protein-Chocolate-840g.jpg\",\"width\":600,\"height\":600},{\"@type\":\"BreadcrumbList\",\"@id\":\"https:\\\/\\\/ecosupplements.be\\\/fr\\\/produit\\\/sport-organic-plant-based-protein-chocolate-840g\\\/#breadcrumb\",\"itemListElement\":[{\"@type\":\"ListItem\",\"position\":1,\"name\":\"Home\",\"item\":\"https:\\\/\\\/ecosupplements.be\\\/fr\\\/\"},{\"@type\":\"ListItem\",\"position\":2,\"name\":\"Boutique\",\"item\":\"https:\\\/\\\/ecosupplements.be\\\/fr\\\/boutique\\\/\"},{\"@type\":\"ListItem\",\"position\":3,\"name\":\"Sport Organic Plant-Based Protein, Chocolate &#8211; 840g\"}]},{\"@type\":\"WebSite\",\"@id\":\"https:\\\/\\\/ecosupplements.be\\\/fr\\\/#website\",\"url\":\"https:\\\/\\\/ecosupplements.be\\\/fr\\\/\",\"name\":\"ECO Supplements\",\"description\":\"Eco Supplements - Gezonde supplementen\",\"publisher\":{\"@id\":\"https:\\\/\\\/ecosupplements.be\\\/fr\\\/#organization\"},\"potentialAction\":[{\"@type\":\"SearchAction\",\"target\":{\"@type\":\"EntryPoint\",\"urlTemplate\":\"https:\\\/\\\/ecosupplements.be\\\/fr\\\/?s={search_term_string}\"},\"query-input\":{\"@type\":\"PropertyValueSpecification\",\"valueRequired\":true,\"valueName\":\"search_term_string\"}}],\"inLanguage\":\"fr-FR\"},{\"@type\":\"Organization\",\"@id\":\"https:\\\/\\\/ecosupplements.be\\\/fr\\\/#organization\",\"name\":\"Eco Supplements\",\"url\":\"https:\\\/\\\/ecosupplements.be\\\/fr\\\/\",\"logo\":{\"@type\":\"ImageObject\",\"inLanguage\":\"fr-FR\",\"@id\":\"https:\\\/\\\/ecosupplements.be\\\/fr\\\/#\\\/schema\\\/logo\\\/image\\\/\",\"url\":\"https:\\\/\\\/ecosupplements.be\\\/wp-content\\\/uploads\\\/2022\\\/06\\\/ecosupplement-family.png\",\"contentUrl\":\"https:\\\/\\\/ecosupplements.be\\\/wp-content\\\/uploads\\\/2022\\\/06\\\/ecosupplement-family.png\",\"width\":593,\"height\":374,\"caption\":\"Eco Supplements\"},\"image\":{\"@id\":\"https:\\\/\\\/ecosupplements.be\\\/fr\\\/#\\\/schema\\\/logo\\\/image\\\/\"}}]}<\/script>\n<meta property=\"product:brand\" content=\"Garden of Life\" \/>\n<meta property=\"product:price:amount\" content=\"69.07\" \/>\n<meta property=\"product:price:currency\" content=\"EUR\" \/>\n<meta property=\"og:availability\" content=\"instock\" \/>\n<meta property=\"product:availability\" content=\"instock\" \/>\n<meta property=\"product:retailer_item_id\" content=\"658010119412\" \/>\n<meta property=\"product:condition\" content=\"new\" \/>\n<!-- \/ Yoast SEO Premium plugin. -->","yoast_head_json":{"title":"Sport Organic Plant-Based Protein, Chocolate - 840g - ECO Supplements","description":"Wij hebben een ruime keuze aan producten van Sport Organic Plant-Based Protein, Chocolate - 840g . Winkel bij Eco Supplements altijd gratis verzending boven 100\u20ac","robots":{"index":"index","follow":"follow","max-snippet":"max-snippet:-1","max-image-preview":"max-image-preview:large","max-video-preview":"max-video-preview:-1"},"canonical":"https:\/\/ecosupplements.be\/fr\/produit\/sport-organic-plant-based-protein-chocolate-840g\/","og_locale":"fr_FR","og_type":"article","og_title":"Sport Organic Plant-Based Protein, Chocolate - 840g","og_description":"Wij hebben een ruime keuze aan producten van Sport Organic Plant-Based Protein, Chocolate - 840g . Winkel bij Eco Supplements altijd gratis verzending boven 100\u20ac","og_url":"https:\/\/ecosupplements.be\/fr\/produit\/sport-organic-plant-based-protein-chocolate-840g\/","og_site_name":"ECO Supplements","article_modified_time":"2025-08-27T12:29:52+00:00","og_image":[{"width":600,"height":600,"url":"https:\/\/ecosupplements.be\/wp-content\/uploads\/2025\/08\/Sport-Organic-Plant-Based-Protein-Chocolate-840g-1.jpg","type":"image\/jpeg"}],"twitter_card":"summary_large_image","twitter_misc":{"Prix":"69.07&nbsp;&euro;","Disponibilit\u00e9":"En stock"},"schema":{"@context":"https:\/\/schema.org","@graph":[{"@type":["WebPage","ItemPage"],"@id":"https:\/\/ecosupplements.be\/fr\/produit\/sport-organic-plant-based-protein-chocolate-840g\/","url":"https:\/\/ecosupplements.be\/fr\/produit\/sport-organic-plant-based-protein-chocolate-840g\/","name":"Sport Organic Plant-Based Protein, Chocolate - 840g - ECO Supplements","isPartOf":{"@id":"https:\/\/ecosupplements.be\/fr\/#website"},"primaryImageOfPage":{"@id":"https:\/\/ecosupplements.be\/fr\/produit\/sport-organic-plant-based-protein-chocolate-840g\/#primaryimage"},"image":{"@id":"https:\/\/ecosupplements.be\/fr\/produit\/sport-organic-plant-based-protein-chocolate-840g\/#primaryimage"},"thumbnailUrl":"https:\/\/ecosupplements.be\/wp-content\/uploads\/2025\/08\/Sport-Organic-Plant-Based-Protein-Chocolate-840g.jpg","datePublished":"2022-08-25T12:14:40+00:00","dateModified":"2025-08-27T12:29:52+00:00","description":"Wij hebben een ruime keuze aan producten van Sport Organic Plant-Based Protein, Chocolate - 840g . Winkel bij Eco Supplements altijd gratis verzending boven 100\u20ac","breadcrumb":{"@id":"https:\/\/ecosupplements.be\/fr\/produit\/sport-organic-plant-based-protein-chocolate-840g\/#breadcrumb"},"inLanguage":"fr-FR","potentialAction":[{"@type":"ReadAction","target":["https:\/\/ecosupplements.be\/fr\/produit\/sport-organic-plant-based-protein-chocolate-840g\/"]}]},{"@type":"ImageObject","inLanguage":"fr-FR","@id":"https:\/\/ecosupplements.be\/fr\/produit\/sport-organic-plant-based-protein-chocolate-840g\/#primaryimage","url":"https:\/\/ecosupplements.be\/wp-content\/uploads\/2025\/08\/Sport-Organic-Plant-Based-Protein-Chocolate-840g.jpg","contentUrl":"https:\/\/ecosupplements.be\/wp-content\/uploads\/2025\/08\/Sport-Organic-Plant-Based-Protein-Chocolate-840g.jpg","width":600,"height":600},{"@type":"BreadcrumbList","@id":"https:\/\/ecosupplements.be\/fr\/produit\/sport-organic-plant-based-protein-chocolate-840g\/#breadcrumb","itemListElement":[{"@type":"ListItem","position":1,"name":"Home","item":"https:\/\/ecosupplements.be\/fr\/"},{"@type":"ListItem","position":2,"name":"Boutique","item":"https:\/\/ecosupplements.be\/fr\/boutique\/"},{"@type":"ListItem","position":3,"name":"Sport Organic Plant-Based Protein, Chocolate &#8211; 840g"}]},{"@type":"WebSite","@id":"https:\/\/ecosupplements.be\/fr\/#website","url":"https:\/\/ecosupplements.be\/fr\/","name":"ECO Supplements","description":"Eco Supplements - Gezonde supplementen","publisher":{"@id":"https:\/\/ecosupplements.be\/fr\/#organization"},"potentialAction":[{"@type":"SearchAction","target":{"@type":"EntryPoint","urlTemplate":"https:\/\/ecosupplements.be\/fr\/?s={search_term_string}"},"query-input":{"@type":"PropertyValueSpecification","valueRequired":true,"valueName":"search_term_string"}}],"inLanguage":"fr-FR"},{"@type":"Organization","@id":"https:\/\/ecosupplements.be\/fr\/#organization","name":"Eco Supplements","url":"https:\/\/ecosupplements.be\/fr\/","logo":{"@type":"ImageObject","inLanguage":"fr-FR","@id":"https:\/\/ecosupplements.be\/fr\/#\/schema\/logo\/image\/","url":"https:\/\/ecosupplements.be\/wp-content\/uploads\/2022\/06\/ecosupplement-family.png","contentUrl":"https:\/\/ecosupplements.be\/wp-content\/uploads\/2022\/06\/ecosupplement-family.png","width":593,"height":374,"caption":"Eco Supplements"},"image":{"@id":"https:\/\/ecosupplements.be\/fr\/#\/schema\/logo\/image\/"}}]},"product_brand":"Garden of Life","product_price_amount":"69.07","product_price_currency":"EUR","og_availability":"instock","product_availability":"instock","product_retailer_item_id":"658010119412","product_condition":"new"},"_links":{"self":[{"href":"https:\/\/ecosupplements.be\/fr\/wp-json\/wp\/v2\/product\/284260","targetHints":{"allow":["GET"]}}],"collection":[{"href":"https:\/\/ecosupplements.be\/fr\/wp-json\/wp\/v2\/product"}],"about":[{"href":"https:\/\/ecosupplements.be\/fr\/wp-json\/wp\/v2\/types\/product"}],"replies":[{"embeddable":true,"href":"https:\/\/ecosupplements.be\/fr\/wp-json\/wp\/v2\/comments?post=284260"}],"wp:featuredmedia":[{"embeddable":true,"href":"https:\/\/ecosupplements.be\/fr\/wp-json\/wp\/v2\/media\/260566"}],"wp:attachment":[{"href":"https:\/\/ecosupplements.be\/fr\/wp-json\/wp\/v2\/media?parent=284260"}],"wp:term":[{"taxonomy":"product_brand","embeddable":true,"href":"https:\/\/ecosupplements.be\/fr\/wp-json\/wp\/v2\/product_brand?post=284260"},{"taxonomy":"product_cat","embeddable":true,"href":"https:\/\/ecosupplements.be\/fr\/wp-json\/wp\/v2\/product_cat?post=284260"},{"taxonomy":"product_tag","embeddable":true,"href":"https:\/\/ecosupplements.be\/fr\/wp-json\/wp\/v2\/product_tag?post=284260"}],"curies":[{"name":"wp","href":"https:\/\/api.w.org\/{rel}","templated":true}]}}