{"id":284275,"date":"2022-08-25T13:14:40","date_gmt":"2022-08-25T12:14:40","guid":{"rendered":"https:\/\/ecosupplements.be\/product\/vitamin-code-men-120-vcaps\/"},"modified":"2025-08-27T13:30:15","modified_gmt":"2025-08-27T12:30:15","slug":"vitamin-code-men-120-vcaps","status":"publish","type":"product","link":"https:\/\/ecosupplements.be\/fr\/produit\/vitamin-code-men-120-vcaps\/","title":{"rendered":"Vitamin Code Men &#8211; 120 vcaps"},"content":{"rendered":"<h1 style=\"text-align: center;\">Garden of Life &#8211; Vitamin Code Men<\/h1>\n<p>Garden of Life Vitamin Code Men contient des nutriments d&#8217;aliments crus dans une base de fruits et l\u00e9gumes entiers. Produite sous 46\u00ba C pour plus de fra\u00eecheur, chaque capsule contient des bact\u00e9ries et des enzymes vivantes. Et elles sont exemptes de produits synth\u00e9tiques, d&#8217;agents de remplissage, d&#8217;ar\u00f4mes, de colorants ou d&#8217;additifs artificiels.<\/p>\n<p>Vitamin Code Men vous offre une formule multi-nutriments \u00e0 base d&#8217;aliments complets con\u00e7ue pour les hommes. La base crue et non cuite m\u00e9lange 23 fruits et l\u00e9gumes et des cofacteurs alimentaires naturels.<\/p>\n<p>Une petite capsule quotidienne facile \u00e0 avaler<br \/>\nFormule d&#8217;aliments complets<br \/>\nNon cuits et sp\u00e9cialement emball\u00e9s pour pr\u00e9server leur fra\u00eecheur<br \/>\nExempt de mati\u00e8res synth\u00e9tiques, de charges et de supports<\/p>\n<p><img decoding=\"async\" src=\"https:\/\/ecosupplements.be\/wp-content\/uploads\/2025\/08\/gluten-free-1.png\" title=\"Sans gluten\" alt=\"Gluten free\"><img decoding=\"async\" src=\"https:\/\/ecosupplements.be\/wp-content\/uploads\/2025\/08\/non-gmo-1.png\" title=\"Non-OGM\" alt=\"Non-GMO\"><img decoding=\"async\" src=\"https:\/\/ecosupplements.be\/wp-content\/uploads\/2025\/08\/vegetarian-1.png\" title=\"V\u00e9g\u00e9tarien\" alt=\"Vegetarian\"><\/p>\n<p>Faits compl\u00e9mentaires :<br \/>\nPortion : 4 Capsules<br \/>\nPortion par conteneur : 30<br \/>\nQuantit\u00e9 par portion :<br \/>\nVitamine A (en tant que b\u00eata-carot\u00e8ne) 1.080mcg 120%<br \/>\nVitamine C (de la culture de S.cerevisiae) 90mg 100%<br \/>\nVitamine D (en tant que D3 provenant du cultre de S.cerevisiae) 20mcg (800UI) 100%<br \/>\nVitamine E (en tant que d-alpha tocoph\u00e9rol d&#8217;huile de tournesol) 15mg 100%<br \/>\nVitamine K (en tant que K1 provenant du cultre de S.cerevisiae) 120mcg 100%<br \/>\nThiamine (B1 de la culture de S.cerevisiae) 6.36mg 530%<br \/>\nRiboflavine (B2 de la culture de S. cerevisiae) 3.12mg 240%<br \/>\nNiancine (sous forme de Niacinadmide provenant de la culture de S. cerevisiae) 16mg 100%<br \/>\nVitamine B6 (de la culture de S. cerevisiae) 3.4mg 200%<br \/>\nFolate (de la culture de S. cerevisiae) 400mcg DFE 100%<br \/>\nVitamine B12 (sous forme de m\u00e9thylocobalamine provenant de la culture de S. cerevisiae) 40,1 mcg 1670%<br \/>\nBiotine (de la culture de S. cerevisiae) 30mcg 100%<br \/>\nAcide pantoth\u00e9nique (issu de la culture de S. cerevisiae) 10mg 200%<br \/>\nIode (de varech biologique) 75mcg 50%<br \/>\nZinc (de ch\u00e9late de riz brun) 11mg 100%<br \/>\nS\u00e9l\u00e9nium (de la culture de S. cerevisiae) 55mcg 100%<br \/>\nMangan\u00e8se (provenant du ch\u00e9late de riz brun) 2,3mg 100%<br \/>\nChrome (de la culture de S. cerevisiae) 35mcg 100%<br \/>\nMolybd\u00e8ne (de la culture de S. cerevisiae) 45mcg 100%<br \/>\nVitamine K2 (sous forme de m\u00e9naquinone-4 provenant de la culture S. cerevisiae) 20mcg &nbsp;&nbsp;&nbsp;<br \/>\nLycop\u00e8ne (provenant de milieux ferment\u00e9s) 250mcg &nbsp;&nbsp;&nbsp;<br \/>\nBore (de la coupe de S.cerevisiae) 1mg &nbsp;&nbsp;&nbsp;<br \/>\nVanadium (issu de la culture de S. cerevisiae) 10mcg &nbsp;&nbsp;&nbsp;<br \/>\nM\u00e9lange de fruits et l\u00e9gumes biologiques RAW 560mg<br \/>\nPomme biologique (fruit), Betterave biologique (racine), Brocoli biologique (tige et fleur), Carotte biologique (racine), \u00c9pinard biologique (feuille), Tomate biologique (fruit), Fraise biologique (fruit), Cerise acide biologique (fruit), M\u00fbre biologique (fruit), Poivron vert biologique (fruit), Chou de Bruxelles biologique (feuille), Bleuet biologique (fruit), Gingembre biologique (racine), Ail biologique (bulbe), Oignon vert biologique (bulbe), Framboise biologique (fruit), Persil biologique (feuille), Chou-fleur biologique (fleur et tige), Chou rouge biologique (feuille), Chou fris\u00e9 biologique (feuille), Concombre biologique (gourde), C\u00e9leri biologique (tige), Asperge biologique (fleur et tige)<br \/>\nM\u00e9lange de probiotiques et d&#8217;enzymes crus 40mg<br \/>\nLipase, prot\u00e9ase, aspergillopepsine, b\u00eata-glucanase, cellulase, brom\u00e9line, phytase, lactase, papa\u00efne, peptidase, pectinase, xylanase, h\u00e9micellulase, [Lactobacillus bulgaricus, Lactobacillus plantarum] (500 millions CFU).<br \/>\nComplexe brut de soutien antioxydant et immunitaire 10mg<br \/>\nGlutathion et SOD (Superoxyde Dismutase) provenant de la culture de S. cerevisiae.<br \/>\nCoQ10 (\u00e0 partir de milieux ferment\u00e9s)<br \/>\nVitamin Code Men Autres ingr\u00e9dients :<br \/>\nF\u00e9cule de pomme de terre biologique, cellulose v\u00e9g\u00e9tale (capsule), gomme arabique biologique.<br \/>\nVitamin Code Men Utilisation recommand\u00e9e :<br \/>\nLes adultes prennent 4 capsules par jour. Meilleur lorsque pris 2 capsules deux fois par jour. Peut \u00eatre pris avec ou sans nourriture. Les g\u00e9lules peuvent \u00eatre ouvertes et leur contenu peut \u00eatre ajout\u00e9 \u00e0 de l&#8217;eau ou \u00e0 du jus brut. Non destin\u00e9 aux enfants.<br \/>\nAvertissements :<br \/>\nComme pour tout compl\u00e9ment alimentaire, consultez votre professionnel de la sant\u00e9 avant d&#8217;utiliser ce produit, surtout si vous \u00eates enceinte, si vous allaitez, si vous pr\u00e9voyez une intervention chirurgicale, si vous prenez des m\u00e9dicaments r\u00e9guli\u00e8rement ou si vous \u00eates autrement sous surveillance m\u00e9dicale. Tenir hors de port\u00e9e des enfants.<\/p>\n","protected":false},"excerpt":{"rendered":"<p>Garden of Life &#8211; Vitamin Code Men Garden of Life Vitamin Code Men contient des nutriments d&#8217;aliments crus dans une base de fruits et l\u00e9gumes entiers. Produite sous 46\u00ba C pour plus de fra\u00eecheur, chaque capsule contient des bact\u00e9ries et des enzymes vivantes. Et elles sont exemptes de produits synth\u00e9tiques, d&#8217;agents de remplissage, d&#8217;ar\u00f4mes, de [&#8230;]\n","protected":false},"featured_media":260599,"comment_status":"open","ping_status":"open","template":"","meta":[],"product_brand":[4810],"product_cat":[5052,5053],"product_tag":[],"class_list":{"0":"post-284275","1":"product","2":"type-product","3":"status-publish","4":"has-post-thumbnail","6":"product_brand-garden-of-life-2","7":"product_cat-sante-et-bien-etre","8":"product_cat-vitamines-et-mineraux","10":"first","11":"instock","12":"taxable","13":"shipping-taxable","14":"purchasable","15":"product-type-simple"},"yoast_head":"<!-- This site is optimized with the Yoast SEO Premium plugin v27.5 (Yoast SEO v27.5) - https:\/\/yoast.com\/product\/yoast-seo-premium-wordpress\/ -->\n<title>Vitamin Code Men - 120 vcaps - ECO Supplements<\/title>\n<meta name=\"description\" content=\"Wij hebben een ruime keuze aan producten van Vitamin Code Men - 120 vcaps . Winkel bij Eco Supplements altijd gratis verzending boven 100\u20ac\" \/>\n<meta name=\"robots\" content=\"index, follow, max-snippet:-1, max-image-preview:large, max-video-preview:-1\" \/>\n<link rel=\"canonical\" href=\"https:\/\/ecosupplements.be\/fr\/produit\/vitamin-code-men-120-vcaps\/\" \/>\n<meta property=\"og:locale\" content=\"fr_FR\" \/>\n<meta property=\"og:type\" content=\"article\" \/>\n<meta property=\"og:title\" content=\"Vitamin Code Men - 120 vcaps\" \/>\n<meta property=\"og:description\" content=\"Wij hebben een ruime keuze aan producten van Vitamin Code Men - 120 vcaps . Winkel bij Eco Supplements altijd gratis verzending boven 100\u20ac\" \/>\n<meta property=\"og:url\" content=\"https:\/\/ecosupplements.be\/fr\/produit\/vitamin-code-men-120-vcaps\/\" \/>\n<meta property=\"og:site_name\" content=\"ECO Supplements\" \/>\n<meta property=\"article:modified_time\" content=\"2025-08-27T12:30:15+00:00\" \/>\n<meta property=\"og:image\" content=\"https:\/\/ecosupplements.be\/wp-content\/uploads\/2025\/08\/Vitamin-Code-Men-120-vcaps.jpg\" \/>\n\t<meta property=\"og:image:width\" content=\"600\" \/>\n\t<meta property=\"og:image:height\" content=\"600\" \/>\n\t<meta property=\"og:image:type\" content=\"image\/jpeg\" \/>\n<meta name=\"twitter:card\" content=\"summary_large_image\" \/>\n<meta name=\"twitter:label1\" content=\"Prix\" \/>\n\t<meta name=\"twitter:data1\" content=\"51&nbsp;&euro;\" \/>\n\t<meta name=\"twitter:label2\" content=\"Disponibilit\u00e9\" \/>\n\t<meta name=\"twitter:data2\" content=\"En stock\" \/>\n<script type=\"application\/ld+json\" class=\"yoast-schema-graph\">{\"@context\":\"https:\\\/\\\/schema.org\",\"@graph\":[{\"@type\":[\"WebPage\",\"ItemPage\"],\"@id\":\"https:\\\/\\\/ecosupplements.be\\\/fr\\\/produit\\\/vitamin-code-men-120-vcaps\\\/\",\"url\":\"https:\\\/\\\/ecosupplements.be\\\/fr\\\/produit\\\/vitamin-code-men-120-vcaps\\\/\",\"name\":\"Vitamin Code Men - 120 vcaps - ECO Supplements\",\"isPartOf\":{\"@id\":\"https:\\\/\\\/ecosupplements.be\\\/fr\\\/#website\"},\"primaryImageOfPage\":{\"@id\":\"https:\\\/\\\/ecosupplements.be\\\/fr\\\/produit\\\/vitamin-code-men-120-vcaps\\\/#primaryimage\"},\"image\":{\"@id\":\"https:\\\/\\\/ecosupplements.be\\\/fr\\\/produit\\\/vitamin-code-men-120-vcaps\\\/#primaryimage\"},\"thumbnailUrl\":\"https:\\\/\\\/ecosupplements.be\\\/wp-content\\\/uploads\\\/2025\\\/08\\\/Vitamin-Code-Men-120-vcaps.jpg\",\"datePublished\":\"2022-08-25T12:14:40+00:00\",\"dateModified\":\"2025-08-27T12:30:15+00:00\",\"description\":\"Wij hebben een ruime keuze aan producten van Vitamin Code Men - 120 vcaps . Winkel bij Eco Supplements altijd gratis verzending boven 100\u20ac\",\"breadcrumb\":{\"@id\":\"https:\\\/\\\/ecosupplements.be\\\/fr\\\/produit\\\/vitamin-code-men-120-vcaps\\\/#breadcrumb\"},\"inLanguage\":\"fr-FR\",\"potentialAction\":[{\"@type\":\"ReadAction\",\"target\":[\"https:\\\/\\\/ecosupplements.be\\\/fr\\\/produit\\\/vitamin-code-men-120-vcaps\\\/\"]}]},{\"@type\":\"ImageObject\",\"inLanguage\":\"fr-FR\",\"@id\":\"https:\\\/\\\/ecosupplements.be\\\/fr\\\/produit\\\/vitamin-code-men-120-vcaps\\\/#primaryimage\",\"url\":\"https:\\\/\\\/ecosupplements.be\\\/wp-content\\\/uploads\\\/2025\\\/08\\\/Vitamin-Code-Men-120-vcaps.jpg\",\"contentUrl\":\"https:\\\/\\\/ecosupplements.be\\\/wp-content\\\/uploads\\\/2025\\\/08\\\/Vitamin-Code-Men-120-vcaps.jpg\",\"width\":600,\"height\":600},{\"@type\":\"BreadcrumbList\",\"@id\":\"https:\\\/\\\/ecosupplements.be\\\/fr\\\/produit\\\/vitamin-code-men-120-vcaps\\\/#breadcrumb\",\"itemListElement\":[{\"@type\":\"ListItem\",\"position\":1,\"name\":\"Home\",\"item\":\"https:\\\/\\\/ecosupplements.be\\\/fr\\\/\"},{\"@type\":\"ListItem\",\"position\":2,\"name\":\"Boutique\",\"item\":\"https:\\\/\\\/ecosupplements.be\\\/fr\\\/boutique\\\/\"},{\"@type\":\"ListItem\",\"position\":3,\"name\":\"Vitamin Code Men &#8211; 120 vcaps\"}]},{\"@type\":\"WebSite\",\"@id\":\"https:\\\/\\\/ecosupplements.be\\\/fr\\\/#website\",\"url\":\"https:\\\/\\\/ecosupplements.be\\\/fr\\\/\",\"name\":\"ECO Supplements\",\"description\":\"Eco Supplements - Gezonde supplementen\",\"publisher\":{\"@id\":\"https:\\\/\\\/ecosupplements.be\\\/fr\\\/#organization\"},\"potentialAction\":[{\"@type\":\"SearchAction\",\"target\":{\"@type\":\"EntryPoint\",\"urlTemplate\":\"https:\\\/\\\/ecosupplements.be\\\/fr\\\/?s={search_term_string}\"},\"query-input\":{\"@type\":\"PropertyValueSpecification\",\"valueRequired\":true,\"valueName\":\"search_term_string\"}}],\"inLanguage\":\"fr-FR\"},{\"@type\":\"Organization\",\"@id\":\"https:\\\/\\\/ecosupplements.be\\\/fr\\\/#organization\",\"name\":\"Eco Supplements\",\"url\":\"https:\\\/\\\/ecosupplements.be\\\/fr\\\/\",\"logo\":{\"@type\":\"ImageObject\",\"inLanguage\":\"fr-FR\",\"@id\":\"https:\\\/\\\/ecosupplements.be\\\/fr\\\/#\\\/schema\\\/logo\\\/image\\\/\",\"url\":\"https:\\\/\\\/ecosupplements.be\\\/wp-content\\\/uploads\\\/2022\\\/06\\\/ecosupplement-family.png\",\"contentUrl\":\"https:\\\/\\\/ecosupplements.be\\\/wp-content\\\/uploads\\\/2022\\\/06\\\/ecosupplement-family.png\",\"width\":593,\"height\":374,\"caption\":\"Eco Supplements\"},\"image\":{\"@id\":\"https:\\\/\\\/ecosupplements.be\\\/fr\\\/#\\\/schema\\\/logo\\\/image\\\/\"}}]}<\/script>\n<meta property=\"product:brand\" content=\"Garden of Life\" \/>\n<meta property=\"product:price:amount\" content=\"51.00\" \/>\n<meta property=\"product:price:currency\" content=\"EUR\" \/>\n<meta property=\"og:availability\" content=\"instock\" \/>\n<meta property=\"product:availability\" content=\"instock\" \/>\n<meta property=\"product:retailer_item_id\" content=\"658010113687\" \/>\n<meta property=\"product:condition\" content=\"new\" \/>\n<!-- \/ Yoast SEO Premium plugin. -->","yoast_head_json":{"title":"Vitamin Code Men - 120 vcaps - ECO Supplements","description":"Wij hebben een ruime keuze aan producten van Vitamin Code Men - 120 vcaps . Winkel bij Eco Supplements altijd gratis verzending boven 100\u20ac","robots":{"index":"index","follow":"follow","max-snippet":"max-snippet:-1","max-image-preview":"max-image-preview:large","max-video-preview":"max-video-preview:-1"},"canonical":"https:\/\/ecosupplements.be\/fr\/produit\/vitamin-code-men-120-vcaps\/","og_locale":"fr_FR","og_type":"article","og_title":"Vitamin Code Men - 120 vcaps","og_description":"Wij hebben een ruime keuze aan producten van Vitamin Code Men - 120 vcaps . Winkel bij Eco Supplements altijd gratis verzending boven 100\u20ac","og_url":"https:\/\/ecosupplements.be\/fr\/produit\/vitamin-code-men-120-vcaps\/","og_site_name":"ECO Supplements","article_modified_time":"2025-08-27T12:30:15+00:00","og_image":[{"width":600,"height":600,"url":"https:\/\/ecosupplements.be\/wp-content\/uploads\/2025\/08\/Vitamin-Code-Men-120-vcaps.jpg","type":"image\/jpeg"}],"twitter_card":"summary_large_image","twitter_misc":{"Prix":"51&nbsp;&euro;","Disponibilit\u00e9":"En stock"},"schema":{"@context":"https:\/\/schema.org","@graph":[{"@type":["WebPage","ItemPage"],"@id":"https:\/\/ecosupplements.be\/fr\/produit\/vitamin-code-men-120-vcaps\/","url":"https:\/\/ecosupplements.be\/fr\/produit\/vitamin-code-men-120-vcaps\/","name":"Vitamin Code Men - 120 vcaps - ECO Supplements","isPartOf":{"@id":"https:\/\/ecosupplements.be\/fr\/#website"},"primaryImageOfPage":{"@id":"https:\/\/ecosupplements.be\/fr\/produit\/vitamin-code-men-120-vcaps\/#primaryimage"},"image":{"@id":"https:\/\/ecosupplements.be\/fr\/produit\/vitamin-code-men-120-vcaps\/#primaryimage"},"thumbnailUrl":"https:\/\/ecosupplements.be\/wp-content\/uploads\/2025\/08\/Vitamin-Code-Men-120-vcaps.jpg","datePublished":"2022-08-25T12:14:40+00:00","dateModified":"2025-08-27T12:30:15+00:00","description":"Wij hebben een ruime keuze aan producten van Vitamin Code Men - 120 vcaps . Winkel bij Eco Supplements altijd gratis verzending boven 100\u20ac","breadcrumb":{"@id":"https:\/\/ecosupplements.be\/fr\/produit\/vitamin-code-men-120-vcaps\/#breadcrumb"},"inLanguage":"fr-FR","potentialAction":[{"@type":"ReadAction","target":["https:\/\/ecosupplements.be\/fr\/produit\/vitamin-code-men-120-vcaps\/"]}]},{"@type":"ImageObject","inLanguage":"fr-FR","@id":"https:\/\/ecosupplements.be\/fr\/produit\/vitamin-code-men-120-vcaps\/#primaryimage","url":"https:\/\/ecosupplements.be\/wp-content\/uploads\/2025\/08\/Vitamin-Code-Men-120-vcaps.jpg","contentUrl":"https:\/\/ecosupplements.be\/wp-content\/uploads\/2025\/08\/Vitamin-Code-Men-120-vcaps.jpg","width":600,"height":600},{"@type":"BreadcrumbList","@id":"https:\/\/ecosupplements.be\/fr\/produit\/vitamin-code-men-120-vcaps\/#breadcrumb","itemListElement":[{"@type":"ListItem","position":1,"name":"Home","item":"https:\/\/ecosupplements.be\/fr\/"},{"@type":"ListItem","position":2,"name":"Boutique","item":"https:\/\/ecosupplements.be\/fr\/boutique\/"},{"@type":"ListItem","position":3,"name":"Vitamin Code Men &#8211; 120 vcaps"}]},{"@type":"WebSite","@id":"https:\/\/ecosupplements.be\/fr\/#website","url":"https:\/\/ecosupplements.be\/fr\/","name":"ECO Supplements","description":"Eco Supplements - Gezonde supplementen","publisher":{"@id":"https:\/\/ecosupplements.be\/fr\/#organization"},"potentialAction":[{"@type":"SearchAction","target":{"@type":"EntryPoint","urlTemplate":"https:\/\/ecosupplements.be\/fr\/?s={search_term_string}"},"query-input":{"@type":"PropertyValueSpecification","valueRequired":true,"valueName":"search_term_string"}}],"inLanguage":"fr-FR"},{"@type":"Organization","@id":"https:\/\/ecosupplements.be\/fr\/#organization","name":"Eco Supplements","url":"https:\/\/ecosupplements.be\/fr\/","logo":{"@type":"ImageObject","inLanguage":"fr-FR","@id":"https:\/\/ecosupplements.be\/fr\/#\/schema\/logo\/image\/","url":"https:\/\/ecosupplements.be\/wp-content\/uploads\/2022\/06\/ecosupplement-family.png","contentUrl":"https:\/\/ecosupplements.be\/wp-content\/uploads\/2022\/06\/ecosupplement-family.png","width":593,"height":374,"caption":"Eco Supplements"},"image":{"@id":"https:\/\/ecosupplements.be\/fr\/#\/schema\/logo\/image\/"}}]},"product_brand":"Garden of Life","product_price_amount":"51.00","product_price_currency":"EUR","og_availability":"instock","product_availability":"instock","product_retailer_item_id":"658010113687","product_condition":"new"},"_links":{"self":[{"href":"https:\/\/ecosupplements.be\/fr\/wp-json\/wp\/v2\/product\/284275","targetHints":{"allow":["GET"]}}],"collection":[{"href":"https:\/\/ecosupplements.be\/fr\/wp-json\/wp\/v2\/product"}],"about":[{"href":"https:\/\/ecosupplements.be\/fr\/wp-json\/wp\/v2\/types\/product"}],"replies":[{"embeddable":true,"href":"https:\/\/ecosupplements.be\/fr\/wp-json\/wp\/v2\/comments?post=284275"}],"wp:featuredmedia":[{"embeddable":true,"href":"https:\/\/ecosupplements.be\/fr\/wp-json\/wp\/v2\/media\/260599"}],"wp:attachment":[{"href":"https:\/\/ecosupplements.be\/fr\/wp-json\/wp\/v2\/media?parent=284275"}],"wp:term":[{"taxonomy":"product_brand","embeddable":true,"href":"https:\/\/ecosupplements.be\/fr\/wp-json\/wp\/v2\/product_brand?post=284275"},{"taxonomy":"product_cat","embeddable":true,"href":"https:\/\/ecosupplements.be\/fr\/wp-json\/wp\/v2\/product_cat?post=284275"},{"taxonomy":"product_tag","embeddable":true,"href":"https:\/\/ecosupplements.be\/fr\/wp-json\/wp\/v2\/product_tag?post=284275"}],"curies":[{"name":"wp","href":"https:\/\/api.w.org\/{rel}","templated":true}]}}