{"id":284317,"date":"2022-09-21T12:21:26","date_gmt":"2022-09-21T11:21:26","guid":{"rendered":"https:\/\/ecosupplements.be\/product\/zinc-60-vcaps\/"},"modified":"2025-08-27T13:31:06","modified_gmt":"2025-08-27T12:31:06","slug":"zinc-60-vcaps","status":"publish","type":"product","link":"https:\/\/ecosupplements.be\/fr\/produit\/zinc-60-vcaps\/","title":{"rendered":"Zinc &#8211; 60 vcaps"},"content":{"rendered":"<h1 style=\"text-align: center;\">Revive &#8211; Zinc<\/h1>\n<p>Le zinc est un min\u00e9ral essentiel qui intervient dans de nombreux processus m\u00e9taboliques d\u00e9pendants du zinc. Le zinc joue un r\u00f4le crucial dans la fonction immunitaire, la croissance et le d\u00e9veloppement cellulaire, l&#8217;activit\u00e9 antioxydante et la fonction c\u00e9r\u00e9brale. Le zinc est le plus souvent suppl\u00e9ment\u00e9 pour r\u00e9duire la fr\u00e9quence des maladies.<\/p>\n<p>Le zinc soutient la fonction immunitaire, les antioxydants et la fonction c\u00e9r\u00e9brale<\/p>\n<p>Le zinc est un min\u00e9ral vital que votre corps utilise d&#8217;innombrables fa\u00e7ons. En fait, le zinc est le deuxi\u00e8me oligo-\u00e9l\u00e9ment le plus abondant dans votre corps, apr\u00e8s le fer. Le zinc est n\u00e9cessaire \u00e0 l&#8217;activit\u00e9 de plus de 300 enzymes qui contribuent au m\u00e9tabolisme, \u00e0 la digestion, \u00e0 la fonction nerveuse et \u00e0 de nombreux autres processus. En outre, il est essentiel au d\u00e9veloppement et au fonctionnement des cellules immunitaires.<\/p>\n<p>Compl\u00e9ment alimentaire :<br \/>\nTaille de la portion : 1 vcap<br \/>\nPortions par conteneur : 60<\/p>\n<p>Quantit\u00e9 par portion :<br \/>\nZinc (en tant que OptiZinc zinc monom\u00e9thionine) 50mg 455%<\/p>\n<p>Zinc Autres ingr\u00e9dients :<br \/>\nHydroxypropyl m\u00e9thylcellulose (cellulose v\u00e9g\u00e9tale), Phosphate dicalcique, St\u00e9arate de magn\u00e9sium, Dioxyde de silicium.<\/p>\n<p>Zinc Utilisation recommand\u00e9e :<br \/>\nComme compl\u00e9ment alimentaire, prendre une (1) capsule par jour, ou selon les recommandations d&#8217;un professionnel de la sant\u00e9.<\/p>\n<p>Avertissements :<br \/>\nVeuillez consulter votre m\u00e9decin avant d&#8217;utiliser ce produit si vous \u00eates enceinte ou si vous allaitez, si vous avez moins de 18 ans ou si vous suivez un traitement pour un probl\u00e8me m\u00e9dical. Ne pas acheter si le sceau ext\u00e9rieur est bris\u00e9 ou endommag\u00e9. Ne pas d\u00e9passer la dose recommand\u00e9e. Tenir hors de port\u00e9e des enfants.<\/p>\n","protected":false},"excerpt":{"rendered":"<p>Revive &#8211; Zinc Le zinc est un min\u00e9ral essentiel qui intervient dans de nombreux processus m\u00e9taboliques d\u00e9pendants du zinc. Le zinc joue un r\u00f4le crucial dans la fonction immunitaire, la croissance et le d\u00e9veloppement cellulaire, l&#8217;activit\u00e9 antioxydante et la fonction c\u00e9r\u00e9brale. Le zinc est le plus souvent suppl\u00e9ment\u00e9 pour r\u00e9duire la fr\u00e9quence des maladies. Le [&#8230;]\n","protected":false},"featured_media":260803,"comment_status":"open","ping_status":"open","template":"","meta":[],"product_brand":[4759],"product_cat":[5070,5054,5055,5052,5053],"product_tag":[],"class_list":{"0":"post-284317","1":"product","2":"type-product","3":"status-publish","4":"has-post-thumbnail","6":"product_brand-revive-2","7":"product_cat-non-classe","8":"product_cat-nourriture-saine","9":"product_cat-produits-vegetaliens","10":"product_cat-sante-et-bien-etre","11":"product_cat-vitamines-et-mineraux","13":"first","14":"instock","15":"sale","16":"taxable","17":"shipping-taxable","18":"purchasable","19":"product-type-simple"},"yoast_head":"<!-- This site is optimized with the Yoast SEO Premium plugin v27.3 (Yoast SEO v27.3) - https:\/\/yoast.com\/product\/yoast-seo-premium-wordpress\/ -->\n<title>Zinc - 60 vcaps - ECO Supplements<\/title>\n<meta name=\"description\" content=\"Wij hebben een ruime keuze aan producten van Zinc - 60 vcaps . Winkel bij Eco Supplements altijd gratis verzending boven 100\u20ac\" \/>\n<meta name=\"robots\" content=\"index, follow, max-snippet:-1, max-image-preview:large, max-video-preview:-1\" \/>\n<link rel=\"canonical\" href=\"https:\/\/ecosupplements.be\/fr\/produit\/zinc-60-vcaps\/\" \/>\n<meta property=\"og:locale\" content=\"fr_FR\" \/>\n<meta property=\"og:type\" content=\"article\" \/>\n<meta property=\"og:title\" content=\"Zinc - 60 vcaps\" \/>\n<meta property=\"og:description\" content=\"Wij hebben een ruime keuze aan producten van Zinc - 60 vcaps . Winkel bij Eco Supplements altijd gratis verzending boven 100\u20ac\" \/>\n<meta property=\"og:url\" content=\"https:\/\/ecosupplements.be\/fr\/produit\/zinc-60-vcaps\/\" \/>\n<meta property=\"og:site_name\" content=\"ECO Supplements\" \/>\n<meta property=\"article:modified_time\" content=\"2025-08-27T12:31:06+00:00\" \/>\n<meta property=\"og:image\" content=\"https:\/\/ecosupplements.be\/wp-content\/uploads\/2025\/08\/Zinc-60-vcaps-1.jpg\" \/>\n\t<meta property=\"og:image:width\" content=\"433\" \/>\n\t<meta property=\"og:image:height\" content=\"577\" \/>\n\t<meta property=\"og:image:type\" content=\"image\/jpeg\" \/>\n<meta name=\"twitter:card\" content=\"summary_large_image\" \/>\n<meta name=\"twitter:label1\" content=\"Prix\" \/>\n\t<meta name=\"twitter:data1\" content=\"16.59&nbsp;&euro;\" \/>\n\t<meta name=\"twitter:label2\" content=\"Disponibilit\u00e9\" \/>\n\t<meta name=\"twitter:data2\" content=\"En stock\" \/>\n<script type=\"application\/ld+json\" class=\"yoast-schema-graph\">{\"@context\":\"https:\\\/\\\/schema.org\",\"@graph\":[{\"@type\":[\"WebPage\",\"ItemPage\"],\"@id\":\"https:\\\/\\\/ecosupplements.be\\\/fr\\\/produit\\\/zinc-60-vcaps\\\/\",\"url\":\"https:\\\/\\\/ecosupplements.be\\\/fr\\\/produit\\\/zinc-60-vcaps\\\/\",\"name\":\"Zinc - 60 vcaps - ECO Supplements\",\"isPartOf\":{\"@id\":\"https:\\\/\\\/ecosupplements.be\\\/fr\\\/#website\"},\"primaryImageOfPage\":{\"@id\":\"https:\\\/\\\/ecosupplements.be\\\/fr\\\/produit\\\/zinc-60-vcaps\\\/#primaryimage\"},\"image\":{\"@id\":\"https:\\\/\\\/ecosupplements.be\\\/fr\\\/produit\\\/zinc-60-vcaps\\\/#primaryimage\"},\"thumbnailUrl\":\"https:\\\/\\\/ecosupplements.be\\\/wp-content\\\/uploads\\\/2025\\\/08\\\/Zinc-60-vcaps.jpg\",\"datePublished\":\"2022-09-21T11:21:26+00:00\",\"dateModified\":\"2025-08-27T12:31:06+00:00\",\"description\":\"Wij hebben een ruime keuze aan producten van Zinc - 60 vcaps . Winkel bij Eco Supplements altijd gratis verzending boven 100\u20ac\",\"breadcrumb\":{\"@id\":\"https:\\\/\\\/ecosupplements.be\\\/fr\\\/produit\\\/zinc-60-vcaps\\\/#breadcrumb\"},\"inLanguage\":\"fr-FR\",\"potentialAction\":[{\"@type\":\"ReadAction\",\"target\":[\"https:\\\/\\\/ecosupplements.be\\\/fr\\\/produit\\\/zinc-60-vcaps\\\/\"]}]},{\"@type\":\"ImageObject\",\"inLanguage\":\"fr-FR\",\"@id\":\"https:\\\/\\\/ecosupplements.be\\\/fr\\\/produit\\\/zinc-60-vcaps\\\/#primaryimage\",\"url\":\"https:\\\/\\\/ecosupplements.be\\\/wp-content\\\/uploads\\\/2025\\\/08\\\/Zinc-60-vcaps.jpg\",\"contentUrl\":\"https:\\\/\\\/ecosupplements.be\\\/wp-content\\\/uploads\\\/2025\\\/08\\\/Zinc-60-vcaps.jpg\",\"width\":433,\"height\":577},{\"@type\":\"BreadcrumbList\",\"@id\":\"https:\\\/\\\/ecosupplements.be\\\/fr\\\/produit\\\/zinc-60-vcaps\\\/#breadcrumb\",\"itemListElement\":[{\"@type\":\"ListItem\",\"position\":1,\"name\":\"Home\",\"item\":\"https:\\\/\\\/ecosupplements.be\\\/fr\\\/\"},{\"@type\":\"ListItem\",\"position\":2,\"name\":\"Boutique\",\"item\":\"https:\\\/\\\/ecosupplements.be\\\/fr\\\/boutique\\\/\"},{\"@type\":\"ListItem\",\"position\":3,\"name\":\"Zinc &#8211; 60 vcaps\"}]},{\"@type\":\"WebSite\",\"@id\":\"https:\\\/\\\/ecosupplements.be\\\/fr\\\/#website\",\"url\":\"https:\\\/\\\/ecosupplements.be\\\/fr\\\/\",\"name\":\"ECO Supplements\",\"description\":\"Eco Supplements - Gezonde supplementen\",\"publisher\":{\"@id\":\"https:\\\/\\\/ecosupplements.be\\\/fr\\\/#organization\"},\"potentialAction\":[{\"@type\":\"SearchAction\",\"target\":{\"@type\":\"EntryPoint\",\"urlTemplate\":\"https:\\\/\\\/ecosupplements.be\\\/fr\\\/?s={search_term_string}\"},\"query-input\":{\"@type\":\"PropertyValueSpecification\",\"valueRequired\":true,\"valueName\":\"search_term_string\"}}],\"inLanguage\":\"fr-FR\"},{\"@type\":\"Organization\",\"@id\":\"https:\\\/\\\/ecosupplements.be\\\/fr\\\/#organization\",\"name\":\"Eco Supplements\",\"url\":\"https:\\\/\\\/ecosupplements.be\\\/fr\\\/\",\"logo\":{\"@type\":\"ImageObject\",\"inLanguage\":\"fr-FR\",\"@id\":\"https:\\\/\\\/ecosupplements.be\\\/fr\\\/#\\\/schema\\\/logo\\\/image\\\/\",\"url\":\"https:\\\/\\\/ecosupplements.be\\\/wp-content\\\/uploads\\\/2022\\\/06\\\/ecosupplement-family.png\",\"contentUrl\":\"https:\\\/\\\/ecosupplements.be\\\/wp-content\\\/uploads\\\/2022\\\/06\\\/ecosupplement-family.png\",\"width\":593,\"height\":374,\"caption\":\"Eco Supplements\"},\"image\":{\"@id\":\"https:\\\/\\\/ecosupplements.be\\\/fr\\\/#\\\/schema\\\/logo\\\/image\\\/\"}}]}<\/script>\n<meta property=\"product:brand\" content=\"Revive\" \/>\n<meta property=\"product:price:amount\" content=\"16.59\" \/>\n<meta property=\"product:price:currency\" content=\"EUR\" \/>\n<meta property=\"og:availability\" content=\"instock\" \/>\n<meta property=\"product:availability\" content=\"instock\" \/>\n<meta property=\"product:retailer_item_id\" content=\"850030689153\" \/>\n<meta property=\"product:condition\" content=\"new\" \/>\n<!-- \/ Yoast SEO Premium plugin. -->","yoast_head_json":{"title":"Zinc - 60 vcaps - ECO Supplements","description":"Wij hebben een ruime keuze aan producten van Zinc - 60 vcaps . Winkel bij Eco Supplements altijd gratis verzending boven 100\u20ac","robots":{"index":"index","follow":"follow","max-snippet":"max-snippet:-1","max-image-preview":"max-image-preview:large","max-video-preview":"max-video-preview:-1"},"canonical":"https:\/\/ecosupplements.be\/fr\/produit\/zinc-60-vcaps\/","og_locale":"fr_FR","og_type":"article","og_title":"Zinc - 60 vcaps","og_description":"Wij hebben een ruime keuze aan producten van Zinc - 60 vcaps . Winkel bij Eco Supplements altijd gratis verzending boven 100\u20ac","og_url":"https:\/\/ecosupplements.be\/fr\/produit\/zinc-60-vcaps\/","og_site_name":"ECO Supplements","article_modified_time":"2025-08-27T12:31:06+00:00","og_image":[{"width":433,"height":577,"url":"https:\/\/ecosupplements.be\/wp-content\/uploads\/2025\/08\/Zinc-60-vcaps-1.jpg","type":"image\/jpeg"}],"twitter_card":"summary_large_image","twitter_misc":{"Prix":"16.59&nbsp;&euro;","Disponibilit\u00e9":"En stock"},"schema":{"@context":"https:\/\/schema.org","@graph":[{"@type":["WebPage","ItemPage"],"@id":"https:\/\/ecosupplements.be\/fr\/produit\/zinc-60-vcaps\/","url":"https:\/\/ecosupplements.be\/fr\/produit\/zinc-60-vcaps\/","name":"Zinc - 60 vcaps - ECO Supplements","isPartOf":{"@id":"https:\/\/ecosupplements.be\/fr\/#website"},"primaryImageOfPage":{"@id":"https:\/\/ecosupplements.be\/fr\/produit\/zinc-60-vcaps\/#primaryimage"},"image":{"@id":"https:\/\/ecosupplements.be\/fr\/produit\/zinc-60-vcaps\/#primaryimage"},"thumbnailUrl":"https:\/\/ecosupplements.be\/wp-content\/uploads\/2025\/08\/Zinc-60-vcaps.jpg","datePublished":"2022-09-21T11:21:26+00:00","dateModified":"2025-08-27T12:31:06+00:00","description":"Wij hebben een ruime keuze aan producten van Zinc - 60 vcaps . Winkel bij Eco Supplements altijd gratis verzending boven 100\u20ac","breadcrumb":{"@id":"https:\/\/ecosupplements.be\/fr\/produit\/zinc-60-vcaps\/#breadcrumb"},"inLanguage":"fr-FR","potentialAction":[{"@type":"ReadAction","target":["https:\/\/ecosupplements.be\/fr\/produit\/zinc-60-vcaps\/"]}]},{"@type":"ImageObject","inLanguage":"fr-FR","@id":"https:\/\/ecosupplements.be\/fr\/produit\/zinc-60-vcaps\/#primaryimage","url":"https:\/\/ecosupplements.be\/wp-content\/uploads\/2025\/08\/Zinc-60-vcaps.jpg","contentUrl":"https:\/\/ecosupplements.be\/wp-content\/uploads\/2025\/08\/Zinc-60-vcaps.jpg","width":433,"height":577},{"@type":"BreadcrumbList","@id":"https:\/\/ecosupplements.be\/fr\/produit\/zinc-60-vcaps\/#breadcrumb","itemListElement":[{"@type":"ListItem","position":1,"name":"Home","item":"https:\/\/ecosupplements.be\/fr\/"},{"@type":"ListItem","position":2,"name":"Boutique","item":"https:\/\/ecosupplements.be\/fr\/boutique\/"},{"@type":"ListItem","position":3,"name":"Zinc &#8211; 60 vcaps"}]},{"@type":"WebSite","@id":"https:\/\/ecosupplements.be\/fr\/#website","url":"https:\/\/ecosupplements.be\/fr\/","name":"ECO Supplements","description":"Eco Supplements - Gezonde supplementen","publisher":{"@id":"https:\/\/ecosupplements.be\/fr\/#organization"},"potentialAction":[{"@type":"SearchAction","target":{"@type":"EntryPoint","urlTemplate":"https:\/\/ecosupplements.be\/fr\/?s={search_term_string}"},"query-input":{"@type":"PropertyValueSpecification","valueRequired":true,"valueName":"search_term_string"}}],"inLanguage":"fr-FR"},{"@type":"Organization","@id":"https:\/\/ecosupplements.be\/fr\/#organization","name":"Eco Supplements","url":"https:\/\/ecosupplements.be\/fr\/","logo":{"@type":"ImageObject","inLanguage":"fr-FR","@id":"https:\/\/ecosupplements.be\/fr\/#\/schema\/logo\/image\/","url":"https:\/\/ecosupplements.be\/wp-content\/uploads\/2022\/06\/ecosupplement-family.png","contentUrl":"https:\/\/ecosupplements.be\/wp-content\/uploads\/2022\/06\/ecosupplement-family.png","width":593,"height":374,"caption":"Eco Supplements"},"image":{"@id":"https:\/\/ecosupplements.be\/fr\/#\/schema\/logo\/image\/"}}]},"product_brand":"Revive","product_price_amount":"16.59","product_price_currency":"EUR","og_availability":"instock","product_availability":"instock","product_retailer_item_id":"850030689153","product_condition":"new"},"_links":{"self":[{"href":"https:\/\/ecosupplements.be\/fr\/wp-json\/wp\/v2\/product\/284317","targetHints":{"allow":["GET"]}}],"collection":[{"href":"https:\/\/ecosupplements.be\/fr\/wp-json\/wp\/v2\/product"}],"about":[{"href":"https:\/\/ecosupplements.be\/fr\/wp-json\/wp\/v2\/types\/product"}],"replies":[{"embeddable":true,"href":"https:\/\/ecosupplements.be\/fr\/wp-json\/wp\/v2\/comments?post=284317"}],"wp:featuredmedia":[{"embeddable":true,"href":"https:\/\/ecosupplements.be\/fr\/wp-json\/wp\/v2\/media\/260803"}],"wp:attachment":[{"href":"https:\/\/ecosupplements.be\/fr\/wp-json\/wp\/v2\/media?parent=284317"}],"wp:term":[{"taxonomy":"product_brand","embeddable":true,"href":"https:\/\/ecosupplements.be\/fr\/wp-json\/wp\/v2\/product_brand?post=284317"},{"taxonomy":"product_cat","embeddable":true,"href":"https:\/\/ecosupplements.be\/fr\/wp-json\/wp\/v2\/product_cat?post=284317"},{"taxonomy":"product_tag","embeddable":true,"href":"https:\/\/ecosupplements.be\/fr\/wp-json\/wp\/v2\/product_tag?post=284317"}],"curies":[{"name":"wp","href":"https:\/\/api.w.org\/{rel}","templated":true}]}}