{"id":284320,"date":"2022-09-22T12:56:45","date_gmt":"2022-09-22T11:56:45","guid":{"rendered":"https:\/\/ecosupplements.be\/product\/dr-formulated-probiotics-mood-60-vcaps\/"},"modified":"2025-08-27T13:31:10","modified_gmt":"2025-08-27T12:31:10","slug":"dr-formulated-probiotics-mood-60-vcaps","status":"publish","type":"product","link":"https:\/\/ecosupplements.be\/fr\/produit\/dr-formulated-probiotics-mood-60-vcaps\/","title":{"rendered":"Dr. Formulated Probiotics Mood+ &#8211; 60 vcaps"},"content":{"rendered":"<h1 style=\"text-align: center;\">Garden of Life &#8211; Probiotiques Mood+ de Dr. Formulated<\/h1>\n<p>Qu&#8217;est-ce que Microbiome Mood+ ?<br \/>\nLes g\u00e9lules Microbiome Mood+ Shelf de Garden of Life sont con\u00e7ues avec de l&#8217;ashwagandha pour aider \u00e0 promouvoir le bien-\u00eatre \u00e9motionnel et la relaxation. Note : Les microbiomes sont connus sous le nom de probiotiques aux Etats-Unis.<br \/>\nQue contient notre formule Microbiome Mood+ ?<br \/>\nCette formule unique est compos\u00e9e de 16 souches de microbiome diff\u00e9rentes et comprend \u00e9galement de l&#8217;ashwagandha et des myrtilles biologiques. L&#8217;ashwagandha est une plante connue pour ses propri\u00e9t\u00e9s adaptog\u00e8nes, ce qui signifie qu&#8217;elle peut aider le corps \u00e0 s&#8217;adapter physiquement et psychologiquement pendant les p\u00e9riodes de stress ou de fatigue. Les g\u00e9lules Microbiome Mood+ sont v\u00e9g\u00e9tariennes, sans gluten et certifi\u00e9es USDA Organic.<br \/>\nLes avantages de l&#8217;humeur du microbiome +<br \/>\nV\u00e9g\u00e9tarien, sans gluten<br \/>\nV\u00e9rifi\u00e9 par le projet Non-GMO, certifi\u00e9 biologique USDA<br \/>\nSans supports, charges, colorants, ar\u00f4mes, \u00e9dulcorants ou conservateurs artificiels.<br \/>\nAucune r\u00e9frig\u00e9ration requise<br \/>\nContient L. helveticus R0052 et B. longum R0175 \u00e9tudi\u00e9s cliniquement pour le bien-\u00eatre \u00e9motionnel<br \/>\nContient 350mg d&#8217;Ashwagandha biologique et de myrtilles d&#8217;Alaska biologiques pour la gestion du stress<br \/>\n16 souches brutes du microbiome ; 50 milliards d&#8217;UFC pour favoriser l&#8217;\u00e9quilibre digestif<br \/>\nCompos\u00e9 d&#8217;Ashwagandha, de myrtilles d&#8217;Alaska et de fibres d&#8217;Acacia<\/p>\n<p><img decoding=\"async\" src=\"https:\/\/ecosupplements.be\/wp-content\/uploads\/2025\/08\/gluten-free-1.png\" title=\"Sans gluten\" alt=\"Gluten free\"><img decoding=\"async\" src=\"https:\/\/ecosupplements.be\/wp-content\/uploads\/2025\/08\/non-gmo-1.png\" title=\"Non-OGM\" alt=\"Non-GMO\"><img decoding=\"async\" src=\"https:\/\/ecosupplements.be\/wp-content\/uploads\/2025\/08\/vegetarian-1.png\" title=\"V\u00e9g\u00e9tarien\" alt=\"Vegetarian\"><\/p>\n<p>Compl\u00e9ment alimentaire :<br \/>\nPortion : 2 Capsules<br \/>\nPortions par conteneur : 30<br \/>\nQuantit\u00e9 par portion :<br \/>\nM\u00e9lange probiotique de l&#8217;humeur 200mg<br \/>\nLactobacillus acidophilus<br \/>\nLactobacillus plantarum<br \/>\nLactobacillus helveticus R0052<br \/>\nLactobacillus paracasei<br \/>\nLactobacillus casei<br \/>\nLactobacillus brevis<br \/>\nLactobacillus rhamnosus<br \/>\nLactobacillus bulgaricus<br \/>\nLactobacillus gasseri<br \/>\nLactobacillus salivarius<br \/>\nTotal Lacto Cultures (45 milliards CFU)<br \/>\nBifidobacterium lactis<br \/>\nBifidobacterium longum R0175<br \/>\nBifidobacterium bifidum<br \/>\nBifidobacterium breve<br \/>\nBifidobacterium infantis<br \/>\nBifidobacterium longum<br \/>\nCultures Bifido totales (5 milliards de CFU)<br \/>\nCultures probiotiques totales 50 milliards CFU<br \/>\nM\u00e9lange de soutien au stress 350mg&nbsp;<br \/>\nAshwagandha biologique (racine), myrtille (fruit)<br \/>\nM\u00e9lange de fibres pr\u00e9biotiques biologiques 675mg<br \/>\nPomme de terre biologique [Amidon r\u00e9sistant] (tubercule), Fibre d&#8217;acacia biologique (A. senegal)<br \/>\nDr. Formulated Probiotics Mood+ Autres ingr\u00e9dients :<br \/>\nCellulose v\u00e9g\u00e9tale non OGM (capsule).<br \/>\nFabriqu\u00e9 dans une installation qui traite \u00e9galement le soja, les produits laitiers, les arachides, les noix et les crustac\u00e9s.&nbsp;<br \/>\nDr. Formulated Probiotics Mood+ Utilisation recommand\u00e9e :<br \/>\nLes adultes prennent 2 capsules par jour. Peut \u00eatre pris avec ou sans nourriture. Les g\u00e9lules peuvent \u00eatre ouvertes. Le contenu peut \u00eatre pris directement avec de l&#8217;eau ou du jus. Non destin\u00e9 aux enfants.<br \/>\nAvertissements :<br \/>\nL. helveticus R0052 et B. longum R0175 sont ferment\u00e9s dans des milieux qui peuvent inclure des traces de soja et de produits laitiers.<br \/>\nComme pour tout compl\u00e9ment alimentaire, consultez votre professionnel de la sant\u00e9 avant d&#8217;utiliser ce produit, surtout si vous \u00eates enceinte, si vous allaitez, si vous donnez un produit \u00e0 des enfants, si vous pr\u00e9voyez une intervention chirurgicale, si vous prenez des m\u00e9dicaments r\u00e9guli\u00e8rement ou si vous \u00eates autrement sous surveillance m\u00e9dicale. Tenir hors de port\u00e9e des enfants. Ne pas utiliser si le sceau de s\u00e9curit\u00e9 est bris\u00e9 ou manquant. La taille de l&#8217;emballage est d\u00e9termin\u00e9e par les informations figurant sur l&#8217;\u00e9tiquette, et non par le nombre de portions contenues dans le r\u00e9cipient. La taille des portions et le contenu sont clairement indiqu\u00e9s.<\/p>\n","protected":false},"excerpt":{"rendered":"<p>Garden of Life &#8211; Probiotiques Mood+ de Dr. Formulated Qu&#8217;est-ce que Microbiome Mood+ ? Les g\u00e9lules Microbiome Mood+ Shelf de Garden of Life sont con\u00e7ues avec de l&#8217;ashwagandha pour aider \u00e0 promouvoir le bien-\u00eatre \u00e9motionnel et la relaxation. Note : Les microbiomes sont connus sous le nom de probiotiques aux Etats-Unis. Que contient notre formule [&#8230;]\n","protected":false},"featured_media":260809,"comment_status":"open","ping_status":"open","template":"","meta":[],"product_brand":[4810],"product_cat":[5119,5086,5087,5052],"product_tag":[],"class_list":{"0":"post-284320","1":"product","2":"type-product","3":"status-publish","4":"has-post-thumbnail","6":"product_brand-garden-of-life-2","7":"product_cat-amelioration-de-lhumeur","8":"product_cat-probiotiques","9":"product_cat-sante-digestive-fibres","10":"product_cat-sante-et-bien-etre","12":"first","13":"instock","14":"featured","15":"taxable","16":"shipping-taxable","17":"purchasable","18":"product-type-simple"},"yoast_head":"<!-- This site is optimized with the Yoast SEO Premium plugin v27.3 (Yoast SEO v27.3) - https:\/\/yoast.com\/product\/yoast-seo-premium-wordpress\/ -->\n<title>Dr. Formulated Probiotics Mood+ - 60 vcaps - ECO Supplements<\/title>\n<meta name=\"description\" content=\"Wij hebben een ruime keuze aan producten van Dr. Formulated Probiotics Mood+ - 60 vcaps . Winkel bij Eco Supplements altijd gratis verzending boven 100\u20ac\" \/>\n<meta name=\"robots\" content=\"index, follow, max-snippet:-1, max-image-preview:large, max-video-preview:-1\" \/>\n<link rel=\"canonical\" href=\"https:\/\/ecosupplements.be\/fr\/produit\/dr-formulated-probiotics-mood-60-vcaps\/\" \/>\n<meta property=\"og:locale\" content=\"fr_FR\" \/>\n<meta property=\"og:type\" content=\"article\" \/>\n<meta property=\"og:title\" content=\"Dr. Formulated Probiotics Mood+ - 60 vcaps\" \/>\n<meta property=\"og:description\" content=\"Wij hebben een ruime keuze aan producten van Dr. Formulated Probiotics Mood+ - 60 vcaps . Winkel bij Eco Supplements altijd gratis verzending boven 100\u20ac\" \/>\n<meta property=\"og:url\" content=\"https:\/\/ecosupplements.be\/fr\/produit\/dr-formulated-probiotics-mood-60-vcaps\/\" \/>\n<meta property=\"og:site_name\" content=\"ECO Supplements\" \/>\n<meta property=\"article:modified_time\" content=\"2025-08-27T12:31:10+00:00\" \/>\n<meta property=\"og:image\" content=\"https:\/\/ecosupplements.be\/wp-content\/uploads\/2025\/08\/Dr.-Formulated-Probiotics-Mood-60-vcaps.jpg\" \/>\n\t<meta property=\"og:image:width\" content=\"569\" \/>\n\t<meta property=\"og:image:height\" content=\"989\" \/>\n\t<meta property=\"og:image:type\" content=\"image\/jpeg\" \/>\n<meta name=\"twitter:card\" content=\"summary_large_image\" \/>\n<meta name=\"twitter:label1\" content=\"Prix\" \/>\n\t<meta name=\"twitter:data1\" content=\"49.34&nbsp;&euro;\" \/>\n\t<meta name=\"twitter:label2\" content=\"Disponibilit\u00e9\" \/>\n\t<meta name=\"twitter:data2\" content=\"En stock\" \/>\n<script type=\"application\/ld+json\" class=\"yoast-schema-graph\">{\"@context\":\"https:\\\/\\\/schema.org\",\"@graph\":[{\"@type\":[\"WebPage\",\"ItemPage\"],\"@id\":\"https:\\\/\\\/ecosupplements.be\\\/fr\\\/produit\\\/dr-formulated-probiotics-mood-60-vcaps\\\/\",\"url\":\"https:\\\/\\\/ecosupplements.be\\\/fr\\\/produit\\\/dr-formulated-probiotics-mood-60-vcaps\\\/\",\"name\":\"Dr. Formulated Probiotics Mood+ - 60 vcaps - ECO Supplements\",\"isPartOf\":{\"@id\":\"https:\\\/\\\/ecosupplements.be\\\/fr\\\/#website\"},\"primaryImageOfPage\":{\"@id\":\"https:\\\/\\\/ecosupplements.be\\\/fr\\\/produit\\\/dr-formulated-probiotics-mood-60-vcaps\\\/#primaryimage\"},\"image\":{\"@id\":\"https:\\\/\\\/ecosupplements.be\\\/fr\\\/produit\\\/dr-formulated-probiotics-mood-60-vcaps\\\/#primaryimage\"},\"thumbnailUrl\":\"https:\\\/\\\/ecosupplements.be\\\/wp-content\\\/uploads\\\/2025\\\/08\\\/Dr.-Formulated-Probiotics-Mood-60-vcaps.jpg\",\"datePublished\":\"2022-09-22T11:56:45+00:00\",\"dateModified\":\"2025-08-27T12:31:10+00:00\",\"description\":\"Wij hebben een ruime keuze aan producten van Dr. Formulated Probiotics Mood+ - 60 vcaps . Winkel bij Eco Supplements altijd gratis verzending boven 100\u20ac\",\"breadcrumb\":{\"@id\":\"https:\\\/\\\/ecosupplements.be\\\/fr\\\/produit\\\/dr-formulated-probiotics-mood-60-vcaps\\\/#breadcrumb\"},\"inLanguage\":\"fr-FR\",\"potentialAction\":[{\"@type\":\"ReadAction\",\"target\":[\"https:\\\/\\\/ecosupplements.be\\\/fr\\\/produit\\\/dr-formulated-probiotics-mood-60-vcaps\\\/\"]}]},{\"@type\":\"ImageObject\",\"inLanguage\":\"fr-FR\",\"@id\":\"https:\\\/\\\/ecosupplements.be\\\/fr\\\/produit\\\/dr-formulated-probiotics-mood-60-vcaps\\\/#primaryimage\",\"url\":\"https:\\\/\\\/ecosupplements.be\\\/wp-content\\\/uploads\\\/2025\\\/08\\\/Dr.-Formulated-Probiotics-Mood-60-vcaps.jpg\",\"contentUrl\":\"https:\\\/\\\/ecosupplements.be\\\/wp-content\\\/uploads\\\/2025\\\/08\\\/Dr.-Formulated-Probiotics-Mood-60-vcaps.jpg\",\"width\":569,\"height\":989},{\"@type\":\"BreadcrumbList\",\"@id\":\"https:\\\/\\\/ecosupplements.be\\\/fr\\\/produit\\\/dr-formulated-probiotics-mood-60-vcaps\\\/#breadcrumb\",\"itemListElement\":[{\"@type\":\"ListItem\",\"position\":1,\"name\":\"Home\",\"item\":\"https:\\\/\\\/ecosupplements.be\\\/fr\\\/\"},{\"@type\":\"ListItem\",\"position\":2,\"name\":\"Boutique\",\"item\":\"https:\\\/\\\/ecosupplements.be\\\/fr\\\/boutique\\\/\"},{\"@type\":\"ListItem\",\"position\":3,\"name\":\"Dr. Formulated Probiotics Mood+ &#8211; 60 vcaps\"}]},{\"@type\":\"WebSite\",\"@id\":\"https:\\\/\\\/ecosupplements.be\\\/fr\\\/#website\",\"url\":\"https:\\\/\\\/ecosupplements.be\\\/fr\\\/\",\"name\":\"ECO Supplements\",\"description\":\"Eco Supplements - Gezonde supplementen\",\"publisher\":{\"@id\":\"https:\\\/\\\/ecosupplements.be\\\/fr\\\/#organization\"},\"potentialAction\":[{\"@type\":\"SearchAction\",\"target\":{\"@type\":\"EntryPoint\",\"urlTemplate\":\"https:\\\/\\\/ecosupplements.be\\\/fr\\\/?s={search_term_string}\"},\"query-input\":{\"@type\":\"PropertyValueSpecification\",\"valueRequired\":true,\"valueName\":\"search_term_string\"}}],\"inLanguage\":\"fr-FR\"},{\"@type\":\"Organization\",\"@id\":\"https:\\\/\\\/ecosupplements.be\\\/fr\\\/#organization\",\"name\":\"Eco Supplements\",\"url\":\"https:\\\/\\\/ecosupplements.be\\\/fr\\\/\",\"logo\":{\"@type\":\"ImageObject\",\"inLanguage\":\"fr-FR\",\"@id\":\"https:\\\/\\\/ecosupplements.be\\\/fr\\\/#\\\/schema\\\/logo\\\/image\\\/\",\"url\":\"https:\\\/\\\/ecosupplements.be\\\/wp-content\\\/uploads\\\/2022\\\/06\\\/ecosupplement-family.png\",\"contentUrl\":\"https:\\\/\\\/ecosupplements.be\\\/wp-content\\\/uploads\\\/2022\\\/06\\\/ecosupplement-family.png\",\"width\":593,\"height\":374,\"caption\":\"Eco Supplements\"},\"image\":{\"@id\":\"https:\\\/\\\/ecosupplements.be\\\/fr\\\/#\\\/schema\\\/logo\\\/image\\\/\"}}]}<\/script>\n<meta property=\"product:brand\" content=\"Garden of Life\" \/>\n<meta property=\"product:price:amount\" content=\"49.34\" \/>\n<meta property=\"product:price:currency\" content=\"EUR\" \/>\n<meta property=\"og:availability\" content=\"instock\" \/>\n<meta property=\"product:availability\" content=\"instock\" \/>\n<meta property=\"product:retailer_item_id\" content=\"658010120043\" \/>\n<meta property=\"product:condition\" content=\"new\" \/>\n<!-- \/ Yoast SEO Premium plugin. -->","yoast_head_json":{"title":"Dr. Formulated Probiotics Mood+ - 60 vcaps - ECO Supplements","description":"Wij hebben een ruime keuze aan producten van Dr. Formulated Probiotics Mood+ - 60 vcaps . Winkel bij Eco Supplements altijd gratis verzending boven 100\u20ac","robots":{"index":"index","follow":"follow","max-snippet":"max-snippet:-1","max-image-preview":"max-image-preview:large","max-video-preview":"max-video-preview:-1"},"canonical":"https:\/\/ecosupplements.be\/fr\/produit\/dr-formulated-probiotics-mood-60-vcaps\/","og_locale":"fr_FR","og_type":"article","og_title":"Dr. Formulated Probiotics Mood+ - 60 vcaps","og_description":"Wij hebben een ruime keuze aan producten van Dr. Formulated Probiotics Mood+ - 60 vcaps . Winkel bij Eco Supplements altijd gratis verzending boven 100\u20ac","og_url":"https:\/\/ecosupplements.be\/fr\/produit\/dr-formulated-probiotics-mood-60-vcaps\/","og_site_name":"ECO Supplements","article_modified_time":"2025-08-27T12:31:10+00:00","og_image":[{"width":569,"height":989,"url":"https:\/\/ecosupplements.be\/wp-content\/uploads\/2025\/08\/Dr.-Formulated-Probiotics-Mood-60-vcaps.jpg","type":"image\/jpeg"}],"twitter_card":"summary_large_image","twitter_misc":{"Prix":"49.34&nbsp;&euro;","Disponibilit\u00e9":"En stock"},"schema":{"@context":"https:\/\/schema.org","@graph":[{"@type":["WebPage","ItemPage"],"@id":"https:\/\/ecosupplements.be\/fr\/produit\/dr-formulated-probiotics-mood-60-vcaps\/","url":"https:\/\/ecosupplements.be\/fr\/produit\/dr-formulated-probiotics-mood-60-vcaps\/","name":"Dr. Formulated Probiotics Mood+ - 60 vcaps - ECO Supplements","isPartOf":{"@id":"https:\/\/ecosupplements.be\/fr\/#website"},"primaryImageOfPage":{"@id":"https:\/\/ecosupplements.be\/fr\/produit\/dr-formulated-probiotics-mood-60-vcaps\/#primaryimage"},"image":{"@id":"https:\/\/ecosupplements.be\/fr\/produit\/dr-formulated-probiotics-mood-60-vcaps\/#primaryimage"},"thumbnailUrl":"https:\/\/ecosupplements.be\/wp-content\/uploads\/2025\/08\/Dr.-Formulated-Probiotics-Mood-60-vcaps.jpg","datePublished":"2022-09-22T11:56:45+00:00","dateModified":"2025-08-27T12:31:10+00:00","description":"Wij hebben een ruime keuze aan producten van Dr. Formulated Probiotics Mood+ - 60 vcaps . Winkel bij Eco Supplements altijd gratis verzending boven 100\u20ac","breadcrumb":{"@id":"https:\/\/ecosupplements.be\/fr\/produit\/dr-formulated-probiotics-mood-60-vcaps\/#breadcrumb"},"inLanguage":"fr-FR","potentialAction":[{"@type":"ReadAction","target":["https:\/\/ecosupplements.be\/fr\/produit\/dr-formulated-probiotics-mood-60-vcaps\/"]}]},{"@type":"ImageObject","inLanguage":"fr-FR","@id":"https:\/\/ecosupplements.be\/fr\/produit\/dr-formulated-probiotics-mood-60-vcaps\/#primaryimage","url":"https:\/\/ecosupplements.be\/wp-content\/uploads\/2025\/08\/Dr.-Formulated-Probiotics-Mood-60-vcaps.jpg","contentUrl":"https:\/\/ecosupplements.be\/wp-content\/uploads\/2025\/08\/Dr.-Formulated-Probiotics-Mood-60-vcaps.jpg","width":569,"height":989},{"@type":"BreadcrumbList","@id":"https:\/\/ecosupplements.be\/fr\/produit\/dr-formulated-probiotics-mood-60-vcaps\/#breadcrumb","itemListElement":[{"@type":"ListItem","position":1,"name":"Home","item":"https:\/\/ecosupplements.be\/fr\/"},{"@type":"ListItem","position":2,"name":"Boutique","item":"https:\/\/ecosupplements.be\/fr\/boutique\/"},{"@type":"ListItem","position":3,"name":"Dr. Formulated Probiotics Mood+ &#8211; 60 vcaps"}]},{"@type":"WebSite","@id":"https:\/\/ecosupplements.be\/fr\/#website","url":"https:\/\/ecosupplements.be\/fr\/","name":"ECO Supplements","description":"Eco Supplements - Gezonde supplementen","publisher":{"@id":"https:\/\/ecosupplements.be\/fr\/#organization"},"potentialAction":[{"@type":"SearchAction","target":{"@type":"EntryPoint","urlTemplate":"https:\/\/ecosupplements.be\/fr\/?s={search_term_string}"},"query-input":{"@type":"PropertyValueSpecification","valueRequired":true,"valueName":"search_term_string"}}],"inLanguage":"fr-FR"},{"@type":"Organization","@id":"https:\/\/ecosupplements.be\/fr\/#organization","name":"Eco Supplements","url":"https:\/\/ecosupplements.be\/fr\/","logo":{"@type":"ImageObject","inLanguage":"fr-FR","@id":"https:\/\/ecosupplements.be\/fr\/#\/schema\/logo\/image\/","url":"https:\/\/ecosupplements.be\/wp-content\/uploads\/2022\/06\/ecosupplement-family.png","contentUrl":"https:\/\/ecosupplements.be\/wp-content\/uploads\/2022\/06\/ecosupplement-family.png","width":593,"height":374,"caption":"Eco Supplements"},"image":{"@id":"https:\/\/ecosupplements.be\/fr\/#\/schema\/logo\/image\/"}}]},"product_brand":"Garden of Life","product_price_amount":"49.34","product_price_currency":"EUR","og_availability":"instock","product_availability":"instock","product_retailer_item_id":"658010120043","product_condition":"new"},"_links":{"self":[{"href":"https:\/\/ecosupplements.be\/fr\/wp-json\/wp\/v2\/product\/284320","targetHints":{"allow":["GET"]}}],"collection":[{"href":"https:\/\/ecosupplements.be\/fr\/wp-json\/wp\/v2\/product"}],"about":[{"href":"https:\/\/ecosupplements.be\/fr\/wp-json\/wp\/v2\/types\/product"}],"replies":[{"embeddable":true,"href":"https:\/\/ecosupplements.be\/fr\/wp-json\/wp\/v2\/comments?post=284320"}],"wp:featuredmedia":[{"embeddable":true,"href":"https:\/\/ecosupplements.be\/fr\/wp-json\/wp\/v2\/media\/260809"}],"wp:attachment":[{"href":"https:\/\/ecosupplements.be\/fr\/wp-json\/wp\/v2\/media?parent=284320"}],"wp:term":[{"taxonomy":"product_brand","embeddable":true,"href":"https:\/\/ecosupplements.be\/fr\/wp-json\/wp\/v2\/product_brand?post=284320"},{"taxonomy":"product_cat","embeddable":true,"href":"https:\/\/ecosupplements.be\/fr\/wp-json\/wp\/v2\/product_cat?post=284320"},{"taxonomy":"product_tag","embeddable":true,"href":"https:\/\/ecosupplements.be\/fr\/wp-json\/wp\/v2\/product_tag?post=284320"}],"curies":[{"name":"wp","href":"https:\/\/api.w.org\/{rel}","templated":true}]}}