{"id":284329,"date":"2022-09-22T12:56:52","date_gmt":"2022-09-22T11:56:52","guid":{"rendered":"https:\/\/ecosupplements.be\/product\/dr-formulated-probiotics-once-daily-womens-30-vcaps\/"},"modified":"2025-08-27T13:31:30","modified_gmt":"2025-08-27T12:31:30","slug":"dr-formulated-probiotics-once-daily-womens-30-vcaps","status":"publish","type":"product","link":"https:\/\/ecosupplements.be\/fr\/produit\/dr-formulated-probiotics-once-daily-womens-30-vcaps\/","title":{"rendered":"Dr. Formulated Probiotics Once Daily Women&#8217;s &#8211; 30 vcaps"},"content":{"rendered":"<h1 style=\"text-align: center;\">Garden of Life &#8211; Probiotiques Dr. Formulated une fois par jour pour les femmes<\/h1>\n<p>Soutient la sant\u00e9 des femmes<br \/>\nSoutient le syst\u00e8me immunitaire et la sant\u00e9 digestive<br \/>\n16 souches probiotiques ; 50 milliards d&#8217;UFC<br \/>\nPromesse de puissance stable sur les \u00e9tag\u00e8res ; pas de r\u00e9frig\u00e9ration n\u00e9cessaire<\/p>\n<p><img decoding=\"async\" src=\"https:\/\/ecosupplements.be\/wp-content\/uploads\/2025\/08\/gluten-free-1.png\" title=\"Sans gluten\" alt=\"Gluten free\"><img decoding=\"async\" src=\"https:\/\/ecosupplements.be\/wp-content\/uploads\/2025\/08\/non-gmo-1.png\" title=\"Non-OGM\" alt=\"Non-GMO\"><img decoding=\"async\" src=\"https:\/\/ecosupplements.be\/wp-content\/uploads\/2025\/08\/vegetarian-1.png\" title=\"V\u00e9g\u00e9tarien\" alt=\"Vegetarian\"><img decoding=\"async\" src=\"https:\/\/ecosupplements.be\/wp-content\/uploads\/2025\/08\/soy-free-1.png\" title=\"Sans soja\" alt=\"Soy-free\"><\/p>\n<p>Faits compl\u00e9mentaires :<br \/>\nPortion : 1 Capsule<br \/>\nPortions par conteneur : 30<br \/>\nQuantit\u00e9 par portion :<br \/>\nM\u00e9lange probiotique quotidien pour femmes 248mg<br \/>\nLactobacillus acidophilus<br \/>\nLactobacillus plantarum<br \/>\nLactobacillus casei<br \/>\nLactobacillus paracasei<br \/>\nLactobacillus bulgaricus<br \/>\nLactobacillus brevis<br \/>\nLactobacillus reuteri<br \/>\nLactobacillus salivarius<br \/>\nLactobacillus fermentum<br \/>\nLactobacillus gasseri<br \/>\nLactobacillus rhamnosus<br \/>\nTotal Lacto Cultures (40 milliards CFU)<br \/>\nBifidobacterium lactis<br \/>\nBifidobacterium bifidum<br \/>\nBifidobacterium breve<br \/>\nBifidobacterium infantis<br \/>\nBifidobacterium longum<br \/>\nCultures Bifido totales (10 milliards de CFU)<br \/>\nCultures probiotiques totales 50 milliards CFU<br \/>\nM\u00e9lange de fibres pr\u00e9biotiques biologiques 377mg<br \/>\nPomme de terre biologique [amidon r\u00e9sistant] (tubercule), fibre d&#8217;acacia biologique (A. sengal)<br \/>\nDr. Formulated Probiotics Once Daily Women&#8217;s Autres ingr\u00e9dients :<br \/>\nCellulose v\u00e9g\u00e9tale non OGM (capsule).<br \/>\nDr. Formulated Probiotics Once Daily Usage recommand\u00e9 pour les femmes :<br \/>\nLes adultes prennent 1 capsule par jour. Peut \u00eatre pris avec ou sans nourriture. Les g\u00e9lules peuvent \u00eatre ouvertes. Le contenu peut \u00eatre pris directement avec de l&#8217;eau ou du jus. Non destin\u00e9 aux enfants.<br \/>\nAvertissements :<br \/>\nComme pour tout compl\u00e9ment alimentaire, consultez votre professionnel de la sant\u00e9 avant d&#8217;utiliser ce produit, surtout si vous \u00eates enceinte, si vous allaitez, si vous pr\u00e9voyez une intervention chirurgicale, si vous prenez des m\u00e9dicaments r\u00e9guli\u00e8rement ou si vous \u00eates autrement sous surveillance m\u00e9dicale.<br \/>\nTenir hors de port\u00e9e des enfants. Ne pas utiliser si le sceau de s\u00e9curit\u00e9 est bris\u00e9 ou manquant.<\/p>\n","protected":false},"excerpt":{"rendered":"<p>Garden of Life &#8211; Probiotiques Dr. Formulated une fois par jour pour les femmes Soutient la sant\u00e9 des femmes Soutient le syst\u00e8me immunitaire et la sant\u00e9 digestive 16 souches probiotiques ; 50 milliards d&#8217;UFC Promesse de puissance stable sur les \u00e9tag\u00e8res ; pas de r\u00e9frig\u00e9ration n\u00e9cessaire Faits compl\u00e9mentaires : Portion : 1 Capsule Portions par [&#8230;]\n","protected":false},"featured_media":260818,"comment_status":"open","ping_status":"open","template":"","meta":[],"product_brand":[4810],"product_cat":[5089,5052,5113,5053],"product_tag":[],"class_list":{"0":"post-284329","1":"product","2":"type-product","3":"status-publish","4":"has-post-thumbnail","6":"product_brand-garden-of-life-2","7":"product_cat-complements-alimentaires-pour-femmes","8":"product_cat-sante-et-bien-etre","9":"product_cat-supplements-pour-les-femmes","10":"product_cat-vitamines-et-mineraux","12":"first","13":"instock","14":"taxable","15":"shipping-taxable","16":"purchasable","17":"product-type-simple"},"yoast_head":"<!-- This site is optimized with the Yoast SEO Premium plugin v27.3 (Yoast SEO v27.3) - https:\/\/yoast.com\/product\/yoast-seo-premium-wordpress\/ -->\n<title>Dr. Formulated Probiotics Once Daily Women&#039;s - 30 vcaps - ECO Supplements<\/title>\n<meta name=\"description\" content=\"Wij hebben een ruime keuze aan producten van Dr. Formulated Probiotics Once Daily Women&#039;s - 30 vcaps . Winkel bij Eco Supplements altijd gratis verzending boven 100\u20ac\" \/>\n<meta name=\"robots\" content=\"index, follow, max-snippet:-1, max-image-preview:large, max-video-preview:-1\" \/>\n<link rel=\"canonical\" href=\"https:\/\/ecosupplements.be\/fr\/produit\/dr-formulated-probiotics-once-daily-womens-30-vcaps\/\" \/>\n<meta property=\"og:locale\" content=\"fr_FR\" \/>\n<meta property=\"og:type\" content=\"article\" \/>\n<meta property=\"og:title\" content=\"Dr. Formulated Probiotics Once Daily Women&#039;s - 30 vcaps\" \/>\n<meta property=\"og:description\" content=\"Wij hebben een ruime keuze aan producten van Dr. Formulated Probiotics Once Daily Women&#039;s - 30 vcaps . Winkel bij Eco Supplements altijd gratis verzending boven 100\u20ac\" \/>\n<meta property=\"og:url\" content=\"https:\/\/ecosupplements.be\/fr\/produit\/dr-formulated-probiotics-once-daily-womens-30-vcaps\/\" \/>\n<meta property=\"og:site_name\" content=\"ECO Supplements\" \/>\n<meta property=\"article:modified_time\" content=\"2025-08-27T12:31:30+00:00\" \/>\n<meta property=\"og:image\" content=\"https:\/\/ecosupplements.be\/wp-content\/uploads\/2025\/08\/Dr.-Formulated-Probiotics-Once-Daily-Womens-30-vcaps.jpg\" \/>\n\t<meta property=\"og:image:width\" content=\"559\" \/>\n\t<meta property=\"og:image:height\" content=\"976\" \/>\n\t<meta property=\"og:image:type\" content=\"image\/jpeg\" \/>\n<meta name=\"twitter:card\" content=\"summary_large_image\" \/>\n<meta name=\"twitter:label1\" content=\"Prix\" \/>\n\t<meta name=\"twitter:data1\" content=\"47.13&nbsp;&euro;\" \/>\n\t<meta name=\"twitter:label2\" content=\"Disponibilit\u00e9\" \/>\n\t<meta name=\"twitter:data2\" content=\"En stock\" \/>\n<script type=\"application\/ld+json\" class=\"yoast-schema-graph\">{\"@context\":\"https:\\\/\\\/schema.org\",\"@graph\":[{\"@type\":[\"WebPage\",\"ItemPage\"],\"@id\":\"https:\\\/\\\/ecosupplements.be\\\/fr\\\/produit\\\/dr-formulated-probiotics-once-daily-womens-30-vcaps\\\/\",\"url\":\"https:\\\/\\\/ecosupplements.be\\\/fr\\\/produit\\\/dr-formulated-probiotics-once-daily-womens-30-vcaps\\\/\",\"name\":\"Dr. Formulated Probiotics Once Daily Women's - 30 vcaps - ECO Supplements\",\"isPartOf\":{\"@id\":\"https:\\\/\\\/ecosupplements.be\\\/fr\\\/#website\"},\"primaryImageOfPage\":{\"@id\":\"https:\\\/\\\/ecosupplements.be\\\/fr\\\/produit\\\/dr-formulated-probiotics-once-daily-womens-30-vcaps\\\/#primaryimage\"},\"image\":{\"@id\":\"https:\\\/\\\/ecosupplements.be\\\/fr\\\/produit\\\/dr-formulated-probiotics-once-daily-womens-30-vcaps\\\/#primaryimage\"},\"thumbnailUrl\":\"https:\\\/\\\/ecosupplements.be\\\/wp-content\\\/uploads\\\/2025\\\/08\\\/Dr.-Formulated-Probiotics-Once-Daily-Womens-30-vcaps.jpg\",\"datePublished\":\"2022-09-22T11:56:52+00:00\",\"dateModified\":\"2025-08-27T12:31:30+00:00\",\"description\":\"Wij hebben een ruime keuze aan producten van Dr. Formulated Probiotics Once Daily Women's - 30 vcaps . Winkel bij Eco Supplements altijd gratis verzending boven 100\u20ac\",\"breadcrumb\":{\"@id\":\"https:\\\/\\\/ecosupplements.be\\\/fr\\\/produit\\\/dr-formulated-probiotics-once-daily-womens-30-vcaps\\\/#breadcrumb\"},\"inLanguage\":\"fr-FR\",\"potentialAction\":[{\"@type\":\"ReadAction\",\"target\":[\"https:\\\/\\\/ecosupplements.be\\\/fr\\\/produit\\\/dr-formulated-probiotics-once-daily-womens-30-vcaps\\\/\"]}]},{\"@type\":\"ImageObject\",\"inLanguage\":\"fr-FR\",\"@id\":\"https:\\\/\\\/ecosupplements.be\\\/fr\\\/produit\\\/dr-formulated-probiotics-once-daily-womens-30-vcaps\\\/#primaryimage\",\"url\":\"https:\\\/\\\/ecosupplements.be\\\/wp-content\\\/uploads\\\/2025\\\/08\\\/Dr.-Formulated-Probiotics-Once-Daily-Womens-30-vcaps.jpg\",\"contentUrl\":\"https:\\\/\\\/ecosupplements.be\\\/wp-content\\\/uploads\\\/2025\\\/08\\\/Dr.-Formulated-Probiotics-Once-Daily-Womens-30-vcaps.jpg\",\"width\":559,\"height\":976},{\"@type\":\"BreadcrumbList\",\"@id\":\"https:\\\/\\\/ecosupplements.be\\\/fr\\\/produit\\\/dr-formulated-probiotics-once-daily-womens-30-vcaps\\\/#breadcrumb\",\"itemListElement\":[{\"@type\":\"ListItem\",\"position\":1,\"name\":\"Home\",\"item\":\"https:\\\/\\\/ecosupplements.be\\\/fr\\\/\"},{\"@type\":\"ListItem\",\"position\":2,\"name\":\"Boutique\",\"item\":\"https:\\\/\\\/ecosupplements.be\\\/fr\\\/boutique\\\/\"},{\"@type\":\"ListItem\",\"position\":3,\"name\":\"Dr. Formulated Probiotics Once Daily Women&#8217;s &#8211; 30 vcaps\"}]},{\"@type\":\"WebSite\",\"@id\":\"https:\\\/\\\/ecosupplements.be\\\/fr\\\/#website\",\"url\":\"https:\\\/\\\/ecosupplements.be\\\/fr\\\/\",\"name\":\"ECO Supplements\",\"description\":\"Eco Supplements - Gezonde supplementen\",\"publisher\":{\"@id\":\"https:\\\/\\\/ecosupplements.be\\\/fr\\\/#organization\"},\"potentialAction\":[{\"@type\":\"SearchAction\",\"target\":{\"@type\":\"EntryPoint\",\"urlTemplate\":\"https:\\\/\\\/ecosupplements.be\\\/fr\\\/?s={search_term_string}\"},\"query-input\":{\"@type\":\"PropertyValueSpecification\",\"valueRequired\":true,\"valueName\":\"search_term_string\"}}],\"inLanguage\":\"fr-FR\"},{\"@type\":\"Organization\",\"@id\":\"https:\\\/\\\/ecosupplements.be\\\/fr\\\/#organization\",\"name\":\"Eco Supplements\",\"url\":\"https:\\\/\\\/ecosupplements.be\\\/fr\\\/\",\"logo\":{\"@type\":\"ImageObject\",\"inLanguage\":\"fr-FR\",\"@id\":\"https:\\\/\\\/ecosupplements.be\\\/fr\\\/#\\\/schema\\\/logo\\\/image\\\/\",\"url\":\"https:\\\/\\\/ecosupplements.be\\\/wp-content\\\/uploads\\\/2022\\\/06\\\/ecosupplement-family.png\",\"contentUrl\":\"https:\\\/\\\/ecosupplements.be\\\/wp-content\\\/uploads\\\/2022\\\/06\\\/ecosupplement-family.png\",\"width\":593,\"height\":374,\"caption\":\"Eco Supplements\"},\"image\":{\"@id\":\"https:\\\/\\\/ecosupplements.be\\\/fr\\\/#\\\/schema\\\/logo\\\/image\\\/\"}}]}<\/script>\n<meta property=\"product:brand\" content=\"Garden of Life\" \/>\n<meta property=\"product:price:amount\" content=\"47.13\" \/>\n<meta property=\"product:price:currency\" content=\"EUR\" \/>\n<meta property=\"og:availability\" content=\"instock\" \/>\n<meta property=\"product:availability\" content=\"instock\" \/>\n<meta property=\"product:retailer_item_id\" content=\"658010118323\" \/>\n<meta property=\"product:condition\" content=\"new\" \/>\n<!-- \/ Yoast SEO Premium plugin. -->","yoast_head_json":{"title":"Dr. Formulated Probiotics Once Daily Women's - 30 vcaps - ECO Supplements","description":"Wij hebben een ruime keuze aan producten van Dr. Formulated Probiotics Once Daily Women's - 30 vcaps . Winkel bij Eco Supplements altijd gratis verzending boven 100\u20ac","robots":{"index":"index","follow":"follow","max-snippet":"max-snippet:-1","max-image-preview":"max-image-preview:large","max-video-preview":"max-video-preview:-1"},"canonical":"https:\/\/ecosupplements.be\/fr\/produit\/dr-formulated-probiotics-once-daily-womens-30-vcaps\/","og_locale":"fr_FR","og_type":"article","og_title":"Dr. Formulated Probiotics Once Daily Women's - 30 vcaps","og_description":"Wij hebben een ruime keuze aan producten van Dr. Formulated Probiotics Once Daily Women's - 30 vcaps . Winkel bij Eco Supplements altijd gratis verzending boven 100\u20ac","og_url":"https:\/\/ecosupplements.be\/fr\/produit\/dr-formulated-probiotics-once-daily-womens-30-vcaps\/","og_site_name":"ECO Supplements","article_modified_time":"2025-08-27T12:31:30+00:00","og_image":[{"width":559,"height":976,"url":"https:\/\/ecosupplements.be\/wp-content\/uploads\/2025\/08\/Dr.-Formulated-Probiotics-Once-Daily-Womens-30-vcaps.jpg","type":"image\/jpeg"}],"twitter_card":"summary_large_image","twitter_misc":{"Prix":"47.13&nbsp;&euro;","Disponibilit\u00e9":"En stock"},"schema":{"@context":"https:\/\/schema.org","@graph":[{"@type":["WebPage","ItemPage"],"@id":"https:\/\/ecosupplements.be\/fr\/produit\/dr-formulated-probiotics-once-daily-womens-30-vcaps\/","url":"https:\/\/ecosupplements.be\/fr\/produit\/dr-formulated-probiotics-once-daily-womens-30-vcaps\/","name":"Dr. Formulated Probiotics Once Daily Women's - 30 vcaps - ECO Supplements","isPartOf":{"@id":"https:\/\/ecosupplements.be\/fr\/#website"},"primaryImageOfPage":{"@id":"https:\/\/ecosupplements.be\/fr\/produit\/dr-formulated-probiotics-once-daily-womens-30-vcaps\/#primaryimage"},"image":{"@id":"https:\/\/ecosupplements.be\/fr\/produit\/dr-formulated-probiotics-once-daily-womens-30-vcaps\/#primaryimage"},"thumbnailUrl":"https:\/\/ecosupplements.be\/wp-content\/uploads\/2025\/08\/Dr.-Formulated-Probiotics-Once-Daily-Womens-30-vcaps.jpg","datePublished":"2022-09-22T11:56:52+00:00","dateModified":"2025-08-27T12:31:30+00:00","description":"Wij hebben een ruime keuze aan producten van Dr. Formulated Probiotics Once Daily Women's - 30 vcaps . Winkel bij Eco Supplements altijd gratis verzending boven 100\u20ac","breadcrumb":{"@id":"https:\/\/ecosupplements.be\/fr\/produit\/dr-formulated-probiotics-once-daily-womens-30-vcaps\/#breadcrumb"},"inLanguage":"fr-FR","potentialAction":[{"@type":"ReadAction","target":["https:\/\/ecosupplements.be\/fr\/produit\/dr-formulated-probiotics-once-daily-womens-30-vcaps\/"]}]},{"@type":"ImageObject","inLanguage":"fr-FR","@id":"https:\/\/ecosupplements.be\/fr\/produit\/dr-formulated-probiotics-once-daily-womens-30-vcaps\/#primaryimage","url":"https:\/\/ecosupplements.be\/wp-content\/uploads\/2025\/08\/Dr.-Formulated-Probiotics-Once-Daily-Womens-30-vcaps.jpg","contentUrl":"https:\/\/ecosupplements.be\/wp-content\/uploads\/2025\/08\/Dr.-Formulated-Probiotics-Once-Daily-Womens-30-vcaps.jpg","width":559,"height":976},{"@type":"BreadcrumbList","@id":"https:\/\/ecosupplements.be\/fr\/produit\/dr-formulated-probiotics-once-daily-womens-30-vcaps\/#breadcrumb","itemListElement":[{"@type":"ListItem","position":1,"name":"Home","item":"https:\/\/ecosupplements.be\/fr\/"},{"@type":"ListItem","position":2,"name":"Boutique","item":"https:\/\/ecosupplements.be\/fr\/boutique\/"},{"@type":"ListItem","position":3,"name":"Dr. Formulated Probiotics Once Daily Women&#8217;s &#8211; 30 vcaps"}]},{"@type":"WebSite","@id":"https:\/\/ecosupplements.be\/fr\/#website","url":"https:\/\/ecosupplements.be\/fr\/","name":"ECO Supplements","description":"Eco Supplements - Gezonde supplementen","publisher":{"@id":"https:\/\/ecosupplements.be\/fr\/#organization"},"potentialAction":[{"@type":"SearchAction","target":{"@type":"EntryPoint","urlTemplate":"https:\/\/ecosupplements.be\/fr\/?s={search_term_string}"},"query-input":{"@type":"PropertyValueSpecification","valueRequired":true,"valueName":"search_term_string"}}],"inLanguage":"fr-FR"},{"@type":"Organization","@id":"https:\/\/ecosupplements.be\/fr\/#organization","name":"Eco Supplements","url":"https:\/\/ecosupplements.be\/fr\/","logo":{"@type":"ImageObject","inLanguage":"fr-FR","@id":"https:\/\/ecosupplements.be\/fr\/#\/schema\/logo\/image\/","url":"https:\/\/ecosupplements.be\/wp-content\/uploads\/2022\/06\/ecosupplement-family.png","contentUrl":"https:\/\/ecosupplements.be\/wp-content\/uploads\/2022\/06\/ecosupplement-family.png","width":593,"height":374,"caption":"Eco Supplements"},"image":{"@id":"https:\/\/ecosupplements.be\/fr\/#\/schema\/logo\/image\/"}}]},"product_brand":"Garden of Life","product_price_amount":"47.13","product_price_currency":"EUR","og_availability":"instock","product_availability":"instock","product_retailer_item_id":"658010118323","product_condition":"new"},"_links":{"self":[{"href":"https:\/\/ecosupplements.be\/fr\/wp-json\/wp\/v2\/product\/284329","targetHints":{"allow":["GET"]}}],"collection":[{"href":"https:\/\/ecosupplements.be\/fr\/wp-json\/wp\/v2\/product"}],"about":[{"href":"https:\/\/ecosupplements.be\/fr\/wp-json\/wp\/v2\/types\/product"}],"replies":[{"embeddable":true,"href":"https:\/\/ecosupplements.be\/fr\/wp-json\/wp\/v2\/comments?post=284329"}],"wp:featuredmedia":[{"embeddable":true,"href":"https:\/\/ecosupplements.be\/fr\/wp-json\/wp\/v2\/media\/260818"}],"wp:attachment":[{"href":"https:\/\/ecosupplements.be\/fr\/wp-json\/wp\/v2\/media?parent=284329"}],"wp:term":[{"taxonomy":"product_brand","embeddable":true,"href":"https:\/\/ecosupplements.be\/fr\/wp-json\/wp\/v2\/product_brand?post=284329"},{"taxonomy":"product_cat","embeddable":true,"href":"https:\/\/ecosupplements.be\/fr\/wp-json\/wp\/v2\/product_cat?post=284329"},{"taxonomy":"product_tag","embeddable":true,"href":"https:\/\/ecosupplements.be\/fr\/wp-json\/wp\/v2\/product_tag?post=284329"}],"curies":[{"name":"wp","href":"https:\/\/api.w.org\/{rel}","templated":true}]}}