{"id":284332,"date":"2022-09-22T12:56:52","date_gmt":"2022-09-22T11:56:52","guid":{"rendered":"https:\/\/ecosupplements.be\/product\/dr-formulated-probiotics-urinary-tract-60-vcaps\/"},"modified":"2025-08-27T13:31:36","modified_gmt":"2025-08-27T12:31:36","slug":"dr-formulated-probiotics-urinary-tract-60-vcaps","status":"publish","type":"product","link":"https:\/\/ecosupplements.be\/fr\/produit\/dr-formulated-probiotics-urinary-tract-60-vcaps\/","title":{"rendered":"Dr. Formulated Probiotics Urinary Tract+ &#8211; 60 vcaps"},"content":{"rendered":"<h1 style=\"text-align: center;\">Garden of Life &#8211; Probiotiques pour les voies urinaires+ Dr. Formulated<\/h1>\n<p>Favorise la sant\u00e9 de l&#8217;appareil urinaire<br \/>\nSoutien du syst\u00e8me digestif et immunitaire<br \/>\n16 souches probiotiques ; 50 milliards d&#8217;UFC<br \/>\nCanneberge Pacran biologique cliniquement \u00e9tudi\u00e9e ; 1 000 UI de vitamine D3<\/p>\n<p><img decoding=\"async\" src=\"https:\/\/ecosupplements.be\/wp-content\/uploads\/2025\/08\/gluten-free-1.png\" title=\"Sans gluten\" alt=\"Gluten free\"><img decoding=\"async\" src=\"https:\/\/ecosupplements.be\/wp-content\/uploads\/2025\/08\/non-gmo-1.png\" title=\"Non-OGM\" alt=\"Non-GMO\"><img decoding=\"async\" src=\"https:\/\/ecosupplements.be\/wp-content\/uploads\/2025\/08\/vegetarian-1.png\" title=\"V\u00e9g\u00e9tarien\" alt=\"Vegetarian\"><img decoding=\"async\" src=\"https:\/\/ecosupplements.be\/wp-content\/uploads\/2025\/08\/soy-free-1.png\" title=\"Sans soja\" alt=\"Soy-free\"><\/p>\n<p>Compl\u00e9ment alimentaire :<br \/>\nPortion : 2 Capsules<br \/>\nPortions par conteneur : 30<br \/>\nQuantit\u00e9 par portion :<br \/>\nVitamine D (en tant que D3) 25mcg (1,000 IU) 125%<br \/>\nM\u00e9lange probiotique pour femmes 164mg<br \/>\nLactobacillus plantarum<br \/>\nLactobacillus acidophilus<br \/>\nLactobacillus paracasei<br \/>\nLactobacillus rhamnosus<br \/>\nLactobacillus gasseri<br \/>\nLactobacillus casei<br \/>\nLactobacillus acidophilus NCFM<br \/>\nLactobacillus reuteri<br \/>\nLactobacillus brevis<br \/>\nLactobacillus bulgaricus<br \/>\nLactobacillus salivarius<br \/>\nTotal Lacto Cultures (45 milliards CFU)<br \/>\nBifidobacterium lactis<br \/>\nBifidobacterium bifidum<br \/>\nBifidobacterium breve<br \/>\nBifidobacterium infantis<br \/>\nBifidobacterium longum<br \/>\nCultures Bifido totales (5 milliards de CFU)<br \/>\nCultures probiotiques totales 50 milliards CFU<br \/>\nCanneberge enti\u00e8re de Pacran biologique (fruit) 500mg<br \/>\nM\u00e9lange de fibres pr\u00e9biotiques biologiques 439mg<br \/>\nPomme de terre biologique [Amidon r\u00e9sistant] (tubercule), Fibre d&#8217;acacia biologique (A. senegal)<br \/>\nDr. Formulated Probiotics Urinary Tract+ Autres ingr\u00e9dients :<br \/>\nCallulose v\u00e9g\u00e9tale non OGM (capsule).<br \/>\nFabriqu\u00e9 dans une installation qui traite \u00e9galement le soja, les produits laitiers, les arachides, les noix et les crustac\u00e9s.&nbsp;<br \/>\nDr. Formulated Probiotics Urinary Tract+ Usage recommand\u00e9 :<br \/>\nLes adultes prennent 2 capsules par jour. Peut \u00eatre pris avec ou sans nourriture. Les g\u00e9lules peuvent \u00eatre ouvertes. Le contenu peut \u00eatre pris directement avec de l&#8217;eau ou du jus. Non destin\u00e9 aux enfants.<br \/>\nAvertissements :<br \/>\nComme pour tout compl\u00e9ment alimentaire, consultez votre professionnel de la sant\u00e9 avant d&#8217;utiliser ce produit, en particulier si vous \u00eates enceinte, si vous allaitez, si vous donnez un produit \u00e0 des enfants, si vous pr\u00e9voyez une intervention chirurgicale, si vous prenez des m\u00e9dicaments r\u00e9guli\u00e8rement ou si vous \u00eates autrement sous surveillance m\u00e9dicale.<br \/>\nTenir hors de port\u00e9e des enfants. Ne pas utiliser si le sceau de s\u00e9curit\u00e9 est bris\u00e9 ou manquant.&nbsp;<br \/>\nLa taille de l&#8217;emballage est d\u00e9termin\u00e9e par les informations figurant sur l&#8217;\u00e9tiquette, et non par le nombre de portions contenues dans ce r\u00e9cipient. La taille des portions et le contenu sont clairement indiqu\u00e9s.<\/p>\n","protected":false},"excerpt":{"rendered":"<p>Garden of Life &#8211; Probiotiques pour les voies urinaires+ Dr. Formulated Favorise la sant\u00e9 de l&#8217;appareil urinaire Soutien du syst\u00e8me digestif et immunitaire 16 souches probiotiques ; 50 milliards d&#8217;UFC Canneberge Pacran biologique cliniquement \u00e9tudi\u00e9e ; 1 000 UI de vitamine D3 Compl\u00e9ment alimentaire : Portion : 2 Capsules Portions par conteneur : 30 Quantit\u00e9 [&#8230;]\n","protected":false},"featured_media":260821,"comment_status":"open","ping_status":"open","template":"","meta":[],"product_brand":[4810],"product_cat":[5086,5087,5052,5123],"product_tag":[],"class_list":{"0":"post-284332","1":"product","2":"type-product","3":"status-publish","4":"has-post-thumbnail","6":"product_brand-garden-of-life-2","7":"product_cat-probiotiques","8":"product_cat-sante-digestive-fibres","9":"product_cat-sante-et-bien-etre","10":"product_cat-soutien-du-systeme-immunitaire","12":"first","13":"instock","14":"sale","15":"taxable","16":"shipping-taxable","17":"purchasable","18":"product-type-simple"},"yoast_head":"<!-- This site is optimized with the Yoast SEO Premium plugin v27.3 (Yoast SEO v27.3) - https:\/\/yoast.com\/product\/yoast-seo-premium-wordpress\/ -->\n<title>Dr. Formulated Probiotics Urinary Tract+ - 60 vcaps - ECO Supplements<\/title>\n<meta name=\"description\" content=\"Wij hebben een ruime keuze aan producten van Dr. Formulated Probiotics Urinary Tract+ - 60 vcaps . Winkel bij Eco Supplements altijd gratis verzending boven 100\u20ac\" \/>\n<meta name=\"robots\" content=\"index, follow, max-snippet:-1, max-image-preview:large, max-video-preview:-1\" \/>\n<link rel=\"canonical\" href=\"https:\/\/ecosupplements.be\/fr\/produit\/dr-formulated-probiotics-urinary-tract-60-vcaps\/\" \/>\n<meta property=\"og:locale\" content=\"fr_FR\" \/>\n<meta property=\"og:type\" content=\"article\" \/>\n<meta property=\"og:title\" content=\"Dr. Formulated Probiotics Urinary Tract+ - 60 vcaps\" \/>\n<meta property=\"og:description\" content=\"Wij hebben een ruime keuze aan producten van Dr. Formulated Probiotics Urinary Tract+ - 60 vcaps . Winkel bij Eco Supplements altijd gratis verzending boven 100\u20ac\" \/>\n<meta property=\"og:url\" content=\"https:\/\/ecosupplements.be\/fr\/produit\/dr-formulated-probiotics-urinary-tract-60-vcaps\/\" \/>\n<meta property=\"og:site_name\" content=\"ECO Supplements\" \/>\n<meta property=\"article:modified_time\" content=\"2025-08-27T12:31:36+00:00\" \/>\n<meta property=\"og:image\" content=\"https:\/\/ecosupplements.be\/wp-content\/uploads\/2025\/08\/Dr.-Formulated-Probiotics-Urinary-Tract-60-vcaps.jpg\" \/>\n\t<meta property=\"og:image:width\" content=\"366\" \/>\n\t<meta property=\"og:image:height\" content=\"685\" \/>\n\t<meta property=\"og:image:type\" content=\"image\/jpeg\" \/>\n<meta name=\"twitter:card\" content=\"summary_large_image\" \/>\n<meta name=\"twitter:label1\" content=\"Prix\" \/>\n\t<meta name=\"twitter:data1\" content=\"47.16&nbsp;&euro;\" \/>\n\t<meta name=\"twitter:label2\" content=\"Disponibilit\u00e9\" \/>\n\t<meta name=\"twitter:data2\" content=\"En stock\" \/>\n<script type=\"application\/ld+json\" class=\"yoast-schema-graph\">{\"@context\":\"https:\\\/\\\/schema.org\",\"@graph\":[{\"@type\":[\"WebPage\",\"ItemPage\"],\"@id\":\"https:\\\/\\\/ecosupplements.be\\\/fr\\\/produit\\\/dr-formulated-probiotics-urinary-tract-60-vcaps\\\/\",\"url\":\"https:\\\/\\\/ecosupplements.be\\\/fr\\\/produit\\\/dr-formulated-probiotics-urinary-tract-60-vcaps\\\/\",\"name\":\"Dr. Formulated Probiotics Urinary Tract+ - 60 vcaps - ECO Supplements\",\"isPartOf\":{\"@id\":\"https:\\\/\\\/ecosupplements.be\\\/fr\\\/#website\"},\"primaryImageOfPage\":{\"@id\":\"https:\\\/\\\/ecosupplements.be\\\/fr\\\/produit\\\/dr-formulated-probiotics-urinary-tract-60-vcaps\\\/#primaryimage\"},\"image\":{\"@id\":\"https:\\\/\\\/ecosupplements.be\\\/fr\\\/produit\\\/dr-formulated-probiotics-urinary-tract-60-vcaps\\\/#primaryimage\"},\"thumbnailUrl\":\"https:\\\/\\\/ecosupplements.be\\\/wp-content\\\/uploads\\\/2025\\\/08\\\/Dr.-Formulated-Probiotics-Urinary-Tract-60-vcaps.jpg\",\"datePublished\":\"2022-09-22T11:56:52+00:00\",\"dateModified\":\"2025-08-27T12:31:36+00:00\",\"description\":\"Wij hebben een ruime keuze aan producten van Dr. Formulated Probiotics Urinary Tract+ - 60 vcaps . Winkel bij Eco Supplements altijd gratis verzending boven 100\u20ac\",\"breadcrumb\":{\"@id\":\"https:\\\/\\\/ecosupplements.be\\\/fr\\\/produit\\\/dr-formulated-probiotics-urinary-tract-60-vcaps\\\/#breadcrumb\"},\"inLanguage\":\"fr-FR\",\"potentialAction\":[{\"@type\":\"ReadAction\",\"target\":[\"https:\\\/\\\/ecosupplements.be\\\/fr\\\/produit\\\/dr-formulated-probiotics-urinary-tract-60-vcaps\\\/\"]}]},{\"@type\":\"ImageObject\",\"inLanguage\":\"fr-FR\",\"@id\":\"https:\\\/\\\/ecosupplements.be\\\/fr\\\/produit\\\/dr-formulated-probiotics-urinary-tract-60-vcaps\\\/#primaryimage\",\"url\":\"https:\\\/\\\/ecosupplements.be\\\/wp-content\\\/uploads\\\/2025\\\/08\\\/Dr.-Formulated-Probiotics-Urinary-Tract-60-vcaps.jpg\",\"contentUrl\":\"https:\\\/\\\/ecosupplements.be\\\/wp-content\\\/uploads\\\/2025\\\/08\\\/Dr.-Formulated-Probiotics-Urinary-Tract-60-vcaps.jpg\",\"width\":366,\"height\":685},{\"@type\":\"BreadcrumbList\",\"@id\":\"https:\\\/\\\/ecosupplements.be\\\/fr\\\/produit\\\/dr-formulated-probiotics-urinary-tract-60-vcaps\\\/#breadcrumb\",\"itemListElement\":[{\"@type\":\"ListItem\",\"position\":1,\"name\":\"Home\",\"item\":\"https:\\\/\\\/ecosupplements.be\\\/fr\\\/\"},{\"@type\":\"ListItem\",\"position\":2,\"name\":\"Boutique\",\"item\":\"https:\\\/\\\/ecosupplements.be\\\/fr\\\/boutique\\\/\"},{\"@type\":\"ListItem\",\"position\":3,\"name\":\"Dr. Formulated Probiotics Urinary Tract+ &#8211; 60 vcaps\"}]},{\"@type\":\"WebSite\",\"@id\":\"https:\\\/\\\/ecosupplements.be\\\/fr\\\/#website\",\"url\":\"https:\\\/\\\/ecosupplements.be\\\/fr\\\/\",\"name\":\"ECO Supplements\",\"description\":\"Eco Supplements - Gezonde supplementen\",\"publisher\":{\"@id\":\"https:\\\/\\\/ecosupplements.be\\\/fr\\\/#organization\"},\"potentialAction\":[{\"@type\":\"SearchAction\",\"target\":{\"@type\":\"EntryPoint\",\"urlTemplate\":\"https:\\\/\\\/ecosupplements.be\\\/fr\\\/?s={search_term_string}\"},\"query-input\":{\"@type\":\"PropertyValueSpecification\",\"valueRequired\":true,\"valueName\":\"search_term_string\"}}],\"inLanguage\":\"fr-FR\"},{\"@type\":\"Organization\",\"@id\":\"https:\\\/\\\/ecosupplements.be\\\/fr\\\/#organization\",\"name\":\"Eco Supplements\",\"url\":\"https:\\\/\\\/ecosupplements.be\\\/fr\\\/\",\"logo\":{\"@type\":\"ImageObject\",\"inLanguage\":\"fr-FR\",\"@id\":\"https:\\\/\\\/ecosupplements.be\\\/fr\\\/#\\\/schema\\\/logo\\\/image\\\/\",\"url\":\"https:\\\/\\\/ecosupplements.be\\\/wp-content\\\/uploads\\\/2022\\\/06\\\/ecosupplement-family.png\",\"contentUrl\":\"https:\\\/\\\/ecosupplements.be\\\/wp-content\\\/uploads\\\/2022\\\/06\\\/ecosupplement-family.png\",\"width\":593,\"height\":374,\"caption\":\"Eco Supplements\"},\"image\":{\"@id\":\"https:\\\/\\\/ecosupplements.be\\\/fr\\\/#\\\/schema\\\/logo\\\/image\\\/\"}}]}<\/script>\n<meta property=\"product:brand\" content=\"Garden of Life\" \/>\n<meta property=\"product:price:amount\" content=\"47.16\" \/>\n<meta property=\"product:price:currency\" content=\"EUR\" \/>\n<meta property=\"og:availability\" content=\"instock\" \/>\n<meta property=\"product:availability\" content=\"instock\" \/>\n<meta property=\"product:retailer_item_id\" content=\"658010120067\" \/>\n<meta property=\"product:condition\" content=\"new\" \/>\n<!-- \/ Yoast SEO Premium plugin. -->","yoast_head_json":{"title":"Dr. Formulated Probiotics Urinary Tract+ - 60 vcaps - ECO Supplements","description":"Wij hebben een ruime keuze aan producten van Dr. Formulated Probiotics Urinary Tract+ - 60 vcaps . Winkel bij Eco Supplements altijd gratis verzending boven 100\u20ac","robots":{"index":"index","follow":"follow","max-snippet":"max-snippet:-1","max-image-preview":"max-image-preview:large","max-video-preview":"max-video-preview:-1"},"canonical":"https:\/\/ecosupplements.be\/fr\/produit\/dr-formulated-probiotics-urinary-tract-60-vcaps\/","og_locale":"fr_FR","og_type":"article","og_title":"Dr. Formulated Probiotics Urinary Tract+ - 60 vcaps","og_description":"Wij hebben een ruime keuze aan producten van Dr. Formulated Probiotics Urinary Tract+ - 60 vcaps . Winkel bij Eco Supplements altijd gratis verzending boven 100\u20ac","og_url":"https:\/\/ecosupplements.be\/fr\/produit\/dr-formulated-probiotics-urinary-tract-60-vcaps\/","og_site_name":"ECO Supplements","article_modified_time":"2025-08-27T12:31:36+00:00","og_image":[{"width":366,"height":685,"url":"https:\/\/ecosupplements.be\/wp-content\/uploads\/2025\/08\/Dr.-Formulated-Probiotics-Urinary-Tract-60-vcaps.jpg","type":"image\/jpeg"}],"twitter_card":"summary_large_image","twitter_misc":{"Prix":"47.16&nbsp;&euro;","Disponibilit\u00e9":"En stock"},"schema":{"@context":"https:\/\/schema.org","@graph":[{"@type":["WebPage","ItemPage"],"@id":"https:\/\/ecosupplements.be\/fr\/produit\/dr-formulated-probiotics-urinary-tract-60-vcaps\/","url":"https:\/\/ecosupplements.be\/fr\/produit\/dr-formulated-probiotics-urinary-tract-60-vcaps\/","name":"Dr. Formulated Probiotics Urinary Tract+ - 60 vcaps - ECO Supplements","isPartOf":{"@id":"https:\/\/ecosupplements.be\/fr\/#website"},"primaryImageOfPage":{"@id":"https:\/\/ecosupplements.be\/fr\/produit\/dr-formulated-probiotics-urinary-tract-60-vcaps\/#primaryimage"},"image":{"@id":"https:\/\/ecosupplements.be\/fr\/produit\/dr-formulated-probiotics-urinary-tract-60-vcaps\/#primaryimage"},"thumbnailUrl":"https:\/\/ecosupplements.be\/wp-content\/uploads\/2025\/08\/Dr.-Formulated-Probiotics-Urinary-Tract-60-vcaps.jpg","datePublished":"2022-09-22T11:56:52+00:00","dateModified":"2025-08-27T12:31:36+00:00","description":"Wij hebben een ruime keuze aan producten van Dr. Formulated Probiotics Urinary Tract+ - 60 vcaps . Winkel bij Eco Supplements altijd gratis verzending boven 100\u20ac","breadcrumb":{"@id":"https:\/\/ecosupplements.be\/fr\/produit\/dr-formulated-probiotics-urinary-tract-60-vcaps\/#breadcrumb"},"inLanguage":"fr-FR","potentialAction":[{"@type":"ReadAction","target":["https:\/\/ecosupplements.be\/fr\/produit\/dr-formulated-probiotics-urinary-tract-60-vcaps\/"]}]},{"@type":"ImageObject","inLanguage":"fr-FR","@id":"https:\/\/ecosupplements.be\/fr\/produit\/dr-formulated-probiotics-urinary-tract-60-vcaps\/#primaryimage","url":"https:\/\/ecosupplements.be\/wp-content\/uploads\/2025\/08\/Dr.-Formulated-Probiotics-Urinary-Tract-60-vcaps.jpg","contentUrl":"https:\/\/ecosupplements.be\/wp-content\/uploads\/2025\/08\/Dr.-Formulated-Probiotics-Urinary-Tract-60-vcaps.jpg","width":366,"height":685},{"@type":"BreadcrumbList","@id":"https:\/\/ecosupplements.be\/fr\/produit\/dr-formulated-probiotics-urinary-tract-60-vcaps\/#breadcrumb","itemListElement":[{"@type":"ListItem","position":1,"name":"Home","item":"https:\/\/ecosupplements.be\/fr\/"},{"@type":"ListItem","position":2,"name":"Boutique","item":"https:\/\/ecosupplements.be\/fr\/boutique\/"},{"@type":"ListItem","position":3,"name":"Dr. Formulated Probiotics Urinary Tract+ &#8211; 60 vcaps"}]},{"@type":"WebSite","@id":"https:\/\/ecosupplements.be\/fr\/#website","url":"https:\/\/ecosupplements.be\/fr\/","name":"ECO Supplements","description":"Eco Supplements - Gezonde supplementen","publisher":{"@id":"https:\/\/ecosupplements.be\/fr\/#organization"},"potentialAction":[{"@type":"SearchAction","target":{"@type":"EntryPoint","urlTemplate":"https:\/\/ecosupplements.be\/fr\/?s={search_term_string}"},"query-input":{"@type":"PropertyValueSpecification","valueRequired":true,"valueName":"search_term_string"}}],"inLanguage":"fr-FR"},{"@type":"Organization","@id":"https:\/\/ecosupplements.be\/fr\/#organization","name":"Eco Supplements","url":"https:\/\/ecosupplements.be\/fr\/","logo":{"@type":"ImageObject","inLanguage":"fr-FR","@id":"https:\/\/ecosupplements.be\/fr\/#\/schema\/logo\/image\/","url":"https:\/\/ecosupplements.be\/wp-content\/uploads\/2022\/06\/ecosupplement-family.png","contentUrl":"https:\/\/ecosupplements.be\/wp-content\/uploads\/2022\/06\/ecosupplement-family.png","width":593,"height":374,"caption":"Eco Supplements"},"image":{"@id":"https:\/\/ecosupplements.be\/fr\/#\/schema\/logo\/image\/"}}]},"product_brand":"Garden of Life","product_price_amount":"47.16","product_price_currency":"EUR","og_availability":"instock","product_availability":"instock","product_retailer_item_id":"658010120067","product_condition":"new"},"_links":{"self":[{"href":"https:\/\/ecosupplements.be\/fr\/wp-json\/wp\/v2\/product\/284332","targetHints":{"allow":["GET"]}}],"collection":[{"href":"https:\/\/ecosupplements.be\/fr\/wp-json\/wp\/v2\/product"}],"about":[{"href":"https:\/\/ecosupplements.be\/fr\/wp-json\/wp\/v2\/types\/product"}],"replies":[{"embeddable":true,"href":"https:\/\/ecosupplements.be\/fr\/wp-json\/wp\/v2\/comments?post=284332"}],"wp:featuredmedia":[{"embeddable":true,"href":"https:\/\/ecosupplements.be\/fr\/wp-json\/wp\/v2\/media\/260821"}],"wp:attachment":[{"href":"https:\/\/ecosupplements.be\/fr\/wp-json\/wp\/v2\/media?parent=284332"}],"wp:term":[{"taxonomy":"product_brand","embeddable":true,"href":"https:\/\/ecosupplements.be\/fr\/wp-json\/wp\/v2\/product_brand?post=284332"},{"taxonomy":"product_cat","embeddable":true,"href":"https:\/\/ecosupplements.be\/fr\/wp-json\/wp\/v2\/product_cat?post=284332"},{"taxonomy":"product_tag","embeddable":true,"href":"https:\/\/ecosupplements.be\/fr\/wp-json\/wp\/v2\/product_tag?post=284332"}],"curies":[{"name":"wp","href":"https:\/\/api.w.org\/{rel}","templated":true}]}}