{"id":284335,"date":"2022-09-22T13:00:53","date_gmt":"2022-09-22T12:00:53","guid":{"rendered":"https:\/\/ecosupplements.be\/product\/vitamin-code-raw-prenatal-180-vcaps\/"},"modified":"2025-08-27T13:31:40","modified_gmt":"2025-08-27T12:31:40","slug":"vitamin-code-raw-prenatal-180-vcaps","status":"publish","type":"product","link":"https:\/\/ecosupplements.be\/fr\/produit\/vitamin-code-raw-prenatal-180-vcaps\/","title":{"rendered":"Vitamin Code Raw Prenatal &#8211; 180 vcaps"},"content":{"rendered":"<h1 style=\"text-align: center;\">Garden of Life &#8211; Vitamin Code Raw Prenatal<\/h1>\n<p>Compos\u00e9 de 20 fruits et l\u00e9gumes RAW en poudre et issus de l&#8217;agriculture biologique, Vitamin Code Raw Prenatal contient une formule d&#8217;aliments complets con\u00e7ue pour les femmes enceintes. Elle peut \u00e9galement \u00eatre utilis\u00e9e avant la conception et pendant l&#8217;allaitement. Ce m\u00e9lange sur mesure fournit des antioxydants, des vitamines, des enzymes et des bact\u00e9ries lactiques \u00e0 la fois pour les mamans et leurs b\u00e9b\u00e9s en d\u00e9veloppement.<\/p>\n<p>Avantages cl\u00e9s Avantages<\/p>\n<p>&nbsp;&nbsp;&nbsp; Comprend du folate<br \/>\n&nbsp;&nbsp;&nbsp; Comprend la vitamine D3<br \/>\n&nbsp;&nbsp;&nbsp; V\u00e9rifi\u00e9 par le projet Non-GMO<br \/>\n&nbsp;&nbsp;&nbsp; Con\u00e7u pour les femmes avant la conception, pendant la grossesse et pendant l&#8217;allaitement.<\/p>\n<p>D\u00e9tails di\u00e9t\u00e9tiques<\/p>\n<p>&nbsp;&nbsp;&nbsp; Sans produits laitiers<br \/>\n&nbsp;&nbsp;&nbsp; Sans soja<br \/>\n&nbsp;&nbsp;&nbsp; V\u00e9g\u00e9tarien<br \/>\n&nbsp;&nbsp;&nbsp; Brut<br \/>\n&nbsp;&nbsp;&nbsp; Casher<br \/>\n&nbsp;&nbsp;&nbsp; Sans gluten<\/p>\n<p><img decoding=\"async\" src=\"https:\/\/ecosupplements.be\/wp-content\/uploads\/2025\/08\/gluten-free-1.png\" title=\"Sans gluten\" alt=\"Gluten free\"><img decoding=\"async\" src=\"https:\/\/ecosupplements.be\/wp-content\/uploads\/2025\/08\/non-gmo-1.png\" title=\"Non-OGM\" alt=\"Non-GMO\"><img decoding=\"async\" src=\"https:\/\/ecosupplements.be\/wp-content\/uploads\/2025\/08\/vegetarian-1.png\" title=\"V\u00e9g\u00e9tarien\" alt=\"Vegetarian\"><\/p>\n","protected":false},"excerpt":{"rendered":"<p>Garden of Life &#8211; Vitamin Code Raw Prenatal Compos\u00e9 de 20 fruits et l\u00e9gumes RAW en poudre et issus de l&#8217;agriculture biologique, Vitamin Code Raw Prenatal contient une formule d&#8217;aliments complets con\u00e7ue pour les femmes enceintes. Elle peut \u00e9galement \u00eatre utilis\u00e9e avant la conception et pendant l&#8217;allaitement. Ce m\u00e9lange sur mesure fournit des antioxydants, des [&#8230;]\n","protected":false},"featured_media":260872,"comment_status":"open","ping_status":"open","template":"","meta":[],"product_brand":[4810],"product_cat":[5089,5052,5113,5053],"product_tag":[],"class_list":{"0":"post-284335","1":"product","2":"type-product","3":"status-publish","4":"has-post-thumbnail","6":"product_brand-garden-of-life-2","7":"product_cat-complements-alimentaires-pour-femmes","8":"product_cat-sante-et-bien-etre","9":"product_cat-supplements-pour-les-femmes","10":"product_cat-vitamines-et-mineraux","12":"first","13":"instock","14":"sale","15":"taxable","16":"shipping-taxable","17":"purchasable","18":"product-type-simple"},"yoast_head":"<!-- This site is optimized with the Yoast SEO Premium plugin v27.3 (Yoast SEO v27.3) - https:\/\/yoast.com\/product\/yoast-seo-premium-wordpress\/ -->\n<title>Vitamin Code Raw Prenatal - 180 vcaps - ECO Supplements<\/title>\n<meta name=\"description\" content=\"Wij hebben een ruime keuze aan producten van Vitamin Code Raw Prenatal - 180 vcaps . Winkel bij Eco Supplements altijd gratis verzending boven 100\u20ac\" \/>\n<meta name=\"robots\" content=\"index, follow, max-snippet:-1, max-image-preview:large, max-video-preview:-1\" \/>\n<link rel=\"canonical\" href=\"https:\/\/ecosupplements.be\/fr\/produit\/vitamin-code-raw-prenatal-180-vcaps\/\" \/>\n<meta property=\"og:locale\" content=\"fr_FR\" \/>\n<meta property=\"og:type\" content=\"article\" \/>\n<meta property=\"og:title\" content=\"Vitamin Code Raw Prenatal - 180 vcaps\" \/>\n<meta property=\"og:description\" content=\"Wij hebben een ruime keuze aan producten van Vitamin Code Raw Prenatal - 180 vcaps . Winkel bij Eco Supplements altijd gratis verzending boven 100\u20ac\" \/>\n<meta property=\"og:url\" content=\"https:\/\/ecosupplements.be\/fr\/produit\/vitamin-code-raw-prenatal-180-vcaps\/\" \/>\n<meta property=\"og:site_name\" content=\"ECO Supplements\" \/>\n<meta property=\"article:modified_time\" content=\"2025-08-27T12:31:40+00:00\" \/>\n<meta property=\"og:image\" content=\"https:\/\/ecosupplements.be\/wp-content\/uploads\/2025\/08\/Vitamin-Code-Raw-Prenatal-180-vcaps.jpg\" \/>\n\t<meta property=\"og:image:width\" content=\"551\" \/>\n\t<meta property=\"og:image:height\" content=\"969\" \/>\n\t<meta property=\"og:image:type\" content=\"image\/jpeg\" \/>\n<meta name=\"twitter:card\" content=\"summary_large_image\" \/>\n<meta name=\"twitter:label1\" content=\"Prix\" \/>\n\t<meta name=\"twitter:data1\" content=\"64.49&nbsp;&euro;\" \/>\n\t<meta name=\"twitter:label2\" content=\"Disponibilit\u00e9\" \/>\n\t<meta name=\"twitter:data2\" content=\"En stock\" \/>\n<script type=\"application\/ld+json\" class=\"yoast-schema-graph\">{\"@context\":\"https:\\\/\\\/schema.org\",\"@graph\":[{\"@type\":[\"WebPage\",\"ItemPage\"],\"@id\":\"https:\\\/\\\/ecosupplements.be\\\/fr\\\/produit\\\/vitamin-code-raw-prenatal-180-vcaps\\\/\",\"url\":\"https:\\\/\\\/ecosupplements.be\\\/fr\\\/produit\\\/vitamin-code-raw-prenatal-180-vcaps\\\/\",\"name\":\"Vitamin Code Raw Prenatal - 180 vcaps - ECO Supplements\",\"isPartOf\":{\"@id\":\"https:\\\/\\\/ecosupplements.be\\\/fr\\\/#website\"},\"primaryImageOfPage\":{\"@id\":\"https:\\\/\\\/ecosupplements.be\\\/fr\\\/produit\\\/vitamin-code-raw-prenatal-180-vcaps\\\/#primaryimage\"},\"image\":{\"@id\":\"https:\\\/\\\/ecosupplements.be\\\/fr\\\/produit\\\/vitamin-code-raw-prenatal-180-vcaps\\\/#primaryimage\"},\"thumbnailUrl\":\"https:\\\/\\\/ecosupplements.be\\\/wp-content\\\/uploads\\\/2025\\\/08\\\/Vitamin-Code-Raw-Prenatal-180-vcaps.jpg\",\"datePublished\":\"2022-09-22T12:00:53+00:00\",\"dateModified\":\"2025-08-27T12:31:40+00:00\",\"description\":\"Wij hebben een ruime keuze aan producten van Vitamin Code Raw Prenatal - 180 vcaps . Winkel bij Eco Supplements altijd gratis verzending boven 100\u20ac\",\"breadcrumb\":{\"@id\":\"https:\\\/\\\/ecosupplements.be\\\/fr\\\/produit\\\/vitamin-code-raw-prenatal-180-vcaps\\\/#breadcrumb\"},\"inLanguage\":\"fr-FR\",\"potentialAction\":[{\"@type\":\"ReadAction\",\"target\":[\"https:\\\/\\\/ecosupplements.be\\\/fr\\\/produit\\\/vitamin-code-raw-prenatal-180-vcaps\\\/\"]}]},{\"@type\":\"ImageObject\",\"inLanguage\":\"fr-FR\",\"@id\":\"https:\\\/\\\/ecosupplements.be\\\/fr\\\/produit\\\/vitamin-code-raw-prenatal-180-vcaps\\\/#primaryimage\",\"url\":\"https:\\\/\\\/ecosupplements.be\\\/wp-content\\\/uploads\\\/2025\\\/08\\\/Vitamin-Code-Raw-Prenatal-180-vcaps.jpg\",\"contentUrl\":\"https:\\\/\\\/ecosupplements.be\\\/wp-content\\\/uploads\\\/2025\\\/08\\\/Vitamin-Code-Raw-Prenatal-180-vcaps.jpg\",\"width\":551,\"height\":969},{\"@type\":\"BreadcrumbList\",\"@id\":\"https:\\\/\\\/ecosupplements.be\\\/fr\\\/produit\\\/vitamin-code-raw-prenatal-180-vcaps\\\/#breadcrumb\",\"itemListElement\":[{\"@type\":\"ListItem\",\"position\":1,\"name\":\"Home\",\"item\":\"https:\\\/\\\/ecosupplements.be\\\/fr\\\/\"},{\"@type\":\"ListItem\",\"position\":2,\"name\":\"Boutique\",\"item\":\"https:\\\/\\\/ecosupplements.be\\\/fr\\\/boutique\\\/\"},{\"@type\":\"ListItem\",\"position\":3,\"name\":\"Vitamin Code Raw Prenatal &#8211; 180 vcaps\"}]},{\"@type\":\"WebSite\",\"@id\":\"https:\\\/\\\/ecosupplements.be\\\/fr\\\/#website\",\"url\":\"https:\\\/\\\/ecosupplements.be\\\/fr\\\/\",\"name\":\"ECO Supplements\",\"description\":\"Eco Supplements - Gezonde supplementen\",\"publisher\":{\"@id\":\"https:\\\/\\\/ecosupplements.be\\\/fr\\\/#organization\"},\"potentialAction\":[{\"@type\":\"SearchAction\",\"target\":{\"@type\":\"EntryPoint\",\"urlTemplate\":\"https:\\\/\\\/ecosupplements.be\\\/fr\\\/?s={search_term_string}\"},\"query-input\":{\"@type\":\"PropertyValueSpecification\",\"valueRequired\":true,\"valueName\":\"search_term_string\"}}],\"inLanguage\":\"fr-FR\"},{\"@type\":\"Organization\",\"@id\":\"https:\\\/\\\/ecosupplements.be\\\/fr\\\/#organization\",\"name\":\"Eco Supplements\",\"url\":\"https:\\\/\\\/ecosupplements.be\\\/fr\\\/\",\"logo\":{\"@type\":\"ImageObject\",\"inLanguage\":\"fr-FR\",\"@id\":\"https:\\\/\\\/ecosupplements.be\\\/fr\\\/#\\\/schema\\\/logo\\\/image\\\/\",\"url\":\"https:\\\/\\\/ecosupplements.be\\\/wp-content\\\/uploads\\\/2022\\\/06\\\/ecosupplement-family.png\",\"contentUrl\":\"https:\\\/\\\/ecosupplements.be\\\/wp-content\\\/uploads\\\/2022\\\/06\\\/ecosupplement-family.png\",\"width\":593,\"height\":374,\"caption\":\"Eco Supplements\"},\"image\":{\"@id\":\"https:\\\/\\\/ecosupplements.be\\\/fr\\\/#\\\/schema\\\/logo\\\/image\\\/\"}}]}<\/script>\n<meta property=\"product:brand\" content=\"Garden of Life\" \/>\n<meta property=\"product:price:amount\" content=\"64.49\" \/>\n<meta property=\"product:price:currency\" content=\"EUR\" \/>\n<meta property=\"og:availability\" content=\"instock\" \/>\n<meta property=\"product:availability\" content=\"instock\" \/>\n<meta property=\"product:retailer_item_id\" content=\"658010115902\" \/>\n<meta property=\"product:condition\" content=\"new\" \/>\n<!-- \/ Yoast SEO Premium plugin. -->","yoast_head_json":{"title":"Vitamin Code Raw Prenatal - 180 vcaps - ECO Supplements","description":"Wij hebben een ruime keuze aan producten van Vitamin Code Raw Prenatal - 180 vcaps . Winkel bij Eco Supplements altijd gratis verzending boven 100\u20ac","robots":{"index":"index","follow":"follow","max-snippet":"max-snippet:-1","max-image-preview":"max-image-preview:large","max-video-preview":"max-video-preview:-1"},"canonical":"https:\/\/ecosupplements.be\/fr\/produit\/vitamin-code-raw-prenatal-180-vcaps\/","og_locale":"fr_FR","og_type":"article","og_title":"Vitamin Code Raw Prenatal - 180 vcaps","og_description":"Wij hebben een ruime keuze aan producten van Vitamin Code Raw Prenatal - 180 vcaps . Winkel bij Eco Supplements altijd gratis verzending boven 100\u20ac","og_url":"https:\/\/ecosupplements.be\/fr\/produit\/vitamin-code-raw-prenatal-180-vcaps\/","og_site_name":"ECO Supplements","article_modified_time":"2025-08-27T12:31:40+00:00","og_image":[{"width":551,"height":969,"url":"https:\/\/ecosupplements.be\/wp-content\/uploads\/2025\/08\/Vitamin-Code-Raw-Prenatal-180-vcaps.jpg","type":"image\/jpeg"}],"twitter_card":"summary_large_image","twitter_misc":{"Prix":"64.49&nbsp;&euro;","Disponibilit\u00e9":"En stock"},"schema":{"@context":"https:\/\/schema.org","@graph":[{"@type":["WebPage","ItemPage"],"@id":"https:\/\/ecosupplements.be\/fr\/produit\/vitamin-code-raw-prenatal-180-vcaps\/","url":"https:\/\/ecosupplements.be\/fr\/produit\/vitamin-code-raw-prenatal-180-vcaps\/","name":"Vitamin Code Raw Prenatal - 180 vcaps - ECO Supplements","isPartOf":{"@id":"https:\/\/ecosupplements.be\/fr\/#website"},"primaryImageOfPage":{"@id":"https:\/\/ecosupplements.be\/fr\/produit\/vitamin-code-raw-prenatal-180-vcaps\/#primaryimage"},"image":{"@id":"https:\/\/ecosupplements.be\/fr\/produit\/vitamin-code-raw-prenatal-180-vcaps\/#primaryimage"},"thumbnailUrl":"https:\/\/ecosupplements.be\/wp-content\/uploads\/2025\/08\/Vitamin-Code-Raw-Prenatal-180-vcaps.jpg","datePublished":"2022-09-22T12:00:53+00:00","dateModified":"2025-08-27T12:31:40+00:00","description":"Wij hebben een ruime keuze aan producten van Vitamin Code Raw Prenatal - 180 vcaps . Winkel bij Eco Supplements altijd gratis verzending boven 100\u20ac","breadcrumb":{"@id":"https:\/\/ecosupplements.be\/fr\/produit\/vitamin-code-raw-prenatal-180-vcaps\/#breadcrumb"},"inLanguage":"fr-FR","potentialAction":[{"@type":"ReadAction","target":["https:\/\/ecosupplements.be\/fr\/produit\/vitamin-code-raw-prenatal-180-vcaps\/"]}]},{"@type":"ImageObject","inLanguage":"fr-FR","@id":"https:\/\/ecosupplements.be\/fr\/produit\/vitamin-code-raw-prenatal-180-vcaps\/#primaryimage","url":"https:\/\/ecosupplements.be\/wp-content\/uploads\/2025\/08\/Vitamin-Code-Raw-Prenatal-180-vcaps.jpg","contentUrl":"https:\/\/ecosupplements.be\/wp-content\/uploads\/2025\/08\/Vitamin-Code-Raw-Prenatal-180-vcaps.jpg","width":551,"height":969},{"@type":"BreadcrumbList","@id":"https:\/\/ecosupplements.be\/fr\/produit\/vitamin-code-raw-prenatal-180-vcaps\/#breadcrumb","itemListElement":[{"@type":"ListItem","position":1,"name":"Home","item":"https:\/\/ecosupplements.be\/fr\/"},{"@type":"ListItem","position":2,"name":"Boutique","item":"https:\/\/ecosupplements.be\/fr\/boutique\/"},{"@type":"ListItem","position":3,"name":"Vitamin Code Raw Prenatal &#8211; 180 vcaps"}]},{"@type":"WebSite","@id":"https:\/\/ecosupplements.be\/fr\/#website","url":"https:\/\/ecosupplements.be\/fr\/","name":"ECO Supplements","description":"Eco Supplements - Gezonde supplementen","publisher":{"@id":"https:\/\/ecosupplements.be\/fr\/#organization"},"potentialAction":[{"@type":"SearchAction","target":{"@type":"EntryPoint","urlTemplate":"https:\/\/ecosupplements.be\/fr\/?s={search_term_string}"},"query-input":{"@type":"PropertyValueSpecification","valueRequired":true,"valueName":"search_term_string"}}],"inLanguage":"fr-FR"},{"@type":"Organization","@id":"https:\/\/ecosupplements.be\/fr\/#organization","name":"Eco Supplements","url":"https:\/\/ecosupplements.be\/fr\/","logo":{"@type":"ImageObject","inLanguage":"fr-FR","@id":"https:\/\/ecosupplements.be\/fr\/#\/schema\/logo\/image\/","url":"https:\/\/ecosupplements.be\/wp-content\/uploads\/2022\/06\/ecosupplement-family.png","contentUrl":"https:\/\/ecosupplements.be\/wp-content\/uploads\/2022\/06\/ecosupplement-family.png","width":593,"height":374,"caption":"Eco Supplements"},"image":{"@id":"https:\/\/ecosupplements.be\/fr\/#\/schema\/logo\/image\/"}}]},"product_brand":"Garden of Life","product_price_amount":"64.49","product_price_currency":"EUR","og_availability":"instock","product_availability":"instock","product_retailer_item_id":"658010115902","product_condition":"new"},"_links":{"self":[{"href":"https:\/\/ecosupplements.be\/fr\/wp-json\/wp\/v2\/product\/284335","targetHints":{"allow":["GET"]}}],"collection":[{"href":"https:\/\/ecosupplements.be\/fr\/wp-json\/wp\/v2\/product"}],"about":[{"href":"https:\/\/ecosupplements.be\/fr\/wp-json\/wp\/v2\/types\/product"}],"replies":[{"embeddable":true,"href":"https:\/\/ecosupplements.be\/fr\/wp-json\/wp\/v2\/comments?post=284335"}],"wp:featuredmedia":[{"embeddable":true,"href":"https:\/\/ecosupplements.be\/fr\/wp-json\/wp\/v2\/media\/260872"}],"wp:attachment":[{"href":"https:\/\/ecosupplements.be\/fr\/wp-json\/wp\/v2\/media?parent=284335"}],"wp:term":[{"taxonomy":"product_brand","embeddable":true,"href":"https:\/\/ecosupplements.be\/fr\/wp-json\/wp\/v2\/product_brand?post=284335"},{"taxonomy":"product_cat","embeddable":true,"href":"https:\/\/ecosupplements.be\/fr\/wp-json\/wp\/v2\/product_cat?post=284335"},{"taxonomy":"product_tag","embeddable":true,"href":"https:\/\/ecosupplements.be\/fr\/wp-json\/wp\/v2\/product_tag?post=284335"}],"curies":[{"name":"wp","href":"https:\/\/api.w.org\/{rel}","templated":true}]}}