{"id":284374,"date":"2022-06-28T10:18:08","date_gmt":"2022-06-28T09:18:08","guid":{"rendered":"https:\/\/ecosupplements.be\/product\/taurine-1000mg-90-vcaps\/"},"modified":"2025-08-27T13:32:24","modified_gmt":"2025-08-27T12:32:24","slug":"taurine-1000mg-90-vcaps","status":"publish","type":"product","link":"https:\/\/ecosupplements.be\/fr\/produit\/taurine-1000mg-90-vcaps\/","title":{"rendered":"Taurine, 1000mg &#8211; 90 vcaps"},"content":{"rendered":"<h1 style=\"text-align: center\">Life Extension &#8211; Taurine<\/h1>\n<p>Il a \u00e9t\u00e9 d\u00e9montr\u00e9 que la taurine aide \u00e0 soutenir la force du muscle cardiaque, favorise la sant\u00e9 endoth\u00e9liale (c&#8217;est-\u00e0-dire la d\u00e9licate paroi interne de vos vaisseaux sanguins), aide \u00e0 maintenir une pression art\u00e9rielle saine d\u00e9j\u00e0 dans la plage normale, et plus encore. Des \u00e9tudes sugg\u00e8rent \u00e9galement que la taurine joue un r\u00f4le protecteur dans la sant\u00e9 neurologique ainsi que dans la sant\u00e9 du corps entier &#8211; alors ajoutez la taurine \u00e0 votre r\u00e9gime d\u00e8s aujourd&#8217;hui !<br \/>\nLes avantages en un coup d&#8217;\u0153il :<br \/>\nLa taurine est un acide amin\u00e9 abondant<br \/>\nFortement concentr\u00e9 dans le muscle cardiaque<br \/>\nSoutient la sant\u00e9 du c\u0153ur et des vaisseaux sanguins<br \/>\nAide \u00e0 maintenir la pression sanguine d\u00e9j\u00e0 dans la plage normale<br \/>\nAntioxydant important ayant des effets neuroprotecteurs<br \/>\nPlus d&#8217;informations sur la taurine<br \/>\nLa taurine est produite \u00e0 partir de l&#8217;acide amin\u00e9 L-cyst\u00e9ine, et joue un r\u00f4le vital dans presque toutes les cellules du corps &#8211; notamment dans le c\u0153ur, les vaisseaux sanguins et les tissus musculaires. De plus, des \u00e9tudes pr\u00e9cliniques ont montr\u00e9 que la taurine est un antioxydant, et peut aider \u00e0 prot\u00e9ger le syst\u00e8me nerveux vieillissant.<br \/>\nSant\u00e9 du muscle cardiaque<br \/>\nLa taurine est particuli\u00e8rement concentr\u00e9e dans le c\u0153ur, et soutient la sant\u00e9 cardiovasculaire de plusieurs fa\u00e7ons. La taurine soutient la force du muscle cardiaque5, ainsi que sa fonction &#8211; la capacit\u00e9 du c\u0153ur \u00e0 fournir un sang rempli d&#8217;oxyg\u00e8ne et de nutriments, y compris pendant l&#8217;exercice. La taurine encourage une utilisation saine de l&#8217;\u00e9nergie par le c\u0153ur, ce qui favorise une circulation sanguine efficace.<br \/>\nSoutien endoth\u00e9lial et de la pression sanguine<br \/>\nVos vaisseaux sanguins facilitent la circulation du sang dans tout votre corps. Un aspect essentiel de la sant\u00e9 des vaisseaux sanguins est la fonction du d\u00e9licat rev\u00eatement des veines et des art\u00e8res, appel\u00e9 endoth\u00e9lium. La taurine favorise la sant\u00e9 et la fonction de l&#8217;endoth\u00e9lium, ce qui permet aux art\u00e8res de rester souples et flexibles. La taurine peut \u00e9galement contribuer \u00e0 maintenir la pression art\u00e9rielle d\u00e9j\u00e0 dans la fourchette normale.<br \/>\nAutres avantages de la taurine pour la sant\u00e9<br \/>\nIl a \u00e9t\u00e9 d\u00e9montr\u00e9 que la taurine a des effets neuroprotecteurs et qu&#8217;elle est un important antioxydant cellulaire et biochimique. Avec tant d&#8217;avantages essentiels, cet acide amin\u00e9 important est requis par presque toutes les cellules de votre corps. Alors, ajoutez la taurine \u00e0 votre r\u00e9gime de sant\u00e9 d\u00e8s aujourd&#8217;hui !<\/p>\n<p><img decoding=\"async\" src=\"https:\/\/ecosupplements.be\/wp-content\/uploads\/2025\/08\/non-gmo-1.png\" title=\"Non-OGM\" alt=\"Non-GMO\"><\/p>\n","protected":false},"excerpt":{"rendered":"<p>Life Extension &#8211; Taurine Il a \u00e9t\u00e9 d\u00e9montr\u00e9 que la taurine aide \u00e0 soutenir la force du muscle cardiaque, favorise la sant\u00e9 endoth\u00e9liale (c&#8217;est-\u00e0-dire la d\u00e9licate paroi interne de vos vaisseaux sanguins), aide \u00e0 maintenir une pression art\u00e9rielle saine d\u00e9j\u00e0 dans la plage normale, et plus encore. Des \u00e9tudes sugg\u00e8rent \u00e9galement que la taurine joue [&#8230;]\n","protected":false},"featured_media":247948,"comment_status":"open","ping_status":"open","template":"","meta":[],"product_brand":[4723],"product_cat":[5067,5111,5112,5053],"product_tag":[],"class_list":{"0":"post-284374","1":"product","2":"type-product","3":"status-publish","4":"has-post-thumbnail","6":"product_brand-life-extension-2","7":"product_cat-acides-amines-et-bcaa","8":"product_cat-acides-amines-et-bcaas","9":"product_cat-acides-amines-individuels","10":"product_cat-vitamines-et-mineraux","12":"first","13":"instock","14":"taxable","15":"shipping-taxable","16":"purchasable","17":"product-type-simple"},"yoast_head":"<!-- This site is optimized with the Yoast SEO Premium plugin v27.3 (Yoast SEO v27.3) - https:\/\/yoast.com\/product\/yoast-seo-premium-wordpress\/ -->\n<title>Taurine, 1000mg - 90 vcaps - ECO Supplements<\/title>\n<meta name=\"description\" content=\"Wij hebben een ruime keuze aan producten van Taurine, 1000mg - 90 vcaps . Winkel bij Eco Supplements altijd gratis verzending boven 100\u20ac\" \/>\n<meta name=\"robots\" content=\"index, follow, max-snippet:-1, max-image-preview:large, max-video-preview:-1\" \/>\n<link rel=\"canonical\" href=\"https:\/\/ecosupplements.be\/fr\/produit\/taurine-1000mg-90-vcaps\/\" \/>\n<meta property=\"og:locale\" content=\"fr_FR\" \/>\n<meta property=\"og:type\" content=\"article\" \/>\n<meta property=\"og:title\" content=\"Taurine, 1000mg - 90 vcaps\" \/>\n<meta property=\"og:description\" content=\"Wij hebben een ruime keuze aan producten van Taurine, 1000mg - 90 vcaps . Winkel bij Eco Supplements altijd gratis verzending boven 100\u20ac\" \/>\n<meta property=\"og:url\" content=\"https:\/\/ecosupplements.be\/fr\/produit\/taurine-1000mg-90-vcaps\/\" \/>\n<meta property=\"og:site_name\" content=\"ECO Supplements\" \/>\n<meta property=\"article:modified_time\" content=\"2025-08-27T12:32:24+00:00\" \/>\n<meta property=\"og:image\" content=\"https:\/\/ecosupplements.be\/wp-content\/uploads\/2025\/08\/Life-Extension-Taurine-1000mg-90-vcaps.jpg\" \/>\n\t<meta property=\"og:image:width\" content=\"750\" \/>\n\t<meta property=\"og:image:height\" content=\"750\" \/>\n\t<meta property=\"og:image:type\" content=\"image\/jpeg\" \/>\n<meta name=\"twitter:card\" content=\"summary_large_image\" \/>\n<meta name=\"twitter:label1\" content=\"Prix\" \/>\n\t<meta name=\"twitter:data1\" content=\"10.37&nbsp;&euro;\" \/>\n\t<meta name=\"twitter:label2\" content=\"Disponibilit\u00e9\" \/>\n\t<meta name=\"twitter:data2\" content=\"En stock\" \/>\n<script type=\"application\/ld+json\" class=\"yoast-schema-graph\">{\"@context\":\"https:\\\/\\\/schema.org\",\"@graph\":[{\"@type\":[\"WebPage\",\"ItemPage\"],\"@id\":\"https:\\\/\\\/ecosupplements.be\\\/fr\\\/produit\\\/taurine-1000mg-90-vcaps\\\/\",\"url\":\"https:\\\/\\\/ecosupplements.be\\\/fr\\\/produit\\\/taurine-1000mg-90-vcaps\\\/\",\"name\":\"Taurine, 1000mg - 90 vcaps - ECO Supplements\",\"isPartOf\":{\"@id\":\"https:\\\/\\\/ecosupplements.be\\\/fr\\\/#website\"},\"primaryImageOfPage\":{\"@id\":\"https:\\\/\\\/ecosupplements.be\\\/fr\\\/produit\\\/taurine-1000mg-90-vcaps\\\/#primaryimage\"},\"image\":{\"@id\":\"https:\\\/\\\/ecosupplements.be\\\/fr\\\/produit\\\/taurine-1000mg-90-vcaps\\\/#primaryimage\"},\"thumbnailUrl\":\"https:\\\/\\\/ecosupplements.be\\\/wp-content\\\/uploads\\\/2025\\\/08\\\/Life-Extension-Taurine-1000mg-90-vcaps.jpg\",\"datePublished\":\"2022-06-28T09:18:08+00:00\",\"dateModified\":\"2025-08-27T12:32:24+00:00\",\"description\":\"Wij hebben een ruime keuze aan producten van Taurine, 1000mg - 90 vcaps . Winkel bij Eco Supplements altijd gratis verzending boven 100\u20ac\",\"breadcrumb\":{\"@id\":\"https:\\\/\\\/ecosupplements.be\\\/fr\\\/produit\\\/taurine-1000mg-90-vcaps\\\/#breadcrumb\"},\"inLanguage\":\"fr-FR\",\"potentialAction\":[{\"@type\":\"ReadAction\",\"target\":[\"https:\\\/\\\/ecosupplements.be\\\/fr\\\/produit\\\/taurine-1000mg-90-vcaps\\\/\"]}]},{\"@type\":\"ImageObject\",\"inLanguage\":\"fr-FR\",\"@id\":\"https:\\\/\\\/ecosupplements.be\\\/fr\\\/produit\\\/taurine-1000mg-90-vcaps\\\/#primaryimage\",\"url\":\"https:\\\/\\\/ecosupplements.be\\\/wp-content\\\/uploads\\\/2025\\\/08\\\/Life-Extension-Taurine-1000mg-90-vcaps.jpg\",\"contentUrl\":\"https:\\\/\\\/ecosupplements.be\\\/wp-content\\\/uploads\\\/2025\\\/08\\\/Life-Extension-Taurine-1000mg-90-vcaps.jpg\",\"width\":750,\"height\":750},{\"@type\":\"BreadcrumbList\",\"@id\":\"https:\\\/\\\/ecosupplements.be\\\/fr\\\/produit\\\/taurine-1000mg-90-vcaps\\\/#breadcrumb\",\"itemListElement\":[{\"@type\":\"ListItem\",\"position\":1,\"name\":\"Home\",\"item\":\"https:\\\/\\\/ecosupplements.be\\\/fr\\\/\"},{\"@type\":\"ListItem\",\"position\":2,\"name\":\"Boutique\",\"item\":\"https:\\\/\\\/ecosupplements.be\\\/fr\\\/boutique\\\/\"},{\"@type\":\"ListItem\",\"position\":3,\"name\":\"Taurine, 1000mg &#8211; 90 vcaps\"}]},{\"@type\":\"WebSite\",\"@id\":\"https:\\\/\\\/ecosupplements.be\\\/fr\\\/#website\",\"url\":\"https:\\\/\\\/ecosupplements.be\\\/fr\\\/\",\"name\":\"ECO Supplements\",\"description\":\"Eco Supplements - Gezonde supplementen\",\"publisher\":{\"@id\":\"https:\\\/\\\/ecosupplements.be\\\/fr\\\/#organization\"},\"potentialAction\":[{\"@type\":\"SearchAction\",\"target\":{\"@type\":\"EntryPoint\",\"urlTemplate\":\"https:\\\/\\\/ecosupplements.be\\\/fr\\\/?s={search_term_string}\"},\"query-input\":{\"@type\":\"PropertyValueSpecification\",\"valueRequired\":true,\"valueName\":\"search_term_string\"}}],\"inLanguage\":\"fr-FR\"},{\"@type\":\"Organization\",\"@id\":\"https:\\\/\\\/ecosupplements.be\\\/fr\\\/#organization\",\"name\":\"Eco Supplements\",\"url\":\"https:\\\/\\\/ecosupplements.be\\\/fr\\\/\",\"logo\":{\"@type\":\"ImageObject\",\"inLanguage\":\"fr-FR\",\"@id\":\"https:\\\/\\\/ecosupplements.be\\\/fr\\\/#\\\/schema\\\/logo\\\/image\\\/\",\"url\":\"https:\\\/\\\/ecosupplements.be\\\/wp-content\\\/uploads\\\/2022\\\/06\\\/ecosupplement-family.png\",\"contentUrl\":\"https:\\\/\\\/ecosupplements.be\\\/wp-content\\\/uploads\\\/2022\\\/06\\\/ecosupplement-family.png\",\"width\":593,\"height\":374,\"caption\":\"Eco Supplements\"},\"image\":{\"@id\":\"https:\\\/\\\/ecosupplements.be\\\/fr\\\/#\\\/schema\\\/logo\\\/image\\\/\"}}]}<\/script>\n<meta property=\"product:brand\" content=\"Life Extension\" \/>\n<meta property=\"product:price:amount\" content=\"10.37\" \/>\n<meta property=\"product:price:currency\" content=\"EUR\" \/>\n<meta property=\"og:availability\" content=\"instock\" \/>\n<meta property=\"product:availability\" content=\"instock\" \/>\n<meta property=\"product:retailer_item_id\" content=\"737870182795\" \/>\n<meta property=\"product:condition\" content=\"new\" \/>\n<!-- \/ Yoast SEO Premium plugin. -->","yoast_head_json":{"title":"Taurine, 1000mg - 90 vcaps - ECO Supplements","description":"Wij hebben een ruime keuze aan producten van Taurine, 1000mg - 90 vcaps . Winkel bij Eco Supplements altijd gratis verzending boven 100\u20ac","robots":{"index":"index","follow":"follow","max-snippet":"max-snippet:-1","max-image-preview":"max-image-preview:large","max-video-preview":"max-video-preview:-1"},"canonical":"https:\/\/ecosupplements.be\/fr\/produit\/taurine-1000mg-90-vcaps\/","og_locale":"fr_FR","og_type":"article","og_title":"Taurine, 1000mg - 90 vcaps","og_description":"Wij hebben een ruime keuze aan producten van Taurine, 1000mg - 90 vcaps . Winkel bij Eco Supplements altijd gratis verzending boven 100\u20ac","og_url":"https:\/\/ecosupplements.be\/fr\/produit\/taurine-1000mg-90-vcaps\/","og_site_name":"ECO Supplements","article_modified_time":"2025-08-27T12:32:24+00:00","og_image":[{"width":750,"height":750,"url":"https:\/\/ecosupplements.be\/wp-content\/uploads\/2025\/08\/Life-Extension-Taurine-1000mg-90-vcaps.jpg","type":"image\/jpeg"}],"twitter_card":"summary_large_image","twitter_misc":{"Prix":"10.37&nbsp;&euro;","Disponibilit\u00e9":"En stock"},"schema":{"@context":"https:\/\/schema.org","@graph":[{"@type":["WebPage","ItemPage"],"@id":"https:\/\/ecosupplements.be\/fr\/produit\/taurine-1000mg-90-vcaps\/","url":"https:\/\/ecosupplements.be\/fr\/produit\/taurine-1000mg-90-vcaps\/","name":"Taurine, 1000mg - 90 vcaps - ECO Supplements","isPartOf":{"@id":"https:\/\/ecosupplements.be\/fr\/#website"},"primaryImageOfPage":{"@id":"https:\/\/ecosupplements.be\/fr\/produit\/taurine-1000mg-90-vcaps\/#primaryimage"},"image":{"@id":"https:\/\/ecosupplements.be\/fr\/produit\/taurine-1000mg-90-vcaps\/#primaryimage"},"thumbnailUrl":"https:\/\/ecosupplements.be\/wp-content\/uploads\/2025\/08\/Life-Extension-Taurine-1000mg-90-vcaps.jpg","datePublished":"2022-06-28T09:18:08+00:00","dateModified":"2025-08-27T12:32:24+00:00","description":"Wij hebben een ruime keuze aan producten van Taurine, 1000mg - 90 vcaps . Winkel bij Eco Supplements altijd gratis verzending boven 100\u20ac","breadcrumb":{"@id":"https:\/\/ecosupplements.be\/fr\/produit\/taurine-1000mg-90-vcaps\/#breadcrumb"},"inLanguage":"fr-FR","potentialAction":[{"@type":"ReadAction","target":["https:\/\/ecosupplements.be\/fr\/produit\/taurine-1000mg-90-vcaps\/"]}]},{"@type":"ImageObject","inLanguage":"fr-FR","@id":"https:\/\/ecosupplements.be\/fr\/produit\/taurine-1000mg-90-vcaps\/#primaryimage","url":"https:\/\/ecosupplements.be\/wp-content\/uploads\/2025\/08\/Life-Extension-Taurine-1000mg-90-vcaps.jpg","contentUrl":"https:\/\/ecosupplements.be\/wp-content\/uploads\/2025\/08\/Life-Extension-Taurine-1000mg-90-vcaps.jpg","width":750,"height":750},{"@type":"BreadcrumbList","@id":"https:\/\/ecosupplements.be\/fr\/produit\/taurine-1000mg-90-vcaps\/#breadcrumb","itemListElement":[{"@type":"ListItem","position":1,"name":"Home","item":"https:\/\/ecosupplements.be\/fr\/"},{"@type":"ListItem","position":2,"name":"Boutique","item":"https:\/\/ecosupplements.be\/fr\/boutique\/"},{"@type":"ListItem","position":3,"name":"Taurine, 1000mg &#8211; 90 vcaps"}]},{"@type":"WebSite","@id":"https:\/\/ecosupplements.be\/fr\/#website","url":"https:\/\/ecosupplements.be\/fr\/","name":"ECO Supplements","description":"Eco Supplements - Gezonde supplementen","publisher":{"@id":"https:\/\/ecosupplements.be\/fr\/#organization"},"potentialAction":[{"@type":"SearchAction","target":{"@type":"EntryPoint","urlTemplate":"https:\/\/ecosupplements.be\/fr\/?s={search_term_string}"},"query-input":{"@type":"PropertyValueSpecification","valueRequired":true,"valueName":"search_term_string"}}],"inLanguage":"fr-FR"},{"@type":"Organization","@id":"https:\/\/ecosupplements.be\/fr\/#organization","name":"Eco Supplements","url":"https:\/\/ecosupplements.be\/fr\/","logo":{"@type":"ImageObject","inLanguage":"fr-FR","@id":"https:\/\/ecosupplements.be\/fr\/#\/schema\/logo\/image\/","url":"https:\/\/ecosupplements.be\/wp-content\/uploads\/2022\/06\/ecosupplement-family.png","contentUrl":"https:\/\/ecosupplements.be\/wp-content\/uploads\/2022\/06\/ecosupplement-family.png","width":593,"height":374,"caption":"Eco Supplements"},"image":{"@id":"https:\/\/ecosupplements.be\/fr\/#\/schema\/logo\/image\/"}}]},"product_brand":"Life Extension","product_price_amount":"10.37","product_price_currency":"EUR","og_availability":"instock","product_availability":"instock","product_retailer_item_id":"737870182795","product_condition":"new"},"_links":{"self":[{"href":"https:\/\/ecosupplements.be\/fr\/wp-json\/wp\/v2\/product\/284374","targetHints":{"allow":["GET"]}}],"collection":[{"href":"https:\/\/ecosupplements.be\/fr\/wp-json\/wp\/v2\/product"}],"about":[{"href":"https:\/\/ecosupplements.be\/fr\/wp-json\/wp\/v2\/types\/product"}],"replies":[{"embeddable":true,"href":"https:\/\/ecosupplements.be\/fr\/wp-json\/wp\/v2\/comments?post=284374"}],"wp:featuredmedia":[{"embeddable":true,"href":"https:\/\/ecosupplements.be\/fr\/wp-json\/wp\/v2\/media\/247948"}],"wp:attachment":[{"href":"https:\/\/ecosupplements.be\/fr\/wp-json\/wp\/v2\/media?parent=284374"}],"wp:term":[{"taxonomy":"product_brand","embeddable":true,"href":"https:\/\/ecosupplements.be\/fr\/wp-json\/wp\/v2\/product_brand?post=284374"},{"taxonomy":"product_cat","embeddable":true,"href":"https:\/\/ecosupplements.be\/fr\/wp-json\/wp\/v2\/product_cat?post=284374"},{"taxonomy":"product_tag","embeddable":true,"href":"https:\/\/ecosupplements.be\/fr\/wp-json\/wp\/v2\/product_tag?post=284374"}],"curies":[{"name":"wp","href":"https:\/\/api.w.org\/{rel}","templated":true}]}}