{"id":284378,"date":"2022-06-28T10:18:08","date_gmt":"2022-06-28T09:18:08","guid":{"rendered":"https:\/\/ecosupplements.be\/product\/tri-sugar-shield-60-vcaps\/"},"modified":"2025-08-27T13:32:31","modified_gmt":"2025-08-27T12:32:31","slug":"tri-sugar-shield-60-vcaps","status":"publish","type":"product","link":"https:\/\/ecosupplements.be\/fr\/produit\/tri-sugar-shield-60-vcaps\/","title":{"rendered":"Tri Sugar Shield &#8211; 60 vcaps"},"content":{"rendered":"<h1 style=\"text-align: center;\">Life Extension &#8211; Tri Sugar Shield<\/h1>\n<p>Il existe plusieurs facettes de la sant\u00e9 de la glyc\u00e9mie : l&#8217;une d&#8217;elles est la n\u00e9oglucogen\u00e8se, ou comment le foie produit du glucose \u00e0 partir des prot\u00e9ines. Une autre est la conversion de l&#8217;amidon (tel que les c\u00e9r\u00e9ales ing\u00e9r\u00e9es) en glucose. Tri Sugar Shield est une formule unique contenant trois extraits de plantes qui agissent ensemble pour favoriser un m\u00e9tabolisme sain du glucose : le son de sorgho, la feuille de m\u00fbrier blanc et la phloridzine provenant de la pomme.<br \/>\nLes avantages en un coup d&#8217;\u0153il :<br \/>\nFavorise une production \u00e9quilibr\u00e9e de sucre dans le foie<br \/>\nFavorise une saine sensibilit\u00e9 \u00e0 l&#8217;insuline<br \/>\nAide \u00e0 inhiber les enzymes de digestion du sucre<br \/>\nFavorise une \u00e9limination saine du glucose<br \/>\nPlus d&#8217;informations sur Tri Sugar Shield<br \/>\nLe maintien d&#8217;une glyc\u00e9mie saine fait absolument partie int\u00e9grante d&#8217;une sant\u00e9 durable. C&#8217;est pourquoi nous avons mis au point Tri Sugar Shield : chacun des ingr\u00e9dients contenus dans Tri Sugar Shield contribue \u00e0 maintenir un taux de glyc\u00e9mie sain, d\u00e9j\u00e0 dans les limites de la normale. Mais ils le font de diff\u00e9rentes mani\u00e8res :<br \/>\nExtrait de son de sorgho<br \/>\nLes compos\u00e9s de l&#8217;extrait de son de sorgho aident \u00e0 \u00e9quilibrer le taux de production de sucre dans le foie6, ainsi qu&#8217;\u00e0 soutenir une sensibilit\u00e9 saine \u00e0 l&#8217;insuline. L&#8217;extrait de sorgho aide \u00e9galement \u00e0 moduler le PPAR-gamma, un r\u00e9cepteur g\u00e9n\u00e9tique qui favorise un m\u00e9tabolisme sain du glucose. Enfin, le sorgho aide \u00e0 inhiber l&#8217;enzyme alpha-amylase, qui lib\u00e8re les sucres de l&#8217;amidon pendant la digestion.<br \/>\nExtrait de feuille de m\u00fbrier<br \/>\nL&#8217;extrait de feuille de m\u00fbrier cible l&#8217;enzyme alpha-glucosidase, qui transforme l&#8217;amidon ing\u00e9r\u00e9 en glucose. Il soutient \u00e9galement le compos\u00e9 transporteur GLUT4, qui fait passer le glucose de la circulation sanguine aux cellules musculaires et h\u00e9patiques. Le m\u00fbrier favorise \u00e9galement la sensibilit\u00e9 \u00e0 l&#8217;insuline.<br \/>\nPhloridzine polyph\u00e9nol de pomme<br \/>\nLa phloridzine est un compos\u00e9 polyph\u00e9nolique extrait de l&#8217;\u00e9corce de la racine de pomme. Il aide \u00e0 maintenir des taux de glyc\u00e9mie d\u00e9j\u00e0 sains en ciblant les prot\u00e9ines porteuses SGLT1 et SGLT2. Cela permet \u00e0 la fois d&#8217;inhiber l&#8217;absorption du glucose dans la circulation sanguine et de favoriser une \u00e9limination saine du glucose.<br \/>\nPrendre avant de manger<br \/>\nPour obtenir le maximum d&#8217;avantages pour la sant\u00e9, prenez Tri Sugar Shield juste avant de manger des aliments riches en glucides ou en sucre. Faites votre part pour maintenir votre glyc\u00e9mie d\u00e9j\u00e0 saine. Ajoutez Tri Sugar Shield \u00e0 votre r\u00e9gime alimentaire sain d\u00e8s aujourd&#8217;hui !<\/p>\n<p><img decoding=\"async\" src=\"https:\/\/ecosupplements.be\/wp-content\/uploads\/2025\/08\/gluten-free-1.png\" title=\"Sans gluten\" alt=\"Gluten free\"><img decoding=\"async\" src=\"https:\/\/ecosupplements.be\/wp-content\/uploads\/2025\/08\/non-gmo-1.png\" title=\"Non-OGM\" alt=\"Non-GMO\"><\/p>\n","protected":false},"excerpt":{"rendered":"<p>Life Extension &#8211; Tri Sugar Shield Il existe plusieurs facettes de la sant\u00e9 de la glyc\u00e9mie : l&#8217;une d&#8217;elles est la n\u00e9oglucogen\u00e8se, ou comment le foie produit du glucose \u00e0 partir des prot\u00e9ines. Une autre est la conversion de l&#8217;amidon (tel que les c\u00e9r\u00e9ales ing\u00e9r\u00e9es) en glucose. Tri Sugar Shield est une formule unique contenant [&#8230;]\n","protected":false},"featured_media":247971,"comment_status":"open","ping_status":"open","template":"","meta":[],"product_brand":[4723],"product_cat":[5087,5052],"product_tag":[],"class_list":{"0":"post-284378","1":"product","2":"type-product","3":"status-publish","4":"has-post-thumbnail","6":"product_brand-life-extension-2","7":"product_cat-sante-digestive-fibres","8":"product_cat-sante-et-bien-etre","10":"first","11":"instock","12":"sale","13":"taxable","14":"shipping-taxable","15":"purchasable","16":"product-type-simple"},"yoast_head":"<!-- This site is optimized with the Yoast SEO Premium plugin v27.3 (Yoast SEO v27.3) - https:\/\/yoast.com\/product\/yoast-seo-premium-wordpress\/ -->\n<title>Tri Sugar Shield - 60 vcaps - ECO Supplements<\/title>\n<meta name=\"description\" content=\"Wij hebben een ruime keuze aan producten van Tri Sugar Shield - 60 vcaps . Winkel bij Eco Supplements altijd gratis verzending boven 100\u20ac\" \/>\n<meta name=\"robots\" content=\"index, follow, max-snippet:-1, max-image-preview:large, max-video-preview:-1\" \/>\n<link rel=\"canonical\" href=\"https:\/\/ecosupplements.be\/fr\/produit\/tri-sugar-shield-60-vcaps\/\" \/>\n<meta property=\"og:locale\" content=\"fr_FR\" \/>\n<meta property=\"og:type\" content=\"article\" \/>\n<meta property=\"og:title\" content=\"Tri Sugar Shield - 60 vcaps\" \/>\n<meta property=\"og:description\" content=\"Wij hebben een ruime keuze aan producten van Tri Sugar Shield - 60 vcaps . Winkel bij Eco Supplements altijd gratis verzending boven 100\u20ac\" \/>\n<meta property=\"og:url\" content=\"https:\/\/ecosupplements.be\/fr\/produit\/tri-sugar-shield-60-vcaps\/\" \/>\n<meta property=\"og:site_name\" content=\"ECO Supplements\" \/>\n<meta property=\"article:modified_time\" content=\"2025-08-27T12:32:31+00:00\" \/>\n<meta property=\"og:image\" content=\"https:\/\/ecosupplements.be\/wp-content\/uploads\/2025\/08\/Life-Extension-Tri-Sugar-Shield-60-vcaps.jpg\" \/>\n\t<meta property=\"og:image:width\" content=\"750\" \/>\n\t<meta property=\"og:image:height\" content=\"750\" \/>\n\t<meta property=\"og:image:type\" content=\"image\/jpeg\" \/>\n<meta name=\"twitter:card\" content=\"summary_large_image\" \/>\n<meta name=\"twitter:label1\" content=\"Prix\" \/>\n\t<meta name=\"twitter:data1\" content=\"33.11&nbsp;&euro;\" \/>\n\t<meta name=\"twitter:label2\" content=\"Disponibilit\u00e9\" \/>\n\t<meta name=\"twitter:data2\" content=\"En stock\" \/>\n<script type=\"application\/ld+json\" class=\"yoast-schema-graph\">{\"@context\":\"https:\\\/\\\/schema.org\",\"@graph\":[{\"@type\":[\"WebPage\",\"ItemPage\"],\"@id\":\"https:\\\/\\\/ecosupplements.be\\\/fr\\\/produit\\\/tri-sugar-shield-60-vcaps\\\/\",\"url\":\"https:\\\/\\\/ecosupplements.be\\\/fr\\\/produit\\\/tri-sugar-shield-60-vcaps\\\/\",\"name\":\"Tri Sugar Shield - 60 vcaps - ECO Supplements\",\"isPartOf\":{\"@id\":\"https:\\\/\\\/ecosupplements.be\\\/fr\\\/#website\"},\"primaryImageOfPage\":{\"@id\":\"https:\\\/\\\/ecosupplements.be\\\/fr\\\/produit\\\/tri-sugar-shield-60-vcaps\\\/#primaryimage\"},\"image\":{\"@id\":\"https:\\\/\\\/ecosupplements.be\\\/fr\\\/produit\\\/tri-sugar-shield-60-vcaps\\\/#primaryimage\"},\"thumbnailUrl\":\"https:\\\/\\\/ecosupplements.be\\\/wp-content\\\/uploads\\\/2025\\\/08\\\/Life-Extension-Tri-Sugar-Shield-60-vcaps.jpg\",\"datePublished\":\"2022-06-28T09:18:08+00:00\",\"dateModified\":\"2025-08-27T12:32:31+00:00\",\"description\":\"Wij hebben een ruime keuze aan producten van Tri Sugar Shield - 60 vcaps . Winkel bij Eco Supplements altijd gratis verzending boven 100\u20ac\",\"breadcrumb\":{\"@id\":\"https:\\\/\\\/ecosupplements.be\\\/fr\\\/produit\\\/tri-sugar-shield-60-vcaps\\\/#breadcrumb\"},\"inLanguage\":\"fr-FR\",\"potentialAction\":[{\"@type\":\"ReadAction\",\"target\":[\"https:\\\/\\\/ecosupplements.be\\\/fr\\\/produit\\\/tri-sugar-shield-60-vcaps\\\/\"]}]},{\"@type\":\"ImageObject\",\"inLanguage\":\"fr-FR\",\"@id\":\"https:\\\/\\\/ecosupplements.be\\\/fr\\\/produit\\\/tri-sugar-shield-60-vcaps\\\/#primaryimage\",\"url\":\"https:\\\/\\\/ecosupplements.be\\\/wp-content\\\/uploads\\\/2025\\\/08\\\/Life-Extension-Tri-Sugar-Shield-60-vcaps.jpg\",\"contentUrl\":\"https:\\\/\\\/ecosupplements.be\\\/wp-content\\\/uploads\\\/2025\\\/08\\\/Life-Extension-Tri-Sugar-Shield-60-vcaps.jpg\",\"width\":750,\"height\":750},{\"@type\":\"BreadcrumbList\",\"@id\":\"https:\\\/\\\/ecosupplements.be\\\/fr\\\/produit\\\/tri-sugar-shield-60-vcaps\\\/#breadcrumb\",\"itemListElement\":[{\"@type\":\"ListItem\",\"position\":1,\"name\":\"Home\",\"item\":\"https:\\\/\\\/ecosupplements.be\\\/fr\\\/\"},{\"@type\":\"ListItem\",\"position\":2,\"name\":\"Boutique\",\"item\":\"https:\\\/\\\/ecosupplements.be\\\/fr\\\/boutique\\\/\"},{\"@type\":\"ListItem\",\"position\":3,\"name\":\"Tri Sugar Shield &#8211; 60 vcaps\"}]},{\"@type\":\"WebSite\",\"@id\":\"https:\\\/\\\/ecosupplements.be\\\/fr\\\/#website\",\"url\":\"https:\\\/\\\/ecosupplements.be\\\/fr\\\/\",\"name\":\"ECO Supplements\",\"description\":\"Eco Supplements - Gezonde supplementen\",\"publisher\":{\"@id\":\"https:\\\/\\\/ecosupplements.be\\\/fr\\\/#organization\"},\"potentialAction\":[{\"@type\":\"SearchAction\",\"target\":{\"@type\":\"EntryPoint\",\"urlTemplate\":\"https:\\\/\\\/ecosupplements.be\\\/fr\\\/?s={search_term_string}\"},\"query-input\":{\"@type\":\"PropertyValueSpecification\",\"valueRequired\":true,\"valueName\":\"search_term_string\"}}],\"inLanguage\":\"fr-FR\"},{\"@type\":\"Organization\",\"@id\":\"https:\\\/\\\/ecosupplements.be\\\/fr\\\/#organization\",\"name\":\"Eco Supplements\",\"url\":\"https:\\\/\\\/ecosupplements.be\\\/fr\\\/\",\"logo\":{\"@type\":\"ImageObject\",\"inLanguage\":\"fr-FR\",\"@id\":\"https:\\\/\\\/ecosupplements.be\\\/fr\\\/#\\\/schema\\\/logo\\\/image\\\/\",\"url\":\"https:\\\/\\\/ecosupplements.be\\\/wp-content\\\/uploads\\\/2022\\\/06\\\/ecosupplement-family.png\",\"contentUrl\":\"https:\\\/\\\/ecosupplements.be\\\/wp-content\\\/uploads\\\/2022\\\/06\\\/ecosupplement-family.png\",\"width\":593,\"height\":374,\"caption\":\"Eco Supplements\"},\"image\":{\"@id\":\"https:\\\/\\\/ecosupplements.be\\\/fr\\\/#\\\/schema\\\/logo\\\/image\\\/\"}}]}<\/script>\n<meta property=\"product:brand\" content=\"Life Extension\" \/>\n<meta property=\"product:price:amount\" content=\"33.11\" \/>\n<meta property=\"product:price:currency\" content=\"EUR\" \/>\n<meta property=\"og:availability\" content=\"instock\" \/>\n<meta property=\"product:availability\" content=\"instock\" \/>\n<meta property=\"product:retailer_item_id\" content=\"737870180364\" \/>\n<meta property=\"product:condition\" content=\"new\" \/>\n<!-- \/ Yoast SEO Premium plugin. -->","yoast_head_json":{"title":"Tri Sugar Shield - 60 vcaps - ECO Supplements","description":"Wij hebben een ruime keuze aan producten van Tri Sugar Shield - 60 vcaps . Winkel bij Eco Supplements altijd gratis verzending boven 100\u20ac","robots":{"index":"index","follow":"follow","max-snippet":"max-snippet:-1","max-image-preview":"max-image-preview:large","max-video-preview":"max-video-preview:-1"},"canonical":"https:\/\/ecosupplements.be\/fr\/produit\/tri-sugar-shield-60-vcaps\/","og_locale":"fr_FR","og_type":"article","og_title":"Tri Sugar Shield - 60 vcaps","og_description":"Wij hebben een ruime keuze aan producten van Tri Sugar Shield - 60 vcaps . Winkel bij Eco Supplements altijd gratis verzending boven 100\u20ac","og_url":"https:\/\/ecosupplements.be\/fr\/produit\/tri-sugar-shield-60-vcaps\/","og_site_name":"ECO Supplements","article_modified_time":"2025-08-27T12:32:31+00:00","og_image":[{"width":750,"height":750,"url":"https:\/\/ecosupplements.be\/wp-content\/uploads\/2025\/08\/Life-Extension-Tri-Sugar-Shield-60-vcaps.jpg","type":"image\/jpeg"}],"twitter_card":"summary_large_image","twitter_misc":{"Prix":"33.11&nbsp;&euro;","Disponibilit\u00e9":"En stock"},"schema":{"@context":"https:\/\/schema.org","@graph":[{"@type":["WebPage","ItemPage"],"@id":"https:\/\/ecosupplements.be\/fr\/produit\/tri-sugar-shield-60-vcaps\/","url":"https:\/\/ecosupplements.be\/fr\/produit\/tri-sugar-shield-60-vcaps\/","name":"Tri Sugar Shield - 60 vcaps - ECO Supplements","isPartOf":{"@id":"https:\/\/ecosupplements.be\/fr\/#website"},"primaryImageOfPage":{"@id":"https:\/\/ecosupplements.be\/fr\/produit\/tri-sugar-shield-60-vcaps\/#primaryimage"},"image":{"@id":"https:\/\/ecosupplements.be\/fr\/produit\/tri-sugar-shield-60-vcaps\/#primaryimage"},"thumbnailUrl":"https:\/\/ecosupplements.be\/wp-content\/uploads\/2025\/08\/Life-Extension-Tri-Sugar-Shield-60-vcaps.jpg","datePublished":"2022-06-28T09:18:08+00:00","dateModified":"2025-08-27T12:32:31+00:00","description":"Wij hebben een ruime keuze aan producten van Tri Sugar Shield - 60 vcaps . Winkel bij Eco Supplements altijd gratis verzending boven 100\u20ac","breadcrumb":{"@id":"https:\/\/ecosupplements.be\/fr\/produit\/tri-sugar-shield-60-vcaps\/#breadcrumb"},"inLanguage":"fr-FR","potentialAction":[{"@type":"ReadAction","target":["https:\/\/ecosupplements.be\/fr\/produit\/tri-sugar-shield-60-vcaps\/"]}]},{"@type":"ImageObject","inLanguage":"fr-FR","@id":"https:\/\/ecosupplements.be\/fr\/produit\/tri-sugar-shield-60-vcaps\/#primaryimage","url":"https:\/\/ecosupplements.be\/wp-content\/uploads\/2025\/08\/Life-Extension-Tri-Sugar-Shield-60-vcaps.jpg","contentUrl":"https:\/\/ecosupplements.be\/wp-content\/uploads\/2025\/08\/Life-Extension-Tri-Sugar-Shield-60-vcaps.jpg","width":750,"height":750},{"@type":"BreadcrumbList","@id":"https:\/\/ecosupplements.be\/fr\/produit\/tri-sugar-shield-60-vcaps\/#breadcrumb","itemListElement":[{"@type":"ListItem","position":1,"name":"Home","item":"https:\/\/ecosupplements.be\/fr\/"},{"@type":"ListItem","position":2,"name":"Boutique","item":"https:\/\/ecosupplements.be\/fr\/boutique\/"},{"@type":"ListItem","position":3,"name":"Tri Sugar Shield &#8211; 60 vcaps"}]},{"@type":"WebSite","@id":"https:\/\/ecosupplements.be\/fr\/#website","url":"https:\/\/ecosupplements.be\/fr\/","name":"ECO Supplements","description":"Eco Supplements - Gezonde supplementen","publisher":{"@id":"https:\/\/ecosupplements.be\/fr\/#organization"},"potentialAction":[{"@type":"SearchAction","target":{"@type":"EntryPoint","urlTemplate":"https:\/\/ecosupplements.be\/fr\/?s={search_term_string}"},"query-input":{"@type":"PropertyValueSpecification","valueRequired":true,"valueName":"search_term_string"}}],"inLanguage":"fr-FR"},{"@type":"Organization","@id":"https:\/\/ecosupplements.be\/fr\/#organization","name":"Eco Supplements","url":"https:\/\/ecosupplements.be\/fr\/","logo":{"@type":"ImageObject","inLanguage":"fr-FR","@id":"https:\/\/ecosupplements.be\/fr\/#\/schema\/logo\/image\/","url":"https:\/\/ecosupplements.be\/wp-content\/uploads\/2022\/06\/ecosupplement-family.png","contentUrl":"https:\/\/ecosupplements.be\/wp-content\/uploads\/2022\/06\/ecosupplement-family.png","width":593,"height":374,"caption":"Eco Supplements"},"image":{"@id":"https:\/\/ecosupplements.be\/fr\/#\/schema\/logo\/image\/"}}]},"product_brand":"Life Extension","product_price_amount":"33.11","product_price_currency":"EUR","og_availability":"instock","product_availability":"instock","product_retailer_item_id":"737870180364","product_condition":"new"},"_links":{"self":[{"href":"https:\/\/ecosupplements.be\/fr\/wp-json\/wp\/v2\/product\/284378","targetHints":{"allow":["GET"]}}],"collection":[{"href":"https:\/\/ecosupplements.be\/fr\/wp-json\/wp\/v2\/product"}],"about":[{"href":"https:\/\/ecosupplements.be\/fr\/wp-json\/wp\/v2\/types\/product"}],"replies":[{"embeddable":true,"href":"https:\/\/ecosupplements.be\/fr\/wp-json\/wp\/v2\/comments?post=284378"}],"wp:featuredmedia":[{"embeddable":true,"href":"https:\/\/ecosupplements.be\/fr\/wp-json\/wp\/v2\/media\/247971"}],"wp:attachment":[{"href":"https:\/\/ecosupplements.be\/fr\/wp-json\/wp\/v2\/media?parent=284378"}],"wp:term":[{"taxonomy":"product_brand","embeddable":true,"href":"https:\/\/ecosupplements.be\/fr\/wp-json\/wp\/v2\/product_brand?post=284378"},{"taxonomy":"product_cat","embeddable":true,"href":"https:\/\/ecosupplements.be\/fr\/wp-json\/wp\/v2\/product_cat?post=284378"},{"taxonomy":"product_tag","embeddable":true,"href":"https:\/\/ecosupplements.be\/fr\/wp-json\/wp\/v2\/product_tag?post=284378"}],"curies":[{"name":"wp","href":"https:\/\/api.w.org\/{rel}","templated":true}]}}