{"id":284411,"date":"2022-06-28T10:18:48","date_gmt":"2022-06-28T09:18:48","guid":{"rendered":"https:\/\/ecosupplements.be\/product\/juicefestiv-daily-fruits-veggie-60-60-caps\/"},"modified":"2025-08-27T13:33:12","modified_gmt":"2025-08-27T12:33:12","slug":"juicefestiv-daily-fruits-veggie-60-60-caps","status":"publish","type":"product","link":"https:\/\/ecosupplements.be\/fr\/produit\/juicefestiv-daily-fruits-veggie-60-60-caps\/","title":{"rendered":"JuiceFestiv, Daily Fruits &#038; Veggie &#8211; 60 + 60 caps"},"content":{"rendered":"<h1 style=\"text-align: center;\">Natrol &#8211; JuiceFestiv<\/h1>\n<p>Natrol JuiceFestiv &#8211; La fa\u00e7on la plus simple d&#8217;obtenir vos fruits et l\u00e9gumes quotidiens<br \/>\nLe rythme de vie effr\u00e9n\u00e9 d&#8217;aujourd&#8217;hui rend difficile l&#8217;obtention de la nutrition ad\u00e9quate dont votre corps a besoin. Si vous et votre famille ne consommez pas assez de fruits et l\u00e9gumes, et si vous vous inqui\u00e9tez de ne pas obtenir les nutriments dont vous avez besoin, essayez Natrol JuiceFestiv, la solution simple et pratique pour obtenir vos portions quotidiennes de fruits et l\u00e9gumes.<br \/>\nBien que rien ne puisse remplacer une alimentation saine et riche en fruits et l\u00e9gumes, Natrol JuiceFestiv aide \u00e0 combler l&#8217;\u00e9cart entre ce que vous mangez et les nutriments dont votre corps a besoin pour un mode de vie sain et actif.<br \/>\nPrincipaux avantages du produit :<br \/>\n&#8211; Un moyen simple et pratique d&#8217;obtenir vos fruits et l\u00e9gumes quotidiens<br \/>\n&#8211; Une nutrition quotidienne \u00e0 tout moment et en tout lieu gr\u00e2ce \u00e0 des capsules pratiques \u00e0 prendre.<br \/>\n&#8211; Fabriqu\u00e9 avec des fruits et l\u00e9gumes biologiques 100%, certifi\u00e9s par Oregon Tilth<br \/>\n&#8211; Contient un total de 46 fruits, l\u00e9gumes, c\u00e9r\u00e9ales et l\u00e9gumes verts, y compris :<br \/>\n23 fruits, dont les Super Fruits a\u00e7a\u00ed, baie de goji, grenade, myrtille et noni<br \/>\n18 l\u00e9gumes + 5 c\u00e9r\u00e9ales et verdures, dont l&#8217;herbe de bl\u00e9 super nutritive, le chou fris\u00e9, le varech, les \u00e9pinards et la spiruline<br \/>\n&#8211; Contient \u00e9galement du SelenoExcell, une forme cliniquement test\u00e9e de l&#8217;antioxydant s\u00e9l\u00e9nium pour am\u00e9liorer le m\u00e9tabolisme, ainsi que des probiotiques et des enzymes digestives pour la sant\u00e9 digestive.<br \/>\n&#8211; Excellente source de nutriments antioxydants : vitamine A, vitamine B12, vitamine C et vitamine E<br \/>\n&#8211; Booste l&#8217;\u00e9nergie et le bien-\u00eatre<br \/>\n&#8211; Approvisionnement de 30 jours<br \/>\n&#8211; Comprend une bouteille de Daily Fruit (60 capsules) et une bouteille de Daily Veggie (60 capsules)<\/p>\n","protected":false},"excerpt":{"rendered":"<p>Natrol &#8211; JuiceFestiv Natrol JuiceFestiv &#8211; La fa\u00e7on la plus simple d&#8217;obtenir vos fruits et l\u00e9gumes quotidiens Le rythme de vie effr\u00e9n\u00e9 d&#8217;aujourd&#8217;hui rend difficile l&#8217;obtention de la nutrition ad\u00e9quate dont votre corps a besoin. Si vous et votre famille ne consommez pas assez de fruits et l\u00e9gumes, et si vous vous inqui\u00e9tez de ne [&#8230;]\n","protected":false},"featured_media":284412,"comment_status":"open","ping_status":"open","template":"","meta":[],"product_brand":[4731],"product_cat":[5125,5119,5052,5053],"product_tag":[],"class_list":{"0":"post-284411","1":"product","2":"type-product","3":"status-publish","4":"has-post-thumbnail","6":"product_brand-natrol-2","7":"product_cat-aliments-de-sante","8":"product_cat-amelioration-de-lhumeur","9":"product_cat-sante-et-bien-etre","10":"product_cat-vitamines-et-mineraux","12":"first","13":"instock","14":"taxable","15":"shipping-taxable","16":"purchasable","17":"product-type-simple"},"yoast_head":"<!-- This site is optimized with the Yoast SEO Premium plugin v27.3 (Yoast SEO v27.3) - https:\/\/yoast.com\/product\/yoast-seo-premium-wordpress\/ -->\n<title>JuiceFestiv, Daily Fruits &amp; Veggie - 60 + 60 caps - ECO Supplements<\/title>\n<meta name=\"description\" content=\"Wij hebben een ruime keuze aan producten van JuiceFestiv, Daily Fruits &amp; Veggie - 60 + 60 caps . Winkel bij Eco Supplements altijd gratis verzending boven 100\u20ac\" \/>\n<meta name=\"robots\" content=\"index, follow, max-snippet:-1, max-image-preview:large, max-video-preview:-1\" \/>\n<link rel=\"canonical\" href=\"https:\/\/ecosupplements.be\/fr\/produit\/juicefestiv-daily-fruits-veggie-60-60-caps\/\" \/>\n<meta property=\"og:locale\" content=\"fr_FR\" \/>\n<meta property=\"og:type\" content=\"article\" \/>\n<meta property=\"og:title\" content=\"JuiceFestiv, Daily Fruits &amp; Veggie - 60 + 60 caps\" \/>\n<meta property=\"og:description\" content=\"Wij hebben een ruime keuze aan producten van JuiceFestiv, Daily Fruits &amp; Veggie - 60 + 60 caps . Winkel bij Eco Supplements altijd gratis verzending boven 100\u20ac\" \/>\n<meta property=\"og:url\" content=\"https:\/\/ecosupplements.be\/fr\/produit\/juicefestiv-daily-fruits-veggie-60-60-caps\/\" \/>\n<meta property=\"og:site_name\" content=\"ECO Supplements\" \/>\n<meta property=\"article:modified_time\" content=\"2025-08-27T12:33:12+00:00\" \/>\n<meta property=\"og:image\" content=\"https:\/\/ecosupplements.be\/wp-content\/uploads\/2025\/08\/JuiceFestiv-Daily-Fruits-Veggie-60-60-caps.jpg\" \/>\n\t<meta property=\"og:image:width\" content=\"483\" \/>\n\t<meta property=\"og:image:height\" content=\"599\" \/>\n\t<meta property=\"og:image:type\" content=\"image\/jpeg\" \/>\n<meta name=\"twitter:card\" content=\"summary_large_image\" \/>\n<meta name=\"twitter:label1\" content=\"Prix\" \/>\n\t<meta name=\"twitter:data1\" content=\"46.91&nbsp;&euro;\" \/>\n\t<meta name=\"twitter:label2\" content=\"Disponibilit\u00e9\" \/>\n\t<meta name=\"twitter:data2\" content=\"En stock\" \/>\n<script type=\"application\/ld+json\" class=\"yoast-schema-graph\">{\"@context\":\"https:\\\/\\\/schema.org\",\"@graph\":[{\"@type\":[\"WebPage\",\"ItemPage\"],\"@id\":\"https:\\\/\\\/ecosupplements.be\\\/fr\\\/produit\\\/juicefestiv-daily-fruits-veggie-60-60-caps\\\/\",\"url\":\"https:\\\/\\\/ecosupplements.be\\\/fr\\\/produit\\\/juicefestiv-daily-fruits-veggie-60-60-caps\\\/\",\"name\":\"JuiceFestiv, Daily Fruits & Veggie - 60 + 60 caps - ECO Supplements\",\"isPartOf\":{\"@id\":\"https:\\\/\\\/ecosupplements.be\\\/fr\\\/#website\"},\"primaryImageOfPage\":{\"@id\":\"https:\\\/\\\/ecosupplements.be\\\/fr\\\/produit\\\/juicefestiv-daily-fruits-veggie-60-60-caps\\\/#primaryimage\"},\"image\":{\"@id\":\"https:\\\/\\\/ecosupplements.be\\\/fr\\\/produit\\\/juicefestiv-daily-fruits-veggie-60-60-caps\\\/#primaryimage\"},\"thumbnailUrl\":\"https:\\\/\\\/ecosupplements.be\\\/wp-content\\\/uploads\\\/2025\\\/08\\\/JuiceFestiv-Daily-Fruits-Veggie-60-60-caps.jpg\",\"datePublished\":\"2022-06-28T09:18:48+00:00\",\"dateModified\":\"2025-08-27T12:33:12+00:00\",\"description\":\"Wij hebben een ruime keuze aan producten van JuiceFestiv, Daily Fruits & Veggie - 60 + 60 caps . Winkel bij Eco Supplements altijd gratis verzending boven 100\u20ac\",\"breadcrumb\":{\"@id\":\"https:\\\/\\\/ecosupplements.be\\\/fr\\\/produit\\\/juicefestiv-daily-fruits-veggie-60-60-caps\\\/#breadcrumb\"},\"inLanguage\":\"fr-FR\",\"potentialAction\":[{\"@type\":\"ReadAction\",\"target\":[\"https:\\\/\\\/ecosupplements.be\\\/fr\\\/produit\\\/juicefestiv-daily-fruits-veggie-60-60-caps\\\/\"]}]},{\"@type\":\"ImageObject\",\"inLanguage\":\"fr-FR\",\"@id\":\"https:\\\/\\\/ecosupplements.be\\\/fr\\\/produit\\\/juicefestiv-daily-fruits-veggie-60-60-caps\\\/#primaryimage\",\"url\":\"https:\\\/\\\/ecosupplements.be\\\/wp-content\\\/uploads\\\/2025\\\/08\\\/JuiceFestiv-Daily-Fruits-Veggie-60-60-caps.jpg\",\"contentUrl\":\"https:\\\/\\\/ecosupplements.be\\\/wp-content\\\/uploads\\\/2025\\\/08\\\/JuiceFestiv-Daily-Fruits-Veggie-60-60-caps.jpg\",\"width\":483,\"height\":599},{\"@type\":\"BreadcrumbList\",\"@id\":\"https:\\\/\\\/ecosupplements.be\\\/fr\\\/produit\\\/juicefestiv-daily-fruits-veggie-60-60-caps\\\/#breadcrumb\",\"itemListElement\":[{\"@type\":\"ListItem\",\"position\":1,\"name\":\"Home\",\"item\":\"https:\\\/\\\/ecosupplements.be\\\/fr\\\/\"},{\"@type\":\"ListItem\",\"position\":2,\"name\":\"Boutique\",\"item\":\"https:\\\/\\\/ecosupplements.be\\\/fr\\\/boutique\\\/\"},{\"@type\":\"ListItem\",\"position\":3,\"name\":\"JuiceFestiv, Daily Fruits &#038; Veggie &#8211; 60 + 60 caps\"}]},{\"@type\":\"WebSite\",\"@id\":\"https:\\\/\\\/ecosupplements.be\\\/fr\\\/#website\",\"url\":\"https:\\\/\\\/ecosupplements.be\\\/fr\\\/\",\"name\":\"ECO Supplements\",\"description\":\"Eco Supplements - Gezonde supplementen\",\"publisher\":{\"@id\":\"https:\\\/\\\/ecosupplements.be\\\/fr\\\/#organization\"},\"potentialAction\":[{\"@type\":\"SearchAction\",\"target\":{\"@type\":\"EntryPoint\",\"urlTemplate\":\"https:\\\/\\\/ecosupplements.be\\\/fr\\\/?s={search_term_string}\"},\"query-input\":{\"@type\":\"PropertyValueSpecification\",\"valueRequired\":true,\"valueName\":\"search_term_string\"}}],\"inLanguage\":\"fr-FR\"},{\"@type\":\"Organization\",\"@id\":\"https:\\\/\\\/ecosupplements.be\\\/fr\\\/#organization\",\"name\":\"Eco Supplements\",\"url\":\"https:\\\/\\\/ecosupplements.be\\\/fr\\\/\",\"logo\":{\"@type\":\"ImageObject\",\"inLanguage\":\"fr-FR\",\"@id\":\"https:\\\/\\\/ecosupplements.be\\\/fr\\\/#\\\/schema\\\/logo\\\/image\\\/\",\"url\":\"https:\\\/\\\/ecosupplements.be\\\/wp-content\\\/uploads\\\/2022\\\/06\\\/ecosupplement-family.png\",\"contentUrl\":\"https:\\\/\\\/ecosupplements.be\\\/wp-content\\\/uploads\\\/2022\\\/06\\\/ecosupplement-family.png\",\"width\":593,\"height\":374,\"caption\":\"Eco Supplements\"},\"image\":{\"@id\":\"https:\\\/\\\/ecosupplements.be\\\/fr\\\/#\\\/schema\\\/logo\\\/image\\\/\"}}]}<\/script>\n<meta property=\"product:brand\" content=\"Natrol\" \/>\n<meta property=\"product:price:amount\" content=\"46.91\" \/>\n<meta property=\"product:price:currency\" content=\"EUR\" \/>\n<meta property=\"og:availability\" content=\"instock\" \/>\n<meta property=\"product:availability\" content=\"instock\" \/>\n<meta property=\"product:retailer_item_id\" content=\"047469053031\" \/>\n<meta property=\"product:condition\" content=\"new\" \/>\n<!-- \/ Yoast SEO Premium plugin. -->","yoast_head_json":{"title":"JuiceFestiv, Daily Fruits & Veggie - 60 + 60 caps - ECO Supplements","description":"Wij hebben een ruime keuze aan producten van JuiceFestiv, Daily Fruits & Veggie - 60 + 60 caps . Winkel bij Eco Supplements altijd gratis verzending boven 100\u20ac","robots":{"index":"index","follow":"follow","max-snippet":"max-snippet:-1","max-image-preview":"max-image-preview:large","max-video-preview":"max-video-preview:-1"},"canonical":"https:\/\/ecosupplements.be\/fr\/produit\/juicefestiv-daily-fruits-veggie-60-60-caps\/","og_locale":"fr_FR","og_type":"article","og_title":"JuiceFestiv, Daily Fruits & Veggie - 60 + 60 caps","og_description":"Wij hebben een ruime keuze aan producten van JuiceFestiv, Daily Fruits & Veggie - 60 + 60 caps . Winkel bij Eco Supplements altijd gratis verzending boven 100\u20ac","og_url":"https:\/\/ecosupplements.be\/fr\/produit\/juicefestiv-daily-fruits-veggie-60-60-caps\/","og_site_name":"ECO Supplements","article_modified_time":"2025-08-27T12:33:12+00:00","og_image":[{"width":483,"height":599,"url":"https:\/\/ecosupplements.be\/wp-content\/uploads\/2025\/08\/JuiceFestiv-Daily-Fruits-Veggie-60-60-caps.jpg","type":"image\/jpeg"}],"twitter_card":"summary_large_image","twitter_misc":{"Prix":"46.91&nbsp;&euro;","Disponibilit\u00e9":"En stock"},"schema":{"@context":"https:\/\/schema.org","@graph":[{"@type":["WebPage","ItemPage"],"@id":"https:\/\/ecosupplements.be\/fr\/produit\/juicefestiv-daily-fruits-veggie-60-60-caps\/","url":"https:\/\/ecosupplements.be\/fr\/produit\/juicefestiv-daily-fruits-veggie-60-60-caps\/","name":"JuiceFestiv, Daily Fruits & Veggie - 60 + 60 caps - ECO Supplements","isPartOf":{"@id":"https:\/\/ecosupplements.be\/fr\/#website"},"primaryImageOfPage":{"@id":"https:\/\/ecosupplements.be\/fr\/produit\/juicefestiv-daily-fruits-veggie-60-60-caps\/#primaryimage"},"image":{"@id":"https:\/\/ecosupplements.be\/fr\/produit\/juicefestiv-daily-fruits-veggie-60-60-caps\/#primaryimage"},"thumbnailUrl":"https:\/\/ecosupplements.be\/wp-content\/uploads\/2025\/08\/JuiceFestiv-Daily-Fruits-Veggie-60-60-caps.jpg","datePublished":"2022-06-28T09:18:48+00:00","dateModified":"2025-08-27T12:33:12+00:00","description":"Wij hebben een ruime keuze aan producten van JuiceFestiv, Daily Fruits & Veggie - 60 + 60 caps . Winkel bij Eco Supplements altijd gratis verzending boven 100\u20ac","breadcrumb":{"@id":"https:\/\/ecosupplements.be\/fr\/produit\/juicefestiv-daily-fruits-veggie-60-60-caps\/#breadcrumb"},"inLanguage":"fr-FR","potentialAction":[{"@type":"ReadAction","target":["https:\/\/ecosupplements.be\/fr\/produit\/juicefestiv-daily-fruits-veggie-60-60-caps\/"]}]},{"@type":"ImageObject","inLanguage":"fr-FR","@id":"https:\/\/ecosupplements.be\/fr\/produit\/juicefestiv-daily-fruits-veggie-60-60-caps\/#primaryimage","url":"https:\/\/ecosupplements.be\/wp-content\/uploads\/2025\/08\/JuiceFestiv-Daily-Fruits-Veggie-60-60-caps.jpg","contentUrl":"https:\/\/ecosupplements.be\/wp-content\/uploads\/2025\/08\/JuiceFestiv-Daily-Fruits-Veggie-60-60-caps.jpg","width":483,"height":599},{"@type":"BreadcrumbList","@id":"https:\/\/ecosupplements.be\/fr\/produit\/juicefestiv-daily-fruits-veggie-60-60-caps\/#breadcrumb","itemListElement":[{"@type":"ListItem","position":1,"name":"Home","item":"https:\/\/ecosupplements.be\/fr\/"},{"@type":"ListItem","position":2,"name":"Boutique","item":"https:\/\/ecosupplements.be\/fr\/boutique\/"},{"@type":"ListItem","position":3,"name":"JuiceFestiv, Daily Fruits &#038; Veggie &#8211; 60 + 60 caps"}]},{"@type":"WebSite","@id":"https:\/\/ecosupplements.be\/fr\/#website","url":"https:\/\/ecosupplements.be\/fr\/","name":"ECO Supplements","description":"Eco Supplements - Gezonde supplementen","publisher":{"@id":"https:\/\/ecosupplements.be\/fr\/#organization"},"potentialAction":[{"@type":"SearchAction","target":{"@type":"EntryPoint","urlTemplate":"https:\/\/ecosupplements.be\/fr\/?s={search_term_string}"},"query-input":{"@type":"PropertyValueSpecification","valueRequired":true,"valueName":"search_term_string"}}],"inLanguage":"fr-FR"},{"@type":"Organization","@id":"https:\/\/ecosupplements.be\/fr\/#organization","name":"Eco Supplements","url":"https:\/\/ecosupplements.be\/fr\/","logo":{"@type":"ImageObject","inLanguage":"fr-FR","@id":"https:\/\/ecosupplements.be\/fr\/#\/schema\/logo\/image\/","url":"https:\/\/ecosupplements.be\/wp-content\/uploads\/2022\/06\/ecosupplement-family.png","contentUrl":"https:\/\/ecosupplements.be\/wp-content\/uploads\/2022\/06\/ecosupplement-family.png","width":593,"height":374,"caption":"Eco Supplements"},"image":{"@id":"https:\/\/ecosupplements.be\/fr\/#\/schema\/logo\/image\/"}}]},"product_brand":"Natrol","product_price_amount":"46.91","product_price_currency":"EUR","og_availability":"instock","product_availability":"instock","product_retailer_item_id":"047469053031","product_condition":"new"},"_links":{"self":[{"href":"https:\/\/ecosupplements.be\/fr\/wp-json\/wp\/v2\/product\/284411","targetHints":{"allow":["GET"]}}],"collection":[{"href":"https:\/\/ecosupplements.be\/fr\/wp-json\/wp\/v2\/product"}],"about":[{"href":"https:\/\/ecosupplements.be\/fr\/wp-json\/wp\/v2\/types\/product"}],"replies":[{"embeddable":true,"href":"https:\/\/ecosupplements.be\/fr\/wp-json\/wp\/v2\/comments?post=284411"}],"wp:featuredmedia":[{"embeddable":true,"href":"https:\/\/ecosupplements.be\/fr\/wp-json\/wp\/v2\/media\/284412"}],"wp:attachment":[{"href":"https:\/\/ecosupplements.be\/fr\/wp-json\/wp\/v2\/media?parent=284411"}],"wp:term":[{"taxonomy":"product_brand","embeddable":true,"href":"https:\/\/ecosupplements.be\/fr\/wp-json\/wp\/v2\/product_brand?post=284411"},{"taxonomy":"product_cat","embeddable":true,"href":"https:\/\/ecosupplements.be\/fr\/wp-json\/wp\/v2\/product_cat?post=284411"},{"taxonomy":"product_tag","embeddable":true,"href":"https:\/\/ecosupplements.be\/fr\/wp-json\/wp\/v2\/product_tag?post=284411"}],"curies":[{"name":"wp","href":"https:\/\/api.w.org\/{rel}","templated":true}]}}