{"id":284423,"date":"2022-07-10T15:35:47","date_gmt":"2022-07-10T14:35:47","guid":{"rendered":"https:\/\/ecosupplements.be\/product\/kids-melatonin-strawberry-40-tabs\/"},"modified":"2025-08-27T13:33:23","modified_gmt":"2025-08-27T12:33:23","slug":"kids-melatonin-strawberry-40-tabs","status":"publish","type":"product","link":"https:\/\/ecosupplements.be\/fr\/produit\/kids-melatonin-strawberry-40-tabs\/","title":{"rendered":"Kids Melatonin, Strawberry &#8211; 40 tabs"},"content":{"rendered":"<h1 style=\"text-align: center;\">Natrol &#8211; M\u00e9latonine pour enfants<\/h1>\n<p>Nous savons combien cela peut \u00eatre difficile lorsque nos enfants ont des difficult\u00e9s \u00e0 dormir. Natrol, la marque de m\u00e9latonine #1, peut vous aider avec une formule sp\u00e9ciale pour les enfants.<\/p>\n<p>Notre formule apaisante contient :<br \/>\nM\u00e9latonine &#8211; Naturellement produite dans le corps pour guider les cycles veille-sommeil et aider \u00e0 \u00e9tablir des sch\u00e9mas de sommeil normaux.<br \/>\nM\u00e9lisse &#8211; Aide \u00e0 r\u00e9tablir un sentiment de calme et d&#8217;\u00e9quilibre.<br \/>\nForme \u00e0 dissolution rapide &#8211; Un d\u00e9licieux comprim\u00e9 au go\u00fbt de fraise, facile \u00e0 prendre et \u00e0 dissolution rapide.<br \/>\nLa m\u00e9latonine est recommand\u00e9e par les p\u00e9diatres comme solution aux insomnies occasionnelles.<\/p>\n<p>La m\u00e9latonine de Natrol aide votre enfant \u00e0 s&#8217;endormir plus rapidement, \u00e0 rester endormi plus longtemps et \u00e0 se r\u00e9veiller frais et dispos. Notre formule douce est s\u00fbre et efficace pour les enfants de 4 ans et plus. Soyez rassur\u00e9.<br \/>\nAide \u00e0 \u00e9tablir des habitudes de sommeil normales<br \/>\n100% Sans m\u00e9dicament et sans accoutumance<br \/>\nRecommand\u00e9 par le p\u00e9diatre<br \/>\nSans sucre<br \/>\nNon-OGM&nbsp;<br \/>\nVegan<br \/>\nSans colorants, ar\u00f4mes ou conservateurs artificiels<br \/>\nUne bonne nuit de sommeil est magique.<\/p>\n","protected":false},"excerpt":{"rendered":"<p>Natrol &#8211; M\u00e9latonine pour enfants Nous savons combien cela peut \u00eatre difficile lorsque nos enfants ont des difficult\u00e9s \u00e0 dormir. Natrol, la marque de m\u00e9latonine #1, peut vous aider avec une formule sp\u00e9ciale pour les enfants. Notre formule apaisante contient : M\u00e9latonine &#8211; Naturellement produite dans le corps pour guider les cycles veille-sommeil et aider [&#8230;]\n","protected":false},"featured_media":259592,"comment_status":"open","ping_status":"open","template":"","meta":[],"product_brand":[4731],"product_cat":[5159,5220,5160,5070,5052],"product_tag":[],"class_list":{"0":"post-284423","1":"product","2":"type-product","3":"status-publish","4":"has-post-thumbnail","6":"product_brand-natrol-2","7":"product_cat-aide-au-sommeil","8":"product_cat-gummies","9":"product_cat-melatonine-aide-au-sommeil","10":"product_cat-non-classe","11":"product_cat-sante-et-bien-etre","13":"first","14":"instock","15":"taxable","16":"shipping-taxable","17":"purchasable","18":"product-type-simple"},"yoast_head":"<!-- This site is optimized with the Yoast SEO Premium plugin v27.3 (Yoast SEO v27.3) - https:\/\/yoast.com\/product\/yoast-seo-premium-wordpress\/ -->\n<title>Kids Melatonin, Strawberry - 40 tabs - ECO Supplements<\/title>\n<meta name=\"description\" content=\"Wij hebben een ruime keuze aan producten van Kids Melatonin, Strawberry - 40 tabs . Winkel bij Eco Supplements altijd gratis verzending boven 100\u20ac\" \/>\n<meta name=\"robots\" content=\"index, follow, max-snippet:-1, max-image-preview:large, max-video-preview:-1\" \/>\n<link rel=\"canonical\" href=\"https:\/\/ecosupplements.be\/fr\/produit\/kids-melatonin-strawberry-40-tabs\/\" \/>\n<meta property=\"og:locale\" content=\"fr_FR\" \/>\n<meta property=\"og:type\" content=\"article\" \/>\n<meta property=\"og:title\" content=\"Kids Melatonin, Strawberry - 40 tabs\" \/>\n<meta property=\"og:description\" content=\"Wij hebben een ruime keuze aan producten van Kids Melatonin, Strawberry - 40 tabs . Winkel bij Eco Supplements altijd gratis verzending boven 100\u20ac\" \/>\n<meta property=\"og:url\" content=\"https:\/\/ecosupplements.be\/fr\/produit\/kids-melatonin-strawberry-40-tabs\/\" \/>\n<meta property=\"og:site_name\" content=\"ECO Supplements\" \/>\n<meta property=\"article:modified_time\" content=\"2025-08-27T12:33:23+00:00\" \/>\n<meta property=\"og:image\" content=\"https:\/\/ecosupplements.be\/wp-content\/uploads\/2025\/08\/Kids-Melatonin-Strawberry-40-tabs-1.jpg\" \/>\n\t<meta property=\"og:image:width\" content=\"448\" \/>\n\t<meta property=\"og:image:height\" content=\"591\" \/>\n\t<meta property=\"og:image:type\" content=\"image\/jpeg\" \/>\n<meta name=\"twitter:card\" content=\"summary_large_image\" \/>\n<meta name=\"twitter:label1\" content=\"Prix\" \/>\n\t<meta name=\"twitter:data1\" content=\"10.59&nbsp;&euro;\" \/>\n\t<meta name=\"twitter:label2\" content=\"Disponibilit\u00e9\" \/>\n\t<meta name=\"twitter:data2\" content=\"En stock\" \/>\n<script type=\"application\/ld+json\" class=\"yoast-schema-graph\">{\"@context\":\"https:\\\/\\\/schema.org\",\"@graph\":[{\"@type\":[\"WebPage\",\"ItemPage\"],\"@id\":\"https:\\\/\\\/ecosupplements.be\\\/fr\\\/produit\\\/kids-melatonin-strawberry-40-tabs\\\/\",\"url\":\"https:\\\/\\\/ecosupplements.be\\\/fr\\\/produit\\\/kids-melatonin-strawberry-40-tabs\\\/\",\"name\":\"Kids Melatonin, Strawberry - 40 tabs - ECO Supplements\",\"isPartOf\":{\"@id\":\"https:\\\/\\\/ecosupplements.be\\\/fr\\\/#website\"},\"primaryImageOfPage\":{\"@id\":\"https:\\\/\\\/ecosupplements.be\\\/fr\\\/produit\\\/kids-melatonin-strawberry-40-tabs\\\/#primaryimage\"},\"image\":{\"@id\":\"https:\\\/\\\/ecosupplements.be\\\/fr\\\/produit\\\/kids-melatonin-strawberry-40-tabs\\\/#primaryimage\"},\"thumbnailUrl\":\"https:\\\/\\\/ecosupplements.be\\\/wp-content\\\/uploads\\\/2025\\\/08\\\/Kids-Melatonin-Strawberry-40-tabs.jpg\",\"datePublished\":\"2022-07-10T14:35:47+00:00\",\"dateModified\":\"2025-08-27T12:33:23+00:00\",\"description\":\"Wij hebben een ruime keuze aan producten van Kids Melatonin, Strawberry - 40 tabs . Winkel bij Eco Supplements altijd gratis verzending boven 100\u20ac\",\"breadcrumb\":{\"@id\":\"https:\\\/\\\/ecosupplements.be\\\/fr\\\/produit\\\/kids-melatonin-strawberry-40-tabs\\\/#breadcrumb\"},\"inLanguage\":\"fr-FR\",\"potentialAction\":[{\"@type\":\"ReadAction\",\"target\":[\"https:\\\/\\\/ecosupplements.be\\\/fr\\\/produit\\\/kids-melatonin-strawberry-40-tabs\\\/\"]}]},{\"@type\":\"ImageObject\",\"inLanguage\":\"fr-FR\",\"@id\":\"https:\\\/\\\/ecosupplements.be\\\/fr\\\/produit\\\/kids-melatonin-strawberry-40-tabs\\\/#primaryimage\",\"url\":\"https:\\\/\\\/ecosupplements.be\\\/wp-content\\\/uploads\\\/2025\\\/08\\\/Kids-Melatonin-Strawberry-40-tabs.jpg\",\"contentUrl\":\"https:\\\/\\\/ecosupplements.be\\\/wp-content\\\/uploads\\\/2025\\\/08\\\/Kids-Melatonin-Strawberry-40-tabs.jpg\",\"width\":448,\"height\":591},{\"@type\":\"BreadcrumbList\",\"@id\":\"https:\\\/\\\/ecosupplements.be\\\/fr\\\/produit\\\/kids-melatonin-strawberry-40-tabs\\\/#breadcrumb\",\"itemListElement\":[{\"@type\":\"ListItem\",\"position\":1,\"name\":\"Home\",\"item\":\"https:\\\/\\\/ecosupplements.be\\\/fr\\\/\"},{\"@type\":\"ListItem\",\"position\":2,\"name\":\"Boutique\",\"item\":\"https:\\\/\\\/ecosupplements.be\\\/fr\\\/boutique\\\/\"},{\"@type\":\"ListItem\",\"position\":3,\"name\":\"Kids Melatonin, Strawberry &#8211; 40 tabs\"}]},{\"@type\":\"WebSite\",\"@id\":\"https:\\\/\\\/ecosupplements.be\\\/fr\\\/#website\",\"url\":\"https:\\\/\\\/ecosupplements.be\\\/fr\\\/\",\"name\":\"ECO Supplements\",\"description\":\"Eco Supplements - Gezonde supplementen\",\"publisher\":{\"@id\":\"https:\\\/\\\/ecosupplements.be\\\/fr\\\/#organization\"},\"potentialAction\":[{\"@type\":\"SearchAction\",\"target\":{\"@type\":\"EntryPoint\",\"urlTemplate\":\"https:\\\/\\\/ecosupplements.be\\\/fr\\\/?s={search_term_string}\"},\"query-input\":{\"@type\":\"PropertyValueSpecification\",\"valueRequired\":true,\"valueName\":\"search_term_string\"}}],\"inLanguage\":\"fr-FR\"},{\"@type\":\"Organization\",\"@id\":\"https:\\\/\\\/ecosupplements.be\\\/fr\\\/#organization\",\"name\":\"Eco Supplements\",\"url\":\"https:\\\/\\\/ecosupplements.be\\\/fr\\\/\",\"logo\":{\"@type\":\"ImageObject\",\"inLanguage\":\"fr-FR\",\"@id\":\"https:\\\/\\\/ecosupplements.be\\\/fr\\\/#\\\/schema\\\/logo\\\/image\\\/\",\"url\":\"https:\\\/\\\/ecosupplements.be\\\/wp-content\\\/uploads\\\/2022\\\/06\\\/ecosupplement-family.png\",\"contentUrl\":\"https:\\\/\\\/ecosupplements.be\\\/wp-content\\\/uploads\\\/2022\\\/06\\\/ecosupplement-family.png\",\"width\":593,\"height\":374,\"caption\":\"Eco Supplements\"},\"image\":{\"@id\":\"https:\\\/\\\/ecosupplements.be\\\/fr\\\/#\\\/schema\\\/logo\\\/image\\\/\"}}]}<\/script>\n<meta property=\"product:brand\" content=\"Natrol\" \/>\n<meta property=\"product:price:amount\" content=\"10.59\" \/>\n<meta property=\"product:price:currency\" content=\"EUR\" \/>\n<meta property=\"og:availability\" content=\"instock\" \/>\n<meta property=\"product:availability\" content=\"instock\" \/>\n<meta property=\"product:retailer_item_id\" content=\"047469075293\" \/>\n<meta property=\"product:condition\" content=\"new\" \/>\n<!-- \/ Yoast SEO Premium plugin. -->","yoast_head_json":{"title":"Kids Melatonin, Strawberry - 40 tabs - ECO Supplements","description":"Wij hebben een ruime keuze aan producten van Kids Melatonin, Strawberry - 40 tabs . Winkel bij Eco Supplements altijd gratis verzending boven 100\u20ac","robots":{"index":"index","follow":"follow","max-snippet":"max-snippet:-1","max-image-preview":"max-image-preview:large","max-video-preview":"max-video-preview:-1"},"canonical":"https:\/\/ecosupplements.be\/fr\/produit\/kids-melatonin-strawberry-40-tabs\/","og_locale":"fr_FR","og_type":"article","og_title":"Kids Melatonin, Strawberry - 40 tabs","og_description":"Wij hebben een ruime keuze aan producten van Kids Melatonin, Strawberry - 40 tabs . Winkel bij Eco Supplements altijd gratis verzending boven 100\u20ac","og_url":"https:\/\/ecosupplements.be\/fr\/produit\/kids-melatonin-strawberry-40-tabs\/","og_site_name":"ECO Supplements","article_modified_time":"2025-08-27T12:33:23+00:00","og_image":[{"width":448,"height":591,"url":"https:\/\/ecosupplements.be\/wp-content\/uploads\/2025\/08\/Kids-Melatonin-Strawberry-40-tabs-1.jpg","type":"image\/jpeg"}],"twitter_card":"summary_large_image","twitter_misc":{"Prix":"10.59&nbsp;&euro;","Disponibilit\u00e9":"En stock"},"schema":{"@context":"https:\/\/schema.org","@graph":[{"@type":["WebPage","ItemPage"],"@id":"https:\/\/ecosupplements.be\/fr\/produit\/kids-melatonin-strawberry-40-tabs\/","url":"https:\/\/ecosupplements.be\/fr\/produit\/kids-melatonin-strawberry-40-tabs\/","name":"Kids Melatonin, Strawberry - 40 tabs - ECO Supplements","isPartOf":{"@id":"https:\/\/ecosupplements.be\/fr\/#website"},"primaryImageOfPage":{"@id":"https:\/\/ecosupplements.be\/fr\/produit\/kids-melatonin-strawberry-40-tabs\/#primaryimage"},"image":{"@id":"https:\/\/ecosupplements.be\/fr\/produit\/kids-melatonin-strawberry-40-tabs\/#primaryimage"},"thumbnailUrl":"https:\/\/ecosupplements.be\/wp-content\/uploads\/2025\/08\/Kids-Melatonin-Strawberry-40-tabs.jpg","datePublished":"2022-07-10T14:35:47+00:00","dateModified":"2025-08-27T12:33:23+00:00","description":"Wij hebben een ruime keuze aan producten van Kids Melatonin, Strawberry - 40 tabs . Winkel bij Eco Supplements altijd gratis verzending boven 100\u20ac","breadcrumb":{"@id":"https:\/\/ecosupplements.be\/fr\/produit\/kids-melatonin-strawberry-40-tabs\/#breadcrumb"},"inLanguage":"fr-FR","potentialAction":[{"@type":"ReadAction","target":["https:\/\/ecosupplements.be\/fr\/produit\/kids-melatonin-strawberry-40-tabs\/"]}]},{"@type":"ImageObject","inLanguage":"fr-FR","@id":"https:\/\/ecosupplements.be\/fr\/produit\/kids-melatonin-strawberry-40-tabs\/#primaryimage","url":"https:\/\/ecosupplements.be\/wp-content\/uploads\/2025\/08\/Kids-Melatonin-Strawberry-40-tabs.jpg","contentUrl":"https:\/\/ecosupplements.be\/wp-content\/uploads\/2025\/08\/Kids-Melatonin-Strawberry-40-tabs.jpg","width":448,"height":591},{"@type":"BreadcrumbList","@id":"https:\/\/ecosupplements.be\/fr\/produit\/kids-melatonin-strawberry-40-tabs\/#breadcrumb","itemListElement":[{"@type":"ListItem","position":1,"name":"Home","item":"https:\/\/ecosupplements.be\/fr\/"},{"@type":"ListItem","position":2,"name":"Boutique","item":"https:\/\/ecosupplements.be\/fr\/boutique\/"},{"@type":"ListItem","position":3,"name":"Kids Melatonin, Strawberry &#8211; 40 tabs"}]},{"@type":"WebSite","@id":"https:\/\/ecosupplements.be\/fr\/#website","url":"https:\/\/ecosupplements.be\/fr\/","name":"ECO Supplements","description":"Eco Supplements - Gezonde supplementen","publisher":{"@id":"https:\/\/ecosupplements.be\/fr\/#organization"},"potentialAction":[{"@type":"SearchAction","target":{"@type":"EntryPoint","urlTemplate":"https:\/\/ecosupplements.be\/fr\/?s={search_term_string}"},"query-input":{"@type":"PropertyValueSpecification","valueRequired":true,"valueName":"search_term_string"}}],"inLanguage":"fr-FR"},{"@type":"Organization","@id":"https:\/\/ecosupplements.be\/fr\/#organization","name":"Eco Supplements","url":"https:\/\/ecosupplements.be\/fr\/","logo":{"@type":"ImageObject","inLanguage":"fr-FR","@id":"https:\/\/ecosupplements.be\/fr\/#\/schema\/logo\/image\/","url":"https:\/\/ecosupplements.be\/wp-content\/uploads\/2022\/06\/ecosupplement-family.png","contentUrl":"https:\/\/ecosupplements.be\/wp-content\/uploads\/2022\/06\/ecosupplement-family.png","width":593,"height":374,"caption":"Eco Supplements"},"image":{"@id":"https:\/\/ecosupplements.be\/fr\/#\/schema\/logo\/image\/"}}]},"product_brand":"Natrol","product_price_amount":"10.59","product_price_currency":"EUR","og_availability":"instock","product_availability":"instock","product_retailer_item_id":"047469075293","product_condition":"new"},"_links":{"self":[{"href":"https:\/\/ecosupplements.be\/fr\/wp-json\/wp\/v2\/product\/284423","targetHints":{"allow":["GET"]}}],"collection":[{"href":"https:\/\/ecosupplements.be\/fr\/wp-json\/wp\/v2\/product"}],"about":[{"href":"https:\/\/ecosupplements.be\/fr\/wp-json\/wp\/v2\/types\/product"}],"replies":[{"embeddable":true,"href":"https:\/\/ecosupplements.be\/fr\/wp-json\/wp\/v2\/comments?post=284423"}],"wp:featuredmedia":[{"embeddable":true,"href":"https:\/\/ecosupplements.be\/fr\/wp-json\/wp\/v2\/media\/259592"}],"wp:attachment":[{"href":"https:\/\/ecosupplements.be\/fr\/wp-json\/wp\/v2\/media?parent=284423"}],"wp:term":[{"taxonomy":"product_brand","embeddable":true,"href":"https:\/\/ecosupplements.be\/fr\/wp-json\/wp\/v2\/product_brand?post=284423"},{"taxonomy":"product_cat","embeddable":true,"href":"https:\/\/ecosupplements.be\/fr\/wp-json\/wp\/v2\/product_cat?post=284423"},{"taxonomy":"product_tag","embeddable":true,"href":"https:\/\/ecosupplements.be\/fr\/wp-json\/wp\/v2\/product_tag?post=284423"}],"curies":[{"name":"wp","href":"https:\/\/api.w.org\/{rel}","templated":true}]}}