{"id":284681,"date":"2023-02-09T21:11:35","date_gmt":"2023-02-09T20:11:35","guid":{"rendered":"https:\/\/ecosupplements.be\/product\/gouttes-liquides-sureau-bio-myrtille-framboise-30-ml\/"},"modified":"2025-08-27T13:39:12","modified_gmt":"2025-08-27T12:39:12","slug":"gouttes-liquides-sureau-bio-myrtille-framboise-30-ml","status":"publish","type":"product","link":"https:\/\/ecosupplements.be\/fr\/produit\/gouttes-liquides-sureau-bio-myrtille-framboise-30-ml\/","title":{"rendered":"Gouttes Liquides Sureau Bio, Myrtille &amp; Framboise &#8211; 30 ml."},"content":{"rendered":"<h2>MaryRuth Organics Gouttes Liquides de Sureau Bio, Myrtille &amp; Framboise &#8211; 30 ml.<\/h2>\n<p> Les baies de sureau, le fruit de l&#8217;arbre Sambucus, sont utilis\u00e9es depuis des g\u00e9n\u00e9rations pour soutenir le syst\u00e8me immunitaire. <br \/>&nbsp;&nbsp;&nbsp; L&#8217;utilisation des baies de sureau remonte m\u00eame \u00e0 la Gr\u00e8ce antique, o\u00f9 l&#8217;on dit qu&#8217;Hippocrate, qui est surtout connu comme &#8220;le p\u00e8re de la m\u00e9decine&#8221;, appelait le sureau son &#8220;coffre \u00e0 pharmacie&#8221;. <br \/>&nbsp;&nbsp;&nbsp; De nombreuses \u00e9tudes sur le sureau ont \u00e9galement soutenu que cette plante soutient la fonction immunitaire et la sant\u00e9 globale. <br \/>&nbsp;&nbsp;&nbsp; Avec notre d\u00e9licieuse baie de sureau liquide, vous pouvez facilement la prendre par voie orale sous forme de teinture ou l&#8217;ajouter \u00e0 votre boisson pr\u00e9f\u00e9r\u00e9e, en augmentant ou en diminuant votre dose selon les besoins et les recommandations de votre professionnel de la sant\u00e9.<br \/>&nbsp;&nbsp;&nbsp; Si vous souhaitez une quantit\u00e9 suppl\u00e9mentaire de cette plante traditionnelle, nos gouttes de sureau extra fortes contiennent 250 mg de sureau par portion et 60 portions par bouteille, tandis que nos gouttes de sureau originales contiennent 150 mg par portion et 30 portions par bouteille. <\/p>\n<div class=\"facts-container\"> <strong>Faits du suppl\u00e9ment\u00a0:<\/strong><br \/> Portion\u00a0: 30 gouttes (1 ml)<br \/> Portions par conteneur\u00a0: 30<\/p>\n<p> Quantit\u00e9 par portion\u00a0:<br \/>Extrait de baie de sureau europ\u00e9enne biologique 150mg<\/p>\n<p><strong>Gouttes liquides de baie de sureau biologique Autres ingr\u00e9dients\u00a0:<\/strong><br \/>Eau purifi\u00e9e, glyc\u00e9rine biologique, acide citrique, ar\u00f4mes de framboise biologique et de myrtille biologique.<\/p>\n<p><strong>Gouttes liquides de sureau bio Utilisation recommand\u00e9e\u00a0:<\/strong><br \/> Bien agiter avant chaque utilisation. Ajouter \u00e0 l&#8217;eau ou prendre directement. Suivez les tableaux de dosage ci-dessous\u00a0:<br \/> Baie de sureau 1 oz, formule originale<br \/>&nbsp;&nbsp;&nbsp; 1 an &#8211; 3 ans : jusqu&#8217;\u00e0 7 gouttes (35 mg)<br \/>&nbsp;&nbsp;&nbsp; 4 \u00e0 13\u00a0ans\u00a0: jusqu&#8217;\u00e0 15\u00a0gouttes (75\u00a0mg)<br \/>&nbsp;&nbsp;&nbsp; 14 ans et plus\u00a0: jusqu&#8217;\u00e0 30 gouttes ou \u2154 compte-gouttes (150\u00a0mg ou 1\u00a0mL)<\/p>\n<p><strong>Avertissements<\/strong>\u00a0:<br \/> Conserver dans un endroit frais et sec. Pour aider \u00e0 pr\u00e9server la saveur du huile, nous recommandons la r\u00e9frig\u00e9ration apr\u00e8s ouverture. Tenir hors de port\u00e9e des enfants. Les produits \u00e0 base de plantes peuvent interf\u00e9rer avec certains m\u00e9dicaments ou compliquer les probl\u00e8mes de sant\u00e9. Si vous prenez des m\u00e9dicaments, souffrez de probl\u00e8mes de sant\u00e9, avez moins de 12 ans ou plus de 65 ans, \u00eates enceinte ou allaitez, veuillez consulter un m\u00e9decin ou un professionnel de la sant\u00e9 avant utilisation. <\/div>\n","protected":false},"excerpt":{"rendered":"<p>MaryRuth Organics Gouttes Liquides de Sureau Bio, Myrtille &amp; Framboise &#8211; 30 ml. Les baies de sureau, le fruit de l&#8217;arbre Sambucus, sont utilis\u00e9es depuis des g\u00e9n\u00e9rations pour soutenir le syst\u00e8me immunitaire. &nbsp;&nbsp;&nbsp; L&#8217;utilisation des baies de sureau remonte m\u00eame \u00e0 la Gr\u00e8ce antique, o\u00f9 l&#8217;on dit qu&#8217;Hippocrate, qui est surtout connu comme &#8220;le p\u00e8re [&#8230;]\n","protected":false},"featured_media":262361,"comment_status":"open","ping_status":"open","template":"","meta":[],"product_brand":[5254],"product_cat":[5054,5055,5052],"product_tag":[],"class_list":{"0":"post-284681","1":"product","2":"type-product","3":"status-publish","4":"has-post-thumbnail","6":"product_brand-maryruth-organics-2","7":"product_cat-nourriture-saine","8":"product_cat-produits-vegetaliens","9":"product_cat-sante-et-bien-etre","11":"first","12":"instock","13":"taxable","14":"shipping-taxable","15":"purchasable","16":"product-type-simple"},"yoast_head":"<!-- This site is optimized with the Yoast SEO Premium plugin v27.5 (Yoast SEO v27.5) - https:\/\/yoast.com\/product\/yoast-seo-premium-wordpress\/ -->\n<title>Gouttes Liquides Sureau Bio, Myrtille &amp; Framboise - 30 ml. - ECO Supplements<\/title>\n<meta name=\"description\" content=\"Wij hebben een ruime keuze aan producten van Gouttes Liquides Sureau Bio, Myrtille &amp; Framboise - 30 ml. . Winkel bij Eco Supplements altijd gratis verzending boven 100\u20ac\" \/>\n<meta name=\"robots\" content=\"index, follow, max-snippet:-1, max-image-preview:large, max-video-preview:-1\" \/>\n<link rel=\"canonical\" href=\"https:\/\/ecosupplements.be\/fr\/produit\/gouttes-liquides-sureau-bio-myrtille-framboise-30-ml\/\" \/>\n<meta property=\"og:locale\" content=\"fr_FR\" \/>\n<meta property=\"og:type\" content=\"article\" \/>\n<meta property=\"og:title\" content=\"Gouttes Liquides Sureau Bio, Myrtille &amp; Framboise - 30 ml.\" \/>\n<meta property=\"og:description\" content=\"Wij hebben een ruime keuze aan producten van Gouttes Liquides Sureau Bio, Myrtille &amp; Framboise - 30 ml. . Winkel bij Eco Supplements altijd gratis verzending boven 100\u20ac\" \/>\n<meta property=\"og:url\" content=\"https:\/\/ecosupplements.be\/fr\/produit\/gouttes-liquides-sureau-bio-myrtille-framboise-30-ml\/\" \/>\n<meta property=\"og:site_name\" content=\"ECO Supplements\" \/>\n<meta property=\"article:modified_time\" content=\"2025-08-27T12:39:12+00:00\" \/>\n<meta property=\"og:image\" content=\"https:\/\/ecosupplements.be\/wp-content\/uploads\/2025\/08\/Organic-Elderberry-Liquid-Drops-Blueberry-Raspberry-30-ml-1.jpg\" \/>\n\t<meta property=\"og:image:width\" content=\"600\" \/>\n\t<meta property=\"og:image:height\" content=\"600\" \/>\n\t<meta property=\"og:image:type\" content=\"image\/jpeg\" \/>\n<meta name=\"twitter:card\" content=\"summary_large_image\" \/>\n<meta name=\"twitter:label1\" content=\"Prix\" \/>\n\t<meta name=\"twitter:data1\" content=\"27.15&nbsp;&euro;\" \/>\n\t<meta name=\"twitter:label2\" content=\"Disponibilit\u00e9\" \/>\n\t<meta name=\"twitter:data2\" content=\"En stock\" \/>\n<script type=\"application\/ld+json\" class=\"yoast-schema-graph\">{\"@context\":\"https:\\\/\\\/schema.org\",\"@graph\":[{\"@type\":[\"WebPage\",\"ItemPage\"],\"@id\":\"https:\\\/\\\/ecosupplements.be\\\/fr\\\/produit\\\/gouttes-liquides-sureau-bio-myrtille-framboise-30-ml\\\/\",\"url\":\"https:\\\/\\\/ecosupplements.be\\\/fr\\\/produit\\\/gouttes-liquides-sureau-bio-myrtille-framboise-30-ml\\\/\",\"name\":\"Gouttes Liquides Sureau Bio, Myrtille &amp; Framboise - 30 ml. - ECO Supplements\",\"isPartOf\":{\"@id\":\"https:\\\/\\\/ecosupplements.be\\\/fr\\\/#website\"},\"primaryImageOfPage\":{\"@id\":\"https:\\\/\\\/ecosupplements.be\\\/fr\\\/produit\\\/gouttes-liquides-sureau-bio-myrtille-framboise-30-ml\\\/#primaryimage\"},\"image\":{\"@id\":\"https:\\\/\\\/ecosupplements.be\\\/fr\\\/produit\\\/gouttes-liquides-sureau-bio-myrtille-framboise-30-ml\\\/#primaryimage\"},\"thumbnailUrl\":\"https:\\\/\\\/ecosupplements.be\\\/wp-content\\\/uploads\\\/2025\\\/08\\\/Organic-Elderberry-Liquid-Drops-Blueberry-Raspberry-30-ml.jpg\",\"datePublished\":\"2023-02-09T20:11:35+00:00\",\"dateModified\":\"2025-08-27T12:39:12+00:00\",\"description\":\"Wij hebben een ruime keuze aan producten van Gouttes Liquides Sureau Bio, Myrtille &amp; Framboise - 30 ml. . Winkel bij Eco Supplements altijd gratis verzending boven 100\u20ac\",\"breadcrumb\":{\"@id\":\"https:\\\/\\\/ecosupplements.be\\\/fr\\\/produit\\\/gouttes-liquides-sureau-bio-myrtille-framboise-30-ml\\\/#breadcrumb\"},\"inLanguage\":\"fr-FR\",\"potentialAction\":[{\"@type\":\"ReadAction\",\"target\":[\"https:\\\/\\\/ecosupplements.be\\\/fr\\\/produit\\\/gouttes-liquides-sureau-bio-myrtille-framboise-30-ml\\\/\"]}]},{\"@type\":\"ImageObject\",\"inLanguage\":\"fr-FR\",\"@id\":\"https:\\\/\\\/ecosupplements.be\\\/fr\\\/produit\\\/gouttes-liquides-sureau-bio-myrtille-framboise-30-ml\\\/#primaryimage\",\"url\":\"https:\\\/\\\/ecosupplements.be\\\/wp-content\\\/uploads\\\/2025\\\/08\\\/Organic-Elderberry-Liquid-Drops-Blueberry-Raspberry-30-ml.jpg\",\"contentUrl\":\"https:\\\/\\\/ecosupplements.be\\\/wp-content\\\/uploads\\\/2025\\\/08\\\/Organic-Elderberry-Liquid-Drops-Blueberry-Raspberry-30-ml.jpg\",\"width\":600,\"height\":600},{\"@type\":\"BreadcrumbList\",\"@id\":\"https:\\\/\\\/ecosupplements.be\\\/fr\\\/produit\\\/gouttes-liquides-sureau-bio-myrtille-framboise-30-ml\\\/#breadcrumb\",\"itemListElement\":[{\"@type\":\"ListItem\",\"position\":1,\"name\":\"Home\",\"item\":\"https:\\\/\\\/ecosupplements.be\\\/fr\\\/\"},{\"@type\":\"ListItem\",\"position\":2,\"name\":\"Boutique\",\"item\":\"https:\\\/\\\/ecosupplements.be\\\/fr\\\/boutique\\\/\"},{\"@type\":\"ListItem\",\"position\":3,\"name\":\"Gouttes Liquides Sureau Bio, Myrtille &amp; Framboise &#8211; 30 ml.\"}]},{\"@type\":\"WebSite\",\"@id\":\"https:\\\/\\\/ecosupplements.be\\\/fr\\\/#website\",\"url\":\"https:\\\/\\\/ecosupplements.be\\\/fr\\\/\",\"name\":\"ECO Supplements\",\"description\":\"Eco Supplements - Gezonde supplementen\",\"publisher\":{\"@id\":\"https:\\\/\\\/ecosupplements.be\\\/fr\\\/#organization\"},\"potentialAction\":[{\"@type\":\"SearchAction\",\"target\":{\"@type\":\"EntryPoint\",\"urlTemplate\":\"https:\\\/\\\/ecosupplements.be\\\/fr\\\/?s={search_term_string}\"},\"query-input\":{\"@type\":\"PropertyValueSpecification\",\"valueRequired\":true,\"valueName\":\"search_term_string\"}}],\"inLanguage\":\"fr-FR\"},{\"@type\":\"Organization\",\"@id\":\"https:\\\/\\\/ecosupplements.be\\\/fr\\\/#organization\",\"name\":\"Eco Supplements\",\"url\":\"https:\\\/\\\/ecosupplements.be\\\/fr\\\/\",\"logo\":{\"@type\":\"ImageObject\",\"inLanguage\":\"fr-FR\",\"@id\":\"https:\\\/\\\/ecosupplements.be\\\/fr\\\/#\\\/schema\\\/logo\\\/image\\\/\",\"url\":\"https:\\\/\\\/ecosupplements.be\\\/wp-content\\\/uploads\\\/2022\\\/06\\\/ecosupplement-family.png\",\"contentUrl\":\"https:\\\/\\\/ecosupplements.be\\\/wp-content\\\/uploads\\\/2022\\\/06\\\/ecosupplement-family.png\",\"width\":593,\"height\":374,\"caption\":\"Eco Supplements\"},\"image\":{\"@id\":\"https:\\\/\\\/ecosupplements.be\\\/fr\\\/#\\\/schema\\\/logo\\\/image\\\/\"}}]}<\/script>\n<meta property=\"product:brand\" content=\"MaryRuth Organics\" \/>\n<meta property=\"product:price:amount\" content=\"27.15\" \/>\n<meta property=\"product:price:currency\" content=\"EUR\" \/>\n<meta property=\"og:availability\" content=\"instock\" \/>\n<meta property=\"product:availability\" content=\"instock\" \/>\n<meta property=\"product:retailer_item_id\" content=\"856645008150\" \/>\n<meta property=\"product:condition\" content=\"new\" \/>\n<!-- \/ Yoast SEO Premium plugin. -->","yoast_head_json":{"title":"Gouttes Liquides Sureau Bio, Myrtille &amp; Framboise - 30 ml. - ECO Supplements","description":"Wij hebben een ruime keuze aan producten van Gouttes Liquides Sureau Bio, Myrtille &amp; Framboise - 30 ml. . Winkel bij Eco Supplements altijd gratis verzending boven 100\u20ac","robots":{"index":"index","follow":"follow","max-snippet":"max-snippet:-1","max-image-preview":"max-image-preview:large","max-video-preview":"max-video-preview:-1"},"canonical":"https:\/\/ecosupplements.be\/fr\/produit\/gouttes-liquides-sureau-bio-myrtille-framboise-30-ml\/","og_locale":"fr_FR","og_type":"article","og_title":"Gouttes Liquides Sureau Bio, Myrtille &amp; Framboise - 30 ml.","og_description":"Wij hebben een ruime keuze aan producten van Gouttes Liquides Sureau Bio, Myrtille &amp; Framboise - 30 ml. . Winkel bij Eco Supplements altijd gratis verzending boven 100\u20ac","og_url":"https:\/\/ecosupplements.be\/fr\/produit\/gouttes-liquides-sureau-bio-myrtille-framboise-30-ml\/","og_site_name":"ECO Supplements","article_modified_time":"2025-08-27T12:39:12+00:00","og_image":[{"width":600,"height":600,"url":"https:\/\/ecosupplements.be\/wp-content\/uploads\/2025\/08\/Organic-Elderberry-Liquid-Drops-Blueberry-Raspberry-30-ml-1.jpg","type":"image\/jpeg"}],"twitter_card":"summary_large_image","twitter_misc":{"Prix":"27.15&nbsp;&euro;","Disponibilit\u00e9":"En stock"},"schema":{"@context":"https:\/\/schema.org","@graph":[{"@type":["WebPage","ItemPage"],"@id":"https:\/\/ecosupplements.be\/fr\/produit\/gouttes-liquides-sureau-bio-myrtille-framboise-30-ml\/","url":"https:\/\/ecosupplements.be\/fr\/produit\/gouttes-liquides-sureau-bio-myrtille-framboise-30-ml\/","name":"Gouttes Liquides Sureau Bio, Myrtille &amp; Framboise - 30 ml. - ECO Supplements","isPartOf":{"@id":"https:\/\/ecosupplements.be\/fr\/#website"},"primaryImageOfPage":{"@id":"https:\/\/ecosupplements.be\/fr\/produit\/gouttes-liquides-sureau-bio-myrtille-framboise-30-ml\/#primaryimage"},"image":{"@id":"https:\/\/ecosupplements.be\/fr\/produit\/gouttes-liquides-sureau-bio-myrtille-framboise-30-ml\/#primaryimage"},"thumbnailUrl":"https:\/\/ecosupplements.be\/wp-content\/uploads\/2025\/08\/Organic-Elderberry-Liquid-Drops-Blueberry-Raspberry-30-ml.jpg","datePublished":"2023-02-09T20:11:35+00:00","dateModified":"2025-08-27T12:39:12+00:00","description":"Wij hebben een ruime keuze aan producten van Gouttes Liquides Sureau Bio, Myrtille &amp; Framboise - 30 ml. . Winkel bij Eco Supplements altijd gratis verzending boven 100\u20ac","breadcrumb":{"@id":"https:\/\/ecosupplements.be\/fr\/produit\/gouttes-liquides-sureau-bio-myrtille-framboise-30-ml\/#breadcrumb"},"inLanguage":"fr-FR","potentialAction":[{"@type":"ReadAction","target":["https:\/\/ecosupplements.be\/fr\/produit\/gouttes-liquides-sureau-bio-myrtille-framboise-30-ml\/"]}]},{"@type":"ImageObject","inLanguage":"fr-FR","@id":"https:\/\/ecosupplements.be\/fr\/produit\/gouttes-liquides-sureau-bio-myrtille-framboise-30-ml\/#primaryimage","url":"https:\/\/ecosupplements.be\/wp-content\/uploads\/2025\/08\/Organic-Elderberry-Liquid-Drops-Blueberry-Raspberry-30-ml.jpg","contentUrl":"https:\/\/ecosupplements.be\/wp-content\/uploads\/2025\/08\/Organic-Elderberry-Liquid-Drops-Blueberry-Raspberry-30-ml.jpg","width":600,"height":600},{"@type":"BreadcrumbList","@id":"https:\/\/ecosupplements.be\/fr\/produit\/gouttes-liquides-sureau-bio-myrtille-framboise-30-ml\/#breadcrumb","itemListElement":[{"@type":"ListItem","position":1,"name":"Home","item":"https:\/\/ecosupplements.be\/fr\/"},{"@type":"ListItem","position":2,"name":"Boutique","item":"https:\/\/ecosupplements.be\/fr\/boutique\/"},{"@type":"ListItem","position":3,"name":"Gouttes Liquides Sureau Bio, Myrtille &amp; Framboise &#8211; 30 ml."}]},{"@type":"WebSite","@id":"https:\/\/ecosupplements.be\/fr\/#website","url":"https:\/\/ecosupplements.be\/fr\/","name":"ECO Supplements","description":"Eco Supplements - Gezonde supplementen","publisher":{"@id":"https:\/\/ecosupplements.be\/fr\/#organization"},"potentialAction":[{"@type":"SearchAction","target":{"@type":"EntryPoint","urlTemplate":"https:\/\/ecosupplements.be\/fr\/?s={search_term_string}"},"query-input":{"@type":"PropertyValueSpecification","valueRequired":true,"valueName":"search_term_string"}}],"inLanguage":"fr-FR"},{"@type":"Organization","@id":"https:\/\/ecosupplements.be\/fr\/#organization","name":"Eco Supplements","url":"https:\/\/ecosupplements.be\/fr\/","logo":{"@type":"ImageObject","inLanguage":"fr-FR","@id":"https:\/\/ecosupplements.be\/fr\/#\/schema\/logo\/image\/","url":"https:\/\/ecosupplements.be\/wp-content\/uploads\/2022\/06\/ecosupplement-family.png","contentUrl":"https:\/\/ecosupplements.be\/wp-content\/uploads\/2022\/06\/ecosupplement-family.png","width":593,"height":374,"caption":"Eco Supplements"},"image":{"@id":"https:\/\/ecosupplements.be\/fr\/#\/schema\/logo\/image\/"}}]},"product_brand":"MaryRuth Organics","product_price_amount":"27.15","product_price_currency":"EUR","og_availability":"instock","product_availability":"instock","product_retailer_item_id":"856645008150","product_condition":"new"},"_links":{"self":[{"href":"https:\/\/ecosupplements.be\/fr\/wp-json\/wp\/v2\/product\/284681","targetHints":{"allow":["GET"]}}],"collection":[{"href":"https:\/\/ecosupplements.be\/fr\/wp-json\/wp\/v2\/product"}],"about":[{"href":"https:\/\/ecosupplements.be\/fr\/wp-json\/wp\/v2\/types\/product"}],"replies":[{"embeddable":true,"href":"https:\/\/ecosupplements.be\/fr\/wp-json\/wp\/v2\/comments?post=284681"}],"wp:featuredmedia":[{"embeddable":true,"href":"https:\/\/ecosupplements.be\/fr\/wp-json\/wp\/v2\/media\/262361"}],"wp:attachment":[{"href":"https:\/\/ecosupplements.be\/fr\/wp-json\/wp\/v2\/media?parent=284681"}],"wp:term":[{"taxonomy":"product_brand","embeddable":true,"href":"https:\/\/ecosupplements.be\/fr\/wp-json\/wp\/v2\/product_brand?post=284681"},{"taxonomy":"product_cat","embeddable":true,"href":"https:\/\/ecosupplements.be\/fr\/wp-json\/wp\/v2\/product_cat?post=284681"},{"taxonomy":"product_tag","embeddable":true,"href":"https:\/\/ecosupplements.be\/fr\/wp-json\/wp\/v2\/product_tag?post=284681"}],"curies":[{"name":"wp","href":"https:\/\/api.w.org\/{rel}","templated":true}]}}