{"id":284684,"date":"2023-02-09T21:11:35","date_gmt":"2023-02-09T20:11:35","guid":{"rendered":"https:\/\/ecosupplements.be\/product\/cheveux-peau-ongles-bio-fraise-60-gummies\/"},"modified":"2025-08-27T13:39:15","modified_gmt":"2025-08-27T12:39:15","slug":"cheveux-peau-ongles-bio-fraise-60-gummies","status":"publish","type":"product","link":"https:\/\/ecosupplements.be\/fr\/produit\/cheveux-peau-ongles-bio-fraise-60-gummies\/","title":{"rendered":"Cheveux, Peau &amp; Ongles Bio, Fraise &#8211; 60 gummies"},"content":{"rendered":"<h2>MaryRuth Organics Cheveux, peau et amp; Ongles, Fraise &#8211; 60 gommes<\/h2>\n<p> La biotine stimule la production de k\u00e9ratine dans les cheveux et peut aider \u00e0 soutenir le taux de croissance des follicules. <br \/>&nbsp;&nbsp;&nbsp; Vitamine E &amp; La vitamine C aide \u00e0 promouvoir la synth\u00e8se naturelle du collag\u00e8ne et \u00e0 maintenir la sant\u00e9 de la peau.<\/p>\n<div class=\"facts-container\"> <strong>Faits du suppl\u00e9ment\u00a0:<\/strong><br \/> Portion : 2 gommes<br \/> Portions par contenant\u00a0: 30<\/p>\n<p>Quantit\u00e9 par portion\u00a0:<br \/>Calories 15<br \/>Glucides totaux 5g 2%<br \/>Sucres totaux 4g<br \/>Comprend 4g de sucres ajout\u00e9s 8%<br \/>Vitamine C (acide ascorbique) 15\u00a0mg 17\u00a0%<br \/>Vitamine E (sous forme d&#8217;ac\u00e9tate de d-alpha-tocoph\u00e9rol) 6,8\u00a0mg 45\u00a0%<br \/>Biotine 2\u00a0500\u00a0mcg 8\u00a0333\u00a0%<br \/>Sodium 10\u00a0mg &lt;1\u00a0%<\/p>\n<p> <strong>Cheveux, peau et amp\u00a0; Ongles Autres ingr\u00e9dients\u00a0:<\/strong><br \/> Sirop v\u00e9g\u00e9tal biologique, sucre de canne biologique, eau, pectine, acide citrique, citrate de sodium, ar\u00f4me naturel, colorant au jus de carotte noire biologique, huile de tournesol biologique et cire de carnauba biologique.<\/p>\n<p><strong>Cheveux, peau &amp; Utilisation recommand\u00e9e pour les ongles\u00a0:<\/strong><br \/> \u00c0 partir de 14\u00a0ans, prendre jusqu&#8217;\u00e0 2 gommes par jour ou selon les recommandations d&#8217;un m\u00e9decin ou d&#8217;un professionnel de la sant\u00e9.<\/p>\n<p><strong>Avertissements\u00a0:<\/strong><br \/> GARDER HORS DE PORT\u00c9E DES ENFANTS en cas de surdosage accidentel ou d&#8217;\u00e9touffement. <\/div>\n","protected":false},"excerpt":{"rendered":"<p>MaryRuth Organics Cheveux, peau et amp; Ongles, Fraise &#8211; 60 gommes La biotine stimule la production de k\u00e9ratine dans les cheveux et peut aider \u00e0 soutenir le taux de croissance des follicules. &nbsp;&nbsp;&nbsp; Vitamine E &amp; La vitamine C aide \u00e0 promouvoir la synth\u00e8se naturelle du collag\u00e8ne et \u00e0 maintenir la sant\u00e9 de la peau. [&#8230;]\n","protected":false},"featured_media":262364,"comment_status":"open","ping_status":"open","template":"","meta":[],"product_brand":[5254],"product_cat":[5256,5054,5055,5052],"product_tag":[],"class_list":{"0":"post-284684","1":"product","2":"type-product","3":"status-publish","4":"has-post-thumbnail","6":"product_brand-maryruth-organics-2","7":"product_cat-gelifies","8":"product_cat-nourriture-saine","9":"product_cat-produits-vegetaliens","10":"product_cat-sante-et-bien-etre","12":"first","13":"instock","14":"taxable","15":"shipping-taxable","16":"purchasable","17":"product-type-simple"},"yoast_head":"<!-- This site is optimized with the Yoast SEO Premium plugin v27.5 (Yoast SEO v27.5) - https:\/\/yoast.com\/product\/yoast-seo-premium-wordpress\/ -->\n<title>Cheveux, Peau &amp; Ongles Bio, Fraise - 60 gummies - ECO Supplements<\/title>\n<meta name=\"description\" content=\"Wij hebben een ruime keuze aan producten van Cheveux, Peau &amp; Ongles Bio, Fraise - 60 gummies . Winkel bij Eco Supplements altijd gratis verzending boven 100\u20ac\" \/>\n<meta name=\"robots\" content=\"index, follow, max-snippet:-1, max-image-preview:large, max-video-preview:-1\" \/>\n<link rel=\"canonical\" href=\"https:\/\/ecosupplements.be\/fr\/produit\/cheveux-peau-ongles-bio-fraise-60-gummies\/\" \/>\n<meta property=\"og:locale\" content=\"fr_FR\" \/>\n<meta property=\"og:type\" content=\"article\" \/>\n<meta property=\"og:title\" content=\"Cheveux, Peau &amp; Ongles Bio, Fraise - 60 gummies\" \/>\n<meta property=\"og:description\" content=\"Wij hebben een ruime keuze aan producten van Cheveux, Peau &amp; Ongles Bio, Fraise - 60 gummies . Winkel bij Eco Supplements altijd gratis verzending boven 100\u20ac\" \/>\n<meta property=\"og:url\" content=\"https:\/\/ecosupplements.be\/fr\/produit\/cheveux-peau-ongles-bio-fraise-60-gummies\/\" \/>\n<meta property=\"og:site_name\" content=\"ECO Supplements\" \/>\n<meta property=\"article:modified_time\" content=\"2025-08-27T12:39:15+00:00\" \/>\n<meta property=\"og:image\" content=\"https:\/\/ecosupplements.be\/wp-content\/uploads\/2025\/08\/Organic-Hair-Skin-Nails-Strawberry-60-gummies-1.jpg\" \/>\n\t<meta property=\"og:image:width\" content=\"600\" \/>\n\t<meta property=\"og:image:height\" content=\"600\" \/>\n\t<meta property=\"og:image:type\" content=\"image\/jpeg\" \/>\n<meta name=\"twitter:card\" content=\"summary_large_image\" \/>\n<meta name=\"twitter:label1\" content=\"Prix\" \/>\n\t<meta name=\"twitter:data1\" content=\"34.27&nbsp;&euro;\" \/>\n\t<meta name=\"twitter:label2\" content=\"Disponibilit\u00e9\" \/>\n\t<meta name=\"twitter:data2\" content=\"En stock\" \/>\n<script type=\"application\/ld+json\" class=\"yoast-schema-graph\">{\"@context\":\"https:\\\/\\\/schema.org\",\"@graph\":[{\"@type\":[\"WebPage\",\"ItemPage\"],\"@id\":\"https:\\\/\\\/ecosupplements.be\\\/fr\\\/produit\\\/cheveux-peau-ongles-bio-fraise-60-gummies\\\/\",\"url\":\"https:\\\/\\\/ecosupplements.be\\\/fr\\\/produit\\\/cheveux-peau-ongles-bio-fraise-60-gummies\\\/\",\"name\":\"Cheveux, Peau &amp; Ongles Bio, Fraise - 60 gummies - ECO Supplements\",\"isPartOf\":{\"@id\":\"https:\\\/\\\/ecosupplements.be\\\/fr\\\/#website\"},\"primaryImageOfPage\":{\"@id\":\"https:\\\/\\\/ecosupplements.be\\\/fr\\\/produit\\\/cheveux-peau-ongles-bio-fraise-60-gummies\\\/#primaryimage\"},\"image\":{\"@id\":\"https:\\\/\\\/ecosupplements.be\\\/fr\\\/produit\\\/cheveux-peau-ongles-bio-fraise-60-gummies\\\/#primaryimage\"},\"thumbnailUrl\":\"https:\\\/\\\/ecosupplements.be\\\/wp-content\\\/uploads\\\/2025\\\/08\\\/Organic-Hair-Skin-Nails-Strawberry-60-gummies.jpg\",\"datePublished\":\"2023-02-09T20:11:35+00:00\",\"dateModified\":\"2025-08-27T12:39:15+00:00\",\"description\":\"Wij hebben een ruime keuze aan producten van Cheveux, Peau &amp; Ongles Bio, Fraise - 60 gummies . Winkel bij Eco Supplements altijd gratis verzending boven 100\u20ac\",\"breadcrumb\":{\"@id\":\"https:\\\/\\\/ecosupplements.be\\\/fr\\\/produit\\\/cheveux-peau-ongles-bio-fraise-60-gummies\\\/#breadcrumb\"},\"inLanguage\":\"fr-FR\",\"potentialAction\":[{\"@type\":\"ReadAction\",\"target\":[\"https:\\\/\\\/ecosupplements.be\\\/fr\\\/produit\\\/cheveux-peau-ongles-bio-fraise-60-gummies\\\/\"]}]},{\"@type\":\"ImageObject\",\"inLanguage\":\"fr-FR\",\"@id\":\"https:\\\/\\\/ecosupplements.be\\\/fr\\\/produit\\\/cheveux-peau-ongles-bio-fraise-60-gummies\\\/#primaryimage\",\"url\":\"https:\\\/\\\/ecosupplements.be\\\/wp-content\\\/uploads\\\/2025\\\/08\\\/Organic-Hair-Skin-Nails-Strawberry-60-gummies.jpg\",\"contentUrl\":\"https:\\\/\\\/ecosupplements.be\\\/wp-content\\\/uploads\\\/2025\\\/08\\\/Organic-Hair-Skin-Nails-Strawberry-60-gummies.jpg\",\"width\":600,\"height\":600},{\"@type\":\"BreadcrumbList\",\"@id\":\"https:\\\/\\\/ecosupplements.be\\\/fr\\\/produit\\\/cheveux-peau-ongles-bio-fraise-60-gummies\\\/#breadcrumb\",\"itemListElement\":[{\"@type\":\"ListItem\",\"position\":1,\"name\":\"Home\",\"item\":\"https:\\\/\\\/ecosupplements.be\\\/fr\\\/\"},{\"@type\":\"ListItem\",\"position\":2,\"name\":\"Boutique\",\"item\":\"https:\\\/\\\/ecosupplements.be\\\/fr\\\/boutique\\\/\"},{\"@type\":\"ListItem\",\"position\":3,\"name\":\"Cheveux, Peau &amp; Ongles Bio, Fraise &#8211; 60 gummies\"}]},{\"@type\":\"WebSite\",\"@id\":\"https:\\\/\\\/ecosupplements.be\\\/fr\\\/#website\",\"url\":\"https:\\\/\\\/ecosupplements.be\\\/fr\\\/\",\"name\":\"ECO Supplements\",\"description\":\"Eco Supplements - Gezonde supplementen\",\"publisher\":{\"@id\":\"https:\\\/\\\/ecosupplements.be\\\/fr\\\/#organization\"},\"potentialAction\":[{\"@type\":\"SearchAction\",\"target\":{\"@type\":\"EntryPoint\",\"urlTemplate\":\"https:\\\/\\\/ecosupplements.be\\\/fr\\\/?s={search_term_string}\"},\"query-input\":{\"@type\":\"PropertyValueSpecification\",\"valueRequired\":true,\"valueName\":\"search_term_string\"}}],\"inLanguage\":\"fr-FR\"},{\"@type\":\"Organization\",\"@id\":\"https:\\\/\\\/ecosupplements.be\\\/fr\\\/#organization\",\"name\":\"Eco Supplements\",\"url\":\"https:\\\/\\\/ecosupplements.be\\\/fr\\\/\",\"logo\":{\"@type\":\"ImageObject\",\"inLanguage\":\"fr-FR\",\"@id\":\"https:\\\/\\\/ecosupplements.be\\\/fr\\\/#\\\/schema\\\/logo\\\/image\\\/\",\"url\":\"https:\\\/\\\/ecosupplements.be\\\/wp-content\\\/uploads\\\/2022\\\/06\\\/ecosupplement-family.png\",\"contentUrl\":\"https:\\\/\\\/ecosupplements.be\\\/wp-content\\\/uploads\\\/2022\\\/06\\\/ecosupplement-family.png\",\"width\":593,\"height\":374,\"caption\":\"Eco Supplements\"},\"image\":{\"@id\":\"https:\\\/\\\/ecosupplements.be\\\/fr\\\/#\\\/schema\\\/logo\\\/image\\\/\"}}]}<\/script>\n<meta property=\"product:brand\" content=\"MaryRuth Organics\" \/>\n<meta property=\"product:price:amount\" content=\"34.27\" \/>\n<meta property=\"product:price:currency\" content=\"EUR\" \/>\n<meta property=\"og:availability\" content=\"instock\" \/>\n<meta property=\"product:availability\" content=\"instock\" \/>\n<meta property=\"product:retailer_item_id\" content=\"810104620260\" \/>\n<meta property=\"product:condition\" content=\"new\" \/>\n<!-- \/ Yoast SEO Premium plugin. -->","yoast_head_json":{"title":"Cheveux, Peau &amp; Ongles Bio, Fraise - 60 gummies - ECO Supplements","description":"Wij hebben een ruime keuze aan producten van Cheveux, Peau &amp; Ongles Bio, Fraise - 60 gummies . Winkel bij Eco Supplements altijd gratis verzending boven 100\u20ac","robots":{"index":"index","follow":"follow","max-snippet":"max-snippet:-1","max-image-preview":"max-image-preview:large","max-video-preview":"max-video-preview:-1"},"canonical":"https:\/\/ecosupplements.be\/fr\/produit\/cheveux-peau-ongles-bio-fraise-60-gummies\/","og_locale":"fr_FR","og_type":"article","og_title":"Cheveux, Peau &amp; Ongles Bio, Fraise - 60 gummies","og_description":"Wij hebben een ruime keuze aan producten van Cheveux, Peau &amp; Ongles Bio, Fraise - 60 gummies . Winkel bij Eco Supplements altijd gratis verzending boven 100\u20ac","og_url":"https:\/\/ecosupplements.be\/fr\/produit\/cheveux-peau-ongles-bio-fraise-60-gummies\/","og_site_name":"ECO Supplements","article_modified_time":"2025-08-27T12:39:15+00:00","og_image":[{"width":600,"height":600,"url":"https:\/\/ecosupplements.be\/wp-content\/uploads\/2025\/08\/Organic-Hair-Skin-Nails-Strawberry-60-gummies-1.jpg","type":"image\/jpeg"}],"twitter_card":"summary_large_image","twitter_misc":{"Prix":"34.27&nbsp;&euro;","Disponibilit\u00e9":"En stock"},"schema":{"@context":"https:\/\/schema.org","@graph":[{"@type":["WebPage","ItemPage"],"@id":"https:\/\/ecosupplements.be\/fr\/produit\/cheveux-peau-ongles-bio-fraise-60-gummies\/","url":"https:\/\/ecosupplements.be\/fr\/produit\/cheveux-peau-ongles-bio-fraise-60-gummies\/","name":"Cheveux, Peau &amp; Ongles Bio, Fraise - 60 gummies - ECO Supplements","isPartOf":{"@id":"https:\/\/ecosupplements.be\/fr\/#website"},"primaryImageOfPage":{"@id":"https:\/\/ecosupplements.be\/fr\/produit\/cheveux-peau-ongles-bio-fraise-60-gummies\/#primaryimage"},"image":{"@id":"https:\/\/ecosupplements.be\/fr\/produit\/cheveux-peau-ongles-bio-fraise-60-gummies\/#primaryimage"},"thumbnailUrl":"https:\/\/ecosupplements.be\/wp-content\/uploads\/2025\/08\/Organic-Hair-Skin-Nails-Strawberry-60-gummies.jpg","datePublished":"2023-02-09T20:11:35+00:00","dateModified":"2025-08-27T12:39:15+00:00","description":"Wij hebben een ruime keuze aan producten van Cheveux, Peau &amp; Ongles Bio, Fraise - 60 gummies . Winkel bij Eco Supplements altijd gratis verzending boven 100\u20ac","breadcrumb":{"@id":"https:\/\/ecosupplements.be\/fr\/produit\/cheveux-peau-ongles-bio-fraise-60-gummies\/#breadcrumb"},"inLanguage":"fr-FR","potentialAction":[{"@type":"ReadAction","target":["https:\/\/ecosupplements.be\/fr\/produit\/cheveux-peau-ongles-bio-fraise-60-gummies\/"]}]},{"@type":"ImageObject","inLanguage":"fr-FR","@id":"https:\/\/ecosupplements.be\/fr\/produit\/cheveux-peau-ongles-bio-fraise-60-gummies\/#primaryimage","url":"https:\/\/ecosupplements.be\/wp-content\/uploads\/2025\/08\/Organic-Hair-Skin-Nails-Strawberry-60-gummies.jpg","contentUrl":"https:\/\/ecosupplements.be\/wp-content\/uploads\/2025\/08\/Organic-Hair-Skin-Nails-Strawberry-60-gummies.jpg","width":600,"height":600},{"@type":"BreadcrumbList","@id":"https:\/\/ecosupplements.be\/fr\/produit\/cheveux-peau-ongles-bio-fraise-60-gummies\/#breadcrumb","itemListElement":[{"@type":"ListItem","position":1,"name":"Home","item":"https:\/\/ecosupplements.be\/fr\/"},{"@type":"ListItem","position":2,"name":"Boutique","item":"https:\/\/ecosupplements.be\/fr\/boutique\/"},{"@type":"ListItem","position":3,"name":"Cheveux, Peau &amp; Ongles Bio, Fraise &#8211; 60 gummies"}]},{"@type":"WebSite","@id":"https:\/\/ecosupplements.be\/fr\/#website","url":"https:\/\/ecosupplements.be\/fr\/","name":"ECO Supplements","description":"Eco Supplements - Gezonde supplementen","publisher":{"@id":"https:\/\/ecosupplements.be\/fr\/#organization"},"potentialAction":[{"@type":"SearchAction","target":{"@type":"EntryPoint","urlTemplate":"https:\/\/ecosupplements.be\/fr\/?s={search_term_string}"},"query-input":{"@type":"PropertyValueSpecification","valueRequired":true,"valueName":"search_term_string"}}],"inLanguage":"fr-FR"},{"@type":"Organization","@id":"https:\/\/ecosupplements.be\/fr\/#organization","name":"Eco Supplements","url":"https:\/\/ecosupplements.be\/fr\/","logo":{"@type":"ImageObject","inLanguage":"fr-FR","@id":"https:\/\/ecosupplements.be\/fr\/#\/schema\/logo\/image\/","url":"https:\/\/ecosupplements.be\/wp-content\/uploads\/2022\/06\/ecosupplement-family.png","contentUrl":"https:\/\/ecosupplements.be\/wp-content\/uploads\/2022\/06\/ecosupplement-family.png","width":593,"height":374,"caption":"Eco Supplements"},"image":{"@id":"https:\/\/ecosupplements.be\/fr\/#\/schema\/logo\/image\/"}}]},"product_brand":"MaryRuth Organics","product_price_amount":"34.27","product_price_currency":"EUR","og_availability":"instock","product_availability":"instock","product_retailer_item_id":"810104620260","product_condition":"new"},"_links":{"self":[{"href":"https:\/\/ecosupplements.be\/fr\/wp-json\/wp\/v2\/product\/284684","targetHints":{"allow":["GET"]}}],"collection":[{"href":"https:\/\/ecosupplements.be\/fr\/wp-json\/wp\/v2\/product"}],"about":[{"href":"https:\/\/ecosupplements.be\/fr\/wp-json\/wp\/v2\/types\/product"}],"replies":[{"embeddable":true,"href":"https:\/\/ecosupplements.be\/fr\/wp-json\/wp\/v2\/comments?post=284684"}],"wp:featuredmedia":[{"embeddable":true,"href":"https:\/\/ecosupplements.be\/fr\/wp-json\/wp\/v2\/media\/262364"}],"wp:attachment":[{"href":"https:\/\/ecosupplements.be\/fr\/wp-json\/wp\/v2\/media?parent=284684"}],"wp:term":[{"taxonomy":"product_brand","embeddable":true,"href":"https:\/\/ecosupplements.be\/fr\/wp-json\/wp\/v2\/product_brand?post=284684"},{"taxonomy":"product_cat","embeddable":true,"href":"https:\/\/ecosupplements.be\/fr\/wp-json\/wp\/v2\/product_cat?post=284684"},{"taxonomy":"product_tag","embeddable":true,"href":"https:\/\/ecosupplements.be\/fr\/wp-json\/wp\/v2\/product_tag?post=284684"}],"curies":[{"name":"wp","href":"https:\/\/api.w.org\/{rel}","templated":true}]}}