{"id":284699,"date":"2023-02-09T21:11:35","date_gmt":"2023-02-09T20:11:35","guid":{"rendered":"https:\/\/ecosupplements.be\/product\/gouttes-liquides-diode-bio-30-ml\/"},"modified":"2025-08-27T13:39:28","modified_gmt":"2025-08-27T12:39:28","slug":"gouttes-liquides-diode-bio-30-ml","status":"publish","type":"product","link":"https:\/\/ecosupplements.be\/fr\/produit\/gouttes-liquides-diode-bio-30-ml\/","title":{"rendered":"Gouttes liquides d&#8217;iode bio &#8211; 30 ml."},"content":{"rendered":"<h2>Gouttes liquides d&#8217;iode biologique MaryRuth Organics &#8211; 30 ml.<\/h2>\n<p> Le corps ne produit pas naturellement d&#8217;iode, c&#8217;est donc un \u00e9l\u00e9ment essentiel de tout r\u00e9gime alimentaire. <br \/>&nbsp;&nbsp;&nbsp; Les personnes qui suivent un r\u00e9gime v\u00e9g\u00e9talien ou v\u00e9g\u00e9tarien, ou les femmes enceintes et qui allaitent, sont particuli\u00e8rement expos\u00e9es au risque de carence en iode. <br \/>&nbsp;&nbsp;&nbsp; L&#8217;iode est crucial pendant la grossesse, lorsque le corps a besoin de plus grandes quantit\u00e9s d&#8217;iode pour soutenir le d\u00e9veloppement du f\u0153tus. <br \/>&nbsp;&nbsp;&nbsp; Les carences en iode peuvent entra\u00eener une sensation de fatigue et de faiblesse, des cheveux, de la peau et des ongles secs et cassants, ainsi qu&#8217;une prise de poids. <br \/>&nbsp;&nbsp;&nbsp; Cet oligo-\u00e9l\u00e9ment est particuli\u00e8rement important pour la sant\u00e9 de la thyro\u00efde, qui r\u00e9gule la production d&#8217;hormones, qui \u00e0 son tour joue un r\u00f4le important dans le m\u00e9tabolisme et le maintien du fonctionnement normal du syst\u00e8me immunitaire et du syst\u00e8me nerveux central. <br \/>&nbsp;&nbsp;&nbsp; Soutenez votre corps avec ce micronutriment essentiel ! <\/p>\n<div class=\"facts-container\"> <strong>Faits du suppl\u00e9ment\u00a0:<\/strong><br \/> Portion\u00a0: 2 gouttes (0,07\u00a0ml)<br \/> Portions par conteneur\u00a0: 450<\/p>\n<p> Quantit\u00e9 par portion\u00a0: <br \/>Iode (sous forme d&#8217;iodure de potassium) 250\u00a0mcg 86\u00a0%<\/p>\n<p><strong>Gouttes liquides d&#8217;iode biologique Autres ingr\u00e9dients\u00a0:<\/strong><br \/> Glyc\u00e9rine v\u00e9g\u00e9tale biologique et eau purifi\u00e9e.<\/p>\n<p><strong> > Gouttes Liquides d&#8217;Iode Organique Utilisation Recommand\u00e9e\u00a0:<\/strong><br \/> Bien agiter avant utilisation. Les adultes prennent 1 \u00e0 2 gouttes par jour ou selon les recommandations d&#8217;un m\u00e9decin ou d&#8217;un professionnel de la sant\u00e9. Prendre par la bouche ou ajouter \u00e0 de l&#8217;eau ou du jus.<\/p>\n<p><strong>Avertissements\u00a0:<\/strong><br \/>Tenir hors de port\u00e9e des enfants. Tous les enfants de 12 ans et moins, enceintes &amp; les femmes allaitantes et les personnes \u00e2g\u00e9es de 65 ans et plus doivent toujours consulter un m\u00e9decin ou un professionnel de la sant\u00e9 avant d&#8217;utiliser un compl\u00e9ment alimentaire. <\/div>\n","protected":false},"excerpt":{"rendered":"<p>Gouttes liquides d&#8217;iode biologique MaryRuth Organics &#8211; 30 ml. Le corps ne produit pas naturellement d&#8217;iode, c&#8217;est donc un \u00e9l\u00e9ment essentiel de tout r\u00e9gime alimentaire. &nbsp;&nbsp;&nbsp; Les personnes qui suivent un r\u00e9gime v\u00e9g\u00e9talien ou v\u00e9g\u00e9tarien, ou les femmes enceintes et qui allaitent, sont particuli\u00e8rement expos\u00e9es au risque de carence en iode. &nbsp;&nbsp;&nbsp; L&#8217;iode est crucial [&#8230;]\n","protected":false},"featured_media":262379,"comment_status":"open","ping_status":"open","template":"","meta":[],"product_brand":[5254],"product_cat":[5054,5055,5052,5255],"product_tag":[],"class_list":{"0":"post-284699","1":"product","2":"type-product","3":"status-publish","4":"has-post-thumbnail","6":"product_brand-maryruth-organics-2","7":"product_cat-nourriture-saine","8":"product_cat-produits-vegetaliens","9":"product_cat-sante-et-bien-etre","10":"product_cat-vitamines-mineraux","12":"first","13":"instock","14":"taxable","15":"shipping-taxable","16":"purchasable","17":"product-type-simple"},"yoast_head":"<!-- This site is optimized with the Yoast SEO Premium plugin v27.5 (Yoast SEO v27.5) - https:\/\/yoast.com\/product\/yoast-seo-premium-wordpress\/ -->\n<title>Gouttes liquides d&#039;iode bio - 30 ml. - ECO Supplements<\/title>\n<meta name=\"description\" content=\"Wij hebben een ruime keuze aan producten van Gouttes liquides d&#039;iode bio - 30 ml. . Winkel bij Eco Supplements altijd gratis verzending boven 100\u20ac\" \/>\n<meta name=\"robots\" content=\"index, follow, max-snippet:-1, max-image-preview:large, max-video-preview:-1\" \/>\n<link rel=\"canonical\" href=\"https:\/\/ecosupplements.be\/fr\/produit\/gouttes-liquides-diode-bio-30-ml\/\" \/>\n<meta property=\"og:locale\" content=\"fr_FR\" \/>\n<meta property=\"og:type\" content=\"article\" \/>\n<meta property=\"og:title\" content=\"Gouttes liquides d&#039;iode bio - 30 ml.\" \/>\n<meta property=\"og:description\" content=\"Wij hebben een ruime keuze aan producten van Gouttes liquides d&#039;iode bio - 30 ml. . Winkel bij Eco Supplements altijd gratis verzending boven 100\u20ac\" \/>\n<meta property=\"og:url\" content=\"https:\/\/ecosupplements.be\/fr\/produit\/gouttes-liquides-diode-bio-30-ml\/\" \/>\n<meta property=\"og:site_name\" content=\"ECO Supplements\" \/>\n<meta property=\"article:modified_time\" content=\"2025-08-27T12:39:28+00:00\" \/>\n<meta property=\"og:image\" content=\"https:\/\/ecosupplements.be\/wp-content\/uploads\/2025\/08\/Organic-Iodine-Liquid-Drops-30-ml-1.jpg\" \/>\n\t<meta property=\"og:image:width\" content=\"600\" \/>\n\t<meta property=\"og:image:height\" content=\"600\" \/>\n\t<meta property=\"og:image:type\" content=\"image\/jpeg\" \/>\n<meta name=\"twitter:card\" content=\"summary_large_image\" \/>\n<meta name=\"twitter:label1\" content=\"Prix\" \/>\n\t<meta name=\"twitter:data1\" content=\"27.15&nbsp;&euro;\" \/>\n\t<meta name=\"twitter:label2\" content=\"Disponibilit\u00e9\" \/>\n\t<meta name=\"twitter:data2\" content=\"En stock\" \/>\n<script type=\"application\/ld+json\" class=\"yoast-schema-graph\">{\"@context\":\"https:\\\/\\\/schema.org\",\"@graph\":[{\"@type\":[\"WebPage\",\"ItemPage\"],\"@id\":\"https:\\\/\\\/ecosupplements.be\\\/fr\\\/produit\\\/gouttes-liquides-diode-bio-30-ml\\\/\",\"url\":\"https:\\\/\\\/ecosupplements.be\\\/fr\\\/produit\\\/gouttes-liquides-diode-bio-30-ml\\\/\",\"name\":\"Gouttes liquides d'iode bio - 30 ml. - ECO Supplements\",\"isPartOf\":{\"@id\":\"https:\\\/\\\/ecosupplements.be\\\/fr\\\/#website\"},\"primaryImageOfPage\":{\"@id\":\"https:\\\/\\\/ecosupplements.be\\\/fr\\\/produit\\\/gouttes-liquides-diode-bio-30-ml\\\/#primaryimage\"},\"image\":{\"@id\":\"https:\\\/\\\/ecosupplements.be\\\/fr\\\/produit\\\/gouttes-liquides-diode-bio-30-ml\\\/#primaryimage\"},\"thumbnailUrl\":\"https:\\\/\\\/ecosupplements.be\\\/wp-content\\\/uploads\\\/2025\\\/08\\\/Organic-Iodine-Liquid-Drops-30-ml.jpg\",\"datePublished\":\"2023-02-09T20:11:35+00:00\",\"dateModified\":\"2025-08-27T12:39:28+00:00\",\"description\":\"Wij hebben een ruime keuze aan producten van Gouttes liquides d'iode bio - 30 ml. . Winkel bij Eco Supplements altijd gratis verzending boven 100\u20ac\",\"breadcrumb\":{\"@id\":\"https:\\\/\\\/ecosupplements.be\\\/fr\\\/produit\\\/gouttes-liquides-diode-bio-30-ml\\\/#breadcrumb\"},\"inLanguage\":\"fr-FR\",\"potentialAction\":[{\"@type\":\"ReadAction\",\"target\":[\"https:\\\/\\\/ecosupplements.be\\\/fr\\\/produit\\\/gouttes-liquides-diode-bio-30-ml\\\/\"]}]},{\"@type\":\"ImageObject\",\"inLanguage\":\"fr-FR\",\"@id\":\"https:\\\/\\\/ecosupplements.be\\\/fr\\\/produit\\\/gouttes-liquides-diode-bio-30-ml\\\/#primaryimage\",\"url\":\"https:\\\/\\\/ecosupplements.be\\\/wp-content\\\/uploads\\\/2025\\\/08\\\/Organic-Iodine-Liquid-Drops-30-ml.jpg\",\"contentUrl\":\"https:\\\/\\\/ecosupplements.be\\\/wp-content\\\/uploads\\\/2025\\\/08\\\/Organic-Iodine-Liquid-Drops-30-ml.jpg\",\"width\":600,\"height\":600},{\"@type\":\"BreadcrumbList\",\"@id\":\"https:\\\/\\\/ecosupplements.be\\\/fr\\\/produit\\\/gouttes-liquides-diode-bio-30-ml\\\/#breadcrumb\",\"itemListElement\":[{\"@type\":\"ListItem\",\"position\":1,\"name\":\"Home\",\"item\":\"https:\\\/\\\/ecosupplements.be\\\/fr\\\/\"},{\"@type\":\"ListItem\",\"position\":2,\"name\":\"Boutique\",\"item\":\"https:\\\/\\\/ecosupplements.be\\\/fr\\\/boutique\\\/\"},{\"@type\":\"ListItem\",\"position\":3,\"name\":\"Gouttes liquides d&#8217;iode bio &#8211; 30 ml.\"}]},{\"@type\":\"WebSite\",\"@id\":\"https:\\\/\\\/ecosupplements.be\\\/fr\\\/#website\",\"url\":\"https:\\\/\\\/ecosupplements.be\\\/fr\\\/\",\"name\":\"ECO Supplements\",\"description\":\"Eco Supplements - Gezonde supplementen\",\"publisher\":{\"@id\":\"https:\\\/\\\/ecosupplements.be\\\/fr\\\/#organization\"},\"potentialAction\":[{\"@type\":\"SearchAction\",\"target\":{\"@type\":\"EntryPoint\",\"urlTemplate\":\"https:\\\/\\\/ecosupplements.be\\\/fr\\\/?s={search_term_string}\"},\"query-input\":{\"@type\":\"PropertyValueSpecification\",\"valueRequired\":true,\"valueName\":\"search_term_string\"}}],\"inLanguage\":\"fr-FR\"},{\"@type\":\"Organization\",\"@id\":\"https:\\\/\\\/ecosupplements.be\\\/fr\\\/#organization\",\"name\":\"Eco Supplements\",\"url\":\"https:\\\/\\\/ecosupplements.be\\\/fr\\\/\",\"logo\":{\"@type\":\"ImageObject\",\"inLanguage\":\"fr-FR\",\"@id\":\"https:\\\/\\\/ecosupplements.be\\\/fr\\\/#\\\/schema\\\/logo\\\/image\\\/\",\"url\":\"https:\\\/\\\/ecosupplements.be\\\/wp-content\\\/uploads\\\/2022\\\/06\\\/ecosupplement-family.png\",\"contentUrl\":\"https:\\\/\\\/ecosupplements.be\\\/wp-content\\\/uploads\\\/2022\\\/06\\\/ecosupplement-family.png\",\"width\":593,\"height\":374,\"caption\":\"Eco Supplements\"},\"image\":{\"@id\":\"https:\\\/\\\/ecosupplements.be\\\/fr\\\/#\\\/schema\\\/logo\\\/image\\\/\"}}]}<\/script>\n<meta property=\"product:brand\" content=\"MaryRuth Organics\" \/>\n<meta property=\"product:price:amount\" content=\"27.15\" \/>\n<meta property=\"product:price:currency\" content=\"EUR\" \/>\n<meta property=\"og:availability\" content=\"instock\" \/>\n<meta property=\"product:availability\" content=\"instock\" \/>\n<meta property=\"product:retailer_item_id\" content=\"856645008167\" \/>\n<meta property=\"product:condition\" content=\"new\" \/>\n<!-- \/ Yoast SEO Premium plugin. -->","yoast_head_json":{"title":"Gouttes liquides d'iode bio - 30 ml. - ECO Supplements","description":"Wij hebben een ruime keuze aan producten van Gouttes liquides d'iode bio - 30 ml. . Winkel bij Eco Supplements altijd gratis verzending boven 100\u20ac","robots":{"index":"index","follow":"follow","max-snippet":"max-snippet:-1","max-image-preview":"max-image-preview:large","max-video-preview":"max-video-preview:-1"},"canonical":"https:\/\/ecosupplements.be\/fr\/produit\/gouttes-liquides-diode-bio-30-ml\/","og_locale":"fr_FR","og_type":"article","og_title":"Gouttes liquides d'iode bio - 30 ml.","og_description":"Wij hebben een ruime keuze aan producten van Gouttes liquides d'iode bio - 30 ml. . Winkel bij Eco Supplements altijd gratis verzending boven 100\u20ac","og_url":"https:\/\/ecosupplements.be\/fr\/produit\/gouttes-liquides-diode-bio-30-ml\/","og_site_name":"ECO Supplements","article_modified_time":"2025-08-27T12:39:28+00:00","og_image":[{"width":600,"height":600,"url":"https:\/\/ecosupplements.be\/wp-content\/uploads\/2025\/08\/Organic-Iodine-Liquid-Drops-30-ml-1.jpg","type":"image\/jpeg"}],"twitter_card":"summary_large_image","twitter_misc":{"Prix":"27.15&nbsp;&euro;","Disponibilit\u00e9":"En stock"},"schema":{"@context":"https:\/\/schema.org","@graph":[{"@type":["WebPage","ItemPage"],"@id":"https:\/\/ecosupplements.be\/fr\/produit\/gouttes-liquides-diode-bio-30-ml\/","url":"https:\/\/ecosupplements.be\/fr\/produit\/gouttes-liquides-diode-bio-30-ml\/","name":"Gouttes liquides d'iode bio - 30 ml. - ECO Supplements","isPartOf":{"@id":"https:\/\/ecosupplements.be\/fr\/#website"},"primaryImageOfPage":{"@id":"https:\/\/ecosupplements.be\/fr\/produit\/gouttes-liquides-diode-bio-30-ml\/#primaryimage"},"image":{"@id":"https:\/\/ecosupplements.be\/fr\/produit\/gouttes-liquides-diode-bio-30-ml\/#primaryimage"},"thumbnailUrl":"https:\/\/ecosupplements.be\/wp-content\/uploads\/2025\/08\/Organic-Iodine-Liquid-Drops-30-ml.jpg","datePublished":"2023-02-09T20:11:35+00:00","dateModified":"2025-08-27T12:39:28+00:00","description":"Wij hebben een ruime keuze aan producten van Gouttes liquides d'iode bio - 30 ml. . Winkel bij Eco Supplements altijd gratis verzending boven 100\u20ac","breadcrumb":{"@id":"https:\/\/ecosupplements.be\/fr\/produit\/gouttes-liquides-diode-bio-30-ml\/#breadcrumb"},"inLanguage":"fr-FR","potentialAction":[{"@type":"ReadAction","target":["https:\/\/ecosupplements.be\/fr\/produit\/gouttes-liquides-diode-bio-30-ml\/"]}]},{"@type":"ImageObject","inLanguage":"fr-FR","@id":"https:\/\/ecosupplements.be\/fr\/produit\/gouttes-liquides-diode-bio-30-ml\/#primaryimage","url":"https:\/\/ecosupplements.be\/wp-content\/uploads\/2025\/08\/Organic-Iodine-Liquid-Drops-30-ml.jpg","contentUrl":"https:\/\/ecosupplements.be\/wp-content\/uploads\/2025\/08\/Organic-Iodine-Liquid-Drops-30-ml.jpg","width":600,"height":600},{"@type":"BreadcrumbList","@id":"https:\/\/ecosupplements.be\/fr\/produit\/gouttes-liquides-diode-bio-30-ml\/#breadcrumb","itemListElement":[{"@type":"ListItem","position":1,"name":"Home","item":"https:\/\/ecosupplements.be\/fr\/"},{"@type":"ListItem","position":2,"name":"Boutique","item":"https:\/\/ecosupplements.be\/fr\/boutique\/"},{"@type":"ListItem","position":3,"name":"Gouttes liquides d&#8217;iode bio &#8211; 30 ml."}]},{"@type":"WebSite","@id":"https:\/\/ecosupplements.be\/fr\/#website","url":"https:\/\/ecosupplements.be\/fr\/","name":"ECO Supplements","description":"Eco Supplements - Gezonde supplementen","publisher":{"@id":"https:\/\/ecosupplements.be\/fr\/#organization"},"potentialAction":[{"@type":"SearchAction","target":{"@type":"EntryPoint","urlTemplate":"https:\/\/ecosupplements.be\/fr\/?s={search_term_string}"},"query-input":{"@type":"PropertyValueSpecification","valueRequired":true,"valueName":"search_term_string"}}],"inLanguage":"fr-FR"},{"@type":"Organization","@id":"https:\/\/ecosupplements.be\/fr\/#organization","name":"Eco Supplements","url":"https:\/\/ecosupplements.be\/fr\/","logo":{"@type":"ImageObject","inLanguage":"fr-FR","@id":"https:\/\/ecosupplements.be\/fr\/#\/schema\/logo\/image\/","url":"https:\/\/ecosupplements.be\/wp-content\/uploads\/2022\/06\/ecosupplement-family.png","contentUrl":"https:\/\/ecosupplements.be\/wp-content\/uploads\/2022\/06\/ecosupplement-family.png","width":593,"height":374,"caption":"Eco Supplements"},"image":{"@id":"https:\/\/ecosupplements.be\/fr\/#\/schema\/logo\/image\/"}}]},"product_brand":"MaryRuth Organics","product_price_amount":"27.15","product_price_currency":"EUR","og_availability":"instock","product_availability":"instock","product_retailer_item_id":"856645008167","product_condition":"new"},"_links":{"self":[{"href":"https:\/\/ecosupplements.be\/fr\/wp-json\/wp\/v2\/product\/284699","targetHints":{"allow":["GET"]}}],"collection":[{"href":"https:\/\/ecosupplements.be\/fr\/wp-json\/wp\/v2\/product"}],"about":[{"href":"https:\/\/ecosupplements.be\/fr\/wp-json\/wp\/v2\/types\/product"}],"replies":[{"embeddable":true,"href":"https:\/\/ecosupplements.be\/fr\/wp-json\/wp\/v2\/comments?post=284699"}],"wp:featuredmedia":[{"embeddable":true,"href":"https:\/\/ecosupplements.be\/fr\/wp-json\/wp\/v2\/media\/262379"}],"wp:attachment":[{"href":"https:\/\/ecosupplements.be\/fr\/wp-json\/wp\/v2\/media?parent=284699"}],"wp:term":[{"taxonomy":"product_brand","embeddable":true,"href":"https:\/\/ecosupplements.be\/fr\/wp-json\/wp\/v2\/product_brand?post=284699"},{"taxonomy":"product_cat","embeddable":true,"href":"https:\/\/ecosupplements.be\/fr\/wp-json\/wp\/v2\/product_cat?post=284699"},{"taxonomy":"product_tag","embeddable":true,"href":"https:\/\/ecosupplements.be\/fr\/wp-json\/wp\/v2\/product_tag?post=284699"}],"curies":[{"name":"wp","href":"https:\/\/api.w.org\/{rel}","templated":true}]}}