{"id":284744,"date":"2023-02-09T21:15:16","date_gmt":"2023-02-09T20:15:16","guid":{"rendered":"https:\/\/ecosupplements.be\/product\/gouttes-liquides-dhuile-dorigan-biologique-30-ml\/"},"modified":"2025-08-27T13:40:16","modified_gmt":"2025-08-27T12:40:16","slug":"gouttes-liquides-dhuile-dorigan-biologique-30-ml","status":"publish","type":"product","link":"https:\/\/ecosupplements.be\/fr\/produit\/gouttes-liquides-dhuile-dorigan-biologique-30-ml\/","title":{"rendered":"Gouttes liquides d&#8217;huile d&#8217;origan biologique &#8211; 30 ml."},"content":{"rendered":"<h2>Gouttes liquides d&#8217;huile d&#8217;origan biologique MaryRuth Organics &#8211; 30 ml.<\/h2>\n<p> Le saviez-vous\u00a0? L&#8217;origan tire son nom du mot grec &#8220;origanos&#8221;, qui se traduit vaguement par &#8220;joie des montagnes&#8221;. <br \/>&nbsp;&nbsp;&nbsp; Et on pensait que l&#8217;origan \u00e9tait un tr\u00e9sor de la d\u00e9esse grecque Aphrodite ! <br \/>&nbsp;&nbsp;&nbsp; Beaucoup ne connaissent peut-\u00eatre l&#8217;origan qu&#8217;en raison de son utilisation dans la cuisine, mais il a eu de nombreuses utilisations traditionnelles tout au long de son histoire dans diverses parties du monde. <br \/>&nbsp;&nbsp;&nbsp; De l&#8217;\u00c9gypte ancienne et de la Gr\u00e8ce \u00e0 l&#8217;utilisation en m\u00e9decine traditionnelle chinoise (MTC), l&#8217;huile essentielle d&#8217;Origanum vulgare a \u00e9t\u00e9 utilis\u00e9e de diverses fa\u00e7ons pour soutenir le syst\u00e8me immunitaire, l&#8217;intestin et la sant\u00e9 en g\u00e9n\u00e9ral\u00a0! <br \/>&nbsp;&nbsp;&nbsp; Bien que concentr\u00e9e, notre huile d&#8217;origan est dilu\u00e9e avec de l&#8217;huile d&#8217;olive extra vierge biologique et contient 60% de carvacrol. <br \/>&nbsp;&nbsp;&nbsp; Essayez cette herbe traditionnelle pour soutenir votre sant\u00e9 d\u00e8s aujourd&#8217;hui\u00a0! <\/p>\n<div class=\"facts-container\"> <strong>Faits du suppl\u00e9ment\u00a0:<\/strong><br \/> Portion\u00a0: 5 gouttes (environ 0,15\u00a0ml)<br \/> Portions par conteneur\u00a0: 200<\/p>\n<p> Quantit\u00e9 par portion :<br \/>Origan Bio 34mg <br \/>(Origanum vulgare) Huile de Parties A\u00e9riennes (60% Carvacrol)<\/p>\n<p><strong>Huile d&#8217;Origan Bio Gouttes Liquides Autres Ingr\u00e9dients\u00a0:<\/strong><br \/> Extra Vierge Bio Huile d&#8217;olive et huile de tocoph\u00e9rol mixte.<\/p>\n<p><strong>Huile d&#8217;origan biologique gouttes liquides Utilisation recommand\u00e9e\u00a0:<\/strong><br \/> Bien agiter avant utilisation. Les adultes prennent jusqu&#8217;\u00e0 5 gouttes (0,15 ml) 1 \u00e0 3 fois par jour, ou selon les recommandations d&#8217;un m\u00e9decin ou d&#8217;un professionnel de la sant\u00e9. Il est pr\u00e9f\u00e9rable de le prendre dilu\u00e9 dans de l&#8217;eau, entre les repas.<\/p>\n<p><strong>Avertissements\u00a0:<\/strong><br \/> Conserver dans un endroit frais et sec. Pour aider \u00e0 pr\u00e9server la saveur de l&#8217;huile, nous recommandons la r\u00e9frig\u00e9ration apr\u00e8s ouverture . Tenir hors de port\u00e9e des enfants. Les produits \u00e0 base de plantes peuvent interf\u00e9rer avec certains m\u00e9dicaments ou compliquer les probl\u00e8mes de sant\u00e9. Si vous prenez des m\u00e9dicaments, souffrez de probl\u00e8mes de sant\u00e9, avez moins de 12 ans ou plus de 65 ans, \u00eates enceinte ou allaitez, veuillez consulter un m\u00e9decin ou un professionnel de la sant\u00e9 avant utilisation. <\/div>\n","protected":false},"excerpt":{"rendered":"<p>Gouttes liquides d&#8217;huile d&#8217;origan biologique MaryRuth Organics &#8211; 30 ml. Le saviez-vous\u00a0? L&#8217;origan tire son nom du mot grec &#8220;origanos&#8221;, qui se traduit vaguement par &#8220;joie des montagnes&#8221;. &nbsp;&nbsp;&nbsp; Et on pensait que l&#8217;origan \u00e9tait un tr\u00e9sor de la d\u00e9esse grecque Aphrodite ! &nbsp;&nbsp;&nbsp; Beaucoup ne connaissent peut-\u00eatre l&#8217;origan qu&#8217;en raison de son utilisation dans [&#8230;]\n","protected":false},"featured_media":262425,"comment_status":"open","ping_status":"open","template":"","meta":[],"product_brand":[5254],"product_cat":[5054,5055,5052],"product_tag":[],"class_list":{"0":"post-284744","1":"product","2":"type-product","3":"status-publish","4":"has-post-thumbnail","6":"product_brand-maryruth-organics-2","7":"product_cat-nourriture-saine","8":"product_cat-produits-vegetaliens","9":"product_cat-sante-et-bien-etre","11":"first","12":"instock","13":"taxable","14":"shipping-taxable","15":"purchasable","16":"product-type-simple"},"yoast_head":"<!-- This site is optimized with the Yoast SEO Premium plugin v27.3 (Yoast SEO v27.3) - https:\/\/yoast.com\/product\/yoast-seo-premium-wordpress\/ -->\n<title>Gouttes liquides d&#039;huile d&#039;origan biologique - 30 ml. - ECO Supplements<\/title>\n<meta name=\"description\" content=\"Wij hebben een ruime keuze aan producten van Gouttes liquides d&#039;huile d&#039;origan biologique - 30 ml. . Winkel bij Eco Supplements altijd gratis verzending boven 100\u20ac\" \/>\n<meta name=\"robots\" content=\"index, follow, max-snippet:-1, max-image-preview:large, max-video-preview:-1\" \/>\n<link rel=\"canonical\" href=\"https:\/\/ecosupplements.be\/fr\/produit\/gouttes-liquides-dhuile-dorigan-biologique-30-ml\/\" \/>\n<meta property=\"og:locale\" content=\"fr_FR\" \/>\n<meta property=\"og:type\" content=\"article\" \/>\n<meta property=\"og:title\" content=\"Gouttes liquides d&#039;huile d&#039;origan biologique - 30 ml.\" \/>\n<meta property=\"og:description\" content=\"Wij hebben een ruime keuze aan producten van Gouttes liquides d&#039;huile d&#039;origan biologique - 30 ml. . Winkel bij Eco Supplements altijd gratis verzending boven 100\u20ac\" \/>\n<meta property=\"og:url\" content=\"https:\/\/ecosupplements.be\/fr\/produit\/gouttes-liquides-dhuile-dorigan-biologique-30-ml\/\" \/>\n<meta property=\"og:site_name\" content=\"ECO Supplements\" \/>\n<meta property=\"article:modified_time\" content=\"2025-08-27T12:40:16+00:00\" \/>\n<meta property=\"og:image\" content=\"https:\/\/ecosupplements.be\/wp-content\/uploads\/2025\/08\/Organic-Oil-of-Oregano-Liquid-Drops-30-ml-1.jpg\" \/>\n\t<meta property=\"og:image:width\" content=\"600\" \/>\n\t<meta property=\"og:image:height\" content=\"600\" \/>\n\t<meta property=\"og:image:type\" content=\"image\/jpeg\" \/>\n<meta name=\"twitter:card\" content=\"summary_large_image\" \/>\n<meta name=\"twitter:label1\" content=\"Prix\" \/>\n\t<meta name=\"twitter:data1\" content=\"27.15&nbsp;&euro;\" \/>\n\t<meta name=\"twitter:label2\" content=\"Disponibilit\u00e9\" \/>\n\t<meta name=\"twitter:data2\" content=\"En stock\" \/>\n<script type=\"application\/ld+json\" class=\"yoast-schema-graph\">{\"@context\":\"https:\\\/\\\/schema.org\",\"@graph\":[{\"@type\":[\"WebPage\",\"ItemPage\"],\"@id\":\"https:\\\/\\\/ecosupplements.be\\\/fr\\\/produit\\\/gouttes-liquides-dhuile-dorigan-biologique-30-ml\\\/\",\"url\":\"https:\\\/\\\/ecosupplements.be\\\/fr\\\/produit\\\/gouttes-liquides-dhuile-dorigan-biologique-30-ml\\\/\",\"name\":\"Gouttes liquides d'huile d'origan biologique - 30 ml. - ECO Supplements\",\"isPartOf\":{\"@id\":\"https:\\\/\\\/ecosupplements.be\\\/fr\\\/#website\"},\"primaryImageOfPage\":{\"@id\":\"https:\\\/\\\/ecosupplements.be\\\/fr\\\/produit\\\/gouttes-liquides-dhuile-dorigan-biologique-30-ml\\\/#primaryimage\"},\"image\":{\"@id\":\"https:\\\/\\\/ecosupplements.be\\\/fr\\\/produit\\\/gouttes-liquides-dhuile-dorigan-biologique-30-ml\\\/#primaryimage\"},\"thumbnailUrl\":\"https:\\\/\\\/ecosupplements.be\\\/wp-content\\\/uploads\\\/2025\\\/08\\\/Organic-Oil-of-Oregano-Liquid-Drops-30-ml.jpg\",\"datePublished\":\"2023-02-09T20:15:16+00:00\",\"dateModified\":\"2025-08-27T12:40:16+00:00\",\"description\":\"Wij hebben een ruime keuze aan producten van Gouttes liquides d'huile d'origan biologique - 30 ml. . Winkel bij Eco Supplements altijd gratis verzending boven 100\u20ac\",\"breadcrumb\":{\"@id\":\"https:\\\/\\\/ecosupplements.be\\\/fr\\\/produit\\\/gouttes-liquides-dhuile-dorigan-biologique-30-ml\\\/#breadcrumb\"},\"inLanguage\":\"fr-FR\",\"potentialAction\":[{\"@type\":\"ReadAction\",\"target\":[\"https:\\\/\\\/ecosupplements.be\\\/fr\\\/produit\\\/gouttes-liquides-dhuile-dorigan-biologique-30-ml\\\/\"]}]},{\"@type\":\"ImageObject\",\"inLanguage\":\"fr-FR\",\"@id\":\"https:\\\/\\\/ecosupplements.be\\\/fr\\\/produit\\\/gouttes-liquides-dhuile-dorigan-biologique-30-ml\\\/#primaryimage\",\"url\":\"https:\\\/\\\/ecosupplements.be\\\/wp-content\\\/uploads\\\/2025\\\/08\\\/Organic-Oil-of-Oregano-Liquid-Drops-30-ml.jpg\",\"contentUrl\":\"https:\\\/\\\/ecosupplements.be\\\/wp-content\\\/uploads\\\/2025\\\/08\\\/Organic-Oil-of-Oregano-Liquid-Drops-30-ml.jpg\",\"width\":600,\"height\":600},{\"@type\":\"BreadcrumbList\",\"@id\":\"https:\\\/\\\/ecosupplements.be\\\/fr\\\/produit\\\/gouttes-liquides-dhuile-dorigan-biologique-30-ml\\\/#breadcrumb\",\"itemListElement\":[{\"@type\":\"ListItem\",\"position\":1,\"name\":\"Home\",\"item\":\"https:\\\/\\\/ecosupplements.be\\\/fr\\\/\"},{\"@type\":\"ListItem\",\"position\":2,\"name\":\"Boutique\",\"item\":\"https:\\\/\\\/ecosupplements.be\\\/fr\\\/boutique\\\/\"},{\"@type\":\"ListItem\",\"position\":3,\"name\":\"Gouttes liquides d&#8217;huile d&#8217;origan biologique &#8211; 30 ml.\"}]},{\"@type\":\"WebSite\",\"@id\":\"https:\\\/\\\/ecosupplements.be\\\/fr\\\/#website\",\"url\":\"https:\\\/\\\/ecosupplements.be\\\/fr\\\/\",\"name\":\"ECO Supplements\",\"description\":\"Eco Supplements - Gezonde supplementen\",\"publisher\":{\"@id\":\"https:\\\/\\\/ecosupplements.be\\\/fr\\\/#organization\"},\"potentialAction\":[{\"@type\":\"SearchAction\",\"target\":{\"@type\":\"EntryPoint\",\"urlTemplate\":\"https:\\\/\\\/ecosupplements.be\\\/fr\\\/?s={search_term_string}\"},\"query-input\":{\"@type\":\"PropertyValueSpecification\",\"valueRequired\":true,\"valueName\":\"search_term_string\"}}],\"inLanguage\":\"fr-FR\"},{\"@type\":\"Organization\",\"@id\":\"https:\\\/\\\/ecosupplements.be\\\/fr\\\/#organization\",\"name\":\"Eco Supplements\",\"url\":\"https:\\\/\\\/ecosupplements.be\\\/fr\\\/\",\"logo\":{\"@type\":\"ImageObject\",\"inLanguage\":\"fr-FR\",\"@id\":\"https:\\\/\\\/ecosupplements.be\\\/fr\\\/#\\\/schema\\\/logo\\\/image\\\/\",\"url\":\"https:\\\/\\\/ecosupplements.be\\\/wp-content\\\/uploads\\\/2022\\\/06\\\/ecosupplement-family.png\",\"contentUrl\":\"https:\\\/\\\/ecosupplements.be\\\/wp-content\\\/uploads\\\/2022\\\/06\\\/ecosupplement-family.png\",\"width\":593,\"height\":374,\"caption\":\"Eco Supplements\"},\"image\":{\"@id\":\"https:\\\/\\\/ecosupplements.be\\\/fr\\\/#\\\/schema\\\/logo\\\/image\\\/\"}}]}<\/script>\n<meta property=\"product:brand\" content=\"MaryRuth Organics\" \/>\n<meta property=\"product:price:amount\" content=\"27.15\" \/>\n<meta property=\"product:price:currency\" content=\"EUR\" \/>\n<meta property=\"og:availability\" content=\"instock\" \/>\n<meta property=\"product:availability\" content=\"instock\" \/>\n<meta property=\"product:retailer_item_id\" content=\"850018471725\" \/>\n<meta property=\"product:condition\" content=\"new\" \/>\n<!-- \/ Yoast SEO Premium plugin. -->","yoast_head_json":{"title":"Gouttes liquides d'huile d'origan biologique - 30 ml. - ECO Supplements","description":"Wij hebben een ruime keuze aan producten van Gouttes liquides d'huile d'origan biologique - 30 ml. . Winkel bij Eco Supplements altijd gratis verzending boven 100\u20ac","robots":{"index":"index","follow":"follow","max-snippet":"max-snippet:-1","max-image-preview":"max-image-preview:large","max-video-preview":"max-video-preview:-1"},"canonical":"https:\/\/ecosupplements.be\/fr\/produit\/gouttes-liquides-dhuile-dorigan-biologique-30-ml\/","og_locale":"fr_FR","og_type":"article","og_title":"Gouttes liquides d'huile d'origan biologique - 30 ml.","og_description":"Wij hebben een ruime keuze aan producten van Gouttes liquides d'huile d'origan biologique - 30 ml. . Winkel bij Eco Supplements altijd gratis verzending boven 100\u20ac","og_url":"https:\/\/ecosupplements.be\/fr\/produit\/gouttes-liquides-dhuile-dorigan-biologique-30-ml\/","og_site_name":"ECO Supplements","article_modified_time":"2025-08-27T12:40:16+00:00","og_image":[{"width":600,"height":600,"url":"https:\/\/ecosupplements.be\/wp-content\/uploads\/2025\/08\/Organic-Oil-of-Oregano-Liquid-Drops-30-ml-1.jpg","type":"image\/jpeg"}],"twitter_card":"summary_large_image","twitter_misc":{"Prix":"27.15&nbsp;&euro;","Disponibilit\u00e9":"En stock"},"schema":{"@context":"https:\/\/schema.org","@graph":[{"@type":["WebPage","ItemPage"],"@id":"https:\/\/ecosupplements.be\/fr\/produit\/gouttes-liquides-dhuile-dorigan-biologique-30-ml\/","url":"https:\/\/ecosupplements.be\/fr\/produit\/gouttes-liquides-dhuile-dorigan-biologique-30-ml\/","name":"Gouttes liquides d'huile d'origan biologique - 30 ml. - ECO Supplements","isPartOf":{"@id":"https:\/\/ecosupplements.be\/fr\/#website"},"primaryImageOfPage":{"@id":"https:\/\/ecosupplements.be\/fr\/produit\/gouttes-liquides-dhuile-dorigan-biologique-30-ml\/#primaryimage"},"image":{"@id":"https:\/\/ecosupplements.be\/fr\/produit\/gouttes-liquides-dhuile-dorigan-biologique-30-ml\/#primaryimage"},"thumbnailUrl":"https:\/\/ecosupplements.be\/wp-content\/uploads\/2025\/08\/Organic-Oil-of-Oregano-Liquid-Drops-30-ml.jpg","datePublished":"2023-02-09T20:15:16+00:00","dateModified":"2025-08-27T12:40:16+00:00","description":"Wij hebben een ruime keuze aan producten van Gouttes liquides d'huile d'origan biologique - 30 ml. . Winkel bij Eco Supplements altijd gratis verzending boven 100\u20ac","breadcrumb":{"@id":"https:\/\/ecosupplements.be\/fr\/produit\/gouttes-liquides-dhuile-dorigan-biologique-30-ml\/#breadcrumb"},"inLanguage":"fr-FR","potentialAction":[{"@type":"ReadAction","target":["https:\/\/ecosupplements.be\/fr\/produit\/gouttes-liquides-dhuile-dorigan-biologique-30-ml\/"]}]},{"@type":"ImageObject","inLanguage":"fr-FR","@id":"https:\/\/ecosupplements.be\/fr\/produit\/gouttes-liquides-dhuile-dorigan-biologique-30-ml\/#primaryimage","url":"https:\/\/ecosupplements.be\/wp-content\/uploads\/2025\/08\/Organic-Oil-of-Oregano-Liquid-Drops-30-ml.jpg","contentUrl":"https:\/\/ecosupplements.be\/wp-content\/uploads\/2025\/08\/Organic-Oil-of-Oregano-Liquid-Drops-30-ml.jpg","width":600,"height":600},{"@type":"BreadcrumbList","@id":"https:\/\/ecosupplements.be\/fr\/produit\/gouttes-liquides-dhuile-dorigan-biologique-30-ml\/#breadcrumb","itemListElement":[{"@type":"ListItem","position":1,"name":"Home","item":"https:\/\/ecosupplements.be\/fr\/"},{"@type":"ListItem","position":2,"name":"Boutique","item":"https:\/\/ecosupplements.be\/fr\/boutique\/"},{"@type":"ListItem","position":3,"name":"Gouttes liquides d&#8217;huile d&#8217;origan biologique &#8211; 30 ml."}]},{"@type":"WebSite","@id":"https:\/\/ecosupplements.be\/fr\/#website","url":"https:\/\/ecosupplements.be\/fr\/","name":"ECO Supplements","description":"Eco Supplements - Gezonde supplementen","publisher":{"@id":"https:\/\/ecosupplements.be\/fr\/#organization"},"potentialAction":[{"@type":"SearchAction","target":{"@type":"EntryPoint","urlTemplate":"https:\/\/ecosupplements.be\/fr\/?s={search_term_string}"},"query-input":{"@type":"PropertyValueSpecification","valueRequired":true,"valueName":"search_term_string"}}],"inLanguage":"fr-FR"},{"@type":"Organization","@id":"https:\/\/ecosupplements.be\/fr\/#organization","name":"Eco Supplements","url":"https:\/\/ecosupplements.be\/fr\/","logo":{"@type":"ImageObject","inLanguage":"fr-FR","@id":"https:\/\/ecosupplements.be\/fr\/#\/schema\/logo\/image\/","url":"https:\/\/ecosupplements.be\/wp-content\/uploads\/2022\/06\/ecosupplement-family.png","contentUrl":"https:\/\/ecosupplements.be\/wp-content\/uploads\/2022\/06\/ecosupplement-family.png","width":593,"height":374,"caption":"Eco Supplements"},"image":{"@id":"https:\/\/ecosupplements.be\/fr\/#\/schema\/logo\/image\/"}}]},"product_brand":"MaryRuth Organics","product_price_amount":"27.15","product_price_currency":"EUR","og_availability":"instock","product_availability":"instock","product_retailer_item_id":"850018471725","product_condition":"new"},"_links":{"self":[{"href":"https:\/\/ecosupplements.be\/fr\/wp-json\/wp\/v2\/product\/284744","targetHints":{"allow":["GET"]}}],"collection":[{"href":"https:\/\/ecosupplements.be\/fr\/wp-json\/wp\/v2\/product"}],"about":[{"href":"https:\/\/ecosupplements.be\/fr\/wp-json\/wp\/v2\/types\/product"}],"replies":[{"embeddable":true,"href":"https:\/\/ecosupplements.be\/fr\/wp-json\/wp\/v2\/comments?post=284744"}],"wp:featuredmedia":[{"embeddable":true,"href":"https:\/\/ecosupplements.be\/fr\/wp-json\/wp\/v2\/media\/262425"}],"wp:attachment":[{"href":"https:\/\/ecosupplements.be\/fr\/wp-json\/wp\/v2\/media?parent=284744"}],"wp:term":[{"taxonomy":"product_brand","embeddable":true,"href":"https:\/\/ecosupplements.be\/fr\/wp-json\/wp\/v2\/product_brand?post=284744"},{"taxonomy":"product_cat","embeddable":true,"href":"https:\/\/ecosupplements.be\/fr\/wp-json\/wp\/v2\/product_cat?post=284744"},{"taxonomy":"product_tag","embeddable":true,"href":"https:\/\/ecosupplements.be\/fr\/wp-json\/wp\/v2\/product_tag?post=284744"}],"curies":[{"name":"wp","href":"https:\/\/api.w.org\/{rel}","templated":true}]}}