{"id":284771,"date":"2023-02-09T21:15:16","date_gmt":"2023-02-09T20:15:16","guid":{"rendered":"https:\/\/ecosupplements.be\/product\/gouttes-liquides-de-vitamine-d3k2-bio-pour-tout-petits-30-ml\/"},"modified":"2025-08-27T13:40:41","modified_gmt":"2025-08-27T12:40:41","slug":"gouttes-liquides-de-vitamine-d3k2-bio-pour-tout-petits-30-ml","status":"publish","type":"product","link":"https:\/\/ecosupplements.be\/fr\/produit\/gouttes-liquides-de-vitamine-d3k2-bio-pour-tout-petits-30-ml\/","title":{"rendered":"Gouttes liquides de vitamine D3+K2 bio pour tout-petits &#8211; 30 ml."},"content":{"rendered":"<h2>Gouttes liquides de vitamine D3+K2 pour tout-petits biologiques MaryRuth Organics &#8211; 30 ml.<\/h2>\n<p> La plupart des gens connaissent l&#8217;importance du calcium pour la croissance des os des tout-petits, mais les vitamines D et K2 sont \u00e9galement vitales pour la sant\u00e9 des os. comme une bonne absorption du calcium\u00a0! <br \/>La vitamine D est b\u00e9n\u00e9fique car elle facilite l&#8217;absorption du calcium et du phosphore par l&#8217;organisme et soutient la fonction immunitaire. <br \/>La vitamine K2 est \u00e9galement cruciale pour la solidit\u00e9 des os et la sant\u00e9 art\u00e9rielle en activant les prot\u00e9ines qui favorisent une bonne utilisation du calcium. <br \/>Et, saviez-vous que notre vitamine D3 (sous forme de chol\u00e9calcif\u00e9rol) est la m\u00eame forme de cette vitamine que le corps de votre enfant (et votre) produit naturellement lorsqu&#8217;il est expos\u00e9 au soleil\u00a0? <br \/>Soutenez la sant\u00e9 osseuse et la sant\u00e9 globale de votre tout-petit avec ces gouttes liquides sans saveur. <\/p>\n<div class=\"facts-container\"> <\/div>\n<p>Ingr\u00e9dients : Vitamine K2 (sous forme de m\u00e9naquinone-7), Vitamine D3 (sous forme de chol\u00e9calcif\u00e9rol) Autres ingr\u00e9dients : Huile d&#8217;olive biologique Utilisation recommand\u00e9e : Ce produit a \u00e9t\u00e9 formul\u00e9 pour les tout-petits \u00e2g\u00e9s de 1 \u00e0 3 ans. Bien agiter avant de servir. Une fois par jour, versez jusqu&#8217;\u00e0 1 ml (environ 1 pompe**) directement dans la bouche de votre tout-petit, ou ajoutez-le \u00e0 de la nourriture ou \u00e0 une boisson. Veuillez \u00e9viter tout contact direct du compte-gouttes avec la peau ou la bouche afin d&#8217;\u00e9viter la contamination du produit et l&#8217;endommagement du compte-gouttes. **1 pompe = 2\/3 compte-gouttes Avertissements : Tenir hors de port\u00e9e des enfants. Les produits \u00e0 base de plantes peuvent interf\u00e9rer avec certains m\u00e9dicaments ou compliquer les probl\u00e8mes de sant\u00e9. Si vous prenez des m\u00e9dicaments, souffrez de probl\u00e8mes de sant\u00e9, avez moins de 12 ans ou plus de 65 ans, \u00eates enceinte ou allaitez, veuillez consulter un m\u00e9decin ou un professionnel de la sant\u00e9 avant utilisation.<\/p>\n","protected":false},"excerpt":{"rendered":"<p>Gouttes liquides de vitamine D3+K2 pour tout-petits biologiques MaryRuth Organics &#8211; 30 ml. La plupart des gens connaissent l&#8217;importance du calcium pour la croissance des os des tout-petits, mais les vitamines D et K2 sont \u00e9galement vitales pour la sant\u00e9 des os. comme une bonne absorption du calcium\u00a0! La vitamine D est b\u00e9n\u00e9fique car elle [&#8230;]\n","protected":false},"featured_media":262452,"comment_status":"open","ping_status":"open","template":"","meta":[],"product_brand":[5254],"product_cat":[5052,5255],"product_tag":[],"class_list":{"0":"post-284771","1":"product","2":"type-product","3":"status-publish","4":"has-post-thumbnail","6":"product_brand-maryruth-organics-2","7":"product_cat-sante-et-bien-etre","8":"product_cat-vitamines-mineraux","10":"first","11":"instock","12":"taxable","13":"shipping-taxable","14":"purchasable","15":"product-type-simple"},"yoast_head":"<!-- This site is optimized with the Yoast SEO Premium plugin v27.3 (Yoast SEO v27.3) - https:\/\/yoast.com\/product\/yoast-seo-premium-wordpress\/ -->\n<title>Gouttes liquides de vitamine D3+K2 bio pour tout-petits - 30 ml. - ECO Supplements<\/title>\n<meta name=\"description\" content=\"Wij hebben een ruime keuze aan producten van Gouttes liquides de vitamine D3+K2 bio pour tout-petits - 30 ml. . Winkel bij Eco Supplements altijd gratis verzending boven 100\u20ac\" \/>\n<meta name=\"robots\" content=\"index, follow, max-snippet:-1, max-image-preview:large, max-video-preview:-1\" \/>\n<link rel=\"canonical\" href=\"https:\/\/ecosupplements.be\/fr\/produit\/gouttes-liquides-de-vitamine-d3k2-bio-pour-tout-petits-30-ml\/\" \/>\n<meta property=\"og:locale\" content=\"fr_FR\" \/>\n<meta property=\"og:type\" content=\"article\" \/>\n<meta property=\"og:title\" content=\"Gouttes liquides de vitamine D3+K2 bio pour tout-petits - 30 ml.\" \/>\n<meta property=\"og:description\" content=\"Wij hebben een ruime keuze aan producten van Gouttes liquides de vitamine D3+K2 bio pour tout-petits - 30 ml. . Winkel bij Eco Supplements altijd gratis verzending boven 100\u20ac\" \/>\n<meta property=\"og:url\" content=\"https:\/\/ecosupplements.be\/fr\/produit\/gouttes-liquides-de-vitamine-d3k2-bio-pour-tout-petits-30-ml\/\" \/>\n<meta property=\"og:site_name\" content=\"ECO Supplements\" \/>\n<meta property=\"article:modified_time\" content=\"2025-08-27T12:40:41+00:00\" \/>\n<meta property=\"og:image\" content=\"https:\/\/ecosupplements.be\/wp-content\/uploads\/2025\/08\/Organic-Toddler-Vitamin-D3K2-Liquid-Drops-30-ml-1.jpg\" \/>\n\t<meta property=\"og:image:width\" content=\"600\" \/>\n\t<meta property=\"og:image:height\" content=\"600\" \/>\n\t<meta property=\"og:image:type\" content=\"image\/jpeg\" \/>\n<meta name=\"twitter:card\" content=\"summary_large_image\" \/>\n<meta name=\"twitter:label1\" content=\"Prix\" \/>\n\t<meta name=\"twitter:data1\" content=\"33.87&nbsp;&euro;\" \/>\n\t<meta name=\"twitter:label2\" content=\"Disponibilit\u00e9\" \/>\n\t<meta name=\"twitter:data2\" content=\"En stock\" \/>\n<script type=\"application\/ld+json\" class=\"yoast-schema-graph\">{\"@context\":\"https:\\\/\\\/schema.org\",\"@graph\":[{\"@type\":[\"WebPage\",\"ItemPage\"],\"@id\":\"https:\\\/\\\/ecosupplements.be\\\/fr\\\/produit\\\/gouttes-liquides-de-vitamine-d3k2-bio-pour-tout-petits-30-ml\\\/\",\"url\":\"https:\\\/\\\/ecosupplements.be\\\/fr\\\/produit\\\/gouttes-liquides-de-vitamine-d3k2-bio-pour-tout-petits-30-ml\\\/\",\"name\":\"Gouttes liquides de vitamine D3+K2 bio pour tout-petits - 30 ml. - ECO Supplements\",\"isPartOf\":{\"@id\":\"https:\\\/\\\/ecosupplements.be\\\/fr\\\/#website\"},\"primaryImageOfPage\":{\"@id\":\"https:\\\/\\\/ecosupplements.be\\\/fr\\\/produit\\\/gouttes-liquides-de-vitamine-d3k2-bio-pour-tout-petits-30-ml\\\/#primaryimage\"},\"image\":{\"@id\":\"https:\\\/\\\/ecosupplements.be\\\/fr\\\/produit\\\/gouttes-liquides-de-vitamine-d3k2-bio-pour-tout-petits-30-ml\\\/#primaryimage\"},\"thumbnailUrl\":\"https:\\\/\\\/ecosupplements.be\\\/wp-content\\\/uploads\\\/2025\\\/08\\\/Organic-Toddler-Vitamin-D3K2-Liquid-Drops-30-ml.jpg\",\"datePublished\":\"2023-02-09T20:15:16+00:00\",\"dateModified\":\"2025-08-27T12:40:41+00:00\",\"description\":\"Wij hebben een ruime keuze aan producten van Gouttes liquides de vitamine D3+K2 bio pour tout-petits - 30 ml. . Winkel bij Eco Supplements altijd gratis verzending boven 100\u20ac\",\"breadcrumb\":{\"@id\":\"https:\\\/\\\/ecosupplements.be\\\/fr\\\/produit\\\/gouttes-liquides-de-vitamine-d3k2-bio-pour-tout-petits-30-ml\\\/#breadcrumb\"},\"inLanguage\":\"fr-FR\",\"potentialAction\":[{\"@type\":\"ReadAction\",\"target\":[\"https:\\\/\\\/ecosupplements.be\\\/fr\\\/produit\\\/gouttes-liquides-de-vitamine-d3k2-bio-pour-tout-petits-30-ml\\\/\"]}]},{\"@type\":\"ImageObject\",\"inLanguage\":\"fr-FR\",\"@id\":\"https:\\\/\\\/ecosupplements.be\\\/fr\\\/produit\\\/gouttes-liquides-de-vitamine-d3k2-bio-pour-tout-petits-30-ml\\\/#primaryimage\",\"url\":\"https:\\\/\\\/ecosupplements.be\\\/wp-content\\\/uploads\\\/2025\\\/08\\\/Organic-Toddler-Vitamin-D3K2-Liquid-Drops-30-ml.jpg\",\"contentUrl\":\"https:\\\/\\\/ecosupplements.be\\\/wp-content\\\/uploads\\\/2025\\\/08\\\/Organic-Toddler-Vitamin-D3K2-Liquid-Drops-30-ml.jpg\",\"width\":600,\"height\":600},{\"@type\":\"BreadcrumbList\",\"@id\":\"https:\\\/\\\/ecosupplements.be\\\/fr\\\/produit\\\/gouttes-liquides-de-vitamine-d3k2-bio-pour-tout-petits-30-ml\\\/#breadcrumb\",\"itemListElement\":[{\"@type\":\"ListItem\",\"position\":1,\"name\":\"Home\",\"item\":\"https:\\\/\\\/ecosupplements.be\\\/fr\\\/\"},{\"@type\":\"ListItem\",\"position\":2,\"name\":\"Boutique\",\"item\":\"https:\\\/\\\/ecosupplements.be\\\/fr\\\/boutique\\\/\"},{\"@type\":\"ListItem\",\"position\":3,\"name\":\"Gouttes liquides de vitamine D3+K2 bio pour tout-petits &#8211; 30 ml.\"}]},{\"@type\":\"WebSite\",\"@id\":\"https:\\\/\\\/ecosupplements.be\\\/fr\\\/#website\",\"url\":\"https:\\\/\\\/ecosupplements.be\\\/fr\\\/\",\"name\":\"ECO Supplements\",\"description\":\"Eco Supplements - Gezonde supplementen\",\"publisher\":{\"@id\":\"https:\\\/\\\/ecosupplements.be\\\/fr\\\/#organization\"},\"potentialAction\":[{\"@type\":\"SearchAction\",\"target\":{\"@type\":\"EntryPoint\",\"urlTemplate\":\"https:\\\/\\\/ecosupplements.be\\\/fr\\\/?s={search_term_string}\"},\"query-input\":{\"@type\":\"PropertyValueSpecification\",\"valueRequired\":true,\"valueName\":\"search_term_string\"}}],\"inLanguage\":\"fr-FR\"},{\"@type\":\"Organization\",\"@id\":\"https:\\\/\\\/ecosupplements.be\\\/fr\\\/#organization\",\"name\":\"Eco Supplements\",\"url\":\"https:\\\/\\\/ecosupplements.be\\\/fr\\\/\",\"logo\":{\"@type\":\"ImageObject\",\"inLanguage\":\"fr-FR\",\"@id\":\"https:\\\/\\\/ecosupplements.be\\\/fr\\\/#\\\/schema\\\/logo\\\/image\\\/\",\"url\":\"https:\\\/\\\/ecosupplements.be\\\/wp-content\\\/uploads\\\/2022\\\/06\\\/ecosupplement-family.png\",\"contentUrl\":\"https:\\\/\\\/ecosupplements.be\\\/wp-content\\\/uploads\\\/2022\\\/06\\\/ecosupplement-family.png\",\"width\":593,\"height\":374,\"caption\":\"Eco Supplements\"},\"image\":{\"@id\":\"https:\\\/\\\/ecosupplements.be\\\/fr\\\/#\\\/schema\\\/logo\\\/image\\\/\"}}]}<\/script>\n<meta property=\"product:brand\" content=\"MaryRuth Organics\" \/>\n<meta property=\"product:price:amount\" content=\"33.87\" \/>\n<meta property=\"product:price:currency\" content=\"EUR\" \/>\n<meta property=\"og:availability\" content=\"instock\" \/>\n<meta property=\"product:availability\" content=\"instock\" \/>\n<meta property=\"product:retailer_item_id\" content=\"850018471404\" \/>\n<meta property=\"product:condition\" content=\"new\" \/>\n<!-- \/ Yoast SEO Premium plugin. -->","yoast_head_json":{"title":"Gouttes liquides de vitamine D3+K2 bio pour tout-petits - 30 ml. - ECO Supplements","description":"Wij hebben een ruime keuze aan producten van Gouttes liquides de vitamine D3+K2 bio pour tout-petits - 30 ml. . Winkel bij Eco Supplements altijd gratis verzending boven 100\u20ac","robots":{"index":"index","follow":"follow","max-snippet":"max-snippet:-1","max-image-preview":"max-image-preview:large","max-video-preview":"max-video-preview:-1"},"canonical":"https:\/\/ecosupplements.be\/fr\/produit\/gouttes-liquides-de-vitamine-d3k2-bio-pour-tout-petits-30-ml\/","og_locale":"fr_FR","og_type":"article","og_title":"Gouttes liquides de vitamine D3+K2 bio pour tout-petits - 30 ml.","og_description":"Wij hebben een ruime keuze aan producten van Gouttes liquides de vitamine D3+K2 bio pour tout-petits - 30 ml. . Winkel bij Eco Supplements altijd gratis verzending boven 100\u20ac","og_url":"https:\/\/ecosupplements.be\/fr\/produit\/gouttes-liquides-de-vitamine-d3k2-bio-pour-tout-petits-30-ml\/","og_site_name":"ECO Supplements","article_modified_time":"2025-08-27T12:40:41+00:00","og_image":[{"width":600,"height":600,"url":"https:\/\/ecosupplements.be\/wp-content\/uploads\/2025\/08\/Organic-Toddler-Vitamin-D3K2-Liquid-Drops-30-ml-1.jpg","type":"image\/jpeg"}],"twitter_card":"summary_large_image","twitter_misc":{"Prix":"33.87&nbsp;&euro;","Disponibilit\u00e9":"En stock"},"schema":{"@context":"https:\/\/schema.org","@graph":[{"@type":["WebPage","ItemPage"],"@id":"https:\/\/ecosupplements.be\/fr\/produit\/gouttes-liquides-de-vitamine-d3k2-bio-pour-tout-petits-30-ml\/","url":"https:\/\/ecosupplements.be\/fr\/produit\/gouttes-liquides-de-vitamine-d3k2-bio-pour-tout-petits-30-ml\/","name":"Gouttes liquides de vitamine D3+K2 bio pour tout-petits - 30 ml. - ECO Supplements","isPartOf":{"@id":"https:\/\/ecosupplements.be\/fr\/#website"},"primaryImageOfPage":{"@id":"https:\/\/ecosupplements.be\/fr\/produit\/gouttes-liquides-de-vitamine-d3k2-bio-pour-tout-petits-30-ml\/#primaryimage"},"image":{"@id":"https:\/\/ecosupplements.be\/fr\/produit\/gouttes-liquides-de-vitamine-d3k2-bio-pour-tout-petits-30-ml\/#primaryimage"},"thumbnailUrl":"https:\/\/ecosupplements.be\/wp-content\/uploads\/2025\/08\/Organic-Toddler-Vitamin-D3K2-Liquid-Drops-30-ml.jpg","datePublished":"2023-02-09T20:15:16+00:00","dateModified":"2025-08-27T12:40:41+00:00","description":"Wij hebben een ruime keuze aan producten van Gouttes liquides de vitamine D3+K2 bio pour tout-petits - 30 ml. . Winkel bij Eco Supplements altijd gratis verzending boven 100\u20ac","breadcrumb":{"@id":"https:\/\/ecosupplements.be\/fr\/produit\/gouttes-liquides-de-vitamine-d3k2-bio-pour-tout-petits-30-ml\/#breadcrumb"},"inLanguage":"fr-FR","potentialAction":[{"@type":"ReadAction","target":["https:\/\/ecosupplements.be\/fr\/produit\/gouttes-liquides-de-vitamine-d3k2-bio-pour-tout-petits-30-ml\/"]}]},{"@type":"ImageObject","inLanguage":"fr-FR","@id":"https:\/\/ecosupplements.be\/fr\/produit\/gouttes-liquides-de-vitamine-d3k2-bio-pour-tout-petits-30-ml\/#primaryimage","url":"https:\/\/ecosupplements.be\/wp-content\/uploads\/2025\/08\/Organic-Toddler-Vitamin-D3K2-Liquid-Drops-30-ml.jpg","contentUrl":"https:\/\/ecosupplements.be\/wp-content\/uploads\/2025\/08\/Organic-Toddler-Vitamin-D3K2-Liquid-Drops-30-ml.jpg","width":600,"height":600},{"@type":"BreadcrumbList","@id":"https:\/\/ecosupplements.be\/fr\/produit\/gouttes-liquides-de-vitamine-d3k2-bio-pour-tout-petits-30-ml\/#breadcrumb","itemListElement":[{"@type":"ListItem","position":1,"name":"Home","item":"https:\/\/ecosupplements.be\/fr\/"},{"@type":"ListItem","position":2,"name":"Boutique","item":"https:\/\/ecosupplements.be\/fr\/boutique\/"},{"@type":"ListItem","position":3,"name":"Gouttes liquides de vitamine D3+K2 bio pour tout-petits &#8211; 30 ml."}]},{"@type":"WebSite","@id":"https:\/\/ecosupplements.be\/fr\/#website","url":"https:\/\/ecosupplements.be\/fr\/","name":"ECO Supplements","description":"Eco Supplements - Gezonde supplementen","publisher":{"@id":"https:\/\/ecosupplements.be\/fr\/#organization"},"potentialAction":[{"@type":"SearchAction","target":{"@type":"EntryPoint","urlTemplate":"https:\/\/ecosupplements.be\/fr\/?s={search_term_string}"},"query-input":{"@type":"PropertyValueSpecification","valueRequired":true,"valueName":"search_term_string"}}],"inLanguage":"fr-FR"},{"@type":"Organization","@id":"https:\/\/ecosupplements.be\/fr\/#organization","name":"Eco Supplements","url":"https:\/\/ecosupplements.be\/fr\/","logo":{"@type":"ImageObject","inLanguage":"fr-FR","@id":"https:\/\/ecosupplements.be\/fr\/#\/schema\/logo\/image\/","url":"https:\/\/ecosupplements.be\/wp-content\/uploads\/2022\/06\/ecosupplement-family.png","contentUrl":"https:\/\/ecosupplements.be\/wp-content\/uploads\/2022\/06\/ecosupplement-family.png","width":593,"height":374,"caption":"Eco Supplements"},"image":{"@id":"https:\/\/ecosupplements.be\/fr\/#\/schema\/logo\/image\/"}}]},"product_brand":"MaryRuth Organics","product_price_amount":"33.87","product_price_currency":"EUR","og_availability":"instock","product_availability":"instock","product_retailer_item_id":"850018471404","product_condition":"new"},"_links":{"self":[{"href":"https:\/\/ecosupplements.be\/fr\/wp-json\/wp\/v2\/product\/284771","targetHints":{"allow":["GET"]}}],"collection":[{"href":"https:\/\/ecosupplements.be\/fr\/wp-json\/wp\/v2\/product"}],"about":[{"href":"https:\/\/ecosupplements.be\/fr\/wp-json\/wp\/v2\/types\/product"}],"replies":[{"embeddable":true,"href":"https:\/\/ecosupplements.be\/fr\/wp-json\/wp\/v2\/comments?post=284771"}],"wp:featuredmedia":[{"embeddable":true,"href":"https:\/\/ecosupplements.be\/fr\/wp-json\/wp\/v2\/media\/262452"}],"wp:attachment":[{"href":"https:\/\/ecosupplements.be\/fr\/wp-json\/wp\/v2\/media?parent=284771"}],"wp:term":[{"taxonomy":"product_brand","embeddable":true,"href":"https:\/\/ecosupplements.be\/fr\/wp-json\/wp\/v2\/product_brand?post=284771"},{"taxonomy":"product_cat","embeddable":true,"href":"https:\/\/ecosupplements.be\/fr\/wp-json\/wp\/v2\/product_cat?post=284771"},{"taxonomy":"product_tag","embeddable":true,"href":"https:\/\/ecosupplements.be\/fr\/wp-json\/wp\/v2\/product_tag?post=284771"}],"curies":[{"name":"wp","href":"https:\/\/api.w.org\/{rel}","templated":true}]}}