{"id":284774,"date":"2023-02-09T21:15:16","date_gmt":"2023-02-09T20:15:16","guid":{"rendered":"https:\/\/ecosupplements.be\/product\/gouttes-liquides-or-curcuma-bio-30-ml\/"},"modified":"2025-08-27T13:40:44","modified_gmt":"2025-08-27T12:40:44","slug":"gouttes-liquides-or-curcuma-bio-30-ml","status":"publish","type":"product","link":"https:\/\/ecosupplements.be\/fr\/produit\/gouttes-liquides-or-curcuma-bio-30-ml\/","title":{"rendered":"Gouttes Liquides Or Curcuma Bio &#8211; 30 ml."},"content":{"rendered":"<h2>Gouttes liquides d&#8217;or de curcuma bio MaryRuth Organics &#8211; 30 ml.<\/h2>\n<p> La racine de curcuma (Curcuma longa) est une \u00e9pice reconnue depuis des si\u00e8cles pour ses nombreuses utilisations traditionnelles et, ces derni\u00e8res ann\u00e9es, il a \u00e9galement \u00e9t\u00e9 d\u00e9montr\u00e9 qu&#8217;elle soutenir le syst\u00e8me immunitaire. <br \/>&nbsp;&nbsp;&nbsp; Et, bien que la curcumine, le principal compos\u00e9 pr\u00e9sent dans le curcuma, puisse \u00eatre un ingr\u00e9dient notoirement difficile \u00e0 absorber, la pip\u00e9rine, l&#8217;ingr\u00e9dient actif de la graine de poivre noir (Piper nigrum), peut favoriser la biodisponibilit\u00e9 et donc l&#8217;absorption de la curcumine. <br \/>&nbsp;&nbsp;&nbsp; Nous avons \u00e9galement inclus l&#8217;\u00e9corce de cannelle de Cassia (Cinnamomum cassia) &#8211; la cannelle la plus couramment utilis\u00e9e que vous pouvez d\u00e9j\u00e0 appr\u00e9cier dans votre caf\u00e9, votre th\u00e9 ou vos produits de boulangerie &#8211; qui a \u00e9t\u00e9 un aliment de base de la m\u00e9decine traditionnelle chinoise (TCM) pour une myriade d&#8217;objectifs ! <br \/>&nbsp;&nbsp;&nbsp; Enfin, ce m\u00e9lange contient de la racine de gingembre (Zingiber officinale) qui peut favoriser la digestion, et de la feuille de romarin (Rosmarinus officinalis) &amp; Feuille de sauge (Salvia officinalis) qui a des propri\u00e9t\u00e9s neuroprotectrices et peut favoriser votre sant\u00e9 globale. <\/p>\n<div class=\"facts-container\"> <\/div>\n<p>Ingr\u00e9dients : M\u00e9lange de propri\u00e9t\u00e9s biologiques (racine de curcuma, graine de poivre noir, \u00e9corce de casse, racine de gingembre, feuille de romarin, feuille de sauge) Autres ingr\u00e9dients : glyc\u00e9rine v\u00e9g\u00e9tale biologique et eau purifi\u00e9e Utilisation recommand\u00e9e : bien agiter avant utilisation. Prendre jusqu&#8217;\u00e0 30 gouttes (1 ml) 1 \u00e0 3 fois par jour, ou selon les recommandations d&#8217;un m\u00e9decin ou d&#8217;un professionnel de la sant\u00e9. Peut \u00eatre pris directement par la bouche ou ajout\u00e9 \u00e0 de l&#8217;eau ou du jus. Veuillez \u00e9viter tout contact direct du compte-gouttes avec la peau ou la bouche afin d&#8217;\u00e9viter la contamination du produit et l&#8217;endommagement du compte-gouttes. Juste un avertissement\u00a0: le curcuma est un colorant naturel et, en tant que tel, le pigment naturel jaune-or du curcuma peut tacher\u00a0! Assurez-vous d&#8217;\u00eatre prudent lorsque vous prenez ce produit afin de pr\u00e9server vos v\u00eatements et votre environnement! Avertissements\u00a0: Conserver dans un endroit frais et sec. Pour aider \u00e0 pr\u00e9server la saveur de l&#8217;huile, nous vous recommandons de r\u00e9frig\u00e9rer apr\u00e8s ouverture. Tenir hors de port\u00e9e des enfants. Les produits \u00e0 base de plantes peuvent interf\u00e9rer avec certains m\u00e9dicaments ou compliquer les probl\u00e8mes de sant\u00e9. Si vous prenez des m\u00e9dicaments, souffrez de probl\u00e8mes de sant\u00e9, avez moins de 12 ans ou plus de 65 ans, \u00eates enceinte ou allaitez, veuillez consulter un m\u00e9decin ou un professionnel de la sant\u00e9 avant utilisation.<\/p>\n","protected":false},"excerpt":{"rendered":"<p>Gouttes liquides d&#8217;or de curcuma bio MaryRuth Organics &#8211; 30 ml. La racine de curcuma (Curcuma longa) est une \u00e9pice reconnue depuis des si\u00e8cles pour ses nombreuses utilisations traditionnelles et, ces derni\u00e8res ann\u00e9es, il a \u00e9galement \u00e9t\u00e9 d\u00e9montr\u00e9 qu&#8217;elle soutenir le syst\u00e8me immunitaire. &nbsp;&nbsp;&nbsp; Et, bien que la curcumine, le principal compos\u00e9 pr\u00e9sent dans le [&#8230;]\n","protected":false},"featured_media":284775,"comment_status":"open","ping_status":"open","template":"","meta":[],"product_brand":[5254],"product_cat":[5054,5055,5052],"product_tag":[],"class_list":{"0":"post-284774","1":"product","2":"type-product","3":"status-publish","4":"has-post-thumbnail","6":"product_brand-maryruth-organics-2","7":"product_cat-nourriture-saine","8":"product_cat-produits-vegetaliens","9":"product_cat-sante-et-bien-etre","11":"first","12":"outofstock","13":"taxable","14":"shipping-taxable","15":"purchasable","16":"product-type-simple"},"yoast_head":"<!-- This site is optimized with the Yoast SEO Premium plugin v27.3 (Yoast SEO v27.3) - https:\/\/yoast.com\/product\/yoast-seo-premium-wordpress\/ -->\n<title>Gouttes Liquides Or Curcuma Bio - 30 ml. - ECO Supplements<\/title>\n<meta name=\"description\" content=\"Wij hebben een ruime keuze aan producten van Gouttes Liquides Or Curcuma Bio - 30 ml. . Winkel bij Eco Supplements altijd gratis verzending boven 100\u20ac\" \/>\n<meta name=\"robots\" content=\"index, follow, max-snippet:-1, max-image-preview:large, max-video-preview:-1\" \/>\n<link rel=\"canonical\" href=\"https:\/\/ecosupplements.be\/fr\/produit\/gouttes-liquides-or-curcuma-bio-30-ml\/\" \/>\n<meta property=\"og:locale\" content=\"fr_FR\" \/>\n<meta property=\"og:type\" content=\"article\" \/>\n<meta property=\"og:title\" content=\"Gouttes Liquides Or Curcuma Bio - 30 ml.\" \/>\n<meta property=\"og:description\" content=\"Wij hebben een ruime keuze aan producten van Gouttes Liquides Or Curcuma Bio - 30 ml. . Winkel bij Eco Supplements altijd gratis verzending boven 100\u20ac\" \/>\n<meta property=\"og:url\" content=\"https:\/\/ecosupplements.be\/fr\/produit\/gouttes-liquides-or-curcuma-bio-30-ml\/\" \/>\n<meta property=\"og:site_name\" content=\"ECO Supplements\" \/>\n<meta property=\"article:modified_time\" content=\"2025-08-27T12:40:44+00:00\" \/>\n<meta property=\"og:image\" content=\"https:\/\/ecosupplements.be\/wp-content\/uploads\/2025\/08\/Organic-Turmeric-Gold-Liquid-Drops-30-ml-1.jpg\" \/>\n\t<meta property=\"og:image:width\" content=\"600\" \/>\n\t<meta property=\"og:image:height\" content=\"600\" \/>\n\t<meta property=\"og:image:type\" content=\"image\/jpeg\" \/>\n<meta name=\"twitter:card\" content=\"summary_large_image\" \/>\n<meta name=\"twitter:label1\" content=\"Prix\" \/>\n\t<meta name=\"twitter:data1\" content=\"32.20&nbsp;&euro;\" \/>\n\t<meta name=\"twitter:label2\" content=\"Disponibilit\u00e9\" \/>\n\t<meta name=\"twitter:data2\" content=\"Rupture de stock\" \/>\n<script type=\"application\/ld+json\" class=\"yoast-schema-graph\">{\"@context\":\"https:\\\/\\\/schema.org\",\"@graph\":[{\"@type\":[\"WebPage\",\"ItemPage\"],\"@id\":\"https:\\\/\\\/ecosupplements.be\\\/fr\\\/produit\\\/gouttes-liquides-or-curcuma-bio-30-ml\\\/\",\"url\":\"https:\\\/\\\/ecosupplements.be\\\/fr\\\/produit\\\/gouttes-liquides-or-curcuma-bio-30-ml\\\/\",\"name\":\"Gouttes Liquides Or Curcuma Bio - 30 ml. - ECO Supplements\",\"isPartOf\":{\"@id\":\"https:\\\/\\\/ecosupplements.be\\\/fr\\\/#website\"},\"primaryImageOfPage\":{\"@id\":\"https:\\\/\\\/ecosupplements.be\\\/fr\\\/produit\\\/gouttes-liquides-or-curcuma-bio-30-ml\\\/#primaryimage\"},\"image\":{\"@id\":\"https:\\\/\\\/ecosupplements.be\\\/fr\\\/produit\\\/gouttes-liquides-or-curcuma-bio-30-ml\\\/#primaryimage\"},\"thumbnailUrl\":\"https:\\\/\\\/ecosupplements.be\\\/wp-content\\\/uploads\\\/2025\\\/08\\\/Organic-Turmeric-Gold-Liquid-Drops-30-ml-1.jpg\",\"datePublished\":\"2023-02-09T20:15:16+00:00\",\"dateModified\":\"2025-08-27T12:40:44+00:00\",\"description\":\"Wij hebben een ruime keuze aan producten van Gouttes Liquides Or Curcuma Bio - 30 ml. . Winkel bij Eco Supplements altijd gratis verzending boven 100\u20ac\",\"breadcrumb\":{\"@id\":\"https:\\\/\\\/ecosupplements.be\\\/fr\\\/produit\\\/gouttes-liquides-or-curcuma-bio-30-ml\\\/#breadcrumb\"},\"inLanguage\":\"fr-FR\",\"potentialAction\":[{\"@type\":\"ReadAction\",\"target\":[\"https:\\\/\\\/ecosupplements.be\\\/fr\\\/produit\\\/gouttes-liquides-or-curcuma-bio-30-ml\\\/\"]}]},{\"@type\":\"ImageObject\",\"inLanguage\":\"fr-FR\",\"@id\":\"https:\\\/\\\/ecosupplements.be\\\/fr\\\/produit\\\/gouttes-liquides-or-curcuma-bio-30-ml\\\/#primaryimage\",\"url\":\"https:\\\/\\\/ecosupplements.be\\\/wp-content\\\/uploads\\\/2025\\\/08\\\/Organic-Turmeric-Gold-Liquid-Drops-30-ml-1.jpg\",\"contentUrl\":\"https:\\\/\\\/ecosupplements.be\\\/wp-content\\\/uploads\\\/2025\\\/08\\\/Organic-Turmeric-Gold-Liquid-Drops-30-ml-1.jpg\",\"width\":600,\"height\":600},{\"@type\":\"BreadcrumbList\",\"@id\":\"https:\\\/\\\/ecosupplements.be\\\/fr\\\/produit\\\/gouttes-liquides-or-curcuma-bio-30-ml\\\/#breadcrumb\",\"itemListElement\":[{\"@type\":\"ListItem\",\"position\":1,\"name\":\"Home\",\"item\":\"https:\\\/\\\/ecosupplements.be\\\/fr\\\/\"},{\"@type\":\"ListItem\",\"position\":2,\"name\":\"Boutique\",\"item\":\"https:\\\/\\\/ecosupplements.be\\\/fr\\\/boutique\\\/\"},{\"@type\":\"ListItem\",\"position\":3,\"name\":\"Gouttes Liquides Or Curcuma Bio &#8211; 30 ml.\"}]},{\"@type\":\"WebSite\",\"@id\":\"https:\\\/\\\/ecosupplements.be\\\/fr\\\/#website\",\"url\":\"https:\\\/\\\/ecosupplements.be\\\/fr\\\/\",\"name\":\"ECO Supplements\",\"description\":\"Eco Supplements - Gezonde supplementen\",\"publisher\":{\"@id\":\"https:\\\/\\\/ecosupplements.be\\\/fr\\\/#organization\"},\"potentialAction\":[{\"@type\":\"SearchAction\",\"target\":{\"@type\":\"EntryPoint\",\"urlTemplate\":\"https:\\\/\\\/ecosupplements.be\\\/fr\\\/?s={search_term_string}\"},\"query-input\":{\"@type\":\"PropertyValueSpecification\",\"valueRequired\":true,\"valueName\":\"search_term_string\"}}],\"inLanguage\":\"fr-FR\"},{\"@type\":\"Organization\",\"@id\":\"https:\\\/\\\/ecosupplements.be\\\/fr\\\/#organization\",\"name\":\"Eco Supplements\",\"url\":\"https:\\\/\\\/ecosupplements.be\\\/fr\\\/\",\"logo\":{\"@type\":\"ImageObject\",\"inLanguage\":\"fr-FR\",\"@id\":\"https:\\\/\\\/ecosupplements.be\\\/fr\\\/#\\\/schema\\\/logo\\\/image\\\/\",\"url\":\"https:\\\/\\\/ecosupplements.be\\\/wp-content\\\/uploads\\\/2022\\\/06\\\/ecosupplement-family.png\",\"contentUrl\":\"https:\\\/\\\/ecosupplements.be\\\/wp-content\\\/uploads\\\/2022\\\/06\\\/ecosupplement-family.png\",\"width\":593,\"height\":374,\"caption\":\"Eco Supplements\"},\"image\":{\"@id\":\"https:\\\/\\\/ecosupplements.be\\\/fr\\\/#\\\/schema\\\/logo\\\/image\\\/\"}}]}<\/script>\n<meta property=\"product:brand\" content=\"MaryRuth Organics\" \/>\n<meta property=\"product:price:amount\" content=\"32.20\" \/>\n<meta property=\"product:price:currency\" content=\"EUR\" \/>\n<meta property=\"og:availability\" content=\"out of stock\" \/>\n<meta property=\"product:availability\" content=\"out of stock\" \/>\n<meta property=\"product:retailer_item_id\" content=\"850018471756\" \/>\n<meta property=\"product:condition\" content=\"new\" \/>\n<!-- \/ Yoast SEO Premium plugin. -->","yoast_head_json":{"title":"Gouttes Liquides Or Curcuma Bio - 30 ml. - ECO Supplements","description":"Wij hebben een ruime keuze aan producten van Gouttes Liquides Or Curcuma Bio - 30 ml. . Winkel bij Eco Supplements altijd gratis verzending boven 100\u20ac","robots":{"index":"index","follow":"follow","max-snippet":"max-snippet:-1","max-image-preview":"max-image-preview:large","max-video-preview":"max-video-preview:-1"},"canonical":"https:\/\/ecosupplements.be\/fr\/produit\/gouttes-liquides-or-curcuma-bio-30-ml\/","og_locale":"fr_FR","og_type":"article","og_title":"Gouttes Liquides Or Curcuma Bio - 30 ml.","og_description":"Wij hebben een ruime keuze aan producten van Gouttes Liquides Or Curcuma Bio - 30 ml. . Winkel bij Eco Supplements altijd gratis verzending boven 100\u20ac","og_url":"https:\/\/ecosupplements.be\/fr\/produit\/gouttes-liquides-or-curcuma-bio-30-ml\/","og_site_name":"ECO Supplements","article_modified_time":"2025-08-27T12:40:44+00:00","og_image":[{"width":600,"height":600,"url":"https:\/\/ecosupplements.be\/wp-content\/uploads\/2025\/08\/Organic-Turmeric-Gold-Liquid-Drops-30-ml-1.jpg","type":"image\/jpeg"}],"twitter_card":"summary_large_image","twitter_misc":{"Prix":"32.20&nbsp;&euro;","Disponibilit\u00e9":"Rupture de stock"},"schema":{"@context":"https:\/\/schema.org","@graph":[{"@type":["WebPage","ItemPage"],"@id":"https:\/\/ecosupplements.be\/fr\/produit\/gouttes-liquides-or-curcuma-bio-30-ml\/","url":"https:\/\/ecosupplements.be\/fr\/produit\/gouttes-liquides-or-curcuma-bio-30-ml\/","name":"Gouttes Liquides Or Curcuma Bio - 30 ml. - ECO Supplements","isPartOf":{"@id":"https:\/\/ecosupplements.be\/fr\/#website"},"primaryImageOfPage":{"@id":"https:\/\/ecosupplements.be\/fr\/produit\/gouttes-liquides-or-curcuma-bio-30-ml\/#primaryimage"},"image":{"@id":"https:\/\/ecosupplements.be\/fr\/produit\/gouttes-liquides-or-curcuma-bio-30-ml\/#primaryimage"},"thumbnailUrl":"https:\/\/ecosupplements.be\/wp-content\/uploads\/2025\/08\/Organic-Turmeric-Gold-Liquid-Drops-30-ml-1.jpg","datePublished":"2023-02-09T20:15:16+00:00","dateModified":"2025-08-27T12:40:44+00:00","description":"Wij hebben een ruime keuze aan producten van Gouttes Liquides Or Curcuma Bio - 30 ml. . Winkel bij Eco Supplements altijd gratis verzending boven 100\u20ac","breadcrumb":{"@id":"https:\/\/ecosupplements.be\/fr\/produit\/gouttes-liquides-or-curcuma-bio-30-ml\/#breadcrumb"},"inLanguage":"fr-FR","potentialAction":[{"@type":"ReadAction","target":["https:\/\/ecosupplements.be\/fr\/produit\/gouttes-liquides-or-curcuma-bio-30-ml\/"]}]},{"@type":"ImageObject","inLanguage":"fr-FR","@id":"https:\/\/ecosupplements.be\/fr\/produit\/gouttes-liquides-or-curcuma-bio-30-ml\/#primaryimage","url":"https:\/\/ecosupplements.be\/wp-content\/uploads\/2025\/08\/Organic-Turmeric-Gold-Liquid-Drops-30-ml-1.jpg","contentUrl":"https:\/\/ecosupplements.be\/wp-content\/uploads\/2025\/08\/Organic-Turmeric-Gold-Liquid-Drops-30-ml-1.jpg","width":600,"height":600},{"@type":"BreadcrumbList","@id":"https:\/\/ecosupplements.be\/fr\/produit\/gouttes-liquides-or-curcuma-bio-30-ml\/#breadcrumb","itemListElement":[{"@type":"ListItem","position":1,"name":"Home","item":"https:\/\/ecosupplements.be\/fr\/"},{"@type":"ListItem","position":2,"name":"Boutique","item":"https:\/\/ecosupplements.be\/fr\/boutique\/"},{"@type":"ListItem","position":3,"name":"Gouttes Liquides Or Curcuma Bio &#8211; 30 ml."}]},{"@type":"WebSite","@id":"https:\/\/ecosupplements.be\/fr\/#website","url":"https:\/\/ecosupplements.be\/fr\/","name":"ECO Supplements","description":"Eco Supplements - Gezonde supplementen","publisher":{"@id":"https:\/\/ecosupplements.be\/fr\/#organization"},"potentialAction":[{"@type":"SearchAction","target":{"@type":"EntryPoint","urlTemplate":"https:\/\/ecosupplements.be\/fr\/?s={search_term_string}"},"query-input":{"@type":"PropertyValueSpecification","valueRequired":true,"valueName":"search_term_string"}}],"inLanguage":"fr-FR"},{"@type":"Organization","@id":"https:\/\/ecosupplements.be\/fr\/#organization","name":"Eco Supplements","url":"https:\/\/ecosupplements.be\/fr\/","logo":{"@type":"ImageObject","inLanguage":"fr-FR","@id":"https:\/\/ecosupplements.be\/fr\/#\/schema\/logo\/image\/","url":"https:\/\/ecosupplements.be\/wp-content\/uploads\/2022\/06\/ecosupplement-family.png","contentUrl":"https:\/\/ecosupplements.be\/wp-content\/uploads\/2022\/06\/ecosupplement-family.png","width":593,"height":374,"caption":"Eco Supplements"},"image":{"@id":"https:\/\/ecosupplements.be\/fr\/#\/schema\/logo\/image\/"}}]},"product_brand":"MaryRuth Organics","product_price_amount":"32.20","product_price_currency":"EUR","og_availability":"out of stock","product_availability":"out of stock","product_retailer_item_id":"850018471756","product_condition":"new"},"_links":{"self":[{"href":"https:\/\/ecosupplements.be\/fr\/wp-json\/wp\/v2\/product\/284774","targetHints":{"allow":["GET"]}}],"collection":[{"href":"https:\/\/ecosupplements.be\/fr\/wp-json\/wp\/v2\/product"}],"about":[{"href":"https:\/\/ecosupplements.be\/fr\/wp-json\/wp\/v2\/types\/product"}],"replies":[{"embeddable":true,"href":"https:\/\/ecosupplements.be\/fr\/wp-json\/wp\/v2\/comments?post=284774"}],"wp:featuredmedia":[{"embeddable":true,"href":"https:\/\/ecosupplements.be\/fr\/wp-json\/wp\/v2\/media\/284775"}],"wp:attachment":[{"href":"https:\/\/ecosupplements.be\/fr\/wp-json\/wp\/v2\/media?parent=284774"}],"wp:term":[{"taxonomy":"product_brand","embeddable":true,"href":"https:\/\/ecosupplements.be\/fr\/wp-json\/wp\/v2\/product_brand?post=284774"},{"taxonomy":"product_cat","embeddable":true,"href":"https:\/\/ecosupplements.be\/fr\/wp-json\/wp\/v2\/product_cat?post=284774"},{"taxonomy":"product_tag","embeddable":true,"href":"https:\/\/ecosupplements.be\/fr\/wp-json\/wp\/v2\/product_tag?post=284774"}],"curies":[{"name":"wp","href":"https:\/\/api.w.org\/{rel}","templated":true}]}}