{"id":284940,"date":"2024-03-06T23:45:26","date_gmt":"2024-03-06T22:45:26","guid":{"rendered":"https:\/\/ecosupplements.be\/product\/nutlove-cookies-chocolat-beurre-darachide-6-cookies\/"},"modified":"2025-08-27T13:43:21","modified_gmt":"2025-08-27T12:43:21","slug":"nutlove-cookies-chocolat-beurre-darachide-6-cookies","status":"publish","type":"product","link":"https:\/\/ecosupplements.be\/fr\/produit\/nutlove-cookies-chocolat-beurre-darachide-6-cookies\/","title":{"rendered":"Nutlove Cookies, Chocolat Beurre d&#8217;Arachide &#8211; 6 cookies"},"content":{"rendered":"<h1>Nutlove Cookies, Chocolate Peanut \u200dButter &#8211; 6 cookies<\/h1>\n<p>D\u00e9couvrez le d\u00e9licieux m\u00e9lange de\u2062 chocolat et de beurre de \u2062cacahu\u00e8te avec les Nutlove\u200b Cookies de\u2062 la marque\u2063 Allnutrition. Ces\u200c cookies sont parfaits pour les amateurs de sucreries qui veulent \u200b\u00e9galement prendre soin\u200b de leur sant\u00e9.<\/p>\n<h2>Caract\u00e9ristiques sp\u00e9ciales<\/h2>\n<ul>\n<li>Contient\u2062 6 cookies par paquet<\/li>\n<li>Fabriqu\u00e9 avec du beurre de cacahu\u00e8te naturel<\/li>\n<li>Enrichi en prot\u00e9ines<\/li>\n<li>Sans \u200bsucre ajout\u00e9<\/li>\n<li>Convient aux v\u00e9g\u00e9tariens<\/li>\n<\/ul>\n<h2>Ingr\u00e9dients<\/h2>\n<p>Farine de bl\u00e9, beurre de cacahu\u00e8te, \u00e9dulcorant (maltitol), prot\u00e9ine de lactos\u00e9rum, huile de palme, cacao en\u200d poudre, poudre \u00e0 \u200blever (bicarbonate de sodium), ar\u00f4me naturel\u200c de vanille.<\/p>\n<h2>Avantages uniques<\/h2>\n<p>Les Nutlove\u2062 Cookies sont une alternative saine aux cookies traditionnels. Ils sont riches en prot\u00e9ines gr\u00e2ce \u00e0 l&#8217;ajout de prot\u00e9ine de lactos\u00e9rum, ce qui \u200den fait une collation id\u00e9ale pour les sportifs ou pour ceux qui cherchent \u00e0 augmenter leur apport\u200d en prot\u00e9ines.\u200d De plus, ils sont sans\u2064 sucre ajout\u00e9, ce qui les rend adapt\u00e9s aux personnes suivant un r\u00e9gime faible \u200den sucre.<\/p>\n<h2>Principales caract\u00e9ristiques<\/h2>\n<ul>\n<li>Texture croustillante et fondante<\/li>\n<li>Go\u00fbt d\u00e9licieux\u2064 de chocolat et de\u200b beurre de\u2062 cacahu\u00e8te<\/li>\n<li>Enrichi en prot\u00e9ines<\/li>\n<li>Sans sucre\u200b ajout\u00e9<\/li>\n<li>Convient aux v\u00e9g\u00e9tariens<\/li>\n<\/ul>\n<p>Offrez-vous une pause\u200c gourmande sans culpabilit\u00e9 avec les Nutlove\u2064 Cookies de Allnutrition. Parfait pour une collation rapide ou pour satisfaire une envie de sucreries, ces cookies sont un choix savoureux et\u2064 sain pour tous les amateurs de chocolat et de beurre de cacahu\u00e8te.<\/p>\n","protected":false},"excerpt":{"rendered":"<p>Nutlove Cookies, Chocolate Peanut \u200dButter &#8211; 6 cookies D\u00e9couvrez le d\u00e9licieux m\u00e9lange de\u2062 chocolat et de beurre de \u2062cacahu\u00e8te avec les Nutlove\u200b Cookies de\u2062 la marque\u2063 Allnutrition. Ces\u200c cookies sont parfaits pour les amateurs de sucreries qui veulent \u200b\u00e9galement prendre soin\u200b de leur sant\u00e9. Caract\u00e9ristiques sp\u00e9ciales Contient\u2062 6 cookies par paquet Fabriqu\u00e9 avec du beurre [&#8230;]\n","protected":false},"featured_media":263216,"comment_status":"open","ping_status":"open","template":"","meta":[],"product_brand":[4634],"product_cat":[5052],"product_tag":[],"class_list":{"0":"post-284940","1":"product","2":"type-product","3":"status-publish","4":"has-post-thumbnail","6":"product_brand-allnutrition-2","7":"product_cat-sante-et-bien-etre","9":"first","10":"instock","11":"taxable","12":"shipping-taxable","13":"purchasable","14":"product-type-simple"},"yoast_head":"<!-- This site is optimized with the Yoast SEO Premium plugin v27.3 (Yoast SEO v27.3) - https:\/\/yoast.com\/product\/yoast-seo-premium-wordpress\/ -->\n<title>Nutlove Cookies, Chocolat Beurre d&#039;Arachide - 6 cookies - ECO Supplements<\/title>\n<meta name=\"description\" content=\"Wij hebben een ruime keuze aan producten van Nutlove Cookies, Chocolat Beurre d&#039;Arachide - 6 cookies . Winkel bij Eco Supplements altijd gratis verzending boven 100\u20ac\" \/>\n<meta name=\"robots\" content=\"index, follow, max-snippet:-1, max-image-preview:large, max-video-preview:-1\" \/>\n<link rel=\"canonical\" href=\"https:\/\/ecosupplements.be\/fr\/produit\/nutlove-cookies-chocolat-beurre-darachide-6-cookies\/\" \/>\n<meta property=\"og:locale\" content=\"fr_FR\" \/>\n<meta property=\"og:type\" content=\"article\" \/>\n<meta property=\"og:title\" content=\"Nutlove Cookies, Chocolat Beurre d&#039;Arachide - 6 cookies\" \/>\n<meta property=\"og:description\" content=\"Wij hebben een ruime keuze aan producten van Nutlove Cookies, Chocolat Beurre d&#039;Arachide - 6 cookies . Winkel bij Eco Supplements altijd gratis verzending boven 100\u20ac\" \/>\n<meta property=\"og:url\" content=\"https:\/\/ecosupplements.be\/fr\/produit\/nutlove-cookies-chocolat-beurre-darachide-6-cookies\/\" \/>\n<meta property=\"og:site_name\" content=\"ECO Supplements\" \/>\n<meta property=\"article:modified_time\" content=\"2025-08-27T12:43:21+00:00\" \/>\n<meta property=\"og:image\" content=\"https:\/\/ecosupplements.be\/wp-content\/uploads\/2025\/08\/Nutlove-Cookies-Chocolate-Peanut-Butter-6-cookies-1.jpg\" \/>\n\t<meta property=\"og:image:width\" content=\"720\" \/>\n\t<meta property=\"og:image:height\" content=\"548\" \/>\n\t<meta property=\"og:image:type\" content=\"image\/jpeg\" \/>\n<meta name=\"twitter:card\" content=\"summary_large_image\" \/>\n<meta name=\"twitter:label1\" content=\"Prix\" \/>\n\t<meta name=\"twitter:data1\" content=\"1.99&nbsp;&euro;\" \/>\n\t<meta name=\"twitter:label2\" content=\"Disponibilit\u00e9\" \/>\n\t<meta name=\"twitter:data2\" content=\"En stock\" \/>\n<script type=\"application\/ld+json\" class=\"yoast-schema-graph\">{\"@context\":\"https:\\\/\\\/schema.org\",\"@graph\":[{\"@type\":[\"WebPage\",\"ItemPage\"],\"@id\":\"https:\\\/\\\/ecosupplements.be\\\/fr\\\/produit\\\/nutlove-cookies-chocolat-beurre-darachide-6-cookies\\\/\",\"url\":\"https:\\\/\\\/ecosupplements.be\\\/fr\\\/produit\\\/nutlove-cookies-chocolat-beurre-darachide-6-cookies\\\/\",\"name\":\"Nutlove Cookies, Chocolat Beurre d'Arachide - 6 cookies - ECO Supplements\",\"isPartOf\":{\"@id\":\"https:\\\/\\\/ecosupplements.be\\\/fr\\\/#website\"},\"primaryImageOfPage\":{\"@id\":\"https:\\\/\\\/ecosupplements.be\\\/fr\\\/produit\\\/nutlove-cookies-chocolat-beurre-darachide-6-cookies\\\/#primaryimage\"},\"image\":{\"@id\":\"https:\\\/\\\/ecosupplements.be\\\/fr\\\/produit\\\/nutlove-cookies-chocolat-beurre-darachide-6-cookies\\\/#primaryimage\"},\"thumbnailUrl\":\"https:\\\/\\\/ecosupplements.be\\\/wp-content\\\/uploads\\\/2025\\\/08\\\/Nutlove-Cookies-Chocolate-Peanut-Butter-6-cookies.jpg\",\"datePublished\":\"2024-03-06T22:45:26+00:00\",\"dateModified\":\"2025-08-27T12:43:21+00:00\",\"description\":\"Wij hebben een ruime keuze aan producten van Nutlove Cookies, Chocolat Beurre d'Arachide - 6 cookies . Winkel bij Eco Supplements altijd gratis verzending boven 100\u20ac\",\"breadcrumb\":{\"@id\":\"https:\\\/\\\/ecosupplements.be\\\/fr\\\/produit\\\/nutlove-cookies-chocolat-beurre-darachide-6-cookies\\\/#breadcrumb\"},\"inLanguage\":\"fr-FR\",\"potentialAction\":[{\"@type\":\"ReadAction\",\"target\":[\"https:\\\/\\\/ecosupplements.be\\\/fr\\\/produit\\\/nutlove-cookies-chocolat-beurre-darachide-6-cookies\\\/\"]}]},{\"@type\":\"ImageObject\",\"inLanguage\":\"fr-FR\",\"@id\":\"https:\\\/\\\/ecosupplements.be\\\/fr\\\/produit\\\/nutlove-cookies-chocolat-beurre-darachide-6-cookies\\\/#primaryimage\",\"url\":\"https:\\\/\\\/ecosupplements.be\\\/wp-content\\\/uploads\\\/2025\\\/08\\\/Nutlove-Cookies-Chocolate-Peanut-Butter-6-cookies.jpg\",\"contentUrl\":\"https:\\\/\\\/ecosupplements.be\\\/wp-content\\\/uploads\\\/2025\\\/08\\\/Nutlove-Cookies-Chocolate-Peanut-Butter-6-cookies.jpg\",\"width\":720,\"height\":548},{\"@type\":\"BreadcrumbList\",\"@id\":\"https:\\\/\\\/ecosupplements.be\\\/fr\\\/produit\\\/nutlove-cookies-chocolat-beurre-darachide-6-cookies\\\/#breadcrumb\",\"itemListElement\":[{\"@type\":\"ListItem\",\"position\":1,\"name\":\"Home\",\"item\":\"https:\\\/\\\/ecosupplements.be\\\/fr\\\/\"},{\"@type\":\"ListItem\",\"position\":2,\"name\":\"Boutique\",\"item\":\"https:\\\/\\\/ecosupplements.be\\\/fr\\\/boutique\\\/\"},{\"@type\":\"ListItem\",\"position\":3,\"name\":\"Nutlove Cookies, Chocolat Beurre d&#8217;Arachide &#8211; 6 cookies\"}]},{\"@type\":\"WebSite\",\"@id\":\"https:\\\/\\\/ecosupplements.be\\\/fr\\\/#website\",\"url\":\"https:\\\/\\\/ecosupplements.be\\\/fr\\\/\",\"name\":\"ECO Supplements\",\"description\":\"Eco Supplements - Gezonde supplementen\",\"publisher\":{\"@id\":\"https:\\\/\\\/ecosupplements.be\\\/fr\\\/#organization\"},\"potentialAction\":[{\"@type\":\"SearchAction\",\"target\":{\"@type\":\"EntryPoint\",\"urlTemplate\":\"https:\\\/\\\/ecosupplements.be\\\/fr\\\/?s={search_term_string}\"},\"query-input\":{\"@type\":\"PropertyValueSpecification\",\"valueRequired\":true,\"valueName\":\"search_term_string\"}}],\"inLanguage\":\"fr-FR\"},{\"@type\":\"Organization\",\"@id\":\"https:\\\/\\\/ecosupplements.be\\\/fr\\\/#organization\",\"name\":\"Eco Supplements\",\"url\":\"https:\\\/\\\/ecosupplements.be\\\/fr\\\/\",\"logo\":{\"@type\":\"ImageObject\",\"inLanguage\":\"fr-FR\",\"@id\":\"https:\\\/\\\/ecosupplements.be\\\/fr\\\/#\\\/schema\\\/logo\\\/image\\\/\",\"url\":\"https:\\\/\\\/ecosupplements.be\\\/wp-content\\\/uploads\\\/2022\\\/06\\\/ecosupplement-family.png\",\"contentUrl\":\"https:\\\/\\\/ecosupplements.be\\\/wp-content\\\/uploads\\\/2022\\\/06\\\/ecosupplement-family.png\",\"width\":593,\"height\":374,\"caption\":\"Eco Supplements\"},\"image\":{\"@id\":\"https:\\\/\\\/ecosupplements.be\\\/fr\\\/#\\\/schema\\\/logo\\\/image\\\/\"}}]}<\/script>\n<meta property=\"product:brand\" content=\"Allnutrition\" \/>\n<meta property=\"product:price:amount\" content=\"1.99\" \/>\n<meta property=\"product:price:currency\" content=\"EUR\" \/>\n<meta property=\"og:availability\" content=\"instock\" \/>\n<meta property=\"product:availability\" content=\"instock\" \/>\n<meta property=\"product:retailer_item_id\" content=\"5902837742335\" \/>\n<meta property=\"product:condition\" content=\"new\" \/>\n<!-- \/ Yoast SEO Premium plugin. -->","yoast_head_json":{"title":"Nutlove Cookies, Chocolat Beurre d'Arachide - 6 cookies - ECO Supplements","description":"Wij hebben een ruime keuze aan producten van Nutlove Cookies, Chocolat Beurre d'Arachide - 6 cookies . Winkel bij Eco Supplements altijd gratis verzending boven 100\u20ac","robots":{"index":"index","follow":"follow","max-snippet":"max-snippet:-1","max-image-preview":"max-image-preview:large","max-video-preview":"max-video-preview:-1"},"canonical":"https:\/\/ecosupplements.be\/fr\/produit\/nutlove-cookies-chocolat-beurre-darachide-6-cookies\/","og_locale":"fr_FR","og_type":"article","og_title":"Nutlove Cookies, Chocolat Beurre d'Arachide - 6 cookies","og_description":"Wij hebben een ruime keuze aan producten van Nutlove Cookies, Chocolat Beurre d'Arachide - 6 cookies . Winkel bij Eco Supplements altijd gratis verzending boven 100\u20ac","og_url":"https:\/\/ecosupplements.be\/fr\/produit\/nutlove-cookies-chocolat-beurre-darachide-6-cookies\/","og_site_name":"ECO Supplements","article_modified_time":"2025-08-27T12:43:21+00:00","og_image":[{"width":720,"height":548,"url":"https:\/\/ecosupplements.be\/wp-content\/uploads\/2025\/08\/Nutlove-Cookies-Chocolate-Peanut-Butter-6-cookies-1.jpg","type":"image\/jpeg"}],"twitter_card":"summary_large_image","twitter_misc":{"Prix":"1.99&nbsp;&euro;","Disponibilit\u00e9":"En stock"},"schema":{"@context":"https:\/\/schema.org","@graph":[{"@type":["WebPage","ItemPage"],"@id":"https:\/\/ecosupplements.be\/fr\/produit\/nutlove-cookies-chocolat-beurre-darachide-6-cookies\/","url":"https:\/\/ecosupplements.be\/fr\/produit\/nutlove-cookies-chocolat-beurre-darachide-6-cookies\/","name":"Nutlove Cookies, Chocolat Beurre d'Arachide - 6 cookies - ECO Supplements","isPartOf":{"@id":"https:\/\/ecosupplements.be\/fr\/#website"},"primaryImageOfPage":{"@id":"https:\/\/ecosupplements.be\/fr\/produit\/nutlove-cookies-chocolat-beurre-darachide-6-cookies\/#primaryimage"},"image":{"@id":"https:\/\/ecosupplements.be\/fr\/produit\/nutlove-cookies-chocolat-beurre-darachide-6-cookies\/#primaryimage"},"thumbnailUrl":"https:\/\/ecosupplements.be\/wp-content\/uploads\/2025\/08\/Nutlove-Cookies-Chocolate-Peanut-Butter-6-cookies.jpg","datePublished":"2024-03-06T22:45:26+00:00","dateModified":"2025-08-27T12:43:21+00:00","description":"Wij hebben een ruime keuze aan producten van Nutlove Cookies, Chocolat Beurre d'Arachide - 6 cookies . Winkel bij Eco Supplements altijd gratis verzending boven 100\u20ac","breadcrumb":{"@id":"https:\/\/ecosupplements.be\/fr\/produit\/nutlove-cookies-chocolat-beurre-darachide-6-cookies\/#breadcrumb"},"inLanguage":"fr-FR","potentialAction":[{"@type":"ReadAction","target":["https:\/\/ecosupplements.be\/fr\/produit\/nutlove-cookies-chocolat-beurre-darachide-6-cookies\/"]}]},{"@type":"ImageObject","inLanguage":"fr-FR","@id":"https:\/\/ecosupplements.be\/fr\/produit\/nutlove-cookies-chocolat-beurre-darachide-6-cookies\/#primaryimage","url":"https:\/\/ecosupplements.be\/wp-content\/uploads\/2025\/08\/Nutlove-Cookies-Chocolate-Peanut-Butter-6-cookies.jpg","contentUrl":"https:\/\/ecosupplements.be\/wp-content\/uploads\/2025\/08\/Nutlove-Cookies-Chocolate-Peanut-Butter-6-cookies.jpg","width":720,"height":548},{"@type":"BreadcrumbList","@id":"https:\/\/ecosupplements.be\/fr\/produit\/nutlove-cookies-chocolat-beurre-darachide-6-cookies\/#breadcrumb","itemListElement":[{"@type":"ListItem","position":1,"name":"Home","item":"https:\/\/ecosupplements.be\/fr\/"},{"@type":"ListItem","position":2,"name":"Boutique","item":"https:\/\/ecosupplements.be\/fr\/boutique\/"},{"@type":"ListItem","position":3,"name":"Nutlove Cookies, Chocolat Beurre d&#8217;Arachide &#8211; 6 cookies"}]},{"@type":"WebSite","@id":"https:\/\/ecosupplements.be\/fr\/#website","url":"https:\/\/ecosupplements.be\/fr\/","name":"ECO Supplements","description":"Eco Supplements - Gezonde supplementen","publisher":{"@id":"https:\/\/ecosupplements.be\/fr\/#organization"},"potentialAction":[{"@type":"SearchAction","target":{"@type":"EntryPoint","urlTemplate":"https:\/\/ecosupplements.be\/fr\/?s={search_term_string}"},"query-input":{"@type":"PropertyValueSpecification","valueRequired":true,"valueName":"search_term_string"}}],"inLanguage":"fr-FR"},{"@type":"Organization","@id":"https:\/\/ecosupplements.be\/fr\/#organization","name":"Eco Supplements","url":"https:\/\/ecosupplements.be\/fr\/","logo":{"@type":"ImageObject","inLanguage":"fr-FR","@id":"https:\/\/ecosupplements.be\/fr\/#\/schema\/logo\/image\/","url":"https:\/\/ecosupplements.be\/wp-content\/uploads\/2022\/06\/ecosupplement-family.png","contentUrl":"https:\/\/ecosupplements.be\/wp-content\/uploads\/2022\/06\/ecosupplement-family.png","width":593,"height":374,"caption":"Eco Supplements"},"image":{"@id":"https:\/\/ecosupplements.be\/fr\/#\/schema\/logo\/image\/"}}]},"product_brand":"Allnutrition","product_price_amount":"1.99","product_price_currency":"EUR","og_availability":"instock","product_availability":"instock","product_retailer_item_id":"5902837742335","product_condition":"new"},"_links":{"self":[{"href":"https:\/\/ecosupplements.be\/fr\/wp-json\/wp\/v2\/product\/284940","targetHints":{"allow":["GET"]}}],"collection":[{"href":"https:\/\/ecosupplements.be\/fr\/wp-json\/wp\/v2\/product"}],"about":[{"href":"https:\/\/ecosupplements.be\/fr\/wp-json\/wp\/v2\/types\/product"}],"replies":[{"embeddable":true,"href":"https:\/\/ecosupplements.be\/fr\/wp-json\/wp\/v2\/comments?post=284940"}],"wp:featuredmedia":[{"embeddable":true,"href":"https:\/\/ecosupplements.be\/fr\/wp-json\/wp\/v2\/media\/263216"}],"wp:attachment":[{"href":"https:\/\/ecosupplements.be\/fr\/wp-json\/wp\/v2\/media?parent=284940"}],"wp:term":[{"taxonomy":"product_brand","embeddable":true,"href":"https:\/\/ecosupplements.be\/fr\/wp-json\/wp\/v2\/product_brand?post=284940"},{"taxonomy":"product_cat","embeddable":true,"href":"https:\/\/ecosupplements.be\/fr\/wp-json\/wp\/v2\/product_cat?post=284940"},{"taxonomy":"product_tag","embeddable":true,"href":"https:\/\/ecosupplements.be\/fr\/wp-json\/wp\/v2\/product_tag?post=284940"}],"curies":[{"name":"wp","href":"https:\/\/api.w.org\/{rel}","templated":true}]}}