{"id":284955,"date":"2024-03-06T21:30:59","date_gmt":"2024-03-06T20:30:59","guid":{"rendered":"https:\/\/ecosupplements.be\/product\/vitamine-d3-2000-2000-ui-120-capsules\/"},"modified":"2025-08-27T13:43:34","modified_gmt":"2025-08-27T12:43:34","slug":"vitamine-d3-2000-2000-ui-120-capsules","status":"publish","type":"product","link":"https:\/\/ecosupplements.be\/fr\/produit\/vitamine-d3-2000-2000-ui-120-capsules\/","title":{"rendered":"Vitamine D3 2000, 2000 UI &#8211; 120 capsules"},"content":{"rendered":"<h1>Vit D3 2000, 2000 IU &#8211; 120 caps<\/h1>\n<p>La vitamine D3 est \u2064un nutriment essentiel pour notre corps, \u200dmais il peut \u200c\u00eatre difficile d&#8217;en obtenir\u2062 suffisamment \u200bpar l&#8217;alimentation \u200dseule. C&#8217;est pourquoi Allnutrition a cr\u00e9\u00e9 Vit\u200d D3 2000, une formule pratique et efficace pour vous \u2063aider \u200c\u00e0 atteindre vos besoins\u200b quotidiens en vitamine D3.<\/p>\n<h2>Caract\u00e9ristiques sp\u00e9ciales:<\/h2>\n<ul>\n<li>Chaque capsule contient \u20642000 IU de\u200c vitamine D3, la forme \u2064la\u200b plus active\u200c et la plus facilement\u2063 absorb\u00e9e par le corps.<\/li>\n<li>120 capsules par bouteille, pour un approvisionnement\u200b de 4 mois.<\/li>\n<li>Fabriqu\u00e9 en Pologne avec des ingr\u00e9dients\u2062 de haute qualit\u00e9.<\/li>\n<li>Convient aux v\u00e9g\u00e9tariens et aux v\u00e9g\u00e9taliens.<\/li>\n<\/ul>\n<h2>Ingr\u00e9dients:<\/h2>\n<p>Chaque capsule contient 50 mcg (2000 IU) de vitamine D3 (chol\u00e9calcif\u00e9rol) et des ingr\u00e9dients inactifs tels que de \u2063l&#8217;huile de soja et de la g\u00e9latine.<\/p>\n<h2>Avantages \u200buniques:<\/h2>\n<ul>\n<li>La vitamine D3 est essentielle pour\u2062 la sant\u00e9 des\u2062 os et des dents, ainsi que \u2064pour le syst\u00e8me immunitaire.<\/li>\n<li>Elle peut \u00e9galement aider \u00e0\u200b maintenir un taux de calcium sain\u200c dans le sang.<\/li>\n<li>La vitamine D3 peut \u00e9galement contribuer \u00e0 la sant\u00e9 \u200bdu\u200b cerveau \u200cet \u00e0 la r\u00e9gulation de l&#8217;humeur.<\/li>\n<li>Elle peut \u00eatre \u2062particuli\u00e8rement b\u00e9n\u00e9fique pour les personnes vivant dans des\u200c r\u00e9gions avec peu \u2063d&#8217;ensoleillement ou pour celles qui ont une exposition limit\u00e9e au soleil.<\/li>\n<\/ul>\n<h2>Mode d&#8217;emploi:<\/h2>\n<p>Prenez une capsule par jour avec un\u2063 repas et un verre d&#8217;eau. Ne \u2063pas d\u00e9passer la dose recommand\u00e9e.<\/p>\n<p>Stockez dans un endroit \u2064frais et sec, \u00e0 l&#8217;abri de la lumi\u00e8re \u200bdirecte du soleil. Tenir hors de\u2064 port\u00e9e des \u2064enfants.<\/p>\n<p>Si vous \u00eates enceinte, allaitez ou prenez des m\u00e9dicaments, \u2064veuillez consulter votre m\u00e9decin \u200bavant de\u2064 prendre ce produit.<\/p>\n<p>Obtenez votre dose quotidienne de vitamine D3 avec Vit D3 2000 de Allnutrition. Commandez d\u00e8s \u200cmaintenant et profitez \u2063d&#8217;une sant\u00e9 \u2063optimale !<\/p>\n","protected":false},"excerpt":{"rendered":"<p>Vit D3 2000, 2000 IU &#8211; 120 caps La vitamine D3 est \u2064un nutriment essentiel pour notre corps, \u200dmais il peut \u200c\u00eatre difficile d&#8217;en obtenir\u2062 suffisamment \u200bpar l&#8217;alimentation \u200dseule. C&#8217;est pourquoi Allnutrition a cr\u00e9\u00e9 Vit\u200d D3 2000, une formule pratique et efficace pour vous \u2063aider \u200c\u00e0 atteindre vos besoins\u200b quotidiens en vitamine D3. Caract\u00e9ristiques sp\u00e9ciales: [&#8230;]\n","protected":false},"featured_media":262719,"comment_status":"open","ping_status":"open","template":"","meta":[],"product_brand":[4634],"product_cat":[5052,5053],"product_tag":[],"class_list":{"0":"post-284955","1":"product","2":"type-product","3":"status-publish","4":"has-post-thumbnail","6":"product_brand-allnutrition-2","7":"product_cat-sante-et-bien-etre","8":"product_cat-vitamines-et-mineraux","10":"first","11":"outofstock","12":"taxable","13":"shipping-taxable","14":"purchasable","15":"product-type-simple"},"yoast_head":"<!-- This site is optimized with the Yoast SEO Premium plugin v27.3 (Yoast SEO v27.3) - https:\/\/yoast.com\/product\/yoast-seo-premium-wordpress\/ -->\n<title>Vitamine D3 2000, 2000 UI - 120 capsules - ECO Supplements<\/title>\n<meta name=\"description\" content=\"Wij hebben een ruime keuze aan producten van Vitamine D3 2000, 2000 UI - 120 capsules . Winkel bij Eco Supplements altijd gratis verzending boven 100\u20ac\" \/>\n<meta name=\"robots\" content=\"index, follow, max-snippet:-1, max-image-preview:large, max-video-preview:-1\" \/>\n<link rel=\"canonical\" href=\"https:\/\/ecosupplements.be\/fr\/produit\/vitamine-d3-2000-2000-ui-120-capsules\/\" \/>\n<meta property=\"og:locale\" content=\"fr_FR\" \/>\n<meta property=\"og:type\" content=\"article\" \/>\n<meta property=\"og:title\" content=\"Vitamine D3 2000, 2000 UI - 120 capsules\" \/>\n<meta property=\"og:description\" content=\"Wij hebben een ruime keuze aan producten van Vitamine D3 2000, 2000 UI - 120 capsules . Winkel bij Eco Supplements altijd gratis verzending boven 100\u20ac\" \/>\n<meta property=\"og:url\" content=\"https:\/\/ecosupplements.be\/fr\/produit\/vitamine-d3-2000-2000-ui-120-capsules\/\" \/>\n<meta property=\"og:site_name\" content=\"ECO Supplements\" \/>\n<meta property=\"article:modified_time\" content=\"2025-08-27T12:43:34+00:00\" \/>\n<meta property=\"og:image\" content=\"https:\/\/ecosupplements.be\/wp-content\/uploads\/2025\/08\/Vit-D3-2000-2000-IU-120-caps-1.jpg\" \/>\n\t<meta property=\"og:image:width\" content=\"745\" \/>\n\t<meta property=\"og:image:height\" content=\"626\" \/>\n\t<meta property=\"og:image:type\" content=\"image\/jpeg\" \/>\n<meta name=\"twitter:card\" content=\"summary_large_image\" \/>\n<meta name=\"twitter:label1\" content=\"Prix\" \/>\n\t<meta name=\"twitter:data1\" content=\"4.58&nbsp;&euro;\" \/>\n\t<meta name=\"twitter:label2\" content=\"Disponibilit\u00e9\" \/>\n\t<meta name=\"twitter:data2\" content=\"Rupture de stock\" \/>\n<script type=\"application\/ld+json\" class=\"yoast-schema-graph\">{\"@context\":\"https:\\\/\\\/schema.org\",\"@graph\":[{\"@type\":[\"WebPage\",\"ItemPage\"],\"@id\":\"https:\\\/\\\/ecosupplements.be\\\/fr\\\/produit\\\/vitamine-d3-2000-2000-ui-120-capsules\\\/\",\"url\":\"https:\\\/\\\/ecosupplements.be\\\/fr\\\/produit\\\/vitamine-d3-2000-2000-ui-120-capsules\\\/\",\"name\":\"Vitamine D3 2000, 2000 UI - 120 capsules - ECO Supplements\",\"isPartOf\":{\"@id\":\"https:\\\/\\\/ecosupplements.be\\\/fr\\\/#website\"},\"primaryImageOfPage\":{\"@id\":\"https:\\\/\\\/ecosupplements.be\\\/fr\\\/produit\\\/vitamine-d3-2000-2000-ui-120-capsules\\\/#primaryimage\"},\"image\":{\"@id\":\"https:\\\/\\\/ecosupplements.be\\\/fr\\\/produit\\\/vitamine-d3-2000-2000-ui-120-capsules\\\/#primaryimage\"},\"thumbnailUrl\":\"https:\\\/\\\/ecosupplements.be\\\/wp-content\\\/uploads\\\/2025\\\/08\\\/Vit-D3-2000-2000-IU-120-caps.jpg\",\"datePublished\":\"2024-03-06T20:30:59+00:00\",\"dateModified\":\"2025-08-27T12:43:34+00:00\",\"description\":\"Wij hebben een ruime keuze aan producten van Vitamine D3 2000, 2000 UI - 120 capsules . Winkel bij Eco Supplements altijd gratis verzending boven 100\u20ac\",\"breadcrumb\":{\"@id\":\"https:\\\/\\\/ecosupplements.be\\\/fr\\\/produit\\\/vitamine-d3-2000-2000-ui-120-capsules\\\/#breadcrumb\"},\"inLanguage\":\"fr-FR\",\"potentialAction\":[{\"@type\":\"ReadAction\",\"target\":[\"https:\\\/\\\/ecosupplements.be\\\/fr\\\/produit\\\/vitamine-d3-2000-2000-ui-120-capsules\\\/\"]}]},{\"@type\":\"ImageObject\",\"inLanguage\":\"fr-FR\",\"@id\":\"https:\\\/\\\/ecosupplements.be\\\/fr\\\/produit\\\/vitamine-d3-2000-2000-ui-120-capsules\\\/#primaryimage\",\"url\":\"https:\\\/\\\/ecosupplements.be\\\/wp-content\\\/uploads\\\/2025\\\/08\\\/Vit-D3-2000-2000-IU-120-caps.jpg\",\"contentUrl\":\"https:\\\/\\\/ecosupplements.be\\\/wp-content\\\/uploads\\\/2025\\\/08\\\/Vit-D3-2000-2000-IU-120-caps.jpg\",\"width\":745,\"height\":626},{\"@type\":\"BreadcrumbList\",\"@id\":\"https:\\\/\\\/ecosupplements.be\\\/fr\\\/produit\\\/vitamine-d3-2000-2000-ui-120-capsules\\\/#breadcrumb\",\"itemListElement\":[{\"@type\":\"ListItem\",\"position\":1,\"name\":\"Home\",\"item\":\"https:\\\/\\\/ecosupplements.be\\\/fr\\\/\"},{\"@type\":\"ListItem\",\"position\":2,\"name\":\"Boutique\",\"item\":\"https:\\\/\\\/ecosupplements.be\\\/fr\\\/boutique\\\/\"},{\"@type\":\"ListItem\",\"position\":3,\"name\":\"Vitamine D3 2000, 2000 UI &#8211; 120 capsules\"}]},{\"@type\":\"WebSite\",\"@id\":\"https:\\\/\\\/ecosupplements.be\\\/fr\\\/#website\",\"url\":\"https:\\\/\\\/ecosupplements.be\\\/fr\\\/\",\"name\":\"ECO Supplements\",\"description\":\"Eco Supplements - Gezonde supplementen\",\"publisher\":{\"@id\":\"https:\\\/\\\/ecosupplements.be\\\/fr\\\/#organization\"},\"potentialAction\":[{\"@type\":\"SearchAction\",\"target\":{\"@type\":\"EntryPoint\",\"urlTemplate\":\"https:\\\/\\\/ecosupplements.be\\\/fr\\\/?s={search_term_string}\"},\"query-input\":{\"@type\":\"PropertyValueSpecification\",\"valueRequired\":true,\"valueName\":\"search_term_string\"}}],\"inLanguage\":\"fr-FR\"},{\"@type\":\"Organization\",\"@id\":\"https:\\\/\\\/ecosupplements.be\\\/fr\\\/#organization\",\"name\":\"Eco Supplements\",\"url\":\"https:\\\/\\\/ecosupplements.be\\\/fr\\\/\",\"logo\":{\"@type\":\"ImageObject\",\"inLanguage\":\"fr-FR\",\"@id\":\"https:\\\/\\\/ecosupplements.be\\\/fr\\\/#\\\/schema\\\/logo\\\/image\\\/\",\"url\":\"https:\\\/\\\/ecosupplements.be\\\/wp-content\\\/uploads\\\/2022\\\/06\\\/ecosupplement-family.png\",\"contentUrl\":\"https:\\\/\\\/ecosupplements.be\\\/wp-content\\\/uploads\\\/2022\\\/06\\\/ecosupplement-family.png\",\"width\":593,\"height\":374,\"caption\":\"Eco Supplements\"},\"image\":{\"@id\":\"https:\\\/\\\/ecosupplements.be\\\/fr\\\/#\\\/schema\\\/logo\\\/image\\\/\"}}]}<\/script>\n<meta property=\"product:brand\" content=\"Allnutrition\" \/>\n<meta property=\"product:price:amount\" content=\"4.58\" \/>\n<meta property=\"product:price:currency\" content=\"EUR\" \/>\n<meta property=\"og:availability\" content=\"out of stock\" \/>\n<meta property=\"product:availability\" content=\"out of stock\" \/>\n<meta property=\"product:retailer_item_id\" content=\"5902837739342\" \/>\n<meta property=\"product:condition\" content=\"new\" \/>\n<!-- \/ Yoast SEO Premium plugin. -->","yoast_head_json":{"title":"Vitamine D3 2000, 2000 UI - 120 capsules - ECO Supplements","description":"Wij hebben een ruime keuze aan producten van Vitamine D3 2000, 2000 UI - 120 capsules . Winkel bij Eco Supplements altijd gratis verzending boven 100\u20ac","robots":{"index":"index","follow":"follow","max-snippet":"max-snippet:-1","max-image-preview":"max-image-preview:large","max-video-preview":"max-video-preview:-1"},"canonical":"https:\/\/ecosupplements.be\/fr\/produit\/vitamine-d3-2000-2000-ui-120-capsules\/","og_locale":"fr_FR","og_type":"article","og_title":"Vitamine D3 2000, 2000 UI - 120 capsules","og_description":"Wij hebben een ruime keuze aan producten van Vitamine D3 2000, 2000 UI - 120 capsules . Winkel bij Eco Supplements altijd gratis verzending boven 100\u20ac","og_url":"https:\/\/ecosupplements.be\/fr\/produit\/vitamine-d3-2000-2000-ui-120-capsules\/","og_site_name":"ECO Supplements","article_modified_time":"2025-08-27T12:43:34+00:00","og_image":[{"width":745,"height":626,"url":"https:\/\/ecosupplements.be\/wp-content\/uploads\/2025\/08\/Vit-D3-2000-2000-IU-120-caps-1.jpg","type":"image\/jpeg"}],"twitter_card":"summary_large_image","twitter_misc":{"Prix":"4.58&nbsp;&euro;","Disponibilit\u00e9":"Rupture de stock"},"schema":{"@context":"https:\/\/schema.org","@graph":[{"@type":["WebPage","ItemPage"],"@id":"https:\/\/ecosupplements.be\/fr\/produit\/vitamine-d3-2000-2000-ui-120-capsules\/","url":"https:\/\/ecosupplements.be\/fr\/produit\/vitamine-d3-2000-2000-ui-120-capsules\/","name":"Vitamine D3 2000, 2000 UI - 120 capsules - ECO Supplements","isPartOf":{"@id":"https:\/\/ecosupplements.be\/fr\/#website"},"primaryImageOfPage":{"@id":"https:\/\/ecosupplements.be\/fr\/produit\/vitamine-d3-2000-2000-ui-120-capsules\/#primaryimage"},"image":{"@id":"https:\/\/ecosupplements.be\/fr\/produit\/vitamine-d3-2000-2000-ui-120-capsules\/#primaryimage"},"thumbnailUrl":"https:\/\/ecosupplements.be\/wp-content\/uploads\/2025\/08\/Vit-D3-2000-2000-IU-120-caps.jpg","datePublished":"2024-03-06T20:30:59+00:00","dateModified":"2025-08-27T12:43:34+00:00","description":"Wij hebben een ruime keuze aan producten van Vitamine D3 2000, 2000 UI - 120 capsules . Winkel bij Eco Supplements altijd gratis verzending boven 100\u20ac","breadcrumb":{"@id":"https:\/\/ecosupplements.be\/fr\/produit\/vitamine-d3-2000-2000-ui-120-capsules\/#breadcrumb"},"inLanguage":"fr-FR","potentialAction":[{"@type":"ReadAction","target":["https:\/\/ecosupplements.be\/fr\/produit\/vitamine-d3-2000-2000-ui-120-capsules\/"]}]},{"@type":"ImageObject","inLanguage":"fr-FR","@id":"https:\/\/ecosupplements.be\/fr\/produit\/vitamine-d3-2000-2000-ui-120-capsules\/#primaryimage","url":"https:\/\/ecosupplements.be\/wp-content\/uploads\/2025\/08\/Vit-D3-2000-2000-IU-120-caps.jpg","contentUrl":"https:\/\/ecosupplements.be\/wp-content\/uploads\/2025\/08\/Vit-D3-2000-2000-IU-120-caps.jpg","width":745,"height":626},{"@type":"BreadcrumbList","@id":"https:\/\/ecosupplements.be\/fr\/produit\/vitamine-d3-2000-2000-ui-120-capsules\/#breadcrumb","itemListElement":[{"@type":"ListItem","position":1,"name":"Home","item":"https:\/\/ecosupplements.be\/fr\/"},{"@type":"ListItem","position":2,"name":"Boutique","item":"https:\/\/ecosupplements.be\/fr\/boutique\/"},{"@type":"ListItem","position":3,"name":"Vitamine D3 2000, 2000 UI &#8211; 120 capsules"}]},{"@type":"WebSite","@id":"https:\/\/ecosupplements.be\/fr\/#website","url":"https:\/\/ecosupplements.be\/fr\/","name":"ECO Supplements","description":"Eco Supplements - Gezonde supplementen","publisher":{"@id":"https:\/\/ecosupplements.be\/fr\/#organization"},"potentialAction":[{"@type":"SearchAction","target":{"@type":"EntryPoint","urlTemplate":"https:\/\/ecosupplements.be\/fr\/?s={search_term_string}"},"query-input":{"@type":"PropertyValueSpecification","valueRequired":true,"valueName":"search_term_string"}}],"inLanguage":"fr-FR"},{"@type":"Organization","@id":"https:\/\/ecosupplements.be\/fr\/#organization","name":"Eco Supplements","url":"https:\/\/ecosupplements.be\/fr\/","logo":{"@type":"ImageObject","inLanguage":"fr-FR","@id":"https:\/\/ecosupplements.be\/fr\/#\/schema\/logo\/image\/","url":"https:\/\/ecosupplements.be\/wp-content\/uploads\/2022\/06\/ecosupplement-family.png","contentUrl":"https:\/\/ecosupplements.be\/wp-content\/uploads\/2022\/06\/ecosupplement-family.png","width":593,"height":374,"caption":"Eco Supplements"},"image":{"@id":"https:\/\/ecosupplements.be\/fr\/#\/schema\/logo\/image\/"}}]},"product_brand":"Allnutrition","product_price_amount":"4.58","product_price_currency":"EUR","og_availability":"out of stock","product_availability":"out of stock","product_retailer_item_id":"5902837739342","product_condition":"new"},"_links":{"self":[{"href":"https:\/\/ecosupplements.be\/fr\/wp-json\/wp\/v2\/product\/284955","targetHints":{"allow":["GET"]}}],"collection":[{"href":"https:\/\/ecosupplements.be\/fr\/wp-json\/wp\/v2\/product"}],"about":[{"href":"https:\/\/ecosupplements.be\/fr\/wp-json\/wp\/v2\/types\/product"}],"replies":[{"embeddable":true,"href":"https:\/\/ecosupplements.be\/fr\/wp-json\/wp\/v2\/comments?post=284955"}],"wp:featuredmedia":[{"embeddable":true,"href":"https:\/\/ecosupplements.be\/fr\/wp-json\/wp\/v2\/media\/262719"}],"wp:attachment":[{"href":"https:\/\/ecosupplements.be\/fr\/wp-json\/wp\/v2\/media?parent=284955"}],"wp:term":[{"taxonomy":"product_brand","embeddable":true,"href":"https:\/\/ecosupplements.be\/fr\/wp-json\/wp\/v2\/product_brand?post=284955"},{"taxonomy":"product_cat","embeddable":true,"href":"https:\/\/ecosupplements.be\/fr\/wp-json\/wp\/v2\/product_cat?post=284955"},{"taxonomy":"product_tag","embeddable":true,"href":"https:\/\/ecosupplements.be\/fr\/wp-json\/wp\/v2\/product_tag?post=284955"}],"curies":[{"name":"wp","href":"https:\/\/api.w.org\/{rel}","templated":true}]}}