{"id":285042,"date":"2024-03-07T11:31:24","date_gmt":"2024-03-07T10:31:24","guid":{"rendered":"https:\/\/ecosupplements.be\/product\/boswellia-avec-uc-ii-60-gelules\/"},"modified":"2025-08-27T13:44:53","modified_gmt":"2025-08-27T12:44:53","slug":"boswellia-avec-uc-ii-60-gelules","status":"publish","type":"product","link":"https:\/\/ecosupplements.be\/fr\/produit\/boswellia-avec-uc-ii-60-gelules\/","title":{"rendered":"Boswellia avec UC-II &#8211; 60 g\u00e9lules"},"content":{"rendered":"<h1>Boswellia with UC-II &#8211; 60 vcaps<\/h1>\n<p>Le Boswellia \u200cwith UC-II est un compl\u00e9ment alimentaire\u2064 de la marque Doctor&#8217;s Best, fabriqu\u00e9 aux \u2063\u00c9tats-Unis. Il \u2064contient 60 \u200dcapsules v\u00e9g\u00e9tales, \u200cchacune contenant une \u2064combinaison unique d&#8217;ingr\u00e9dients pour\u200d soutenir la \u200csant\u00e9 des articulations.<\/p>\n<h2>Ingr\u00e9dients\u2062 cl\u00e9s<\/h2>\n<ul>\n<li>Boswellia\u200c Serrata: \u00e9galement connu sous le nom d&#8217;encens indien, cet ingr\u00e9dient\u200d est utilis\u00e9 depuis des\u200c si\u00e8cles dans \u200dla m\u00e9decine ayurv\u00e9dique pour ses propri\u00e9t\u00e9s anti-inflammatoires et analg\u00e9siques.\u2064 Il\u200b peut \u200caider\u200d \u00e0 soulager les douleurs articulaires et \u00e0\u2062 am\u00e9liorer la mobilit\u00e9.<\/li>\n<li>UC-II: cet \u2062ingr\u00e9dient brevet\u00e9 est\u200b une forme \u200bde collag\u00e8ne de\u200b type II non d\u00e9natur\u00e9,\u2064 qui est essentiel pour maintenir la sant\u00e9 des\u200b articulations. Il \u200dpeut \u200daider \u00e0 r\u00e9duire \u2063l&#8217;inflammation et \u00e0 am\u00e9liorer la flexibilit\u00e9 et \u200dla mobilit\u00e9 \u2063articulaires.<\/li>\n<li>Extrait de curcuma: riche en curcumine, \u200bun \u200cpuissant antioxydant, cet ingr\u00e9dient peut aider \u00e0 \u200dr\u00e9duire l&#8217;inflammation et \u200c\u00e0\u2062 soulager les douleurs articulaires.<\/li>\n<li>Extrait de gingembre: cet ingr\u00e9dient est \u00e9galement\u2063 connu\u2064 pour ses \u2064propri\u00e9t\u00e9s anti-inflammatoires et peut \u200daider \u00e0 soulager les douleurs articulaires.<\/li>\n<\/ul>\n<h2>Avantages uniques<\/h2>\n<ul>\n<li>Formule compl\u00e8te pour soutenir la sant\u00e9 \u200ddes articulations<\/li>\n<li>Contient des ingr\u00e9dients naturels et efficaces<\/li>\n<li>Facile \u00e0 prendre avec seulement 2 capsules\u2063 par jour<\/li>\n<li>Convient\u2062 aux v\u00e9g\u00e9tariens et \u2062v\u00e9g\u00e9taliens<\/li>\n<li>Ne contient pas de gluten, \u200bde soja ou de produits laitiers<\/li>\n<\/ul>\n<h2>Utilisation sugg\u00e9r\u00e9e<\/h2>\n<p>Prenez\u200d 2 capsules par jour avec de \u2062la nourriture, ou \u200bselon les recommandations d&#8217;un professionnel de la sant\u00e9.<\/p>\n<h2>Pourquoi choisir le Boswellia with UC-II?<\/h2>\n<p>Ce compl\u00e9ment\u200d alimentaire est sp\u00e9cialement con\u00e7u pour soutenir la\u2064 sant\u00e9 des articulations et peut \u00eatre b\u00e9n\u00e9fique pour les personnes \u2063souffrant\u200d de \u2064douleurs articulaires, d&#8217;inflammation ou de \u200draideur. Sa formule unique contient des ingr\u00e9dients naturels et\u200b efficaces\u2064 pour une \u2063meilleure mobilit\u00e9 et \u200bflexibilit\u00e9 articulaires.<\/p>\n<p>De plus, le Boswellia with UC-II est fabriqu\u00e9 par Doctor&#8217;s Best, une marque r\u00e9put\u00e9e pour \u200dses produits de qualit\u00e9 sup\u00e9rieure et \u2064ses ingr\u00e9dients soigneusement s\u00e9lectionn\u00e9s. Il est \u00e9galement fabriqu\u00e9 \u200daux \u200d\u00c9tats-Unis \u200cselon les normes de qualit\u00e9 les plus strictes.<\/p>\n<p>Am\u00e9liorez votre sant\u00e9 articulaire avec le \u2062Boswellia \u200bwith UC-II de Doctor&#8217;s \u200cBest d\u00e8s aujourd&#8217;hui!<\/p>\n","protected":false},"excerpt":{"rendered":"<p>Boswellia with UC-II &#8211; 60 vcaps Le Boswellia \u200cwith UC-II est un compl\u00e9ment alimentaire\u2064 de la marque Doctor&#8217;s Best, fabriqu\u00e9 aux \u2063\u00c9tats-Unis. Il \u2064contient 60 \u200dcapsules v\u00e9g\u00e9tales, \u200cchacune contenant une \u2064combinaison unique d&#8217;ingr\u00e9dients pour\u200d soutenir la \u200csant\u00e9 des articulations. Ingr\u00e9dients\u2062 cl\u00e9s Boswellia\u200c Serrata: \u00e9galement connu sous le nom d&#8217;encens indien, cet ingr\u00e9dient\u200d est utilis\u00e9 depuis [&#8230;]\n","protected":false},"featured_media":263738,"comment_status":"open","ping_status":"open","template":"","meta":[],"product_brand":[4674],"product_cat":[5052,5084,5123],"product_tag":[],"class_list":{"0":"post-285042","1":"product","2":"type-product","3":"status-publish","4":"has-post-thumbnail","6":"product_brand-doctors-best-2","7":"product_cat-sante-et-bien-etre","8":"product_cat-soutien-conjoint","9":"product_cat-soutien-du-systeme-immunitaire","11":"first","12":"outofstock","13":"sale","14":"taxable","15":"shipping-taxable","16":"purchasable","17":"product-type-simple"},"yoast_head":"<!-- This site is optimized with the Yoast SEO Premium plugin v27.3 (Yoast SEO v27.3) - https:\/\/yoast.com\/product\/yoast-seo-premium-wordpress\/ -->\n<title>Boswellia avec UC-II - 60 g\u00e9lules - ECO Supplements<\/title>\n<meta name=\"description\" content=\"Wij hebben een ruime keuze aan producten van Boswellia avec UC-II - 60 g\u00e9lules . Winkel bij Eco Supplements altijd gratis verzending boven 100\u20ac\" \/>\n<meta name=\"robots\" content=\"index, follow, max-snippet:-1, max-image-preview:large, max-video-preview:-1\" \/>\n<link rel=\"canonical\" href=\"https:\/\/ecosupplements.be\/fr\/produit\/boswellia-avec-uc-ii-60-gelules\/\" \/>\n<meta property=\"og:locale\" content=\"fr_FR\" \/>\n<meta property=\"og:type\" content=\"article\" \/>\n<meta property=\"og:title\" content=\"Boswellia avec UC-II - 60 g\u00e9lules\" \/>\n<meta property=\"og:description\" content=\"Wij hebben een ruime keuze aan producten van Boswellia avec UC-II - 60 g\u00e9lules . Winkel bij Eco Supplements altijd gratis verzending boven 100\u20ac\" \/>\n<meta property=\"og:url\" content=\"https:\/\/ecosupplements.be\/fr\/produit\/boswellia-avec-uc-ii-60-gelules\/\" \/>\n<meta property=\"og:site_name\" content=\"ECO Supplements\" \/>\n<meta property=\"article:modified_time\" content=\"2025-08-27T12:44:53+00:00\" \/>\n<meta property=\"og:image\" content=\"https:\/\/ecosupplements.be\/wp-content\/uploads\/2025\/08\/Boswellia-with-UC-II-60-vcaps-1.jpg\" \/>\n\t<meta property=\"og:image:width\" content=\"600\" \/>\n\t<meta property=\"og:image:height\" content=\"600\" \/>\n\t<meta property=\"og:image:type\" content=\"image\/jpeg\" \/>\n<meta name=\"twitter:card\" content=\"summary_large_image\" \/>\n<meta name=\"twitter:label1\" content=\"Prix\" \/>\n\t<meta name=\"twitter:data1\" content=\"29.32&nbsp;&euro;\" \/>\n\t<meta name=\"twitter:label2\" content=\"Disponibilit\u00e9\" \/>\n\t<meta name=\"twitter:data2\" content=\"Rupture de stock\" \/>\n<script type=\"application\/ld+json\" class=\"yoast-schema-graph\">{\"@context\":\"https:\\\/\\\/schema.org\",\"@graph\":[{\"@type\":[\"WebPage\",\"ItemPage\"],\"@id\":\"https:\\\/\\\/ecosupplements.be\\\/fr\\\/produit\\\/boswellia-avec-uc-ii-60-gelules\\\/\",\"url\":\"https:\\\/\\\/ecosupplements.be\\\/fr\\\/produit\\\/boswellia-avec-uc-ii-60-gelules\\\/\",\"name\":\"Boswellia avec UC-II - 60 g\u00e9lules - ECO Supplements\",\"isPartOf\":{\"@id\":\"https:\\\/\\\/ecosupplements.be\\\/fr\\\/#website\"},\"primaryImageOfPage\":{\"@id\":\"https:\\\/\\\/ecosupplements.be\\\/fr\\\/produit\\\/boswellia-avec-uc-ii-60-gelules\\\/#primaryimage\"},\"image\":{\"@id\":\"https:\\\/\\\/ecosupplements.be\\\/fr\\\/produit\\\/boswellia-avec-uc-ii-60-gelules\\\/#primaryimage\"},\"thumbnailUrl\":\"https:\\\/\\\/ecosupplements.be\\\/wp-content\\\/uploads\\\/2025\\\/08\\\/Boswellia-with-UC-II-60-vcaps.jpg\",\"datePublished\":\"2024-03-07T10:31:24+00:00\",\"dateModified\":\"2025-08-27T12:44:53+00:00\",\"description\":\"Wij hebben een ruime keuze aan producten van Boswellia avec UC-II - 60 g\u00e9lules . Winkel bij Eco Supplements altijd gratis verzending boven 100\u20ac\",\"breadcrumb\":{\"@id\":\"https:\\\/\\\/ecosupplements.be\\\/fr\\\/produit\\\/boswellia-avec-uc-ii-60-gelules\\\/#breadcrumb\"},\"inLanguage\":\"fr-FR\",\"potentialAction\":[{\"@type\":\"ReadAction\",\"target\":[\"https:\\\/\\\/ecosupplements.be\\\/fr\\\/produit\\\/boswellia-avec-uc-ii-60-gelules\\\/\"]}]},{\"@type\":\"ImageObject\",\"inLanguage\":\"fr-FR\",\"@id\":\"https:\\\/\\\/ecosupplements.be\\\/fr\\\/produit\\\/boswellia-avec-uc-ii-60-gelules\\\/#primaryimage\",\"url\":\"https:\\\/\\\/ecosupplements.be\\\/wp-content\\\/uploads\\\/2025\\\/08\\\/Boswellia-with-UC-II-60-vcaps.jpg\",\"contentUrl\":\"https:\\\/\\\/ecosupplements.be\\\/wp-content\\\/uploads\\\/2025\\\/08\\\/Boswellia-with-UC-II-60-vcaps.jpg\",\"width\":600,\"height\":600},{\"@type\":\"BreadcrumbList\",\"@id\":\"https:\\\/\\\/ecosupplements.be\\\/fr\\\/produit\\\/boswellia-avec-uc-ii-60-gelules\\\/#breadcrumb\",\"itemListElement\":[{\"@type\":\"ListItem\",\"position\":1,\"name\":\"Home\",\"item\":\"https:\\\/\\\/ecosupplements.be\\\/fr\\\/\"},{\"@type\":\"ListItem\",\"position\":2,\"name\":\"Boutique\",\"item\":\"https:\\\/\\\/ecosupplements.be\\\/fr\\\/boutique\\\/\"},{\"@type\":\"ListItem\",\"position\":3,\"name\":\"Boswellia avec UC-II &#8211; 60 g\u00e9lules\"}]},{\"@type\":\"WebSite\",\"@id\":\"https:\\\/\\\/ecosupplements.be\\\/fr\\\/#website\",\"url\":\"https:\\\/\\\/ecosupplements.be\\\/fr\\\/\",\"name\":\"ECO Supplements\",\"description\":\"Eco Supplements - Gezonde supplementen\",\"publisher\":{\"@id\":\"https:\\\/\\\/ecosupplements.be\\\/fr\\\/#organization\"},\"potentialAction\":[{\"@type\":\"SearchAction\",\"target\":{\"@type\":\"EntryPoint\",\"urlTemplate\":\"https:\\\/\\\/ecosupplements.be\\\/fr\\\/?s={search_term_string}\"},\"query-input\":{\"@type\":\"PropertyValueSpecification\",\"valueRequired\":true,\"valueName\":\"search_term_string\"}}],\"inLanguage\":\"fr-FR\"},{\"@type\":\"Organization\",\"@id\":\"https:\\\/\\\/ecosupplements.be\\\/fr\\\/#organization\",\"name\":\"Eco Supplements\",\"url\":\"https:\\\/\\\/ecosupplements.be\\\/fr\\\/\",\"logo\":{\"@type\":\"ImageObject\",\"inLanguage\":\"fr-FR\",\"@id\":\"https:\\\/\\\/ecosupplements.be\\\/fr\\\/#\\\/schema\\\/logo\\\/image\\\/\",\"url\":\"https:\\\/\\\/ecosupplements.be\\\/wp-content\\\/uploads\\\/2022\\\/06\\\/ecosupplement-family.png\",\"contentUrl\":\"https:\\\/\\\/ecosupplements.be\\\/wp-content\\\/uploads\\\/2022\\\/06\\\/ecosupplement-family.png\",\"width\":593,\"height\":374,\"caption\":\"Eco Supplements\"},\"image\":{\"@id\":\"https:\\\/\\\/ecosupplements.be\\\/fr\\\/#\\\/schema\\\/logo\\\/image\\\/\"}}]}<\/script>\n<meta property=\"product:brand\" content=\"Doctor&#039;s Best\" \/>\n<meta property=\"product:price:amount\" content=\"29.32\" \/>\n<meta property=\"product:price:currency\" content=\"EUR\" \/>\n<meta property=\"og:availability\" content=\"out of stock\" \/>\n<meta property=\"product:availability\" content=\"out of stock\" \/>\n<meta property=\"product:retailer_item_id\" content=\"753950006010\" \/>\n<meta property=\"product:condition\" content=\"new\" \/>\n<!-- \/ Yoast SEO Premium plugin. -->","yoast_head_json":{"title":"Boswellia avec UC-II - 60 g\u00e9lules - ECO Supplements","description":"Wij hebben een ruime keuze aan producten van Boswellia avec UC-II - 60 g\u00e9lules . Winkel bij Eco Supplements altijd gratis verzending boven 100\u20ac","robots":{"index":"index","follow":"follow","max-snippet":"max-snippet:-1","max-image-preview":"max-image-preview:large","max-video-preview":"max-video-preview:-1"},"canonical":"https:\/\/ecosupplements.be\/fr\/produit\/boswellia-avec-uc-ii-60-gelules\/","og_locale":"fr_FR","og_type":"article","og_title":"Boswellia avec UC-II - 60 g\u00e9lules","og_description":"Wij hebben een ruime keuze aan producten van Boswellia avec UC-II - 60 g\u00e9lules . Winkel bij Eco Supplements altijd gratis verzending boven 100\u20ac","og_url":"https:\/\/ecosupplements.be\/fr\/produit\/boswellia-avec-uc-ii-60-gelules\/","og_site_name":"ECO Supplements","article_modified_time":"2025-08-27T12:44:53+00:00","og_image":[{"width":600,"height":600,"url":"https:\/\/ecosupplements.be\/wp-content\/uploads\/2025\/08\/Boswellia-with-UC-II-60-vcaps-1.jpg","type":"image\/jpeg"}],"twitter_card":"summary_large_image","twitter_misc":{"Prix":"29.32&nbsp;&euro;","Disponibilit\u00e9":"Rupture de stock"},"schema":{"@context":"https:\/\/schema.org","@graph":[{"@type":["WebPage","ItemPage"],"@id":"https:\/\/ecosupplements.be\/fr\/produit\/boswellia-avec-uc-ii-60-gelules\/","url":"https:\/\/ecosupplements.be\/fr\/produit\/boswellia-avec-uc-ii-60-gelules\/","name":"Boswellia avec UC-II - 60 g\u00e9lules - ECO Supplements","isPartOf":{"@id":"https:\/\/ecosupplements.be\/fr\/#website"},"primaryImageOfPage":{"@id":"https:\/\/ecosupplements.be\/fr\/produit\/boswellia-avec-uc-ii-60-gelules\/#primaryimage"},"image":{"@id":"https:\/\/ecosupplements.be\/fr\/produit\/boswellia-avec-uc-ii-60-gelules\/#primaryimage"},"thumbnailUrl":"https:\/\/ecosupplements.be\/wp-content\/uploads\/2025\/08\/Boswellia-with-UC-II-60-vcaps.jpg","datePublished":"2024-03-07T10:31:24+00:00","dateModified":"2025-08-27T12:44:53+00:00","description":"Wij hebben een ruime keuze aan producten van Boswellia avec UC-II - 60 g\u00e9lules . Winkel bij Eco Supplements altijd gratis verzending boven 100\u20ac","breadcrumb":{"@id":"https:\/\/ecosupplements.be\/fr\/produit\/boswellia-avec-uc-ii-60-gelules\/#breadcrumb"},"inLanguage":"fr-FR","potentialAction":[{"@type":"ReadAction","target":["https:\/\/ecosupplements.be\/fr\/produit\/boswellia-avec-uc-ii-60-gelules\/"]}]},{"@type":"ImageObject","inLanguage":"fr-FR","@id":"https:\/\/ecosupplements.be\/fr\/produit\/boswellia-avec-uc-ii-60-gelules\/#primaryimage","url":"https:\/\/ecosupplements.be\/wp-content\/uploads\/2025\/08\/Boswellia-with-UC-II-60-vcaps.jpg","contentUrl":"https:\/\/ecosupplements.be\/wp-content\/uploads\/2025\/08\/Boswellia-with-UC-II-60-vcaps.jpg","width":600,"height":600},{"@type":"BreadcrumbList","@id":"https:\/\/ecosupplements.be\/fr\/produit\/boswellia-avec-uc-ii-60-gelules\/#breadcrumb","itemListElement":[{"@type":"ListItem","position":1,"name":"Home","item":"https:\/\/ecosupplements.be\/fr\/"},{"@type":"ListItem","position":2,"name":"Boutique","item":"https:\/\/ecosupplements.be\/fr\/boutique\/"},{"@type":"ListItem","position":3,"name":"Boswellia avec UC-II &#8211; 60 g\u00e9lules"}]},{"@type":"WebSite","@id":"https:\/\/ecosupplements.be\/fr\/#website","url":"https:\/\/ecosupplements.be\/fr\/","name":"ECO Supplements","description":"Eco Supplements - Gezonde supplementen","publisher":{"@id":"https:\/\/ecosupplements.be\/fr\/#organization"},"potentialAction":[{"@type":"SearchAction","target":{"@type":"EntryPoint","urlTemplate":"https:\/\/ecosupplements.be\/fr\/?s={search_term_string}"},"query-input":{"@type":"PropertyValueSpecification","valueRequired":true,"valueName":"search_term_string"}}],"inLanguage":"fr-FR"},{"@type":"Organization","@id":"https:\/\/ecosupplements.be\/fr\/#organization","name":"Eco Supplements","url":"https:\/\/ecosupplements.be\/fr\/","logo":{"@type":"ImageObject","inLanguage":"fr-FR","@id":"https:\/\/ecosupplements.be\/fr\/#\/schema\/logo\/image\/","url":"https:\/\/ecosupplements.be\/wp-content\/uploads\/2022\/06\/ecosupplement-family.png","contentUrl":"https:\/\/ecosupplements.be\/wp-content\/uploads\/2022\/06\/ecosupplement-family.png","width":593,"height":374,"caption":"Eco Supplements"},"image":{"@id":"https:\/\/ecosupplements.be\/fr\/#\/schema\/logo\/image\/"}}]},"product_brand":"Doctor's Best","product_price_amount":"29.32","product_price_currency":"EUR","og_availability":"out of stock","product_availability":"out of stock","product_retailer_item_id":"753950006010","product_condition":"new"},"_links":{"self":[{"href":"https:\/\/ecosupplements.be\/fr\/wp-json\/wp\/v2\/product\/285042","targetHints":{"allow":["GET"]}}],"collection":[{"href":"https:\/\/ecosupplements.be\/fr\/wp-json\/wp\/v2\/product"}],"about":[{"href":"https:\/\/ecosupplements.be\/fr\/wp-json\/wp\/v2\/types\/product"}],"replies":[{"embeddable":true,"href":"https:\/\/ecosupplements.be\/fr\/wp-json\/wp\/v2\/comments?post=285042"}],"wp:featuredmedia":[{"embeddable":true,"href":"https:\/\/ecosupplements.be\/fr\/wp-json\/wp\/v2\/media\/263738"}],"wp:attachment":[{"href":"https:\/\/ecosupplements.be\/fr\/wp-json\/wp\/v2\/media?parent=285042"}],"wp:term":[{"taxonomy":"product_brand","embeddable":true,"href":"https:\/\/ecosupplements.be\/fr\/wp-json\/wp\/v2\/product_brand?post=285042"},{"taxonomy":"product_cat","embeddable":true,"href":"https:\/\/ecosupplements.be\/fr\/wp-json\/wp\/v2\/product_cat?post=285042"},{"taxonomy":"product_tag","embeddable":true,"href":"https:\/\/ecosupplements.be\/fr\/wp-json\/wp\/v2\/product_tag?post=285042"}],"curies":[{"name":"wp","href":"https:\/\/api.w.org\/{rel}","templated":true}]}}