{"id":285048,"date":"2024-03-06T21:39:00","date_gmt":"2024-03-06T20:39:00","guid":{"rendered":"https:\/\/ecosupplements.be\/product\/glutathion-chardon-marie-60-gelules\/"},"modified":"2025-08-27T13:44:58","modified_gmt":"2025-08-27T12:44:58","slug":"glutathion-chardon-marie-60-gelules","status":"publish","type":"product","link":"https:\/\/ecosupplements.be\/fr\/produit\/glutathion-chardon-marie-60-gelules\/","title":{"rendered":"Glutathion + Chardon-Marie &#8211; 60 g\u00e9lules"},"content":{"rendered":"<h1> Glutathione\u2064 + Milk Thistle &#8211; 60 \u200dvcaps <\/h1>\n<p>  Le Glutathione + Milk \u2063Thistle de Doctor&#8217;s Best est un compl\u00e9ment alimentaire hautement efficace qui combine deux ingr\u00e9dients puissants pour soutenir la sant\u00e9\u2064 globale du foie et \u200ddu syst\u00e8me immunitaire. Chaque bouteille\u200c contient 60 capsules v\u00e9g\u00e9tales faciles\u200c \u00e0 avaler, \u200coffrant une solution pratique \u2063pour maintenir\u200c un mode de vie sain. <\/p>\n<h2>  Caract\u00e9ristiques sp\u00e9ciales <\/h2>\n<ul>\n<li>  Contient du glutathion r\u00e9duit, une forme biodisponible de\u2063 glutathion qui est facilement \u200babsorb\u00e9e \u200dpar le corps <\/li>\n<li>  Comprend \u00e9galement du chardon-Marie, une plante reconnue pour ses propri\u00e9t\u00e9s antioxydantes et protectrices du foie\u200c <\/li>\n<li>  Formule v\u00e9g\u00e9tarienne et sans gluten, adapt\u00e9e \u00e0 tous les\u2063 r\u00e9gimes alimentaires <\/li>\n<li>  Fabriqu\u00e9 aux \u00c9tats-Unis selon \u2063les normes de qualit\u00e9\u200d les plus\u2062 strictes\u2064 <\/li>\n<\/ul>\n<h2>  Ingr\u00e9dients\u2064 cl\u00e9s <\/h2>\n<p>  Le \u2063glutathion est un antioxydant naturel produit par le corps\u2064 pour aider \u00e0 prot\u00e9ger les cellules \u2063contre les dommages caus\u00e9s \u200cpar\u2064 les radicaux libres. \u200bCependant, des\u200d facteurs tels que le stress, la pollution et une\u200d mauvaise alimentation peuvent r\u00e9duire les niveaux de glutathion dans \u2064le corps, ce qui\u200d peut entra\u00eener une diminution de la\u2062 fonction immunitaire\u2062 et une augmentation des risques de maladies chroniques. Le chardon-Marie, quant \u00e0 lui, contient \u2064un compos\u00e9 appel\u00e9 silymarine qui peut aider \u00e0 \u2064prot\u00e9ger le foie contre les toxines et\u2063 \u00e0 favoriser \u200bla \u2063r\u00e9g\u00e9n\u00e9ration des \u2063cellules \u2064h\u00e9patiques. Ensemble, ces ingr\u00e9dients puissants offrent\u2062 un \u2064soutien complet pour\u200b la sant\u00e9 du \u200cfoie\u2063 et du syst\u00e8me immunitaire. <\/p>\n<h2>  Avantages uniques <\/h2>\n<ul>\n<li>  Favorise la d\u00e9toxification et \u2064la sant\u00e9 \u2063du foie <\/li>\n<li>  Soutient la fonction immunitaire et la sant\u00e9 globale <\/li>\n<li>  \u2062 Aide \u00e0 prot\u00e9ger les cellules contre les dommages oxydatifs <\/li>\n<li>  Contribue \u00e0 maintenir des niveaux sains de glutathion dans le corps <\/li>\n<\/ul>\n<p>  Ajoutez\u200d le Glutathione + Milk Thistle de\u2062 Doctor&#8217;s Best\u200b \u00e0 votre\u200b routine quotidienne pour un soutien optimal \u200bde la\u200c sant\u00e9 du foie et du syst\u00e8me immunitaire. Commandez d\u00e8s maintenant\u2062 et d\u00e9couvrez\u200d les bienfaits \u2064de ces\u200b ingr\u00e9dients puissants pour votre bien-\u00eatre g\u00e9n\u00e9ral. <\/p>\n","protected":false},"excerpt":{"rendered":"<p>Glutathione\u2064 + Milk Thistle &#8211; 60 \u200dvcaps Le Glutathione + Milk \u2063Thistle de Doctor&#8217;s Best est un compl\u00e9ment alimentaire hautement efficace qui combine deux ingr\u00e9dients puissants pour soutenir la sant\u00e9\u2064 globale du foie et \u200ddu syst\u00e8me immunitaire. Chaque bouteille\u200c contient 60 capsules v\u00e9g\u00e9tales faciles\u200c \u00e0 avaler, \u200coffrant une solution pratique \u2063pour maintenir\u200c un mode de [&#8230;]\n","protected":false},"featured_media":262743,"comment_status":"open","ping_status":"open","template":"","meta":[],"product_brand":[4674],"product_cat":[5054,5055,5052],"product_tag":[],"class_list":{"0":"post-285048","1":"product","2":"type-product","3":"status-publish","4":"has-post-thumbnail","6":"product_brand-doctors-best-2","7":"product_cat-nourriture-saine","8":"product_cat-produits-vegetaliens","9":"product_cat-sante-et-bien-etre","11":"first","12":"instock","13":"sale","14":"taxable","15":"shipping-taxable","16":"purchasable","17":"product-type-simple"},"yoast_head":"<!-- This site is optimized with the Yoast SEO Premium plugin v27.3 (Yoast SEO v27.3) - https:\/\/yoast.com\/product\/yoast-seo-premium-wordpress\/ -->\n<title>Glutathion + Chardon-Marie - 60 g\u00e9lules - ECO Supplements<\/title>\n<meta name=\"description\" content=\"Wij hebben een ruime keuze aan producten van Glutathion + Chardon-Marie - 60 g\u00e9lules . Winkel bij Eco Supplements altijd gratis verzending boven 100\u20ac\" \/>\n<meta name=\"robots\" content=\"index, follow, max-snippet:-1, max-image-preview:large, max-video-preview:-1\" \/>\n<link rel=\"canonical\" href=\"https:\/\/ecosupplements.be\/fr\/produit\/glutathion-chardon-marie-60-gelules\/\" \/>\n<meta property=\"og:locale\" content=\"fr_FR\" \/>\n<meta property=\"og:type\" content=\"article\" \/>\n<meta property=\"og:title\" content=\"Glutathion + Chardon-Marie - 60 g\u00e9lules\" \/>\n<meta property=\"og:description\" content=\"Wij hebben een ruime keuze aan producten van Glutathion + Chardon-Marie - 60 g\u00e9lules . Winkel bij Eco Supplements altijd gratis verzending boven 100\u20ac\" \/>\n<meta property=\"og:url\" content=\"https:\/\/ecosupplements.be\/fr\/produit\/glutathion-chardon-marie-60-gelules\/\" \/>\n<meta property=\"og:site_name\" content=\"ECO Supplements\" \/>\n<meta property=\"article:modified_time\" content=\"2025-08-27T12:44:58+00:00\" \/>\n<meta property=\"og:image\" content=\"https:\/\/ecosupplements.be\/wp-content\/uploads\/2025\/08\/Glutathione-Milk-Thistle-60-vcaps-1.jpg\" \/>\n\t<meta property=\"og:image:width\" content=\"600\" \/>\n\t<meta property=\"og:image:height\" content=\"600\" \/>\n\t<meta property=\"og:image:type\" content=\"image\/jpeg\" \/>\n<meta name=\"twitter:card\" content=\"summary_large_image\" \/>\n<meta name=\"twitter:label1\" content=\"Prix\" \/>\n\t<meta name=\"twitter:data1\" content=\"36.86&nbsp;&euro;\" \/>\n\t<meta name=\"twitter:label2\" content=\"Disponibilit\u00e9\" \/>\n\t<meta name=\"twitter:data2\" content=\"En stock\" \/>\n<script type=\"application\/ld+json\" class=\"yoast-schema-graph\">{\"@context\":\"https:\\\/\\\/schema.org\",\"@graph\":[{\"@type\":[\"WebPage\",\"ItemPage\"],\"@id\":\"https:\\\/\\\/ecosupplements.be\\\/fr\\\/produit\\\/glutathion-chardon-marie-60-gelules\\\/\",\"url\":\"https:\\\/\\\/ecosupplements.be\\\/fr\\\/produit\\\/glutathion-chardon-marie-60-gelules\\\/\",\"name\":\"Glutathion + Chardon-Marie - 60 g\u00e9lules - ECO Supplements\",\"isPartOf\":{\"@id\":\"https:\\\/\\\/ecosupplements.be\\\/fr\\\/#website\"},\"primaryImageOfPage\":{\"@id\":\"https:\\\/\\\/ecosupplements.be\\\/fr\\\/produit\\\/glutathion-chardon-marie-60-gelules\\\/#primaryimage\"},\"image\":{\"@id\":\"https:\\\/\\\/ecosupplements.be\\\/fr\\\/produit\\\/glutathion-chardon-marie-60-gelules\\\/#primaryimage\"},\"thumbnailUrl\":\"https:\\\/\\\/ecosupplements.be\\\/wp-content\\\/uploads\\\/2025\\\/08\\\/Glutathione-Milk-Thistle-60-vcaps.jpg\",\"datePublished\":\"2024-03-06T20:39:00+00:00\",\"dateModified\":\"2025-08-27T12:44:58+00:00\",\"description\":\"Wij hebben een ruime keuze aan producten van Glutathion + Chardon-Marie - 60 g\u00e9lules . Winkel bij Eco Supplements altijd gratis verzending boven 100\u20ac\",\"breadcrumb\":{\"@id\":\"https:\\\/\\\/ecosupplements.be\\\/fr\\\/produit\\\/glutathion-chardon-marie-60-gelules\\\/#breadcrumb\"},\"inLanguage\":\"fr-FR\",\"potentialAction\":[{\"@type\":\"ReadAction\",\"target\":[\"https:\\\/\\\/ecosupplements.be\\\/fr\\\/produit\\\/glutathion-chardon-marie-60-gelules\\\/\"]}]},{\"@type\":\"ImageObject\",\"inLanguage\":\"fr-FR\",\"@id\":\"https:\\\/\\\/ecosupplements.be\\\/fr\\\/produit\\\/glutathion-chardon-marie-60-gelules\\\/#primaryimage\",\"url\":\"https:\\\/\\\/ecosupplements.be\\\/wp-content\\\/uploads\\\/2025\\\/08\\\/Glutathione-Milk-Thistle-60-vcaps.jpg\",\"contentUrl\":\"https:\\\/\\\/ecosupplements.be\\\/wp-content\\\/uploads\\\/2025\\\/08\\\/Glutathione-Milk-Thistle-60-vcaps.jpg\",\"width\":600,\"height\":600},{\"@type\":\"BreadcrumbList\",\"@id\":\"https:\\\/\\\/ecosupplements.be\\\/fr\\\/produit\\\/glutathion-chardon-marie-60-gelules\\\/#breadcrumb\",\"itemListElement\":[{\"@type\":\"ListItem\",\"position\":1,\"name\":\"Home\",\"item\":\"https:\\\/\\\/ecosupplements.be\\\/fr\\\/\"},{\"@type\":\"ListItem\",\"position\":2,\"name\":\"Boutique\",\"item\":\"https:\\\/\\\/ecosupplements.be\\\/fr\\\/boutique\\\/\"},{\"@type\":\"ListItem\",\"position\":3,\"name\":\"Glutathion + Chardon-Marie &#8211; 60 g\u00e9lules\"}]},{\"@type\":\"WebSite\",\"@id\":\"https:\\\/\\\/ecosupplements.be\\\/fr\\\/#website\",\"url\":\"https:\\\/\\\/ecosupplements.be\\\/fr\\\/\",\"name\":\"ECO Supplements\",\"description\":\"Eco Supplements - Gezonde supplementen\",\"publisher\":{\"@id\":\"https:\\\/\\\/ecosupplements.be\\\/fr\\\/#organization\"},\"potentialAction\":[{\"@type\":\"SearchAction\",\"target\":{\"@type\":\"EntryPoint\",\"urlTemplate\":\"https:\\\/\\\/ecosupplements.be\\\/fr\\\/?s={search_term_string}\"},\"query-input\":{\"@type\":\"PropertyValueSpecification\",\"valueRequired\":true,\"valueName\":\"search_term_string\"}}],\"inLanguage\":\"fr-FR\"},{\"@type\":\"Organization\",\"@id\":\"https:\\\/\\\/ecosupplements.be\\\/fr\\\/#organization\",\"name\":\"Eco Supplements\",\"url\":\"https:\\\/\\\/ecosupplements.be\\\/fr\\\/\",\"logo\":{\"@type\":\"ImageObject\",\"inLanguage\":\"fr-FR\",\"@id\":\"https:\\\/\\\/ecosupplements.be\\\/fr\\\/#\\\/schema\\\/logo\\\/image\\\/\",\"url\":\"https:\\\/\\\/ecosupplements.be\\\/wp-content\\\/uploads\\\/2022\\\/06\\\/ecosupplement-family.png\",\"contentUrl\":\"https:\\\/\\\/ecosupplements.be\\\/wp-content\\\/uploads\\\/2022\\\/06\\\/ecosupplement-family.png\",\"width\":593,\"height\":374,\"caption\":\"Eco Supplements\"},\"image\":{\"@id\":\"https:\\\/\\\/ecosupplements.be\\\/fr\\\/#\\\/schema\\\/logo\\\/image\\\/\"}}]}<\/script>\n<meta property=\"product:brand\" content=\"Doctor&#039;s Best\" \/>\n<meta property=\"product:price:amount\" content=\"36.86\" \/>\n<meta property=\"product:price:currency\" content=\"EUR\" \/>\n<meta property=\"og:availability\" content=\"instock\" \/>\n<meta property=\"product:availability\" content=\"instock\" \/>\n<meta property=\"product:retailer_item_id\" content=\"753950006027\" \/>\n<meta property=\"product:condition\" content=\"new\" \/>\n<!-- \/ Yoast SEO Premium plugin. -->","yoast_head_json":{"title":"Glutathion + Chardon-Marie - 60 g\u00e9lules - ECO Supplements","description":"Wij hebben een ruime keuze aan producten van Glutathion + Chardon-Marie - 60 g\u00e9lules . Winkel bij Eco Supplements altijd gratis verzending boven 100\u20ac","robots":{"index":"index","follow":"follow","max-snippet":"max-snippet:-1","max-image-preview":"max-image-preview:large","max-video-preview":"max-video-preview:-1"},"canonical":"https:\/\/ecosupplements.be\/fr\/produit\/glutathion-chardon-marie-60-gelules\/","og_locale":"fr_FR","og_type":"article","og_title":"Glutathion + Chardon-Marie - 60 g\u00e9lules","og_description":"Wij hebben een ruime keuze aan producten van Glutathion + Chardon-Marie - 60 g\u00e9lules . Winkel bij Eco Supplements altijd gratis verzending boven 100\u20ac","og_url":"https:\/\/ecosupplements.be\/fr\/produit\/glutathion-chardon-marie-60-gelules\/","og_site_name":"ECO Supplements","article_modified_time":"2025-08-27T12:44:58+00:00","og_image":[{"width":600,"height":600,"url":"https:\/\/ecosupplements.be\/wp-content\/uploads\/2025\/08\/Glutathione-Milk-Thistle-60-vcaps-1.jpg","type":"image\/jpeg"}],"twitter_card":"summary_large_image","twitter_misc":{"Prix":"36.86&nbsp;&euro;","Disponibilit\u00e9":"En stock"},"schema":{"@context":"https:\/\/schema.org","@graph":[{"@type":["WebPage","ItemPage"],"@id":"https:\/\/ecosupplements.be\/fr\/produit\/glutathion-chardon-marie-60-gelules\/","url":"https:\/\/ecosupplements.be\/fr\/produit\/glutathion-chardon-marie-60-gelules\/","name":"Glutathion + Chardon-Marie - 60 g\u00e9lules - ECO Supplements","isPartOf":{"@id":"https:\/\/ecosupplements.be\/fr\/#website"},"primaryImageOfPage":{"@id":"https:\/\/ecosupplements.be\/fr\/produit\/glutathion-chardon-marie-60-gelules\/#primaryimage"},"image":{"@id":"https:\/\/ecosupplements.be\/fr\/produit\/glutathion-chardon-marie-60-gelules\/#primaryimage"},"thumbnailUrl":"https:\/\/ecosupplements.be\/wp-content\/uploads\/2025\/08\/Glutathione-Milk-Thistle-60-vcaps.jpg","datePublished":"2024-03-06T20:39:00+00:00","dateModified":"2025-08-27T12:44:58+00:00","description":"Wij hebben een ruime keuze aan producten van Glutathion + Chardon-Marie - 60 g\u00e9lules . Winkel bij Eco Supplements altijd gratis verzending boven 100\u20ac","breadcrumb":{"@id":"https:\/\/ecosupplements.be\/fr\/produit\/glutathion-chardon-marie-60-gelules\/#breadcrumb"},"inLanguage":"fr-FR","potentialAction":[{"@type":"ReadAction","target":["https:\/\/ecosupplements.be\/fr\/produit\/glutathion-chardon-marie-60-gelules\/"]}]},{"@type":"ImageObject","inLanguage":"fr-FR","@id":"https:\/\/ecosupplements.be\/fr\/produit\/glutathion-chardon-marie-60-gelules\/#primaryimage","url":"https:\/\/ecosupplements.be\/wp-content\/uploads\/2025\/08\/Glutathione-Milk-Thistle-60-vcaps.jpg","contentUrl":"https:\/\/ecosupplements.be\/wp-content\/uploads\/2025\/08\/Glutathione-Milk-Thistle-60-vcaps.jpg","width":600,"height":600},{"@type":"BreadcrumbList","@id":"https:\/\/ecosupplements.be\/fr\/produit\/glutathion-chardon-marie-60-gelules\/#breadcrumb","itemListElement":[{"@type":"ListItem","position":1,"name":"Home","item":"https:\/\/ecosupplements.be\/fr\/"},{"@type":"ListItem","position":2,"name":"Boutique","item":"https:\/\/ecosupplements.be\/fr\/boutique\/"},{"@type":"ListItem","position":3,"name":"Glutathion + Chardon-Marie &#8211; 60 g\u00e9lules"}]},{"@type":"WebSite","@id":"https:\/\/ecosupplements.be\/fr\/#website","url":"https:\/\/ecosupplements.be\/fr\/","name":"ECO Supplements","description":"Eco Supplements - Gezonde supplementen","publisher":{"@id":"https:\/\/ecosupplements.be\/fr\/#organization"},"potentialAction":[{"@type":"SearchAction","target":{"@type":"EntryPoint","urlTemplate":"https:\/\/ecosupplements.be\/fr\/?s={search_term_string}"},"query-input":{"@type":"PropertyValueSpecification","valueRequired":true,"valueName":"search_term_string"}}],"inLanguage":"fr-FR"},{"@type":"Organization","@id":"https:\/\/ecosupplements.be\/fr\/#organization","name":"Eco Supplements","url":"https:\/\/ecosupplements.be\/fr\/","logo":{"@type":"ImageObject","inLanguage":"fr-FR","@id":"https:\/\/ecosupplements.be\/fr\/#\/schema\/logo\/image\/","url":"https:\/\/ecosupplements.be\/wp-content\/uploads\/2022\/06\/ecosupplement-family.png","contentUrl":"https:\/\/ecosupplements.be\/wp-content\/uploads\/2022\/06\/ecosupplement-family.png","width":593,"height":374,"caption":"Eco Supplements"},"image":{"@id":"https:\/\/ecosupplements.be\/fr\/#\/schema\/logo\/image\/"}}]},"product_brand":"Doctor's Best","product_price_amount":"36.86","product_price_currency":"EUR","og_availability":"instock","product_availability":"instock","product_retailer_item_id":"753950006027","product_condition":"new"},"_links":{"self":[{"href":"https:\/\/ecosupplements.be\/fr\/wp-json\/wp\/v2\/product\/285048","targetHints":{"allow":["GET"]}}],"collection":[{"href":"https:\/\/ecosupplements.be\/fr\/wp-json\/wp\/v2\/product"}],"about":[{"href":"https:\/\/ecosupplements.be\/fr\/wp-json\/wp\/v2\/types\/product"}],"replies":[{"embeddable":true,"href":"https:\/\/ecosupplements.be\/fr\/wp-json\/wp\/v2\/comments?post=285048"}],"wp:featuredmedia":[{"embeddable":true,"href":"https:\/\/ecosupplements.be\/fr\/wp-json\/wp\/v2\/media\/262743"}],"wp:attachment":[{"href":"https:\/\/ecosupplements.be\/fr\/wp-json\/wp\/v2\/media?parent=285048"}],"wp:term":[{"taxonomy":"product_brand","embeddable":true,"href":"https:\/\/ecosupplements.be\/fr\/wp-json\/wp\/v2\/product_brand?post=285048"},{"taxonomy":"product_cat","embeddable":true,"href":"https:\/\/ecosupplements.be\/fr\/wp-json\/wp\/v2\/product_cat?post=285048"},{"taxonomy":"product_tag","embeddable":true,"href":"https:\/\/ecosupplements.be\/fr\/wp-json\/wp\/v2\/product_tag?post=285048"}],"curies":[{"name":"wp","href":"https:\/\/api.w.org\/{rel}","templated":true}]}}