{"id":285096,"date":"2022-09-22T12:57:50","date_gmt":"2022-09-22T11:57:50","guid":{"rendered":"https:\/\/ecosupplements.be\/product\/multi-vitamines-pour-hommes-mykind-organics-60-comprimes-vegetaliens\/"},"modified":"2025-08-27T13:45:45","modified_gmt":"2025-08-27T12:45:45","slug":"multi-vitamines-pour-hommes-mykind-organics-60-comprimes-vegetaliens","status":"publish","type":"product","link":"https:\/\/ecosupplements.be\/fr\/produit\/multi-vitamines-pour-hommes-mykind-organics-60-comprimes-vegetaliens\/","title":{"rendered":"Multi-vitamines pour hommes Mykind Organics &#8211; 60 comprim\u00e9s v\u00e9g\u00e9taliens"},"content":{"rendered":"<h1>Mykind Organics Men&#8217;s Multi &#8211; 60 vegan\u200d tablets<\/h1>\n<p>Garden of Life \u200dest fier de pr\u00e9senter Mykind Organics Men&#8217;s Multi, un compl\u00e9ment alimentaire complet sp\u00e9cialement con\u00e7u pour \u2064r\u00e9pondre aux besoins nutritionnels des hommes.\u2062 Ces comprim\u00e9s \u2063v\u00e9g\u00e9taliens sont fabriqu\u00e9s \u00e0 partir \u2063d&#8217;ingr\u00e9dients biologiques certifi\u00e9s, sans OGM et\u200d sans gluten, pour une formule naturelle et saine.<\/p>\n<h2>Caract\u00e9ristiques sp\u00e9ciales:<\/h2>\n<ul>\n<li>Formule compl\u00e8te pour r\u00e9pondre aux besoins nutritionnels des\u200c hommes<\/li>\n<li>Fabriqu\u00e9 \u200d\u00e0 partir d&#8217;ingr\u00e9dients \u200cbiologiques certifi\u00e9s<\/li>\n<li>V\u00e9g\u00e9talien, sans OGM\u2062 et sans gluten<\/li>\n<li>Contient des vitamines, min\u00e9raux et antioxydants \u2064essentiels<\/li>\n<li>Facile \u200b\u00e0 dig\u00e9rer et \u00e0 absorber<\/li>\n<\/ul>\n<h2>Ingr\u00e9dients \u2064cl\u00e9s:<\/h2>\n<p>Ce compl\u00e9ment \u200dalimentaire \u2063contient une vari\u00e9t\u00e9 d&#8217;ingr\u00e9dients naturels et biologiques pour\u2064 soutenir \u200cla sant\u00e9 et le bien-\u00eatre des hommes, notamment:<\/p>\n<ul>\n<li>Vitamines B-complexes pour \u200cl&#8217;\u00e9nergie et la sant\u00e9 cardiovasculaire<\/li>\n<li>Vitamine D pour la sant\u00e9 osseuse et immunitaire<\/li>\n<li>Vitamine C pour la\u200b sant\u00e9 immunitaire et la production de\u2063 collag\u00e8ne<\/li>\n<li>Zinc pour\u200c la sant\u00e9 de la\u2062 prostate et \u2064la fonction hormonale<\/li>\n<li>Antioxydants provenant de \u200cfruits\u2063 et l\u00e9gumes\u200c biologiques pour prot\u00e9ger contre les\u200c dommages des radicaux libres<\/li>\n<\/ul>\n<h2>Avantages \u200buniques:<\/h2>\n<p>Mykind Organics Men&#8217;s Multi\u2062 offre une formule compl\u00e8te et naturelle pour\u2063 r\u00e9pondre aux \u200dbesoins nutritionnels sp\u00e9cifiques des \u200bhommes. Les ingr\u00e9dients\u2063 biologiques \u200dcertifi\u00e9s et la formule v\u00e9g\u00e9talienne en font un choix sain et respectueux de l&#8217;environnement.\u2062 De plus, ces comprim\u00e9s sont faciles \u00e0 dig\u00e9rer et\u200d \u00e0 absorber, ce qui \u200cles rend id\u00e9aux pour une\u200b utilisation quotidienne.<\/p>\n<h2>Principales caract\u00e9ristiques:<\/h2>\n<ul>\n<li>Compl\u00e9ment alimentaire complet \u2062pour les hommes<\/li>\n<li>Fabriqu\u00e9 \u00e0 partir d&#8217;ingr\u00e9dients biologiques certifi\u00e9s<\/li>\n<li>V\u00e9g\u00e9talien, sans OGM et\u200d sans gluten<\/li>\n<li>Contient des vitamines, min\u00e9raux et antioxydants essentiels<\/li>\n<li>Facile \u00e0 dig\u00e9rer et \u00e0 absorber<\/li>\n<li>60 \u2064comprim\u00e9s \u200cpar bouteille<\/li>\n<\/ul>\n<p>Prenez soin de votre sant\u00e9 avec\u200d Mykind Organics Men&#8217;s Multi de Garden of Life. \u200cCommandez d\u00e8s\u2062 maintenant et \u200dprofitez d&#8217;une formule compl\u00e8te\u200b et naturelle \u2062pour r\u00e9pondre \u00e0 vos besoins\u2064 nutritionnels sp\u00e9cifiques en tant qu&#8217;homme.<\/p>\n","protected":false},"excerpt":{"rendered":"<p>Mykind Organics Men&#8217;s Multi &#8211; 60 vegan\u200d tablets Garden of Life \u200dest fier de pr\u00e9senter Mykind Organics Men&#8217;s Multi, un compl\u00e9ment alimentaire complet sp\u00e9cialement con\u00e7u pour \u2064r\u00e9pondre aux besoins nutritionnels des hommes.\u2062 Ces comprim\u00e9s \u2063v\u00e9g\u00e9taliens sont fabriqu\u00e9s \u00e0 partir \u2063d&#8217;ingr\u00e9dients biologiques certifi\u00e9s, sans OGM et\u200d sans gluten, pour une formule naturelle et saine. Caract\u00e9ristiques sp\u00e9ciales: [&#8230;]\n","protected":false},"featured_media":260827,"comment_status":"open","ping_status":"open","template":"","meta":[],"product_brand":[4810],"product_cat":[5052,5122,5053],"product_tag":[],"class_list":{"0":"post-285096","1":"product","2":"type-product","3":"status-publish","4":"has-post-thumbnail","6":"product_brand-garden-of-life-2","7":"product_cat-sante-et-bien-etre","8":"product_cat-sante-sexuelle","9":"product_cat-vitamines-et-mineraux","11":"first","12":"instock","13":"sale","14":"taxable","15":"shipping-taxable","16":"purchasable","17":"product-type-simple"},"yoast_head":"<!-- This site is optimized with the Yoast SEO Premium plugin v27.3 (Yoast SEO v27.3) - https:\/\/yoast.com\/product\/yoast-seo-premium-wordpress\/ -->\n<title>Multi-vitamines pour hommes Mykind Organics - 60 comprim\u00e9s v\u00e9g\u00e9taliens - ECO Supplements<\/title>\n<meta name=\"description\" content=\"Wij hebben een ruime keuze aan producten van Multi-vitamines pour hommes Mykind Organics - 60 comprim\u00e9s v\u00e9g\u00e9taliens . Winkel bij Eco Supplements altijd gratis verzending boven 100\u20ac\" \/>\n<meta name=\"robots\" content=\"index, follow, max-snippet:-1, max-image-preview:large, max-video-preview:-1\" \/>\n<link rel=\"canonical\" href=\"https:\/\/ecosupplements.be\/fr\/produit\/multi-vitamines-pour-hommes-mykind-organics-60-comprimes-vegetaliens\/\" \/>\n<meta property=\"og:locale\" content=\"fr_FR\" \/>\n<meta property=\"og:type\" content=\"article\" \/>\n<meta property=\"og:title\" content=\"Multi-vitamines pour hommes Mykind Organics - 60 comprim\u00e9s v\u00e9g\u00e9taliens\" \/>\n<meta property=\"og:description\" content=\"Wij hebben een ruime keuze aan producten van Multi-vitamines pour hommes Mykind Organics - 60 comprim\u00e9s v\u00e9g\u00e9taliens . Winkel bij Eco Supplements altijd gratis verzending boven 100\u20ac\" \/>\n<meta property=\"og:url\" content=\"https:\/\/ecosupplements.be\/fr\/produit\/multi-vitamines-pour-hommes-mykind-organics-60-comprimes-vegetaliens\/\" \/>\n<meta property=\"og:site_name\" content=\"ECO Supplements\" \/>\n<meta property=\"article:modified_time\" content=\"2025-08-27T12:45:45+00:00\" \/>\n<meta property=\"og:image\" content=\"https:\/\/ecosupplements.be\/wp-content\/uploads\/2025\/08\/Mykind-Organics-Mens-Multi-60-vegan-tabs-1.jpg\" \/>\n\t<meta property=\"og:image:width\" content=\"630\" \/>\n\t<meta property=\"og:image:height\" content=\"630\" \/>\n\t<meta property=\"og:image:type\" content=\"image\/jpeg\" \/>\n<meta name=\"twitter:card\" content=\"summary_large_image\" \/>\n<meta name=\"twitter:label1\" content=\"Prix\" \/>\n\t<meta name=\"twitter:data1\" content=\"46.77&nbsp;&euro;\" \/>\n\t<meta name=\"twitter:label2\" content=\"Disponibilit\u00e9\" \/>\n\t<meta name=\"twitter:data2\" content=\"En stock\" \/>\n<script type=\"application\/ld+json\" class=\"yoast-schema-graph\">{\"@context\":\"https:\\\/\\\/schema.org\",\"@graph\":[{\"@type\":[\"WebPage\",\"ItemPage\"],\"@id\":\"https:\\\/\\\/ecosupplements.be\\\/fr\\\/produit\\\/multi-vitamines-pour-hommes-mykind-organics-60-comprimes-vegetaliens\\\/\",\"url\":\"https:\\\/\\\/ecosupplements.be\\\/fr\\\/produit\\\/multi-vitamines-pour-hommes-mykind-organics-60-comprimes-vegetaliens\\\/\",\"name\":\"Multi-vitamines pour hommes Mykind Organics - 60 comprim\u00e9s v\u00e9g\u00e9taliens - ECO Supplements\",\"isPartOf\":{\"@id\":\"https:\\\/\\\/ecosupplements.be\\\/fr\\\/#website\"},\"primaryImageOfPage\":{\"@id\":\"https:\\\/\\\/ecosupplements.be\\\/fr\\\/produit\\\/multi-vitamines-pour-hommes-mykind-organics-60-comprimes-vegetaliens\\\/#primaryimage\"},\"image\":{\"@id\":\"https:\\\/\\\/ecosupplements.be\\\/fr\\\/produit\\\/multi-vitamines-pour-hommes-mykind-organics-60-comprimes-vegetaliens\\\/#primaryimage\"},\"thumbnailUrl\":\"https:\\\/\\\/ecosupplements.be\\\/wp-content\\\/uploads\\\/2025\\\/08\\\/Mykind-Organics-Mens-Multi-60-vegan-tabs.jpg\",\"datePublished\":\"2022-09-22T11:57:50+00:00\",\"dateModified\":\"2025-08-27T12:45:45+00:00\",\"description\":\"Wij hebben een ruime keuze aan producten van Multi-vitamines pour hommes Mykind Organics - 60 comprim\u00e9s v\u00e9g\u00e9taliens . Winkel bij Eco Supplements altijd gratis verzending boven 100\u20ac\",\"breadcrumb\":{\"@id\":\"https:\\\/\\\/ecosupplements.be\\\/fr\\\/produit\\\/multi-vitamines-pour-hommes-mykind-organics-60-comprimes-vegetaliens\\\/#breadcrumb\"},\"inLanguage\":\"fr-FR\",\"potentialAction\":[{\"@type\":\"ReadAction\",\"target\":[\"https:\\\/\\\/ecosupplements.be\\\/fr\\\/produit\\\/multi-vitamines-pour-hommes-mykind-organics-60-comprimes-vegetaliens\\\/\"]}]},{\"@type\":\"ImageObject\",\"inLanguage\":\"fr-FR\",\"@id\":\"https:\\\/\\\/ecosupplements.be\\\/fr\\\/produit\\\/multi-vitamines-pour-hommes-mykind-organics-60-comprimes-vegetaliens\\\/#primaryimage\",\"url\":\"https:\\\/\\\/ecosupplements.be\\\/wp-content\\\/uploads\\\/2025\\\/08\\\/Mykind-Organics-Mens-Multi-60-vegan-tabs.jpg\",\"contentUrl\":\"https:\\\/\\\/ecosupplements.be\\\/wp-content\\\/uploads\\\/2025\\\/08\\\/Mykind-Organics-Mens-Multi-60-vegan-tabs.jpg\",\"width\":630,\"height\":630},{\"@type\":\"BreadcrumbList\",\"@id\":\"https:\\\/\\\/ecosupplements.be\\\/fr\\\/produit\\\/multi-vitamines-pour-hommes-mykind-organics-60-comprimes-vegetaliens\\\/#breadcrumb\",\"itemListElement\":[{\"@type\":\"ListItem\",\"position\":1,\"name\":\"Home\",\"item\":\"https:\\\/\\\/ecosupplements.be\\\/fr\\\/\"},{\"@type\":\"ListItem\",\"position\":2,\"name\":\"Boutique\",\"item\":\"https:\\\/\\\/ecosupplements.be\\\/fr\\\/boutique\\\/\"},{\"@type\":\"ListItem\",\"position\":3,\"name\":\"Multi-vitamines pour hommes Mykind Organics &#8211; 60 comprim\u00e9s v\u00e9g\u00e9taliens\"}]},{\"@type\":\"WebSite\",\"@id\":\"https:\\\/\\\/ecosupplements.be\\\/fr\\\/#website\",\"url\":\"https:\\\/\\\/ecosupplements.be\\\/fr\\\/\",\"name\":\"ECO Supplements\",\"description\":\"Eco Supplements - Gezonde supplementen\",\"publisher\":{\"@id\":\"https:\\\/\\\/ecosupplements.be\\\/fr\\\/#organization\"},\"potentialAction\":[{\"@type\":\"SearchAction\",\"target\":{\"@type\":\"EntryPoint\",\"urlTemplate\":\"https:\\\/\\\/ecosupplements.be\\\/fr\\\/?s={search_term_string}\"},\"query-input\":{\"@type\":\"PropertyValueSpecification\",\"valueRequired\":true,\"valueName\":\"search_term_string\"}}],\"inLanguage\":\"fr-FR\"},{\"@type\":\"Organization\",\"@id\":\"https:\\\/\\\/ecosupplements.be\\\/fr\\\/#organization\",\"name\":\"Eco Supplements\",\"url\":\"https:\\\/\\\/ecosupplements.be\\\/fr\\\/\",\"logo\":{\"@type\":\"ImageObject\",\"inLanguage\":\"fr-FR\",\"@id\":\"https:\\\/\\\/ecosupplements.be\\\/fr\\\/#\\\/schema\\\/logo\\\/image\\\/\",\"url\":\"https:\\\/\\\/ecosupplements.be\\\/wp-content\\\/uploads\\\/2022\\\/06\\\/ecosupplement-family.png\",\"contentUrl\":\"https:\\\/\\\/ecosupplements.be\\\/wp-content\\\/uploads\\\/2022\\\/06\\\/ecosupplement-family.png\",\"width\":593,\"height\":374,\"caption\":\"Eco Supplements\"},\"image\":{\"@id\":\"https:\\\/\\\/ecosupplements.be\\\/fr\\\/#\\\/schema\\\/logo\\\/image\\\/\"}}]}<\/script>\n<meta property=\"product:brand\" content=\"Garden of Life\" \/>\n<meta property=\"product:price:amount\" content=\"46.77\" \/>\n<meta property=\"product:price:currency\" content=\"EUR\" \/>\n<meta property=\"og:availability\" content=\"instock\" \/>\n<meta property=\"product:availability\" content=\"instock\" \/>\n<meta property=\"product:retailer_item_id\" content=\"658010117647\" \/>\n<meta property=\"product:condition\" content=\"new\" \/>\n<!-- \/ Yoast SEO Premium plugin. -->","yoast_head_json":{"title":"Multi-vitamines pour hommes Mykind Organics - 60 comprim\u00e9s v\u00e9g\u00e9taliens - ECO Supplements","description":"Wij hebben een ruime keuze aan producten van Multi-vitamines pour hommes Mykind Organics - 60 comprim\u00e9s v\u00e9g\u00e9taliens . Winkel bij Eco Supplements altijd gratis verzending boven 100\u20ac","robots":{"index":"index","follow":"follow","max-snippet":"max-snippet:-1","max-image-preview":"max-image-preview:large","max-video-preview":"max-video-preview:-1"},"canonical":"https:\/\/ecosupplements.be\/fr\/produit\/multi-vitamines-pour-hommes-mykind-organics-60-comprimes-vegetaliens\/","og_locale":"fr_FR","og_type":"article","og_title":"Multi-vitamines pour hommes Mykind Organics - 60 comprim\u00e9s v\u00e9g\u00e9taliens","og_description":"Wij hebben een ruime keuze aan producten van Multi-vitamines pour hommes Mykind Organics - 60 comprim\u00e9s v\u00e9g\u00e9taliens . Winkel bij Eco Supplements altijd gratis verzending boven 100\u20ac","og_url":"https:\/\/ecosupplements.be\/fr\/produit\/multi-vitamines-pour-hommes-mykind-organics-60-comprimes-vegetaliens\/","og_site_name":"ECO Supplements","article_modified_time":"2025-08-27T12:45:45+00:00","og_image":[{"width":630,"height":630,"url":"https:\/\/ecosupplements.be\/wp-content\/uploads\/2025\/08\/Mykind-Organics-Mens-Multi-60-vegan-tabs-1.jpg","type":"image\/jpeg"}],"twitter_card":"summary_large_image","twitter_misc":{"Prix":"46.77&nbsp;&euro;","Disponibilit\u00e9":"En stock"},"schema":{"@context":"https:\/\/schema.org","@graph":[{"@type":["WebPage","ItemPage"],"@id":"https:\/\/ecosupplements.be\/fr\/produit\/multi-vitamines-pour-hommes-mykind-organics-60-comprimes-vegetaliens\/","url":"https:\/\/ecosupplements.be\/fr\/produit\/multi-vitamines-pour-hommes-mykind-organics-60-comprimes-vegetaliens\/","name":"Multi-vitamines pour hommes Mykind Organics - 60 comprim\u00e9s v\u00e9g\u00e9taliens - ECO Supplements","isPartOf":{"@id":"https:\/\/ecosupplements.be\/fr\/#website"},"primaryImageOfPage":{"@id":"https:\/\/ecosupplements.be\/fr\/produit\/multi-vitamines-pour-hommes-mykind-organics-60-comprimes-vegetaliens\/#primaryimage"},"image":{"@id":"https:\/\/ecosupplements.be\/fr\/produit\/multi-vitamines-pour-hommes-mykind-organics-60-comprimes-vegetaliens\/#primaryimage"},"thumbnailUrl":"https:\/\/ecosupplements.be\/wp-content\/uploads\/2025\/08\/Mykind-Organics-Mens-Multi-60-vegan-tabs.jpg","datePublished":"2022-09-22T11:57:50+00:00","dateModified":"2025-08-27T12:45:45+00:00","description":"Wij hebben een ruime keuze aan producten van Multi-vitamines pour hommes Mykind Organics - 60 comprim\u00e9s v\u00e9g\u00e9taliens . Winkel bij Eco Supplements altijd gratis verzending boven 100\u20ac","breadcrumb":{"@id":"https:\/\/ecosupplements.be\/fr\/produit\/multi-vitamines-pour-hommes-mykind-organics-60-comprimes-vegetaliens\/#breadcrumb"},"inLanguage":"fr-FR","potentialAction":[{"@type":"ReadAction","target":["https:\/\/ecosupplements.be\/fr\/produit\/multi-vitamines-pour-hommes-mykind-organics-60-comprimes-vegetaliens\/"]}]},{"@type":"ImageObject","inLanguage":"fr-FR","@id":"https:\/\/ecosupplements.be\/fr\/produit\/multi-vitamines-pour-hommes-mykind-organics-60-comprimes-vegetaliens\/#primaryimage","url":"https:\/\/ecosupplements.be\/wp-content\/uploads\/2025\/08\/Mykind-Organics-Mens-Multi-60-vegan-tabs.jpg","contentUrl":"https:\/\/ecosupplements.be\/wp-content\/uploads\/2025\/08\/Mykind-Organics-Mens-Multi-60-vegan-tabs.jpg","width":630,"height":630},{"@type":"BreadcrumbList","@id":"https:\/\/ecosupplements.be\/fr\/produit\/multi-vitamines-pour-hommes-mykind-organics-60-comprimes-vegetaliens\/#breadcrumb","itemListElement":[{"@type":"ListItem","position":1,"name":"Home","item":"https:\/\/ecosupplements.be\/fr\/"},{"@type":"ListItem","position":2,"name":"Boutique","item":"https:\/\/ecosupplements.be\/fr\/boutique\/"},{"@type":"ListItem","position":3,"name":"Multi-vitamines pour hommes Mykind Organics &#8211; 60 comprim\u00e9s v\u00e9g\u00e9taliens"}]},{"@type":"WebSite","@id":"https:\/\/ecosupplements.be\/fr\/#website","url":"https:\/\/ecosupplements.be\/fr\/","name":"ECO Supplements","description":"Eco Supplements - Gezonde supplementen","publisher":{"@id":"https:\/\/ecosupplements.be\/fr\/#organization"},"potentialAction":[{"@type":"SearchAction","target":{"@type":"EntryPoint","urlTemplate":"https:\/\/ecosupplements.be\/fr\/?s={search_term_string}"},"query-input":{"@type":"PropertyValueSpecification","valueRequired":true,"valueName":"search_term_string"}}],"inLanguage":"fr-FR"},{"@type":"Organization","@id":"https:\/\/ecosupplements.be\/fr\/#organization","name":"Eco Supplements","url":"https:\/\/ecosupplements.be\/fr\/","logo":{"@type":"ImageObject","inLanguage":"fr-FR","@id":"https:\/\/ecosupplements.be\/fr\/#\/schema\/logo\/image\/","url":"https:\/\/ecosupplements.be\/wp-content\/uploads\/2022\/06\/ecosupplement-family.png","contentUrl":"https:\/\/ecosupplements.be\/wp-content\/uploads\/2022\/06\/ecosupplement-family.png","width":593,"height":374,"caption":"Eco Supplements"},"image":{"@id":"https:\/\/ecosupplements.be\/fr\/#\/schema\/logo\/image\/"}}]},"product_brand":"Garden of Life","product_price_amount":"46.77","product_price_currency":"EUR","og_availability":"instock","product_availability":"instock","product_retailer_item_id":"658010117647","product_condition":"new"},"_links":{"self":[{"href":"https:\/\/ecosupplements.be\/fr\/wp-json\/wp\/v2\/product\/285096","targetHints":{"allow":["GET"]}}],"collection":[{"href":"https:\/\/ecosupplements.be\/fr\/wp-json\/wp\/v2\/product"}],"about":[{"href":"https:\/\/ecosupplements.be\/fr\/wp-json\/wp\/v2\/types\/product"}],"replies":[{"embeddable":true,"href":"https:\/\/ecosupplements.be\/fr\/wp-json\/wp\/v2\/comments?post=285096"}],"wp:featuredmedia":[{"embeddable":true,"href":"https:\/\/ecosupplements.be\/fr\/wp-json\/wp\/v2\/media\/260827"}],"wp:attachment":[{"href":"https:\/\/ecosupplements.be\/fr\/wp-json\/wp\/v2\/media?parent=285096"}],"wp:term":[{"taxonomy":"product_brand","embeddable":true,"href":"https:\/\/ecosupplements.be\/fr\/wp-json\/wp\/v2\/product_brand?post=285096"},{"taxonomy":"product_cat","embeddable":true,"href":"https:\/\/ecosupplements.be\/fr\/wp-json\/wp\/v2\/product_cat?post=285096"},{"taxonomy":"product_tag","embeddable":true,"href":"https:\/\/ecosupplements.be\/fr\/wp-json\/wp\/v2\/product_tag?post=285096"}],"curies":[{"name":"wp","href":"https:\/\/api.w.org\/{rel}","templated":true}]}}