{"id":285126,"date":"2024-04-18T02:01:16","date_gmt":"2024-04-18T01:01:16","guid":{"rendered":"https:\/\/ecosupplements.be\/product\/nettoyant-visage-au-charbon-detoxifiant-150-ml\/"},"modified":"2025-08-27T13:46:17","modified_gmt":"2025-08-27T12:46:17","slug":"nettoyant-visage-au-charbon-detoxifiant-150-ml","status":"publish","type":"product","link":"https:\/\/ecosupplements.be\/fr\/produit\/nettoyant-visage-au-charbon-detoxifiant-150-ml\/","title":{"rendered":"Nettoyant visage au charbon d\u00e9toxifiant &#8211; 150 ml"},"content":{"rendered":"<h1>D\u00e9couvrez notre nouveau Detoxifying Charcoal\u200b Face Wash &#8211; 150 ml<\/h1>\n<p>Offrez \u00e0 votre peau un nettoyage en profondeur avec notre nouveau Detoxifying Charcoal\u2064 Face Wash. Formul\u00e9 avec du charbon\u2062 actif, ce nettoyant \u00e9limine \u2062efficacement les\u200d impuret\u00e9s et les \u200btoxines de la \u200dpeau, la laissant propre et rafra\u00eechie.<\/p>\n<h2>Caract\u00e9ristiques sp\u00e9ciales:<\/h2>\n<ul>\n<li>Contient du charbon actif qui aide \u00e0 \u00e9liminer les impuret\u00e9s et les toxines de la peau<\/li>\n<li>Formule douce et non dess\u00e9chante\u200c pour une utilisation quotidienne<\/li>\n<li>Convient \u00e0 tous les \u2063types de peau<\/li>\n<li>Contient des ingr\u00e9dients naturels pour une peau saine et \u00e9clatante<\/li>\n<\/ul>\n<h2>Ingr\u00e9dients cl\u00e9s:<\/h2>\n<p>Notre Detoxifying Charcoal Face Wash est enrichi en charbon actif, un ingr\u00e9dient puissant qui\u2062 aide \u00e0 \u00e9liminer les impuret\u00e9s et les toxines de la peau. Il\u2064 contient\u200d \u00e9galement des extraits de \u200cplantes naturelles \u2063comme le neem et le curcuma, connus pour\u200d leurs propri\u00e9t\u00e9s purifiantes et anti-inflammatoires.<\/p>\n<h2>Avantages uniques:<\/h2>\n<ul>\n<li>Nettoie\u2063 en profondeur la peau en \u00e9liminant les \u2062impuret\u00e9s et les toxines<\/li>\n<li>Pr\u00e9vient les \u200b\u00e9ruptions cutan\u00e9es et les imperfections<\/li>\n<li>Laisse la peau propre, rafra\u00eechie\u2062 et \u00e9clatante<\/li>\n<li>Convient \u00e0 tous\u2062 les types de peau, \u200bm\u00eame \u2063les plus sensibles<\/li>\n<\/ul>\n<h2>Mode d&#8217;emploi:<\/h2>\n<p>Mouillez votre visage avec de l&#8217;eau ti\u00e8de, puis appliquez\u2063 une petite quantit\u00e9 de Detoxifying Charcoal Face Wash sur votre peau. Massez doucement \u2063en faisant des mouvements circulaires, en \u00e9vitant le contour des \u200byeux. Rincez abondamment \u00e0 l&#8217;eau ti\u00e8de et s\u00e9chez votre visage en tapotant avec\u200b une \u2063serviette propre.\u200b Utilisez\u2063 matin et soir pour des r\u00e9sultats optimaux.<\/p>\n<p>Offrez \u200b\u00e0 votre peau un nettoyage en profondeur avec notre nouveau Detoxifying\u2063 Charcoal Face Wash.\u2063 Commandez \u200cd\u00e8s maintenant et d\u00e9couvrez \u2064une peau propre, rafra\u00eechie et \u00e9clatante !<\/p>\n","protected":false},"excerpt":{"rendered":"<p>D\u00e9couvrez notre nouveau Detoxifying Charcoal\u200b Face Wash &#8211; 150 ml Offrez \u00e0 votre peau un nettoyage en profondeur avec notre nouveau Detoxifying Charcoal\u2064 Face Wash. Formul\u00e9 avec du charbon\u2062 actif, ce nettoyant \u00e9limine \u2062efficacement les\u200d impuret\u00e9s et les \u200btoxines de la \u200dpeau, la laissant propre et rafra\u00eechie. Caract\u00e9ristiques sp\u00e9ciales: Contient du charbon actif qui aide [&#8230;]\n","protected":false},"featured_media":265406,"comment_status":"open","ping_status":"open","template":"","meta":[],"product_brand":[4715],"product_cat":[5114,5052],"product_tag":[],"class_list":{"0":"post-285126","1":"product","2":"type-product","3":"status-publish","4":"has-post-thumbnail","6":"product_brand-himalaya-2","7":"product_cat-beaute","8":"product_cat-sante-et-bien-etre","10":"first","11":"instock","12":"taxable","13":"shipping-taxable","14":"purchasable","15":"product-type-simple"},"yoast_head":"<!-- This site is optimized with the Yoast SEO Premium plugin v27.5 (Yoast SEO v27.5) - https:\/\/yoast.com\/product\/yoast-seo-premium-wordpress\/ -->\n<title>Nettoyant visage au charbon d\u00e9toxifiant - 150 ml - ECO Supplements<\/title>\n<meta name=\"description\" content=\"Wij hebben een ruime keuze aan producten van Nettoyant visage au charbon d\u00e9toxifiant - 150 ml . Winkel bij Eco Supplements altijd gratis verzending boven 100\u20ac\" \/>\n<meta name=\"robots\" content=\"index, follow, max-snippet:-1, max-image-preview:large, max-video-preview:-1\" \/>\n<link rel=\"canonical\" href=\"https:\/\/ecosupplements.be\/fr\/produit\/nettoyant-visage-au-charbon-detoxifiant-150-ml\/\" \/>\n<meta property=\"og:locale\" content=\"fr_FR\" \/>\n<meta property=\"og:type\" content=\"article\" \/>\n<meta property=\"og:title\" content=\"Nettoyant visage au charbon d\u00e9toxifiant - 150 ml\" \/>\n<meta property=\"og:description\" content=\"Wij hebben een ruime keuze aan producten van Nettoyant visage au charbon d\u00e9toxifiant - 150 ml . Winkel bij Eco Supplements altijd gratis verzending boven 100\u20ac\" \/>\n<meta property=\"og:url\" content=\"https:\/\/ecosupplements.be\/fr\/produit\/nettoyant-visage-au-charbon-detoxifiant-150-ml\/\" \/>\n<meta property=\"og:site_name\" content=\"ECO Supplements\" \/>\n<meta property=\"article:modified_time\" content=\"2025-08-27T12:46:17+00:00\" \/>\n<meta property=\"og:image\" content=\"https:\/\/ecosupplements.be\/wp-content\/uploads\/2025\/08\/Detoxifying-Charcoal-Face-Wash-150-ml-1.jpg\" \/>\n\t<meta property=\"og:image:width\" content=\"471\" \/>\n\t<meta property=\"og:image:height\" content=\"584\" \/>\n\t<meta property=\"og:image:type\" content=\"image\/jpeg\" \/>\n<meta name=\"twitter:card\" content=\"summary_large_image\" \/>\n<meta name=\"twitter:label1\" content=\"Prix\" \/>\n\t<meta name=\"twitter:data1\" content=\"4.31&nbsp;&euro;\" \/>\n\t<meta name=\"twitter:label2\" content=\"Disponibilit\u00e9\" \/>\n\t<meta name=\"twitter:data2\" content=\"En stock\" \/>\n<script type=\"application\/ld+json\" class=\"yoast-schema-graph\">{\"@context\":\"https:\\\/\\\/schema.org\",\"@graph\":[{\"@type\":[\"WebPage\",\"ItemPage\"],\"@id\":\"https:\\\/\\\/ecosupplements.be\\\/fr\\\/produit\\\/nettoyant-visage-au-charbon-detoxifiant-150-ml\\\/\",\"url\":\"https:\\\/\\\/ecosupplements.be\\\/fr\\\/produit\\\/nettoyant-visage-au-charbon-detoxifiant-150-ml\\\/\",\"name\":\"Nettoyant visage au charbon d\u00e9toxifiant - 150 ml - ECO Supplements\",\"isPartOf\":{\"@id\":\"https:\\\/\\\/ecosupplements.be\\\/fr\\\/#website\"},\"primaryImageOfPage\":{\"@id\":\"https:\\\/\\\/ecosupplements.be\\\/fr\\\/produit\\\/nettoyant-visage-au-charbon-detoxifiant-150-ml\\\/#primaryimage\"},\"image\":{\"@id\":\"https:\\\/\\\/ecosupplements.be\\\/fr\\\/produit\\\/nettoyant-visage-au-charbon-detoxifiant-150-ml\\\/#primaryimage\"},\"thumbnailUrl\":\"https:\\\/\\\/ecosupplements.be\\\/wp-content\\\/uploads\\\/2025\\\/08\\\/Detoxifying-Charcoal-Face-Wash-150-ml.jpg\",\"datePublished\":\"2024-04-18T01:01:16+00:00\",\"dateModified\":\"2025-08-27T12:46:17+00:00\",\"description\":\"Wij hebben een ruime keuze aan producten van Nettoyant visage au charbon d\u00e9toxifiant - 150 ml . Winkel bij Eco Supplements altijd gratis verzending boven 100\u20ac\",\"breadcrumb\":{\"@id\":\"https:\\\/\\\/ecosupplements.be\\\/fr\\\/produit\\\/nettoyant-visage-au-charbon-detoxifiant-150-ml\\\/#breadcrumb\"},\"inLanguage\":\"fr-FR\",\"potentialAction\":[{\"@type\":\"ReadAction\",\"target\":[\"https:\\\/\\\/ecosupplements.be\\\/fr\\\/produit\\\/nettoyant-visage-au-charbon-detoxifiant-150-ml\\\/\"]}]},{\"@type\":\"ImageObject\",\"inLanguage\":\"fr-FR\",\"@id\":\"https:\\\/\\\/ecosupplements.be\\\/fr\\\/produit\\\/nettoyant-visage-au-charbon-detoxifiant-150-ml\\\/#primaryimage\",\"url\":\"https:\\\/\\\/ecosupplements.be\\\/wp-content\\\/uploads\\\/2025\\\/08\\\/Detoxifying-Charcoal-Face-Wash-150-ml.jpg\",\"contentUrl\":\"https:\\\/\\\/ecosupplements.be\\\/wp-content\\\/uploads\\\/2025\\\/08\\\/Detoxifying-Charcoal-Face-Wash-150-ml.jpg\",\"width\":471,\"height\":584},{\"@type\":\"BreadcrumbList\",\"@id\":\"https:\\\/\\\/ecosupplements.be\\\/fr\\\/produit\\\/nettoyant-visage-au-charbon-detoxifiant-150-ml\\\/#breadcrumb\",\"itemListElement\":[{\"@type\":\"ListItem\",\"position\":1,\"name\":\"Home\",\"item\":\"https:\\\/\\\/ecosupplements.be\\\/fr\\\/\"},{\"@type\":\"ListItem\",\"position\":2,\"name\":\"Boutique\",\"item\":\"https:\\\/\\\/ecosupplements.be\\\/fr\\\/boutique\\\/\"},{\"@type\":\"ListItem\",\"position\":3,\"name\":\"Nettoyant visage au charbon d\u00e9toxifiant &#8211; 150 ml\"}]},{\"@type\":\"WebSite\",\"@id\":\"https:\\\/\\\/ecosupplements.be\\\/fr\\\/#website\",\"url\":\"https:\\\/\\\/ecosupplements.be\\\/fr\\\/\",\"name\":\"ECO Supplements\",\"description\":\"Eco Supplements - Gezonde supplementen\",\"publisher\":{\"@id\":\"https:\\\/\\\/ecosupplements.be\\\/fr\\\/#organization\"},\"potentialAction\":[{\"@type\":\"SearchAction\",\"target\":{\"@type\":\"EntryPoint\",\"urlTemplate\":\"https:\\\/\\\/ecosupplements.be\\\/fr\\\/?s={search_term_string}\"},\"query-input\":{\"@type\":\"PropertyValueSpecification\",\"valueRequired\":true,\"valueName\":\"search_term_string\"}}],\"inLanguage\":\"fr-FR\"},{\"@type\":\"Organization\",\"@id\":\"https:\\\/\\\/ecosupplements.be\\\/fr\\\/#organization\",\"name\":\"Eco Supplements\",\"url\":\"https:\\\/\\\/ecosupplements.be\\\/fr\\\/\",\"logo\":{\"@type\":\"ImageObject\",\"inLanguage\":\"fr-FR\",\"@id\":\"https:\\\/\\\/ecosupplements.be\\\/fr\\\/#\\\/schema\\\/logo\\\/image\\\/\",\"url\":\"https:\\\/\\\/ecosupplements.be\\\/wp-content\\\/uploads\\\/2022\\\/06\\\/ecosupplement-family.png\",\"contentUrl\":\"https:\\\/\\\/ecosupplements.be\\\/wp-content\\\/uploads\\\/2022\\\/06\\\/ecosupplement-family.png\",\"width\":593,\"height\":374,\"caption\":\"Eco Supplements\"},\"image\":{\"@id\":\"https:\\\/\\\/ecosupplements.be\\\/fr\\\/#\\\/schema\\\/logo\\\/image\\\/\"}}]}<\/script>\n<meta property=\"product:brand\" content=\"Himalaya\" \/>\n<meta property=\"product:price:amount\" content=\"4.31\" \/>\n<meta property=\"product:price:currency\" content=\"EUR\" \/>\n<meta property=\"og:availability\" content=\"instock\" \/>\n<meta property=\"product:availability\" content=\"instock\" \/>\n<meta property=\"product:retailer_item_id\" content=\"6291107223407\" \/>\n<meta property=\"product:condition\" content=\"new\" \/>\n<!-- \/ Yoast SEO Premium plugin. -->","yoast_head_json":{"title":"Nettoyant visage au charbon d\u00e9toxifiant - 150 ml - ECO Supplements","description":"Wij hebben een ruime keuze aan producten van Nettoyant visage au charbon d\u00e9toxifiant - 150 ml . Winkel bij Eco Supplements altijd gratis verzending boven 100\u20ac","robots":{"index":"index","follow":"follow","max-snippet":"max-snippet:-1","max-image-preview":"max-image-preview:large","max-video-preview":"max-video-preview:-1"},"canonical":"https:\/\/ecosupplements.be\/fr\/produit\/nettoyant-visage-au-charbon-detoxifiant-150-ml\/","og_locale":"fr_FR","og_type":"article","og_title":"Nettoyant visage au charbon d\u00e9toxifiant - 150 ml","og_description":"Wij hebben een ruime keuze aan producten van Nettoyant visage au charbon d\u00e9toxifiant - 150 ml . Winkel bij Eco Supplements altijd gratis verzending boven 100\u20ac","og_url":"https:\/\/ecosupplements.be\/fr\/produit\/nettoyant-visage-au-charbon-detoxifiant-150-ml\/","og_site_name":"ECO Supplements","article_modified_time":"2025-08-27T12:46:17+00:00","og_image":[{"width":471,"height":584,"url":"https:\/\/ecosupplements.be\/wp-content\/uploads\/2025\/08\/Detoxifying-Charcoal-Face-Wash-150-ml-1.jpg","type":"image\/jpeg"}],"twitter_card":"summary_large_image","twitter_misc":{"Prix":"4.31&nbsp;&euro;","Disponibilit\u00e9":"En stock"},"schema":{"@context":"https:\/\/schema.org","@graph":[{"@type":["WebPage","ItemPage"],"@id":"https:\/\/ecosupplements.be\/fr\/produit\/nettoyant-visage-au-charbon-detoxifiant-150-ml\/","url":"https:\/\/ecosupplements.be\/fr\/produit\/nettoyant-visage-au-charbon-detoxifiant-150-ml\/","name":"Nettoyant visage au charbon d\u00e9toxifiant - 150 ml - ECO Supplements","isPartOf":{"@id":"https:\/\/ecosupplements.be\/fr\/#website"},"primaryImageOfPage":{"@id":"https:\/\/ecosupplements.be\/fr\/produit\/nettoyant-visage-au-charbon-detoxifiant-150-ml\/#primaryimage"},"image":{"@id":"https:\/\/ecosupplements.be\/fr\/produit\/nettoyant-visage-au-charbon-detoxifiant-150-ml\/#primaryimage"},"thumbnailUrl":"https:\/\/ecosupplements.be\/wp-content\/uploads\/2025\/08\/Detoxifying-Charcoal-Face-Wash-150-ml.jpg","datePublished":"2024-04-18T01:01:16+00:00","dateModified":"2025-08-27T12:46:17+00:00","description":"Wij hebben een ruime keuze aan producten van Nettoyant visage au charbon d\u00e9toxifiant - 150 ml . Winkel bij Eco Supplements altijd gratis verzending boven 100\u20ac","breadcrumb":{"@id":"https:\/\/ecosupplements.be\/fr\/produit\/nettoyant-visage-au-charbon-detoxifiant-150-ml\/#breadcrumb"},"inLanguage":"fr-FR","potentialAction":[{"@type":"ReadAction","target":["https:\/\/ecosupplements.be\/fr\/produit\/nettoyant-visage-au-charbon-detoxifiant-150-ml\/"]}]},{"@type":"ImageObject","inLanguage":"fr-FR","@id":"https:\/\/ecosupplements.be\/fr\/produit\/nettoyant-visage-au-charbon-detoxifiant-150-ml\/#primaryimage","url":"https:\/\/ecosupplements.be\/wp-content\/uploads\/2025\/08\/Detoxifying-Charcoal-Face-Wash-150-ml.jpg","contentUrl":"https:\/\/ecosupplements.be\/wp-content\/uploads\/2025\/08\/Detoxifying-Charcoal-Face-Wash-150-ml.jpg","width":471,"height":584},{"@type":"BreadcrumbList","@id":"https:\/\/ecosupplements.be\/fr\/produit\/nettoyant-visage-au-charbon-detoxifiant-150-ml\/#breadcrumb","itemListElement":[{"@type":"ListItem","position":1,"name":"Home","item":"https:\/\/ecosupplements.be\/fr\/"},{"@type":"ListItem","position":2,"name":"Boutique","item":"https:\/\/ecosupplements.be\/fr\/boutique\/"},{"@type":"ListItem","position":3,"name":"Nettoyant visage au charbon d\u00e9toxifiant &#8211; 150 ml"}]},{"@type":"WebSite","@id":"https:\/\/ecosupplements.be\/fr\/#website","url":"https:\/\/ecosupplements.be\/fr\/","name":"ECO Supplements","description":"Eco Supplements - Gezonde supplementen","publisher":{"@id":"https:\/\/ecosupplements.be\/fr\/#organization"},"potentialAction":[{"@type":"SearchAction","target":{"@type":"EntryPoint","urlTemplate":"https:\/\/ecosupplements.be\/fr\/?s={search_term_string}"},"query-input":{"@type":"PropertyValueSpecification","valueRequired":true,"valueName":"search_term_string"}}],"inLanguage":"fr-FR"},{"@type":"Organization","@id":"https:\/\/ecosupplements.be\/fr\/#organization","name":"Eco Supplements","url":"https:\/\/ecosupplements.be\/fr\/","logo":{"@type":"ImageObject","inLanguage":"fr-FR","@id":"https:\/\/ecosupplements.be\/fr\/#\/schema\/logo\/image\/","url":"https:\/\/ecosupplements.be\/wp-content\/uploads\/2022\/06\/ecosupplement-family.png","contentUrl":"https:\/\/ecosupplements.be\/wp-content\/uploads\/2022\/06\/ecosupplement-family.png","width":593,"height":374,"caption":"Eco Supplements"},"image":{"@id":"https:\/\/ecosupplements.be\/fr\/#\/schema\/logo\/image\/"}}]},"product_brand":"Himalaya","product_price_amount":"4.31","product_price_currency":"EUR","og_availability":"instock","product_availability":"instock","product_retailer_item_id":"6291107223407","product_condition":"new"},"_links":{"self":[{"href":"https:\/\/ecosupplements.be\/fr\/wp-json\/wp\/v2\/product\/285126","targetHints":{"allow":["GET"]}}],"collection":[{"href":"https:\/\/ecosupplements.be\/fr\/wp-json\/wp\/v2\/product"}],"about":[{"href":"https:\/\/ecosupplements.be\/fr\/wp-json\/wp\/v2\/types\/product"}],"replies":[{"embeddable":true,"href":"https:\/\/ecosupplements.be\/fr\/wp-json\/wp\/v2\/comments?post=285126"}],"wp:featuredmedia":[{"embeddable":true,"href":"https:\/\/ecosupplements.be\/fr\/wp-json\/wp\/v2\/media\/265406"}],"wp:attachment":[{"href":"https:\/\/ecosupplements.be\/fr\/wp-json\/wp\/v2\/media?parent=285126"}],"wp:term":[{"taxonomy":"product_brand","embeddable":true,"href":"https:\/\/ecosupplements.be\/fr\/wp-json\/wp\/v2\/product_brand?post=285126"},{"taxonomy":"product_cat","embeddable":true,"href":"https:\/\/ecosupplements.be\/fr\/wp-json\/wp\/v2\/product_cat?post=285126"},{"taxonomy":"product_tag","embeddable":true,"href":"https:\/\/ecosupplements.be\/fr\/wp-json\/wp\/v2\/product_tag?post=285126"}],"curies":[{"name":"wp","href":"https:\/\/api.w.org\/{rel}","templated":true}]}}