{"id":285198,"date":"2022-10-06T19:01:28","date_gmt":"2022-10-06T18:01:28","guid":{"rendered":"https:\/\/ecosupplements.be\/product\/vitamine-e-naturelle-400-ui-90-capsules\/"},"modified":"2025-08-27T13:47:23","modified_gmt":"2025-08-27T12:47:23","slug":"vitamine-e-naturelle-400-ui-90-capsules","status":"publish","type":"product","link":"https:\/\/ecosupplements.be\/fr\/produit\/vitamine-e-naturelle-400-ui-90-capsules\/","title":{"rendered":"Vitamine E naturelle, 400 UI &#8211; 90 capsules"},"content":{"rendered":"<h1>Natural \u200bVitamin E, 400 IU &#8211; 90 caps<\/h1>\n<p>Obtenez votre dose \u200cquotidienne de vitamine E avec les capsules\u2062 Natural\u200d Vitamin E de Holland &#038;\u200c Barrett. Chaque capsule contient 400 UI de vitamine E naturelle, un antioxydant puissant\u200b qui aide \u00e0 prot\u00e9ger les cellules contre les dommages \u200ccaus\u00e9s par les radicaux libres.<\/p>\n<h2>Caract\u00e9ristiques sp\u00e9ciales:<\/h2>\n<ul>\n<li>Contient 400 UI de vitamine E \u200bnaturelle par capsule<\/li>\n<li>Antioxydant puissant pour prot\u00e9ger les cellules contre\u2062 les radicaux libres<\/li>\n<li>Facile \u00e0 avaler avec\u200d une capsule v\u00e9g\u00e9tarienne<\/li>\n<li>Convient aux v\u00e9g\u00e9tariens et v\u00e9g\u00e9taliens<\/li>\n<li>Fabriqu\u00e9 au Royaume-Uni selon les normes strictes de qualit\u00e9<\/li>\n<\/ul>\n<h2>Ingr\u00e9dients:<\/h2>\n<p>Chaque capsule contient 400 UI de vitamine E naturelle (d-alpha tocoph\u00e9rol), extraite de sources v\u00e9g\u00e9tales. Les autres ingr\u00e9dients \u2062comprennent de l&#8217;huile de soja, de la g\u00e9latine, de la glyc\u00e9rine et de l&#8217;eau.<\/p>\n<h2>Avantages\u2062 uniques:<\/h2>\n<p>La vitamine E est un nutriment essentiel pour le corps, mais \u2063il peut\u200d \u00eatre difficile d&#8217;en obtenir suffisamment \u2064\u00e0 partir de l&#8217;alimentation seule. Les\u2063 capsules Natural Vitamin E de Holland &#038; Barrett offrent une solution pratique pour obtenir votre dose quotidienne \u200bde\u200c vitamine E. En tant qu&#8217;antioxydant,\u2063 la \u200bvitamine E aide \u00e0 prot\u00e9ger les cellules \u2063contre\u200b les dommages\u200d caus\u00e9s par les radicaux libres, \u2064ce qui peut contribuer \u00e0 une peau plus \u2064saine et \u2063\u00e0 un syst\u00e8me\u200c immunitaire\u200d plus fort.<\/p>\n<h2>Principales caract\u00e9ristiques:<\/h2>\n<ul>\n<li>Contient 90 capsules par bouteille,\u2064 pour\u200c un \u200dapprovisionnement de 3 mois<\/li>\n<li>Facile \u00e0\u200d avaler avec une capsule v\u00e9g\u00e9tarienne<\/li>\n<li>Convient aux v\u00e9g\u00e9tariens et \u200bv\u00e9g\u00e9taliens<\/li>\n<li>Fabriqu\u00e9 \u200bau Royaume-Uni selon\u200b les normes strictes de\u200b qualit\u00e9<\/li>\n<li>Ne contient pas de colorants artificiels, de saveurs ou\u200d de conservateurs<\/li>\n<\/ul>\n<p>Prenez \u2062soin de votre sant\u00e9 avec les capsules \u2063Natural Vitamin E de Holland\u200b &#038; Barrett. Commandez d\u00e8s maintenant et profitez des bienfaits de la vitamine E\u2063 pour votre \u200bcorps et votre bien-\u00eatre g\u00e9n\u00e9ral.<\/p>\n","protected":false},"excerpt":{"rendered":"<p>Natural \u200bVitamin E, 400 IU &#8211; 90 caps Obtenez votre dose \u200cquotidienne de vitamine E avec les capsules\u2062 Natural\u200d Vitamin E de Holland &#038;\u200c Barrett. Chaque capsule contient 400 UI de vitamine E naturelle, un antioxydant puissant\u200b qui aide \u00e0 prot\u00e9ger les cellules contre les dommages \u200ccaus\u00e9s par les radicaux libres. Caract\u00e9ristiques sp\u00e9ciales: Contient 400 [&#8230;]\n","protected":false},"featured_media":260980,"comment_status":"open","ping_status":"open","template":"","meta":[],"product_brand":[4819],"product_cat":[5052,5053,5059],"product_tag":[],"class_list":{"0":"post-285198","1":"product","2":"type-product","3":"status-publish","4":"has-post-thumbnail","6":"product_brand-holland-barrett-2","7":"product_cat-sante-et-bien-etre","8":"product_cat-vitamines-et-mineraux","9":"product_cat-vitamines-simples","11":"first","12":"instock","13":"sale","14":"taxable","15":"shipping-taxable","16":"purchasable","17":"product-type-simple"},"yoast_head":"<!-- This site is optimized with the Yoast SEO Premium plugin v27.5 (Yoast SEO v27.5) - https:\/\/yoast.com\/product\/yoast-seo-premium-wordpress\/ -->\n<title>Vitamine E naturelle, 400 UI - 90 capsules - ECO Supplements<\/title>\n<meta name=\"description\" content=\"Wij hebben een ruime keuze aan producten van Vitamine E naturelle, 400 UI - 90 capsules . Winkel bij Eco Supplements altijd gratis verzending boven 100\u20ac\" \/>\n<meta name=\"robots\" content=\"index, follow, max-snippet:-1, max-image-preview:large, max-video-preview:-1\" \/>\n<link rel=\"canonical\" href=\"https:\/\/ecosupplements.be\/fr\/produit\/vitamine-e-naturelle-400-ui-90-capsules\/\" \/>\n<meta property=\"og:locale\" content=\"fr_FR\" \/>\n<meta property=\"og:type\" content=\"article\" \/>\n<meta property=\"og:title\" content=\"Vitamine E naturelle, 400 UI - 90 capsules\" \/>\n<meta property=\"og:description\" content=\"Wij hebben een ruime keuze aan producten van Vitamine E naturelle, 400 UI - 90 capsules . Winkel bij Eco Supplements altijd gratis verzending boven 100\u20ac\" \/>\n<meta property=\"og:url\" content=\"https:\/\/ecosupplements.be\/fr\/produit\/vitamine-e-naturelle-400-ui-90-capsules\/\" \/>\n<meta property=\"og:site_name\" content=\"ECO Supplements\" \/>\n<meta property=\"article:modified_time\" content=\"2025-08-27T12:47:23+00:00\" \/>\n<meta property=\"og:image\" content=\"https:\/\/ecosupplements.be\/wp-content\/uploads\/2025\/08\/Natural-Vitamin-E-400-IU-90-caps-EAN-5059604471209-1.jpg\" \/>\n\t<meta property=\"og:image:width\" content=\"724\" \/>\n\t<meta property=\"og:image:height\" content=\"724\" \/>\n\t<meta property=\"og:image:type\" content=\"image\/jpeg\" \/>\n<meta name=\"twitter:card\" content=\"summary_large_image\" \/>\n<meta name=\"twitter:label1\" content=\"Prix\" \/>\n\t<meta name=\"twitter:data1\" content=\"17.38&nbsp;&euro;\" \/>\n\t<meta name=\"twitter:label2\" content=\"Disponibilit\u00e9\" \/>\n\t<meta name=\"twitter:data2\" content=\"En stock\" \/>\n<script type=\"application\/ld+json\" class=\"yoast-schema-graph\">{\"@context\":\"https:\\\/\\\/schema.org\",\"@graph\":[{\"@type\":[\"WebPage\",\"ItemPage\"],\"@id\":\"https:\\\/\\\/ecosupplements.be\\\/fr\\\/produit\\\/vitamine-e-naturelle-400-ui-90-capsules\\\/\",\"url\":\"https:\\\/\\\/ecosupplements.be\\\/fr\\\/produit\\\/vitamine-e-naturelle-400-ui-90-capsules\\\/\",\"name\":\"Vitamine E naturelle, 400 UI - 90 capsules - ECO Supplements\",\"isPartOf\":{\"@id\":\"https:\\\/\\\/ecosupplements.be\\\/fr\\\/#website\"},\"primaryImageOfPage\":{\"@id\":\"https:\\\/\\\/ecosupplements.be\\\/fr\\\/produit\\\/vitamine-e-naturelle-400-ui-90-capsules\\\/#primaryimage\"},\"image\":{\"@id\":\"https:\\\/\\\/ecosupplements.be\\\/fr\\\/produit\\\/vitamine-e-naturelle-400-ui-90-capsules\\\/#primaryimage\"},\"thumbnailUrl\":\"https:\\\/\\\/ecosupplements.be\\\/wp-content\\\/uploads\\\/2025\\\/08\\\/Natural-Vitamin-E-400-IU-90-caps-EAN-5059604471209.jpg\",\"datePublished\":\"2022-10-06T18:01:28+00:00\",\"dateModified\":\"2025-08-27T12:47:23+00:00\",\"description\":\"Wij hebben een ruime keuze aan producten van Vitamine E naturelle, 400 UI - 90 capsules . Winkel bij Eco Supplements altijd gratis verzending boven 100\u20ac\",\"breadcrumb\":{\"@id\":\"https:\\\/\\\/ecosupplements.be\\\/fr\\\/produit\\\/vitamine-e-naturelle-400-ui-90-capsules\\\/#breadcrumb\"},\"inLanguage\":\"fr-FR\",\"potentialAction\":[{\"@type\":\"ReadAction\",\"target\":[\"https:\\\/\\\/ecosupplements.be\\\/fr\\\/produit\\\/vitamine-e-naturelle-400-ui-90-capsules\\\/\"]}]},{\"@type\":\"ImageObject\",\"inLanguage\":\"fr-FR\",\"@id\":\"https:\\\/\\\/ecosupplements.be\\\/fr\\\/produit\\\/vitamine-e-naturelle-400-ui-90-capsules\\\/#primaryimage\",\"url\":\"https:\\\/\\\/ecosupplements.be\\\/wp-content\\\/uploads\\\/2025\\\/08\\\/Natural-Vitamin-E-400-IU-90-caps-EAN-5059604471209.jpg\",\"contentUrl\":\"https:\\\/\\\/ecosupplements.be\\\/wp-content\\\/uploads\\\/2025\\\/08\\\/Natural-Vitamin-E-400-IU-90-caps-EAN-5059604471209.jpg\",\"width\":724,\"height\":724},{\"@type\":\"BreadcrumbList\",\"@id\":\"https:\\\/\\\/ecosupplements.be\\\/fr\\\/produit\\\/vitamine-e-naturelle-400-ui-90-capsules\\\/#breadcrumb\",\"itemListElement\":[{\"@type\":\"ListItem\",\"position\":1,\"name\":\"Home\",\"item\":\"https:\\\/\\\/ecosupplements.be\\\/fr\\\/\"},{\"@type\":\"ListItem\",\"position\":2,\"name\":\"Boutique\",\"item\":\"https:\\\/\\\/ecosupplements.be\\\/fr\\\/boutique\\\/\"},{\"@type\":\"ListItem\",\"position\":3,\"name\":\"Vitamine E naturelle, 400 UI &#8211; 90 capsules\"}]},{\"@type\":\"WebSite\",\"@id\":\"https:\\\/\\\/ecosupplements.be\\\/fr\\\/#website\",\"url\":\"https:\\\/\\\/ecosupplements.be\\\/fr\\\/\",\"name\":\"ECO Supplements\",\"description\":\"Eco Supplements - Gezonde supplementen\",\"publisher\":{\"@id\":\"https:\\\/\\\/ecosupplements.be\\\/fr\\\/#organization\"},\"potentialAction\":[{\"@type\":\"SearchAction\",\"target\":{\"@type\":\"EntryPoint\",\"urlTemplate\":\"https:\\\/\\\/ecosupplements.be\\\/fr\\\/?s={search_term_string}\"},\"query-input\":{\"@type\":\"PropertyValueSpecification\",\"valueRequired\":true,\"valueName\":\"search_term_string\"}}],\"inLanguage\":\"fr-FR\"},{\"@type\":\"Organization\",\"@id\":\"https:\\\/\\\/ecosupplements.be\\\/fr\\\/#organization\",\"name\":\"Eco Supplements\",\"url\":\"https:\\\/\\\/ecosupplements.be\\\/fr\\\/\",\"logo\":{\"@type\":\"ImageObject\",\"inLanguage\":\"fr-FR\",\"@id\":\"https:\\\/\\\/ecosupplements.be\\\/fr\\\/#\\\/schema\\\/logo\\\/image\\\/\",\"url\":\"https:\\\/\\\/ecosupplements.be\\\/wp-content\\\/uploads\\\/2022\\\/06\\\/ecosupplement-family.png\",\"contentUrl\":\"https:\\\/\\\/ecosupplements.be\\\/wp-content\\\/uploads\\\/2022\\\/06\\\/ecosupplement-family.png\",\"width\":593,\"height\":374,\"caption\":\"Eco Supplements\"},\"image\":{\"@id\":\"https:\\\/\\\/ecosupplements.be\\\/fr\\\/#\\\/schema\\\/logo\\\/image\\\/\"}}]}<\/script>\n<meta property=\"product:brand\" content=\"Holland &amp; Barrett\" \/>\n<meta property=\"product:price:amount\" content=\"17.38\" \/>\n<meta property=\"product:price:currency\" content=\"EUR\" \/>\n<meta property=\"og:availability\" content=\"instock\" \/>\n<meta property=\"product:availability\" content=\"instock\" \/>\n<meta property=\"product:retailer_item_id\" content=\"5059604471209\" \/>\n<meta property=\"product:condition\" content=\"new\" \/>\n<!-- \/ Yoast SEO Premium plugin. -->","yoast_head_json":{"title":"Vitamine E naturelle, 400 UI - 90 capsules - ECO Supplements","description":"Wij hebben een ruime keuze aan producten van Vitamine E naturelle, 400 UI - 90 capsules . Winkel bij Eco Supplements altijd gratis verzending boven 100\u20ac","robots":{"index":"index","follow":"follow","max-snippet":"max-snippet:-1","max-image-preview":"max-image-preview:large","max-video-preview":"max-video-preview:-1"},"canonical":"https:\/\/ecosupplements.be\/fr\/produit\/vitamine-e-naturelle-400-ui-90-capsules\/","og_locale":"fr_FR","og_type":"article","og_title":"Vitamine E naturelle, 400 UI - 90 capsules","og_description":"Wij hebben een ruime keuze aan producten van Vitamine E naturelle, 400 UI - 90 capsules . Winkel bij Eco Supplements altijd gratis verzending boven 100\u20ac","og_url":"https:\/\/ecosupplements.be\/fr\/produit\/vitamine-e-naturelle-400-ui-90-capsules\/","og_site_name":"ECO Supplements","article_modified_time":"2025-08-27T12:47:23+00:00","og_image":[{"width":724,"height":724,"url":"https:\/\/ecosupplements.be\/wp-content\/uploads\/2025\/08\/Natural-Vitamin-E-400-IU-90-caps-EAN-5059604471209-1.jpg","type":"image\/jpeg"}],"twitter_card":"summary_large_image","twitter_misc":{"Prix":"17.38&nbsp;&euro;","Disponibilit\u00e9":"En stock"},"schema":{"@context":"https:\/\/schema.org","@graph":[{"@type":["WebPage","ItemPage"],"@id":"https:\/\/ecosupplements.be\/fr\/produit\/vitamine-e-naturelle-400-ui-90-capsules\/","url":"https:\/\/ecosupplements.be\/fr\/produit\/vitamine-e-naturelle-400-ui-90-capsules\/","name":"Vitamine E naturelle, 400 UI - 90 capsules - ECO Supplements","isPartOf":{"@id":"https:\/\/ecosupplements.be\/fr\/#website"},"primaryImageOfPage":{"@id":"https:\/\/ecosupplements.be\/fr\/produit\/vitamine-e-naturelle-400-ui-90-capsules\/#primaryimage"},"image":{"@id":"https:\/\/ecosupplements.be\/fr\/produit\/vitamine-e-naturelle-400-ui-90-capsules\/#primaryimage"},"thumbnailUrl":"https:\/\/ecosupplements.be\/wp-content\/uploads\/2025\/08\/Natural-Vitamin-E-400-IU-90-caps-EAN-5059604471209.jpg","datePublished":"2022-10-06T18:01:28+00:00","dateModified":"2025-08-27T12:47:23+00:00","description":"Wij hebben een ruime keuze aan producten van Vitamine E naturelle, 400 UI - 90 capsules . Winkel bij Eco Supplements altijd gratis verzending boven 100\u20ac","breadcrumb":{"@id":"https:\/\/ecosupplements.be\/fr\/produit\/vitamine-e-naturelle-400-ui-90-capsules\/#breadcrumb"},"inLanguage":"fr-FR","potentialAction":[{"@type":"ReadAction","target":["https:\/\/ecosupplements.be\/fr\/produit\/vitamine-e-naturelle-400-ui-90-capsules\/"]}]},{"@type":"ImageObject","inLanguage":"fr-FR","@id":"https:\/\/ecosupplements.be\/fr\/produit\/vitamine-e-naturelle-400-ui-90-capsules\/#primaryimage","url":"https:\/\/ecosupplements.be\/wp-content\/uploads\/2025\/08\/Natural-Vitamin-E-400-IU-90-caps-EAN-5059604471209.jpg","contentUrl":"https:\/\/ecosupplements.be\/wp-content\/uploads\/2025\/08\/Natural-Vitamin-E-400-IU-90-caps-EAN-5059604471209.jpg","width":724,"height":724},{"@type":"BreadcrumbList","@id":"https:\/\/ecosupplements.be\/fr\/produit\/vitamine-e-naturelle-400-ui-90-capsules\/#breadcrumb","itemListElement":[{"@type":"ListItem","position":1,"name":"Home","item":"https:\/\/ecosupplements.be\/fr\/"},{"@type":"ListItem","position":2,"name":"Boutique","item":"https:\/\/ecosupplements.be\/fr\/boutique\/"},{"@type":"ListItem","position":3,"name":"Vitamine E naturelle, 400 UI &#8211; 90 capsules"}]},{"@type":"WebSite","@id":"https:\/\/ecosupplements.be\/fr\/#website","url":"https:\/\/ecosupplements.be\/fr\/","name":"ECO Supplements","description":"Eco Supplements - Gezonde supplementen","publisher":{"@id":"https:\/\/ecosupplements.be\/fr\/#organization"},"potentialAction":[{"@type":"SearchAction","target":{"@type":"EntryPoint","urlTemplate":"https:\/\/ecosupplements.be\/fr\/?s={search_term_string}"},"query-input":{"@type":"PropertyValueSpecification","valueRequired":true,"valueName":"search_term_string"}}],"inLanguage":"fr-FR"},{"@type":"Organization","@id":"https:\/\/ecosupplements.be\/fr\/#organization","name":"Eco Supplements","url":"https:\/\/ecosupplements.be\/fr\/","logo":{"@type":"ImageObject","inLanguage":"fr-FR","@id":"https:\/\/ecosupplements.be\/fr\/#\/schema\/logo\/image\/","url":"https:\/\/ecosupplements.be\/wp-content\/uploads\/2022\/06\/ecosupplement-family.png","contentUrl":"https:\/\/ecosupplements.be\/wp-content\/uploads\/2022\/06\/ecosupplement-family.png","width":593,"height":374,"caption":"Eco Supplements"},"image":{"@id":"https:\/\/ecosupplements.be\/fr\/#\/schema\/logo\/image\/"}}]},"product_brand":"Holland &amp; Barrett","product_price_amount":"17.38","product_price_currency":"EUR","og_availability":"instock","product_availability":"instock","product_retailer_item_id":"5059604471209","product_condition":"new"},"_links":{"self":[{"href":"https:\/\/ecosupplements.be\/fr\/wp-json\/wp\/v2\/product\/285198","targetHints":{"allow":["GET"]}}],"collection":[{"href":"https:\/\/ecosupplements.be\/fr\/wp-json\/wp\/v2\/product"}],"about":[{"href":"https:\/\/ecosupplements.be\/fr\/wp-json\/wp\/v2\/types\/product"}],"replies":[{"embeddable":true,"href":"https:\/\/ecosupplements.be\/fr\/wp-json\/wp\/v2\/comments?post=285198"}],"wp:featuredmedia":[{"embeddable":true,"href":"https:\/\/ecosupplements.be\/fr\/wp-json\/wp\/v2\/media\/260980"}],"wp:attachment":[{"href":"https:\/\/ecosupplements.be\/fr\/wp-json\/wp\/v2\/media?parent=285198"}],"wp:term":[{"taxonomy":"product_brand","embeddable":true,"href":"https:\/\/ecosupplements.be\/fr\/wp-json\/wp\/v2\/product_brand?post=285198"},{"taxonomy":"product_cat","embeddable":true,"href":"https:\/\/ecosupplements.be\/fr\/wp-json\/wp\/v2\/product_cat?post=285198"},{"taxonomy":"product_tag","embeddable":true,"href":"https:\/\/ecosupplements.be\/fr\/wp-json\/wp\/v2\/product_tag?post=285198"}],"curies":[{"name":"wp","href":"https:\/\/api.w.org\/{rel}","templated":true}]}}