{"id":285261,"date":"2024-03-08T03:50:19","date_gmt":"2024-03-08T02:50:19","guid":{"rendered":"https:\/\/ecosupplements.be\/product\/mobilite-articulaire-60-gelules\/"},"modified":"2025-08-27T13:48:22","modified_gmt":"2025-08-27T12:48:22","slug":"mobilite-articulaire-60-gelules","status":"publish","type":"product","link":"https:\/\/ecosupplements.be\/fr\/produit\/mobilite-articulaire-60-gelules\/","title":{"rendered":"Mobilit\u00e9 articulaire &#8211; 60 g\u00e9lules"},"content":{"rendered":"<h1>Joint \u200dMobility\u200d &#8211; 60 vcaps<\/h1>\n<p>Am\u00e9liorez votre mobilit\u00e9 articulaire \u2063et r\u00e9duisez les \u2063douleurs \u200barticulaires avec Joint\u2062 Mobility de Life \u200cExtension. Ce compl\u00e9ment alimentaire\u200c contient une formule unique\u200c d&#8217;ingr\u00e9dients naturels qui ont \u00e9t\u00e9 sp\u00e9cialement s\u00e9lectionn\u00e9s pour \u2062soutenir la sant\u00e9 de vos articulations.<\/p>\n<h2>Caract\u00e9ristiques sp\u00e9ciales :<\/h2>\n<ul>\n<li>Formule avanc\u00e9e pour la\u2064 sant\u00e9 des articulations<\/li>\n<li>Contient des ingr\u00e9dients naturels \u2062de haute\u200d qualit\u00e9<\/li>\n<li>Facile \u00e0 prendre \u2063sous forme de g\u00e9lules v\u00e9g\u00e9tales<\/li>\n<li>Convient aux v\u00e9g\u00e9tariens et\u200b v\u00e9g\u00e9taliens<\/li>\n<\/ul>\n<h2>Ingr\u00e9dients cl\u00e9s :<\/h2>\n<p>Joint Mobility \u200bcontient\u2064 une combinaison unique d&#8217;ingr\u00e9dients naturels qui\u2062 ont \u200b\u00e9t\u00e9\u2064 soigneusement s\u00e9lectionn\u00e9s pour leurs bienfaits sur la sant\u00e9 des articulations. \u200dCes ingr\u00e9dients comprennent :<\/p>\n<ul>\n<li>Extrait \u200bde curcuma :\u200c cet ingr\u00e9dient \u2063est connu pour ses propri\u00e9t\u00e9s anti-inflammatoires et peut aider \u00e0 r\u00e9duire les douleurs articulaires.<\/li>\n<li>Extrait de boswellia\u2062 : cet \u2064ingr\u00e9dient est traditionnellement utilis\u00e9 \u200cpour soulager les douleurs articulaires et\u2064 am\u00e9liorer la\u200c mobilit\u00e9.<\/li>\n<li>Extrait \u200bde gingembre : \u2063cet ingr\u00e9dient peut \u2064aider \u00e0 r\u00e9duire \u2063l&#8217;inflammation et \u00e0 soulager les douleurs articulaires.<\/li>\n<li>Extrait \u200bde\u2063 poivre \u200bnoir : cet ingr\u00e9dient peut am\u00e9liorer l&#8217;absorption des autres ingr\u00e9dients et ainsi renforcer leur efficacit\u00e9.<\/li>\n<\/ul>\n<h2>Avantages uniques :<\/h2>\n<p>Joint Mobility offre une approche compl\u00e8te pour soutenir la sant\u00e9 de vos articulations.\u2062 En plus\u2064 de r\u00e9duire les douleurs articulaires et \u200dd&#8217;am\u00e9liorer la mobilit\u00e9, ce compl\u00e9ment alimentaire peut\u200d \u00e9galement aider \u00e0 maintenir la sant\u00e9 globale de \u200dvos\u200d articulations\u200d \u00e0\u2062 long terme.<\/p>\n<h2>Mode d&#8217;emploi :<\/h2>\n<p>Prenez 2 g\u00e9lules \u2064par jour\u2062 avec de l&#8217;eau, de pr\u00e9f\u00e9rence pendant un\u2063 repas.<\/p>\n<p>Am\u00e9liorez votre\u200b mobilit\u00e9 articulaire et r\u00e9duisez les douleurs \u2063articulaires\u2063 avec Joint\u2064 Mobility de Life \u200cExtension. Commandez d\u00e8s maintenant \u200bet profitez \u2063d&#8217;une meilleure sant\u00e9 articulaire \u2064!<\/p>\n","protected":false},"excerpt":{"rendered":"<p>Joint \u200dMobility\u200d &#8211; 60 vcaps Am\u00e9liorez votre mobilit\u00e9 articulaire \u2063et r\u00e9duisez les \u2063douleurs \u200barticulaires avec Joint\u2062 Mobility de Life \u200cExtension. Ce compl\u00e9ment alimentaire\u200c contient une formule unique\u200c d&#8217;ingr\u00e9dients naturels qui ont \u00e9t\u00e9 sp\u00e9cialement s\u00e9lectionn\u00e9s pour \u2062soutenir la sant\u00e9 de vos articulations. Caract\u00e9ristiques sp\u00e9ciales : Formule avanc\u00e9e pour la\u2064 sant\u00e9 des articulations Contient des ingr\u00e9dients naturels [&#8230;]\n","protected":false},"featured_media":264167,"comment_status":"open","ping_status":"open","template":"","meta":[],"product_brand":[4723],"product_cat":[5052,5084],"product_tag":[],"class_list":{"0":"post-285261","1":"product","2":"type-product","3":"status-publish","4":"has-post-thumbnail","6":"product_brand-life-extension-2","7":"product_cat-sante-et-bien-etre","8":"product_cat-soutien-conjoint","10":"first","11":"instock","12":"taxable","13":"shipping-taxable","14":"purchasable","15":"product-type-simple"},"yoast_head":"<!-- This site is optimized with the Yoast SEO Premium plugin v27.3 (Yoast SEO v27.3) - https:\/\/yoast.com\/product\/yoast-seo-premium-wordpress\/ -->\n<title>Mobilit\u00e9 articulaire - 60 g\u00e9lules - ECO Supplements<\/title>\n<meta name=\"description\" content=\"Wij hebben een ruime keuze aan producten van Mobilit\u00e9 articulaire - 60 g\u00e9lules . Winkel bij Eco Supplements altijd gratis verzending boven 100\u20ac\" \/>\n<meta name=\"robots\" content=\"index, follow, max-snippet:-1, max-image-preview:large, max-video-preview:-1\" \/>\n<link rel=\"canonical\" href=\"https:\/\/ecosupplements.be\/fr\/produit\/mobilite-articulaire-60-gelules\/\" \/>\n<meta property=\"og:locale\" content=\"fr_FR\" \/>\n<meta property=\"og:type\" content=\"article\" \/>\n<meta property=\"og:title\" content=\"Mobilit\u00e9 articulaire - 60 g\u00e9lules\" \/>\n<meta property=\"og:description\" content=\"Wij hebben een ruime keuze aan producten van Mobilit\u00e9 articulaire - 60 g\u00e9lules . Winkel bij Eco Supplements altijd gratis verzending boven 100\u20ac\" \/>\n<meta property=\"og:url\" content=\"https:\/\/ecosupplements.be\/fr\/produit\/mobilite-articulaire-60-gelules\/\" \/>\n<meta property=\"og:site_name\" content=\"ECO Supplements\" \/>\n<meta property=\"article:modified_time\" content=\"2025-08-27T12:48:22+00:00\" \/>\n<meta property=\"og:image\" content=\"https:\/\/ecosupplements.be\/wp-content\/uploads\/2025\/08\/Joint-Mobility-60-vcaps-1.jpg\" \/>\n\t<meta property=\"og:image:width\" content=\"700\" \/>\n\t<meta property=\"og:image:height\" content=\"700\" \/>\n\t<meta property=\"og:image:type\" content=\"image\/jpeg\" \/>\n<meta name=\"twitter:card\" content=\"summary_large_image\" \/>\n<meta name=\"twitter:label1\" content=\"Prix\" \/>\n\t<meta name=\"twitter:data1\" content=\"27.02&nbsp;&euro;\" \/>\n\t<meta name=\"twitter:label2\" content=\"Disponibilit\u00e9\" \/>\n\t<meta name=\"twitter:data2\" content=\"En stock\" \/>\n<script type=\"application\/ld+json\" class=\"yoast-schema-graph\">{\"@context\":\"https:\\\/\\\/schema.org\",\"@graph\":[{\"@type\":[\"WebPage\",\"ItemPage\"],\"@id\":\"https:\\\/\\\/ecosupplements.be\\\/fr\\\/produit\\\/mobilite-articulaire-60-gelules\\\/\",\"url\":\"https:\\\/\\\/ecosupplements.be\\\/fr\\\/produit\\\/mobilite-articulaire-60-gelules\\\/\",\"name\":\"Mobilit\u00e9 articulaire - 60 g\u00e9lules - ECO Supplements\",\"isPartOf\":{\"@id\":\"https:\\\/\\\/ecosupplements.be\\\/fr\\\/#website\"},\"primaryImageOfPage\":{\"@id\":\"https:\\\/\\\/ecosupplements.be\\\/fr\\\/produit\\\/mobilite-articulaire-60-gelules\\\/#primaryimage\"},\"image\":{\"@id\":\"https:\\\/\\\/ecosupplements.be\\\/fr\\\/produit\\\/mobilite-articulaire-60-gelules\\\/#primaryimage\"},\"thumbnailUrl\":\"https:\\\/\\\/ecosupplements.be\\\/wp-content\\\/uploads\\\/2025\\\/08\\\/Joint-Mobility-60-vcaps.jpg\",\"datePublished\":\"2024-03-08T02:50:19+00:00\",\"dateModified\":\"2025-08-27T12:48:22+00:00\",\"description\":\"Wij hebben een ruime keuze aan producten van Mobilit\u00e9 articulaire - 60 g\u00e9lules . Winkel bij Eco Supplements altijd gratis verzending boven 100\u20ac\",\"breadcrumb\":{\"@id\":\"https:\\\/\\\/ecosupplements.be\\\/fr\\\/produit\\\/mobilite-articulaire-60-gelules\\\/#breadcrumb\"},\"inLanguage\":\"fr-FR\",\"potentialAction\":[{\"@type\":\"ReadAction\",\"target\":[\"https:\\\/\\\/ecosupplements.be\\\/fr\\\/produit\\\/mobilite-articulaire-60-gelules\\\/\"]}]},{\"@type\":\"ImageObject\",\"inLanguage\":\"fr-FR\",\"@id\":\"https:\\\/\\\/ecosupplements.be\\\/fr\\\/produit\\\/mobilite-articulaire-60-gelules\\\/#primaryimage\",\"url\":\"https:\\\/\\\/ecosupplements.be\\\/wp-content\\\/uploads\\\/2025\\\/08\\\/Joint-Mobility-60-vcaps.jpg\",\"contentUrl\":\"https:\\\/\\\/ecosupplements.be\\\/wp-content\\\/uploads\\\/2025\\\/08\\\/Joint-Mobility-60-vcaps.jpg\",\"width\":700,\"height\":700},{\"@type\":\"BreadcrumbList\",\"@id\":\"https:\\\/\\\/ecosupplements.be\\\/fr\\\/produit\\\/mobilite-articulaire-60-gelules\\\/#breadcrumb\",\"itemListElement\":[{\"@type\":\"ListItem\",\"position\":1,\"name\":\"Home\",\"item\":\"https:\\\/\\\/ecosupplements.be\\\/fr\\\/\"},{\"@type\":\"ListItem\",\"position\":2,\"name\":\"Boutique\",\"item\":\"https:\\\/\\\/ecosupplements.be\\\/fr\\\/boutique\\\/\"},{\"@type\":\"ListItem\",\"position\":3,\"name\":\"Mobilit\u00e9 articulaire &#8211; 60 g\u00e9lules\"}]},{\"@type\":\"WebSite\",\"@id\":\"https:\\\/\\\/ecosupplements.be\\\/fr\\\/#website\",\"url\":\"https:\\\/\\\/ecosupplements.be\\\/fr\\\/\",\"name\":\"ECO Supplements\",\"description\":\"Eco Supplements - Gezonde supplementen\",\"publisher\":{\"@id\":\"https:\\\/\\\/ecosupplements.be\\\/fr\\\/#organization\"},\"potentialAction\":[{\"@type\":\"SearchAction\",\"target\":{\"@type\":\"EntryPoint\",\"urlTemplate\":\"https:\\\/\\\/ecosupplements.be\\\/fr\\\/?s={search_term_string}\"},\"query-input\":{\"@type\":\"PropertyValueSpecification\",\"valueRequired\":true,\"valueName\":\"search_term_string\"}}],\"inLanguage\":\"fr-FR\"},{\"@type\":\"Organization\",\"@id\":\"https:\\\/\\\/ecosupplements.be\\\/fr\\\/#organization\",\"name\":\"Eco Supplements\",\"url\":\"https:\\\/\\\/ecosupplements.be\\\/fr\\\/\",\"logo\":{\"@type\":\"ImageObject\",\"inLanguage\":\"fr-FR\",\"@id\":\"https:\\\/\\\/ecosupplements.be\\\/fr\\\/#\\\/schema\\\/logo\\\/image\\\/\",\"url\":\"https:\\\/\\\/ecosupplements.be\\\/wp-content\\\/uploads\\\/2022\\\/06\\\/ecosupplement-family.png\",\"contentUrl\":\"https:\\\/\\\/ecosupplements.be\\\/wp-content\\\/uploads\\\/2022\\\/06\\\/ecosupplement-family.png\",\"width\":593,\"height\":374,\"caption\":\"Eco Supplements\"},\"image\":{\"@id\":\"https:\\\/\\\/ecosupplements.be\\\/fr\\\/#\\\/schema\\\/logo\\\/image\\\/\"}}]}<\/script>\n<meta property=\"product:brand\" content=\"Life Extension\" \/>\n<meta property=\"product:price:amount\" content=\"27.02\" \/>\n<meta property=\"product:price:currency\" content=\"EUR\" \/>\n<meta property=\"og:availability\" content=\"instock\" \/>\n<meta property=\"product:availability\" content=\"instock\" \/>\n<meta property=\"product:retailer_item_id\" content=\"737870242468\" \/>\n<meta property=\"product:condition\" content=\"new\" \/>\n<!-- \/ Yoast SEO Premium plugin. -->","yoast_head_json":{"title":"Mobilit\u00e9 articulaire - 60 g\u00e9lules - ECO Supplements","description":"Wij hebben een ruime keuze aan producten van Mobilit\u00e9 articulaire - 60 g\u00e9lules . Winkel bij Eco Supplements altijd gratis verzending boven 100\u20ac","robots":{"index":"index","follow":"follow","max-snippet":"max-snippet:-1","max-image-preview":"max-image-preview:large","max-video-preview":"max-video-preview:-1"},"canonical":"https:\/\/ecosupplements.be\/fr\/produit\/mobilite-articulaire-60-gelules\/","og_locale":"fr_FR","og_type":"article","og_title":"Mobilit\u00e9 articulaire - 60 g\u00e9lules","og_description":"Wij hebben een ruime keuze aan producten van Mobilit\u00e9 articulaire - 60 g\u00e9lules . Winkel bij Eco Supplements altijd gratis verzending boven 100\u20ac","og_url":"https:\/\/ecosupplements.be\/fr\/produit\/mobilite-articulaire-60-gelules\/","og_site_name":"ECO Supplements","article_modified_time":"2025-08-27T12:48:22+00:00","og_image":[{"width":700,"height":700,"url":"https:\/\/ecosupplements.be\/wp-content\/uploads\/2025\/08\/Joint-Mobility-60-vcaps-1.jpg","type":"image\/jpeg"}],"twitter_card":"summary_large_image","twitter_misc":{"Prix":"27.02&nbsp;&euro;","Disponibilit\u00e9":"En stock"},"schema":{"@context":"https:\/\/schema.org","@graph":[{"@type":["WebPage","ItemPage"],"@id":"https:\/\/ecosupplements.be\/fr\/produit\/mobilite-articulaire-60-gelules\/","url":"https:\/\/ecosupplements.be\/fr\/produit\/mobilite-articulaire-60-gelules\/","name":"Mobilit\u00e9 articulaire - 60 g\u00e9lules - ECO Supplements","isPartOf":{"@id":"https:\/\/ecosupplements.be\/fr\/#website"},"primaryImageOfPage":{"@id":"https:\/\/ecosupplements.be\/fr\/produit\/mobilite-articulaire-60-gelules\/#primaryimage"},"image":{"@id":"https:\/\/ecosupplements.be\/fr\/produit\/mobilite-articulaire-60-gelules\/#primaryimage"},"thumbnailUrl":"https:\/\/ecosupplements.be\/wp-content\/uploads\/2025\/08\/Joint-Mobility-60-vcaps.jpg","datePublished":"2024-03-08T02:50:19+00:00","dateModified":"2025-08-27T12:48:22+00:00","description":"Wij hebben een ruime keuze aan producten van Mobilit\u00e9 articulaire - 60 g\u00e9lules . Winkel bij Eco Supplements altijd gratis verzending boven 100\u20ac","breadcrumb":{"@id":"https:\/\/ecosupplements.be\/fr\/produit\/mobilite-articulaire-60-gelules\/#breadcrumb"},"inLanguage":"fr-FR","potentialAction":[{"@type":"ReadAction","target":["https:\/\/ecosupplements.be\/fr\/produit\/mobilite-articulaire-60-gelules\/"]}]},{"@type":"ImageObject","inLanguage":"fr-FR","@id":"https:\/\/ecosupplements.be\/fr\/produit\/mobilite-articulaire-60-gelules\/#primaryimage","url":"https:\/\/ecosupplements.be\/wp-content\/uploads\/2025\/08\/Joint-Mobility-60-vcaps.jpg","contentUrl":"https:\/\/ecosupplements.be\/wp-content\/uploads\/2025\/08\/Joint-Mobility-60-vcaps.jpg","width":700,"height":700},{"@type":"BreadcrumbList","@id":"https:\/\/ecosupplements.be\/fr\/produit\/mobilite-articulaire-60-gelules\/#breadcrumb","itemListElement":[{"@type":"ListItem","position":1,"name":"Home","item":"https:\/\/ecosupplements.be\/fr\/"},{"@type":"ListItem","position":2,"name":"Boutique","item":"https:\/\/ecosupplements.be\/fr\/boutique\/"},{"@type":"ListItem","position":3,"name":"Mobilit\u00e9 articulaire &#8211; 60 g\u00e9lules"}]},{"@type":"WebSite","@id":"https:\/\/ecosupplements.be\/fr\/#website","url":"https:\/\/ecosupplements.be\/fr\/","name":"ECO Supplements","description":"Eco Supplements - Gezonde supplementen","publisher":{"@id":"https:\/\/ecosupplements.be\/fr\/#organization"},"potentialAction":[{"@type":"SearchAction","target":{"@type":"EntryPoint","urlTemplate":"https:\/\/ecosupplements.be\/fr\/?s={search_term_string}"},"query-input":{"@type":"PropertyValueSpecification","valueRequired":true,"valueName":"search_term_string"}}],"inLanguage":"fr-FR"},{"@type":"Organization","@id":"https:\/\/ecosupplements.be\/fr\/#organization","name":"Eco Supplements","url":"https:\/\/ecosupplements.be\/fr\/","logo":{"@type":"ImageObject","inLanguage":"fr-FR","@id":"https:\/\/ecosupplements.be\/fr\/#\/schema\/logo\/image\/","url":"https:\/\/ecosupplements.be\/wp-content\/uploads\/2022\/06\/ecosupplement-family.png","contentUrl":"https:\/\/ecosupplements.be\/wp-content\/uploads\/2022\/06\/ecosupplement-family.png","width":593,"height":374,"caption":"Eco Supplements"},"image":{"@id":"https:\/\/ecosupplements.be\/fr\/#\/schema\/logo\/image\/"}}]},"product_brand":"Life Extension","product_price_amount":"27.02","product_price_currency":"EUR","og_availability":"instock","product_availability":"instock","product_retailer_item_id":"737870242468","product_condition":"new"},"_links":{"self":[{"href":"https:\/\/ecosupplements.be\/fr\/wp-json\/wp\/v2\/product\/285261","targetHints":{"allow":["GET"]}}],"collection":[{"href":"https:\/\/ecosupplements.be\/fr\/wp-json\/wp\/v2\/product"}],"about":[{"href":"https:\/\/ecosupplements.be\/fr\/wp-json\/wp\/v2\/types\/product"}],"replies":[{"embeddable":true,"href":"https:\/\/ecosupplements.be\/fr\/wp-json\/wp\/v2\/comments?post=285261"}],"wp:featuredmedia":[{"embeddable":true,"href":"https:\/\/ecosupplements.be\/fr\/wp-json\/wp\/v2\/media\/264167"}],"wp:attachment":[{"href":"https:\/\/ecosupplements.be\/fr\/wp-json\/wp\/v2\/media?parent=285261"}],"wp:term":[{"taxonomy":"product_brand","embeddable":true,"href":"https:\/\/ecosupplements.be\/fr\/wp-json\/wp\/v2\/product_brand?post=285261"},{"taxonomy":"product_cat","embeddable":true,"href":"https:\/\/ecosupplements.be\/fr\/wp-json\/wp\/v2\/product_cat?post=285261"},{"taxonomy":"product_tag","embeddable":true,"href":"https:\/\/ecosupplements.be\/fr\/wp-json\/wp\/v2\/product_tag?post=285261"}],"curies":[{"name":"wp","href":"https:\/\/api.w.org\/{rel}","templated":true}]}}