{"id":285273,"date":"2022-06-28T10:18:08","date_gmt":"2022-06-28T09:18:08","guid":{"rendered":"https:\/\/ecosupplements.be\/product\/cerise-de-montmorency-avec-cherrypure-60-gelules\/"},"modified":"2025-08-27T13:48:33","modified_gmt":"2025-08-27T12:48:33","slug":"cerise-de-montmorency-avec-cherrypure-60-gelules","status":"publish","type":"product","link":"https:\/\/ecosupplements.be\/fr\/produit\/cerise-de-montmorency-avec-cherrypure-60-gelules\/","title":{"rendered":"Cerise de Montmorency avec CherryPure &#8211; 60 g\u00e9lules"},"content":{"rendered":"<h1>Tart Cherry with CherryPure &#8211; 60 vcaps<\/h1>\n<p>D\u00e9couvrez les bienfaits de la cerise aigre avec Tart Cherry with CherryPure de Life Extension. Ces capsules v\u00e9g\u00e9tales\u200c contiennent un extrait de cerise aigre de qualit\u00e9 sup\u00e9rieure, connu pour ses propri\u00e9t\u00e9s antioxydantes et anti-inflammatoires.<\/p>\n<h2>Caract\u00e9ristiques sp\u00e9ciales:<\/h2>\n<ul>\n<li>Contient un extrait de cerise aigre \u2062de qualit\u00e9 sup\u00e9rieure<\/li>\n<li>Enrichi en CherryPure, un ingr\u00e9dient brevet\u00e9<\/li>\n<li>Formule v\u00e9g\u00e9tarienne<\/li>\n<li>Ne contient pas\u200b de gluten, de soja ou de produits\u200d laitiers<\/li>\n<\/ul>\n<h2>Ingr\u00e9dients cl\u00e9s:<\/h2>\n<p>Tart Cherry with CherryPure contient un extrait de cerise \u2062aigre de qualit\u00e9 sup\u00e9rieure, obtenu \u00e0 partir de cerises cultiv\u00e9es \u200baux \u00c9tats-Unis. Cet extrait est\u2062 enrichi en \u2064CherryPure, un \u2063ingr\u00e9dient brevet\u00e9 qui garantit une concentration \u00e9lev\u00e9e\u2063 en compos\u00e9s b\u00e9n\u00e9fiques pour\u2064 la sant\u00e9.<\/p>\n<h2>Avantages uniques:<\/h2>\n<p>La cerise aigre est riche \u200cen antioxydants, tels que les anthocyanes et les flavono\u00efdes, qui \u200daident \u00e0 prot\u00e9ger les cellules\u200c contre les dommages caus\u00e9s\u200d par les radicaux libres. Elle est \u00e9galement connue pour ses \u200dpropri\u00e9t\u00e9s anti-inflammatoires, qui peuvent aider \u00e0 soulager les douleurs articulaires et musculaires.<\/p>\n<p>Tart Cherry with CherryPure est une formule v\u00e9g\u00e9tarienne, sans gluten, sans soja et sans produits laitiers, ce qui en fait un choix id\u00e9al pour les personnes suivant un r\u00e9gime alimentaire sp\u00e9cifique. De plus, les capsules v\u00e9g\u00e9tales permettent une absorption optimale des nutriments.<\/p>\n<h2>Conseils d&#8217;utilisation:<\/h2>\n<p>Prenez 2\u2063 capsules \u200bpar jour avec de l&#8217;eau, de pr\u00e9f\u00e9rence pendant les repas.<\/p>\n<p>Offrez \u00e0 votre corps les bienfaits de la cerise aigre avec Tart Cherry with CherryPure de\u200d Life Extension. Commandez d\u00e8s maintenant et profitez d&#8217;une sant\u00e9 optimale\u2062 !<\/p>\n","protected":false},"excerpt":{"rendered":"<p>Tart Cherry with CherryPure &#8211; 60 vcaps D\u00e9couvrez les bienfaits de la cerise aigre avec Tart Cherry with CherryPure de Life Extension. Ces capsules v\u00e9g\u00e9tales\u200c contiennent un extrait de cerise aigre de qualit\u00e9 sup\u00e9rieure, connu pour ses propri\u00e9t\u00e9s antioxydantes et anti-inflammatoires. Caract\u00e9ristiques sp\u00e9ciales: Contient un extrait de cerise aigre \u2062de qualit\u00e9 sup\u00e9rieure Enrichi en CherryPure, [&#8230;]\n","protected":false},"featured_media":247938,"comment_status":"open","ping_status":"open","template":"","meta":[],"product_brand":[4723],"product_cat":[5052,5105,5053],"product_tag":[],"class_list":{"0":"post-285273","1":"product","2":"type-product","3":"status-publish","4":"has-post-thumbnail","6":"product_brand-life-extension-2","7":"product_cat-sante-et-bien-etre","8":"product_cat-vitalite","9":"product_cat-vitamines-et-mineraux","11":"first","12":"outofstock","13":"taxable","14":"shipping-taxable","15":"purchasable","16":"product-type-simple"},"yoast_head":"<!-- This site is optimized with the Yoast SEO Premium plugin v27.3 (Yoast SEO v27.3) - https:\/\/yoast.com\/product\/yoast-seo-premium-wordpress\/ -->\n<title>Cerise de Montmorency avec CherryPure - 60 g\u00e9lules - ECO Supplements<\/title>\n<meta name=\"description\" content=\"Wij hebben een ruime keuze aan producten van Cerise de Montmorency avec CherryPure - 60 g\u00e9lules . Winkel bij Eco Supplements altijd gratis verzending boven 100\u20ac\" \/>\n<meta name=\"robots\" content=\"index, follow, max-snippet:-1, max-image-preview:large, max-video-preview:-1\" \/>\n<link rel=\"canonical\" href=\"https:\/\/ecosupplements.be\/fr\/produit\/cerise-de-montmorency-avec-cherrypure-60-gelules\/\" \/>\n<meta property=\"og:locale\" content=\"fr_FR\" \/>\n<meta property=\"og:type\" content=\"article\" \/>\n<meta property=\"og:title\" content=\"Cerise de Montmorency avec CherryPure - 60 g\u00e9lules\" \/>\n<meta property=\"og:description\" content=\"Wij hebben een ruime keuze aan producten van Cerise de Montmorency avec CherryPure - 60 g\u00e9lules . Winkel bij Eco Supplements altijd gratis verzending boven 100\u20ac\" \/>\n<meta property=\"og:url\" content=\"https:\/\/ecosupplements.be\/fr\/produit\/cerise-de-montmorency-avec-cherrypure-60-gelules\/\" \/>\n<meta property=\"og:site_name\" content=\"ECO Supplements\" \/>\n<meta property=\"article:modified_time\" content=\"2025-08-27T12:48:33+00:00\" \/>\n<meta property=\"og:image\" content=\"https:\/\/ecosupplements.be\/wp-content\/uploads\/2025\/08\/Tart-Cherry-with-CherryPure-60-vcaps.jpg\" \/>\n\t<meta property=\"og:image:width\" content=\"274\" \/>\n\t<meta property=\"og:image:height\" content=\"600\" \/>\n\t<meta property=\"og:image:type\" content=\"image\/jpeg\" \/>\n<meta name=\"twitter:card\" content=\"summary_large_image\" \/>\n<meta name=\"twitter:label1\" content=\"Prix\" \/>\n\t<meta name=\"twitter:data1\" content=\"27.24&nbsp;&euro;\" \/>\n\t<meta name=\"twitter:label2\" content=\"Disponibilit\u00e9\" \/>\n\t<meta name=\"twitter:data2\" content=\"Rupture de stock\" \/>\n<script type=\"application\/ld+json\" class=\"yoast-schema-graph\">{\"@context\":\"https:\\\/\\\/schema.org\",\"@graph\":[{\"@type\":[\"WebPage\",\"ItemPage\"],\"@id\":\"https:\\\/\\\/ecosupplements.be\\\/fr\\\/produit\\\/cerise-de-montmorency-avec-cherrypure-60-gelules\\\/\",\"url\":\"https:\\\/\\\/ecosupplements.be\\\/fr\\\/produit\\\/cerise-de-montmorency-avec-cherrypure-60-gelules\\\/\",\"name\":\"Cerise de Montmorency avec CherryPure - 60 g\u00e9lules - ECO Supplements\",\"isPartOf\":{\"@id\":\"https:\\\/\\\/ecosupplements.be\\\/fr\\\/#website\"},\"primaryImageOfPage\":{\"@id\":\"https:\\\/\\\/ecosupplements.be\\\/fr\\\/produit\\\/cerise-de-montmorency-avec-cherrypure-60-gelules\\\/#primaryimage\"},\"image\":{\"@id\":\"https:\\\/\\\/ecosupplements.be\\\/fr\\\/produit\\\/cerise-de-montmorency-avec-cherrypure-60-gelules\\\/#primaryimage\"},\"thumbnailUrl\":\"https:\\\/\\\/ecosupplements.be\\\/wp-content\\\/uploads\\\/2025\\\/08\\\/Life-Extension-Tart-Cherry-with-CherryPure-60-vcaps.jpg\",\"datePublished\":\"2022-06-28T09:18:08+00:00\",\"dateModified\":\"2025-08-27T12:48:33+00:00\",\"description\":\"Wij hebben een ruime keuze aan producten van Cerise de Montmorency avec CherryPure - 60 g\u00e9lules . Winkel bij Eco Supplements altijd gratis verzending boven 100\u20ac\",\"breadcrumb\":{\"@id\":\"https:\\\/\\\/ecosupplements.be\\\/fr\\\/produit\\\/cerise-de-montmorency-avec-cherrypure-60-gelules\\\/#breadcrumb\"},\"inLanguage\":\"fr-FR\",\"potentialAction\":[{\"@type\":\"ReadAction\",\"target\":[\"https:\\\/\\\/ecosupplements.be\\\/fr\\\/produit\\\/cerise-de-montmorency-avec-cherrypure-60-gelules\\\/\"]}]},{\"@type\":\"ImageObject\",\"inLanguage\":\"fr-FR\",\"@id\":\"https:\\\/\\\/ecosupplements.be\\\/fr\\\/produit\\\/cerise-de-montmorency-avec-cherrypure-60-gelules\\\/#primaryimage\",\"url\":\"https:\\\/\\\/ecosupplements.be\\\/wp-content\\\/uploads\\\/2025\\\/08\\\/Life-Extension-Tart-Cherry-with-CherryPure-60-vcaps.jpg\",\"contentUrl\":\"https:\\\/\\\/ecosupplements.be\\\/wp-content\\\/uploads\\\/2025\\\/08\\\/Life-Extension-Tart-Cherry-with-CherryPure-60-vcaps.jpg\",\"width\":750,\"height\":750},{\"@type\":\"BreadcrumbList\",\"@id\":\"https:\\\/\\\/ecosupplements.be\\\/fr\\\/produit\\\/cerise-de-montmorency-avec-cherrypure-60-gelules\\\/#breadcrumb\",\"itemListElement\":[{\"@type\":\"ListItem\",\"position\":1,\"name\":\"Home\",\"item\":\"https:\\\/\\\/ecosupplements.be\\\/fr\\\/\"},{\"@type\":\"ListItem\",\"position\":2,\"name\":\"Boutique\",\"item\":\"https:\\\/\\\/ecosupplements.be\\\/fr\\\/boutique\\\/\"},{\"@type\":\"ListItem\",\"position\":3,\"name\":\"Cerise de Montmorency avec CherryPure &#8211; 60 g\u00e9lules\"}]},{\"@type\":\"WebSite\",\"@id\":\"https:\\\/\\\/ecosupplements.be\\\/fr\\\/#website\",\"url\":\"https:\\\/\\\/ecosupplements.be\\\/fr\\\/\",\"name\":\"ECO Supplements\",\"description\":\"Eco Supplements - Gezonde supplementen\",\"publisher\":{\"@id\":\"https:\\\/\\\/ecosupplements.be\\\/fr\\\/#organization\"},\"potentialAction\":[{\"@type\":\"SearchAction\",\"target\":{\"@type\":\"EntryPoint\",\"urlTemplate\":\"https:\\\/\\\/ecosupplements.be\\\/fr\\\/?s={search_term_string}\"},\"query-input\":{\"@type\":\"PropertyValueSpecification\",\"valueRequired\":true,\"valueName\":\"search_term_string\"}}],\"inLanguage\":\"fr-FR\"},{\"@type\":\"Organization\",\"@id\":\"https:\\\/\\\/ecosupplements.be\\\/fr\\\/#organization\",\"name\":\"Eco Supplements\",\"url\":\"https:\\\/\\\/ecosupplements.be\\\/fr\\\/\",\"logo\":{\"@type\":\"ImageObject\",\"inLanguage\":\"fr-FR\",\"@id\":\"https:\\\/\\\/ecosupplements.be\\\/fr\\\/#\\\/schema\\\/logo\\\/image\\\/\",\"url\":\"https:\\\/\\\/ecosupplements.be\\\/wp-content\\\/uploads\\\/2022\\\/06\\\/ecosupplement-family.png\",\"contentUrl\":\"https:\\\/\\\/ecosupplements.be\\\/wp-content\\\/uploads\\\/2022\\\/06\\\/ecosupplement-family.png\",\"width\":593,\"height\":374,\"caption\":\"Eco Supplements\"},\"image\":{\"@id\":\"https:\\\/\\\/ecosupplements.be\\\/fr\\\/#\\\/schema\\\/logo\\\/image\\\/\"}}]}<\/script>\n<meta property=\"product:brand\" content=\"Life Extension\" \/>\n<meta property=\"product:price:amount\" content=\"27.24\" \/>\n<meta property=\"product:price:currency\" content=\"EUR\" \/>\n<meta property=\"og:availability\" content=\"out of stock\" \/>\n<meta property=\"product:availability\" content=\"out of stock\" \/>\n<meta property=\"product:retailer_item_id\" content=\"737870202363\" \/>\n<meta property=\"product:condition\" content=\"new\" \/>\n<!-- \/ Yoast SEO Premium plugin. -->","yoast_head_json":{"title":"Cerise de Montmorency avec CherryPure - 60 g\u00e9lules - ECO Supplements","description":"Wij hebben een ruime keuze aan producten van Cerise de Montmorency avec CherryPure - 60 g\u00e9lules . Winkel bij Eco Supplements altijd gratis verzending boven 100\u20ac","robots":{"index":"index","follow":"follow","max-snippet":"max-snippet:-1","max-image-preview":"max-image-preview:large","max-video-preview":"max-video-preview:-1"},"canonical":"https:\/\/ecosupplements.be\/fr\/produit\/cerise-de-montmorency-avec-cherrypure-60-gelules\/","og_locale":"fr_FR","og_type":"article","og_title":"Cerise de Montmorency avec CherryPure - 60 g\u00e9lules","og_description":"Wij hebben een ruime keuze aan producten van Cerise de Montmorency avec CherryPure - 60 g\u00e9lules . Winkel bij Eco Supplements altijd gratis verzending boven 100\u20ac","og_url":"https:\/\/ecosupplements.be\/fr\/produit\/cerise-de-montmorency-avec-cherrypure-60-gelules\/","og_site_name":"ECO Supplements","article_modified_time":"2025-08-27T12:48:33+00:00","og_image":[{"width":274,"height":600,"url":"https:\/\/ecosupplements.be\/wp-content\/uploads\/2025\/08\/Tart-Cherry-with-CherryPure-60-vcaps.jpg","type":"image\/jpeg"}],"twitter_card":"summary_large_image","twitter_misc":{"Prix":"27.24&nbsp;&euro;","Disponibilit\u00e9":"Rupture de stock"},"schema":{"@context":"https:\/\/schema.org","@graph":[{"@type":["WebPage","ItemPage"],"@id":"https:\/\/ecosupplements.be\/fr\/produit\/cerise-de-montmorency-avec-cherrypure-60-gelules\/","url":"https:\/\/ecosupplements.be\/fr\/produit\/cerise-de-montmorency-avec-cherrypure-60-gelules\/","name":"Cerise de Montmorency avec CherryPure - 60 g\u00e9lules - ECO Supplements","isPartOf":{"@id":"https:\/\/ecosupplements.be\/fr\/#website"},"primaryImageOfPage":{"@id":"https:\/\/ecosupplements.be\/fr\/produit\/cerise-de-montmorency-avec-cherrypure-60-gelules\/#primaryimage"},"image":{"@id":"https:\/\/ecosupplements.be\/fr\/produit\/cerise-de-montmorency-avec-cherrypure-60-gelules\/#primaryimage"},"thumbnailUrl":"https:\/\/ecosupplements.be\/wp-content\/uploads\/2025\/08\/Life-Extension-Tart-Cherry-with-CherryPure-60-vcaps.jpg","datePublished":"2022-06-28T09:18:08+00:00","dateModified":"2025-08-27T12:48:33+00:00","description":"Wij hebben een ruime keuze aan producten van Cerise de Montmorency avec CherryPure - 60 g\u00e9lules . Winkel bij Eco Supplements altijd gratis verzending boven 100\u20ac","breadcrumb":{"@id":"https:\/\/ecosupplements.be\/fr\/produit\/cerise-de-montmorency-avec-cherrypure-60-gelules\/#breadcrumb"},"inLanguage":"fr-FR","potentialAction":[{"@type":"ReadAction","target":["https:\/\/ecosupplements.be\/fr\/produit\/cerise-de-montmorency-avec-cherrypure-60-gelules\/"]}]},{"@type":"ImageObject","inLanguage":"fr-FR","@id":"https:\/\/ecosupplements.be\/fr\/produit\/cerise-de-montmorency-avec-cherrypure-60-gelules\/#primaryimage","url":"https:\/\/ecosupplements.be\/wp-content\/uploads\/2025\/08\/Life-Extension-Tart-Cherry-with-CherryPure-60-vcaps.jpg","contentUrl":"https:\/\/ecosupplements.be\/wp-content\/uploads\/2025\/08\/Life-Extension-Tart-Cherry-with-CherryPure-60-vcaps.jpg","width":750,"height":750},{"@type":"BreadcrumbList","@id":"https:\/\/ecosupplements.be\/fr\/produit\/cerise-de-montmorency-avec-cherrypure-60-gelules\/#breadcrumb","itemListElement":[{"@type":"ListItem","position":1,"name":"Home","item":"https:\/\/ecosupplements.be\/fr\/"},{"@type":"ListItem","position":2,"name":"Boutique","item":"https:\/\/ecosupplements.be\/fr\/boutique\/"},{"@type":"ListItem","position":3,"name":"Cerise de Montmorency avec CherryPure &#8211; 60 g\u00e9lules"}]},{"@type":"WebSite","@id":"https:\/\/ecosupplements.be\/fr\/#website","url":"https:\/\/ecosupplements.be\/fr\/","name":"ECO Supplements","description":"Eco Supplements - Gezonde supplementen","publisher":{"@id":"https:\/\/ecosupplements.be\/fr\/#organization"},"potentialAction":[{"@type":"SearchAction","target":{"@type":"EntryPoint","urlTemplate":"https:\/\/ecosupplements.be\/fr\/?s={search_term_string}"},"query-input":{"@type":"PropertyValueSpecification","valueRequired":true,"valueName":"search_term_string"}}],"inLanguage":"fr-FR"},{"@type":"Organization","@id":"https:\/\/ecosupplements.be\/fr\/#organization","name":"Eco Supplements","url":"https:\/\/ecosupplements.be\/fr\/","logo":{"@type":"ImageObject","inLanguage":"fr-FR","@id":"https:\/\/ecosupplements.be\/fr\/#\/schema\/logo\/image\/","url":"https:\/\/ecosupplements.be\/wp-content\/uploads\/2022\/06\/ecosupplement-family.png","contentUrl":"https:\/\/ecosupplements.be\/wp-content\/uploads\/2022\/06\/ecosupplement-family.png","width":593,"height":374,"caption":"Eco Supplements"},"image":{"@id":"https:\/\/ecosupplements.be\/fr\/#\/schema\/logo\/image\/"}}]},"product_brand":"Life Extension","product_price_amount":"27.24","product_price_currency":"EUR","og_availability":"out of stock","product_availability":"out of stock","product_retailer_item_id":"737870202363","product_condition":"new"},"_links":{"self":[{"href":"https:\/\/ecosupplements.be\/fr\/wp-json\/wp\/v2\/product\/285273","targetHints":{"allow":["GET"]}}],"collection":[{"href":"https:\/\/ecosupplements.be\/fr\/wp-json\/wp\/v2\/product"}],"about":[{"href":"https:\/\/ecosupplements.be\/fr\/wp-json\/wp\/v2\/types\/product"}],"replies":[{"embeddable":true,"href":"https:\/\/ecosupplements.be\/fr\/wp-json\/wp\/v2\/comments?post=285273"}],"wp:featuredmedia":[{"embeddable":true,"href":"https:\/\/ecosupplements.be\/fr\/wp-json\/wp\/v2\/media\/247938"}],"wp:attachment":[{"href":"https:\/\/ecosupplements.be\/fr\/wp-json\/wp\/v2\/media?parent=285273"}],"wp:term":[{"taxonomy":"product_brand","embeddable":true,"href":"https:\/\/ecosupplements.be\/fr\/wp-json\/wp\/v2\/product_brand?post=285273"},{"taxonomy":"product_cat","embeddable":true,"href":"https:\/\/ecosupplements.be\/fr\/wp-json\/wp\/v2\/product_cat?post=285273"},{"taxonomy":"product_tag","embeddable":true,"href":"https:\/\/ecosupplements.be\/fr\/wp-json\/wp\/v2\/product_tag?post=285273"}],"curies":[{"name":"wp","href":"https:\/\/api.w.org\/{rel}","templated":true}]}}