{"id":285276,"date":"2022-06-28T10:18:08","date_gmt":"2022-06-28T09:18:08","guid":{"rendered":"https:\/\/ecosupplements.be\/product\/extrait-standardise-de-theaflavine-30-gelules\/"},"modified":"2025-08-27T13:48:35","modified_gmt":"2025-08-27T12:48:35","slug":"extrait-standardise-de-theaflavine-30-gelules","status":"publish","type":"product","link":"https:\/\/ecosupplements.be\/fr\/produit\/extrait-standardise-de-theaflavine-30-gelules\/","title":{"rendered":"Extrait standardis\u00e9 de th\u00e9aflavine &#8211; 30 g\u00e9lules"},"content":{"rendered":"<h1>Theaflavin Standardized Extract &#8211; 30 vcaps<\/h1>\n<p>Le Theaflavin Standardized \u2063Extract de Life Extension est un\u200b compl\u00e9ment alimentaire \u00e0 base d&#8217;extrait de th\u00e9 \u2062noir \u2062hautement concentr\u00e9 en th\u00e9aflavines, des compos\u00e9s antioxydants puissants. Chaque g\u00e9lule\u2064 contient 250 mg d&#8217;extrait de th\u00e9 noir,\u2063 dont 25% de th\u00e9aflavines, pour une efficacit\u00e9 maximale.<\/p>\n<h2>Caract\u00e9ristiques \u200bsp\u00e9ciales :<\/h2>\n<ul>\n<li>Extrait de th\u00e9 noir hautement concentr\u00e9<\/li>\n<li>Contient 25% de th\u00e9aflavines<\/li>\n<li>Antioxydant puissant<\/li>\n<li>Formule standardis\u00e9e pour une efficacit\u00e9 maximale<\/li>\n<li>Convient aux v\u00e9g\u00e9tariens<\/li>\n<\/ul>\n<h2>Ingr\u00e9dients :<\/h2>\n<p>Extrait de th\u00e9 noir (feuille) [standardis\u00e9 \u00e0 25% de th\u00e9aflavines], cellulose microcristalline, cellulose v\u00e9g\u00e9tale (capsule), st\u00e9arate de magn\u00e9sium, silice.<\/p>\n<h2>Avantages uniques :<\/h2>\n<p>Les th\u00e9aflavines sont des compos\u00e9s antioxydants pr\u00e9sents naturellement dans le th\u00e9 noir. Elles ont d\u00e9montr\u00e9 des effets b\u00e9n\u00e9fiques sur la sant\u00e9,\u2063 notamment en \u2064prot\u00e9geant\u2062 les cellules contre\u200d les dommages caus\u00e9s par les radicaux libres. Le Theaflavin Standardized Extract\u2064 de \u2062Life Extension offre une concentration \u200b\u00e9lev\u00e9e de th\u00e9aflavines pour une\u200b protection\u2063 antioxydante optimale.<\/p>\n<h2>Conseils d&#8217;utilisation :<\/h2>\n<p>Prendre une (1) g\u00e9lule \u2062par jour avec de l&#8217;eau, de pr\u00e9f\u00e9rence au\u2063 cours d&#8217;un repas.<\/p>\n<p>Attention\u200b : Si vous suivez \u200dun traitement m\u00e9dical, \u2064consultez votre\u200d m\u00e9decin avant de prendre ce\u200b produit. \u200dTenir hors \u200bde port\u00e9e des enfants. Ne pas d\u00e9passer la\u200b dose recommand\u00e9e. Ne pas utiliser si l&#8217;opercule de protection est endommag\u00e9 ou \u200bmanquant. \u00c0 conserver dans \u200dun \u200bendroit frais et sec.<\/p>\n<p>Le\u200d Theaflavin Standardized Extract de \u200bLife Extension est un compl\u00e9ment \u2064alimentaire de haute \u200cqualit\u00e9, formul\u00e9 avec des ingr\u00e9dients soigneusement s\u00e9lectionn\u00e9s pour une efficacit\u00e9 maximale. Ajoutez-le \u200c\u00e0 votre routine quotidienne pour b\u00e9n\u00e9ficier \u2063de\u200d ses propri\u00e9t\u00e9s\u200c antioxydantes et soutenir votre \u2063sant\u00e9 globale.<\/p>\n","protected":false},"excerpt":{"rendered":"<p>Theaflavin Standardized Extract &#8211; 30 vcaps Le Theaflavin Standardized \u2063Extract de Life Extension est un\u200b compl\u00e9ment alimentaire \u00e0 base d&#8217;extrait de th\u00e9 \u2062noir \u2062hautement concentr\u00e9 en th\u00e9aflavines, des compos\u00e9s antioxydants puissants. Chaque g\u00e9lule\u2064 contient 250 mg d&#8217;extrait de th\u00e9 noir,\u2063 dont 25% de th\u00e9aflavines, pour une efficacit\u00e9 maximale. Caract\u00e9ristiques \u200bsp\u00e9ciales : Extrait de th\u00e9 noir [&#8230;]\n","protected":false},"featured_media":247958,"comment_status":"open","ping_status":"open","template":"","meta":[],"product_brand":[4723],"product_cat":[5098,5052],"product_tag":[],"class_list":{"0":"post-285276","1":"product","2":"type-product","3":"status-publish","4":"has-post-thumbnail","6":"product_brand-life-extension-2","7":"product_cat-antioxydants","8":"product_cat-sante-et-bien-etre","10":"first","11":"instock","12":"taxable","13":"shipping-taxable","14":"purchasable","15":"product-type-simple"},"yoast_head":"<!-- This site is optimized with the Yoast SEO Premium plugin v27.3 (Yoast SEO v27.3) - https:\/\/yoast.com\/product\/yoast-seo-premium-wordpress\/ -->\n<title>Extrait standardis\u00e9 de th\u00e9aflavine - 30 g\u00e9lules - ECO Supplements<\/title>\n<meta name=\"description\" content=\"Wij hebben een ruime keuze aan producten van Extrait standardis\u00e9 de th\u00e9aflavine - 30 g\u00e9lules . Winkel bij Eco Supplements altijd gratis verzending boven 100\u20ac\" \/>\n<meta name=\"robots\" content=\"index, follow, max-snippet:-1, max-image-preview:large, max-video-preview:-1\" \/>\n<link rel=\"canonical\" href=\"https:\/\/ecosupplements.be\/fr\/produit\/extrait-standardise-de-theaflavine-30-gelules\/\" \/>\n<meta property=\"og:locale\" content=\"fr_FR\" \/>\n<meta property=\"og:type\" content=\"article\" \/>\n<meta property=\"og:title\" content=\"Extrait standardis\u00e9 de th\u00e9aflavine - 30 g\u00e9lules\" \/>\n<meta property=\"og:description\" content=\"Wij hebben een ruime keuze aan producten van Extrait standardis\u00e9 de th\u00e9aflavine - 30 g\u00e9lules . Winkel bij Eco Supplements altijd gratis verzending boven 100\u20ac\" \/>\n<meta property=\"og:url\" content=\"https:\/\/ecosupplements.be\/fr\/produit\/extrait-standardise-de-theaflavine-30-gelules\/\" \/>\n<meta property=\"og:site_name\" content=\"ECO Supplements\" \/>\n<meta property=\"article:modified_time\" content=\"2025-08-27T12:48:35+00:00\" \/>\n<meta property=\"og:image\" content=\"https:\/\/ecosupplements.be\/wp-content\/uploads\/2025\/08\/Theaflavin-Standardized-Extract-30-vcaps.jpg\" \/>\n\t<meta property=\"og:image:width\" content=\"600\" \/>\n\t<meta property=\"og:image:height\" content=\"600\" \/>\n\t<meta property=\"og:image:type\" content=\"image\/jpeg\" \/>\n<meta name=\"twitter:card\" content=\"summary_large_image\" \/>\n<meta name=\"twitter:label1\" content=\"Prix\" \/>\n\t<meta name=\"twitter:data1\" content=\"17.48&nbsp;&euro;\" \/>\n\t<meta name=\"twitter:label2\" content=\"Disponibilit\u00e9\" \/>\n\t<meta name=\"twitter:data2\" content=\"En stock\" \/>\n<script type=\"application\/ld+json\" class=\"yoast-schema-graph\">{\"@context\":\"https:\\\/\\\/schema.org\",\"@graph\":[{\"@type\":[\"WebPage\",\"ItemPage\"],\"@id\":\"https:\\\/\\\/ecosupplements.be\\\/fr\\\/produit\\\/extrait-standardise-de-theaflavine-30-gelules\\\/\",\"url\":\"https:\\\/\\\/ecosupplements.be\\\/fr\\\/produit\\\/extrait-standardise-de-theaflavine-30-gelules\\\/\",\"name\":\"Extrait standardis\u00e9 de th\u00e9aflavine - 30 g\u00e9lules - ECO Supplements\",\"isPartOf\":{\"@id\":\"https:\\\/\\\/ecosupplements.be\\\/fr\\\/#website\"},\"primaryImageOfPage\":{\"@id\":\"https:\\\/\\\/ecosupplements.be\\\/fr\\\/produit\\\/extrait-standardise-de-theaflavine-30-gelules\\\/#primaryimage\"},\"image\":{\"@id\":\"https:\\\/\\\/ecosupplements.be\\\/fr\\\/produit\\\/extrait-standardise-de-theaflavine-30-gelules\\\/#primaryimage\"},\"thumbnailUrl\":\"https:\\\/\\\/ecosupplements.be\\\/wp-content\\\/uploads\\\/2025\\\/08\\\/Life-Extension-Theaflavin-Standardized-Extract-30-vcaps.jpg\",\"datePublished\":\"2022-06-28T09:18:08+00:00\",\"dateModified\":\"2025-08-27T12:48:35+00:00\",\"description\":\"Wij hebben een ruime keuze aan producten van Extrait standardis\u00e9 de th\u00e9aflavine - 30 g\u00e9lules . Winkel bij Eco Supplements altijd gratis verzending boven 100\u20ac\",\"breadcrumb\":{\"@id\":\"https:\\\/\\\/ecosupplements.be\\\/fr\\\/produit\\\/extrait-standardise-de-theaflavine-30-gelules\\\/#breadcrumb\"},\"inLanguage\":\"fr-FR\",\"potentialAction\":[{\"@type\":\"ReadAction\",\"target\":[\"https:\\\/\\\/ecosupplements.be\\\/fr\\\/produit\\\/extrait-standardise-de-theaflavine-30-gelules\\\/\"]}]},{\"@type\":\"ImageObject\",\"inLanguage\":\"fr-FR\",\"@id\":\"https:\\\/\\\/ecosupplements.be\\\/fr\\\/produit\\\/extrait-standardise-de-theaflavine-30-gelules\\\/#primaryimage\",\"url\":\"https:\\\/\\\/ecosupplements.be\\\/wp-content\\\/uploads\\\/2025\\\/08\\\/Life-Extension-Theaflavin-Standardized-Extract-30-vcaps.jpg\",\"contentUrl\":\"https:\\\/\\\/ecosupplements.be\\\/wp-content\\\/uploads\\\/2025\\\/08\\\/Life-Extension-Theaflavin-Standardized-Extract-30-vcaps.jpg\",\"width\":750,\"height\":750},{\"@type\":\"BreadcrumbList\",\"@id\":\"https:\\\/\\\/ecosupplements.be\\\/fr\\\/produit\\\/extrait-standardise-de-theaflavine-30-gelules\\\/#breadcrumb\",\"itemListElement\":[{\"@type\":\"ListItem\",\"position\":1,\"name\":\"Home\",\"item\":\"https:\\\/\\\/ecosupplements.be\\\/fr\\\/\"},{\"@type\":\"ListItem\",\"position\":2,\"name\":\"Boutique\",\"item\":\"https:\\\/\\\/ecosupplements.be\\\/fr\\\/boutique\\\/\"},{\"@type\":\"ListItem\",\"position\":3,\"name\":\"Extrait standardis\u00e9 de th\u00e9aflavine &#8211; 30 g\u00e9lules\"}]},{\"@type\":\"WebSite\",\"@id\":\"https:\\\/\\\/ecosupplements.be\\\/fr\\\/#website\",\"url\":\"https:\\\/\\\/ecosupplements.be\\\/fr\\\/\",\"name\":\"ECO Supplements\",\"description\":\"Eco Supplements - Gezonde supplementen\",\"publisher\":{\"@id\":\"https:\\\/\\\/ecosupplements.be\\\/fr\\\/#organization\"},\"potentialAction\":[{\"@type\":\"SearchAction\",\"target\":{\"@type\":\"EntryPoint\",\"urlTemplate\":\"https:\\\/\\\/ecosupplements.be\\\/fr\\\/?s={search_term_string}\"},\"query-input\":{\"@type\":\"PropertyValueSpecification\",\"valueRequired\":true,\"valueName\":\"search_term_string\"}}],\"inLanguage\":\"fr-FR\"},{\"@type\":\"Organization\",\"@id\":\"https:\\\/\\\/ecosupplements.be\\\/fr\\\/#organization\",\"name\":\"Eco Supplements\",\"url\":\"https:\\\/\\\/ecosupplements.be\\\/fr\\\/\",\"logo\":{\"@type\":\"ImageObject\",\"inLanguage\":\"fr-FR\",\"@id\":\"https:\\\/\\\/ecosupplements.be\\\/fr\\\/#\\\/schema\\\/logo\\\/image\\\/\",\"url\":\"https:\\\/\\\/ecosupplements.be\\\/wp-content\\\/uploads\\\/2022\\\/06\\\/ecosupplement-family.png\",\"contentUrl\":\"https:\\\/\\\/ecosupplements.be\\\/wp-content\\\/uploads\\\/2022\\\/06\\\/ecosupplement-family.png\",\"width\":593,\"height\":374,\"caption\":\"Eco Supplements\"},\"image\":{\"@id\":\"https:\\\/\\\/ecosupplements.be\\\/fr\\\/#\\\/schema\\\/logo\\\/image\\\/\"}}]}<\/script>\n<meta property=\"product:brand\" content=\"Life Extension\" \/>\n<meta property=\"product:price:amount\" content=\"17.48\" \/>\n<meta property=\"product:price:currency\" content=\"EUR\" \/>\n<meta property=\"og:availability\" content=\"instock\" \/>\n<meta property=\"product:availability\" content=\"instock\" \/>\n<meta property=\"product:retailer_item_id\" content=\"737870130437\" \/>\n<meta property=\"product:condition\" content=\"new\" \/>\n<!-- \/ Yoast SEO Premium plugin. -->","yoast_head_json":{"title":"Extrait standardis\u00e9 de th\u00e9aflavine - 30 g\u00e9lules - ECO Supplements","description":"Wij hebben een ruime keuze aan producten van Extrait standardis\u00e9 de th\u00e9aflavine - 30 g\u00e9lules . Winkel bij Eco Supplements altijd gratis verzending boven 100\u20ac","robots":{"index":"index","follow":"follow","max-snippet":"max-snippet:-1","max-image-preview":"max-image-preview:large","max-video-preview":"max-video-preview:-1"},"canonical":"https:\/\/ecosupplements.be\/fr\/produit\/extrait-standardise-de-theaflavine-30-gelules\/","og_locale":"fr_FR","og_type":"article","og_title":"Extrait standardis\u00e9 de th\u00e9aflavine - 30 g\u00e9lules","og_description":"Wij hebben een ruime keuze aan producten van Extrait standardis\u00e9 de th\u00e9aflavine - 30 g\u00e9lules . Winkel bij Eco Supplements altijd gratis verzending boven 100\u20ac","og_url":"https:\/\/ecosupplements.be\/fr\/produit\/extrait-standardise-de-theaflavine-30-gelules\/","og_site_name":"ECO Supplements","article_modified_time":"2025-08-27T12:48:35+00:00","og_image":[{"width":600,"height":600,"url":"https:\/\/ecosupplements.be\/wp-content\/uploads\/2025\/08\/Theaflavin-Standardized-Extract-30-vcaps.jpg","type":"image\/jpeg"}],"twitter_card":"summary_large_image","twitter_misc":{"Prix":"17.48&nbsp;&euro;","Disponibilit\u00e9":"En stock"},"schema":{"@context":"https:\/\/schema.org","@graph":[{"@type":["WebPage","ItemPage"],"@id":"https:\/\/ecosupplements.be\/fr\/produit\/extrait-standardise-de-theaflavine-30-gelules\/","url":"https:\/\/ecosupplements.be\/fr\/produit\/extrait-standardise-de-theaflavine-30-gelules\/","name":"Extrait standardis\u00e9 de th\u00e9aflavine - 30 g\u00e9lules - ECO Supplements","isPartOf":{"@id":"https:\/\/ecosupplements.be\/fr\/#website"},"primaryImageOfPage":{"@id":"https:\/\/ecosupplements.be\/fr\/produit\/extrait-standardise-de-theaflavine-30-gelules\/#primaryimage"},"image":{"@id":"https:\/\/ecosupplements.be\/fr\/produit\/extrait-standardise-de-theaflavine-30-gelules\/#primaryimage"},"thumbnailUrl":"https:\/\/ecosupplements.be\/wp-content\/uploads\/2025\/08\/Life-Extension-Theaflavin-Standardized-Extract-30-vcaps.jpg","datePublished":"2022-06-28T09:18:08+00:00","dateModified":"2025-08-27T12:48:35+00:00","description":"Wij hebben een ruime keuze aan producten van Extrait standardis\u00e9 de th\u00e9aflavine - 30 g\u00e9lules . Winkel bij Eco Supplements altijd gratis verzending boven 100\u20ac","breadcrumb":{"@id":"https:\/\/ecosupplements.be\/fr\/produit\/extrait-standardise-de-theaflavine-30-gelules\/#breadcrumb"},"inLanguage":"fr-FR","potentialAction":[{"@type":"ReadAction","target":["https:\/\/ecosupplements.be\/fr\/produit\/extrait-standardise-de-theaflavine-30-gelules\/"]}]},{"@type":"ImageObject","inLanguage":"fr-FR","@id":"https:\/\/ecosupplements.be\/fr\/produit\/extrait-standardise-de-theaflavine-30-gelules\/#primaryimage","url":"https:\/\/ecosupplements.be\/wp-content\/uploads\/2025\/08\/Life-Extension-Theaflavin-Standardized-Extract-30-vcaps.jpg","contentUrl":"https:\/\/ecosupplements.be\/wp-content\/uploads\/2025\/08\/Life-Extension-Theaflavin-Standardized-Extract-30-vcaps.jpg","width":750,"height":750},{"@type":"BreadcrumbList","@id":"https:\/\/ecosupplements.be\/fr\/produit\/extrait-standardise-de-theaflavine-30-gelules\/#breadcrumb","itemListElement":[{"@type":"ListItem","position":1,"name":"Home","item":"https:\/\/ecosupplements.be\/fr\/"},{"@type":"ListItem","position":2,"name":"Boutique","item":"https:\/\/ecosupplements.be\/fr\/boutique\/"},{"@type":"ListItem","position":3,"name":"Extrait standardis\u00e9 de th\u00e9aflavine &#8211; 30 g\u00e9lules"}]},{"@type":"WebSite","@id":"https:\/\/ecosupplements.be\/fr\/#website","url":"https:\/\/ecosupplements.be\/fr\/","name":"ECO Supplements","description":"Eco Supplements - Gezonde supplementen","publisher":{"@id":"https:\/\/ecosupplements.be\/fr\/#organization"},"potentialAction":[{"@type":"SearchAction","target":{"@type":"EntryPoint","urlTemplate":"https:\/\/ecosupplements.be\/fr\/?s={search_term_string}"},"query-input":{"@type":"PropertyValueSpecification","valueRequired":true,"valueName":"search_term_string"}}],"inLanguage":"fr-FR"},{"@type":"Organization","@id":"https:\/\/ecosupplements.be\/fr\/#organization","name":"Eco Supplements","url":"https:\/\/ecosupplements.be\/fr\/","logo":{"@type":"ImageObject","inLanguage":"fr-FR","@id":"https:\/\/ecosupplements.be\/fr\/#\/schema\/logo\/image\/","url":"https:\/\/ecosupplements.be\/wp-content\/uploads\/2022\/06\/ecosupplement-family.png","contentUrl":"https:\/\/ecosupplements.be\/wp-content\/uploads\/2022\/06\/ecosupplement-family.png","width":593,"height":374,"caption":"Eco Supplements"},"image":{"@id":"https:\/\/ecosupplements.be\/fr\/#\/schema\/logo\/image\/"}}]},"product_brand":"Life Extension","product_price_amount":"17.48","product_price_currency":"EUR","og_availability":"instock","product_availability":"instock","product_retailer_item_id":"737870130437","product_condition":"new"},"_links":{"self":[{"href":"https:\/\/ecosupplements.be\/fr\/wp-json\/wp\/v2\/product\/285276","targetHints":{"allow":["GET"]}}],"collection":[{"href":"https:\/\/ecosupplements.be\/fr\/wp-json\/wp\/v2\/product"}],"about":[{"href":"https:\/\/ecosupplements.be\/fr\/wp-json\/wp\/v2\/types\/product"}],"replies":[{"embeddable":true,"href":"https:\/\/ecosupplements.be\/fr\/wp-json\/wp\/v2\/comments?post=285276"}],"wp:featuredmedia":[{"embeddable":true,"href":"https:\/\/ecosupplements.be\/fr\/wp-json\/wp\/v2\/media\/247958"}],"wp:attachment":[{"href":"https:\/\/ecosupplements.be\/fr\/wp-json\/wp\/v2\/media?parent=285276"}],"wp:term":[{"taxonomy":"product_brand","embeddable":true,"href":"https:\/\/ecosupplements.be\/fr\/wp-json\/wp\/v2\/product_brand?post=285276"},{"taxonomy":"product_cat","embeddable":true,"href":"https:\/\/ecosupplements.be\/fr\/wp-json\/wp\/v2\/product_cat?post=285276"},{"taxonomy":"product_tag","embeddable":true,"href":"https:\/\/ecosupplements.be\/fr\/wp-json\/wp\/v2\/product_tag?post=285276"}],"curies":[{"name":"wp","href":"https:\/\/api.w.org\/{rel}","templated":true}]}}