{"id":285279,"date":"2022-06-28T10:18:08","date_gmt":"2022-06-28T09:18:08","guid":{"rendered":"https:\/\/ecosupplements.be\/product\/tmg-500mg-60-gelules-liquides\/"},"modified":"2025-08-27T13:48:42","modified_gmt":"2025-08-27T12:48:42","slug":"tmg-500mg-60-gelules-liquides","status":"publish","type":"product","link":"https:\/\/ecosupplements.be\/fr\/produit\/tmg-500mg-60-gelules-liquides\/","title":{"rendered":"TMG, 500mg &#8211; 60 g\u00e9lules liquides"},"content":{"rendered":"<h1>TMG,\u2064 500mg &#8211; 60 \u2064liquid vcaps<\/h1>\n<p>Le TMG, \u00e9galement connu sous\u2063 le nom de trim\u00e9thylglycine, est \u2062un \u200bcompos\u00e9 naturellement pr\u00e9sent dans le \u2064corps humain et dans certains aliments tels que la \u200bbetterave\u2064 et les grains entiers. Cependant, il peut \u00e9galement \u00eatre pris sous forme de suppl\u00e9ment pour b\u00e9n\u00e9ficier de ses nombreux avantages pour la sant\u00e9.<\/p>\n<h2>Caract\u00e9ristiques sp\u00e9ciales:<\/h2>\n<ul>\n<li>500mg de TMG par capsule liquide<\/li>\n<li>60 capsules par bouteille<\/li>\n<li>Fabriqu\u00e9 aux \u00c9tats-Unis<\/li>\n<li>Formule v\u00e9g\u00e9tarienne<\/li>\n<li>Sans OGM<\/li>\n<\/ul>\n<h2>Ingr\u00e9dients:<\/h2>\n<p>Chaque capsule\u2064 liquide contient 500mg de TMG (trim\u00e9thylglycine) provenant de \u2062la betterave \u00e0 sucre.\u2064 Les\u2062 autres ingr\u00e9dients \u2064comprennent de la cellulose v\u00e9g\u00e9tale, de l&#8217;eau purifi\u00e9e \u2062et de la gomme arabique.<\/p>\n<h2>Avantages uniques:<\/h2>\n<p>Le TMG est un\u200d nutriment essentiel pour de nombreuses fonctions corporelles, \u200dnotamment la sant\u00e9 cardiovasculaire, la fonction h\u00e9patique et la sant\u00e9 cognitive. Il peut \u00e9galement aider \u00e0 maintenir des niveaux d&#8217;homocyst\u00e9ine sains et \u00e0 soutenir la production d&#8217;\u00e9nergie dans \u200ble corps.<\/p>\n<p>Ce suppl\u00e9ment de TMG de Life Extension est formul\u00e9 avec des\u200b ingr\u00e9dients \u2062de haute qualit\u00e9\u2062 et sans OGM, pour une efficacit\u00e9 et une s\u00e9curit\u00e9 optimales. De plus, sa forme liquide permet une\u2063 absorption rapide et facile par l&#8217;organisme.<\/p>\n<h2>Principales caract\u00e9ristiques:<\/h2>\n<ul>\n<li>Contribue \u00e0 une fonction cardiovasculaire saine<\/li>\n<li>Soutient la fonction h\u00e9patique<\/li>\n<li>Peut aider \u00e0 maintenir des niveaux d&#8217;homocyst\u00e9ine sains<\/li>\n<li>Am\u00e9liore la production d&#8217;\u00e9nergie<\/li>\n<li>Formule v\u00e9g\u00e9tarienne et sans OGM<\/li>\n<li>Facilement absorb\u00e9 sous forme \u200bliquide<\/li>\n<\/ul>\n<p>Ajoutez le TMG de Life Extension \u2063\u00e0 votre routine quotidienne pour b\u00e9n\u00e9ficier de ses nombreux\u2062 avantages pour la sant\u00e9 et am\u00e9liorer votre bien-\u00eatre g\u00e9n\u00e9ral.<\/p>\n","protected":false},"excerpt":{"rendered":"<p>TMG,\u2064 500mg &#8211; 60 \u2064liquid vcaps Le TMG, \u00e9galement connu sous\u2063 le nom de trim\u00e9thylglycine, est \u2062un \u200bcompos\u00e9 naturellement pr\u00e9sent dans le \u2064corps humain et dans certains aliments tels que la \u200bbetterave\u2064 et les grains entiers. Cependant, il peut \u00e9galement \u00eatre pris sous forme de suppl\u00e9ment pour b\u00e9n\u00e9ficier de ses nombreux avantages pour la sant\u00e9. [&#8230;]\n","protected":false},"featured_media":247963,"comment_status":"open","ping_status":"open","template":"","meta":[],"product_brand":[4723],"product_cat":[5089,5052,5094,5053],"product_tag":[],"class_list":{"0":"post-285279","1":"product","2":"type-product","3":"status-publish","4":"has-post-thumbnail","6":"product_brand-life-extension-2","7":"product_cat-complements-alimentaires-pour-femmes","8":"product_cat-sante-et-bien-etre","9":"product_cat-supplements-a-base-de-plantes","10":"product_cat-vitamines-et-mineraux","12":"first","13":"instock","14":"taxable","15":"shipping-taxable","16":"purchasable","17":"product-type-simple"},"yoast_head":"<!-- This site is optimized with the Yoast SEO Premium plugin v27.3 (Yoast SEO v27.3) - https:\/\/yoast.com\/product\/yoast-seo-premium-wordpress\/ -->\n<title>TMG, 500mg - 60 g\u00e9lules liquides - ECO Supplements<\/title>\n<meta name=\"description\" content=\"Wij hebben een ruime keuze aan producten van TMG, 500mg - 60 g\u00e9lules liquides . Winkel bij Eco Supplements altijd gratis verzending boven 100\u20ac\" \/>\n<meta name=\"robots\" content=\"index, follow, max-snippet:-1, max-image-preview:large, max-video-preview:-1\" \/>\n<link rel=\"canonical\" href=\"https:\/\/ecosupplements.be\/fr\/produit\/tmg-500mg-60-gelules-liquides\/\" \/>\n<meta property=\"og:locale\" content=\"fr_FR\" \/>\n<meta property=\"og:type\" content=\"article\" \/>\n<meta property=\"og:title\" content=\"TMG, 500mg - 60 g\u00e9lules liquides\" \/>\n<meta property=\"og:description\" content=\"Wij hebben een ruime keuze aan producten van TMG, 500mg - 60 g\u00e9lules liquides . Winkel bij Eco Supplements altijd gratis verzending boven 100\u20ac\" \/>\n<meta property=\"og:url\" content=\"https:\/\/ecosupplements.be\/fr\/produit\/tmg-500mg-60-gelules-liquides\/\" \/>\n<meta property=\"og:site_name\" content=\"ECO Supplements\" \/>\n<meta property=\"article:modified_time\" content=\"2025-08-27T12:48:42+00:00\" \/>\n<meta property=\"og:image\" content=\"https:\/\/ecosupplements.be\/wp-content\/uploads\/2025\/08\/TMG-500mg-60-liquid-vcaps.png\" \/>\n\t<meta property=\"og:image:width\" content=\"234\" \/>\n\t<meta property=\"og:image:height\" content=\"468\" \/>\n\t<meta property=\"og:image:type\" content=\"image\/png\" \/>\n<meta name=\"twitter:card\" content=\"summary_large_image\" \/>\n<meta name=\"twitter:label1\" content=\"Prix\" \/>\n\t<meta name=\"twitter:data1\" content=\"12.11&nbsp;&euro;\" \/>\n\t<meta name=\"twitter:label2\" content=\"Disponibilit\u00e9\" \/>\n\t<meta name=\"twitter:data2\" content=\"En stock\" \/>\n<script type=\"application\/ld+json\" class=\"yoast-schema-graph\">{\"@context\":\"https:\\\/\\\/schema.org\",\"@graph\":[{\"@type\":[\"WebPage\",\"ItemPage\"],\"@id\":\"https:\\\/\\\/ecosupplements.be\\\/fr\\\/produit\\\/tmg-500mg-60-gelules-liquides\\\/\",\"url\":\"https:\\\/\\\/ecosupplements.be\\\/fr\\\/produit\\\/tmg-500mg-60-gelules-liquides\\\/\",\"name\":\"TMG, 500mg - 60 g\u00e9lules liquides - ECO Supplements\",\"isPartOf\":{\"@id\":\"https:\\\/\\\/ecosupplements.be\\\/fr\\\/#website\"},\"primaryImageOfPage\":{\"@id\":\"https:\\\/\\\/ecosupplements.be\\\/fr\\\/produit\\\/tmg-500mg-60-gelules-liquides\\\/#primaryimage\"},\"image\":{\"@id\":\"https:\\\/\\\/ecosupplements.be\\\/fr\\\/produit\\\/tmg-500mg-60-gelules-liquides\\\/#primaryimage\"},\"thumbnailUrl\":\"https:\\\/\\\/ecosupplements.be\\\/wp-content\\\/uploads\\\/2025\\\/08\\\/Life-Extension-TMG-500mg-60-liquid-vcaps.png\",\"datePublished\":\"2022-06-28T09:18:08+00:00\",\"dateModified\":\"2025-08-27T12:48:42+00:00\",\"description\":\"Wij hebben een ruime keuze aan producten van TMG, 500mg - 60 g\u00e9lules liquides . Winkel bij Eco Supplements altijd gratis verzending boven 100\u20ac\",\"breadcrumb\":{\"@id\":\"https:\\\/\\\/ecosupplements.be\\\/fr\\\/produit\\\/tmg-500mg-60-gelules-liquides\\\/#breadcrumb\"},\"inLanguage\":\"fr-FR\",\"potentialAction\":[{\"@type\":\"ReadAction\",\"target\":[\"https:\\\/\\\/ecosupplements.be\\\/fr\\\/produit\\\/tmg-500mg-60-gelules-liquides\\\/\"]}]},{\"@type\":\"ImageObject\",\"inLanguage\":\"fr-FR\",\"@id\":\"https:\\\/\\\/ecosupplements.be\\\/fr\\\/produit\\\/tmg-500mg-60-gelules-liquides\\\/#primaryimage\",\"url\":\"https:\\\/\\\/ecosupplements.be\\\/wp-content\\\/uploads\\\/2025\\\/08\\\/Life-Extension-TMG-500mg-60-liquid-vcaps.png\",\"contentUrl\":\"https:\\\/\\\/ecosupplements.be\\\/wp-content\\\/uploads\\\/2025\\\/08\\\/Life-Extension-TMG-500mg-60-liquid-vcaps.png\",\"width\":500,\"height\":500},{\"@type\":\"BreadcrumbList\",\"@id\":\"https:\\\/\\\/ecosupplements.be\\\/fr\\\/produit\\\/tmg-500mg-60-gelules-liquides\\\/#breadcrumb\",\"itemListElement\":[{\"@type\":\"ListItem\",\"position\":1,\"name\":\"Home\",\"item\":\"https:\\\/\\\/ecosupplements.be\\\/fr\\\/\"},{\"@type\":\"ListItem\",\"position\":2,\"name\":\"Boutique\",\"item\":\"https:\\\/\\\/ecosupplements.be\\\/fr\\\/boutique\\\/\"},{\"@type\":\"ListItem\",\"position\":3,\"name\":\"TMG, 500mg &#8211; 60 g\u00e9lules liquides\"}]},{\"@type\":\"WebSite\",\"@id\":\"https:\\\/\\\/ecosupplements.be\\\/fr\\\/#website\",\"url\":\"https:\\\/\\\/ecosupplements.be\\\/fr\\\/\",\"name\":\"ECO Supplements\",\"description\":\"Eco Supplements - Gezonde supplementen\",\"publisher\":{\"@id\":\"https:\\\/\\\/ecosupplements.be\\\/fr\\\/#organization\"},\"potentialAction\":[{\"@type\":\"SearchAction\",\"target\":{\"@type\":\"EntryPoint\",\"urlTemplate\":\"https:\\\/\\\/ecosupplements.be\\\/fr\\\/?s={search_term_string}\"},\"query-input\":{\"@type\":\"PropertyValueSpecification\",\"valueRequired\":true,\"valueName\":\"search_term_string\"}}],\"inLanguage\":\"fr-FR\"},{\"@type\":\"Organization\",\"@id\":\"https:\\\/\\\/ecosupplements.be\\\/fr\\\/#organization\",\"name\":\"Eco Supplements\",\"url\":\"https:\\\/\\\/ecosupplements.be\\\/fr\\\/\",\"logo\":{\"@type\":\"ImageObject\",\"inLanguage\":\"fr-FR\",\"@id\":\"https:\\\/\\\/ecosupplements.be\\\/fr\\\/#\\\/schema\\\/logo\\\/image\\\/\",\"url\":\"https:\\\/\\\/ecosupplements.be\\\/wp-content\\\/uploads\\\/2022\\\/06\\\/ecosupplement-family.png\",\"contentUrl\":\"https:\\\/\\\/ecosupplements.be\\\/wp-content\\\/uploads\\\/2022\\\/06\\\/ecosupplement-family.png\",\"width\":593,\"height\":374,\"caption\":\"Eco Supplements\"},\"image\":{\"@id\":\"https:\\\/\\\/ecosupplements.be\\\/fr\\\/#\\\/schema\\\/logo\\\/image\\\/\"}}]}<\/script>\n<meta property=\"product:brand\" content=\"Life Extension\" \/>\n<meta property=\"product:price:amount\" content=\"12.11\" \/>\n<meta property=\"product:price:currency\" content=\"EUR\" \/>\n<meta property=\"og:availability\" content=\"instock\" \/>\n<meta property=\"product:availability\" content=\"instock\" \/>\n<meta property=\"product:retailer_item_id\" content=\"737870185963\" \/>\n<meta property=\"product:condition\" content=\"new\" \/>\n<!-- \/ Yoast SEO Premium plugin. -->","yoast_head_json":{"title":"TMG, 500mg - 60 g\u00e9lules liquides - ECO Supplements","description":"Wij hebben een ruime keuze aan producten van TMG, 500mg - 60 g\u00e9lules liquides . Winkel bij Eco Supplements altijd gratis verzending boven 100\u20ac","robots":{"index":"index","follow":"follow","max-snippet":"max-snippet:-1","max-image-preview":"max-image-preview:large","max-video-preview":"max-video-preview:-1"},"canonical":"https:\/\/ecosupplements.be\/fr\/produit\/tmg-500mg-60-gelules-liquides\/","og_locale":"fr_FR","og_type":"article","og_title":"TMG, 500mg - 60 g\u00e9lules liquides","og_description":"Wij hebben een ruime keuze aan producten van TMG, 500mg - 60 g\u00e9lules liquides . Winkel bij Eco Supplements altijd gratis verzending boven 100\u20ac","og_url":"https:\/\/ecosupplements.be\/fr\/produit\/tmg-500mg-60-gelules-liquides\/","og_site_name":"ECO Supplements","article_modified_time":"2025-08-27T12:48:42+00:00","og_image":[{"width":234,"height":468,"url":"https:\/\/ecosupplements.be\/wp-content\/uploads\/2025\/08\/TMG-500mg-60-liquid-vcaps.png","type":"image\/png"}],"twitter_card":"summary_large_image","twitter_misc":{"Prix":"12.11&nbsp;&euro;","Disponibilit\u00e9":"En stock"},"schema":{"@context":"https:\/\/schema.org","@graph":[{"@type":["WebPage","ItemPage"],"@id":"https:\/\/ecosupplements.be\/fr\/produit\/tmg-500mg-60-gelules-liquides\/","url":"https:\/\/ecosupplements.be\/fr\/produit\/tmg-500mg-60-gelules-liquides\/","name":"TMG, 500mg - 60 g\u00e9lules liquides - ECO Supplements","isPartOf":{"@id":"https:\/\/ecosupplements.be\/fr\/#website"},"primaryImageOfPage":{"@id":"https:\/\/ecosupplements.be\/fr\/produit\/tmg-500mg-60-gelules-liquides\/#primaryimage"},"image":{"@id":"https:\/\/ecosupplements.be\/fr\/produit\/tmg-500mg-60-gelules-liquides\/#primaryimage"},"thumbnailUrl":"https:\/\/ecosupplements.be\/wp-content\/uploads\/2025\/08\/Life-Extension-TMG-500mg-60-liquid-vcaps.png","datePublished":"2022-06-28T09:18:08+00:00","dateModified":"2025-08-27T12:48:42+00:00","description":"Wij hebben een ruime keuze aan producten van TMG, 500mg - 60 g\u00e9lules liquides . Winkel bij Eco Supplements altijd gratis verzending boven 100\u20ac","breadcrumb":{"@id":"https:\/\/ecosupplements.be\/fr\/produit\/tmg-500mg-60-gelules-liquides\/#breadcrumb"},"inLanguage":"fr-FR","potentialAction":[{"@type":"ReadAction","target":["https:\/\/ecosupplements.be\/fr\/produit\/tmg-500mg-60-gelules-liquides\/"]}]},{"@type":"ImageObject","inLanguage":"fr-FR","@id":"https:\/\/ecosupplements.be\/fr\/produit\/tmg-500mg-60-gelules-liquides\/#primaryimage","url":"https:\/\/ecosupplements.be\/wp-content\/uploads\/2025\/08\/Life-Extension-TMG-500mg-60-liquid-vcaps.png","contentUrl":"https:\/\/ecosupplements.be\/wp-content\/uploads\/2025\/08\/Life-Extension-TMG-500mg-60-liquid-vcaps.png","width":500,"height":500},{"@type":"BreadcrumbList","@id":"https:\/\/ecosupplements.be\/fr\/produit\/tmg-500mg-60-gelules-liquides\/#breadcrumb","itemListElement":[{"@type":"ListItem","position":1,"name":"Home","item":"https:\/\/ecosupplements.be\/fr\/"},{"@type":"ListItem","position":2,"name":"Boutique","item":"https:\/\/ecosupplements.be\/fr\/boutique\/"},{"@type":"ListItem","position":3,"name":"TMG, 500mg &#8211; 60 g\u00e9lules liquides"}]},{"@type":"WebSite","@id":"https:\/\/ecosupplements.be\/fr\/#website","url":"https:\/\/ecosupplements.be\/fr\/","name":"ECO Supplements","description":"Eco Supplements - Gezonde supplementen","publisher":{"@id":"https:\/\/ecosupplements.be\/fr\/#organization"},"potentialAction":[{"@type":"SearchAction","target":{"@type":"EntryPoint","urlTemplate":"https:\/\/ecosupplements.be\/fr\/?s={search_term_string}"},"query-input":{"@type":"PropertyValueSpecification","valueRequired":true,"valueName":"search_term_string"}}],"inLanguage":"fr-FR"},{"@type":"Organization","@id":"https:\/\/ecosupplements.be\/fr\/#organization","name":"Eco Supplements","url":"https:\/\/ecosupplements.be\/fr\/","logo":{"@type":"ImageObject","inLanguage":"fr-FR","@id":"https:\/\/ecosupplements.be\/fr\/#\/schema\/logo\/image\/","url":"https:\/\/ecosupplements.be\/wp-content\/uploads\/2022\/06\/ecosupplement-family.png","contentUrl":"https:\/\/ecosupplements.be\/wp-content\/uploads\/2022\/06\/ecosupplement-family.png","width":593,"height":374,"caption":"Eco Supplements"},"image":{"@id":"https:\/\/ecosupplements.be\/fr\/#\/schema\/logo\/image\/"}}]},"product_brand":"Life Extension","product_price_amount":"12.11","product_price_currency":"EUR","og_availability":"instock","product_availability":"instock","product_retailer_item_id":"737870185963","product_condition":"new"},"_links":{"self":[{"href":"https:\/\/ecosupplements.be\/fr\/wp-json\/wp\/v2\/product\/285279","targetHints":{"allow":["GET"]}}],"collection":[{"href":"https:\/\/ecosupplements.be\/fr\/wp-json\/wp\/v2\/product"}],"about":[{"href":"https:\/\/ecosupplements.be\/fr\/wp-json\/wp\/v2\/types\/product"}],"replies":[{"embeddable":true,"href":"https:\/\/ecosupplements.be\/fr\/wp-json\/wp\/v2\/comments?post=285279"}],"wp:featuredmedia":[{"embeddable":true,"href":"https:\/\/ecosupplements.be\/fr\/wp-json\/wp\/v2\/media\/247963"}],"wp:attachment":[{"href":"https:\/\/ecosupplements.be\/fr\/wp-json\/wp\/v2\/media?parent=285279"}],"wp:term":[{"taxonomy":"product_brand","embeddable":true,"href":"https:\/\/ecosupplements.be\/fr\/wp-json\/wp\/v2\/product_brand?post=285279"},{"taxonomy":"product_cat","embeddable":true,"href":"https:\/\/ecosupplements.be\/fr\/wp-json\/wp\/v2\/product_cat?post=285279"},{"taxonomy":"product_tag","embeddable":true,"href":"https:\/\/ecosupplements.be\/fr\/wp-json\/wp\/v2\/product_tag?post=285279"}],"curies":[{"name":"wp","href":"https:\/\/api.w.org\/{rel}","templated":true}]}}