{"id":285282,"date":"2022-06-28T10:18:08","date_gmt":"2022-06-28T09:18:08","guid":{"rendered":"https:\/\/ecosupplements.be\/product\/ulesdeux-par-jour-multivitamines-60-capsules\/"},"modified":"2025-08-27T13:48:44","modified_gmt":"2025-08-27T12:48:44","slug":"ulesdeux-par-jour-multivitamines-60-capsules","status":"publish","type":"product","link":"https:\/\/ecosupplements.be\/fr\/produit\/ulesdeux-par-jour-multivitamines-60-capsules\/","title":{"rendered":"Ules\n\nDeux par jour, Multivitamines &#8211; 60 capsules"},"content":{"rendered":"<h1>Two-Per-Day, Multivitamin &#8211; \u206260 caps<\/h1>\n<p>Le Two-Per-Day, Multivitamin de Life\u2064 Extension est\u200d un compl\u00e9ment alimentaire\u2063 complet et \u00e9quilibr\u00e9 qui fournit une large \u2062gamme \u2063de vitamines, de min\u00e9raux et de nutriments essentiels pour soutenir la sant\u00e9 \u2064globale et le bien-\u00eatre.<\/p>\n<h2>Caract\u00e9ristiques sp\u00e9ciales:<\/h2>\n<ul>\n<li>Formule compl\u00e8te avec plus de 20\u200d vitamines et min\u00e9raux<\/li>\n<li>Contient des doses \u00e9lev\u00e9es de vitamines \u200cB pour soutenir l&#8217;\u00e9nergie et le m\u00e9tabolisme<\/li>\n<li>Contient\u2062 des antioxydants \u200dpuissants pour prot\u00e9ger contre les dommages\u200c des radicaux libres<\/li>\n<li>Formule \u00e0 lib\u00e9ration prolong\u00e9e pour \u2064une absorption optimale des \u200cnutriments<\/li>\n<li>Convient aux v\u00e9g\u00e9tariens<\/li>\n<\/ul>\n<h2>Ingr\u00e9dients cl\u00e9s:<\/h2>\n<p>Le Two-Per-Day, Multivitamin contient \u200dune combinaison de vitamines, de\u200c min\u00e9raux\u200b et de nutriments essentiels \u2064pour\u200d soutenir la sant\u00e9 globale. Parmi les ingr\u00e9dients cl\u00e9s, on retrouve:<\/p>\n<ul>\n<li>Vitamine C: un antioxydant puissant qui aide \u00e0 renforcer le syst\u00e8me immunitaire et \u00e0 prot\u00e9ger contre les maladies<\/li>\n<li>Vitamine D3: essentielle pour la sant\u00e9 des\u200c os et des dents, ainsi que pour la fonction immunitaire<\/li>\n<li>Vitamine E: un antioxydant qui prot\u00e8ge \u2064les cellules contre les dommages des radicaux libres<\/li>\n<li>Vitamines B:\u200c un complexe de \u200bvitamines B pour soutenir \u200bl&#8217;\u00e9nergie et le m\u00e9tabolisme<\/li>\n<li>Magn\u00e9sium: important \u2062pour\u2064 la \u200csant\u00e9\u2062 des os, \u2062des\u2063 muscles et du \u2062syst\u00e8me nerveux<\/li>\n<li>S\u00e9l\u00e9nium: un antioxydant qui aide \u00e0 prot\u00e9ger contre les maladies cardiovasculaires et le cancer<\/li>\n<\/ul>\n<h2>Avantages uniques:<\/h2>\n<p>Le\u200b Two-Per-Day, Multivitamin offre une formule compl\u00e8te avec des doses \u00e9lev\u00e9es de vitamines B pour soutenir l&#8217;\u00e9nergie et le m\u00e9tabolisme. De plus, sa formule \u00e0 lib\u00e9ration prolong\u00e9e permet une absorption optimale des nutriments pour une efficacit\u00e9 maximale.<\/p>\n<p>Ce compl\u00e9ment alimentaire convient \u00e9galement\u2064 aux v\u00e9g\u00e9tariens,\u200d ce \u2063qui en fait\u2064 une option id\u00e9ale pour tous ceux \u200dqui cherchent \u00e0 compl\u00e9ter leur alimentation\u200c avec des vitamines et des min\u00e9raux\u2064 essentiels.<\/p>\n<h2>Conseils d&#8217;utilisation:<\/h2>\n<p>Prenez \u200ddeux capsules par \u2063jour avec \u200cun repas, ou selon les\u2064 recommandations d&#8217;un professionnel \u2064de la sant\u00e9.<\/p>\n<p>Ne pas d\u00e9passer la dose recommand\u00e9e. Tenir hors de port\u00e9e des \u2063enfants. Consultez votre m\u00e9decin avant de prendre ce produit si vous \u00eates enceinte, allaitez, prenez\u2064 des\u2062 m\u00e9dicaments ou si vous avez des probl\u00e8mes de sant\u00e9.<\/p>\n<p>Conservez \u2064dans\u2062 un endroit frais et\u200d sec.<\/p>\n<p>Ne contient pas de gluten, de soja, de \u200bbl\u00e9, de levure, de ma\u00efs, de lait ou de \u2063colorants artificiels, \u2063de conservateurs ou d&#8217;ar\u00f4mes artificiels.<\/p>\n<p>Si vous\u2062 cherchez un compl\u00e9ment alimentaire complet et \u00e9quilibr\u00e9 pour soutenir votre sant\u00e9 globale, le Two-Per-Day, Multivitamin de Life Extension est un excellent\u2064 choix. \u200dCommandez d\u00e8s maintenant et profitez des bienfaits de cette formule compl\u00e8te de vitamines et de min\u00e9raux essentiels.<\/p>\n","protected":false},"excerpt":{"rendered":"<p>Two-Per-Day, Multivitamin &#8211; \u206260 caps Le Two-Per-Day, Multivitamin de Life\u2064 Extension est\u200d un compl\u00e9ment alimentaire\u2063 complet et \u00e9quilibr\u00e9 qui fournit une large \u2062gamme \u2063de vitamines, de min\u00e9raux et de nutriments essentiels pour soutenir la sant\u00e9 \u2064globale et le bien-\u00eatre. Caract\u00e9ristiques sp\u00e9ciales: Formule compl\u00e8te avec plus de 20\u200d vitamines et min\u00e9raux Contient des doses \u00e9lev\u00e9es de [&#8230;]\n","protected":false},"featured_media":247991,"comment_status":"open","ping_status":"open","template":"","meta":[],"product_brand":[4723],"product_cat":[5062,5052,5053],"product_tag":[],"class_list":{"0":"post-285282","1":"product","2":"type-product","3":"status-publish","4":"has-post-thumbnail","6":"product_brand-life-extension-2","7":"product_cat-multivitamines","8":"product_cat-sante-et-bien-etre","9":"product_cat-vitamines-et-mineraux","11":"first","12":"instock","13":"sale","14":"taxable","15":"shipping-taxable","16":"purchasable","17":"product-type-simple"},"yoast_head":"<!-- This site is optimized with the Yoast SEO Premium plugin v27.3 (Yoast SEO v27.3) - https:\/\/yoast.com\/product\/yoast-seo-premium-wordpress\/ -->\n<title>Ules Deux par jour, Multivitamines - 60 capsules - ECO Supplements<\/title>\n<meta name=\"description\" content=\"Wij hebben een ruime keuze aan producten van Ules Deux par jour, Multivitamines - 60 capsules . Winkel bij Eco Supplements altijd gratis verzending boven 100\u20ac\" \/>\n<meta name=\"robots\" content=\"index, follow, max-snippet:-1, max-image-preview:large, max-video-preview:-1\" \/>\n<link rel=\"canonical\" href=\"https:\/\/ecosupplements.be\/fr\/produit\/ulesdeux-par-jour-multivitamines-60-capsules\/\" \/>\n<meta property=\"og:locale\" content=\"fr_FR\" \/>\n<meta property=\"og:type\" content=\"article\" \/>\n<meta property=\"og:title\" content=\"Ules Deux par jour, Multivitamines - 60 capsules\" \/>\n<meta property=\"og:description\" content=\"Wij hebben een ruime keuze aan producten van Ules Deux par jour, Multivitamines - 60 capsules . Winkel bij Eco Supplements altijd gratis verzending boven 100\u20ac\" \/>\n<meta property=\"og:url\" content=\"https:\/\/ecosupplements.be\/fr\/produit\/ulesdeux-par-jour-multivitamines-60-capsules\/\" \/>\n<meta property=\"og:site_name\" content=\"ECO Supplements\" \/>\n<meta property=\"article:modified_time\" content=\"2025-08-27T12:48:44+00:00\" \/>\n<meta property=\"og:image\" content=\"https:\/\/ecosupplements.be\/wp-content\/uploads\/2025\/08\/Two-Per-Day-Multivitamin-60-caps.jpg\" \/>\n\t<meta property=\"og:image:width\" content=\"314\" \/>\n\t<meta property=\"og:image:height\" content=\"600\" \/>\n\t<meta property=\"og:image:type\" content=\"image\/jpeg\" \/>\n<meta name=\"twitter:card\" content=\"summary_large_image\" \/>\n<meta name=\"twitter:label1\" content=\"Prix\" \/>\n\t<meta name=\"twitter:data1\" content=\"19.26&nbsp;&euro;\" \/>\n\t<meta name=\"twitter:label2\" content=\"Disponibilit\u00e9\" \/>\n\t<meta name=\"twitter:data2\" content=\"En stock\" \/>\n<script type=\"application\/ld+json\" class=\"yoast-schema-graph\">{\"@context\":\"https:\\\/\\\/schema.org\",\"@graph\":[{\"@type\":[\"WebPage\",\"ItemPage\"],\"@id\":\"https:\\\/\\\/ecosupplements.be\\\/fr\\\/produit\\\/ulesdeux-par-jour-multivitamines-60-capsules\\\/\",\"url\":\"https:\\\/\\\/ecosupplements.be\\\/fr\\\/produit\\\/ulesdeux-par-jour-multivitamines-60-capsules\\\/\",\"name\":\"Ules Deux par jour, Multivitamines - 60 capsules - ECO Supplements\",\"isPartOf\":{\"@id\":\"https:\\\/\\\/ecosupplements.be\\\/fr\\\/#website\"},\"primaryImageOfPage\":{\"@id\":\"https:\\\/\\\/ecosupplements.be\\\/fr\\\/produit\\\/ulesdeux-par-jour-multivitamines-60-capsules\\\/#primaryimage\"},\"image\":{\"@id\":\"https:\\\/\\\/ecosupplements.be\\\/fr\\\/produit\\\/ulesdeux-par-jour-multivitamines-60-capsules\\\/#primaryimage\"},\"thumbnailUrl\":\"https:\\\/\\\/ecosupplements.be\\\/wp-content\\\/uploads\\\/2025\\\/08\\\/Life-Extension-Two-Per-Day-Capsules-60-caps.jpg\",\"datePublished\":\"2022-06-28T09:18:08+00:00\",\"dateModified\":\"2025-08-27T12:48:44+00:00\",\"description\":\"Wij hebben een ruime keuze aan producten van Ules Deux par jour, Multivitamines - 60 capsules . Winkel bij Eco Supplements altijd gratis verzending boven 100\u20ac\",\"breadcrumb\":{\"@id\":\"https:\\\/\\\/ecosupplements.be\\\/fr\\\/produit\\\/ulesdeux-par-jour-multivitamines-60-capsules\\\/#breadcrumb\"},\"inLanguage\":\"fr-FR\",\"potentialAction\":[{\"@type\":\"ReadAction\",\"target\":[\"https:\\\/\\\/ecosupplements.be\\\/fr\\\/produit\\\/ulesdeux-par-jour-multivitamines-60-capsules\\\/\"]}]},{\"@type\":\"ImageObject\",\"inLanguage\":\"fr-FR\",\"@id\":\"https:\\\/\\\/ecosupplements.be\\\/fr\\\/produit\\\/ulesdeux-par-jour-multivitamines-60-capsules\\\/#primaryimage\",\"url\":\"https:\\\/\\\/ecosupplements.be\\\/wp-content\\\/uploads\\\/2025\\\/08\\\/Life-Extension-Two-Per-Day-Capsules-60-caps.jpg\",\"contentUrl\":\"https:\\\/\\\/ecosupplements.be\\\/wp-content\\\/uploads\\\/2025\\\/08\\\/Life-Extension-Two-Per-Day-Capsules-60-caps.jpg\",\"width\":750,\"height\":750},{\"@type\":\"BreadcrumbList\",\"@id\":\"https:\\\/\\\/ecosupplements.be\\\/fr\\\/produit\\\/ulesdeux-par-jour-multivitamines-60-capsules\\\/#breadcrumb\",\"itemListElement\":[{\"@type\":\"ListItem\",\"position\":1,\"name\":\"Home\",\"item\":\"https:\\\/\\\/ecosupplements.be\\\/fr\\\/\"},{\"@type\":\"ListItem\",\"position\":2,\"name\":\"Boutique\",\"item\":\"https:\\\/\\\/ecosupplements.be\\\/fr\\\/boutique\\\/\"},{\"@type\":\"ListItem\",\"position\":3,\"name\":\"Ules Deux par jour, Multivitamines &#8211; 60 capsules\"}]},{\"@type\":\"WebSite\",\"@id\":\"https:\\\/\\\/ecosupplements.be\\\/fr\\\/#website\",\"url\":\"https:\\\/\\\/ecosupplements.be\\\/fr\\\/\",\"name\":\"ECO Supplements\",\"description\":\"Eco Supplements - Gezonde supplementen\",\"publisher\":{\"@id\":\"https:\\\/\\\/ecosupplements.be\\\/fr\\\/#organization\"},\"potentialAction\":[{\"@type\":\"SearchAction\",\"target\":{\"@type\":\"EntryPoint\",\"urlTemplate\":\"https:\\\/\\\/ecosupplements.be\\\/fr\\\/?s={search_term_string}\"},\"query-input\":{\"@type\":\"PropertyValueSpecification\",\"valueRequired\":true,\"valueName\":\"search_term_string\"}}],\"inLanguage\":\"fr-FR\"},{\"@type\":\"Organization\",\"@id\":\"https:\\\/\\\/ecosupplements.be\\\/fr\\\/#organization\",\"name\":\"Eco Supplements\",\"url\":\"https:\\\/\\\/ecosupplements.be\\\/fr\\\/\",\"logo\":{\"@type\":\"ImageObject\",\"inLanguage\":\"fr-FR\",\"@id\":\"https:\\\/\\\/ecosupplements.be\\\/fr\\\/#\\\/schema\\\/logo\\\/image\\\/\",\"url\":\"https:\\\/\\\/ecosupplements.be\\\/wp-content\\\/uploads\\\/2022\\\/06\\\/ecosupplement-family.png\",\"contentUrl\":\"https:\\\/\\\/ecosupplements.be\\\/wp-content\\\/uploads\\\/2022\\\/06\\\/ecosupplement-family.png\",\"width\":593,\"height\":374,\"caption\":\"Eco Supplements\"},\"image\":{\"@id\":\"https:\\\/\\\/ecosupplements.be\\\/fr\\\/#\\\/schema\\\/logo\\\/image\\\/\"}}]}<\/script>\n<meta property=\"product:brand\" content=\"Life Extension\" \/>\n<meta property=\"product:price:amount\" content=\"19.26\" \/>\n<meta property=\"product:price:currency\" content=\"EUR\" \/>\n<meta property=\"og:availability\" content=\"instock\" \/>\n<meta property=\"product:availability\" content=\"instock\" \/>\n<meta property=\"product:retailer_item_id\" content=\"737870231769\" \/>\n<meta property=\"product:condition\" content=\"new\" \/>\n<!-- \/ Yoast SEO Premium plugin. -->","yoast_head_json":{"title":"Ules Deux par jour, Multivitamines - 60 capsules - ECO Supplements","description":"Wij hebben een ruime keuze aan producten van Ules Deux par jour, Multivitamines - 60 capsules . Winkel bij Eco Supplements altijd gratis verzending boven 100\u20ac","robots":{"index":"index","follow":"follow","max-snippet":"max-snippet:-1","max-image-preview":"max-image-preview:large","max-video-preview":"max-video-preview:-1"},"canonical":"https:\/\/ecosupplements.be\/fr\/produit\/ulesdeux-par-jour-multivitamines-60-capsules\/","og_locale":"fr_FR","og_type":"article","og_title":"Ules Deux par jour, Multivitamines - 60 capsules","og_description":"Wij hebben een ruime keuze aan producten van Ules Deux par jour, Multivitamines - 60 capsules . Winkel bij Eco Supplements altijd gratis verzending boven 100\u20ac","og_url":"https:\/\/ecosupplements.be\/fr\/produit\/ulesdeux-par-jour-multivitamines-60-capsules\/","og_site_name":"ECO Supplements","article_modified_time":"2025-08-27T12:48:44+00:00","og_image":[{"width":314,"height":600,"url":"https:\/\/ecosupplements.be\/wp-content\/uploads\/2025\/08\/Two-Per-Day-Multivitamin-60-caps.jpg","type":"image\/jpeg"}],"twitter_card":"summary_large_image","twitter_misc":{"Prix":"19.26&nbsp;&euro;","Disponibilit\u00e9":"En stock"},"schema":{"@context":"https:\/\/schema.org","@graph":[{"@type":["WebPage","ItemPage"],"@id":"https:\/\/ecosupplements.be\/fr\/produit\/ulesdeux-par-jour-multivitamines-60-capsules\/","url":"https:\/\/ecosupplements.be\/fr\/produit\/ulesdeux-par-jour-multivitamines-60-capsules\/","name":"Ules Deux par jour, Multivitamines - 60 capsules - ECO Supplements","isPartOf":{"@id":"https:\/\/ecosupplements.be\/fr\/#website"},"primaryImageOfPage":{"@id":"https:\/\/ecosupplements.be\/fr\/produit\/ulesdeux-par-jour-multivitamines-60-capsules\/#primaryimage"},"image":{"@id":"https:\/\/ecosupplements.be\/fr\/produit\/ulesdeux-par-jour-multivitamines-60-capsules\/#primaryimage"},"thumbnailUrl":"https:\/\/ecosupplements.be\/wp-content\/uploads\/2025\/08\/Life-Extension-Two-Per-Day-Capsules-60-caps.jpg","datePublished":"2022-06-28T09:18:08+00:00","dateModified":"2025-08-27T12:48:44+00:00","description":"Wij hebben een ruime keuze aan producten van Ules Deux par jour, Multivitamines - 60 capsules . Winkel bij Eco Supplements altijd gratis verzending boven 100\u20ac","breadcrumb":{"@id":"https:\/\/ecosupplements.be\/fr\/produit\/ulesdeux-par-jour-multivitamines-60-capsules\/#breadcrumb"},"inLanguage":"fr-FR","potentialAction":[{"@type":"ReadAction","target":["https:\/\/ecosupplements.be\/fr\/produit\/ulesdeux-par-jour-multivitamines-60-capsules\/"]}]},{"@type":"ImageObject","inLanguage":"fr-FR","@id":"https:\/\/ecosupplements.be\/fr\/produit\/ulesdeux-par-jour-multivitamines-60-capsules\/#primaryimage","url":"https:\/\/ecosupplements.be\/wp-content\/uploads\/2025\/08\/Life-Extension-Two-Per-Day-Capsules-60-caps.jpg","contentUrl":"https:\/\/ecosupplements.be\/wp-content\/uploads\/2025\/08\/Life-Extension-Two-Per-Day-Capsules-60-caps.jpg","width":750,"height":750},{"@type":"BreadcrumbList","@id":"https:\/\/ecosupplements.be\/fr\/produit\/ulesdeux-par-jour-multivitamines-60-capsules\/#breadcrumb","itemListElement":[{"@type":"ListItem","position":1,"name":"Home","item":"https:\/\/ecosupplements.be\/fr\/"},{"@type":"ListItem","position":2,"name":"Boutique","item":"https:\/\/ecosupplements.be\/fr\/boutique\/"},{"@type":"ListItem","position":3,"name":"Ules Deux par jour, Multivitamines &#8211; 60 capsules"}]},{"@type":"WebSite","@id":"https:\/\/ecosupplements.be\/fr\/#website","url":"https:\/\/ecosupplements.be\/fr\/","name":"ECO Supplements","description":"Eco Supplements - Gezonde supplementen","publisher":{"@id":"https:\/\/ecosupplements.be\/fr\/#organization"},"potentialAction":[{"@type":"SearchAction","target":{"@type":"EntryPoint","urlTemplate":"https:\/\/ecosupplements.be\/fr\/?s={search_term_string}"},"query-input":{"@type":"PropertyValueSpecification","valueRequired":true,"valueName":"search_term_string"}}],"inLanguage":"fr-FR"},{"@type":"Organization","@id":"https:\/\/ecosupplements.be\/fr\/#organization","name":"Eco Supplements","url":"https:\/\/ecosupplements.be\/fr\/","logo":{"@type":"ImageObject","inLanguage":"fr-FR","@id":"https:\/\/ecosupplements.be\/fr\/#\/schema\/logo\/image\/","url":"https:\/\/ecosupplements.be\/wp-content\/uploads\/2022\/06\/ecosupplement-family.png","contentUrl":"https:\/\/ecosupplements.be\/wp-content\/uploads\/2022\/06\/ecosupplement-family.png","width":593,"height":374,"caption":"Eco Supplements"},"image":{"@id":"https:\/\/ecosupplements.be\/fr\/#\/schema\/logo\/image\/"}}]},"product_brand":"Life Extension","product_price_amount":"19.26","product_price_currency":"EUR","og_availability":"instock","product_availability":"instock","product_retailer_item_id":"737870231769","product_condition":"new"},"_links":{"self":[{"href":"https:\/\/ecosupplements.be\/fr\/wp-json\/wp\/v2\/product\/285282","targetHints":{"allow":["GET"]}}],"collection":[{"href":"https:\/\/ecosupplements.be\/fr\/wp-json\/wp\/v2\/product"}],"about":[{"href":"https:\/\/ecosupplements.be\/fr\/wp-json\/wp\/v2\/types\/product"}],"replies":[{"embeddable":true,"href":"https:\/\/ecosupplements.be\/fr\/wp-json\/wp\/v2\/comments?post=285282"}],"wp:featuredmedia":[{"embeddable":true,"href":"https:\/\/ecosupplements.be\/fr\/wp-json\/wp\/v2\/media\/247991"}],"wp:attachment":[{"href":"https:\/\/ecosupplements.be\/fr\/wp-json\/wp\/v2\/media?parent=285282"}],"wp:term":[{"taxonomy":"product_brand","embeddable":true,"href":"https:\/\/ecosupplements.be\/fr\/wp-json\/wp\/v2\/product_brand?post=285282"},{"taxonomy":"product_cat","embeddable":true,"href":"https:\/\/ecosupplements.be\/fr\/wp-json\/wp\/v2\/product_cat?post=285282"},{"taxonomy":"product_tag","embeddable":true,"href":"https:\/\/ecosupplements.be\/fr\/wp-json\/wp\/v2\/product_tag?post=285282"}],"curies":[{"name":"wp","href":"https:\/\/api.w.org\/{rel}","templated":true}]}}