{"id":285285,"date":"2022-06-28T10:18:08","date_gmt":"2022-06-28T09:18:08","guid":{"rendered":"https:\/\/ecosupplements.be\/product\/deux-par-jour-comprimes-60-comprimes\/"},"modified":"2025-08-27T13:48:48","modified_gmt":"2025-08-27T12:48:48","slug":"deux-par-jour-comprimes-60-comprimes","status":"publish","type":"product","link":"https:\/\/ecosupplements.be\/fr\/produit\/deux-par-jour-comprimes-60-comprimes\/","title":{"rendered":"Deux par jour, comprim\u00e9s &#8211; 60 comprim\u00e9s"},"content":{"rendered":"<h1>Two-Per-Day, Tablets &#8211; 60 tabs<\/h1>\n<p>Les comprim\u00e9s Two-Per-Day de Life Extension \u200csont un compl\u00e9ment alimentaire complet et \u00e9quilibr\u00e9 con\u00e7u pour \u2064fournir une large\u2062 gamme de nutriments\u2062 essentiels \u00e0 votre \u2063corps. Chaque flacon contient 60 comprim\u00e9s, ce qui\u200d \u00e9quivaut \u00e0 un approvisionnement de \u206230 jours.<\/p>\n<h2>Caract\u00e9ristiques sp\u00e9ciales:<\/h2>\n<ul>\n<li>Formule compl\u00e8te avec une large gamme de nutriments essentiels<\/li>\n<li>Contient des vitamines, des min\u00e9raux, \u2062des \u2063antioxydants et \u200ddes extraits de plantes<\/li>\n<li>Facile \u00e0 prendre\u2062 avec \u2063seulement deux comprim\u00e9s par jour<\/li>\n<li>Convient aux v\u00e9g\u00e9tariens<\/li>\n<li>Ne contient pas \u2062de gluten, de soja ou de produits laitiers<\/li>\n<\/ul>\n<h2>Ingr\u00e9dients cl\u00e9s:<\/h2>\n<p>Les comprim\u00e9s Two-Per-Day contiennent une combinaison de vitamines, de\u200b min\u00e9raux, d&#8217;antioxydants et d&#8217;extraits de plantes soigneusement s\u00e9lectionn\u00e9s\u200b pour fournir un \u2062soutien nutritionnel\u2062 complet. \u200cVoici\u2063 quelques-uns des ingr\u00e9dients cl\u00e9s:<\/p>\n<ul>\n<li>Vitamine D3: essentielle pour la \u2063sant\u00e9 des os et du syst\u00e8me\u2064 immunitaire<\/li>\n<li>Vitamine B12: importante pour la production d&#8217;\u00e9nergie et la sant\u00e9 du syst\u00e8me nerveux<\/li>\n<li>Calcium: n\u00e9cessaire pour la sant\u00e9 des os et des dents<\/li>\n<li>Magn\u00e9sium: \u2063joue un r\u00f4le dans plus de \u200b300 r\u00e9actions enzymatiques dans le corps<\/li>\n<li>Extrait \u2062de th\u00e9 vert: riche\u200b en antioxydants\u2062 pour \u2063prot\u00e9ger les cellules contre les dommages oxydatifs<\/li>\n<li>Extrait de curcuma: aide \u00e0 r\u00e9duire l&#8217;inflammation et \u00e0 soutenir la \u2064sant\u00e9 des articulations<\/li>\n<\/ul>\n<h2>Avantages uniques:<\/h2>\n<p>Les comprim\u00e9s Two-Per-Day sont un \u200bmoyen pratique et efficace de compl\u00e9ter votre alimentation avec \u2063des nutriments essentiels. En prenant simplement deux comprim\u00e9s \u200cpar jour, vous \u200bpouvez vous assurer que votre corps re\u00e7oit les vitamines, les min\u00e9raux\u2062 et les antioxydants dont il a\u200d besoin pour fonctionner au mieux de ses capacit\u00e9s. De plus,\u2064 cette formule est sp\u00e9cialement con\u00e7ue pour \u00eatre facilement absorb\u00e9e par le \u200bcorps, ce qui signifie que vous obtenez le maximum de bienfaits de chaque ingr\u00e9dient.<\/p>\n<h2>Conseils d&#8217;utilisation:<\/h2>\n<p>Prenez deux comprim\u00e9s par jour avec de la nourriture, de pr\u00e9f\u00e9rence au petit-d\u00e9jeuner et\u2064 au d\u00eener. Ne \u200dd\u00e9passez pas la dose recommand\u00e9e. Consultez\u200c votre professionnel de sant\u00e9 avant de prendre ce \u200dproduit si vous \u00eates enceinte, \u200ballaitez ou si vous prenez des m\u00e9dicaments.<\/p>\n<p>Ne laissez pas les carences nutritionnelles \u2064vous ralentir. Ajoutez les comprim\u00e9s Two-Per-Day de Life\u2062 Extension \u00e0 votre \u200croutine quotidienne \u2063pour vous assurer que votre corps re\u00e7oit tous les nutriments dont il \u200ca besoin pour fonctionner au\u200c mieux de \u2062ses capacit\u00e9s.<\/p>\n","protected":false},"excerpt":{"rendered":"<p>Two-Per-Day, Tablets &#8211; 60 tabs Les comprim\u00e9s Two-Per-Day de Life Extension \u200csont un compl\u00e9ment alimentaire complet et \u00e9quilibr\u00e9 con\u00e7u pour \u2064fournir une large\u2062 gamme de nutriments\u2062 essentiels \u00e0 votre \u2063corps. Chaque flacon contient 60 comprim\u00e9s, ce qui\u200d \u00e9quivaut \u00e0 un approvisionnement de \u206230 jours. Caract\u00e9ristiques sp\u00e9ciales: Formule compl\u00e8te avec une large gamme de nutriments essentiels [&#8230;]\n","protected":false},"featured_media":248001,"comment_status":"open","ping_status":"open","template":"","meta":[],"product_brand":[4723],"product_cat":[5062,5052,5053,5059],"product_tag":[],"class_list":{"0":"post-285285","1":"product","2":"type-product","3":"status-publish","4":"has-post-thumbnail","6":"product_brand-life-extension-2","7":"product_cat-multivitamines","8":"product_cat-sante-et-bien-etre","9":"product_cat-vitamines-et-mineraux","10":"product_cat-vitamines-simples","12":"first","13":"instock","14":"taxable","15":"shipping-taxable","16":"purchasable","17":"product-type-simple"},"yoast_head":"<!-- This site is optimized with the Yoast SEO Premium plugin v27.3 (Yoast SEO v27.3) - https:\/\/yoast.com\/product\/yoast-seo-premium-wordpress\/ -->\n<title>Deux par jour, comprim\u00e9s - 60 comprim\u00e9s - ECO Supplements<\/title>\n<meta name=\"description\" content=\"Wij hebben een ruime keuze aan producten van Deux par jour, comprim\u00e9s - 60 comprim\u00e9s . Winkel bij Eco Supplements altijd gratis verzending boven 100\u20ac\" \/>\n<meta name=\"robots\" content=\"index, follow, max-snippet:-1, max-image-preview:large, max-video-preview:-1\" \/>\n<link rel=\"canonical\" href=\"https:\/\/ecosupplements.be\/fr\/produit\/deux-par-jour-comprimes-60-comprimes\/\" \/>\n<meta property=\"og:locale\" content=\"fr_FR\" \/>\n<meta property=\"og:type\" content=\"article\" \/>\n<meta property=\"og:title\" content=\"Deux par jour, comprim\u00e9s - 60 comprim\u00e9s\" \/>\n<meta property=\"og:description\" content=\"Wij hebben een ruime keuze aan producten van Deux par jour, comprim\u00e9s - 60 comprim\u00e9s . Winkel bij Eco Supplements altijd gratis verzending boven 100\u20ac\" \/>\n<meta property=\"og:url\" content=\"https:\/\/ecosupplements.be\/fr\/produit\/deux-par-jour-comprimes-60-comprimes\/\" \/>\n<meta property=\"og:site_name\" content=\"ECO Supplements\" \/>\n<meta property=\"article:modified_time\" content=\"2025-08-27T12:48:48+00:00\" \/>\n<meta property=\"og:image\" content=\"https:\/\/ecosupplements.be\/wp-content\/uploads\/2025\/08\/Two-Per-Day-Tablets-60-tabs.jpg\" \/>\n\t<meta property=\"og:image:width\" content=\"672\" \/>\n\t<meta property=\"og:image:height\" content=\"672\" \/>\n\t<meta property=\"og:image:type\" content=\"image\/jpeg\" \/>\n<meta name=\"twitter:card\" content=\"summary_large_image\" \/>\n<meta name=\"twitter:label1\" content=\"Prix\" \/>\n\t<meta name=\"twitter:data1\" content=\"18.35&nbsp;&euro;\" \/>\n\t<meta name=\"twitter:label2\" content=\"Disponibilit\u00e9\" \/>\n\t<meta name=\"twitter:data2\" content=\"En stock\" \/>\n<script type=\"application\/ld+json\" class=\"yoast-schema-graph\">{\"@context\":\"https:\\\/\\\/schema.org\",\"@graph\":[{\"@type\":[\"WebPage\",\"ItemPage\"],\"@id\":\"https:\\\/\\\/ecosupplements.be\\\/fr\\\/produit\\\/deux-par-jour-comprimes-60-comprimes\\\/\",\"url\":\"https:\\\/\\\/ecosupplements.be\\\/fr\\\/produit\\\/deux-par-jour-comprimes-60-comprimes\\\/\",\"name\":\"Deux par jour, comprim\u00e9s - 60 comprim\u00e9s - ECO Supplements\",\"isPartOf\":{\"@id\":\"https:\\\/\\\/ecosupplements.be\\\/fr\\\/#website\"},\"primaryImageOfPage\":{\"@id\":\"https:\\\/\\\/ecosupplements.be\\\/fr\\\/produit\\\/deux-par-jour-comprimes-60-comprimes\\\/#primaryimage\"},\"image\":{\"@id\":\"https:\\\/\\\/ecosupplements.be\\\/fr\\\/produit\\\/deux-par-jour-comprimes-60-comprimes\\\/#primaryimage\"},\"thumbnailUrl\":\"https:\\\/\\\/ecosupplements.be\\\/wp-content\\\/uploads\\\/2025\\\/08\\\/Life-Extension-Two-Per-Day-Tablets-60-tablets.jpg\",\"datePublished\":\"2022-06-28T09:18:08+00:00\",\"dateModified\":\"2025-08-27T12:48:48+00:00\",\"description\":\"Wij hebben een ruime keuze aan producten van Deux par jour, comprim\u00e9s - 60 comprim\u00e9s . Winkel bij Eco Supplements altijd gratis verzending boven 100\u20ac\",\"breadcrumb\":{\"@id\":\"https:\\\/\\\/ecosupplements.be\\\/fr\\\/produit\\\/deux-par-jour-comprimes-60-comprimes\\\/#breadcrumb\"},\"inLanguage\":\"fr-FR\",\"potentialAction\":[{\"@type\":\"ReadAction\",\"target\":[\"https:\\\/\\\/ecosupplements.be\\\/fr\\\/produit\\\/deux-par-jour-comprimes-60-comprimes\\\/\"]}]},{\"@type\":\"ImageObject\",\"inLanguage\":\"fr-FR\",\"@id\":\"https:\\\/\\\/ecosupplements.be\\\/fr\\\/produit\\\/deux-par-jour-comprimes-60-comprimes\\\/#primaryimage\",\"url\":\"https:\\\/\\\/ecosupplements.be\\\/wp-content\\\/uploads\\\/2025\\\/08\\\/Life-Extension-Two-Per-Day-Tablets-60-tablets.jpg\",\"contentUrl\":\"https:\\\/\\\/ecosupplements.be\\\/wp-content\\\/uploads\\\/2025\\\/08\\\/Life-Extension-Two-Per-Day-Tablets-60-tablets.jpg\",\"width\":750,\"height\":750},{\"@type\":\"BreadcrumbList\",\"@id\":\"https:\\\/\\\/ecosupplements.be\\\/fr\\\/produit\\\/deux-par-jour-comprimes-60-comprimes\\\/#breadcrumb\",\"itemListElement\":[{\"@type\":\"ListItem\",\"position\":1,\"name\":\"Home\",\"item\":\"https:\\\/\\\/ecosupplements.be\\\/fr\\\/\"},{\"@type\":\"ListItem\",\"position\":2,\"name\":\"Boutique\",\"item\":\"https:\\\/\\\/ecosupplements.be\\\/fr\\\/boutique\\\/\"},{\"@type\":\"ListItem\",\"position\":3,\"name\":\"Deux par jour, comprim\u00e9s &#8211; 60 comprim\u00e9s\"}]},{\"@type\":\"WebSite\",\"@id\":\"https:\\\/\\\/ecosupplements.be\\\/fr\\\/#website\",\"url\":\"https:\\\/\\\/ecosupplements.be\\\/fr\\\/\",\"name\":\"ECO Supplements\",\"description\":\"Eco Supplements - Gezonde supplementen\",\"publisher\":{\"@id\":\"https:\\\/\\\/ecosupplements.be\\\/fr\\\/#organization\"},\"potentialAction\":[{\"@type\":\"SearchAction\",\"target\":{\"@type\":\"EntryPoint\",\"urlTemplate\":\"https:\\\/\\\/ecosupplements.be\\\/fr\\\/?s={search_term_string}\"},\"query-input\":{\"@type\":\"PropertyValueSpecification\",\"valueRequired\":true,\"valueName\":\"search_term_string\"}}],\"inLanguage\":\"fr-FR\"},{\"@type\":\"Organization\",\"@id\":\"https:\\\/\\\/ecosupplements.be\\\/fr\\\/#organization\",\"name\":\"Eco Supplements\",\"url\":\"https:\\\/\\\/ecosupplements.be\\\/fr\\\/\",\"logo\":{\"@type\":\"ImageObject\",\"inLanguage\":\"fr-FR\",\"@id\":\"https:\\\/\\\/ecosupplements.be\\\/fr\\\/#\\\/schema\\\/logo\\\/image\\\/\",\"url\":\"https:\\\/\\\/ecosupplements.be\\\/wp-content\\\/uploads\\\/2022\\\/06\\\/ecosupplement-family.png\",\"contentUrl\":\"https:\\\/\\\/ecosupplements.be\\\/wp-content\\\/uploads\\\/2022\\\/06\\\/ecosupplement-family.png\",\"width\":593,\"height\":374,\"caption\":\"Eco Supplements\"},\"image\":{\"@id\":\"https:\\\/\\\/ecosupplements.be\\\/fr\\\/#\\\/schema\\\/logo\\\/image\\\/\"}}]}<\/script>\n<meta property=\"product:brand\" content=\"Life Extension\" \/>\n<meta property=\"product:price:amount\" content=\"18.35\" \/>\n<meta property=\"product:price:currency\" content=\"EUR\" \/>\n<meta property=\"og:availability\" content=\"instock\" \/>\n<meta property=\"product:availability\" content=\"instock\" \/>\n<meta property=\"product:retailer_item_id\" content=\"737870231660\" \/>\n<meta property=\"product:condition\" content=\"new\" \/>\n<!-- \/ Yoast SEO Premium plugin. -->","yoast_head_json":{"title":"Deux par jour, comprim\u00e9s - 60 comprim\u00e9s - ECO Supplements","description":"Wij hebben een ruime keuze aan producten van Deux par jour, comprim\u00e9s - 60 comprim\u00e9s . Winkel bij Eco Supplements altijd gratis verzending boven 100\u20ac","robots":{"index":"index","follow":"follow","max-snippet":"max-snippet:-1","max-image-preview":"max-image-preview:large","max-video-preview":"max-video-preview:-1"},"canonical":"https:\/\/ecosupplements.be\/fr\/produit\/deux-par-jour-comprimes-60-comprimes\/","og_locale":"fr_FR","og_type":"article","og_title":"Deux par jour, comprim\u00e9s - 60 comprim\u00e9s","og_description":"Wij hebben een ruime keuze aan producten van Deux par jour, comprim\u00e9s - 60 comprim\u00e9s . Winkel bij Eco Supplements altijd gratis verzending boven 100\u20ac","og_url":"https:\/\/ecosupplements.be\/fr\/produit\/deux-par-jour-comprimes-60-comprimes\/","og_site_name":"ECO Supplements","article_modified_time":"2025-08-27T12:48:48+00:00","og_image":[{"width":672,"height":672,"url":"https:\/\/ecosupplements.be\/wp-content\/uploads\/2025\/08\/Two-Per-Day-Tablets-60-tabs.jpg","type":"image\/jpeg"}],"twitter_card":"summary_large_image","twitter_misc":{"Prix":"18.35&nbsp;&euro;","Disponibilit\u00e9":"En stock"},"schema":{"@context":"https:\/\/schema.org","@graph":[{"@type":["WebPage","ItemPage"],"@id":"https:\/\/ecosupplements.be\/fr\/produit\/deux-par-jour-comprimes-60-comprimes\/","url":"https:\/\/ecosupplements.be\/fr\/produit\/deux-par-jour-comprimes-60-comprimes\/","name":"Deux par jour, comprim\u00e9s - 60 comprim\u00e9s - ECO Supplements","isPartOf":{"@id":"https:\/\/ecosupplements.be\/fr\/#website"},"primaryImageOfPage":{"@id":"https:\/\/ecosupplements.be\/fr\/produit\/deux-par-jour-comprimes-60-comprimes\/#primaryimage"},"image":{"@id":"https:\/\/ecosupplements.be\/fr\/produit\/deux-par-jour-comprimes-60-comprimes\/#primaryimage"},"thumbnailUrl":"https:\/\/ecosupplements.be\/wp-content\/uploads\/2025\/08\/Life-Extension-Two-Per-Day-Tablets-60-tablets.jpg","datePublished":"2022-06-28T09:18:08+00:00","dateModified":"2025-08-27T12:48:48+00:00","description":"Wij hebben een ruime keuze aan producten van Deux par jour, comprim\u00e9s - 60 comprim\u00e9s . Winkel bij Eco Supplements altijd gratis verzending boven 100\u20ac","breadcrumb":{"@id":"https:\/\/ecosupplements.be\/fr\/produit\/deux-par-jour-comprimes-60-comprimes\/#breadcrumb"},"inLanguage":"fr-FR","potentialAction":[{"@type":"ReadAction","target":["https:\/\/ecosupplements.be\/fr\/produit\/deux-par-jour-comprimes-60-comprimes\/"]}]},{"@type":"ImageObject","inLanguage":"fr-FR","@id":"https:\/\/ecosupplements.be\/fr\/produit\/deux-par-jour-comprimes-60-comprimes\/#primaryimage","url":"https:\/\/ecosupplements.be\/wp-content\/uploads\/2025\/08\/Life-Extension-Two-Per-Day-Tablets-60-tablets.jpg","contentUrl":"https:\/\/ecosupplements.be\/wp-content\/uploads\/2025\/08\/Life-Extension-Two-Per-Day-Tablets-60-tablets.jpg","width":750,"height":750},{"@type":"BreadcrumbList","@id":"https:\/\/ecosupplements.be\/fr\/produit\/deux-par-jour-comprimes-60-comprimes\/#breadcrumb","itemListElement":[{"@type":"ListItem","position":1,"name":"Home","item":"https:\/\/ecosupplements.be\/fr\/"},{"@type":"ListItem","position":2,"name":"Boutique","item":"https:\/\/ecosupplements.be\/fr\/boutique\/"},{"@type":"ListItem","position":3,"name":"Deux par jour, comprim\u00e9s &#8211; 60 comprim\u00e9s"}]},{"@type":"WebSite","@id":"https:\/\/ecosupplements.be\/fr\/#website","url":"https:\/\/ecosupplements.be\/fr\/","name":"ECO Supplements","description":"Eco Supplements - Gezonde supplementen","publisher":{"@id":"https:\/\/ecosupplements.be\/fr\/#organization"},"potentialAction":[{"@type":"SearchAction","target":{"@type":"EntryPoint","urlTemplate":"https:\/\/ecosupplements.be\/fr\/?s={search_term_string}"},"query-input":{"@type":"PropertyValueSpecification","valueRequired":true,"valueName":"search_term_string"}}],"inLanguage":"fr-FR"},{"@type":"Organization","@id":"https:\/\/ecosupplements.be\/fr\/#organization","name":"Eco Supplements","url":"https:\/\/ecosupplements.be\/fr\/","logo":{"@type":"ImageObject","inLanguage":"fr-FR","@id":"https:\/\/ecosupplements.be\/fr\/#\/schema\/logo\/image\/","url":"https:\/\/ecosupplements.be\/wp-content\/uploads\/2022\/06\/ecosupplement-family.png","contentUrl":"https:\/\/ecosupplements.be\/wp-content\/uploads\/2022\/06\/ecosupplement-family.png","width":593,"height":374,"caption":"Eco Supplements"},"image":{"@id":"https:\/\/ecosupplements.be\/fr\/#\/schema\/logo\/image\/"}}]},"product_brand":"Life Extension","product_price_amount":"18.35","product_price_currency":"EUR","og_availability":"instock","product_availability":"instock","product_retailer_item_id":"737870231660","product_condition":"new"},"_links":{"self":[{"href":"https:\/\/ecosupplements.be\/fr\/wp-json\/wp\/v2\/product\/285285","targetHints":{"allow":["GET"]}}],"collection":[{"href":"https:\/\/ecosupplements.be\/fr\/wp-json\/wp\/v2\/product"}],"about":[{"href":"https:\/\/ecosupplements.be\/fr\/wp-json\/wp\/v2\/types\/product"}],"replies":[{"embeddable":true,"href":"https:\/\/ecosupplements.be\/fr\/wp-json\/wp\/v2\/comments?post=285285"}],"wp:featuredmedia":[{"embeddable":true,"href":"https:\/\/ecosupplements.be\/fr\/wp-json\/wp\/v2\/media\/248001"}],"wp:attachment":[{"href":"https:\/\/ecosupplements.be\/fr\/wp-json\/wp\/v2\/media?parent=285285"}],"wp:term":[{"taxonomy":"product_brand","embeddable":true,"href":"https:\/\/ecosupplements.be\/fr\/wp-json\/wp\/v2\/product_brand?post=285285"},{"taxonomy":"product_cat","embeddable":true,"href":"https:\/\/ecosupplements.be\/fr\/wp-json\/wp\/v2\/product_cat?post=285285"},{"taxonomy":"product_tag","embeddable":true,"href":"https:\/\/ecosupplements.be\/fr\/wp-json\/wp\/v2\/product_tag?post=285285"}],"curies":[{"name":"wp","href":"https:\/\/api.w.org\/{rel}","templated":true}]}}