{"id":285291,"date":"2022-06-28T10:18:16","date_gmt":"2022-06-28T09:18:16","guid":{"rendered":"https:\/\/ecosupplements.be\/product\/vitamine-c-et-bio-quercetine-phytosome-250-comprimes-vegetariens\/"},"modified":"2025-08-27T13:48:54","modified_gmt":"2025-08-27T12:48:54","slug":"vitamine-c-et-bio-quercetine-phytosome-250-comprimes-vegetariens","status":"publish","type":"product","link":"https:\/\/ecosupplements.be\/fr\/produit\/vitamine-c-et-bio-quercetine-phytosome-250-comprimes-vegetariens\/","title":{"rendered":"Vitamine C et Bio-Querc\u00e9tine Phytosome &#8211; 250 comprim\u00e9s v\u00e9g\u00e9tariens"},"content":{"rendered":"<h1>Vitamin C and Bio-Quercetin Phytosome &#8211; 250 comprim\u00e9s v\u00e9g\u00e9tariens<\/h1>\n<p>Obtenez une dose puissante de vitamine C et de bio-querc\u00e9tine \u2063avec ces comprim\u00e9s v\u00e9g\u00e9tariens de Life Extension. La vitamine C est un nutriment essentiel pour le corps humain, jouant un r\u00f4le important dans le syst\u00e8me immunitaire, la sant\u00e9 des os et des dents, et la production \u200cde collag\u00e8ne. La\u200c bio-querc\u00e9tine \u200dest \u200cun antioxydant naturel \u200cqui peut aider\u2064 \u00e0 prot\u00e9ger les cellules contre les dommages caus\u00e9s par les radicaux libres.<\/p>\n<h2>Caract\u00e9ristiques \u2062sp\u00e9ciales:<\/h2>\n<ul>\n<li>250 \u200bcomprim\u00e9s\u2064 v\u00e9g\u00e9tariens par bouteille<\/li>\n<li>Contient de la vitamine C \u200det de la bio-querc\u00e9tine<\/li>\n<li>Formule \u00e0 lib\u00e9ration prolong\u00e9e pour une absorption\u2062 optimale<\/li>\n<li>Sans OGM et sans gluten<\/li>\n<li>Produit aux \u00c9tats-Unis<\/li>\n<\/ul>\n<h2>Ingr\u00e9dients cl\u00e9s:<\/h2>\n<p>Ce produit contient\u2063 1000 mg de vitamine \u2064C et 15 mg de\u2064 bio-querc\u00e9tine par comprim\u00e9.\u200b La\u200d vitamine C est d\u00e9riv\u00e9e de l&#8217;acide\u200d ascorbique et \u200cde l&#8217;ascorbate de\u200d calcium, tandis que\u200d la bio-querc\u00e9tine est extraite\u200d de Sophora japonica.\u2062 Ces ingr\u00e9dients\u200c sont soigneusement s\u00e9lectionn\u00e9s pour leur qualit\u00e9\u2064 et leur efficacit\u00e9.<\/p>\n<h2>Avantages uniques:<\/h2>\n<ul>\n<li>La formule \u00e0 lib\u00e9ration\u200d prolong\u00e9e permet\u2064 une absorption\u2064 continue de la vitamine C\u200d et de la bio-querc\u00e9tine\u2064 dans le\u200c corps, offrant ainsi\u2063 un soutien \u00e0 long \u2062terme pour le syst\u00e8me\u2062 immunitaire\u200c et la sant\u00e9 globale.<\/li>\n<li>Ce produit est \u200bv\u00e9g\u00e9tarien et ne \u2063contient pas d&#8217;ingr\u00e9dients d&#8217;origine \u200canimale, ce qui\u200b en fait un choix id\u00e9al pour les personnes suivant un r\u00e9gime v\u00e9g\u00e9tarien ou v\u00e9g\u00e9talien.<\/li>\n<li>La vitamine C et la \u2063bio-querc\u00e9tine sont des antioxydants puissants qui peuvent aider \u00e0 prot\u00e9ger les\u200d cellules contre les dommages caus\u00e9s par les radicaux libres, contribuant ainsi \u00e0 une sant\u00e9\u200c optimale.<\/li>\n<\/ul>\n<h2>Conseils d&#8217;utilisation:<\/h2>\n<p>Prenez\u2063 un comprim\u00e9\u200c par\u200c jour\u2064 avec de\u2062 la nourriture, ou selon les recommandations d&#8217;un\u200b professionnel de la \u200csant\u00e9. Comme pour tout suppl\u00e9ment, il est important de suivre les instructions de dosage et de consulter un professionnel de la\u2062 sant\u00e9 avant \u200dde commencer \u00e0 prendre ce \u2063produit.<\/p>\n<p>Offrez \u00e0 votre corps le soutien dont\u200d il a besoin avec ces comprim\u00e9s de vitamine C et de bio-querc\u00e9tine de\u200d Life\u2064 Extension.\u2062 Commandez d\u00e8s\u2062 maintenant\u200b et\u200c profitez des \u2062bienfaits\u200b de \u2062ces nutriments essentiels pour une sant\u00e9 optimale.<\/p>\n","protected":false},"excerpt":{"rendered":"<p>Vitamin C and Bio-Quercetin Phytosome &#8211; 250 comprim\u00e9s v\u00e9g\u00e9tariens Obtenez une dose puissante de vitamine C et de bio-querc\u00e9tine \u2063avec ces comprim\u00e9s v\u00e9g\u00e9tariens de Life Extension. La vitamine C est un nutriment essentiel pour le corps humain, jouant un r\u00f4le important dans le syst\u00e8me immunitaire, la sant\u00e9 des os et des dents, et la production [&#8230;]\n","protected":false},"featured_media":248026,"comment_status":"open","ping_status":"open","template":"","meta":[],"product_brand":[4723],"product_cat":[5052,5053,5059],"product_tag":[],"class_list":{"0":"post-285291","1":"product","2":"type-product","3":"status-publish","4":"has-post-thumbnail","6":"product_brand-life-extension-2","7":"product_cat-sante-et-bien-etre","8":"product_cat-vitamines-et-mineraux","9":"product_cat-vitamines-simples","11":"first","12":"instock","13":"taxable","14":"shipping-taxable","15":"purchasable","16":"product-type-simple"},"yoast_head":"<!-- This site is optimized with the Yoast SEO Premium plugin v27.3 (Yoast SEO v27.3) - https:\/\/yoast.com\/product\/yoast-seo-premium-wordpress\/ -->\n<title>Vitamine C et Bio-Querc\u00e9tine Phytosome - 250 comprim\u00e9s v\u00e9g\u00e9tariens - ECO Supplements<\/title>\n<meta name=\"description\" content=\"Wij hebben een ruime keuze aan producten van Vitamine C et Bio-Querc\u00e9tine Phytosome - 250 comprim\u00e9s v\u00e9g\u00e9tariens . Winkel bij Eco Supplements altijd gratis verzending boven 100\u20ac\" \/>\n<meta name=\"robots\" content=\"index, follow, max-snippet:-1, max-image-preview:large, max-video-preview:-1\" \/>\n<link rel=\"canonical\" href=\"https:\/\/ecosupplements.be\/fr\/produit\/vitamine-c-et-bio-quercetine-phytosome-250-comprimes-vegetariens\/\" \/>\n<meta property=\"og:locale\" content=\"fr_FR\" \/>\n<meta property=\"og:type\" content=\"article\" \/>\n<meta property=\"og:title\" content=\"Vitamine C et Bio-Querc\u00e9tine Phytosome - 250 comprim\u00e9s v\u00e9g\u00e9tariens\" \/>\n<meta property=\"og:description\" content=\"Wij hebben een ruime keuze aan producten van Vitamine C et Bio-Querc\u00e9tine Phytosome - 250 comprim\u00e9s v\u00e9g\u00e9tariens . Winkel bij Eco Supplements altijd gratis verzending boven 100\u20ac\" \/>\n<meta property=\"og:url\" content=\"https:\/\/ecosupplements.be\/fr\/produit\/vitamine-c-et-bio-quercetine-phytosome-250-comprimes-vegetariens\/\" \/>\n<meta property=\"og:site_name\" content=\"ECO Supplements\" \/>\n<meta property=\"article:modified_time\" content=\"2025-08-27T12:48:54+00:00\" \/>\n<meta property=\"og:image\" content=\"https:\/\/ecosupplements.be\/wp-content\/uploads\/2025\/08\/Vitamin-C-and-Bio-Quercetin-Phytosome-250-vegetarian-tabs.jpg\" \/>\n\t<meta property=\"og:image:width\" content=\"600\" \/>\n\t<meta property=\"og:image:height\" content=\"600\" \/>\n\t<meta property=\"og:image:type\" content=\"image\/jpeg\" \/>\n<meta name=\"twitter:card\" content=\"summary_large_image\" \/>\n<meta name=\"twitter:label1\" content=\"Prix\" \/>\n\t<meta name=\"twitter:data1\" content=\"30.68&nbsp;&euro;\" \/>\n\t<meta name=\"twitter:label2\" content=\"Disponibilit\u00e9\" \/>\n\t<meta name=\"twitter:data2\" content=\"En stock\" \/>\n<script type=\"application\/ld+json\" class=\"yoast-schema-graph\">{\"@context\":\"https:\\\/\\\/schema.org\",\"@graph\":[{\"@type\":[\"WebPage\",\"ItemPage\"],\"@id\":\"https:\\\/\\\/ecosupplements.be\\\/fr\\\/produit\\\/vitamine-c-et-bio-quercetine-phytosome-250-comprimes-vegetariens\\\/\",\"url\":\"https:\\\/\\\/ecosupplements.be\\\/fr\\\/produit\\\/vitamine-c-et-bio-quercetine-phytosome-250-comprimes-vegetariens\\\/\",\"name\":\"Vitamine C et Bio-Querc\u00e9tine Phytosome - 250 comprim\u00e9s v\u00e9g\u00e9tariens - ECO Supplements\",\"isPartOf\":{\"@id\":\"https:\\\/\\\/ecosupplements.be\\\/fr\\\/#website\"},\"primaryImageOfPage\":{\"@id\":\"https:\\\/\\\/ecosupplements.be\\\/fr\\\/produit\\\/vitamine-c-et-bio-quercetine-phytosome-250-comprimes-vegetariens\\\/#primaryimage\"},\"image\":{\"@id\":\"https:\\\/\\\/ecosupplements.be\\\/fr\\\/produit\\\/vitamine-c-et-bio-quercetine-phytosome-250-comprimes-vegetariens\\\/#primaryimage\"},\"thumbnailUrl\":\"https:\\\/\\\/ecosupplements.be\\\/wp-content\\\/uploads\\\/2025\\\/08\\\/Life-Extension-Vitamin-C-and-Bio-Quercetin-Phytosome-250-vegetarian-tabs.jpg\",\"datePublished\":\"2022-06-28T09:18:16+00:00\",\"dateModified\":\"2025-08-27T12:48:54+00:00\",\"description\":\"Wij hebben een ruime keuze aan producten van Vitamine C et Bio-Querc\u00e9tine Phytosome - 250 comprim\u00e9s v\u00e9g\u00e9tariens . Winkel bij Eco Supplements altijd gratis verzending boven 100\u20ac\",\"breadcrumb\":{\"@id\":\"https:\\\/\\\/ecosupplements.be\\\/fr\\\/produit\\\/vitamine-c-et-bio-quercetine-phytosome-250-comprimes-vegetariens\\\/#breadcrumb\"},\"inLanguage\":\"fr-FR\",\"potentialAction\":[{\"@type\":\"ReadAction\",\"target\":[\"https:\\\/\\\/ecosupplements.be\\\/fr\\\/produit\\\/vitamine-c-et-bio-quercetine-phytosome-250-comprimes-vegetariens\\\/\"]}]},{\"@type\":\"ImageObject\",\"inLanguage\":\"fr-FR\",\"@id\":\"https:\\\/\\\/ecosupplements.be\\\/fr\\\/produit\\\/vitamine-c-et-bio-quercetine-phytosome-250-comprimes-vegetariens\\\/#primaryimage\",\"url\":\"https:\\\/\\\/ecosupplements.be\\\/wp-content\\\/uploads\\\/2025\\\/08\\\/Life-Extension-Vitamin-C-and-Bio-Quercetin-Phytosome-250-vegetarian-tabs.jpg\",\"contentUrl\":\"https:\\\/\\\/ecosupplements.be\\\/wp-content\\\/uploads\\\/2025\\\/08\\\/Life-Extension-Vitamin-C-and-Bio-Quercetin-Phytosome-250-vegetarian-tabs.jpg\",\"width\":750,\"height\":750},{\"@type\":\"BreadcrumbList\",\"@id\":\"https:\\\/\\\/ecosupplements.be\\\/fr\\\/produit\\\/vitamine-c-et-bio-quercetine-phytosome-250-comprimes-vegetariens\\\/#breadcrumb\",\"itemListElement\":[{\"@type\":\"ListItem\",\"position\":1,\"name\":\"Home\",\"item\":\"https:\\\/\\\/ecosupplements.be\\\/fr\\\/\"},{\"@type\":\"ListItem\",\"position\":2,\"name\":\"Boutique\",\"item\":\"https:\\\/\\\/ecosupplements.be\\\/fr\\\/boutique\\\/\"},{\"@type\":\"ListItem\",\"position\":3,\"name\":\"Vitamine C et Bio-Querc\u00e9tine Phytosome &#8211; 250 comprim\u00e9s v\u00e9g\u00e9tariens\"}]},{\"@type\":\"WebSite\",\"@id\":\"https:\\\/\\\/ecosupplements.be\\\/fr\\\/#website\",\"url\":\"https:\\\/\\\/ecosupplements.be\\\/fr\\\/\",\"name\":\"ECO Supplements\",\"description\":\"Eco Supplements - Gezonde supplementen\",\"publisher\":{\"@id\":\"https:\\\/\\\/ecosupplements.be\\\/fr\\\/#organization\"},\"potentialAction\":[{\"@type\":\"SearchAction\",\"target\":{\"@type\":\"EntryPoint\",\"urlTemplate\":\"https:\\\/\\\/ecosupplements.be\\\/fr\\\/?s={search_term_string}\"},\"query-input\":{\"@type\":\"PropertyValueSpecification\",\"valueRequired\":true,\"valueName\":\"search_term_string\"}}],\"inLanguage\":\"fr-FR\"},{\"@type\":\"Organization\",\"@id\":\"https:\\\/\\\/ecosupplements.be\\\/fr\\\/#organization\",\"name\":\"Eco Supplements\",\"url\":\"https:\\\/\\\/ecosupplements.be\\\/fr\\\/\",\"logo\":{\"@type\":\"ImageObject\",\"inLanguage\":\"fr-FR\",\"@id\":\"https:\\\/\\\/ecosupplements.be\\\/fr\\\/#\\\/schema\\\/logo\\\/image\\\/\",\"url\":\"https:\\\/\\\/ecosupplements.be\\\/wp-content\\\/uploads\\\/2022\\\/06\\\/ecosupplement-family.png\",\"contentUrl\":\"https:\\\/\\\/ecosupplements.be\\\/wp-content\\\/uploads\\\/2022\\\/06\\\/ecosupplement-family.png\",\"width\":593,\"height\":374,\"caption\":\"Eco Supplements\"},\"image\":{\"@id\":\"https:\\\/\\\/ecosupplements.be\\\/fr\\\/#\\\/schema\\\/logo\\\/image\\\/\"}}]}<\/script>\n<meta property=\"product:brand\" content=\"Life Extension\" \/>\n<meta property=\"product:price:amount\" content=\"30.68\" \/>\n<meta property=\"product:price:currency\" content=\"EUR\" \/>\n<meta property=\"og:availability\" content=\"instock\" \/>\n<meta property=\"product:availability\" content=\"instock\" \/>\n<meta property=\"product:retailer_item_id\" content=\"737870222729\" \/>\n<meta property=\"product:condition\" content=\"new\" \/>\n<!-- \/ Yoast SEO Premium plugin. -->","yoast_head_json":{"title":"Vitamine C et Bio-Querc\u00e9tine Phytosome - 250 comprim\u00e9s v\u00e9g\u00e9tariens - ECO Supplements","description":"Wij hebben een ruime keuze aan producten van Vitamine C et Bio-Querc\u00e9tine Phytosome - 250 comprim\u00e9s v\u00e9g\u00e9tariens . Winkel bij Eco Supplements altijd gratis verzending boven 100\u20ac","robots":{"index":"index","follow":"follow","max-snippet":"max-snippet:-1","max-image-preview":"max-image-preview:large","max-video-preview":"max-video-preview:-1"},"canonical":"https:\/\/ecosupplements.be\/fr\/produit\/vitamine-c-et-bio-quercetine-phytosome-250-comprimes-vegetariens\/","og_locale":"fr_FR","og_type":"article","og_title":"Vitamine C et Bio-Querc\u00e9tine Phytosome - 250 comprim\u00e9s v\u00e9g\u00e9tariens","og_description":"Wij hebben een ruime keuze aan producten van Vitamine C et Bio-Querc\u00e9tine Phytosome - 250 comprim\u00e9s v\u00e9g\u00e9tariens . Winkel bij Eco Supplements altijd gratis verzending boven 100\u20ac","og_url":"https:\/\/ecosupplements.be\/fr\/produit\/vitamine-c-et-bio-quercetine-phytosome-250-comprimes-vegetariens\/","og_site_name":"ECO Supplements","article_modified_time":"2025-08-27T12:48:54+00:00","og_image":[{"width":600,"height":600,"url":"https:\/\/ecosupplements.be\/wp-content\/uploads\/2025\/08\/Vitamin-C-and-Bio-Quercetin-Phytosome-250-vegetarian-tabs.jpg","type":"image\/jpeg"}],"twitter_card":"summary_large_image","twitter_misc":{"Prix":"30.68&nbsp;&euro;","Disponibilit\u00e9":"En stock"},"schema":{"@context":"https:\/\/schema.org","@graph":[{"@type":["WebPage","ItemPage"],"@id":"https:\/\/ecosupplements.be\/fr\/produit\/vitamine-c-et-bio-quercetine-phytosome-250-comprimes-vegetariens\/","url":"https:\/\/ecosupplements.be\/fr\/produit\/vitamine-c-et-bio-quercetine-phytosome-250-comprimes-vegetariens\/","name":"Vitamine C et Bio-Querc\u00e9tine Phytosome - 250 comprim\u00e9s v\u00e9g\u00e9tariens - ECO Supplements","isPartOf":{"@id":"https:\/\/ecosupplements.be\/fr\/#website"},"primaryImageOfPage":{"@id":"https:\/\/ecosupplements.be\/fr\/produit\/vitamine-c-et-bio-quercetine-phytosome-250-comprimes-vegetariens\/#primaryimage"},"image":{"@id":"https:\/\/ecosupplements.be\/fr\/produit\/vitamine-c-et-bio-quercetine-phytosome-250-comprimes-vegetariens\/#primaryimage"},"thumbnailUrl":"https:\/\/ecosupplements.be\/wp-content\/uploads\/2025\/08\/Life-Extension-Vitamin-C-and-Bio-Quercetin-Phytosome-250-vegetarian-tabs.jpg","datePublished":"2022-06-28T09:18:16+00:00","dateModified":"2025-08-27T12:48:54+00:00","description":"Wij hebben een ruime keuze aan producten van Vitamine C et Bio-Querc\u00e9tine Phytosome - 250 comprim\u00e9s v\u00e9g\u00e9tariens . Winkel bij Eco Supplements altijd gratis verzending boven 100\u20ac","breadcrumb":{"@id":"https:\/\/ecosupplements.be\/fr\/produit\/vitamine-c-et-bio-quercetine-phytosome-250-comprimes-vegetariens\/#breadcrumb"},"inLanguage":"fr-FR","potentialAction":[{"@type":"ReadAction","target":["https:\/\/ecosupplements.be\/fr\/produit\/vitamine-c-et-bio-quercetine-phytosome-250-comprimes-vegetariens\/"]}]},{"@type":"ImageObject","inLanguage":"fr-FR","@id":"https:\/\/ecosupplements.be\/fr\/produit\/vitamine-c-et-bio-quercetine-phytosome-250-comprimes-vegetariens\/#primaryimage","url":"https:\/\/ecosupplements.be\/wp-content\/uploads\/2025\/08\/Life-Extension-Vitamin-C-and-Bio-Quercetin-Phytosome-250-vegetarian-tabs.jpg","contentUrl":"https:\/\/ecosupplements.be\/wp-content\/uploads\/2025\/08\/Life-Extension-Vitamin-C-and-Bio-Quercetin-Phytosome-250-vegetarian-tabs.jpg","width":750,"height":750},{"@type":"BreadcrumbList","@id":"https:\/\/ecosupplements.be\/fr\/produit\/vitamine-c-et-bio-quercetine-phytosome-250-comprimes-vegetariens\/#breadcrumb","itemListElement":[{"@type":"ListItem","position":1,"name":"Home","item":"https:\/\/ecosupplements.be\/fr\/"},{"@type":"ListItem","position":2,"name":"Boutique","item":"https:\/\/ecosupplements.be\/fr\/boutique\/"},{"@type":"ListItem","position":3,"name":"Vitamine C et Bio-Querc\u00e9tine Phytosome &#8211; 250 comprim\u00e9s v\u00e9g\u00e9tariens"}]},{"@type":"WebSite","@id":"https:\/\/ecosupplements.be\/fr\/#website","url":"https:\/\/ecosupplements.be\/fr\/","name":"ECO Supplements","description":"Eco Supplements - Gezonde supplementen","publisher":{"@id":"https:\/\/ecosupplements.be\/fr\/#organization"},"potentialAction":[{"@type":"SearchAction","target":{"@type":"EntryPoint","urlTemplate":"https:\/\/ecosupplements.be\/fr\/?s={search_term_string}"},"query-input":{"@type":"PropertyValueSpecification","valueRequired":true,"valueName":"search_term_string"}}],"inLanguage":"fr-FR"},{"@type":"Organization","@id":"https:\/\/ecosupplements.be\/fr\/#organization","name":"Eco Supplements","url":"https:\/\/ecosupplements.be\/fr\/","logo":{"@type":"ImageObject","inLanguage":"fr-FR","@id":"https:\/\/ecosupplements.be\/fr\/#\/schema\/logo\/image\/","url":"https:\/\/ecosupplements.be\/wp-content\/uploads\/2022\/06\/ecosupplement-family.png","contentUrl":"https:\/\/ecosupplements.be\/wp-content\/uploads\/2022\/06\/ecosupplement-family.png","width":593,"height":374,"caption":"Eco Supplements"},"image":{"@id":"https:\/\/ecosupplements.be\/fr\/#\/schema\/logo\/image\/"}}]},"product_brand":"Life Extension","product_price_amount":"30.68","product_price_currency":"EUR","og_availability":"instock","product_availability":"instock","product_retailer_item_id":"737870222729","product_condition":"new"},"_links":{"self":[{"href":"https:\/\/ecosupplements.be\/fr\/wp-json\/wp\/v2\/product\/285291","targetHints":{"allow":["GET"]}}],"collection":[{"href":"https:\/\/ecosupplements.be\/fr\/wp-json\/wp\/v2\/product"}],"about":[{"href":"https:\/\/ecosupplements.be\/fr\/wp-json\/wp\/v2\/types\/product"}],"replies":[{"embeddable":true,"href":"https:\/\/ecosupplements.be\/fr\/wp-json\/wp\/v2\/comments?post=285291"}],"wp:featuredmedia":[{"embeddable":true,"href":"https:\/\/ecosupplements.be\/fr\/wp-json\/wp\/v2\/media\/248026"}],"wp:attachment":[{"href":"https:\/\/ecosupplements.be\/fr\/wp-json\/wp\/v2\/media?parent=285291"}],"wp:term":[{"taxonomy":"product_brand","embeddable":true,"href":"https:\/\/ecosupplements.be\/fr\/wp-json\/wp\/v2\/product_brand?post=285291"},{"taxonomy":"product_cat","embeddable":true,"href":"https:\/\/ecosupplements.be\/fr\/wp-json\/wp\/v2\/product_cat?post=285291"},{"taxonomy":"product_tag","embeddable":true,"href":"https:\/\/ecosupplements.be\/fr\/wp-json\/wp\/v2\/product_tag?post=285291"}],"curies":[{"name":"wp","href":"https:\/\/api.w.org\/{rel}","templated":true}]}}