{"id":285318,"date":"2022-07-10T15:35:47","date_gmt":"2022-07-10T14:35:47","guid":{"rendered":"https:\/\/ecosupplements.be\/product\/melatonine-liquide-baies-237-ml\/"},"modified":"2025-08-27T13:49:17","modified_gmt":"2025-08-27T12:49:17","slug":"melatonine-liquide-baies-237-ml","status":"publish","type":"product","link":"https:\/\/ecosupplements.be\/fr\/produit\/melatonine-liquide-baies-237-ml\/","title":{"rendered":"Melatonine Liquide, Baies &#8211; 237 ml"},"content":{"rendered":"<h1>Liquid Melatonin, Berry &#8211; 237 ml.<\/h1>\n<p>Le \u2063Liquid Melatonin de Natrol est un compl\u00e9ment alimentaire \u00e0 base de m\u00e9latonine, une hormone naturelle produite par le corps pour r\u00e9guler le cycle veille-sommeil. Cette formule\u2064 liquide est sp\u00e9cialement con\u00e7ue pour une\u2063 absorption\u200d rapide et efficace,\u200b vous aidant \u00e0 vous endormir plus rapidement et \u00e0 am\u00e9liorer la qualit\u00e9 de votre sommeil.<\/p>\n<h2>Caract\u00e9ristiques sp\u00e9ciales :<\/h2>\n<ul>\n<li>Formule liquide pour une absorption rapide<\/li>\n<li>Saveur d\u00e9licieuse de baies<\/li>\n<li>Sans sucre ajout\u00e9<\/li>\n<li>Sans gluten<\/li>\n<li>V\u00e9g\u00e9tarien\u200b et v\u00e9g\u00e9talien<\/li>\n<\/ul>\n<h2>Ingr\u00e9dients :<\/h2>\n<p>Eau purifi\u00e9e,\u200d glyc\u00e9rine v\u00e9g\u00e9tale, ar\u00f4mes \u200bnaturels, acide citrique, benzoate\u2062 de sodium, sorbate de \u2064potassium, extrait de st\u00e9via, extrait de fruit de baies, extrait de feuille de\u200c stevia.<\/p>\n<h2>Avantages uniques :<\/h2>\n<ul>\n<li>Aide \u00e0 r\u00e9guler le cycle veille-sommeil<\/li>\n<li>Am\u00e9liore la qualit\u00e9 du sommeil<\/li>\n<li>Facile \u00e0 prendre avec une formule liquide<\/li>\n<li>Saveur d\u00e9licieuse de baies<\/li>\n<li>Convient aux \u2063v\u00e9g\u00e9tariens et v\u00e9g\u00e9taliens<\/li>\n<\/ul>\n<h2>Principales caract\u00e9ristiques :<\/h2>\n<ul>\n<li>Contient 237 ml de \u200cproduit<\/li>\n<li>Chaque dose de 2,5 ml fournit 3 mg de m\u00e9latonine<\/li>\n<li>Formule liquide\u200c pour une absorption rapide<\/li>\n<li>Saveur\u200c d\u00e9licieuse de baies<\/li>\n<li>Sans sucre ajout\u00e9<\/li>\n<li>Sans gluten<\/li>\n<\/ul>\n<p>Prenez une dose\u2062 de 2,5 ml avant le coucher pour un\u200d sommeil r\u00e9parateur et une r\u00e9gulation du cycle veille-sommeil. Ce produit est id\u00e9al pour les personnes ayant des difficult\u00e9s \u2062\u00e0 \u200bs&#8217;endormir\u2064 ou \u00e0 maintenir un sommeil de qualit\u00e9. Avec \u200bsa\u2064 formule liquide pratique et sa d\u00e9licieuse saveur de baies, le Liquid\u2064 Melatonin de Natrol est un compl\u00e9ment alimentaire id\u00e9al pour \u2064am\u00e9liorer votre sommeil naturellement.<\/p>\n<p>Originaire des \u00c9tats-Unis, Natrol est une marque de confiance dans le domaine des compl\u00e9ments alimentaires depuis plus de 40\u2064 ans. \u200dTous leurs produits sont fabriqu\u00e9s avec des ingr\u00e9dients de qualit\u00e9 sup\u00e9rieure et sont soumis \u00e0 des contr\u00f4les de qualit\u00e9 \u2063rigoureux pour garantir leur efficacit\u00e9 et leur s\u00e9curit\u00e9.<\/p>\n","protected":false},"excerpt":{"rendered":"<p>Liquid Melatonin, Berry &#8211; 237 ml. Le \u2063Liquid Melatonin de Natrol est un compl\u00e9ment alimentaire \u00e0 base de m\u00e9latonine, une hormone naturelle produite par le corps pour r\u00e9guler le cycle veille-sommeil. Cette formule\u2064 liquide est sp\u00e9cialement con\u00e7ue pour une\u2063 absorption\u200d rapide et efficace,\u200b vous aidant \u00e0 vous endormir plus rapidement et \u00e0 am\u00e9liorer la qualit\u00e9 [&#8230;]\n","protected":false},"featured_media":259601,"comment_status":"open","ping_status":"open","template":"","meta":[],"product_brand":[4731],"product_cat":[5159,5160,5052],"product_tag":[],"class_list":{"0":"post-285318","1":"product","2":"type-product","3":"status-publish","4":"has-post-thumbnail","6":"product_brand-natrol-2","7":"product_cat-aide-au-sommeil","8":"product_cat-melatonine-aide-au-sommeil","9":"product_cat-sante-et-bien-etre","11":"first","12":"instock","13":"taxable","14":"shipping-taxable","15":"purchasable","16":"product-type-simple"},"yoast_head":"<!-- This site is optimized with the Yoast SEO Premium plugin v27.5 (Yoast SEO v27.5) - https:\/\/yoast.com\/product\/yoast-seo-premium-wordpress\/ -->\n<title>Melatonine Liquide, Baies - 237 ml - ECO Supplements<\/title>\n<meta name=\"description\" content=\"Wij hebben een ruime keuze aan producten van Melatonine Liquide, Baies - 237 ml . Winkel bij Eco Supplements altijd gratis verzending boven 100\u20ac\" \/>\n<meta name=\"robots\" content=\"index, follow, max-snippet:-1, max-image-preview:large, max-video-preview:-1\" \/>\n<link rel=\"canonical\" href=\"https:\/\/ecosupplements.be\/fr\/produit\/melatonine-liquide-baies-237-ml\/\" \/>\n<meta property=\"og:locale\" content=\"fr_FR\" \/>\n<meta property=\"og:type\" content=\"article\" \/>\n<meta property=\"og:title\" content=\"Melatonine Liquide, Baies - 237 ml\" \/>\n<meta property=\"og:description\" content=\"Wij hebben een ruime keuze aan producten van Melatonine Liquide, Baies - 237 ml . Winkel bij Eco Supplements altijd gratis verzending boven 100\u20ac\" \/>\n<meta property=\"og:url\" content=\"https:\/\/ecosupplements.be\/fr\/produit\/melatonine-liquide-baies-237-ml\/\" \/>\n<meta property=\"og:site_name\" content=\"ECO Supplements\" \/>\n<meta property=\"article:modified_time\" content=\"2025-08-27T12:49:17+00:00\" \/>\n<meta property=\"og:image\" content=\"https:\/\/ecosupplements.be\/wp-content\/uploads\/2025\/08\/Liquid-Melatonin-Berry-237-ml-1.jpg\" \/>\n\t<meta property=\"og:image:width\" content=\"451\" \/>\n\t<meta property=\"og:image:height\" content=\"768\" \/>\n\t<meta property=\"og:image:type\" content=\"image\/jpeg\" \/>\n<meta name=\"twitter:card\" content=\"summary_large_image\" \/>\n<meta name=\"twitter:label1\" content=\"Prix\" \/>\n\t<meta name=\"twitter:data1\" content=\"15.61&nbsp;&euro;\" \/>\n\t<meta name=\"twitter:label2\" content=\"Disponibilit\u00e9\" \/>\n\t<meta name=\"twitter:data2\" content=\"En stock\" \/>\n<script type=\"application\/ld+json\" class=\"yoast-schema-graph\">{\"@context\":\"https:\\\/\\\/schema.org\",\"@graph\":[{\"@type\":[\"WebPage\",\"ItemPage\"],\"@id\":\"https:\\\/\\\/ecosupplements.be\\\/fr\\\/produit\\\/melatonine-liquide-baies-237-ml\\\/\",\"url\":\"https:\\\/\\\/ecosupplements.be\\\/fr\\\/produit\\\/melatonine-liquide-baies-237-ml\\\/\",\"name\":\"Melatonine Liquide, Baies - 237 ml - ECO Supplements\",\"isPartOf\":{\"@id\":\"https:\\\/\\\/ecosupplements.be\\\/fr\\\/#website\"},\"primaryImageOfPage\":{\"@id\":\"https:\\\/\\\/ecosupplements.be\\\/fr\\\/produit\\\/melatonine-liquide-baies-237-ml\\\/#primaryimage\"},\"image\":{\"@id\":\"https:\\\/\\\/ecosupplements.be\\\/fr\\\/produit\\\/melatonine-liquide-baies-237-ml\\\/#primaryimage\"},\"thumbnailUrl\":\"https:\\\/\\\/ecosupplements.be\\\/wp-content\\\/uploads\\\/2025\\\/08\\\/Liquid-Melatonin-Berry-237-ml.jpg\",\"datePublished\":\"2022-07-10T14:35:47+00:00\",\"dateModified\":\"2025-08-27T12:49:17+00:00\",\"description\":\"Wij hebben een ruime keuze aan producten van Melatonine Liquide, Baies - 237 ml . Winkel bij Eco Supplements altijd gratis verzending boven 100\u20ac\",\"breadcrumb\":{\"@id\":\"https:\\\/\\\/ecosupplements.be\\\/fr\\\/produit\\\/melatonine-liquide-baies-237-ml\\\/#breadcrumb\"},\"inLanguage\":\"fr-FR\",\"potentialAction\":[{\"@type\":\"ReadAction\",\"target\":[\"https:\\\/\\\/ecosupplements.be\\\/fr\\\/produit\\\/melatonine-liquide-baies-237-ml\\\/\"]}]},{\"@type\":\"ImageObject\",\"inLanguage\":\"fr-FR\",\"@id\":\"https:\\\/\\\/ecosupplements.be\\\/fr\\\/produit\\\/melatonine-liquide-baies-237-ml\\\/#primaryimage\",\"url\":\"https:\\\/\\\/ecosupplements.be\\\/wp-content\\\/uploads\\\/2025\\\/08\\\/Liquid-Melatonin-Berry-237-ml.jpg\",\"contentUrl\":\"https:\\\/\\\/ecosupplements.be\\\/wp-content\\\/uploads\\\/2025\\\/08\\\/Liquid-Melatonin-Berry-237-ml.jpg\",\"width\":451,\"height\":768},{\"@type\":\"BreadcrumbList\",\"@id\":\"https:\\\/\\\/ecosupplements.be\\\/fr\\\/produit\\\/melatonine-liquide-baies-237-ml\\\/#breadcrumb\",\"itemListElement\":[{\"@type\":\"ListItem\",\"position\":1,\"name\":\"Home\",\"item\":\"https:\\\/\\\/ecosupplements.be\\\/fr\\\/\"},{\"@type\":\"ListItem\",\"position\":2,\"name\":\"Boutique\",\"item\":\"https:\\\/\\\/ecosupplements.be\\\/fr\\\/boutique\\\/\"},{\"@type\":\"ListItem\",\"position\":3,\"name\":\"Melatonine Liquide, Baies &#8211; 237 ml\"}]},{\"@type\":\"WebSite\",\"@id\":\"https:\\\/\\\/ecosupplements.be\\\/fr\\\/#website\",\"url\":\"https:\\\/\\\/ecosupplements.be\\\/fr\\\/\",\"name\":\"ECO Supplements\",\"description\":\"Eco Supplements - Gezonde supplementen\",\"publisher\":{\"@id\":\"https:\\\/\\\/ecosupplements.be\\\/fr\\\/#organization\"},\"potentialAction\":[{\"@type\":\"SearchAction\",\"target\":{\"@type\":\"EntryPoint\",\"urlTemplate\":\"https:\\\/\\\/ecosupplements.be\\\/fr\\\/?s={search_term_string}\"},\"query-input\":{\"@type\":\"PropertyValueSpecification\",\"valueRequired\":true,\"valueName\":\"search_term_string\"}}],\"inLanguage\":\"fr-FR\"},{\"@type\":\"Organization\",\"@id\":\"https:\\\/\\\/ecosupplements.be\\\/fr\\\/#organization\",\"name\":\"Eco Supplements\",\"url\":\"https:\\\/\\\/ecosupplements.be\\\/fr\\\/\",\"logo\":{\"@type\":\"ImageObject\",\"inLanguage\":\"fr-FR\",\"@id\":\"https:\\\/\\\/ecosupplements.be\\\/fr\\\/#\\\/schema\\\/logo\\\/image\\\/\",\"url\":\"https:\\\/\\\/ecosupplements.be\\\/wp-content\\\/uploads\\\/2022\\\/06\\\/ecosupplement-family.png\",\"contentUrl\":\"https:\\\/\\\/ecosupplements.be\\\/wp-content\\\/uploads\\\/2022\\\/06\\\/ecosupplement-family.png\",\"width\":593,\"height\":374,\"caption\":\"Eco Supplements\"},\"image\":{\"@id\":\"https:\\\/\\\/ecosupplements.be\\\/fr\\\/#\\\/schema\\\/logo\\\/image\\\/\"}}]}<\/script>\n<meta property=\"product:brand\" content=\"Natrol\" \/>\n<meta property=\"product:price:amount\" content=\"15.61\" \/>\n<meta property=\"product:price:currency\" content=\"EUR\" \/>\n<meta property=\"og:availability\" content=\"instock\" \/>\n<meta property=\"product:availability\" content=\"instock\" \/>\n<meta property=\"product:retailer_item_id\" content=\"047469074050\" \/>\n<meta property=\"product:condition\" content=\"new\" \/>\n<!-- \/ Yoast SEO Premium plugin. -->","yoast_head_json":{"title":"Melatonine Liquide, Baies - 237 ml - ECO Supplements","description":"Wij hebben een ruime keuze aan producten van Melatonine Liquide, Baies - 237 ml . Winkel bij Eco Supplements altijd gratis verzending boven 100\u20ac","robots":{"index":"index","follow":"follow","max-snippet":"max-snippet:-1","max-image-preview":"max-image-preview:large","max-video-preview":"max-video-preview:-1"},"canonical":"https:\/\/ecosupplements.be\/fr\/produit\/melatonine-liquide-baies-237-ml\/","og_locale":"fr_FR","og_type":"article","og_title":"Melatonine Liquide, Baies - 237 ml","og_description":"Wij hebben een ruime keuze aan producten van Melatonine Liquide, Baies - 237 ml . Winkel bij Eco Supplements altijd gratis verzending boven 100\u20ac","og_url":"https:\/\/ecosupplements.be\/fr\/produit\/melatonine-liquide-baies-237-ml\/","og_site_name":"ECO Supplements","article_modified_time":"2025-08-27T12:49:17+00:00","og_image":[{"width":451,"height":768,"url":"https:\/\/ecosupplements.be\/wp-content\/uploads\/2025\/08\/Liquid-Melatonin-Berry-237-ml-1.jpg","type":"image\/jpeg"}],"twitter_card":"summary_large_image","twitter_misc":{"Prix":"15.61&nbsp;&euro;","Disponibilit\u00e9":"En stock"},"schema":{"@context":"https:\/\/schema.org","@graph":[{"@type":["WebPage","ItemPage"],"@id":"https:\/\/ecosupplements.be\/fr\/produit\/melatonine-liquide-baies-237-ml\/","url":"https:\/\/ecosupplements.be\/fr\/produit\/melatonine-liquide-baies-237-ml\/","name":"Melatonine Liquide, Baies - 237 ml - ECO Supplements","isPartOf":{"@id":"https:\/\/ecosupplements.be\/fr\/#website"},"primaryImageOfPage":{"@id":"https:\/\/ecosupplements.be\/fr\/produit\/melatonine-liquide-baies-237-ml\/#primaryimage"},"image":{"@id":"https:\/\/ecosupplements.be\/fr\/produit\/melatonine-liquide-baies-237-ml\/#primaryimage"},"thumbnailUrl":"https:\/\/ecosupplements.be\/wp-content\/uploads\/2025\/08\/Liquid-Melatonin-Berry-237-ml.jpg","datePublished":"2022-07-10T14:35:47+00:00","dateModified":"2025-08-27T12:49:17+00:00","description":"Wij hebben een ruime keuze aan producten van Melatonine Liquide, Baies - 237 ml . Winkel bij Eco Supplements altijd gratis verzending boven 100\u20ac","breadcrumb":{"@id":"https:\/\/ecosupplements.be\/fr\/produit\/melatonine-liquide-baies-237-ml\/#breadcrumb"},"inLanguage":"fr-FR","potentialAction":[{"@type":"ReadAction","target":["https:\/\/ecosupplements.be\/fr\/produit\/melatonine-liquide-baies-237-ml\/"]}]},{"@type":"ImageObject","inLanguage":"fr-FR","@id":"https:\/\/ecosupplements.be\/fr\/produit\/melatonine-liquide-baies-237-ml\/#primaryimage","url":"https:\/\/ecosupplements.be\/wp-content\/uploads\/2025\/08\/Liquid-Melatonin-Berry-237-ml.jpg","contentUrl":"https:\/\/ecosupplements.be\/wp-content\/uploads\/2025\/08\/Liquid-Melatonin-Berry-237-ml.jpg","width":451,"height":768},{"@type":"BreadcrumbList","@id":"https:\/\/ecosupplements.be\/fr\/produit\/melatonine-liquide-baies-237-ml\/#breadcrumb","itemListElement":[{"@type":"ListItem","position":1,"name":"Home","item":"https:\/\/ecosupplements.be\/fr\/"},{"@type":"ListItem","position":2,"name":"Boutique","item":"https:\/\/ecosupplements.be\/fr\/boutique\/"},{"@type":"ListItem","position":3,"name":"Melatonine Liquide, Baies &#8211; 237 ml"}]},{"@type":"WebSite","@id":"https:\/\/ecosupplements.be\/fr\/#website","url":"https:\/\/ecosupplements.be\/fr\/","name":"ECO Supplements","description":"Eco Supplements - Gezonde supplementen","publisher":{"@id":"https:\/\/ecosupplements.be\/fr\/#organization"},"potentialAction":[{"@type":"SearchAction","target":{"@type":"EntryPoint","urlTemplate":"https:\/\/ecosupplements.be\/fr\/?s={search_term_string}"},"query-input":{"@type":"PropertyValueSpecification","valueRequired":true,"valueName":"search_term_string"}}],"inLanguage":"fr-FR"},{"@type":"Organization","@id":"https:\/\/ecosupplements.be\/fr\/#organization","name":"Eco Supplements","url":"https:\/\/ecosupplements.be\/fr\/","logo":{"@type":"ImageObject","inLanguage":"fr-FR","@id":"https:\/\/ecosupplements.be\/fr\/#\/schema\/logo\/image\/","url":"https:\/\/ecosupplements.be\/wp-content\/uploads\/2022\/06\/ecosupplement-family.png","contentUrl":"https:\/\/ecosupplements.be\/wp-content\/uploads\/2022\/06\/ecosupplement-family.png","width":593,"height":374,"caption":"Eco Supplements"},"image":{"@id":"https:\/\/ecosupplements.be\/fr\/#\/schema\/logo\/image\/"}}]},"product_brand":"Natrol","product_price_amount":"15.61","product_price_currency":"EUR","og_availability":"instock","product_availability":"instock","product_retailer_item_id":"047469074050","product_condition":"new"},"_links":{"self":[{"href":"https:\/\/ecosupplements.be\/fr\/wp-json\/wp\/v2\/product\/285318","targetHints":{"allow":["GET"]}}],"collection":[{"href":"https:\/\/ecosupplements.be\/fr\/wp-json\/wp\/v2\/product"}],"about":[{"href":"https:\/\/ecosupplements.be\/fr\/wp-json\/wp\/v2\/types\/product"}],"replies":[{"embeddable":true,"href":"https:\/\/ecosupplements.be\/fr\/wp-json\/wp\/v2\/comments?post=285318"}],"wp:featuredmedia":[{"embeddable":true,"href":"https:\/\/ecosupplements.be\/fr\/wp-json\/wp\/v2\/media\/259601"}],"wp:attachment":[{"href":"https:\/\/ecosupplements.be\/fr\/wp-json\/wp\/v2\/media?parent=285318"}],"wp:term":[{"taxonomy":"product_brand","embeddable":true,"href":"https:\/\/ecosupplements.be\/fr\/wp-json\/wp\/v2\/product_brand?post=285318"},{"taxonomy":"product_cat","embeddable":true,"href":"https:\/\/ecosupplements.be\/fr\/wp-json\/wp\/v2\/product_cat?post=285318"},{"taxonomy":"product_tag","embeddable":true,"href":"https:\/\/ecosupplements.be\/fr\/wp-json\/wp\/v2\/product_tag?post=285318"}],"curies":[{"name":"wp","href":"https:\/\/api.w.org\/{rel}","templated":true}]}}