{"id":285339,"date":"2024-03-08T05:41:09","date_gmt":"2024-03-08T04:41:09","guid":{"rendered":"https:\/\/ecosupplements.be\/product\/collagene-type-1-et-3-liquide-grenade-473-ml\/"},"modified":"2025-08-27T13:49:38","modified_gmt":"2025-08-27T12:49:38","slug":"collagene-type-1-et-3-liquide-grenade-473-ml","status":"publish","type":"product","link":"https:\/\/ecosupplements.be\/fr\/produit\/collagene-type-1-et-3-liquide-grenade-473-ml\/","title":{"rendered":"Collag\u00e8ne Type 1 et 3 Liquide, Grenade &#8211; 473 ml"},"content":{"rendered":"<h1>Collagen\u2064 Type \u200d1 &#038; 3 Liquid, Pomegranate \u2064- 473 ml<\/h1>\n<p>D\u00e9couvrez le secret d&#8217;une peau jeune et\u200b \u00e9clatante avec le Collagen Type 1 &#038; 3 Liquid de NeoCell. \u2064Ce produit est sp\u00e9cialement \u200bformul\u00e9 pour \u2063aider\u2063 \u00e0 maintenir\u2062 la sant\u00e9 et la beaut\u00e9 de votre peau \u2062en\u2063 fournissant une dose puissante de collag\u00e8ne de type \u200b1\u200c et 3, deux des\u200b principaux types de collag\u00e8ne pr\u00e9sents dans la peau.<\/p>\n<p>Le collag\u00e8ne est une prot\u00e9ine essentielle \u200dqui joue un r\u00f4le cl\u00e9 \u200cdans la structure et l&#8217;\u00e9lasticit\u00e9 \u2062de \u200bla peau.\u200c Cependant,\u200d avec l&#8217;\u00e2ge, notre corps produit moins de\u2062 collag\u00e8ne, ce qui peut entra\u00eener l&#8217;apparition de rides, de ridules et \u2062de perte de fermet\u00e9 de \u2063la peau. \u200cC&#8217;est \u200cl\u00e0 que le Collagen \u200bType 1 &#038; 3 Liquid entre en jeu, en fournissant une dose concentr\u00e9e de collag\u00e8ne pour aider \u00e0 maintenir une peau \u2064jeune et saine.<\/p>\n<h2>Ingr\u00e9dients cl\u00e9s<\/h2>\n<ul>\n<li>Collag\u00e8ne\u2063 de type 1 et 3: ces deux types de collag\u00e8ne \u2063sont les \u200bplus\u200c abondants dans la peau et sont essentiels pour \u2062maintenir sa structure et son \u00e9lasticit\u00e9.<\/li>\n<li>Pomegranate (grenade): riche en antioxydants, la grenade aide \u00e0 \u2062prot\u00e9ger la peau contre les dommages caus\u00e9s par\u200d les radicaux\u200c libres et\u200d \u00e0 maintenir une \u200dpeau saine\u2063 et \u00e9clatante.<\/li>\n<li>Vitamine C: \u2063un nutriment essentiel pour la\u200b production\u2062 de collag\u00e8ne dans le \u200ccorps, la \u200bvitamine C \u200baide \u00e0 maintenir une peau ferme et\u200c \u00e9lastique.<\/li>\n<\/ul>\n<h2>Avantages uniques<\/h2>\n<ul>\n<li>Formule \u2064liquide: contrairement aux suppl\u00e9ments de\u200d collag\u00e8ne en comprim\u00e9s ou en poudre, le Collagen Type 1 &#038; 3 Liquid est facile\u2064 \u00e0 prendre et \u00e0 absorber par le corps.<\/li>\n<li>Saveur d\u00e9licieuse de grenade: ce produit est disponible\u200b en saveur de grenade rafra\u00eechissante, ce qui en \u200bfait un plaisir \u00e0\u200d prendre tous les \u2062jours.<\/li>\n<li>Sans gluten et sans OGM: le Collagen Type 1 &#038; 3 Liquid est fabriqu\u00e9 sans gluten et sans\u2062 ingr\u00e9dients g\u00e9n\u00e9tiquement modifi\u00e9s, ce qui\u200b en\u200b fait un \u200cchoix s\u00fbr pour\u2062 tous les r\u00e9gimes alimentaires.<\/li>\n<\/ul>\n<h2>Utilisation sugg\u00e9r\u00e9e<\/h2>\n<p>Pour de meilleurs r\u00e9sultats,\u2063 prenez une cuill\u00e8re \u00e0 soupe (15 ml) de Collagen Type 1 &#038; 3\u200b Liquid une fois par jour, seul\u200b ou m\u00e9lang\u00e9 \u00e0 votre boisson pr\u00e9f\u00e9r\u00e9e. Ce produit peut \u00e9galement\u2062 \u00eatre ajout\u00e9 \u00e0 des smoothies ou \u00e0 des recettes de cuisine pour une\u2063 dose suppl\u00e9mentaire\u2064 de collag\u00e8ne.<\/p>\n<p>Donnez \u00e0 votre \u200cpeau l&#8217;amour et les nutriments dont elle a besoin avec\u200c le Collagen Type 1 &#038; 3 Liquid de NeoCell.\u200c Commandez d\u00e8s maintenant et\u2064 d\u00e9couvrez une peau plus jeune et plus \u00e9clatante en un rien de temps !<\/p>\n","protected":false},"excerpt":{"rendered":"<p>Collagen\u2064 Type \u200d1 &#038; 3 Liquid, Pomegranate \u2064- 473 ml D\u00e9couvrez le secret d&#8217;une peau jeune et\u200b \u00e9clatante avec le Collagen Type 1 &#038; 3 Liquid de NeoCell. \u2064Ce produit est sp\u00e9cialement \u200bformul\u00e9 pour \u2063aider\u2063 \u00e0 maintenir\u2062 la sant\u00e9 et la beaut\u00e9 de votre peau \u2062en\u2063 fournissant une dose puissante de collag\u00e8ne de type \u200b1\u200c [&#8230;]\n","protected":false},"featured_media":264206,"comment_status":"open","ping_status":"open","template":"","meta":[],"product_brand":[4857],"product_cat":[5121,5052,5084],"product_tag":[],"class_list":{"0":"post-285339","1":"product","2":"type-product","3":"status-publish","4":"has-post-thumbnail","6":"product_brand-neocell-2","7":"product_cat-collagene","8":"product_cat-sante-et-bien-etre","9":"product_cat-soutien-conjoint","11":"first","12":"instock","13":"taxable","14":"shipping-taxable","15":"purchasable","16":"product-type-simple"},"yoast_head":"<!-- This site is optimized with the Yoast SEO Premium plugin v27.3 (Yoast SEO v27.3) - https:\/\/yoast.com\/product\/yoast-seo-premium-wordpress\/ -->\n<title>Collag\u00e8ne Type 1 et 3 Liquide, Grenade - 473 ml - ECO Supplements<\/title>\n<meta name=\"description\" content=\"Wij hebben een ruime keuze aan producten van Collag\u00e8ne Type 1 et 3 Liquide, Grenade - 473 ml . Winkel bij Eco Supplements altijd gratis verzending boven 100\u20ac\" \/>\n<meta name=\"robots\" content=\"index, follow, max-snippet:-1, max-image-preview:large, max-video-preview:-1\" \/>\n<link rel=\"canonical\" href=\"https:\/\/ecosupplements.be\/fr\/produit\/collagene-type-1-et-3-liquide-grenade-473-ml\/\" \/>\n<meta property=\"og:locale\" content=\"fr_FR\" \/>\n<meta property=\"og:type\" content=\"article\" \/>\n<meta property=\"og:title\" content=\"Collag\u00e8ne Type 1 et 3 Liquide, Grenade - 473 ml\" \/>\n<meta property=\"og:description\" content=\"Wij hebben een ruime keuze aan producten van Collag\u00e8ne Type 1 et 3 Liquide, Grenade - 473 ml . Winkel bij Eco Supplements altijd gratis verzending boven 100\u20ac\" \/>\n<meta property=\"og:url\" content=\"https:\/\/ecosupplements.be\/fr\/produit\/collagene-type-1-et-3-liquide-grenade-473-ml\/\" \/>\n<meta property=\"og:site_name\" content=\"ECO Supplements\" \/>\n<meta property=\"article:modified_time\" content=\"2025-08-27T12:49:38+00:00\" \/>\n<meta property=\"og:image\" content=\"https:\/\/ecosupplements.be\/wp-content\/uploads\/2025\/08\/Collagen-Type-1-3-Liquid-Pomegranate-473-ml-1.jpg\" \/>\n\t<meta property=\"og:image:width\" content=\"600\" \/>\n\t<meta property=\"og:image:height\" content=\"600\" \/>\n\t<meta property=\"og:image:type\" content=\"image\/jpeg\" \/>\n<meta name=\"twitter:card\" content=\"summary_large_image\" \/>\n<meta name=\"twitter:label1\" content=\"Prix\" \/>\n\t<meta name=\"twitter:data1\" content=\"47&nbsp;&euro;\" \/>\n\t<meta name=\"twitter:label2\" content=\"Disponibilit\u00e9\" \/>\n\t<meta name=\"twitter:data2\" content=\"En stock\" \/>\n<script type=\"application\/ld+json\" class=\"yoast-schema-graph\">{\"@context\":\"https:\\\/\\\/schema.org\",\"@graph\":[{\"@type\":[\"WebPage\",\"ItemPage\"],\"@id\":\"https:\\\/\\\/ecosupplements.be\\\/fr\\\/produit\\\/collagene-type-1-et-3-liquide-grenade-473-ml\\\/\",\"url\":\"https:\\\/\\\/ecosupplements.be\\\/fr\\\/produit\\\/collagene-type-1-et-3-liquide-grenade-473-ml\\\/\",\"name\":\"Collag\u00e8ne Type 1 et 3 Liquide, Grenade - 473 ml - ECO Supplements\",\"isPartOf\":{\"@id\":\"https:\\\/\\\/ecosupplements.be\\\/fr\\\/#website\"},\"primaryImageOfPage\":{\"@id\":\"https:\\\/\\\/ecosupplements.be\\\/fr\\\/produit\\\/collagene-type-1-et-3-liquide-grenade-473-ml\\\/#primaryimage\"},\"image\":{\"@id\":\"https:\\\/\\\/ecosupplements.be\\\/fr\\\/produit\\\/collagene-type-1-et-3-liquide-grenade-473-ml\\\/#primaryimage\"},\"thumbnailUrl\":\"https:\\\/\\\/ecosupplements.be\\\/wp-content\\\/uploads\\\/2025\\\/08\\\/Collagen-Type-1-3-Liquid-Pomegranate-473-ml.jpg\",\"datePublished\":\"2024-03-08T04:41:09+00:00\",\"dateModified\":\"2025-08-27T12:49:38+00:00\",\"description\":\"Wij hebben een ruime keuze aan producten van Collag\u00e8ne Type 1 et 3 Liquide, Grenade - 473 ml . Winkel bij Eco Supplements altijd gratis verzending boven 100\u20ac\",\"breadcrumb\":{\"@id\":\"https:\\\/\\\/ecosupplements.be\\\/fr\\\/produit\\\/collagene-type-1-et-3-liquide-grenade-473-ml\\\/#breadcrumb\"},\"inLanguage\":\"fr-FR\",\"potentialAction\":[{\"@type\":\"ReadAction\",\"target\":[\"https:\\\/\\\/ecosupplements.be\\\/fr\\\/produit\\\/collagene-type-1-et-3-liquide-grenade-473-ml\\\/\"]}]},{\"@type\":\"ImageObject\",\"inLanguage\":\"fr-FR\",\"@id\":\"https:\\\/\\\/ecosupplements.be\\\/fr\\\/produit\\\/collagene-type-1-et-3-liquide-grenade-473-ml\\\/#primaryimage\",\"url\":\"https:\\\/\\\/ecosupplements.be\\\/wp-content\\\/uploads\\\/2025\\\/08\\\/Collagen-Type-1-3-Liquid-Pomegranate-473-ml.jpg\",\"contentUrl\":\"https:\\\/\\\/ecosupplements.be\\\/wp-content\\\/uploads\\\/2025\\\/08\\\/Collagen-Type-1-3-Liquid-Pomegranate-473-ml.jpg\",\"width\":600,\"height\":600},{\"@type\":\"BreadcrumbList\",\"@id\":\"https:\\\/\\\/ecosupplements.be\\\/fr\\\/produit\\\/collagene-type-1-et-3-liquide-grenade-473-ml\\\/#breadcrumb\",\"itemListElement\":[{\"@type\":\"ListItem\",\"position\":1,\"name\":\"Home\",\"item\":\"https:\\\/\\\/ecosupplements.be\\\/fr\\\/\"},{\"@type\":\"ListItem\",\"position\":2,\"name\":\"Boutique\",\"item\":\"https:\\\/\\\/ecosupplements.be\\\/fr\\\/boutique\\\/\"},{\"@type\":\"ListItem\",\"position\":3,\"name\":\"Collag\u00e8ne Type 1 et 3 Liquide, Grenade &#8211; 473 ml\"}]},{\"@type\":\"WebSite\",\"@id\":\"https:\\\/\\\/ecosupplements.be\\\/fr\\\/#website\",\"url\":\"https:\\\/\\\/ecosupplements.be\\\/fr\\\/\",\"name\":\"ECO Supplements\",\"description\":\"Eco Supplements - Gezonde supplementen\",\"publisher\":{\"@id\":\"https:\\\/\\\/ecosupplements.be\\\/fr\\\/#organization\"},\"potentialAction\":[{\"@type\":\"SearchAction\",\"target\":{\"@type\":\"EntryPoint\",\"urlTemplate\":\"https:\\\/\\\/ecosupplements.be\\\/fr\\\/?s={search_term_string}\"},\"query-input\":{\"@type\":\"PropertyValueSpecification\",\"valueRequired\":true,\"valueName\":\"search_term_string\"}}],\"inLanguage\":\"fr-FR\"},{\"@type\":\"Organization\",\"@id\":\"https:\\\/\\\/ecosupplements.be\\\/fr\\\/#organization\",\"name\":\"Eco Supplements\",\"url\":\"https:\\\/\\\/ecosupplements.be\\\/fr\\\/\",\"logo\":{\"@type\":\"ImageObject\",\"inLanguage\":\"fr-FR\",\"@id\":\"https:\\\/\\\/ecosupplements.be\\\/fr\\\/#\\\/schema\\\/logo\\\/image\\\/\",\"url\":\"https:\\\/\\\/ecosupplements.be\\\/wp-content\\\/uploads\\\/2022\\\/06\\\/ecosupplement-family.png\",\"contentUrl\":\"https:\\\/\\\/ecosupplements.be\\\/wp-content\\\/uploads\\\/2022\\\/06\\\/ecosupplement-family.png\",\"width\":593,\"height\":374,\"caption\":\"Eco Supplements\"},\"image\":{\"@id\":\"https:\\\/\\\/ecosupplements.be\\\/fr\\\/#\\\/schema\\\/logo\\\/image\\\/\"}}]}<\/script>\n<meta property=\"product:brand\" content=\"NeoCell\" \/>\n<meta property=\"product:price:amount\" content=\"47.00\" \/>\n<meta property=\"product:price:currency\" content=\"EUR\" \/>\n<meta property=\"og:availability\" content=\"instock\" \/>\n<meta property=\"product:availability\" content=\"instock\" \/>\n<meta property=\"product:retailer_item_id\" content=\"016185132955\" \/>\n<meta property=\"product:condition\" content=\"new\" \/>\n<!-- \/ Yoast SEO Premium plugin. -->","yoast_head_json":{"title":"Collag\u00e8ne Type 1 et 3 Liquide, Grenade - 473 ml - ECO Supplements","description":"Wij hebben een ruime keuze aan producten van Collag\u00e8ne Type 1 et 3 Liquide, Grenade - 473 ml . Winkel bij Eco Supplements altijd gratis verzending boven 100\u20ac","robots":{"index":"index","follow":"follow","max-snippet":"max-snippet:-1","max-image-preview":"max-image-preview:large","max-video-preview":"max-video-preview:-1"},"canonical":"https:\/\/ecosupplements.be\/fr\/produit\/collagene-type-1-et-3-liquide-grenade-473-ml\/","og_locale":"fr_FR","og_type":"article","og_title":"Collag\u00e8ne Type 1 et 3 Liquide, Grenade - 473 ml","og_description":"Wij hebben een ruime keuze aan producten van Collag\u00e8ne Type 1 et 3 Liquide, Grenade - 473 ml . Winkel bij Eco Supplements altijd gratis verzending boven 100\u20ac","og_url":"https:\/\/ecosupplements.be\/fr\/produit\/collagene-type-1-et-3-liquide-grenade-473-ml\/","og_site_name":"ECO Supplements","article_modified_time":"2025-08-27T12:49:38+00:00","og_image":[{"width":600,"height":600,"url":"https:\/\/ecosupplements.be\/wp-content\/uploads\/2025\/08\/Collagen-Type-1-3-Liquid-Pomegranate-473-ml-1.jpg","type":"image\/jpeg"}],"twitter_card":"summary_large_image","twitter_misc":{"Prix":"47&nbsp;&euro;","Disponibilit\u00e9":"En stock"},"schema":{"@context":"https:\/\/schema.org","@graph":[{"@type":["WebPage","ItemPage"],"@id":"https:\/\/ecosupplements.be\/fr\/produit\/collagene-type-1-et-3-liquide-grenade-473-ml\/","url":"https:\/\/ecosupplements.be\/fr\/produit\/collagene-type-1-et-3-liquide-grenade-473-ml\/","name":"Collag\u00e8ne Type 1 et 3 Liquide, Grenade - 473 ml - ECO Supplements","isPartOf":{"@id":"https:\/\/ecosupplements.be\/fr\/#website"},"primaryImageOfPage":{"@id":"https:\/\/ecosupplements.be\/fr\/produit\/collagene-type-1-et-3-liquide-grenade-473-ml\/#primaryimage"},"image":{"@id":"https:\/\/ecosupplements.be\/fr\/produit\/collagene-type-1-et-3-liquide-grenade-473-ml\/#primaryimage"},"thumbnailUrl":"https:\/\/ecosupplements.be\/wp-content\/uploads\/2025\/08\/Collagen-Type-1-3-Liquid-Pomegranate-473-ml.jpg","datePublished":"2024-03-08T04:41:09+00:00","dateModified":"2025-08-27T12:49:38+00:00","description":"Wij hebben een ruime keuze aan producten van Collag\u00e8ne Type 1 et 3 Liquide, Grenade - 473 ml . Winkel bij Eco Supplements altijd gratis verzending boven 100\u20ac","breadcrumb":{"@id":"https:\/\/ecosupplements.be\/fr\/produit\/collagene-type-1-et-3-liquide-grenade-473-ml\/#breadcrumb"},"inLanguage":"fr-FR","potentialAction":[{"@type":"ReadAction","target":["https:\/\/ecosupplements.be\/fr\/produit\/collagene-type-1-et-3-liquide-grenade-473-ml\/"]}]},{"@type":"ImageObject","inLanguage":"fr-FR","@id":"https:\/\/ecosupplements.be\/fr\/produit\/collagene-type-1-et-3-liquide-grenade-473-ml\/#primaryimage","url":"https:\/\/ecosupplements.be\/wp-content\/uploads\/2025\/08\/Collagen-Type-1-3-Liquid-Pomegranate-473-ml.jpg","contentUrl":"https:\/\/ecosupplements.be\/wp-content\/uploads\/2025\/08\/Collagen-Type-1-3-Liquid-Pomegranate-473-ml.jpg","width":600,"height":600},{"@type":"BreadcrumbList","@id":"https:\/\/ecosupplements.be\/fr\/produit\/collagene-type-1-et-3-liquide-grenade-473-ml\/#breadcrumb","itemListElement":[{"@type":"ListItem","position":1,"name":"Home","item":"https:\/\/ecosupplements.be\/fr\/"},{"@type":"ListItem","position":2,"name":"Boutique","item":"https:\/\/ecosupplements.be\/fr\/boutique\/"},{"@type":"ListItem","position":3,"name":"Collag\u00e8ne Type 1 et 3 Liquide, Grenade &#8211; 473 ml"}]},{"@type":"WebSite","@id":"https:\/\/ecosupplements.be\/fr\/#website","url":"https:\/\/ecosupplements.be\/fr\/","name":"ECO Supplements","description":"Eco Supplements - Gezonde supplementen","publisher":{"@id":"https:\/\/ecosupplements.be\/fr\/#organization"},"potentialAction":[{"@type":"SearchAction","target":{"@type":"EntryPoint","urlTemplate":"https:\/\/ecosupplements.be\/fr\/?s={search_term_string}"},"query-input":{"@type":"PropertyValueSpecification","valueRequired":true,"valueName":"search_term_string"}}],"inLanguage":"fr-FR"},{"@type":"Organization","@id":"https:\/\/ecosupplements.be\/fr\/#organization","name":"Eco Supplements","url":"https:\/\/ecosupplements.be\/fr\/","logo":{"@type":"ImageObject","inLanguage":"fr-FR","@id":"https:\/\/ecosupplements.be\/fr\/#\/schema\/logo\/image\/","url":"https:\/\/ecosupplements.be\/wp-content\/uploads\/2022\/06\/ecosupplement-family.png","contentUrl":"https:\/\/ecosupplements.be\/wp-content\/uploads\/2022\/06\/ecosupplement-family.png","width":593,"height":374,"caption":"Eco Supplements"},"image":{"@id":"https:\/\/ecosupplements.be\/fr\/#\/schema\/logo\/image\/"}}]},"product_brand":"NeoCell","product_price_amount":"47.00","product_price_currency":"EUR","og_availability":"instock","product_availability":"instock","product_retailer_item_id":"016185132955","product_condition":"new"},"_links":{"self":[{"href":"https:\/\/ecosupplements.be\/fr\/wp-json\/wp\/v2\/product\/285339","targetHints":{"allow":["GET"]}}],"collection":[{"href":"https:\/\/ecosupplements.be\/fr\/wp-json\/wp\/v2\/product"}],"about":[{"href":"https:\/\/ecosupplements.be\/fr\/wp-json\/wp\/v2\/types\/product"}],"replies":[{"embeddable":true,"href":"https:\/\/ecosupplements.be\/fr\/wp-json\/wp\/v2\/comments?post=285339"}],"wp:featuredmedia":[{"embeddable":true,"href":"https:\/\/ecosupplements.be\/fr\/wp-json\/wp\/v2\/media\/264206"}],"wp:attachment":[{"href":"https:\/\/ecosupplements.be\/fr\/wp-json\/wp\/v2\/media?parent=285339"}],"wp:term":[{"taxonomy":"product_brand","embeddable":true,"href":"https:\/\/ecosupplements.be\/fr\/wp-json\/wp\/v2\/product_brand?post=285339"},{"taxonomy":"product_cat","embeddable":true,"href":"https:\/\/ecosupplements.be\/fr\/wp-json\/wp\/v2\/product_cat?post=285339"},{"taxonomy":"product_tag","embeddable":true,"href":"https:\/\/ecosupplements.be\/fr\/wp-json\/wp\/v2\/product_tag?post=285339"}],"curies":[{"name":"wp","href":"https:\/\/api.w.org\/{rel}","templated":true}]}}