{"id":285348,"date":"2023-02-01T22:16:12","date_gmt":"2023-02-01T21:16:12","guid":{"rendered":"https:\/\/ecosupplements.be\/product\/super-collagene-vitamine-c-et-biotine-180-comprimes\/"},"modified":"2025-08-27T13:49:46","modified_gmt":"2025-08-27T12:49:46","slug":"super-collagene-vitamine-c-et-biotine-180-comprimes","status":"publish","type":"product","link":"https:\/\/ecosupplements.be\/fr\/produit\/super-collagene-vitamine-c-et-biotine-180-comprimes\/","title":{"rendered":"Super Collag\u00e8ne + Vitamine C et Biotine &#8211; 180 comprim\u00e9s"},"content":{"rendered":"<h1>Super Collagen + Vitamin C &#038;\u2062 Biotin &#8211; 180 tablets<\/h1>\n<p>Obtenez \u200bune peau, des cheveux et des ongles plus forts et plus sains avec les comprim\u00e9s Super \u2062Collagen\u2063 + Vitamin C &#038; Biotin de NeoCell. Cette formule avanc\u00e9e \u2063combine du\u2062 collag\u00e8ne de type 1 et 3, de la vitamine C et de la biotine pour vous\u2062 offrir une beaut\u00e9 de l&#8217;int\u00e9rieur.<\/p>\n<h2>Caract\u00e9ristiques sp\u00e9ciales:<\/h2>\n<ul>\n<li>Contient \u2062du collag\u00e8ne de type 1 et 3 pour une peau, des cheveux et \u2062des ongles plus forts<\/li>\n<li>Enrichi en vitamine\u200d C pour une meilleure\u200b absorption du collag\u00e8ne<\/li>\n<li>Comprend \u200bde la biotine pour des \u200dcheveux et des\u2064 ongles\u200d plus sains<\/li>\n<li>Formule avanc\u00e9e pour une beaut\u00e9 \u2063de l&#8217;int\u00e9rieur<\/li>\n<\/ul>\n<h2>Ingr\u00e9dients cl\u00e9s:<\/h2>\n<p>Chaque comprim\u00e9 contient 6 000 mg \u200bde collag\u00e8ne de type 1 et\u200d 3, 60 mg de vitamine \u2064C et 3 mg de biotine. Ces ingr\u00e9dients travaillent ensemble pour renforcer la structure de la peau, \u2063des cheveux \u2063et des ongles, tout en am\u00e9liorant leur apparence et leur sant\u00e9 globale.<\/p>\n<h2>Avantages uniques:<\/h2>\n<ul>\n<li>Am\u00e9liore \u200dla\u200b fermet\u00e9 et l&#8217;\u00e9lasticit\u00e9 de la peau<\/li>\n<li>Renforce les \u200ccheveux et les\u2063 ongles<\/li>\n<li>Hydrate la peau pour un teint \u200dplus lumineux<\/li>\n<li>Renforce les os et les articulations<\/li>\n<li>Am\u00e9liore la sant\u00e9 globale de la peau, des cheveux et \u200bdes ongles<\/li>\n<\/ul>\n<h2>Mode\u200c d&#8217;emploi:<\/h2>\n<p>Prenez 3\u2064 comprim\u00e9s par jour, de pr\u00e9f\u00e9rence \u00e0 jeun, pour\u2064 de meilleurs \u2063r\u00e9sultats. Pour \u200cune absorption optimale, prenez avec \u200cde l&#8217;eau ou\u2063 du jus de \u2064fruits riche en\u200d vitamine C.<\/p>\n<p>Ne contient pas de gluten, de soja, de bl\u00e9, de lactose, de \u200clevure ou \u2062de conservateurs. Convient aux\u200b v\u00e9g\u00e9tariens.<\/p>\n<p>Offrez \u00e0 votre corps les nutriments dont \u200cil a\u2063 besoin pour une beaut\u00e9 de l&#8217;int\u00e9rieur avec \u200cles comprim\u00e9s Super Collagen + Vitamin \u200cC &#038; Biotin de NeoCell. Commandez d\u00e8s maintenant et profitez \u2062d&#8217;une peau, \u200cdes cheveux et \u200bdes ongles plus sains et plus beaux.<\/p>\n","protected":false},"excerpt":{"rendered":"<p>Super Collagen + Vitamin C &#038;\u2062 Biotin &#8211; 180 tablets Obtenez \u200bune peau, des cheveux et des ongles plus forts et plus sains avec les comprim\u00e9s Super \u2062Collagen\u2063 + Vitamin C &#038; Biotin de NeoCell. Cette formule avanc\u00e9e \u2063combine du\u2062 collag\u00e8ne de type 1 et 3, de la vitamine C et de la biotine pour [&#8230;]\n","protected":false},"featured_media":262256,"comment_status":"open","ping_status":"open","template":"","meta":[],"product_brand":[4857],"product_cat":[5121,5052,5185,5053],"product_tag":[],"class_list":{"0":"post-285348","1":"product","2":"type-product","3":"status-publish","4":"has-post-thumbnail","6":"product_brand-neocell-2","7":"product_cat-collagene","8":"product_cat-sante-et-bien-etre","9":"product_cat-une-peau-saine","10":"product_cat-vitamines-et-mineraux","12":"first","13":"instock","14":"taxable","15":"shipping-taxable","16":"purchasable","17":"product-type-simple"},"yoast_head":"<!-- This site is optimized with the Yoast SEO Premium plugin v27.3 (Yoast SEO v27.3) - https:\/\/yoast.com\/product\/yoast-seo-premium-wordpress\/ -->\n<title>Super Collag\u00e8ne + Vitamine C et Biotine - 180 comprim\u00e9s - ECO Supplements<\/title>\n<meta name=\"description\" content=\"Wij hebben een ruime keuze aan producten van Super Collag\u00e8ne + Vitamine C et Biotine - 180 comprim\u00e9s . Winkel bij Eco Supplements altijd gratis verzending boven 100\u20ac\" \/>\n<meta name=\"robots\" content=\"index, follow, max-snippet:-1, max-image-preview:large, max-video-preview:-1\" \/>\n<link rel=\"canonical\" href=\"https:\/\/ecosupplements.be\/fr\/produit\/super-collagene-vitamine-c-et-biotine-180-comprimes\/\" \/>\n<meta property=\"og:locale\" content=\"fr_FR\" \/>\n<meta property=\"og:type\" content=\"article\" \/>\n<meta property=\"og:title\" content=\"Super Collag\u00e8ne + Vitamine C et Biotine - 180 comprim\u00e9s\" \/>\n<meta property=\"og:description\" content=\"Wij hebben een ruime keuze aan producten van Super Collag\u00e8ne + Vitamine C et Biotine - 180 comprim\u00e9s . Winkel bij Eco Supplements altijd gratis verzending boven 100\u20ac\" \/>\n<meta property=\"og:url\" content=\"https:\/\/ecosupplements.be\/fr\/produit\/super-collagene-vitamine-c-et-biotine-180-comprimes\/\" \/>\n<meta property=\"og:site_name\" content=\"ECO Supplements\" \/>\n<meta property=\"article:modified_time\" content=\"2025-08-27T12:49:46+00:00\" \/>\n<meta property=\"og:image\" content=\"https:\/\/ecosupplements.be\/wp-content\/uploads\/2025\/08\/Super-Collagen-Vitamin-C-Biotin-180-tabs-1.jpg\" \/>\n\t<meta property=\"og:image:width\" content=\"600\" \/>\n\t<meta property=\"og:image:height\" content=\"600\" \/>\n\t<meta property=\"og:image:type\" content=\"image\/jpeg\" \/>\n<meta name=\"twitter:card\" content=\"summary_large_image\" \/>\n<meta name=\"twitter:label1\" content=\"Prix\" \/>\n\t<meta name=\"twitter:data1\" content=\"21.24&nbsp;&euro;\" \/>\n\t<meta name=\"twitter:label2\" content=\"Disponibilit\u00e9\" \/>\n\t<meta name=\"twitter:data2\" content=\"En stock\" \/>\n<script type=\"application\/ld+json\" class=\"yoast-schema-graph\">{\"@context\":\"https:\\\/\\\/schema.org\",\"@graph\":[{\"@type\":[\"WebPage\",\"ItemPage\"],\"@id\":\"https:\\\/\\\/ecosupplements.be\\\/fr\\\/produit\\\/super-collagene-vitamine-c-et-biotine-180-comprimes\\\/\",\"url\":\"https:\\\/\\\/ecosupplements.be\\\/fr\\\/produit\\\/super-collagene-vitamine-c-et-biotine-180-comprimes\\\/\",\"name\":\"Super Collag\u00e8ne + Vitamine C et Biotine - 180 comprim\u00e9s - ECO Supplements\",\"isPartOf\":{\"@id\":\"https:\\\/\\\/ecosupplements.be\\\/fr\\\/#website\"},\"primaryImageOfPage\":{\"@id\":\"https:\\\/\\\/ecosupplements.be\\\/fr\\\/produit\\\/super-collagene-vitamine-c-et-biotine-180-comprimes\\\/#primaryimage\"},\"image\":{\"@id\":\"https:\\\/\\\/ecosupplements.be\\\/fr\\\/produit\\\/super-collagene-vitamine-c-et-biotine-180-comprimes\\\/#primaryimage\"},\"thumbnailUrl\":\"https:\\\/\\\/ecosupplements.be\\\/wp-content\\\/uploads\\\/2025\\\/08\\\/Super-Collagen-Vitamin-C-Biotin-180-tabs.jpg\",\"datePublished\":\"2023-02-01T21:16:12+00:00\",\"dateModified\":\"2025-08-27T12:49:46+00:00\",\"description\":\"Wij hebben een ruime keuze aan producten van Super Collag\u00e8ne + Vitamine C et Biotine - 180 comprim\u00e9s . Winkel bij Eco Supplements altijd gratis verzending boven 100\u20ac\",\"breadcrumb\":{\"@id\":\"https:\\\/\\\/ecosupplements.be\\\/fr\\\/produit\\\/super-collagene-vitamine-c-et-biotine-180-comprimes\\\/#breadcrumb\"},\"inLanguage\":\"fr-FR\",\"potentialAction\":[{\"@type\":\"ReadAction\",\"target\":[\"https:\\\/\\\/ecosupplements.be\\\/fr\\\/produit\\\/super-collagene-vitamine-c-et-biotine-180-comprimes\\\/\"]}]},{\"@type\":\"ImageObject\",\"inLanguage\":\"fr-FR\",\"@id\":\"https:\\\/\\\/ecosupplements.be\\\/fr\\\/produit\\\/super-collagene-vitamine-c-et-biotine-180-comprimes\\\/#primaryimage\",\"url\":\"https:\\\/\\\/ecosupplements.be\\\/wp-content\\\/uploads\\\/2025\\\/08\\\/Super-Collagen-Vitamin-C-Biotin-180-tabs.jpg\",\"contentUrl\":\"https:\\\/\\\/ecosupplements.be\\\/wp-content\\\/uploads\\\/2025\\\/08\\\/Super-Collagen-Vitamin-C-Biotin-180-tabs.jpg\",\"width\":600,\"height\":600},{\"@type\":\"BreadcrumbList\",\"@id\":\"https:\\\/\\\/ecosupplements.be\\\/fr\\\/produit\\\/super-collagene-vitamine-c-et-biotine-180-comprimes\\\/#breadcrumb\",\"itemListElement\":[{\"@type\":\"ListItem\",\"position\":1,\"name\":\"Home\",\"item\":\"https:\\\/\\\/ecosupplements.be\\\/fr\\\/\"},{\"@type\":\"ListItem\",\"position\":2,\"name\":\"Boutique\",\"item\":\"https:\\\/\\\/ecosupplements.be\\\/fr\\\/boutique\\\/\"},{\"@type\":\"ListItem\",\"position\":3,\"name\":\"Super Collag\u00e8ne + Vitamine C et Biotine &#8211; 180 comprim\u00e9s\"}]},{\"@type\":\"WebSite\",\"@id\":\"https:\\\/\\\/ecosupplements.be\\\/fr\\\/#website\",\"url\":\"https:\\\/\\\/ecosupplements.be\\\/fr\\\/\",\"name\":\"ECO Supplements\",\"description\":\"Eco Supplements - Gezonde supplementen\",\"publisher\":{\"@id\":\"https:\\\/\\\/ecosupplements.be\\\/fr\\\/#organization\"},\"potentialAction\":[{\"@type\":\"SearchAction\",\"target\":{\"@type\":\"EntryPoint\",\"urlTemplate\":\"https:\\\/\\\/ecosupplements.be\\\/fr\\\/?s={search_term_string}\"},\"query-input\":{\"@type\":\"PropertyValueSpecification\",\"valueRequired\":true,\"valueName\":\"search_term_string\"}}],\"inLanguage\":\"fr-FR\"},{\"@type\":\"Organization\",\"@id\":\"https:\\\/\\\/ecosupplements.be\\\/fr\\\/#organization\",\"name\":\"Eco Supplements\",\"url\":\"https:\\\/\\\/ecosupplements.be\\\/fr\\\/\",\"logo\":{\"@type\":\"ImageObject\",\"inLanguage\":\"fr-FR\",\"@id\":\"https:\\\/\\\/ecosupplements.be\\\/fr\\\/#\\\/schema\\\/logo\\\/image\\\/\",\"url\":\"https:\\\/\\\/ecosupplements.be\\\/wp-content\\\/uploads\\\/2022\\\/06\\\/ecosupplement-family.png\",\"contentUrl\":\"https:\\\/\\\/ecosupplements.be\\\/wp-content\\\/uploads\\\/2022\\\/06\\\/ecosupplement-family.png\",\"width\":593,\"height\":374,\"caption\":\"Eco Supplements\"},\"image\":{\"@id\":\"https:\\\/\\\/ecosupplements.be\\\/fr\\\/#\\\/schema\\\/logo\\\/image\\\/\"}}]}<\/script>\n<meta property=\"product:brand\" content=\"NeoCell\" \/>\n<meta property=\"product:price:amount\" content=\"21.24\" \/>\n<meta property=\"product:price:currency\" content=\"EUR\" \/>\n<meta property=\"og:availability\" content=\"instock\" \/>\n<meta property=\"product:availability\" content=\"instock\" \/>\n<meta property=\"product:retailer_item_id\" content=\"016185132603\" \/>\n<meta property=\"product:condition\" content=\"new\" \/>\n<!-- \/ Yoast SEO Premium plugin. -->","yoast_head_json":{"title":"Super Collag\u00e8ne + Vitamine C et Biotine - 180 comprim\u00e9s - ECO Supplements","description":"Wij hebben een ruime keuze aan producten van Super Collag\u00e8ne + Vitamine C et Biotine - 180 comprim\u00e9s . Winkel bij Eco Supplements altijd gratis verzending boven 100\u20ac","robots":{"index":"index","follow":"follow","max-snippet":"max-snippet:-1","max-image-preview":"max-image-preview:large","max-video-preview":"max-video-preview:-1"},"canonical":"https:\/\/ecosupplements.be\/fr\/produit\/super-collagene-vitamine-c-et-biotine-180-comprimes\/","og_locale":"fr_FR","og_type":"article","og_title":"Super Collag\u00e8ne + Vitamine C et Biotine - 180 comprim\u00e9s","og_description":"Wij hebben een ruime keuze aan producten van Super Collag\u00e8ne + Vitamine C et Biotine - 180 comprim\u00e9s . Winkel bij Eco Supplements altijd gratis verzending boven 100\u20ac","og_url":"https:\/\/ecosupplements.be\/fr\/produit\/super-collagene-vitamine-c-et-biotine-180-comprimes\/","og_site_name":"ECO Supplements","article_modified_time":"2025-08-27T12:49:46+00:00","og_image":[{"width":600,"height":600,"url":"https:\/\/ecosupplements.be\/wp-content\/uploads\/2025\/08\/Super-Collagen-Vitamin-C-Biotin-180-tabs-1.jpg","type":"image\/jpeg"}],"twitter_card":"summary_large_image","twitter_misc":{"Prix":"21.24&nbsp;&euro;","Disponibilit\u00e9":"En stock"},"schema":{"@context":"https:\/\/schema.org","@graph":[{"@type":["WebPage","ItemPage"],"@id":"https:\/\/ecosupplements.be\/fr\/produit\/super-collagene-vitamine-c-et-biotine-180-comprimes\/","url":"https:\/\/ecosupplements.be\/fr\/produit\/super-collagene-vitamine-c-et-biotine-180-comprimes\/","name":"Super Collag\u00e8ne + Vitamine C et Biotine - 180 comprim\u00e9s - ECO Supplements","isPartOf":{"@id":"https:\/\/ecosupplements.be\/fr\/#website"},"primaryImageOfPage":{"@id":"https:\/\/ecosupplements.be\/fr\/produit\/super-collagene-vitamine-c-et-biotine-180-comprimes\/#primaryimage"},"image":{"@id":"https:\/\/ecosupplements.be\/fr\/produit\/super-collagene-vitamine-c-et-biotine-180-comprimes\/#primaryimage"},"thumbnailUrl":"https:\/\/ecosupplements.be\/wp-content\/uploads\/2025\/08\/Super-Collagen-Vitamin-C-Biotin-180-tabs.jpg","datePublished":"2023-02-01T21:16:12+00:00","dateModified":"2025-08-27T12:49:46+00:00","description":"Wij hebben een ruime keuze aan producten van Super Collag\u00e8ne + Vitamine C et Biotine - 180 comprim\u00e9s . Winkel bij Eco Supplements altijd gratis verzending boven 100\u20ac","breadcrumb":{"@id":"https:\/\/ecosupplements.be\/fr\/produit\/super-collagene-vitamine-c-et-biotine-180-comprimes\/#breadcrumb"},"inLanguage":"fr-FR","potentialAction":[{"@type":"ReadAction","target":["https:\/\/ecosupplements.be\/fr\/produit\/super-collagene-vitamine-c-et-biotine-180-comprimes\/"]}]},{"@type":"ImageObject","inLanguage":"fr-FR","@id":"https:\/\/ecosupplements.be\/fr\/produit\/super-collagene-vitamine-c-et-biotine-180-comprimes\/#primaryimage","url":"https:\/\/ecosupplements.be\/wp-content\/uploads\/2025\/08\/Super-Collagen-Vitamin-C-Biotin-180-tabs.jpg","contentUrl":"https:\/\/ecosupplements.be\/wp-content\/uploads\/2025\/08\/Super-Collagen-Vitamin-C-Biotin-180-tabs.jpg","width":600,"height":600},{"@type":"BreadcrumbList","@id":"https:\/\/ecosupplements.be\/fr\/produit\/super-collagene-vitamine-c-et-biotine-180-comprimes\/#breadcrumb","itemListElement":[{"@type":"ListItem","position":1,"name":"Home","item":"https:\/\/ecosupplements.be\/fr\/"},{"@type":"ListItem","position":2,"name":"Boutique","item":"https:\/\/ecosupplements.be\/fr\/boutique\/"},{"@type":"ListItem","position":3,"name":"Super Collag\u00e8ne + Vitamine C et Biotine &#8211; 180 comprim\u00e9s"}]},{"@type":"WebSite","@id":"https:\/\/ecosupplements.be\/fr\/#website","url":"https:\/\/ecosupplements.be\/fr\/","name":"ECO Supplements","description":"Eco Supplements - Gezonde supplementen","publisher":{"@id":"https:\/\/ecosupplements.be\/fr\/#organization"},"potentialAction":[{"@type":"SearchAction","target":{"@type":"EntryPoint","urlTemplate":"https:\/\/ecosupplements.be\/fr\/?s={search_term_string}"},"query-input":{"@type":"PropertyValueSpecification","valueRequired":true,"valueName":"search_term_string"}}],"inLanguage":"fr-FR"},{"@type":"Organization","@id":"https:\/\/ecosupplements.be\/fr\/#organization","name":"Eco Supplements","url":"https:\/\/ecosupplements.be\/fr\/","logo":{"@type":"ImageObject","inLanguage":"fr-FR","@id":"https:\/\/ecosupplements.be\/fr\/#\/schema\/logo\/image\/","url":"https:\/\/ecosupplements.be\/wp-content\/uploads\/2022\/06\/ecosupplement-family.png","contentUrl":"https:\/\/ecosupplements.be\/wp-content\/uploads\/2022\/06\/ecosupplement-family.png","width":593,"height":374,"caption":"Eco Supplements"},"image":{"@id":"https:\/\/ecosupplements.be\/fr\/#\/schema\/logo\/image\/"}}]},"product_brand":"NeoCell","product_price_amount":"21.24","product_price_currency":"EUR","og_availability":"instock","product_availability":"instock","product_retailer_item_id":"016185132603","product_condition":"new"},"_links":{"self":[{"href":"https:\/\/ecosupplements.be\/fr\/wp-json\/wp\/v2\/product\/285348","targetHints":{"allow":["GET"]}}],"collection":[{"href":"https:\/\/ecosupplements.be\/fr\/wp-json\/wp\/v2\/product"}],"about":[{"href":"https:\/\/ecosupplements.be\/fr\/wp-json\/wp\/v2\/types\/product"}],"replies":[{"embeddable":true,"href":"https:\/\/ecosupplements.be\/fr\/wp-json\/wp\/v2\/comments?post=285348"}],"wp:featuredmedia":[{"embeddable":true,"href":"https:\/\/ecosupplements.be\/fr\/wp-json\/wp\/v2\/media\/262256"}],"wp:attachment":[{"href":"https:\/\/ecosupplements.be\/fr\/wp-json\/wp\/v2\/media?parent=285348"}],"wp:term":[{"taxonomy":"product_brand","embeddable":true,"href":"https:\/\/ecosupplements.be\/fr\/wp-json\/wp\/v2\/product_brand?post=285348"},{"taxonomy":"product_cat","embeddable":true,"href":"https:\/\/ecosupplements.be\/fr\/wp-json\/wp\/v2\/product_cat?post=285348"},{"taxonomy":"product_tag","embeddable":true,"href":"https:\/\/ecosupplements.be\/fr\/wp-json\/wp\/v2\/product_tag?post=285348"}],"curies":[{"name":"wp","href":"https:\/\/api.w.org\/{rel}","templated":true}]}}