{"id":285369,"date":"2022-06-28T10:02:52","date_gmt":"2022-06-28T09:02:52","guid":{"rendered":"https:\/\/ecosupplements.be\/product\/acetyl-l-carnitine-500mg-100-gelules-vegetales\/"},"modified":"2025-08-27T13:50:05","modified_gmt":"2025-08-27T12:50:05","slug":"acetyl-l-carnitine-500mg-100-gelules-vegetales","status":"publish","type":"product","link":"https:\/\/ecosupplements.be\/fr\/produit\/acetyl-l-carnitine-500mg-100-gelules-vegetales\/","title":{"rendered":"Ac\u00e9tyl-L-Carnitine, 500mg &#8211; 100 g\u00e9lules v\u00e9g\u00e9tales"},"content":{"rendered":"<h1> Acetyl-L-Carnitine, 500mg &#8211; 100 vcaps <\/h1>\n<p>  D\u00e9couvrez les bienfaits de l&#8217;Acetyl-L-Carnitine avec ces capsules de 500mg de la marque NOW Foods. Fabriqu\u00e9 aux\u2063 \u00c9tats-Unis, \u200cce compl\u00e9ment alimentaire est con\u00e7u pour soutenir la sant\u00e9 cognitive et \u00e9nerg\u00e9tique. <\/p>\n<h2>  Caract\u00e9ristiques sp\u00e9ciales: <\/h2>\n<ul>\n<li>  Contient 500mg d&#8217;Acetyl-L-Carnitine par capsule <\/li>\n<li>  Fabriqu\u00e9 aux \u200b\u00c9tats-Unis <\/li>\n<li>  Convient aux\u2063 v\u00e9g\u00e9tariens et v\u00e9g\u00e9taliens <\/li>\n<li>  Sans gluten, soja, produits laitiers, \u0153ufs ou ingr\u00e9dients artificiels <\/li>\n<\/ul>\n<h2>  Ingr\u00e9dients: <\/h2>\n<p>  Chaque capsule contient 500mg\u200b d&#8217;Acetyl-L-Carnitine (forme\u2064 ac\u00e9tyl\u00e9e de la L-carnitine) et des\u2063 ingr\u00e9dients inactifs tels que la cellulose (capsule), la farine de riz, le\u200c st\u00e9arate de magn\u00e9sium \u200c(source\u2063 v\u00e9g\u00e9tale) et la silice. <\/p>\n<h2>  Avantages uniques: <\/h2>\n<ul>\n<li>  Soutient la sant\u00e9 cognitive en\u200d am\u00e9liorant la fonction c\u00e9r\u00e9brale et la m\u00e9moire <\/li>\n<li>  Favorise la production d&#8217;\u00e9nergie en aidant \u00e0 \u2062transporter les acides gras vers les\u200d cellules pour la production d&#8217;ATP <\/li>\n<li>  Contribue \u00e0 la sant\u00e9 cardiovasculaire en aidant \u00e0 maintenir un taux \u2064de cholest\u00e9rol sain <\/li>\n<li>  Peut aider \u00e0 r\u00e9duire la fatigue et \u00e0 am\u00e9liorer la performance \u200bphysique <\/li>\n<\/ul>\n<h2>  Principales caract\u00e9ristiques: <\/h2>\n<ul>\n<li>  Capsules v\u00e9g\u00e9tariennes faciles \u00e0 avaler <\/li>\n<li>  Dosage pratique\u2063 de 500mg par capsule <\/li>\n<li>  Forme ac\u00e9tyl\u00e9e de la L-carnitine pour une meilleure \u2063absorption <\/li>\n<li>  Convient \u00e0 une utilisation quotidienne \u2064 <\/li>\n<\/ul>\n<p>  Ajoutez l&#8217;Acetyl-L-Carnitine de NOW \u200cFoods \u00e0 votre routine quotidienne pour soutenir votre sant\u00e9\u200c cognitive et \u00e9nerg\u00e9tique. Commandez d\u00e8s maintenant et profitez des bienfaits de ce compl\u00e9ment alimentaire de qualit\u00e9 \u200dsup\u00e9rieure.\u200d <\/p>\n","protected":false},"excerpt":{"rendered":"<p>Acetyl-L-Carnitine, 500mg &#8211; 100 vcaps D\u00e9couvrez les bienfaits de l&#8217;Acetyl-L-Carnitine avec ces capsules de 500mg de la marque NOW Foods. Fabriqu\u00e9 aux\u2063 \u00c9tats-Unis, \u200cce compl\u00e9ment alimentaire est con\u00e7u pour soutenir la sant\u00e9 cognitive et \u00e9nerg\u00e9tique. Caract\u00e9ristiques sp\u00e9ciales: Contient 500mg d&#8217;Acetyl-L-Carnitine par capsule Fabriqu\u00e9 aux \u200b\u00c9tats-Unis Convient aux\u2063 v\u00e9g\u00e9tariens et v\u00e9g\u00e9taliens Sans gluten, soja, produits laitiers, [&#8230;]\n","protected":false},"featured_media":240850,"comment_status":"open","ping_status":"open","template":"","meta":[],"product_brand":[4733,4734],"product_cat":[5067,5051,5053],"product_tag":[],"class_list":{"0":"post-285369","1":"product","2":"type-product","3":"status-publish","4":"has-post-thumbnail","6":"product_brand-now-foods-2","7":"product_brand-nownow-foods-2","8":"product_cat-acides-amines-et-bcaa","9":"product_cat-minceur-et-gestion-du-poids","10":"product_cat-vitamines-et-mineraux","12":"first","13":"instock","14":"taxable","15":"shipping-taxable","16":"purchasable","17":"product-type-simple"},"yoast_head":"<!-- This site is optimized with the Yoast SEO Premium plugin v27.3 (Yoast SEO v27.3) - https:\/\/yoast.com\/product\/yoast-seo-premium-wordpress\/ -->\n<title>Ac\u00e9tyl-L-Carnitine, 500mg - 100 g\u00e9lules v\u00e9g\u00e9tales - ECO Supplements<\/title>\n<meta name=\"description\" content=\"Wij hebben een ruime keuze aan producten van Ac\u00e9tyl-L-Carnitine, 500mg - 100 g\u00e9lules v\u00e9g\u00e9tales . Winkel bij Eco Supplements altijd gratis verzending boven 100\u20ac\" \/>\n<meta name=\"robots\" content=\"index, follow, max-snippet:-1, max-image-preview:large, max-video-preview:-1\" \/>\n<link rel=\"canonical\" href=\"https:\/\/ecosupplements.be\/fr\/produit\/acetyl-l-carnitine-500mg-100-gelules-vegetales\/\" \/>\n<meta property=\"og:locale\" content=\"fr_FR\" \/>\n<meta property=\"og:type\" content=\"article\" \/>\n<meta property=\"og:title\" content=\"Ac\u00e9tyl-L-Carnitine, 500mg - 100 g\u00e9lules v\u00e9g\u00e9tales\" \/>\n<meta property=\"og:description\" content=\"Wij hebben een ruime keuze aan producten van Ac\u00e9tyl-L-Carnitine, 500mg - 100 g\u00e9lules v\u00e9g\u00e9tales . Winkel bij Eco Supplements altijd gratis verzending boven 100\u20ac\" \/>\n<meta property=\"og:url\" content=\"https:\/\/ecosupplements.be\/fr\/produit\/acetyl-l-carnitine-500mg-100-gelules-vegetales\/\" \/>\n<meta property=\"og:site_name\" content=\"ECO Supplements\" \/>\n<meta property=\"article:modified_time\" content=\"2025-08-27T12:50:05+00:00\" \/>\n<meta property=\"og:image\" content=\"https:\/\/ecosupplements.be\/wp-content\/uploads\/2025\/08\/Acetyl-L-Carnitine-500mg-100-vcaps.jpg\" \/>\n\t<meta property=\"og:image:width\" content=\"504\" \/>\n\t<meta property=\"og:image:height\" content=\"880\" \/>\n\t<meta property=\"og:image:type\" content=\"image\/jpeg\" \/>\n<meta name=\"twitter:card\" content=\"summary_large_image\" \/>\n<meta name=\"twitter:label1\" content=\"Prix\" \/>\n\t<meta name=\"twitter:data1\" content=\"26.93&nbsp;&euro;\" \/>\n\t<meta name=\"twitter:label2\" content=\"Disponibilit\u00e9\" \/>\n\t<meta name=\"twitter:data2\" content=\"En stock\" \/>\n<script type=\"application\/ld+json\" class=\"yoast-schema-graph\">{\"@context\":\"https:\\\/\\\/schema.org\",\"@graph\":[{\"@type\":[\"WebPage\",\"ItemPage\"],\"@id\":\"https:\\\/\\\/ecosupplements.be\\\/fr\\\/produit\\\/acetyl-l-carnitine-500mg-100-gelules-vegetales\\\/\",\"url\":\"https:\\\/\\\/ecosupplements.be\\\/fr\\\/produit\\\/acetyl-l-carnitine-500mg-100-gelules-vegetales\\\/\",\"name\":\"Ac\u00e9tyl-L-Carnitine, 500mg - 100 g\u00e9lules v\u00e9g\u00e9tales - ECO Supplements\",\"isPartOf\":{\"@id\":\"https:\\\/\\\/ecosupplements.be\\\/fr\\\/#website\"},\"primaryImageOfPage\":{\"@id\":\"https:\\\/\\\/ecosupplements.be\\\/fr\\\/produit\\\/acetyl-l-carnitine-500mg-100-gelules-vegetales\\\/#primaryimage\"},\"image\":{\"@id\":\"https:\\\/\\\/ecosupplements.be\\\/fr\\\/produit\\\/acetyl-l-carnitine-500mg-100-gelules-vegetales\\\/#primaryimage\"},\"thumbnailUrl\":\"https:\\\/\\\/ecosupplements.be\\\/wp-content\\\/uploads\\\/2025\\\/08\\\/NOW-Foods-Acetyl-L-Carnitine-500mg-100-vcaps.jpg\",\"datePublished\":\"2022-06-28T09:02:52+00:00\",\"dateModified\":\"2025-08-27T12:50:05+00:00\",\"description\":\"Wij hebben een ruime keuze aan producten van Ac\u00e9tyl-L-Carnitine, 500mg - 100 g\u00e9lules v\u00e9g\u00e9tales . Winkel bij Eco Supplements altijd gratis verzending boven 100\u20ac\",\"breadcrumb\":{\"@id\":\"https:\\\/\\\/ecosupplements.be\\\/fr\\\/produit\\\/acetyl-l-carnitine-500mg-100-gelules-vegetales\\\/#breadcrumb\"},\"inLanguage\":\"fr-FR\",\"potentialAction\":[{\"@type\":\"ReadAction\",\"target\":[\"https:\\\/\\\/ecosupplements.be\\\/fr\\\/produit\\\/acetyl-l-carnitine-500mg-100-gelules-vegetales\\\/\"]}]},{\"@type\":\"ImageObject\",\"inLanguage\":\"fr-FR\",\"@id\":\"https:\\\/\\\/ecosupplements.be\\\/fr\\\/produit\\\/acetyl-l-carnitine-500mg-100-gelules-vegetales\\\/#primaryimage\",\"url\":\"https:\\\/\\\/ecosupplements.be\\\/wp-content\\\/uploads\\\/2025\\\/08\\\/NOW-Foods-Acetyl-L-Carnitine-500mg-100-vcaps.jpg\",\"contentUrl\":\"https:\\\/\\\/ecosupplements.be\\\/wp-content\\\/uploads\\\/2025\\\/08\\\/NOW-Foods-Acetyl-L-Carnitine-500mg-100-vcaps.jpg\",\"width\":750,\"height\":750},{\"@type\":\"BreadcrumbList\",\"@id\":\"https:\\\/\\\/ecosupplements.be\\\/fr\\\/produit\\\/acetyl-l-carnitine-500mg-100-gelules-vegetales\\\/#breadcrumb\",\"itemListElement\":[{\"@type\":\"ListItem\",\"position\":1,\"name\":\"Home\",\"item\":\"https:\\\/\\\/ecosupplements.be\\\/fr\\\/\"},{\"@type\":\"ListItem\",\"position\":2,\"name\":\"Boutique\",\"item\":\"https:\\\/\\\/ecosupplements.be\\\/fr\\\/boutique\\\/\"},{\"@type\":\"ListItem\",\"position\":3,\"name\":\"Ac\u00e9tyl-L-Carnitine, 500mg &#8211; 100 g\u00e9lules v\u00e9g\u00e9tales\"}]},{\"@type\":\"WebSite\",\"@id\":\"https:\\\/\\\/ecosupplements.be\\\/fr\\\/#website\",\"url\":\"https:\\\/\\\/ecosupplements.be\\\/fr\\\/\",\"name\":\"ECO Supplements\",\"description\":\"Eco Supplements - Gezonde supplementen\",\"publisher\":{\"@id\":\"https:\\\/\\\/ecosupplements.be\\\/fr\\\/#organization\"},\"potentialAction\":[{\"@type\":\"SearchAction\",\"target\":{\"@type\":\"EntryPoint\",\"urlTemplate\":\"https:\\\/\\\/ecosupplements.be\\\/fr\\\/?s={search_term_string}\"},\"query-input\":{\"@type\":\"PropertyValueSpecification\",\"valueRequired\":true,\"valueName\":\"search_term_string\"}}],\"inLanguage\":\"fr-FR\"},{\"@type\":\"Organization\",\"@id\":\"https:\\\/\\\/ecosupplements.be\\\/fr\\\/#organization\",\"name\":\"Eco Supplements\",\"url\":\"https:\\\/\\\/ecosupplements.be\\\/fr\\\/\",\"logo\":{\"@type\":\"ImageObject\",\"inLanguage\":\"fr-FR\",\"@id\":\"https:\\\/\\\/ecosupplements.be\\\/fr\\\/#\\\/schema\\\/logo\\\/image\\\/\",\"url\":\"https:\\\/\\\/ecosupplements.be\\\/wp-content\\\/uploads\\\/2022\\\/06\\\/ecosupplement-family.png\",\"contentUrl\":\"https:\\\/\\\/ecosupplements.be\\\/wp-content\\\/uploads\\\/2022\\\/06\\\/ecosupplement-family.png\",\"width\":593,\"height\":374,\"caption\":\"Eco Supplements\"},\"image\":{\"@id\":\"https:\\\/\\\/ecosupplements.be\\\/fr\\\/#\\\/schema\\\/logo\\\/image\\\/\"}}]}<\/script>\n<meta property=\"product:brand\" content=\"NOW Foods\" \/>\n<meta property=\"product:price:amount\" content=\"26.93\" \/>\n<meta property=\"product:price:currency\" content=\"EUR\" \/>\n<meta property=\"og:availability\" content=\"instock\" \/>\n<meta property=\"product:availability\" content=\"instock\" \/>\n<meta property=\"product:retailer_item_id\" content=\"733739000767\" \/>\n<meta property=\"product:condition\" content=\"new\" \/>\n<!-- \/ Yoast SEO Premium plugin. -->","yoast_head_json":{"title":"Ac\u00e9tyl-L-Carnitine, 500mg - 100 g\u00e9lules v\u00e9g\u00e9tales - ECO Supplements","description":"Wij hebben een ruime keuze aan producten van Ac\u00e9tyl-L-Carnitine, 500mg - 100 g\u00e9lules v\u00e9g\u00e9tales . Winkel bij Eco Supplements altijd gratis verzending boven 100\u20ac","robots":{"index":"index","follow":"follow","max-snippet":"max-snippet:-1","max-image-preview":"max-image-preview:large","max-video-preview":"max-video-preview:-1"},"canonical":"https:\/\/ecosupplements.be\/fr\/produit\/acetyl-l-carnitine-500mg-100-gelules-vegetales\/","og_locale":"fr_FR","og_type":"article","og_title":"Ac\u00e9tyl-L-Carnitine, 500mg - 100 g\u00e9lules v\u00e9g\u00e9tales","og_description":"Wij hebben een ruime keuze aan producten van Ac\u00e9tyl-L-Carnitine, 500mg - 100 g\u00e9lules v\u00e9g\u00e9tales . Winkel bij Eco Supplements altijd gratis verzending boven 100\u20ac","og_url":"https:\/\/ecosupplements.be\/fr\/produit\/acetyl-l-carnitine-500mg-100-gelules-vegetales\/","og_site_name":"ECO Supplements","article_modified_time":"2025-08-27T12:50:05+00:00","og_image":[{"width":504,"height":880,"url":"https:\/\/ecosupplements.be\/wp-content\/uploads\/2025\/08\/Acetyl-L-Carnitine-500mg-100-vcaps.jpg","type":"image\/jpeg"}],"twitter_card":"summary_large_image","twitter_misc":{"Prix":"26.93&nbsp;&euro;","Disponibilit\u00e9":"En stock"},"schema":{"@context":"https:\/\/schema.org","@graph":[{"@type":["WebPage","ItemPage"],"@id":"https:\/\/ecosupplements.be\/fr\/produit\/acetyl-l-carnitine-500mg-100-gelules-vegetales\/","url":"https:\/\/ecosupplements.be\/fr\/produit\/acetyl-l-carnitine-500mg-100-gelules-vegetales\/","name":"Ac\u00e9tyl-L-Carnitine, 500mg - 100 g\u00e9lules v\u00e9g\u00e9tales - ECO Supplements","isPartOf":{"@id":"https:\/\/ecosupplements.be\/fr\/#website"},"primaryImageOfPage":{"@id":"https:\/\/ecosupplements.be\/fr\/produit\/acetyl-l-carnitine-500mg-100-gelules-vegetales\/#primaryimage"},"image":{"@id":"https:\/\/ecosupplements.be\/fr\/produit\/acetyl-l-carnitine-500mg-100-gelules-vegetales\/#primaryimage"},"thumbnailUrl":"https:\/\/ecosupplements.be\/wp-content\/uploads\/2025\/08\/NOW-Foods-Acetyl-L-Carnitine-500mg-100-vcaps.jpg","datePublished":"2022-06-28T09:02:52+00:00","dateModified":"2025-08-27T12:50:05+00:00","description":"Wij hebben een ruime keuze aan producten van Ac\u00e9tyl-L-Carnitine, 500mg - 100 g\u00e9lules v\u00e9g\u00e9tales . Winkel bij Eco Supplements altijd gratis verzending boven 100\u20ac","breadcrumb":{"@id":"https:\/\/ecosupplements.be\/fr\/produit\/acetyl-l-carnitine-500mg-100-gelules-vegetales\/#breadcrumb"},"inLanguage":"fr-FR","potentialAction":[{"@type":"ReadAction","target":["https:\/\/ecosupplements.be\/fr\/produit\/acetyl-l-carnitine-500mg-100-gelules-vegetales\/"]}]},{"@type":"ImageObject","inLanguage":"fr-FR","@id":"https:\/\/ecosupplements.be\/fr\/produit\/acetyl-l-carnitine-500mg-100-gelules-vegetales\/#primaryimage","url":"https:\/\/ecosupplements.be\/wp-content\/uploads\/2025\/08\/NOW-Foods-Acetyl-L-Carnitine-500mg-100-vcaps.jpg","contentUrl":"https:\/\/ecosupplements.be\/wp-content\/uploads\/2025\/08\/NOW-Foods-Acetyl-L-Carnitine-500mg-100-vcaps.jpg","width":750,"height":750},{"@type":"BreadcrumbList","@id":"https:\/\/ecosupplements.be\/fr\/produit\/acetyl-l-carnitine-500mg-100-gelules-vegetales\/#breadcrumb","itemListElement":[{"@type":"ListItem","position":1,"name":"Home","item":"https:\/\/ecosupplements.be\/fr\/"},{"@type":"ListItem","position":2,"name":"Boutique","item":"https:\/\/ecosupplements.be\/fr\/boutique\/"},{"@type":"ListItem","position":3,"name":"Ac\u00e9tyl-L-Carnitine, 500mg &#8211; 100 g\u00e9lules v\u00e9g\u00e9tales"}]},{"@type":"WebSite","@id":"https:\/\/ecosupplements.be\/fr\/#website","url":"https:\/\/ecosupplements.be\/fr\/","name":"ECO Supplements","description":"Eco Supplements - Gezonde supplementen","publisher":{"@id":"https:\/\/ecosupplements.be\/fr\/#organization"},"potentialAction":[{"@type":"SearchAction","target":{"@type":"EntryPoint","urlTemplate":"https:\/\/ecosupplements.be\/fr\/?s={search_term_string}"},"query-input":{"@type":"PropertyValueSpecification","valueRequired":true,"valueName":"search_term_string"}}],"inLanguage":"fr-FR"},{"@type":"Organization","@id":"https:\/\/ecosupplements.be\/fr\/#organization","name":"Eco Supplements","url":"https:\/\/ecosupplements.be\/fr\/","logo":{"@type":"ImageObject","inLanguage":"fr-FR","@id":"https:\/\/ecosupplements.be\/fr\/#\/schema\/logo\/image\/","url":"https:\/\/ecosupplements.be\/wp-content\/uploads\/2022\/06\/ecosupplement-family.png","contentUrl":"https:\/\/ecosupplements.be\/wp-content\/uploads\/2022\/06\/ecosupplement-family.png","width":593,"height":374,"caption":"Eco Supplements"},"image":{"@id":"https:\/\/ecosupplements.be\/fr\/#\/schema\/logo\/image\/"}}]},"product_brand":"NOW Foods","product_price_amount":"26.93","product_price_currency":"EUR","og_availability":"instock","product_availability":"instock","product_retailer_item_id":"733739000767","product_condition":"new"},"_links":{"self":[{"href":"https:\/\/ecosupplements.be\/fr\/wp-json\/wp\/v2\/product\/285369","targetHints":{"allow":["GET"]}}],"collection":[{"href":"https:\/\/ecosupplements.be\/fr\/wp-json\/wp\/v2\/product"}],"about":[{"href":"https:\/\/ecosupplements.be\/fr\/wp-json\/wp\/v2\/types\/product"}],"replies":[{"embeddable":true,"href":"https:\/\/ecosupplements.be\/fr\/wp-json\/wp\/v2\/comments?post=285369"}],"wp:featuredmedia":[{"embeddable":true,"href":"https:\/\/ecosupplements.be\/fr\/wp-json\/wp\/v2\/media\/240850"}],"wp:attachment":[{"href":"https:\/\/ecosupplements.be\/fr\/wp-json\/wp\/v2\/media?parent=285369"}],"wp:term":[{"taxonomy":"product_brand","embeddable":true,"href":"https:\/\/ecosupplements.be\/fr\/wp-json\/wp\/v2\/product_brand?post=285369"},{"taxonomy":"product_cat","embeddable":true,"href":"https:\/\/ecosupplements.be\/fr\/wp-json\/wp\/v2\/product_cat?post=285369"},{"taxonomy":"product_tag","embeddable":true,"href":"https:\/\/ecosupplements.be\/fr\/wp-json\/wp\/v2\/product_tag?post=285369"}],"curies":[{"name":"wp","href":"https:\/\/api.w.org\/{rel}","templated":true}]}}