{"id":285387,"date":"2022-06-28T10:24:07","date_gmt":"2022-06-28T09:24:07","guid":{"rendered":"https:\/\/ecosupplements.be\/product\/hmb-poudre-90g\/"},"modified":"2025-08-27T13:50:21","modified_gmt":"2025-08-27T12:50:21","slug":"hmb-poudre-90g","status":"publish","type":"product","link":"https:\/\/ecosupplements.be\/fr\/produit\/hmb-poudre-90g\/","title":{"rendered":"HMB, Poudre &#8211; 90g"},"content":{"rendered":"<h1>HMB, Powder &#8211; 90g<\/h1>\n<p>Le HMB, Powder de \u2062la \u200dmarque NOW Foods est un compl\u00e9ment \u200dalimentaire de haute qualit\u00e9 qui fournit une dose puissante de HMB (beta-hydroxy beta-methylbutyrate) \u200bsous forme de poudre. Le HMB est un m\u00e9tabolite\u200c de l&#8217;acide amin\u00e9\u200b leucine, \u2062qui\u2064 est un acide amin\u00e9 essentiel pour la croissance et\u200c la r\u00e9paration musculaire. Le HMB est \u2064\u00e9galement connu pour ses propri\u00e9t\u00e9s anti-cataboliques, \u200bce qui signifie qu&#8217;il \u2064peut aider \u00e0\u200b pr\u00e9venir la d\u00e9gradation musculaire et \u00e0 \u2064favoriser la croissance\u2062 musculaire maigre.<\/p>\n<h2>Ingr\u00e9dients<\/h2>\n<ul>\n<li>HMB (beta-hydroxy beta-methylbutyrate)<\/li>\n<li>Acide citrique<\/li>\n<li>Ar\u00f4me naturel de citron<\/li>\n<li>St\u00e9via<\/li>\n<\/ul>\n<p>Ce produit ne contient pas de bl\u00e9, de gluten, de soja, de lait, d&#8217;oeufs, de\u200b poisson, \u200bde crustac\u00e9s \u2064ou de fruits \u00e0 coque. \u2063Il est \u00e9galement sans OGM\u200c et\u200b convient aux\u200d v\u00e9g\u00e9tariens\u200d et aux v\u00e9g\u00e9taliens.<\/p>\n<h2>Avantages \u2062uniques<\/h2>\n<ul>\n<li>Formule hautement concentr\u00e9e en HMB<\/li>\n<li>Facile \u00e0 m\u00e9langer et \u00e0 consommer<\/li>\n<li>Saveur naturelle de citron<\/li>\n<li>Sans ingr\u00e9dients artificiels ou allerg\u00e8nes courants<\/li>\n<li>Convient aux v\u00e9g\u00e9tariens et aux v\u00e9g\u00e9taliens<\/li>\n<\/ul>\n<h2>Utilisation sugg\u00e9r\u00e9e<\/h2>\n<p>M\u00e9langer 1\/4 de\u200c cuill\u00e8re \u00e0 caf\u00e9 (environ 1 gramme) de\u2064 poudre avec de l&#8217;eau ou votre boisson pr\u00e9f\u00e9r\u00e9e. Prendre 1 \u00e0 2\u2062 fois par jour,\u200b de pr\u00e9f\u00e9rence\u2064 avec un repas.<\/p>\n<p>Il est recommand\u00e9\u2063 de consulter un professionnel de \u2062la \u200bsant\u00e9\u2064 avant de\u2062 commencer\u200c tout nouveau \u2064suppl\u00e9ment, \u2062en particulier si vous \u00eates enceinte, allaitez, \u200bprenez\u2064 des m\u00e9dicaments ou si vous avez des probl\u00e8mes de sant\u00e9.<\/p>\n<p>Conserver dans un endroit frais et sec \u200bapr\u00e8s ouverture.<\/p>\n<h2>Avertissement<\/h2>\n<p>Les compl\u00e9ments\u2062 alimentaires ne doivent pas \u00eatre utilis\u00e9s comme substitut \u00e0 une alimentation \u00e9quilibr\u00e9e et vari\u00e9e et \u00e0 un mode de vie sain. Tenir hors de port\u00e9e des enfants.<\/p>\n<p>Ne pas d\u00e9passer\u200b la dose recommand\u00e9e. Consultez un professionnel de la sant\u00e9 si vous ressentez des\u2062 effets ind\u00e9sirables.<\/p>\n<p>En cas\u2064 de r\u00e9action allergique, cesser l&#8217;utilisation et consulter\u200c un m\u00e9decin.<\/p>\n<p>En tant\u2063 que \u200ccompl\u00e9ment alimentaire, ce produit est destin\u00e9 aux adultes en\u2064 bonne sant\u00e9 de plus de 18 ans.<\/p>\n<p>Pour de meilleurs r\u00e9sultats, combinez \u200cavec un r\u00e9gime alimentaire \u00e9quilibr\u00e9 \u200bet\u2064 un \u200dprogramme d&#8217;exercice r\u00e9gulier.<\/p>\n<p>Le HMB, Powder de NOW \u2062Foods est un\u200d excellent choix pour les personnes qui\u2062 cherchent \u00e0 am\u00e9liorer leur r\u00e9cup\u00e9ration musculaire, \u00e0 pr\u00e9venir la d\u00e9gradation musculaire et\u2063 \u00e0 favoriser\u2062 la croissance \u2062musculaire maigre. Essayez-le d\u00e8s aujourd&#8217;hui\u2062 et d\u00e9couvrez \u200bles \u200cavantages \u2063uniques \u2062du HMB pour votre \u200dcorps et\u2062 votre sant\u00e9.<\/p>\n","protected":false},"excerpt":{"rendered":"<p>HMB, Powder &#8211; 90g Le HMB, Powder de \u2062la \u200dmarque NOW Foods est un compl\u00e9ment \u200dalimentaire de haute qualit\u00e9 qui fournit une dose puissante de HMB (beta-hydroxy beta-methylbutyrate) \u200bsous forme de poudre. Le HMB est un m\u00e9tabolite\u200c de l&#8217;acide amin\u00e9\u200b leucine, \u2062qui\u2064 est un acide amin\u00e9 essentiel pour la croissance et\u200c la r\u00e9paration musculaire. Le [&#8230;]\n","protected":false},"featured_media":250976,"comment_status":"open","ping_status":"open","template":"","meta":[],"product_brand":[4733,4734],"product_cat":[5067,5054,5055,5052,5053],"product_tag":[],"class_list":{"0":"post-285387","1":"product","2":"type-product","3":"status-publish","4":"has-post-thumbnail","6":"product_brand-now-foods-2","7":"product_brand-nownow-foods-2","8":"product_cat-acides-amines-et-bcaa","9":"product_cat-nourriture-saine","10":"product_cat-produits-vegetaliens","11":"product_cat-sante-et-bien-etre","12":"product_cat-vitamines-et-mineraux","14":"first","15":"instock","16":"taxable","17":"shipping-taxable","18":"purchasable","19":"product-type-simple"},"yoast_head":"<!-- This site is optimized with the Yoast SEO Premium plugin v27.3 (Yoast SEO v27.3) - https:\/\/yoast.com\/product\/yoast-seo-premium-wordpress\/ -->\n<title>HMB, Poudre - 90g - ECO Supplements<\/title>\n<meta name=\"description\" content=\"Wij hebben een ruime keuze aan producten van HMB, Poudre - 90g . Winkel bij Eco Supplements altijd gratis verzending boven 100\u20ac\" \/>\n<meta name=\"robots\" content=\"index, follow, max-snippet:-1, max-image-preview:large, max-video-preview:-1\" \/>\n<link rel=\"canonical\" href=\"https:\/\/ecosupplements.be\/fr\/produit\/hmb-poudre-90g\/\" \/>\n<meta property=\"og:locale\" content=\"fr_FR\" \/>\n<meta property=\"og:type\" content=\"article\" \/>\n<meta property=\"og:title\" content=\"HMB, Poudre - 90g\" \/>\n<meta property=\"og:description\" content=\"Wij hebben een ruime keuze aan producten van HMB, Poudre - 90g . Winkel bij Eco Supplements altijd gratis verzending boven 100\u20ac\" \/>\n<meta property=\"og:url\" content=\"https:\/\/ecosupplements.be\/fr\/produit\/hmb-poudre-90g\/\" \/>\n<meta property=\"og:site_name\" content=\"ECO Supplements\" \/>\n<meta property=\"article:modified_time\" content=\"2025-08-27T12:50:21+00:00\" \/>\n<meta property=\"og:image\" content=\"https:\/\/ecosupplements.be\/wp-content\/uploads\/2025\/08\/HMB-Powder-90g.jpg\" \/>\n\t<meta property=\"og:image:width\" content=\"374\" \/>\n\t<meta property=\"og:image:height\" content=\"704\" \/>\n\t<meta property=\"og:image:type\" content=\"image\/jpeg\" \/>\n<meta name=\"twitter:card\" content=\"summary_large_image\" \/>\n<meta name=\"twitter:label1\" content=\"Prix\" \/>\n\t<meta name=\"twitter:data1\" content=\"37.42&nbsp;&euro;\" \/>\n\t<meta name=\"twitter:label2\" content=\"Disponibilit\u00e9\" \/>\n\t<meta name=\"twitter:data2\" content=\"En stock\" \/>\n<script type=\"application\/ld+json\" class=\"yoast-schema-graph\">{\"@context\":\"https:\\\/\\\/schema.org\",\"@graph\":[{\"@type\":[\"WebPage\",\"ItemPage\"],\"@id\":\"https:\\\/\\\/ecosupplements.be\\\/fr\\\/produit\\\/hmb-poudre-90g\\\/\",\"url\":\"https:\\\/\\\/ecosupplements.be\\\/fr\\\/produit\\\/hmb-poudre-90g\\\/\",\"name\":\"HMB, Poudre - 90g - ECO Supplements\",\"isPartOf\":{\"@id\":\"https:\\\/\\\/ecosupplements.be\\\/fr\\\/#website\"},\"primaryImageOfPage\":{\"@id\":\"https:\\\/\\\/ecosupplements.be\\\/fr\\\/produit\\\/hmb-poudre-90g\\\/#primaryimage\"},\"image\":{\"@id\":\"https:\\\/\\\/ecosupplements.be\\\/fr\\\/produit\\\/hmb-poudre-90g\\\/#primaryimage\"},\"thumbnailUrl\":\"https:\\\/\\\/ecosupplements.be\\\/wp-content\\\/uploads\\\/2025\\\/08\\\/NOW-Foods-HMB-Powder-90-grams.jpg\",\"datePublished\":\"2022-06-28T09:24:07+00:00\",\"dateModified\":\"2025-08-27T12:50:21+00:00\",\"description\":\"Wij hebben een ruime keuze aan producten van HMB, Poudre - 90g . Winkel bij Eco Supplements altijd gratis verzending boven 100\u20ac\",\"breadcrumb\":{\"@id\":\"https:\\\/\\\/ecosupplements.be\\\/fr\\\/produit\\\/hmb-poudre-90g\\\/#breadcrumb\"},\"inLanguage\":\"fr-FR\",\"potentialAction\":[{\"@type\":\"ReadAction\",\"target\":[\"https:\\\/\\\/ecosupplements.be\\\/fr\\\/produit\\\/hmb-poudre-90g\\\/\"]}]},{\"@type\":\"ImageObject\",\"inLanguage\":\"fr-FR\",\"@id\":\"https:\\\/\\\/ecosupplements.be\\\/fr\\\/produit\\\/hmb-poudre-90g\\\/#primaryimage\",\"url\":\"https:\\\/\\\/ecosupplements.be\\\/wp-content\\\/uploads\\\/2025\\\/08\\\/NOW-Foods-HMB-Powder-90-grams.jpg\",\"contentUrl\":\"https:\\\/\\\/ecosupplements.be\\\/wp-content\\\/uploads\\\/2025\\\/08\\\/NOW-Foods-HMB-Powder-90-grams.jpg\",\"width\":750,\"height\":750},{\"@type\":\"BreadcrumbList\",\"@id\":\"https:\\\/\\\/ecosupplements.be\\\/fr\\\/produit\\\/hmb-poudre-90g\\\/#breadcrumb\",\"itemListElement\":[{\"@type\":\"ListItem\",\"position\":1,\"name\":\"Home\",\"item\":\"https:\\\/\\\/ecosupplements.be\\\/fr\\\/\"},{\"@type\":\"ListItem\",\"position\":2,\"name\":\"Boutique\",\"item\":\"https:\\\/\\\/ecosupplements.be\\\/fr\\\/boutique\\\/\"},{\"@type\":\"ListItem\",\"position\":3,\"name\":\"HMB, Poudre &#8211; 90g\"}]},{\"@type\":\"WebSite\",\"@id\":\"https:\\\/\\\/ecosupplements.be\\\/fr\\\/#website\",\"url\":\"https:\\\/\\\/ecosupplements.be\\\/fr\\\/\",\"name\":\"ECO Supplements\",\"description\":\"Eco Supplements - Gezonde supplementen\",\"publisher\":{\"@id\":\"https:\\\/\\\/ecosupplements.be\\\/fr\\\/#organization\"},\"potentialAction\":[{\"@type\":\"SearchAction\",\"target\":{\"@type\":\"EntryPoint\",\"urlTemplate\":\"https:\\\/\\\/ecosupplements.be\\\/fr\\\/?s={search_term_string}\"},\"query-input\":{\"@type\":\"PropertyValueSpecification\",\"valueRequired\":true,\"valueName\":\"search_term_string\"}}],\"inLanguage\":\"fr-FR\"},{\"@type\":\"Organization\",\"@id\":\"https:\\\/\\\/ecosupplements.be\\\/fr\\\/#organization\",\"name\":\"Eco Supplements\",\"url\":\"https:\\\/\\\/ecosupplements.be\\\/fr\\\/\",\"logo\":{\"@type\":\"ImageObject\",\"inLanguage\":\"fr-FR\",\"@id\":\"https:\\\/\\\/ecosupplements.be\\\/fr\\\/#\\\/schema\\\/logo\\\/image\\\/\",\"url\":\"https:\\\/\\\/ecosupplements.be\\\/wp-content\\\/uploads\\\/2022\\\/06\\\/ecosupplement-family.png\",\"contentUrl\":\"https:\\\/\\\/ecosupplements.be\\\/wp-content\\\/uploads\\\/2022\\\/06\\\/ecosupplement-family.png\",\"width\":593,\"height\":374,\"caption\":\"Eco Supplements\"},\"image\":{\"@id\":\"https:\\\/\\\/ecosupplements.be\\\/fr\\\/#\\\/schema\\\/logo\\\/image\\\/\"}}]}<\/script>\n<meta property=\"product:brand\" content=\"NOW Foods\" \/>\n<meta property=\"product:price:amount\" content=\"37.42\" \/>\n<meta property=\"product:price:currency\" content=\"EUR\" \/>\n<meta property=\"og:availability\" content=\"instock\" \/>\n<meta property=\"product:availability\" content=\"instock\" \/>\n<meta property=\"product:retailer_item_id\" content=\"733739020574\" \/>\n<meta property=\"product:condition\" content=\"new\" \/>\n<!-- \/ Yoast SEO Premium plugin. -->","yoast_head_json":{"title":"HMB, Poudre - 90g - ECO Supplements","description":"Wij hebben een ruime keuze aan producten van HMB, Poudre - 90g . Winkel bij Eco Supplements altijd gratis verzending boven 100\u20ac","robots":{"index":"index","follow":"follow","max-snippet":"max-snippet:-1","max-image-preview":"max-image-preview:large","max-video-preview":"max-video-preview:-1"},"canonical":"https:\/\/ecosupplements.be\/fr\/produit\/hmb-poudre-90g\/","og_locale":"fr_FR","og_type":"article","og_title":"HMB, Poudre - 90g","og_description":"Wij hebben een ruime keuze aan producten van HMB, Poudre - 90g . Winkel bij Eco Supplements altijd gratis verzending boven 100\u20ac","og_url":"https:\/\/ecosupplements.be\/fr\/produit\/hmb-poudre-90g\/","og_site_name":"ECO Supplements","article_modified_time":"2025-08-27T12:50:21+00:00","og_image":[{"width":374,"height":704,"url":"https:\/\/ecosupplements.be\/wp-content\/uploads\/2025\/08\/HMB-Powder-90g.jpg","type":"image\/jpeg"}],"twitter_card":"summary_large_image","twitter_misc":{"Prix":"37.42&nbsp;&euro;","Disponibilit\u00e9":"En stock"},"schema":{"@context":"https:\/\/schema.org","@graph":[{"@type":["WebPage","ItemPage"],"@id":"https:\/\/ecosupplements.be\/fr\/produit\/hmb-poudre-90g\/","url":"https:\/\/ecosupplements.be\/fr\/produit\/hmb-poudre-90g\/","name":"HMB, Poudre - 90g - ECO Supplements","isPartOf":{"@id":"https:\/\/ecosupplements.be\/fr\/#website"},"primaryImageOfPage":{"@id":"https:\/\/ecosupplements.be\/fr\/produit\/hmb-poudre-90g\/#primaryimage"},"image":{"@id":"https:\/\/ecosupplements.be\/fr\/produit\/hmb-poudre-90g\/#primaryimage"},"thumbnailUrl":"https:\/\/ecosupplements.be\/wp-content\/uploads\/2025\/08\/NOW-Foods-HMB-Powder-90-grams.jpg","datePublished":"2022-06-28T09:24:07+00:00","dateModified":"2025-08-27T12:50:21+00:00","description":"Wij hebben een ruime keuze aan producten van HMB, Poudre - 90g . Winkel bij Eco Supplements altijd gratis verzending boven 100\u20ac","breadcrumb":{"@id":"https:\/\/ecosupplements.be\/fr\/produit\/hmb-poudre-90g\/#breadcrumb"},"inLanguage":"fr-FR","potentialAction":[{"@type":"ReadAction","target":["https:\/\/ecosupplements.be\/fr\/produit\/hmb-poudre-90g\/"]}]},{"@type":"ImageObject","inLanguage":"fr-FR","@id":"https:\/\/ecosupplements.be\/fr\/produit\/hmb-poudre-90g\/#primaryimage","url":"https:\/\/ecosupplements.be\/wp-content\/uploads\/2025\/08\/NOW-Foods-HMB-Powder-90-grams.jpg","contentUrl":"https:\/\/ecosupplements.be\/wp-content\/uploads\/2025\/08\/NOW-Foods-HMB-Powder-90-grams.jpg","width":750,"height":750},{"@type":"BreadcrumbList","@id":"https:\/\/ecosupplements.be\/fr\/produit\/hmb-poudre-90g\/#breadcrumb","itemListElement":[{"@type":"ListItem","position":1,"name":"Home","item":"https:\/\/ecosupplements.be\/fr\/"},{"@type":"ListItem","position":2,"name":"Boutique","item":"https:\/\/ecosupplements.be\/fr\/boutique\/"},{"@type":"ListItem","position":3,"name":"HMB, Poudre &#8211; 90g"}]},{"@type":"WebSite","@id":"https:\/\/ecosupplements.be\/fr\/#website","url":"https:\/\/ecosupplements.be\/fr\/","name":"ECO Supplements","description":"Eco Supplements - Gezonde supplementen","publisher":{"@id":"https:\/\/ecosupplements.be\/fr\/#organization"},"potentialAction":[{"@type":"SearchAction","target":{"@type":"EntryPoint","urlTemplate":"https:\/\/ecosupplements.be\/fr\/?s={search_term_string}"},"query-input":{"@type":"PropertyValueSpecification","valueRequired":true,"valueName":"search_term_string"}}],"inLanguage":"fr-FR"},{"@type":"Organization","@id":"https:\/\/ecosupplements.be\/fr\/#organization","name":"Eco Supplements","url":"https:\/\/ecosupplements.be\/fr\/","logo":{"@type":"ImageObject","inLanguage":"fr-FR","@id":"https:\/\/ecosupplements.be\/fr\/#\/schema\/logo\/image\/","url":"https:\/\/ecosupplements.be\/wp-content\/uploads\/2022\/06\/ecosupplement-family.png","contentUrl":"https:\/\/ecosupplements.be\/wp-content\/uploads\/2022\/06\/ecosupplement-family.png","width":593,"height":374,"caption":"Eco Supplements"},"image":{"@id":"https:\/\/ecosupplements.be\/fr\/#\/schema\/logo\/image\/"}}]},"product_brand":"NOW Foods","product_price_amount":"37.42","product_price_currency":"EUR","og_availability":"instock","product_availability":"instock","product_retailer_item_id":"733739020574","product_condition":"new"},"_links":{"self":[{"href":"https:\/\/ecosupplements.be\/fr\/wp-json\/wp\/v2\/product\/285387","targetHints":{"allow":["GET"]}}],"collection":[{"href":"https:\/\/ecosupplements.be\/fr\/wp-json\/wp\/v2\/product"}],"about":[{"href":"https:\/\/ecosupplements.be\/fr\/wp-json\/wp\/v2\/types\/product"}],"replies":[{"embeddable":true,"href":"https:\/\/ecosupplements.be\/fr\/wp-json\/wp\/v2\/comments?post=285387"}],"wp:featuredmedia":[{"embeddable":true,"href":"https:\/\/ecosupplements.be\/fr\/wp-json\/wp\/v2\/media\/250976"}],"wp:attachment":[{"href":"https:\/\/ecosupplements.be\/fr\/wp-json\/wp\/v2\/media?parent=285387"}],"wp:term":[{"taxonomy":"product_brand","embeddable":true,"href":"https:\/\/ecosupplements.be\/fr\/wp-json\/wp\/v2\/product_brand?post=285387"},{"taxonomy":"product_cat","embeddable":true,"href":"https:\/\/ecosupplements.be\/fr\/wp-json\/wp\/v2\/product_cat?post=285387"},{"taxonomy":"product_tag","embeddable":true,"href":"https:\/\/ecosupplements.be\/fr\/wp-json\/wp\/v2\/product_tag?post=285387"}],"curies":[{"name":"wp","href":"https:\/\/api.w.org\/{rel}","templated":true}]}}