{"id":285417,"date":"2022-10-19T12:28:44","date_gmt":"2022-10-19T11:28:44","guid":{"rendered":"https:\/\/ecosupplements.be\/product\/ashwagandha-extra-400mg-60-capsules-vegetales\/"},"modified":"2025-08-27T13:50:50","modified_gmt":"2025-08-27T12:50:50","slug":"ashwagandha-extra-400mg-60-capsules-vegetales","status":"publish","type":"product","link":"https:\/\/ecosupplements.be\/fr\/produit\/ashwagandha-extra-400mg-60-capsules-vegetales\/","title":{"rendered":"Ashwagandha Extra, 400mg &#8211; 60 capsules v\u00e9g\u00e9tales"},"content":{"rendered":"<h1>Ashwagandha Extra, 400mg\u200c -\u2062 60 vegan\u200d caps<\/h1>\n<p>D\u00e9couvrez les bienfaits de l&#8217;Ashwagandha Extra, une \u200dformule puissante et naturelle pour am\u00e9liorer\u200d votre bien-\u00eatre et votre sant\u00e9\u2064 globale. Ces capsules v\u00e9g\u00e9taliennes contiennent 400mg d&#8217;Ashwagandha, une plante\u2064 adaptog\u00e8ne utilis\u00e9e depuis \u2064des si\u00e8cles \u2063dans la m\u00e9decine ayurv\u00e9dique \u200cpour ses\u200c propri\u00e9t\u00e9s \u200dm\u00e9dicinales.<\/p>\n<h2>Caract\u00e9ristiques\u2062 sp\u00e9ciales:<\/h2>\n<ul>\n<li>Formule puissante et naturelle<\/li>\n<li>Contient 400mg\u200b d&#8217;Ashwagandha par \u200bcapsule<\/li>\n<li>Capsules v\u00e9g\u00e9taliennes<\/li>\n<li>Utilis\u00e9 depuis des si\u00e8cles dans la m\u00e9decine ayurv\u00e9dique<\/li>\n<li>Adaptog\u00e8ne pour aider \u00e0 g\u00e9rer le stress et \u2062l&#8217;anxi\u00e9t\u00e9<\/li>\n<li>Renforce le\u2062 syst\u00e8me\u2064 immunitaire<\/li>\n<li>Am\u00e9liore la qualit\u00e9 \u200bdu sommeil<\/li>\n<li>Augmente l&#8217;\u00e9nergie et la vitalit\u00e9<\/li>\n<\/ul>\n<h2>Ingr\u00e9dients:<\/h2>\n<p>Chaque capsule contient\u200b 400mg d&#8217;extrait d&#8217;Ashwagandha (Withania\u2063 somnifera) de haute qualit\u00e9, sans additifs ni conservateurs. Les capsules sont\u2064 v\u00e9g\u00e9taliennes et ne contiennent aucun ingr\u00e9dient d&#8217;origine\u2064 animale.<\/p>\n<h2>Avantages uniques:<\/h2>\n<p>L&#8217;Ashwagandha Extra est un compl\u00e9ment alimentaire polyvalent qui peut aider \u00e0\u2064 am\u00e9liorer votre sant\u00e9 physique et mentale.\u200d En plus de ses\u200c propri\u00e9t\u00e9s adaptog\u00e8nes pour g\u00e9rer le\u2064 stress et l&#8217;anxi\u00e9t\u00e9, il renforce \u00e9galement le syst\u00e8me immunitaire, am\u00e9liore la \u2064qualit\u00e9 du sommeil et augmente l&#8217;\u00e9nergie \u2062et \u200bla vitalit\u00e9. \u2062Il peut \u00e9galement \u00eatre b\u00e9n\u00e9fique pour les personnes souffrant de fatigue chronique, de d\u00e9pression ou\u2064 de troubles cognitifs.<\/p>\n<h2>Principales \u200dcaract\u00e9ristiques:<\/h2>\n<ul>\n<li>Formule puissante et \u2062naturelle \u2062pour am\u00e9liorer le bien-\u00eatre et la sant\u00e9 globale<\/li>\n<li>Contient 400mg d&#8217;Ashwagandha par capsule<\/li>\n<li>Capsules v\u00e9g\u00e9taliennes sans ingr\u00e9dients d&#8217;origine animale<\/li>\n<li>Utilis\u00e9 depuis \u200ddes si\u00e8cles\u200c dans la m\u00e9decine \u200cayurv\u00e9dique<\/li>\n<li>Adaptog\u00e8ne pour aider \u00e0 \u200cg\u00e9rer le stress et \u2062l&#8217;anxi\u00e9t\u00e9<\/li>\n<li>Renforce le\u200b syst\u00e8me immunitaire<\/li>\n<li>Am\u00e9liore la qualit\u00e9 du\u200c sommeil<\/li>\n<li>Augmente l&#8217;\u00e9nergie et la vitalit\u00e9<\/li>\n<\/ul>\n<p>Am\u00e9liorez votre bien-\u00eatre et votre sant\u00e9 \u2064globale avec \u200cl&#8217;Ashwagandha Extra d&#8217;Osavi. Essayez-le d\u00e8s aujourd&#8217;hui et ressentez les bienfaits de \u200ccette plante \u200cadaptog\u00e8ne puissante et\u200b naturelle.<\/p>\n","protected":false},"excerpt":{"rendered":"<p>Ashwagandha Extra, 400mg\u200c -\u2062 60 vegan\u200d caps D\u00e9couvrez les bienfaits de l&#8217;Ashwagandha Extra, une \u200dformule puissante et naturelle pour am\u00e9liorer\u200d votre bien-\u00eatre et votre sant\u00e9\u2064 globale. Ces capsules v\u00e9g\u00e9taliennes contiennent 400mg d&#8217;Ashwagandha, une plante\u2064 adaptog\u00e8ne utilis\u00e9e depuis \u2064des si\u00e8cles \u2063dans la m\u00e9decine ayurv\u00e9dique \u200cpour ses\u200c propri\u00e9t\u00e9s \u200dm\u00e9dicinales. Caract\u00e9ristiques\u2062 sp\u00e9ciales: Formule puissante et naturelle Contient 400mg\u200b [&#8230;]\n","protected":false},"featured_media":261054,"comment_status":"open","ping_status":"open","template":"","meta":[],"product_brand":[4756],"product_cat":[5054,5055,5052],"product_tag":[],"class_list":{"0":"post-285417","1":"product","2":"type-product","3":"status-publish","4":"has-post-thumbnail","6":"product_brand-osavi-2","7":"product_cat-nourriture-saine","8":"product_cat-produits-vegetaliens","9":"product_cat-sante-et-bien-etre","11":"first","12":"instock","13":"taxable","14":"shipping-taxable","15":"purchasable","16":"product-type-simple"},"yoast_head":"<!-- This site is optimized with the Yoast SEO Premium plugin v27.3 (Yoast SEO v27.3) - https:\/\/yoast.com\/product\/yoast-seo-premium-wordpress\/ -->\n<title>Ashwagandha Extra, 400mg - 60 capsules v\u00e9g\u00e9tales - ECO Supplements<\/title>\n<meta name=\"description\" content=\"Wij hebben een ruime keuze aan producten van Ashwagandha Extra, 400mg - 60 capsules v\u00e9g\u00e9tales . Winkel bij Eco Supplements altijd gratis verzending boven 100\u20ac\" \/>\n<meta name=\"robots\" content=\"index, follow, max-snippet:-1, max-image-preview:large, max-video-preview:-1\" \/>\n<link rel=\"canonical\" href=\"https:\/\/ecosupplements.be\/fr\/produit\/ashwagandha-extra-400mg-60-capsules-vegetales\/\" \/>\n<meta property=\"og:locale\" content=\"fr_FR\" \/>\n<meta property=\"og:type\" content=\"article\" \/>\n<meta property=\"og:title\" content=\"Ashwagandha Extra, 400mg - 60 capsules v\u00e9g\u00e9tales\" \/>\n<meta property=\"og:description\" content=\"Wij hebben een ruime keuze aan producten van Ashwagandha Extra, 400mg - 60 capsules v\u00e9g\u00e9tales . Winkel bij Eco Supplements altijd gratis verzending boven 100\u20ac\" \/>\n<meta property=\"og:url\" content=\"https:\/\/ecosupplements.be\/fr\/produit\/ashwagandha-extra-400mg-60-capsules-vegetales\/\" \/>\n<meta property=\"og:site_name\" content=\"ECO Supplements\" \/>\n<meta property=\"article:modified_time\" content=\"2025-08-27T12:50:50+00:00\" \/>\n<meta property=\"og:image\" content=\"https:\/\/ecosupplements.be\/wp-content\/uploads\/2025\/08\/Ashwagandha-Extra-400mg-60-vegan-caps.png\" \/>\n\t<meta property=\"og:image:width\" content=\"565\" \/>\n\t<meta property=\"og:image:height\" content=\"750\" \/>\n\t<meta property=\"og:image:type\" content=\"image\/png\" \/>\n<meta name=\"twitter:card\" content=\"summary_large_image\" \/>\n<meta name=\"twitter:label1\" content=\"Prix\" \/>\n\t<meta name=\"twitter:data1\" content=\"8.30&nbsp;&euro;\" \/>\n\t<meta name=\"twitter:label2\" content=\"Disponibilit\u00e9\" \/>\n\t<meta name=\"twitter:data2\" content=\"En stock\" \/>\n<script type=\"application\/ld+json\" class=\"yoast-schema-graph\">{\"@context\":\"https:\\\/\\\/schema.org\",\"@graph\":[{\"@type\":[\"WebPage\",\"ItemPage\"],\"@id\":\"https:\\\/\\\/ecosupplements.be\\\/fr\\\/produit\\\/ashwagandha-extra-400mg-60-capsules-vegetales\\\/\",\"url\":\"https:\\\/\\\/ecosupplements.be\\\/fr\\\/produit\\\/ashwagandha-extra-400mg-60-capsules-vegetales\\\/\",\"name\":\"Ashwagandha Extra, 400mg - 60 capsules v\u00e9g\u00e9tales - ECO Supplements\",\"isPartOf\":{\"@id\":\"https:\\\/\\\/ecosupplements.be\\\/fr\\\/#website\"},\"primaryImageOfPage\":{\"@id\":\"https:\\\/\\\/ecosupplements.be\\\/fr\\\/produit\\\/ashwagandha-extra-400mg-60-capsules-vegetales\\\/#primaryimage\"},\"image\":{\"@id\":\"https:\\\/\\\/ecosupplements.be\\\/fr\\\/produit\\\/ashwagandha-extra-400mg-60-capsules-vegetales\\\/#primaryimage\"},\"thumbnailUrl\":\"https:\\\/\\\/ecosupplements.be\\\/wp-content\\\/uploads\\\/2025\\\/08\\\/Ashwagandha-Extra-400mg-60-vegan-caps.jpg\",\"datePublished\":\"2022-10-19T11:28:44+00:00\",\"dateModified\":\"2025-08-27T12:50:50+00:00\",\"description\":\"Wij hebben een ruime keuze aan producten van Ashwagandha Extra, 400mg - 60 capsules v\u00e9g\u00e9tales . Winkel bij Eco Supplements altijd gratis verzending boven 100\u20ac\",\"breadcrumb\":{\"@id\":\"https:\\\/\\\/ecosupplements.be\\\/fr\\\/produit\\\/ashwagandha-extra-400mg-60-capsules-vegetales\\\/#breadcrumb\"},\"inLanguage\":\"fr-FR\",\"potentialAction\":[{\"@type\":\"ReadAction\",\"target\":[\"https:\\\/\\\/ecosupplements.be\\\/fr\\\/produit\\\/ashwagandha-extra-400mg-60-capsules-vegetales\\\/\"]}]},{\"@type\":\"ImageObject\",\"inLanguage\":\"fr-FR\",\"@id\":\"https:\\\/\\\/ecosupplements.be\\\/fr\\\/produit\\\/ashwagandha-extra-400mg-60-capsules-vegetales\\\/#primaryimage\",\"url\":\"https:\\\/\\\/ecosupplements.be\\\/wp-content\\\/uploads\\\/2025\\\/08\\\/Ashwagandha-Extra-400mg-60-vegan-caps.jpg\",\"contentUrl\":\"https:\\\/\\\/ecosupplements.be\\\/wp-content\\\/uploads\\\/2025\\\/08\\\/Ashwagandha-Extra-400mg-60-vegan-caps.jpg\",\"width\":634,\"height\":750},{\"@type\":\"BreadcrumbList\",\"@id\":\"https:\\\/\\\/ecosupplements.be\\\/fr\\\/produit\\\/ashwagandha-extra-400mg-60-capsules-vegetales\\\/#breadcrumb\",\"itemListElement\":[{\"@type\":\"ListItem\",\"position\":1,\"name\":\"Home\",\"item\":\"https:\\\/\\\/ecosupplements.be\\\/fr\\\/\"},{\"@type\":\"ListItem\",\"position\":2,\"name\":\"Boutique\",\"item\":\"https:\\\/\\\/ecosupplements.be\\\/fr\\\/boutique\\\/\"},{\"@type\":\"ListItem\",\"position\":3,\"name\":\"Ashwagandha Extra, 400mg &#8211; 60 capsules v\u00e9g\u00e9tales\"}]},{\"@type\":\"WebSite\",\"@id\":\"https:\\\/\\\/ecosupplements.be\\\/fr\\\/#website\",\"url\":\"https:\\\/\\\/ecosupplements.be\\\/fr\\\/\",\"name\":\"ECO Supplements\",\"description\":\"Eco Supplements - Gezonde supplementen\",\"publisher\":{\"@id\":\"https:\\\/\\\/ecosupplements.be\\\/fr\\\/#organization\"},\"potentialAction\":[{\"@type\":\"SearchAction\",\"target\":{\"@type\":\"EntryPoint\",\"urlTemplate\":\"https:\\\/\\\/ecosupplements.be\\\/fr\\\/?s={search_term_string}\"},\"query-input\":{\"@type\":\"PropertyValueSpecification\",\"valueRequired\":true,\"valueName\":\"search_term_string\"}}],\"inLanguage\":\"fr-FR\"},{\"@type\":\"Organization\",\"@id\":\"https:\\\/\\\/ecosupplements.be\\\/fr\\\/#organization\",\"name\":\"Eco Supplements\",\"url\":\"https:\\\/\\\/ecosupplements.be\\\/fr\\\/\",\"logo\":{\"@type\":\"ImageObject\",\"inLanguage\":\"fr-FR\",\"@id\":\"https:\\\/\\\/ecosupplements.be\\\/fr\\\/#\\\/schema\\\/logo\\\/image\\\/\",\"url\":\"https:\\\/\\\/ecosupplements.be\\\/wp-content\\\/uploads\\\/2022\\\/06\\\/ecosupplement-family.png\",\"contentUrl\":\"https:\\\/\\\/ecosupplements.be\\\/wp-content\\\/uploads\\\/2022\\\/06\\\/ecosupplement-family.png\",\"width\":593,\"height\":374,\"caption\":\"Eco Supplements\"},\"image\":{\"@id\":\"https:\\\/\\\/ecosupplements.be\\\/fr\\\/#\\\/schema\\\/logo\\\/image\\\/\"}}]}<\/script>\n<meta property=\"product:brand\" content=\"Osavi\" \/>\n<meta property=\"product:price:amount\" content=\"8.30\" \/>\n<meta property=\"product:price:currency\" content=\"EUR\" \/>\n<meta property=\"og:availability\" content=\"instock\" \/>\n<meta property=\"product:availability\" content=\"instock\" \/>\n<meta property=\"product:retailer_item_id\" content=\"5904139922576\" \/>\n<meta property=\"product:condition\" content=\"new\" \/>\n<!-- \/ Yoast SEO Premium plugin. -->","yoast_head_json":{"title":"Ashwagandha Extra, 400mg - 60 capsules v\u00e9g\u00e9tales - ECO Supplements","description":"Wij hebben een ruime keuze aan producten van Ashwagandha Extra, 400mg - 60 capsules v\u00e9g\u00e9tales . Winkel bij Eco Supplements altijd gratis verzending boven 100\u20ac","robots":{"index":"index","follow":"follow","max-snippet":"max-snippet:-1","max-image-preview":"max-image-preview:large","max-video-preview":"max-video-preview:-1"},"canonical":"https:\/\/ecosupplements.be\/fr\/produit\/ashwagandha-extra-400mg-60-capsules-vegetales\/","og_locale":"fr_FR","og_type":"article","og_title":"Ashwagandha Extra, 400mg - 60 capsules v\u00e9g\u00e9tales","og_description":"Wij hebben een ruime keuze aan producten van Ashwagandha Extra, 400mg - 60 capsules v\u00e9g\u00e9tales . Winkel bij Eco Supplements altijd gratis verzending boven 100\u20ac","og_url":"https:\/\/ecosupplements.be\/fr\/produit\/ashwagandha-extra-400mg-60-capsules-vegetales\/","og_site_name":"ECO Supplements","article_modified_time":"2025-08-27T12:50:50+00:00","og_image":[{"width":565,"height":750,"url":"https:\/\/ecosupplements.be\/wp-content\/uploads\/2025\/08\/Ashwagandha-Extra-400mg-60-vegan-caps.png","type":"image\/png"}],"twitter_card":"summary_large_image","twitter_misc":{"Prix":"8.30&nbsp;&euro;","Disponibilit\u00e9":"En stock"},"schema":{"@context":"https:\/\/schema.org","@graph":[{"@type":["WebPage","ItemPage"],"@id":"https:\/\/ecosupplements.be\/fr\/produit\/ashwagandha-extra-400mg-60-capsules-vegetales\/","url":"https:\/\/ecosupplements.be\/fr\/produit\/ashwagandha-extra-400mg-60-capsules-vegetales\/","name":"Ashwagandha Extra, 400mg - 60 capsules v\u00e9g\u00e9tales - ECO Supplements","isPartOf":{"@id":"https:\/\/ecosupplements.be\/fr\/#website"},"primaryImageOfPage":{"@id":"https:\/\/ecosupplements.be\/fr\/produit\/ashwagandha-extra-400mg-60-capsules-vegetales\/#primaryimage"},"image":{"@id":"https:\/\/ecosupplements.be\/fr\/produit\/ashwagandha-extra-400mg-60-capsules-vegetales\/#primaryimage"},"thumbnailUrl":"https:\/\/ecosupplements.be\/wp-content\/uploads\/2025\/08\/Ashwagandha-Extra-400mg-60-vegan-caps.jpg","datePublished":"2022-10-19T11:28:44+00:00","dateModified":"2025-08-27T12:50:50+00:00","description":"Wij hebben een ruime keuze aan producten van Ashwagandha Extra, 400mg - 60 capsules v\u00e9g\u00e9tales . Winkel bij Eco Supplements altijd gratis verzending boven 100\u20ac","breadcrumb":{"@id":"https:\/\/ecosupplements.be\/fr\/produit\/ashwagandha-extra-400mg-60-capsules-vegetales\/#breadcrumb"},"inLanguage":"fr-FR","potentialAction":[{"@type":"ReadAction","target":["https:\/\/ecosupplements.be\/fr\/produit\/ashwagandha-extra-400mg-60-capsules-vegetales\/"]}]},{"@type":"ImageObject","inLanguage":"fr-FR","@id":"https:\/\/ecosupplements.be\/fr\/produit\/ashwagandha-extra-400mg-60-capsules-vegetales\/#primaryimage","url":"https:\/\/ecosupplements.be\/wp-content\/uploads\/2025\/08\/Ashwagandha-Extra-400mg-60-vegan-caps.jpg","contentUrl":"https:\/\/ecosupplements.be\/wp-content\/uploads\/2025\/08\/Ashwagandha-Extra-400mg-60-vegan-caps.jpg","width":634,"height":750},{"@type":"BreadcrumbList","@id":"https:\/\/ecosupplements.be\/fr\/produit\/ashwagandha-extra-400mg-60-capsules-vegetales\/#breadcrumb","itemListElement":[{"@type":"ListItem","position":1,"name":"Home","item":"https:\/\/ecosupplements.be\/fr\/"},{"@type":"ListItem","position":2,"name":"Boutique","item":"https:\/\/ecosupplements.be\/fr\/boutique\/"},{"@type":"ListItem","position":3,"name":"Ashwagandha Extra, 400mg &#8211; 60 capsules v\u00e9g\u00e9tales"}]},{"@type":"WebSite","@id":"https:\/\/ecosupplements.be\/fr\/#website","url":"https:\/\/ecosupplements.be\/fr\/","name":"ECO Supplements","description":"Eco Supplements - Gezonde supplementen","publisher":{"@id":"https:\/\/ecosupplements.be\/fr\/#organization"},"potentialAction":[{"@type":"SearchAction","target":{"@type":"EntryPoint","urlTemplate":"https:\/\/ecosupplements.be\/fr\/?s={search_term_string}"},"query-input":{"@type":"PropertyValueSpecification","valueRequired":true,"valueName":"search_term_string"}}],"inLanguage":"fr-FR"},{"@type":"Organization","@id":"https:\/\/ecosupplements.be\/fr\/#organization","name":"Eco Supplements","url":"https:\/\/ecosupplements.be\/fr\/","logo":{"@type":"ImageObject","inLanguage":"fr-FR","@id":"https:\/\/ecosupplements.be\/fr\/#\/schema\/logo\/image\/","url":"https:\/\/ecosupplements.be\/wp-content\/uploads\/2022\/06\/ecosupplement-family.png","contentUrl":"https:\/\/ecosupplements.be\/wp-content\/uploads\/2022\/06\/ecosupplement-family.png","width":593,"height":374,"caption":"Eco Supplements"},"image":{"@id":"https:\/\/ecosupplements.be\/fr\/#\/schema\/logo\/image\/"}}]},"product_brand":"Osavi","product_price_amount":"8.30","product_price_currency":"EUR","og_availability":"instock","product_availability":"instock","product_retailer_item_id":"5904139922576","product_condition":"new"},"_links":{"self":[{"href":"https:\/\/ecosupplements.be\/fr\/wp-json\/wp\/v2\/product\/285417","targetHints":{"allow":["GET"]}}],"collection":[{"href":"https:\/\/ecosupplements.be\/fr\/wp-json\/wp\/v2\/product"}],"about":[{"href":"https:\/\/ecosupplements.be\/fr\/wp-json\/wp\/v2\/types\/product"}],"replies":[{"embeddable":true,"href":"https:\/\/ecosupplements.be\/fr\/wp-json\/wp\/v2\/comments?post=285417"}],"wp:featuredmedia":[{"embeddable":true,"href":"https:\/\/ecosupplements.be\/fr\/wp-json\/wp\/v2\/media\/261054"}],"wp:attachment":[{"href":"https:\/\/ecosupplements.be\/fr\/wp-json\/wp\/v2\/media?parent=285417"}],"wp:term":[{"taxonomy":"product_brand","embeddable":true,"href":"https:\/\/ecosupplements.be\/fr\/wp-json\/wp\/v2\/product_brand?post=285417"},{"taxonomy":"product_cat","embeddable":true,"href":"https:\/\/ecosupplements.be\/fr\/wp-json\/wp\/v2\/product_cat?post=285417"},{"taxonomy":"product_tag","embeddable":true,"href":"https:\/\/ecosupplements.be\/fr\/wp-json\/wp\/v2\/product_tag?post=285417"}],"curies":[{"name":"wp","href":"https:\/\/api.w.org\/{rel}","templated":true}]}}