{"id":285447,"date":"2024-03-06T22:40:16","date_gmt":"2024-03-06T21:40:16","guid":{"rendered":"https:\/\/ecosupplements.be\/product\/poudre-de-citrate-de-magnesium-b6-250g\/"},"modified":"2025-08-27T13:51:15","modified_gmt":"2025-08-27T12:51:15","slug":"poudre-de-citrate-de-magnesium-b6-250g","status":"publish","type":"product","link":"https:\/\/ecosupplements.be\/fr\/produit\/poudre-de-citrate-de-magnesium-b6-250g\/","title":{"rendered":"Poudre de Citrate de Magn\u00e9sium + B6 &#8211; 250g"},"content":{"rendered":"<h1>Magnesium Citrate + B6 Powder &#8211; 250g<\/h1>\n<p>Le Magnesium \u200cCitrate + B6 Powder de la \u2064marque Osavi \u200cest un compl\u00e9ment alimentaire hautement efficace pour maintenir un \u00e9quilibre sain de magn\u00e9sium et de vitamine B6 dans votre corps. Ce produit\u2062 est \u2064fabriqu\u00e9 en Pologne avec des ingr\u00e9dients de haute\u2063 qualit\u00e9 et est\u200b con\u00e7u pour r\u00e9pondre aux \u2063besoins\u2064 nutritionnels de votre corps.<\/p>\n<h2>Caract\u00e9ristiques sp\u00e9ciales<\/h2>\n<ul>\n<li>Contient \u2062du magn\u00e9sium et de la\u200d vitamine B6\u200b pour \u2063un \u2062soutien nutritionnel\u200c complet<\/li>\n<li>Formule en poudre facile \u00e0 m\u00e9langer \u2064et \u00e0 consommer<\/li>\n<li>Haute biodisponibilit\u00e9 pour une absorption optimale<\/li>\n<li>Sans gluten, sans lactose \u200cet sans OGM<\/li>\n<\/ul>\n<h2>Ingr\u00e9dients\u200c cl\u00e9s<\/h2>\n<p>Ce \u200dproduit \u200dcontient du magn\u00e9sium citrate et \u2063de la vitamine B6, deux nutriments essentiels pour le bon fonctionnement de votre corps. Le magn\u00e9sium est un\u200c min\u00e9ral important qui joue un r\u00f4le \u2064dans plus de 300 r\u00e9actions enzymatiques dans le corps, tandis que \u2064la vitamine\u2062 B6 est n\u00e9cessaire pour la production d&#8217;\u00e9nergie et \u2062le m\u00e9tabolisme des prot\u00e9ines.<\/p>\n<h2>Avantages uniques<\/h2>\n<ul>\n<li>Aide \u00e0 maintenir un \u00e9quilibre sain de magn\u00e9sium et de \u2062vitamine \u2063B6 dans le corps<\/li>\n<li>Contribue \u00e0 \u2064la production d&#8217;\u00e9nergie \u2064et au\u200b m\u00e9tabolisme des \u2062prot\u00e9ines<\/li>\n<li>Peut aider \u00e0 \u200dr\u00e9duire la fatigue et l&#8217;\u00e9puisement<\/li>\n<li>Renforce le syst\u00e8me immunitaire et \u200dsoutient la sant\u00e9 cardiovasculaire<\/li>\n<\/ul>\n<h2>Mode d&#8217;emploi<\/h2>\n<p>M\u00e9langez une cuill\u00e8re \u200d\u00e0 \u2062caf\u00e9\u2063 de poudre dans un \u2064verre \u200bd&#8217;eau ou de jus\u200c de fruit et consommez une fois par jour. Vous pouvez \u00e9galement \u200bajouter\u2063 cette poudre \u00e0 vos smoothies ou \u00e0 vos\u200d recettes de cuisine pour\u200c une dose \u2064suppl\u00e9mentaire de\u200c magn\u00e9sium et de vitamine B6.<\/p>\n<h2>Origine<\/h2>\n<p>Ce produit est fabriqu\u00e9 en Pologne,\u2063 dans une installation certifi\u00e9e\u2062 GMP (Good Manufacturing Practices) pour garantir la qualit\u00e9 \u2062et la s\u00e9curit\u00e9 du produit.<\/p>\n<p>Prenez soin de votre sant\u00e9 avec le Magnesium Citrate \u200d+ \u200bB6 Powder de la marque Osavi. Commandez d\u00e8s maintenant et profitez des bienfaits de ce\u2063 compl\u00e9ment alimentaire de\u200b haute qualit\u00e9.<\/p>\n","protected":false},"excerpt":{"rendered":"<p>Magnesium Citrate + B6 Powder &#8211; 250g Le Magnesium \u200cCitrate + B6 Powder de la \u2064marque Osavi \u200cest un compl\u00e9ment alimentaire hautement efficace pour maintenir un \u00e9quilibre sain de magn\u00e9sium et de vitamine B6 dans votre corps. Ce produit\u2062 est \u2064fabriqu\u00e9 en Pologne avec des ingr\u00e9dients de haute\u2063 qualit\u00e9 et est\u200b con\u00e7u pour r\u00e9pondre aux [&#8230;]\n","protected":false},"featured_media":262976,"comment_status":"open","ping_status":"open","template":"","meta":[],"product_brand":[4756],"product_cat":[5052,5053],"product_tag":[],"class_list":{"0":"post-285447","1":"product","2":"type-product","3":"status-publish","4":"has-post-thumbnail","6":"product_brand-osavi-2","7":"product_cat-sante-et-bien-etre","8":"product_cat-vitamines-et-mineraux","10":"first","11":"instock","12":"taxable","13":"shipping-taxable","14":"purchasable","15":"product-type-simple"},"yoast_head":"<!-- This site is optimized with the Yoast SEO Premium plugin v27.3 (Yoast SEO v27.3) - https:\/\/yoast.com\/product\/yoast-seo-premium-wordpress\/ -->\n<title>Poudre de Citrate de Magn\u00e9sium + B6 - 250g - ECO Supplements<\/title>\n<meta name=\"description\" content=\"Wij hebben een ruime keuze aan producten van Poudre de Citrate de Magn\u00e9sium + B6 - 250g . Winkel bij Eco Supplements altijd gratis verzending boven 100\u20ac\" \/>\n<meta name=\"robots\" content=\"index, follow, max-snippet:-1, max-image-preview:large, max-video-preview:-1\" \/>\n<link rel=\"canonical\" href=\"https:\/\/ecosupplements.be\/fr\/produit\/poudre-de-citrate-de-magnesium-b6-250g\/\" \/>\n<meta property=\"og:locale\" content=\"fr_FR\" \/>\n<meta property=\"og:type\" content=\"article\" \/>\n<meta property=\"og:title\" content=\"Poudre de Citrate de Magn\u00e9sium + B6 - 250g\" \/>\n<meta property=\"og:description\" content=\"Wij hebben een ruime keuze aan producten van Poudre de Citrate de Magn\u00e9sium + B6 - 250g . Winkel bij Eco Supplements altijd gratis verzending boven 100\u20ac\" \/>\n<meta property=\"og:url\" content=\"https:\/\/ecosupplements.be\/fr\/produit\/poudre-de-citrate-de-magnesium-b6-250g\/\" \/>\n<meta property=\"og:site_name\" content=\"ECO Supplements\" \/>\n<meta property=\"article:modified_time\" content=\"2025-08-27T12:51:15+00:00\" \/>\n<meta property=\"og:image\" content=\"https:\/\/ecosupplements.be\/wp-content\/uploads\/2025\/08\/Magnesium-Citrate-B6-Powder-250g-1.png\" \/>\n\t<meta property=\"og:image:width\" content=\"704\" \/>\n\t<meta property=\"og:image:height\" content=\"750\" \/>\n\t<meta property=\"og:image:type\" content=\"image\/png\" \/>\n<meta name=\"twitter:card\" content=\"summary_large_image\" \/>\n<meta name=\"twitter:label1\" content=\"Prix\" \/>\n\t<meta name=\"twitter:data1\" content=\"17.17&nbsp;&euro;\" \/>\n\t<meta name=\"twitter:label2\" content=\"Disponibilit\u00e9\" \/>\n\t<meta name=\"twitter:data2\" content=\"En stock\" \/>\n<script type=\"application\/ld+json\" class=\"yoast-schema-graph\">{\"@context\":\"https:\\\/\\\/schema.org\",\"@graph\":[{\"@type\":[\"WebPage\",\"ItemPage\"],\"@id\":\"https:\\\/\\\/ecosupplements.be\\\/fr\\\/produit\\\/poudre-de-citrate-de-magnesium-b6-250g\\\/\",\"url\":\"https:\\\/\\\/ecosupplements.be\\\/fr\\\/produit\\\/poudre-de-citrate-de-magnesium-b6-250g\\\/\",\"name\":\"Poudre de Citrate de Magn\u00e9sium + B6 - 250g - ECO Supplements\",\"isPartOf\":{\"@id\":\"https:\\\/\\\/ecosupplements.be\\\/fr\\\/#website\"},\"primaryImageOfPage\":{\"@id\":\"https:\\\/\\\/ecosupplements.be\\\/fr\\\/produit\\\/poudre-de-citrate-de-magnesium-b6-250g\\\/#primaryimage\"},\"image\":{\"@id\":\"https:\\\/\\\/ecosupplements.be\\\/fr\\\/produit\\\/poudre-de-citrate-de-magnesium-b6-250g\\\/#primaryimage\"},\"thumbnailUrl\":\"https:\\\/\\\/ecosupplements.be\\\/wp-content\\\/uploads\\\/2025\\\/08\\\/Magnesium-Citrate-B6-Powder-250g.png\",\"datePublished\":\"2024-03-06T21:40:16+00:00\",\"dateModified\":\"2025-08-27T12:51:15+00:00\",\"description\":\"Wij hebben een ruime keuze aan producten van Poudre de Citrate de Magn\u00e9sium + B6 - 250g . Winkel bij Eco Supplements altijd gratis verzending boven 100\u20ac\",\"breadcrumb\":{\"@id\":\"https:\\\/\\\/ecosupplements.be\\\/fr\\\/produit\\\/poudre-de-citrate-de-magnesium-b6-250g\\\/#breadcrumb\"},\"inLanguage\":\"fr-FR\",\"potentialAction\":[{\"@type\":\"ReadAction\",\"target\":[\"https:\\\/\\\/ecosupplements.be\\\/fr\\\/produit\\\/poudre-de-citrate-de-magnesium-b6-250g\\\/\"]}]},{\"@type\":\"ImageObject\",\"inLanguage\":\"fr-FR\",\"@id\":\"https:\\\/\\\/ecosupplements.be\\\/fr\\\/produit\\\/poudre-de-citrate-de-magnesium-b6-250g\\\/#primaryimage\",\"url\":\"https:\\\/\\\/ecosupplements.be\\\/wp-content\\\/uploads\\\/2025\\\/08\\\/Magnesium-Citrate-B6-Powder-250g.png\",\"contentUrl\":\"https:\\\/\\\/ecosupplements.be\\\/wp-content\\\/uploads\\\/2025\\\/08\\\/Magnesium-Citrate-B6-Powder-250g.png\",\"width\":704,\"height\":750},{\"@type\":\"BreadcrumbList\",\"@id\":\"https:\\\/\\\/ecosupplements.be\\\/fr\\\/produit\\\/poudre-de-citrate-de-magnesium-b6-250g\\\/#breadcrumb\",\"itemListElement\":[{\"@type\":\"ListItem\",\"position\":1,\"name\":\"Home\",\"item\":\"https:\\\/\\\/ecosupplements.be\\\/fr\\\/\"},{\"@type\":\"ListItem\",\"position\":2,\"name\":\"Boutique\",\"item\":\"https:\\\/\\\/ecosupplements.be\\\/fr\\\/boutique\\\/\"},{\"@type\":\"ListItem\",\"position\":3,\"name\":\"Poudre de Citrate de Magn\u00e9sium + B6 &#8211; 250g\"}]},{\"@type\":\"WebSite\",\"@id\":\"https:\\\/\\\/ecosupplements.be\\\/fr\\\/#website\",\"url\":\"https:\\\/\\\/ecosupplements.be\\\/fr\\\/\",\"name\":\"ECO Supplements\",\"description\":\"Eco Supplements - Gezonde supplementen\",\"publisher\":{\"@id\":\"https:\\\/\\\/ecosupplements.be\\\/fr\\\/#organization\"},\"potentialAction\":[{\"@type\":\"SearchAction\",\"target\":{\"@type\":\"EntryPoint\",\"urlTemplate\":\"https:\\\/\\\/ecosupplements.be\\\/fr\\\/?s={search_term_string}\"},\"query-input\":{\"@type\":\"PropertyValueSpecification\",\"valueRequired\":true,\"valueName\":\"search_term_string\"}}],\"inLanguage\":\"fr-FR\"},{\"@type\":\"Organization\",\"@id\":\"https:\\\/\\\/ecosupplements.be\\\/fr\\\/#organization\",\"name\":\"Eco Supplements\",\"url\":\"https:\\\/\\\/ecosupplements.be\\\/fr\\\/\",\"logo\":{\"@type\":\"ImageObject\",\"inLanguage\":\"fr-FR\",\"@id\":\"https:\\\/\\\/ecosupplements.be\\\/fr\\\/#\\\/schema\\\/logo\\\/image\\\/\",\"url\":\"https:\\\/\\\/ecosupplements.be\\\/wp-content\\\/uploads\\\/2022\\\/06\\\/ecosupplement-family.png\",\"contentUrl\":\"https:\\\/\\\/ecosupplements.be\\\/wp-content\\\/uploads\\\/2022\\\/06\\\/ecosupplement-family.png\",\"width\":593,\"height\":374,\"caption\":\"Eco Supplements\"},\"image\":{\"@id\":\"https:\\\/\\\/ecosupplements.be\\\/fr\\\/#\\\/schema\\\/logo\\\/image\\\/\"}}]}<\/script>\n<meta property=\"product:brand\" content=\"Osavi\" \/>\n<meta property=\"product:price:amount\" content=\"17.17\" \/>\n<meta property=\"product:price:currency\" content=\"EUR\" \/>\n<meta property=\"og:availability\" content=\"instock\" \/>\n<meta property=\"product:availability\" content=\"instock\" \/>\n<meta property=\"product:retailer_item_id\" content=\"5904139923191\" \/>\n<meta property=\"product:condition\" content=\"new\" \/>\n<!-- \/ Yoast SEO Premium plugin. -->","yoast_head_json":{"title":"Poudre de Citrate de Magn\u00e9sium + B6 - 250g - ECO Supplements","description":"Wij hebben een ruime keuze aan producten van Poudre de Citrate de Magn\u00e9sium + B6 - 250g . Winkel bij Eco Supplements altijd gratis verzending boven 100\u20ac","robots":{"index":"index","follow":"follow","max-snippet":"max-snippet:-1","max-image-preview":"max-image-preview:large","max-video-preview":"max-video-preview:-1"},"canonical":"https:\/\/ecosupplements.be\/fr\/produit\/poudre-de-citrate-de-magnesium-b6-250g\/","og_locale":"fr_FR","og_type":"article","og_title":"Poudre de Citrate de Magn\u00e9sium + B6 - 250g","og_description":"Wij hebben een ruime keuze aan producten van Poudre de Citrate de Magn\u00e9sium + B6 - 250g . Winkel bij Eco Supplements altijd gratis verzending boven 100\u20ac","og_url":"https:\/\/ecosupplements.be\/fr\/produit\/poudre-de-citrate-de-magnesium-b6-250g\/","og_site_name":"ECO Supplements","article_modified_time":"2025-08-27T12:51:15+00:00","og_image":[{"width":704,"height":750,"url":"https:\/\/ecosupplements.be\/wp-content\/uploads\/2025\/08\/Magnesium-Citrate-B6-Powder-250g-1.png","type":"image\/png"}],"twitter_card":"summary_large_image","twitter_misc":{"Prix":"17.17&nbsp;&euro;","Disponibilit\u00e9":"En stock"},"schema":{"@context":"https:\/\/schema.org","@graph":[{"@type":["WebPage","ItemPage"],"@id":"https:\/\/ecosupplements.be\/fr\/produit\/poudre-de-citrate-de-magnesium-b6-250g\/","url":"https:\/\/ecosupplements.be\/fr\/produit\/poudre-de-citrate-de-magnesium-b6-250g\/","name":"Poudre de Citrate de Magn\u00e9sium + B6 - 250g - ECO Supplements","isPartOf":{"@id":"https:\/\/ecosupplements.be\/fr\/#website"},"primaryImageOfPage":{"@id":"https:\/\/ecosupplements.be\/fr\/produit\/poudre-de-citrate-de-magnesium-b6-250g\/#primaryimage"},"image":{"@id":"https:\/\/ecosupplements.be\/fr\/produit\/poudre-de-citrate-de-magnesium-b6-250g\/#primaryimage"},"thumbnailUrl":"https:\/\/ecosupplements.be\/wp-content\/uploads\/2025\/08\/Magnesium-Citrate-B6-Powder-250g.png","datePublished":"2024-03-06T21:40:16+00:00","dateModified":"2025-08-27T12:51:15+00:00","description":"Wij hebben een ruime keuze aan producten van Poudre de Citrate de Magn\u00e9sium + B6 - 250g . Winkel bij Eco Supplements altijd gratis verzending boven 100\u20ac","breadcrumb":{"@id":"https:\/\/ecosupplements.be\/fr\/produit\/poudre-de-citrate-de-magnesium-b6-250g\/#breadcrumb"},"inLanguage":"fr-FR","potentialAction":[{"@type":"ReadAction","target":["https:\/\/ecosupplements.be\/fr\/produit\/poudre-de-citrate-de-magnesium-b6-250g\/"]}]},{"@type":"ImageObject","inLanguage":"fr-FR","@id":"https:\/\/ecosupplements.be\/fr\/produit\/poudre-de-citrate-de-magnesium-b6-250g\/#primaryimage","url":"https:\/\/ecosupplements.be\/wp-content\/uploads\/2025\/08\/Magnesium-Citrate-B6-Powder-250g.png","contentUrl":"https:\/\/ecosupplements.be\/wp-content\/uploads\/2025\/08\/Magnesium-Citrate-B6-Powder-250g.png","width":704,"height":750},{"@type":"BreadcrumbList","@id":"https:\/\/ecosupplements.be\/fr\/produit\/poudre-de-citrate-de-magnesium-b6-250g\/#breadcrumb","itemListElement":[{"@type":"ListItem","position":1,"name":"Home","item":"https:\/\/ecosupplements.be\/fr\/"},{"@type":"ListItem","position":2,"name":"Boutique","item":"https:\/\/ecosupplements.be\/fr\/boutique\/"},{"@type":"ListItem","position":3,"name":"Poudre de Citrate de Magn\u00e9sium + B6 &#8211; 250g"}]},{"@type":"WebSite","@id":"https:\/\/ecosupplements.be\/fr\/#website","url":"https:\/\/ecosupplements.be\/fr\/","name":"ECO Supplements","description":"Eco Supplements - Gezonde supplementen","publisher":{"@id":"https:\/\/ecosupplements.be\/fr\/#organization"},"potentialAction":[{"@type":"SearchAction","target":{"@type":"EntryPoint","urlTemplate":"https:\/\/ecosupplements.be\/fr\/?s={search_term_string}"},"query-input":{"@type":"PropertyValueSpecification","valueRequired":true,"valueName":"search_term_string"}}],"inLanguage":"fr-FR"},{"@type":"Organization","@id":"https:\/\/ecosupplements.be\/fr\/#organization","name":"Eco Supplements","url":"https:\/\/ecosupplements.be\/fr\/","logo":{"@type":"ImageObject","inLanguage":"fr-FR","@id":"https:\/\/ecosupplements.be\/fr\/#\/schema\/logo\/image\/","url":"https:\/\/ecosupplements.be\/wp-content\/uploads\/2022\/06\/ecosupplement-family.png","contentUrl":"https:\/\/ecosupplements.be\/wp-content\/uploads\/2022\/06\/ecosupplement-family.png","width":593,"height":374,"caption":"Eco Supplements"},"image":{"@id":"https:\/\/ecosupplements.be\/fr\/#\/schema\/logo\/image\/"}}]},"product_brand":"Osavi","product_price_amount":"17.17","product_price_currency":"EUR","og_availability":"instock","product_availability":"instock","product_retailer_item_id":"5904139923191","product_condition":"new"},"_links":{"self":[{"href":"https:\/\/ecosupplements.be\/fr\/wp-json\/wp\/v2\/product\/285447","targetHints":{"allow":["GET"]}}],"collection":[{"href":"https:\/\/ecosupplements.be\/fr\/wp-json\/wp\/v2\/product"}],"about":[{"href":"https:\/\/ecosupplements.be\/fr\/wp-json\/wp\/v2\/types\/product"}],"replies":[{"embeddable":true,"href":"https:\/\/ecosupplements.be\/fr\/wp-json\/wp\/v2\/comments?post=285447"}],"wp:featuredmedia":[{"embeddable":true,"href":"https:\/\/ecosupplements.be\/fr\/wp-json\/wp\/v2\/media\/262976"}],"wp:attachment":[{"href":"https:\/\/ecosupplements.be\/fr\/wp-json\/wp\/v2\/media?parent=285447"}],"wp:term":[{"taxonomy":"product_brand","embeddable":true,"href":"https:\/\/ecosupplements.be\/fr\/wp-json\/wp\/v2\/product_brand?post=285447"},{"taxonomy":"product_cat","embeddable":true,"href":"https:\/\/ecosupplements.be\/fr\/wp-json\/wp\/v2\/product_cat?post=285447"},{"taxonomy":"product_tag","embeddable":true,"href":"https:\/\/ecosupplements.be\/fr\/wp-json\/wp\/v2\/product_tag?post=285447"}],"curies":[{"name":"wp","href":"https:\/\/api.w.org\/{rel}","templated":true}]}}