{"id":285468,"date":"2024-03-06T22:42:57","date_gmt":"2024-03-06T21:42:57","guid":{"rendered":"https:\/\/ecosupplements.be\/product\/huile-de-foie-de-morue-norvegienne-pour-enfants-500mg-domega-3-citron-250-ml\/"},"modified":"2025-08-27T13:51:35","modified_gmt":"2025-08-27T12:51:35","slug":"huile-de-foie-de-morue-norvegienne-pour-enfants-500mg-domega-3-citron-250-ml","status":"publish","type":"product","link":"https:\/\/ecosupplements.be\/fr\/produit\/huile-de-foie-de-morue-norvegienne-pour-enfants-500mg-domega-3-citron-250-ml\/","title":{"rendered":"Huile de foie de morue norv\u00e9gienne pour enfants, 500mg d&#8217;Om\u00e9ga 3 (citron) &#8211; 250 ml"},"content":{"rendered":"<h1>Norwegian Cod Liver \u2063Oil Kids, 500mg Omega 3 (Lemon) &#8211; \u200c250 ml<\/h1>\n<p>Offrez\u2062 \u00e0 vos enfants\u200b une dose \u2062quotidienne de sant\u00e9 avec l&#8217;huile de foie de morue \u200cnorv\u00e9gienne \u200cpour enfants d&#8217;Osavi. \u200bCette formule sp\u00e9cialement con\u00e7ue pour les\u2062 enfants est riche en om\u00e9ga-3 et en vitamines A et D, essentiels pour leur croissance et leur d\u00e9veloppement.<\/p>\n<h2>Caract\u00e9ristiques sp\u00e9ciales:<\/h2>\n<ul>\n<li>Contient 500mg d&#8217;om\u00e9ga-3 par dose<\/li>\n<li>Saveur citronn\u00e9e pour \u200dune consommation agr\u00e9able<\/li>\n<li>Formule sp\u00e9cialement con\u00e7ue \u200dpour les enfants<\/li>\n<li>Contient des vitamines A et D pour renforcer\u2062 le syst\u00e8me immunitaire et favoriser la sant\u00e9 des\u200d os<\/li>\n<li>Produit en \u200dNorv\u00e8ge, r\u00e9put\u00e9 pour la qualit\u00e9 de ses huiles de poisson<\/li>\n<\/ul>\n<h2>Ingr\u00e9dients:<\/h2>\n<p>Huile \u200cde foie de morue, ar\u00f4me naturel\u200c de citron, vitamine E\u2064 (antioxydant).<\/p>\n<h2>Avantages uniques:<\/h2>\n<ul>\n<li>Contribue au d\u00e9veloppement c\u00e9r\u00e9bral et \u2062visuel\u200c des enfants<\/li>\n<li>Renforce le\u2062 syst\u00e8me immunitaire pour une meilleure r\u00e9sistance \u2063aux \u200bmaladies<\/li>\n<li>Am\u00e9liore\u200c la sant\u00e9 des os et \u2063des \u2062dents<\/li>\n<li>Peut aider \u00e0 r\u00e9duire les sympt\u00f4mes de l&#8217;asthme et de l&#8217;ecz\u00e9ma chez les enfants<\/li>\n<li>Facile \u00e0\u2064 consommer\u2064 gr\u00e2ce \u00e0 sa saveur citronn\u00e9e<\/li>\n<\/ul>\n<h2>Principales \u200dcaract\u00e9ristiques:<\/h2>\n<ul>\n<li>Flacon de \u2062250 ml<\/li>\n<li>Contient \u206350 doses<\/li>\n<li>Facile \u00e0 doser gr\u00e2ce \u00e0 la cuill\u00e8re \u2062doseuse incluse<\/li>\n<li>Produit de \u2063qualit\u00e9 sup\u00e9rieure, fabriqu\u00e9 en Norv\u00e8ge<\/li>\n<li>Convient\u200c aux enfants de plus de 3 ans<\/li>\n<\/ul>\n<p>Offrez \u00e0 vos enfants une sant\u00e9 optimale avec\u200b l&#8217;huile de \u2063foie \u2062de morue norv\u00e9gienne pour \u2064enfants d&#8217;Osavi. Commandez d\u00e8s maintenant et \u2062donnez \u00e0 vos \u200denfants les nutriments essentiels dont ils ont besoin pour grandir en bonne sant\u00e9\u2063 et en pleine \u2063forme !<\/p>\n","protected":false},"excerpt":{"rendered":"<p>Norwegian Cod Liver \u2063Oil Kids, 500mg Omega 3 (Lemon) &#8211; \u200c250 ml Offrez\u2062 \u00e0 vos enfants\u200b une dose \u2062quotidienne de sant\u00e9 avec l&#8217;huile de foie de morue \u200cnorv\u00e9gienne \u200cpour enfants d&#8217;Osavi. \u200bCette formule sp\u00e9cialement con\u00e7ue pour les\u2062 enfants est riche en om\u00e9ga-3 et en vitamines A et D, essentiels pour leur croissance et leur d\u00e9veloppement. [&#8230;]\n","protected":false},"featured_media":262985,"comment_status":"open","ping_status":"open","template":"","meta":[],"product_brand":[4756],"product_cat":[5052],"product_tag":[],"class_list":{"0":"post-285468","1":"product","2":"type-product","3":"status-publish","4":"has-post-thumbnail","6":"product_brand-osavi-2","7":"product_cat-sante-et-bien-etre","9":"first","10":"instock","11":"taxable","12":"shipping-taxable","13":"purchasable","14":"product-type-simple"},"yoast_head":"<!-- This site is optimized with the Yoast SEO Premium plugin v27.3 (Yoast SEO v27.3) - https:\/\/yoast.com\/product\/yoast-seo-premium-wordpress\/ -->\n<title>Huile de foie de morue norv\u00e9gienne pour enfants, 500mg d&#039;Om\u00e9ga 3 (citron) - 250 ml - ECO Supplements<\/title>\n<meta name=\"description\" content=\"Wij hebben een ruime keuze aan producten van Huile de foie de morue norv\u00e9gienne pour enfants, 500mg d&#039;Om\u00e9ga 3 (citron) - 250 ml . Winkel bij Eco Supplements altijd gratis verzending boven 100\u20ac\" \/>\n<meta name=\"robots\" content=\"index, follow, max-snippet:-1, max-image-preview:large, max-video-preview:-1\" \/>\n<link rel=\"canonical\" href=\"https:\/\/ecosupplements.be\/fr\/produit\/huile-de-foie-de-morue-norvegienne-pour-enfants-500mg-domega-3-citron-250-ml\/\" \/>\n<meta property=\"og:locale\" content=\"fr_FR\" \/>\n<meta property=\"og:type\" content=\"article\" \/>\n<meta property=\"og:title\" content=\"Huile de foie de morue norv\u00e9gienne pour enfants, 500mg d&#039;Om\u00e9ga 3 (citron) - 250 ml\" \/>\n<meta property=\"og:description\" content=\"Wij hebben een ruime keuze aan producten van Huile de foie de morue norv\u00e9gienne pour enfants, 500mg d&#039;Om\u00e9ga 3 (citron) - 250 ml . Winkel bij Eco Supplements altijd gratis verzending boven 100\u20ac\" \/>\n<meta property=\"og:url\" content=\"https:\/\/ecosupplements.be\/fr\/produit\/huile-de-foie-de-morue-norvegienne-pour-enfants-500mg-domega-3-citron-250-ml\/\" \/>\n<meta property=\"og:site_name\" content=\"ECO Supplements\" \/>\n<meta property=\"article:modified_time\" content=\"2025-08-27T12:51:35+00:00\" \/>\n<meta property=\"og:image\" content=\"https:\/\/ecosupplements.be\/wp-content\/uploads\/2025\/08\/Norwegian-Cod-Liver-Oil-Kids-500mg-Omega-3-Lemon-250-ml-1.jpg\" \/>\n\t<meta property=\"og:image:width\" content=\"331\" \/>\n\t<meta property=\"og:image:height\" content=\"750\" \/>\n\t<meta property=\"og:image:type\" content=\"image\/jpeg\" \/>\n<meta name=\"twitter:card\" content=\"summary_large_image\" \/>\n<meta name=\"twitter:label1\" content=\"Prix\" \/>\n\t<meta name=\"twitter:data1\" content=\"20.64&nbsp;&euro;\" \/>\n\t<meta name=\"twitter:label2\" content=\"Disponibilit\u00e9\" \/>\n\t<meta name=\"twitter:data2\" content=\"En stock\" \/>\n<script type=\"application\/ld+json\" class=\"yoast-schema-graph\">{\"@context\":\"https:\\\/\\\/schema.org\",\"@graph\":[{\"@type\":[\"WebPage\",\"ItemPage\"],\"@id\":\"https:\\\/\\\/ecosupplements.be\\\/fr\\\/produit\\\/huile-de-foie-de-morue-norvegienne-pour-enfants-500mg-domega-3-citron-250-ml\\\/\",\"url\":\"https:\\\/\\\/ecosupplements.be\\\/fr\\\/produit\\\/huile-de-foie-de-morue-norvegienne-pour-enfants-500mg-domega-3-citron-250-ml\\\/\",\"name\":\"Huile de foie de morue norv\u00e9gienne pour enfants, 500mg d'Om\u00e9ga 3 (citron) - 250 ml - ECO Supplements\",\"isPartOf\":{\"@id\":\"https:\\\/\\\/ecosupplements.be\\\/fr\\\/#website\"},\"primaryImageOfPage\":{\"@id\":\"https:\\\/\\\/ecosupplements.be\\\/fr\\\/produit\\\/huile-de-foie-de-morue-norvegienne-pour-enfants-500mg-domega-3-citron-250-ml\\\/#primaryimage\"},\"image\":{\"@id\":\"https:\\\/\\\/ecosupplements.be\\\/fr\\\/produit\\\/huile-de-foie-de-morue-norvegienne-pour-enfants-500mg-domega-3-citron-250-ml\\\/#primaryimage\"},\"thumbnailUrl\":\"https:\\\/\\\/ecosupplements.be\\\/wp-content\\\/uploads\\\/2025\\\/08\\\/Norwegian-Cod-Liver-Oil-Kids-500mg-Omega-3-Lemon-250-ml.jpg\",\"datePublished\":\"2024-03-06T21:42:57+00:00\",\"dateModified\":\"2025-08-27T12:51:35+00:00\",\"description\":\"Wij hebben een ruime keuze aan producten van Huile de foie de morue norv\u00e9gienne pour enfants, 500mg d'Om\u00e9ga 3 (citron) - 250 ml . Winkel bij Eco Supplements altijd gratis verzending boven 100\u20ac\",\"breadcrumb\":{\"@id\":\"https:\\\/\\\/ecosupplements.be\\\/fr\\\/produit\\\/huile-de-foie-de-morue-norvegienne-pour-enfants-500mg-domega-3-citron-250-ml\\\/#breadcrumb\"},\"inLanguage\":\"fr-FR\",\"potentialAction\":[{\"@type\":\"ReadAction\",\"target\":[\"https:\\\/\\\/ecosupplements.be\\\/fr\\\/produit\\\/huile-de-foie-de-morue-norvegienne-pour-enfants-500mg-domega-3-citron-250-ml\\\/\"]}]},{\"@type\":\"ImageObject\",\"inLanguage\":\"fr-FR\",\"@id\":\"https:\\\/\\\/ecosupplements.be\\\/fr\\\/produit\\\/huile-de-foie-de-morue-norvegienne-pour-enfants-500mg-domega-3-citron-250-ml\\\/#primaryimage\",\"url\":\"https:\\\/\\\/ecosupplements.be\\\/wp-content\\\/uploads\\\/2025\\\/08\\\/Norwegian-Cod-Liver-Oil-Kids-500mg-Omega-3-Lemon-250-ml.jpg\",\"contentUrl\":\"https:\\\/\\\/ecosupplements.be\\\/wp-content\\\/uploads\\\/2025\\\/08\\\/Norwegian-Cod-Liver-Oil-Kids-500mg-Omega-3-Lemon-250-ml.jpg\",\"width\":331,\"height\":750},{\"@type\":\"BreadcrumbList\",\"@id\":\"https:\\\/\\\/ecosupplements.be\\\/fr\\\/produit\\\/huile-de-foie-de-morue-norvegienne-pour-enfants-500mg-domega-3-citron-250-ml\\\/#breadcrumb\",\"itemListElement\":[{\"@type\":\"ListItem\",\"position\":1,\"name\":\"Home\",\"item\":\"https:\\\/\\\/ecosupplements.be\\\/fr\\\/\"},{\"@type\":\"ListItem\",\"position\":2,\"name\":\"Boutique\",\"item\":\"https:\\\/\\\/ecosupplements.be\\\/fr\\\/boutique\\\/\"},{\"@type\":\"ListItem\",\"position\":3,\"name\":\"Huile de foie de morue norv\u00e9gienne pour enfants, 500mg d&#8217;Om\u00e9ga 3 (citron) &#8211; 250 ml\"}]},{\"@type\":\"WebSite\",\"@id\":\"https:\\\/\\\/ecosupplements.be\\\/fr\\\/#website\",\"url\":\"https:\\\/\\\/ecosupplements.be\\\/fr\\\/\",\"name\":\"ECO Supplements\",\"description\":\"Eco Supplements - Gezonde supplementen\",\"publisher\":{\"@id\":\"https:\\\/\\\/ecosupplements.be\\\/fr\\\/#organization\"},\"potentialAction\":[{\"@type\":\"SearchAction\",\"target\":{\"@type\":\"EntryPoint\",\"urlTemplate\":\"https:\\\/\\\/ecosupplements.be\\\/fr\\\/?s={search_term_string}\"},\"query-input\":{\"@type\":\"PropertyValueSpecification\",\"valueRequired\":true,\"valueName\":\"search_term_string\"}}],\"inLanguage\":\"fr-FR\"},{\"@type\":\"Organization\",\"@id\":\"https:\\\/\\\/ecosupplements.be\\\/fr\\\/#organization\",\"name\":\"Eco Supplements\",\"url\":\"https:\\\/\\\/ecosupplements.be\\\/fr\\\/\",\"logo\":{\"@type\":\"ImageObject\",\"inLanguage\":\"fr-FR\",\"@id\":\"https:\\\/\\\/ecosupplements.be\\\/fr\\\/#\\\/schema\\\/logo\\\/image\\\/\",\"url\":\"https:\\\/\\\/ecosupplements.be\\\/wp-content\\\/uploads\\\/2022\\\/06\\\/ecosupplement-family.png\",\"contentUrl\":\"https:\\\/\\\/ecosupplements.be\\\/wp-content\\\/uploads\\\/2022\\\/06\\\/ecosupplement-family.png\",\"width\":593,\"height\":374,\"caption\":\"Eco Supplements\"},\"image\":{\"@id\":\"https:\\\/\\\/ecosupplements.be\\\/fr\\\/#\\\/schema\\\/logo\\\/image\\\/\"}}]}<\/script>\n<meta property=\"product:brand\" content=\"Osavi\" \/>\n<meta property=\"product:price:amount\" content=\"20.64\" \/>\n<meta property=\"product:price:currency\" content=\"EUR\" \/>\n<meta property=\"og:availability\" content=\"instock\" \/>\n<meta property=\"product:availability\" content=\"instock\" \/>\n<meta property=\"product:retailer_item_id\" content=\"5065013139074\" \/>\n<meta property=\"product:condition\" content=\"new\" \/>\n<!-- \/ Yoast SEO Premium plugin. -->","yoast_head_json":{"title":"Huile de foie de morue norv\u00e9gienne pour enfants, 500mg d'Om\u00e9ga 3 (citron) - 250 ml - ECO Supplements","description":"Wij hebben een ruime keuze aan producten van Huile de foie de morue norv\u00e9gienne pour enfants, 500mg d'Om\u00e9ga 3 (citron) - 250 ml . Winkel bij Eco Supplements altijd gratis verzending boven 100\u20ac","robots":{"index":"index","follow":"follow","max-snippet":"max-snippet:-1","max-image-preview":"max-image-preview:large","max-video-preview":"max-video-preview:-1"},"canonical":"https:\/\/ecosupplements.be\/fr\/produit\/huile-de-foie-de-morue-norvegienne-pour-enfants-500mg-domega-3-citron-250-ml\/","og_locale":"fr_FR","og_type":"article","og_title":"Huile de foie de morue norv\u00e9gienne pour enfants, 500mg d'Om\u00e9ga 3 (citron) - 250 ml","og_description":"Wij hebben een ruime keuze aan producten van Huile de foie de morue norv\u00e9gienne pour enfants, 500mg d'Om\u00e9ga 3 (citron) - 250 ml . Winkel bij Eco Supplements altijd gratis verzending boven 100\u20ac","og_url":"https:\/\/ecosupplements.be\/fr\/produit\/huile-de-foie-de-morue-norvegienne-pour-enfants-500mg-domega-3-citron-250-ml\/","og_site_name":"ECO Supplements","article_modified_time":"2025-08-27T12:51:35+00:00","og_image":[{"width":331,"height":750,"url":"https:\/\/ecosupplements.be\/wp-content\/uploads\/2025\/08\/Norwegian-Cod-Liver-Oil-Kids-500mg-Omega-3-Lemon-250-ml-1.jpg","type":"image\/jpeg"}],"twitter_card":"summary_large_image","twitter_misc":{"Prix":"20.64&nbsp;&euro;","Disponibilit\u00e9":"En stock"},"schema":{"@context":"https:\/\/schema.org","@graph":[{"@type":["WebPage","ItemPage"],"@id":"https:\/\/ecosupplements.be\/fr\/produit\/huile-de-foie-de-morue-norvegienne-pour-enfants-500mg-domega-3-citron-250-ml\/","url":"https:\/\/ecosupplements.be\/fr\/produit\/huile-de-foie-de-morue-norvegienne-pour-enfants-500mg-domega-3-citron-250-ml\/","name":"Huile de foie de morue norv\u00e9gienne pour enfants, 500mg d'Om\u00e9ga 3 (citron) - 250 ml - ECO Supplements","isPartOf":{"@id":"https:\/\/ecosupplements.be\/fr\/#website"},"primaryImageOfPage":{"@id":"https:\/\/ecosupplements.be\/fr\/produit\/huile-de-foie-de-morue-norvegienne-pour-enfants-500mg-domega-3-citron-250-ml\/#primaryimage"},"image":{"@id":"https:\/\/ecosupplements.be\/fr\/produit\/huile-de-foie-de-morue-norvegienne-pour-enfants-500mg-domega-3-citron-250-ml\/#primaryimage"},"thumbnailUrl":"https:\/\/ecosupplements.be\/wp-content\/uploads\/2025\/08\/Norwegian-Cod-Liver-Oil-Kids-500mg-Omega-3-Lemon-250-ml.jpg","datePublished":"2024-03-06T21:42:57+00:00","dateModified":"2025-08-27T12:51:35+00:00","description":"Wij hebben een ruime keuze aan producten van Huile de foie de morue norv\u00e9gienne pour enfants, 500mg d'Om\u00e9ga 3 (citron) - 250 ml . Winkel bij Eco Supplements altijd gratis verzending boven 100\u20ac","breadcrumb":{"@id":"https:\/\/ecosupplements.be\/fr\/produit\/huile-de-foie-de-morue-norvegienne-pour-enfants-500mg-domega-3-citron-250-ml\/#breadcrumb"},"inLanguage":"fr-FR","potentialAction":[{"@type":"ReadAction","target":["https:\/\/ecosupplements.be\/fr\/produit\/huile-de-foie-de-morue-norvegienne-pour-enfants-500mg-domega-3-citron-250-ml\/"]}]},{"@type":"ImageObject","inLanguage":"fr-FR","@id":"https:\/\/ecosupplements.be\/fr\/produit\/huile-de-foie-de-morue-norvegienne-pour-enfants-500mg-domega-3-citron-250-ml\/#primaryimage","url":"https:\/\/ecosupplements.be\/wp-content\/uploads\/2025\/08\/Norwegian-Cod-Liver-Oil-Kids-500mg-Omega-3-Lemon-250-ml.jpg","contentUrl":"https:\/\/ecosupplements.be\/wp-content\/uploads\/2025\/08\/Norwegian-Cod-Liver-Oil-Kids-500mg-Omega-3-Lemon-250-ml.jpg","width":331,"height":750},{"@type":"BreadcrumbList","@id":"https:\/\/ecosupplements.be\/fr\/produit\/huile-de-foie-de-morue-norvegienne-pour-enfants-500mg-domega-3-citron-250-ml\/#breadcrumb","itemListElement":[{"@type":"ListItem","position":1,"name":"Home","item":"https:\/\/ecosupplements.be\/fr\/"},{"@type":"ListItem","position":2,"name":"Boutique","item":"https:\/\/ecosupplements.be\/fr\/boutique\/"},{"@type":"ListItem","position":3,"name":"Huile de foie de morue norv\u00e9gienne pour enfants, 500mg d&#8217;Om\u00e9ga 3 (citron) &#8211; 250 ml"}]},{"@type":"WebSite","@id":"https:\/\/ecosupplements.be\/fr\/#website","url":"https:\/\/ecosupplements.be\/fr\/","name":"ECO Supplements","description":"Eco Supplements - Gezonde supplementen","publisher":{"@id":"https:\/\/ecosupplements.be\/fr\/#organization"},"potentialAction":[{"@type":"SearchAction","target":{"@type":"EntryPoint","urlTemplate":"https:\/\/ecosupplements.be\/fr\/?s={search_term_string}"},"query-input":{"@type":"PropertyValueSpecification","valueRequired":true,"valueName":"search_term_string"}}],"inLanguage":"fr-FR"},{"@type":"Organization","@id":"https:\/\/ecosupplements.be\/fr\/#organization","name":"Eco Supplements","url":"https:\/\/ecosupplements.be\/fr\/","logo":{"@type":"ImageObject","inLanguage":"fr-FR","@id":"https:\/\/ecosupplements.be\/fr\/#\/schema\/logo\/image\/","url":"https:\/\/ecosupplements.be\/wp-content\/uploads\/2022\/06\/ecosupplement-family.png","contentUrl":"https:\/\/ecosupplements.be\/wp-content\/uploads\/2022\/06\/ecosupplement-family.png","width":593,"height":374,"caption":"Eco Supplements"},"image":{"@id":"https:\/\/ecosupplements.be\/fr\/#\/schema\/logo\/image\/"}}]},"product_brand":"Osavi","product_price_amount":"20.64","product_price_currency":"EUR","og_availability":"instock","product_availability":"instock","product_retailer_item_id":"5065013139074","product_condition":"new"},"_links":{"self":[{"href":"https:\/\/ecosupplements.be\/fr\/wp-json\/wp\/v2\/product\/285468","targetHints":{"allow":["GET"]}}],"collection":[{"href":"https:\/\/ecosupplements.be\/fr\/wp-json\/wp\/v2\/product"}],"about":[{"href":"https:\/\/ecosupplements.be\/fr\/wp-json\/wp\/v2\/types\/product"}],"replies":[{"embeddable":true,"href":"https:\/\/ecosupplements.be\/fr\/wp-json\/wp\/v2\/comments?post=285468"}],"wp:featuredmedia":[{"embeddable":true,"href":"https:\/\/ecosupplements.be\/fr\/wp-json\/wp\/v2\/media\/262985"}],"wp:attachment":[{"href":"https:\/\/ecosupplements.be\/fr\/wp-json\/wp\/v2\/media?parent=285468"}],"wp:term":[{"taxonomy":"product_brand","embeddable":true,"href":"https:\/\/ecosupplements.be\/fr\/wp-json\/wp\/v2\/product_brand?post=285468"},{"taxonomy":"product_cat","embeddable":true,"href":"https:\/\/ecosupplements.be\/fr\/wp-json\/wp\/v2\/product_cat?post=285468"},{"taxonomy":"product_tag","embeddable":true,"href":"https:\/\/ecosupplements.be\/fr\/wp-json\/wp\/v2\/product_tag?post=285468"}],"curies":[{"name":"wp","href":"https:\/\/api.w.org\/{rel}","templated":true}]}}