{"id":285480,"date":"2022-07-22T19:31:17","date_gmt":"2022-07-22T18:31:17","guid":{"rendered":"https:\/\/ecosupplements.be\/product\/zinc-cuivre-15mg-1mg-120-capsules-vegetaliennes\/"},"modified":"2025-08-27T13:51:45","modified_gmt":"2025-08-27T12:51:45","slug":"zinc-cuivre-15mg-1mg-120-capsules-vegetaliennes","status":"publish","type":"product","link":"https:\/\/ecosupplements.be\/fr\/produit\/zinc-cuivre-15mg-1mg-120-capsules-vegetaliennes\/","title":{"rendered":"Zinc + Cuivre, 15mg + 1mg &#8211; 120 capsules v\u00e9g\u00e9taliennes"},"content":{"rendered":"<h1> Zinc + Copper, 15mg + 1mg &#8211; 120 vegan\u2062 caps <\/h1>\n<p>  Les capsules Zinc +\u200b Copper \u200bd&#8217;Osavi sont un compl\u00e9ment alimentaire de haute qualit\u00e9 qui fournit une dose \u00e9quilibr\u00e9e de zinc et de cuivre pour soutenir la sant\u00e9 globale de l&#8217;organisme. Chaque capsule v\u00e9g\u00e9talienne contient 15\u2062 mg de zinc et 1 mg de cuivre, deux min\u00e9raux\u2062 essentiels pour\u2062 de nombreuses fonctions\u2063 corporelles. <\/p>\n<h2>  Caract\u00e9ristiques sp\u00e9ciales <\/h2>\n<ul>\n<li>  Contient une dose \u00e9quilibr\u00e9e de zinc et de cuivre <\/li>\n<li>  \u2063Capsules v\u00e9g\u00e9taliennes\u2064 faciles \u00e0 \u200davaler <\/li>\n<li>  Sans gluten,\u2064 sans produits laitiers et \u200dsans OGM\u2062 <\/li>\n<li>  Fabriqu\u00e9 en\u2064 Pologne avec des ingr\u00e9dients de haute qualit\u00e9 <\/li>\n<\/ul>\n<h2>  Ingr\u00e9dients <\/h2>\n<p>  Zinc\u200b (sous forme de citrate de \u2063zinc), cuivre (sous forme de gluconate de cuivre), cellulose microcristalline, st\u00e9arate de magn\u00e9sium \u200dv\u00e9g\u00e9tal,\u200b capsule v\u00e9g\u00e9tale (hypromellose). \u200b <\/p>\n<h2>  Avantages uniques <\/h2>\n<p>  Le zinc\u2064 et le cuivre sont deux min\u00e9raux essentiels qui travaillent en synergie pour soutenir de nombreuses fonctions corporelles, notamment le syst\u00e8me immunitaire, \u2062la sant\u00e9 des os et des articulations, la sant\u00e9 de la peau et des cheveux, et la production d&#8217;\u00e9nergie. Les capsules Zinc + \u200dCopper d&#8217;Osavi offrent une dose \u00e9quilibr\u00e9e de ces deux min\u00e9raux pour aider \u00e0 maintenir un \u00e9quilibre optimal \u200ddans l&#8217;organisme. De plus, ces \u2062capsules sont v\u00e9g\u00e9taliennes, sans gluten, sans\u200b produits\u200c laitiers et sans OGM, ce qui les rend adapt\u00e9es \u200b\u00e0 \u200bun large public. <\/p>\n<h2>  \u2063Principales caract\u00e9ristiques\u200d <\/h2>\n<ul>\n<li>  Fournit une dose \u00e9quilibr\u00e9e de zinc et de cuivre <\/li>\n<li>  Favorise un syst\u00e8me\u2063 immunitaire sain <\/li>\n<li>  \u2064 Soutient la sant\u00e9 des os et des \u200carticulations\u200d <\/li>\n<li>  Contribue \u00e0 une peau et des cheveux \u200csains <\/li>\n<li>  Aide \u00e0 maintenir un niveau d&#8217;\u00e9nergie optimal <\/li>\n<li>  Convient aux \u200dv\u00e9g\u00e9taliens et aux personnes suivant un r\u00e9gime sans \u2064gluten \u200bou sans produits laitiers <\/li>\n<li>  Fabriqu\u00e9 en Pologne avec des ingr\u00e9dients de haute qualit\u00e9 <\/li>\n<\/ul>\n<p>  Ajoutez les \u2064capsules Zinc + Copper d&#8217;Osavi \u00e0 \u200dvotre routine quotidienne pour soutenir votre sant\u00e9 globale et vous sentir \u200dau meilleur de votre forme. Commandez d\u00e8s \u2063maintenant et profitez des bienfaits de ces deux\u2063 min\u00e9raux essentiels. <\/p>\n","protected":false},"excerpt":{"rendered":"<p>Zinc + Copper, 15mg + 1mg &#8211; 120 vegan\u2062 caps Les capsules Zinc +\u200b Copper \u200bd&#8217;Osavi sont un compl\u00e9ment alimentaire de haute qualit\u00e9 qui fournit une dose \u00e9quilibr\u00e9e de zinc et de cuivre pour soutenir la sant\u00e9 globale de l&#8217;organisme. Chaque capsule v\u00e9g\u00e9talienne contient 15\u2062 mg de zinc et 1 mg de cuivre, deux min\u00e9raux\u2062 [&#8230;]\n","protected":false},"featured_media":259715,"comment_status":"open","ping_status":"open","template":"","meta":[],"product_brand":[4756],"product_cat":[5089,5052,5053],"product_tag":[],"class_list":{"0":"post-285480","1":"product","2":"type-product","3":"status-publish","4":"has-post-thumbnail","6":"product_brand-osavi-2","7":"product_cat-complements-alimentaires-pour-femmes","8":"product_cat-sante-et-bien-etre","9":"product_cat-vitamines-et-mineraux","11":"first","12":"instock","13":"sale","14":"taxable","15":"shipping-taxable","16":"purchasable","17":"product-type-simple"},"yoast_head":"<!-- This site is optimized with the Yoast SEO Premium plugin v27.3 (Yoast SEO v27.3) - https:\/\/yoast.com\/product\/yoast-seo-premium-wordpress\/ -->\n<title>Zinc + Cuivre, 15mg + 1mg - 120 capsules v\u00e9g\u00e9taliennes - ECO Supplements<\/title>\n<meta name=\"description\" content=\"Wij hebben een ruime keuze aan producten van Zinc + Cuivre, 15mg + 1mg - 120 capsules v\u00e9g\u00e9taliennes . Winkel bij Eco Supplements altijd gratis verzending boven 100\u20ac\" \/>\n<meta name=\"robots\" content=\"index, follow, max-snippet:-1, max-image-preview:large, max-video-preview:-1\" \/>\n<link rel=\"canonical\" href=\"https:\/\/ecosupplements.be\/fr\/produit\/zinc-cuivre-15mg-1mg-120-capsules-vegetaliennes\/\" \/>\n<meta property=\"og:locale\" content=\"fr_FR\" \/>\n<meta property=\"og:type\" content=\"article\" \/>\n<meta property=\"og:title\" content=\"Zinc + Cuivre, 15mg + 1mg - 120 capsules v\u00e9g\u00e9taliennes\" \/>\n<meta property=\"og:description\" content=\"Wij hebben een ruime keuze aan producten van Zinc + Cuivre, 15mg + 1mg - 120 capsules v\u00e9g\u00e9taliennes . Winkel bij Eco Supplements altijd gratis verzending boven 100\u20ac\" \/>\n<meta property=\"og:url\" content=\"https:\/\/ecosupplements.be\/fr\/produit\/zinc-cuivre-15mg-1mg-120-capsules-vegetaliennes\/\" \/>\n<meta property=\"og:site_name\" content=\"ECO Supplements\" \/>\n<meta property=\"article:modified_time\" content=\"2025-08-27T12:51:45+00:00\" \/>\n<meta property=\"og:image\" content=\"https:\/\/ecosupplements.be\/wp-content\/uploads\/2025\/08\/Zinc-Copper-15mg-1mg-120-vegan-caps-1.png\" \/>\n\t<meta property=\"og:image:width\" content=\"572\" \/>\n\t<meta property=\"og:image:height\" content=\"750\" \/>\n\t<meta property=\"og:image:type\" content=\"image\/png\" \/>\n<meta name=\"twitter:card\" content=\"summary_large_image\" \/>\n<meta name=\"twitter:label1\" content=\"Prix\" \/>\n\t<meta name=\"twitter:data1\" content=\"12.46&nbsp;&euro;\" \/>\n\t<meta name=\"twitter:label2\" content=\"Disponibilit\u00e9\" \/>\n\t<meta name=\"twitter:data2\" content=\"En stock\" \/>\n<script type=\"application\/ld+json\" class=\"yoast-schema-graph\">{\"@context\":\"https:\\\/\\\/schema.org\",\"@graph\":[{\"@type\":[\"WebPage\",\"ItemPage\"],\"@id\":\"https:\\\/\\\/ecosupplements.be\\\/fr\\\/produit\\\/zinc-cuivre-15mg-1mg-120-capsules-vegetaliennes\\\/\",\"url\":\"https:\\\/\\\/ecosupplements.be\\\/fr\\\/produit\\\/zinc-cuivre-15mg-1mg-120-capsules-vegetaliennes\\\/\",\"name\":\"Zinc + Cuivre, 15mg + 1mg - 120 capsules v\u00e9g\u00e9taliennes - ECO Supplements\",\"isPartOf\":{\"@id\":\"https:\\\/\\\/ecosupplements.be\\\/fr\\\/#website\"},\"primaryImageOfPage\":{\"@id\":\"https:\\\/\\\/ecosupplements.be\\\/fr\\\/produit\\\/zinc-cuivre-15mg-1mg-120-capsules-vegetaliennes\\\/#primaryimage\"},\"image\":{\"@id\":\"https:\\\/\\\/ecosupplements.be\\\/fr\\\/produit\\\/zinc-cuivre-15mg-1mg-120-capsules-vegetaliennes\\\/#primaryimage\"},\"thumbnailUrl\":\"https:\\\/\\\/ecosupplements.be\\\/wp-content\\\/uploads\\\/2025\\\/08\\\/Zinc-Copper-15mg-1mg-120-vegan-caps.png\",\"datePublished\":\"2022-07-22T18:31:17+00:00\",\"dateModified\":\"2025-08-27T12:51:45+00:00\",\"description\":\"Wij hebben een ruime keuze aan producten van Zinc + Cuivre, 15mg + 1mg - 120 capsules v\u00e9g\u00e9taliennes . Winkel bij Eco Supplements altijd gratis verzending boven 100\u20ac\",\"breadcrumb\":{\"@id\":\"https:\\\/\\\/ecosupplements.be\\\/fr\\\/produit\\\/zinc-cuivre-15mg-1mg-120-capsules-vegetaliennes\\\/#breadcrumb\"},\"inLanguage\":\"fr-FR\",\"potentialAction\":[{\"@type\":\"ReadAction\",\"target\":[\"https:\\\/\\\/ecosupplements.be\\\/fr\\\/produit\\\/zinc-cuivre-15mg-1mg-120-capsules-vegetaliennes\\\/\"]}]},{\"@type\":\"ImageObject\",\"inLanguage\":\"fr-FR\",\"@id\":\"https:\\\/\\\/ecosupplements.be\\\/fr\\\/produit\\\/zinc-cuivre-15mg-1mg-120-capsules-vegetaliennes\\\/#primaryimage\",\"url\":\"https:\\\/\\\/ecosupplements.be\\\/wp-content\\\/uploads\\\/2025\\\/08\\\/Zinc-Copper-15mg-1mg-120-vegan-caps.png\",\"contentUrl\":\"https:\\\/\\\/ecosupplements.be\\\/wp-content\\\/uploads\\\/2025\\\/08\\\/Zinc-Copper-15mg-1mg-120-vegan-caps.png\",\"width\":572,\"height\":750},{\"@type\":\"BreadcrumbList\",\"@id\":\"https:\\\/\\\/ecosupplements.be\\\/fr\\\/produit\\\/zinc-cuivre-15mg-1mg-120-capsules-vegetaliennes\\\/#breadcrumb\",\"itemListElement\":[{\"@type\":\"ListItem\",\"position\":1,\"name\":\"Home\",\"item\":\"https:\\\/\\\/ecosupplements.be\\\/fr\\\/\"},{\"@type\":\"ListItem\",\"position\":2,\"name\":\"Boutique\",\"item\":\"https:\\\/\\\/ecosupplements.be\\\/fr\\\/boutique\\\/\"},{\"@type\":\"ListItem\",\"position\":3,\"name\":\"Zinc + Cuivre, 15mg + 1mg &#8211; 120 capsules v\u00e9g\u00e9taliennes\"}]},{\"@type\":\"WebSite\",\"@id\":\"https:\\\/\\\/ecosupplements.be\\\/fr\\\/#website\",\"url\":\"https:\\\/\\\/ecosupplements.be\\\/fr\\\/\",\"name\":\"ECO Supplements\",\"description\":\"Eco Supplements - Gezonde supplementen\",\"publisher\":{\"@id\":\"https:\\\/\\\/ecosupplements.be\\\/fr\\\/#organization\"},\"potentialAction\":[{\"@type\":\"SearchAction\",\"target\":{\"@type\":\"EntryPoint\",\"urlTemplate\":\"https:\\\/\\\/ecosupplements.be\\\/fr\\\/?s={search_term_string}\"},\"query-input\":{\"@type\":\"PropertyValueSpecification\",\"valueRequired\":true,\"valueName\":\"search_term_string\"}}],\"inLanguage\":\"fr-FR\"},{\"@type\":\"Organization\",\"@id\":\"https:\\\/\\\/ecosupplements.be\\\/fr\\\/#organization\",\"name\":\"Eco Supplements\",\"url\":\"https:\\\/\\\/ecosupplements.be\\\/fr\\\/\",\"logo\":{\"@type\":\"ImageObject\",\"inLanguage\":\"fr-FR\",\"@id\":\"https:\\\/\\\/ecosupplements.be\\\/fr\\\/#\\\/schema\\\/logo\\\/image\\\/\",\"url\":\"https:\\\/\\\/ecosupplements.be\\\/wp-content\\\/uploads\\\/2022\\\/06\\\/ecosupplement-family.png\",\"contentUrl\":\"https:\\\/\\\/ecosupplements.be\\\/wp-content\\\/uploads\\\/2022\\\/06\\\/ecosupplement-family.png\",\"width\":593,\"height\":374,\"caption\":\"Eco Supplements\"},\"image\":{\"@id\":\"https:\\\/\\\/ecosupplements.be\\\/fr\\\/#\\\/schema\\\/logo\\\/image\\\/\"}}]}<\/script>\n<meta property=\"product:brand\" content=\"Osavi\" \/>\n<meta property=\"product:price:amount\" content=\"12.46\" \/>\n<meta property=\"product:price:currency\" content=\"EUR\" \/>\n<meta property=\"og:availability\" content=\"instock\" \/>\n<meta property=\"product:availability\" content=\"instock\" \/>\n<meta property=\"product:retailer_item_id\" content=\"5904139921418\" \/>\n<meta property=\"product:condition\" content=\"new\" \/>\n<!-- \/ Yoast SEO Premium plugin. -->","yoast_head_json":{"title":"Zinc + Cuivre, 15mg + 1mg - 120 capsules v\u00e9g\u00e9taliennes - ECO Supplements","description":"Wij hebben een ruime keuze aan producten van Zinc + Cuivre, 15mg + 1mg - 120 capsules v\u00e9g\u00e9taliennes . Winkel bij Eco Supplements altijd gratis verzending boven 100\u20ac","robots":{"index":"index","follow":"follow","max-snippet":"max-snippet:-1","max-image-preview":"max-image-preview:large","max-video-preview":"max-video-preview:-1"},"canonical":"https:\/\/ecosupplements.be\/fr\/produit\/zinc-cuivre-15mg-1mg-120-capsules-vegetaliennes\/","og_locale":"fr_FR","og_type":"article","og_title":"Zinc + Cuivre, 15mg + 1mg - 120 capsules v\u00e9g\u00e9taliennes","og_description":"Wij hebben een ruime keuze aan producten van Zinc + Cuivre, 15mg + 1mg - 120 capsules v\u00e9g\u00e9taliennes . Winkel bij Eco Supplements altijd gratis verzending boven 100\u20ac","og_url":"https:\/\/ecosupplements.be\/fr\/produit\/zinc-cuivre-15mg-1mg-120-capsules-vegetaliennes\/","og_site_name":"ECO Supplements","article_modified_time":"2025-08-27T12:51:45+00:00","og_image":[{"width":572,"height":750,"url":"https:\/\/ecosupplements.be\/wp-content\/uploads\/2025\/08\/Zinc-Copper-15mg-1mg-120-vegan-caps-1.png","type":"image\/png"}],"twitter_card":"summary_large_image","twitter_misc":{"Prix":"12.46&nbsp;&euro;","Disponibilit\u00e9":"En stock"},"schema":{"@context":"https:\/\/schema.org","@graph":[{"@type":["WebPage","ItemPage"],"@id":"https:\/\/ecosupplements.be\/fr\/produit\/zinc-cuivre-15mg-1mg-120-capsules-vegetaliennes\/","url":"https:\/\/ecosupplements.be\/fr\/produit\/zinc-cuivre-15mg-1mg-120-capsules-vegetaliennes\/","name":"Zinc + Cuivre, 15mg + 1mg - 120 capsules v\u00e9g\u00e9taliennes - ECO Supplements","isPartOf":{"@id":"https:\/\/ecosupplements.be\/fr\/#website"},"primaryImageOfPage":{"@id":"https:\/\/ecosupplements.be\/fr\/produit\/zinc-cuivre-15mg-1mg-120-capsules-vegetaliennes\/#primaryimage"},"image":{"@id":"https:\/\/ecosupplements.be\/fr\/produit\/zinc-cuivre-15mg-1mg-120-capsules-vegetaliennes\/#primaryimage"},"thumbnailUrl":"https:\/\/ecosupplements.be\/wp-content\/uploads\/2025\/08\/Zinc-Copper-15mg-1mg-120-vegan-caps.png","datePublished":"2022-07-22T18:31:17+00:00","dateModified":"2025-08-27T12:51:45+00:00","description":"Wij hebben een ruime keuze aan producten van Zinc + Cuivre, 15mg + 1mg - 120 capsules v\u00e9g\u00e9taliennes . Winkel bij Eco Supplements altijd gratis verzending boven 100\u20ac","breadcrumb":{"@id":"https:\/\/ecosupplements.be\/fr\/produit\/zinc-cuivre-15mg-1mg-120-capsules-vegetaliennes\/#breadcrumb"},"inLanguage":"fr-FR","potentialAction":[{"@type":"ReadAction","target":["https:\/\/ecosupplements.be\/fr\/produit\/zinc-cuivre-15mg-1mg-120-capsules-vegetaliennes\/"]}]},{"@type":"ImageObject","inLanguage":"fr-FR","@id":"https:\/\/ecosupplements.be\/fr\/produit\/zinc-cuivre-15mg-1mg-120-capsules-vegetaliennes\/#primaryimage","url":"https:\/\/ecosupplements.be\/wp-content\/uploads\/2025\/08\/Zinc-Copper-15mg-1mg-120-vegan-caps.png","contentUrl":"https:\/\/ecosupplements.be\/wp-content\/uploads\/2025\/08\/Zinc-Copper-15mg-1mg-120-vegan-caps.png","width":572,"height":750},{"@type":"BreadcrumbList","@id":"https:\/\/ecosupplements.be\/fr\/produit\/zinc-cuivre-15mg-1mg-120-capsules-vegetaliennes\/#breadcrumb","itemListElement":[{"@type":"ListItem","position":1,"name":"Home","item":"https:\/\/ecosupplements.be\/fr\/"},{"@type":"ListItem","position":2,"name":"Boutique","item":"https:\/\/ecosupplements.be\/fr\/boutique\/"},{"@type":"ListItem","position":3,"name":"Zinc + Cuivre, 15mg + 1mg &#8211; 120 capsules v\u00e9g\u00e9taliennes"}]},{"@type":"WebSite","@id":"https:\/\/ecosupplements.be\/fr\/#website","url":"https:\/\/ecosupplements.be\/fr\/","name":"ECO Supplements","description":"Eco Supplements - Gezonde supplementen","publisher":{"@id":"https:\/\/ecosupplements.be\/fr\/#organization"},"potentialAction":[{"@type":"SearchAction","target":{"@type":"EntryPoint","urlTemplate":"https:\/\/ecosupplements.be\/fr\/?s={search_term_string}"},"query-input":{"@type":"PropertyValueSpecification","valueRequired":true,"valueName":"search_term_string"}}],"inLanguage":"fr-FR"},{"@type":"Organization","@id":"https:\/\/ecosupplements.be\/fr\/#organization","name":"Eco Supplements","url":"https:\/\/ecosupplements.be\/fr\/","logo":{"@type":"ImageObject","inLanguage":"fr-FR","@id":"https:\/\/ecosupplements.be\/fr\/#\/schema\/logo\/image\/","url":"https:\/\/ecosupplements.be\/wp-content\/uploads\/2022\/06\/ecosupplement-family.png","contentUrl":"https:\/\/ecosupplements.be\/wp-content\/uploads\/2022\/06\/ecosupplement-family.png","width":593,"height":374,"caption":"Eco Supplements"},"image":{"@id":"https:\/\/ecosupplements.be\/fr\/#\/schema\/logo\/image\/"}}]},"product_brand":"Osavi","product_price_amount":"12.46","product_price_currency":"EUR","og_availability":"instock","product_availability":"instock","product_retailer_item_id":"5904139921418","product_condition":"new"},"_links":{"self":[{"href":"https:\/\/ecosupplements.be\/fr\/wp-json\/wp\/v2\/product\/285480","targetHints":{"allow":["GET"]}}],"collection":[{"href":"https:\/\/ecosupplements.be\/fr\/wp-json\/wp\/v2\/product"}],"about":[{"href":"https:\/\/ecosupplements.be\/fr\/wp-json\/wp\/v2\/types\/product"}],"replies":[{"embeddable":true,"href":"https:\/\/ecosupplements.be\/fr\/wp-json\/wp\/v2\/comments?post=285480"}],"wp:featuredmedia":[{"embeddable":true,"href":"https:\/\/ecosupplements.be\/fr\/wp-json\/wp\/v2\/media\/259715"}],"wp:attachment":[{"href":"https:\/\/ecosupplements.be\/fr\/wp-json\/wp\/v2\/media?parent=285480"}],"wp:term":[{"taxonomy":"product_brand","embeddable":true,"href":"https:\/\/ecosupplements.be\/fr\/wp-json\/wp\/v2\/product_brand?post=285480"},{"taxonomy":"product_cat","embeddable":true,"href":"https:\/\/ecosupplements.be\/fr\/wp-json\/wp\/v2\/product_cat?post=285480"},{"taxonomy":"product_tag","embeddable":true,"href":"https:\/\/ecosupplements.be\/fr\/wp-json\/wp\/v2\/product_tag?post=285480"}],"curies":[{"name":"wp","href":"https:\/\/api.w.org\/{rel}","templated":true}]}}