{"id":285540,"date":"2022-07-06T22:53:12","date_gmt":"2022-07-06T21:53:12","guid":{"rendered":"https:\/\/ecosupplements.be\/product\/gommes-de-sureau-avec-zinc-et-vitamine-c-baie-60-gommes\/"},"modified":"2025-08-27T13:52:42","modified_gmt":"2025-08-27T12:52:42","slug":"gommes-de-sureau-avec-zinc-et-vitamine-c-baie-60-gommes","status":"publish","type":"product","link":"https:\/\/ecosupplements.be\/fr\/produit\/gommes-de-sureau-avec-zinc-et-vitamine-c-baie-60-gommes\/","title":{"rendered":"Gommes de sureau avec zinc et vitamine C, baie &#8211; 60 gommes"},"content":{"rendered":"<h1>Elderberry Gummies with Zinc \u2062&#038; Vitamin C, Berry &#8211; 60\u2063 gummies<\/h1>\n<p>Les Elderberry Gummies with Zinc &amp; Vitamin C de la marque Swanson sont des compl\u00e9ments \u200balimentaires \u00e0 base \u2063de baies de sureau, de \u2062zinc et de vitamine \u200dC. Chaque flacon\u200d contient 60 \u200cgummies au d\u00e9licieux go\u00fbt de baies,\u200b pour une cure de 30 jours.<\/p>\n<h2>Ingr\u00e9dients cl\u00e9s<\/h2>\n<p>Ces\u2064 gummies sont formul\u00e9s \u2063avec des ingr\u00e9dients naturels et de \u200dhaute qualit\u00e9 pour offrir un soutien immunitaire optimal. Les principaux\u2062 ingr\u00e9dients\u2063 sont les suivants\u2062 :<\/p>\n<ul>\n<li>Baies de sureau\u200b : riches \u200cen \u200bantioxydants, ces\u2064 baies \u200csont connues pour \u200dleurs propri\u00e9t\u00e9s\u2062 anti-inflammatoires et leur capacit\u00e9 \u00e0 renforcer le syst\u00e8me immunitaire.<\/li>\n<li>Zinc : un min\u00e9ral essentiel\u200d pour le bon fonctionnement du syst\u00e8me immunitaire\u200c et la sant\u00e9 \u2064globale du corps.<\/li>\n<li>Vitamine C : \u2064un antioxydant puissant qui aide \u00e0 renforcer le\u200d syst\u00e8me immunitaire et \u2063\u00e0 prot\u00e9ger\u200b contre les radicaux libres.<\/li>\n<\/ul>\n<h2>Avantages uniques<\/h2>\n<p>Les Elderberry Gummies with Zinc &amp; Vitamin C sont un moyen pratique et\u2063 d\u00e9licieux de renforcer votre syst\u00e8me\u2063 immunitaire et de \u200bprot\u00e9ger votre corps contre les maladies. Voici quelques-uns des avantages uniques de \u2064ces\u200b gummies :<\/p>\n<ul>\n<li>Faciles\u200c \u00e0 prendre : ces gummies\u200d sont faciles \u00e0 m\u00e2cher et \u00e0 avaler, ce\u2064 qui les rend parfaits\u200b pour\u2064 les personnes ayant du mal \u00e0 avaler des comprim\u00e9s ou des capsules.<\/li>\n<li>Go\u00fbt d\u00e9licieux : avec \u2062leur d\u00e9licieux \u200dgo\u00fbt \u200cde baies, ces gummies sont une alternative \u2063agr\u00e9able aux suppl\u00e9ments traditionnels.<\/li>\n<li>Formule compl\u00e8te : en plus des baies\u2064 de sureau, ces gummies contiennent \u00e9galement du zinc et \u200cde la vitamine C pour\u200c un soutien\u2063 immunitaire complet.<\/li>\n<\/ul>\n<h2>Utilisation sugg\u00e9r\u00e9e<\/h2>\n<p>Prenez deux gummies par jour avec de l&#8217;eau, de pr\u00e9f\u00e9rence\u2062 pendant \u200dun repas. Ne pas d\u00e9passer la \u2062dose recommand\u00e9e.<\/p>\n<h2>\u00c0 propos de la marque<\/h2>\n<p>Swanson \u2064est une marque am\u00e9ricaine r\u00e9put\u00e9e pour ses compl\u00e9ments\u2063 alimentaires de haute qualit\u00e9. Depuis\u200b plus\u2064 de 50 ans, \u2063Swanson\u2062 s&#8217;engage \u00e0 fournir des produits\u2062 s\u00fbrs\u2063 et efficaces pour aider \u200cles gens \u00e0 atteindre une sant\u00e9 optimale.<\/p>\n<p>Donnez \u00e0\u2064 votre syst\u00e8me immunitaire un\u2063 coup de pouce avec \u2064les Elderberry\u200d Gummies with Zinc &amp; Vitamin C\u2064 de \u200bSwanson. Commandez \u2063d\u00e8s \u2063maintenant et\u200b profitez d&#8217;une \u200csant\u00e9 renforc\u00e9e \u2062et d&#8217;un d\u00e9licieux go\u00fbt de baies !<\/p>\n","protected":false},"excerpt":{"rendered":"<p>Elderberry Gummies with Zinc \u2062&#038; Vitamin C, Berry &#8211; 60\u2063 gummies Les Elderberry Gummies with Zinc &amp; Vitamin C de la marque Swanson sont des compl\u00e9ments \u200balimentaires \u00e0 base \u2063de baies de sureau, de \u2062zinc et de vitamine \u200dC. Chaque flacon\u200d contient 60 \u200cgummies au d\u00e9licieux go\u00fbt de baies,\u200b pour une cure de 30 jours. [&#8230;]\n","protected":false},"featured_media":259565,"comment_status":"open","ping_status":"open","template":"","meta":[],"product_brand":[4761],"product_cat":[5052],"product_tag":[],"class_list":{"0":"post-285540","1":"product","2":"type-product","3":"status-publish","4":"has-post-thumbnail","6":"product_brand-swanson-2","7":"product_cat-sante-et-bien-etre","9":"first","10":"instock","11":"taxable","12":"shipping-taxable","13":"purchasable","14":"product-type-simple"},"yoast_head":"<!-- This site is optimized with the Yoast SEO Premium plugin v27.5 (Yoast SEO v27.5) - https:\/\/yoast.com\/product\/yoast-seo-premium-wordpress\/ -->\n<title>Gommes de sureau avec zinc et vitamine C, baie - 60 gommes - ECO Supplements<\/title>\n<meta name=\"description\" content=\"Wij hebben een ruime keuze aan producten van Gommes de sureau avec zinc et vitamine C, baie - 60 gommes . Winkel bij Eco Supplements altijd gratis verzending boven 100\u20ac\" \/>\n<meta name=\"robots\" content=\"index, follow, max-snippet:-1, max-image-preview:large, max-video-preview:-1\" \/>\n<link rel=\"canonical\" href=\"https:\/\/ecosupplements.be\/fr\/produit\/gommes-de-sureau-avec-zinc-et-vitamine-c-baie-60-gommes\/\" \/>\n<meta property=\"og:locale\" content=\"fr_FR\" \/>\n<meta property=\"og:type\" content=\"article\" \/>\n<meta property=\"og:title\" content=\"Gommes de sureau avec zinc et vitamine C, baie - 60 gommes\" \/>\n<meta property=\"og:description\" content=\"Wij hebben een ruime keuze aan producten van Gommes de sureau avec zinc et vitamine C, baie - 60 gommes . Winkel bij Eco Supplements altijd gratis verzending boven 100\u20ac\" \/>\n<meta property=\"og:url\" content=\"https:\/\/ecosupplements.be\/fr\/produit\/gommes-de-sureau-avec-zinc-et-vitamine-c-baie-60-gommes\/\" \/>\n<meta property=\"og:site_name\" content=\"ECO Supplements\" \/>\n<meta property=\"article:modified_time\" content=\"2025-08-27T12:52:42+00:00\" \/>\n<meta property=\"og:image\" content=\"https:\/\/ecosupplements.be\/wp-content\/uploads\/2025\/08\/Elderberry-Gummies-with-Zinc-Vitamin-C-Berry-60-gummies-1.jpg\" \/>\n\t<meta property=\"og:image:width\" content=\"650\" \/>\n\t<meta property=\"og:image:height\" content=\"650\" \/>\n\t<meta property=\"og:image:type\" content=\"image\/jpeg\" \/>\n<meta name=\"twitter:card\" content=\"summary_large_image\" \/>\n<meta name=\"twitter:label1\" content=\"Prix\" \/>\n\t<meta name=\"twitter:data1\" content=\"19.01&nbsp;&euro;\" \/>\n\t<meta name=\"twitter:label2\" content=\"Disponibilit\u00e9\" \/>\n\t<meta name=\"twitter:data2\" content=\"En stock\" \/>\n<script type=\"application\/ld+json\" class=\"yoast-schema-graph\">{\"@context\":\"https:\\\/\\\/schema.org\",\"@graph\":[{\"@type\":[\"WebPage\",\"ItemPage\"],\"@id\":\"https:\\\/\\\/ecosupplements.be\\\/fr\\\/produit\\\/gommes-de-sureau-avec-zinc-et-vitamine-c-baie-60-gommes\\\/\",\"url\":\"https:\\\/\\\/ecosupplements.be\\\/fr\\\/produit\\\/gommes-de-sureau-avec-zinc-et-vitamine-c-baie-60-gommes\\\/\",\"name\":\"Gommes de sureau avec zinc et vitamine C, baie - 60 gommes - ECO Supplements\",\"isPartOf\":{\"@id\":\"https:\\\/\\\/ecosupplements.be\\\/fr\\\/#website\"},\"primaryImageOfPage\":{\"@id\":\"https:\\\/\\\/ecosupplements.be\\\/fr\\\/produit\\\/gommes-de-sureau-avec-zinc-et-vitamine-c-baie-60-gommes\\\/#primaryimage\"},\"image\":{\"@id\":\"https:\\\/\\\/ecosupplements.be\\\/fr\\\/produit\\\/gommes-de-sureau-avec-zinc-et-vitamine-c-baie-60-gommes\\\/#primaryimage\"},\"thumbnailUrl\":\"https:\\\/\\\/ecosupplements.be\\\/wp-content\\\/uploads\\\/2025\\\/08\\\/Elderberry-Gummies-with-Zinc-Vitamin-C-Berry-60-gummies.jpg\",\"datePublished\":\"2022-07-06T21:53:12+00:00\",\"dateModified\":\"2025-08-27T12:52:42+00:00\",\"description\":\"Wij hebben een ruime keuze aan producten van Gommes de sureau avec zinc et vitamine C, baie - 60 gommes . Winkel bij Eco Supplements altijd gratis verzending boven 100\u20ac\",\"breadcrumb\":{\"@id\":\"https:\\\/\\\/ecosupplements.be\\\/fr\\\/produit\\\/gommes-de-sureau-avec-zinc-et-vitamine-c-baie-60-gommes\\\/#breadcrumb\"},\"inLanguage\":\"fr-FR\",\"potentialAction\":[{\"@type\":\"ReadAction\",\"target\":[\"https:\\\/\\\/ecosupplements.be\\\/fr\\\/produit\\\/gommes-de-sureau-avec-zinc-et-vitamine-c-baie-60-gommes\\\/\"]}]},{\"@type\":\"ImageObject\",\"inLanguage\":\"fr-FR\",\"@id\":\"https:\\\/\\\/ecosupplements.be\\\/fr\\\/produit\\\/gommes-de-sureau-avec-zinc-et-vitamine-c-baie-60-gommes\\\/#primaryimage\",\"url\":\"https:\\\/\\\/ecosupplements.be\\\/wp-content\\\/uploads\\\/2025\\\/08\\\/Elderberry-Gummies-with-Zinc-Vitamin-C-Berry-60-gummies.jpg\",\"contentUrl\":\"https:\\\/\\\/ecosupplements.be\\\/wp-content\\\/uploads\\\/2025\\\/08\\\/Elderberry-Gummies-with-Zinc-Vitamin-C-Berry-60-gummies.jpg\",\"width\":650,\"height\":650},{\"@type\":\"BreadcrumbList\",\"@id\":\"https:\\\/\\\/ecosupplements.be\\\/fr\\\/produit\\\/gommes-de-sureau-avec-zinc-et-vitamine-c-baie-60-gommes\\\/#breadcrumb\",\"itemListElement\":[{\"@type\":\"ListItem\",\"position\":1,\"name\":\"Home\",\"item\":\"https:\\\/\\\/ecosupplements.be\\\/fr\\\/\"},{\"@type\":\"ListItem\",\"position\":2,\"name\":\"Boutique\",\"item\":\"https:\\\/\\\/ecosupplements.be\\\/fr\\\/boutique\\\/\"},{\"@type\":\"ListItem\",\"position\":3,\"name\":\"Gommes de sureau avec zinc et vitamine C, baie &#8211; 60 gommes\"}]},{\"@type\":\"WebSite\",\"@id\":\"https:\\\/\\\/ecosupplements.be\\\/fr\\\/#website\",\"url\":\"https:\\\/\\\/ecosupplements.be\\\/fr\\\/\",\"name\":\"ECO Supplements\",\"description\":\"Eco Supplements - Gezonde supplementen\",\"publisher\":{\"@id\":\"https:\\\/\\\/ecosupplements.be\\\/fr\\\/#organization\"},\"potentialAction\":[{\"@type\":\"SearchAction\",\"target\":{\"@type\":\"EntryPoint\",\"urlTemplate\":\"https:\\\/\\\/ecosupplements.be\\\/fr\\\/?s={search_term_string}\"},\"query-input\":{\"@type\":\"PropertyValueSpecification\",\"valueRequired\":true,\"valueName\":\"search_term_string\"}}],\"inLanguage\":\"fr-FR\"},{\"@type\":\"Organization\",\"@id\":\"https:\\\/\\\/ecosupplements.be\\\/fr\\\/#organization\",\"name\":\"Eco Supplements\",\"url\":\"https:\\\/\\\/ecosupplements.be\\\/fr\\\/\",\"logo\":{\"@type\":\"ImageObject\",\"inLanguage\":\"fr-FR\",\"@id\":\"https:\\\/\\\/ecosupplements.be\\\/fr\\\/#\\\/schema\\\/logo\\\/image\\\/\",\"url\":\"https:\\\/\\\/ecosupplements.be\\\/wp-content\\\/uploads\\\/2022\\\/06\\\/ecosupplement-family.png\",\"contentUrl\":\"https:\\\/\\\/ecosupplements.be\\\/wp-content\\\/uploads\\\/2022\\\/06\\\/ecosupplement-family.png\",\"width\":593,\"height\":374,\"caption\":\"Eco Supplements\"},\"image\":{\"@id\":\"https:\\\/\\\/ecosupplements.be\\\/fr\\\/#\\\/schema\\\/logo\\\/image\\\/\"}}]}<\/script>\n<meta property=\"product:brand\" content=\"Swanson\" \/>\n<meta property=\"product:price:amount\" content=\"19.01\" \/>\n<meta property=\"product:price:currency\" content=\"EUR\" \/>\n<meta property=\"og:availability\" content=\"instock\" \/>\n<meta property=\"product:availability\" content=\"instock\" \/>\n<meta property=\"product:retailer_item_id\" content=\"087614118031\" \/>\n<meta property=\"product:condition\" content=\"new\" \/>\n<!-- \/ Yoast SEO Premium plugin. -->","yoast_head_json":{"title":"Gommes de sureau avec zinc et vitamine C, baie - 60 gommes - ECO Supplements","description":"Wij hebben een ruime keuze aan producten van Gommes de sureau avec zinc et vitamine C, baie - 60 gommes . Winkel bij Eco Supplements altijd gratis verzending boven 100\u20ac","robots":{"index":"index","follow":"follow","max-snippet":"max-snippet:-1","max-image-preview":"max-image-preview:large","max-video-preview":"max-video-preview:-1"},"canonical":"https:\/\/ecosupplements.be\/fr\/produit\/gommes-de-sureau-avec-zinc-et-vitamine-c-baie-60-gommes\/","og_locale":"fr_FR","og_type":"article","og_title":"Gommes de sureau avec zinc et vitamine C, baie - 60 gommes","og_description":"Wij hebben een ruime keuze aan producten van Gommes de sureau avec zinc et vitamine C, baie - 60 gommes . Winkel bij Eco Supplements altijd gratis verzending boven 100\u20ac","og_url":"https:\/\/ecosupplements.be\/fr\/produit\/gommes-de-sureau-avec-zinc-et-vitamine-c-baie-60-gommes\/","og_site_name":"ECO Supplements","article_modified_time":"2025-08-27T12:52:42+00:00","og_image":[{"width":650,"height":650,"url":"https:\/\/ecosupplements.be\/wp-content\/uploads\/2025\/08\/Elderberry-Gummies-with-Zinc-Vitamin-C-Berry-60-gummies-1.jpg","type":"image\/jpeg"}],"twitter_card":"summary_large_image","twitter_misc":{"Prix":"19.01&nbsp;&euro;","Disponibilit\u00e9":"En stock"},"schema":{"@context":"https:\/\/schema.org","@graph":[{"@type":["WebPage","ItemPage"],"@id":"https:\/\/ecosupplements.be\/fr\/produit\/gommes-de-sureau-avec-zinc-et-vitamine-c-baie-60-gommes\/","url":"https:\/\/ecosupplements.be\/fr\/produit\/gommes-de-sureau-avec-zinc-et-vitamine-c-baie-60-gommes\/","name":"Gommes de sureau avec zinc et vitamine C, baie - 60 gommes - ECO Supplements","isPartOf":{"@id":"https:\/\/ecosupplements.be\/fr\/#website"},"primaryImageOfPage":{"@id":"https:\/\/ecosupplements.be\/fr\/produit\/gommes-de-sureau-avec-zinc-et-vitamine-c-baie-60-gommes\/#primaryimage"},"image":{"@id":"https:\/\/ecosupplements.be\/fr\/produit\/gommes-de-sureau-avec-zinc-et-vitamine-c-baie-60-gommes\/#primaryimage"},"thumbnailUrl":"https:\/\/ecosupplements.be\/wp-content\/uploads\/2025\/08\/Elderberry-Gummies-with-Zinc-Vitamin-C-Berry-60-gummies.jpg","datePublished":"2022-07-06T21:53:12+00:00","dateModified":"2025-08-27T12:52:42+00:00","description":"Wij hebben een ruime keuze aan producten van Gommes de sureau avec zinc et vitamine C, baie - 60 gommes . Winkel bij Eco Supplements altijd gratis verzending boven 100\u20ac","breadcrumb":{"@id":"https:\/\/ecosupplements.be\/fr\/produit\/gommes-de-sureau-avec-zinc-et-vitamine-c-baie-60-gommes\/#breadcrumb"},"inLanguage":"fr-FR","potentialAction":[{"@type":"ReadAction","target":["https:\/\/ecosupplements.be\/fr\/produit\/gommes-de-sureau-avec-zinc-et-vitamine-c-baie-60-gommes\/"]}]},{"@type":"ImageObject","inLanguage":"fr-FR","@id":"https:\/\/ecosupplements.be\/fr\/produit\/gommes-de-sureau-avec-zinc-et-vitamine-c-baie-60-gommes\/#primaryimage","url":"https:\/\/ecosupplements.be\/wp-content\/uploads\/2025\/08\/Elderberry-Gummies-with-Zinc-Vitamin-C-Berry-60-gummies.jpg","contentUrl":"https:\/\/ecosupplements.be\/wp-content\/uploads\/2025\/08\/Elderberry-Gummies-with-Zinc-Vitamin-C-Berry-60-gummies.jpg","width":650,"height":650},{"@type":"BreadcrumbList","@id":"https:\/\/ecosupplements.be\/fr\/produit\/gommes-de-sureau-avec-zinc-et-vitamine-c-baie-60-gommes\/#breadcrumb","itemListElement":[{"@type":"ListItem","position":1,"name":"Home","item":"https:\/\/ecosupplements.be\/fr\/"},{"@type":"ListItem","position":2,"name":"Boutique","item":"https:\/\/ecosupplements.be\/fr\/boutique\/"},{"@type":"ListItem","position":3,"name":"Gommes de sureau avec zinc et vitamine C, baie &#8211; 60 gommes"}]},{"@type":"WebSite","@id":"https:\/\/ecosupplements.be\/fr\/#website","url":"https:\/\/ecosupplements.be\/fr\/","name":"ECO Supplements","description":"Eco Supplements - Gezonde supplementen","publisher":{"@id":"https:\/\/ecosupplements.be\/fr\/#organization"},"potentialAction":[{"@type":"SearchAction","target":{"@type":"EntryPoint","urlTemplate":"https:\/\/ecosupplements.be\/fr\/?s={search_term_string}"},"query-input":{"@type":"PropertyValueSpecification","valueRequired":true,"valueName":"search_term_string"}}],"inLanguage":"fr-FR"},{"@type":"Organization","@id":"https:\/\/ecosupplements.be\/fr\/#organization","name":"Eco Supplements","url":"https:\/\/ecosupplements.be\/fr\/","logo":{"@type":"ImageObject","inLanguage":"fr-FR","@id":"https:\/\/ecosupplements.be\/fr\/#\/schema\/logo\/image\/","url":"https:\/\/ecosupplements.be\/wp-content\/uploads\/2022\/06\/ecosupplement-family.png","contentUrl":"https:\/\/ecosupplements.be\/wp-content\/uploads\/2022\/06\/ecosupplement-family.png","width":593,"height":374,"caption":"Eco Supplements"},"image":{"@id":"https:\/\/ecosupplements.be\/fr\/#\/schema\/logo\/image\/"}}]},"product_brand":"Swanson","product_price_amount":"19.01","product_price_currency":"EUR","og_availability":"instock","product_availability":"instock","product_retailer_item_id":"087614118031","product_condition":"new"},"_links":{"self":[{"href":"https:\/\/ecosupplements.be\/fr\/wp-json\/wp\/v2\/product\/285540","targetHints":{"allow":["GET"]}}],"collection":[{"href":"https:\/\/ecosupplements.be\/fr\/wp-json\/wp\/v2\/product"}],"about":[{"href":"https:\/\/ecosupplements.be\/fr\/wp-json\/wp\/v2\/types\/product"}],"replies":[{"embeddable":true,"href":"https:\/\/ecosupplements.be\/fr\/wp-json\/wp\/v2\/comments?post=285540"}],"wp:featuredmedia":[{"embeddable":true,"href":"https:\/\/ecosupplements.be\/fr\/wp-json\/wp\/v2\/media\/259565"}],"wp:attachment":[{"href":"https:\/\/ecosupplements.be\/fr\/wp-json\/wp\/v2\/media?parent=285540"}],"wp:term":[{"taxonomy":"product_brand","embeddable":true,"href":"https:\/\/ecosupplements.be\/fr\/wp-json\/wp\/v2\/product_brand?post=285540"},{"taxonomy":"product_cat","embeddable":true,"href":"https:\/\/ecosupplements.be\/fr\/wp-json\/wp\/v2\/product_cat?post=285540"},{"taxonomy":"product_tag","embeddable":true,"href":"https:\/\/ecosupplements.be\/fr\/wp-json\/wp\/v2\/product_tag?post=285540"}],"curies":[{"name":"wp","href":"https:\/\/api.w.org\/{rel}","templated":true}]}}