{"id":285624,"date":"2022-07-25T20:20:37","date_gmt":"2022-07-25T19:20:37","guid":{"rendered":"https:\/\/ecosupplements.be\/product\/spray-de-melatonine-1mg-25-ml\/"},"modified":"2025-08-27T13:54:03","modified_gmt":"2025-08-27T12:54:03","slug":"spray-de-melatonine-1mg-25-ml","status":"publish","type":"product","link":"https:\/\/ecosupplements.be\/fr\/produit\/spray-de-melatonine-1mg-25-ml\/","title":{"rendered":"Spray de m\u00e9latonine, 1mg &#8211; 25 ml"},"content":{"rendered":"<h1>Melatonin \u200dSpray, 1mg &#8211; 25 \u200dml<\/h1>\n<p>Le Melatonin Spray de Zein Pharma est un \u200dcompl\u00e9ment alimentaire con\u00e7u pour favoriser un sommeil naturel et r\u00e9parateur. Ce spray contient 1mg de m\u00e9latonine par dose, une hormone naturelle produite par le corps qui r\u00e9gule le cycle veille-sommeil.<\/p>\n<h2>Caract\u00e9ristiques sp\u00e9ciales:<\/h2>\n<ul>\n<li>Contient 1mg de m\u00e9latonine par dose<\/li>\n<li>Spray pratique et facile \u00e0 utiliser<\/li>\n<li>Formule\u200c sans alcool<\/li>\n<li>Convient aux v\u00e9g\u00e9tariens et v\u00e9g\u00e9taliens<\/li>\n<\/ul>\n<h2>Ingr\u00e9dients:<\/h2>\n<p>Eau, \u00e9dulcorant (sorbitol), m\u00e9latonine, conservateurs (sorbate de potassium, benzoate de sodium), ar\u00f4me \u2064naturel de menthe.<\/p>\n<h2>Avantages uniques:<\/h2>\n<ul>\n<li>Aide \u2064\u00e0\u2063 r\u00e9guler le cycle veille-sommeil<\/li>\n<li>Facilite l&#8217;endormissement<\/li>\n<li>Am\u00e9liore la qualit\u00e9 du sommeil<\/li>\n<li>Formule sans alcool pour une utilisation en toute s\u00e9curit\u00e9<\/li>\n<li>Spray pratique pour une absorption rapide et efficace<\/li>\n<\/ul>\n<h2>Principales caract\u00e9ristiques:<\/h2>\n<ul>\n<li>Contient 25 ml de produit<\/li>\n<li>1mg\u2063 de m\u00e9latonine par dose<\/li>\n<li>Convient aux adultes<\/li>\n<li>Facile \u00e0 utiliser<\/li>\n<li>Convient aux v\u00e9g\u00e9tariens et v\u00e9g\u00e9taliens<\/li>\n<\/ul>\n<p>Le Melatonin Spray de Zein Pharma est un moyen naturel \u2062et efficace pour am\u00e9liorer la qualit\u00e9 de votre sommeil. Avec sa formule sans alcool \u2064et son dosage pr\u00e9cis de 1mg de m\u00e9latonine par dose,\u2063 ce\u2062 spray vous aide \u00e0\u200c vous endormir plus facilement et \u00e0 profiter d&#8217;un sommeil\u2063 r\u00e9parateur. Essayez-le d\u00e8s maintenant et retrouvez un sommeil\u2062 paisible et r\u00e9gulier.<\/p>\n","protected":false},"excerpt":{"rendered":"<p>Melatonin \u200dSpray, 1mg &#8211; 25 \u200dml Le Melatonin Spray de Zein Pharma est un \u200dcompl\u00e9ment alimentaire con\u00e7u pour favoriser un sommeil naturel et r\u00e9parateur. Ce spray contient 1mg de m\u00e9latonine par dose, une hormone naturelle produite par le corps qui r\u00e9gule le cycle veille-sommeil. Caract\u00e9ristiques sp\u00e9ciales: Contient 1mg de m\u00e9latonine par dose Spray pratique et [&#8230;]\n","protected":false},"featured_media":259868,"comment_status":"open","ping_status":"open","template":"","meta":[],"product_brand":[4773],"product_cat":[5159,5160,5054,5055,5052],"product_tag":[],"class_list":{"0":"post-285624","1":"product","2":"type-product","3":"status-publish","4":"has-post-thumbnail","6":"product_brand-zein-pharma-2","7":"product_cat-aide-au-sommeil","8":"product_cat-melatonine-aide-au-sommeil","9":"product_cat-nourriture-saine","10":"product_cat-produits-vegetaliens","11":"product_cat-sante-et-bien-etre","13":"first","14":"instock","15":"sale","16":"taxable","17":"shipping-taxable","18":"purchasable","19":"product-type-simple"},"yoast_head":"<!-- This site is optimized with the Yoast SEO Premium plugin v27.3 (Yoast SEO v27.3) - https:\/\/yoast.com\/product\/yoast-seo-premium-wordpress\/ -->\n<title>Spray de m\u00e9latonine, 1mg - 25 ml - ECO Supplements<\/title>\n<meta name=\"description\" content=\"Wij hebben een ruime keuze aan producten van Spray de m\u00e9latonine, 1mg - 25 ml . Winkel bij Eco Supplements altijd gratis verzending boven 100\u20ac\" \/>\n<meta name=\"robots\" content=\"index, follow, max-snippet:-1, max-image-preview:large, max-video-preview:-1\" \/>\n<link rel=\"canonical\" href=\"https:\/\/ecosupplements.be\/fr\/produit\/spray-de-melatonine-1mg-25-ml\/\" \/>\n<meta property=\"og:locale\" content=\"fr_FR\" \/>\n<meta property=\"og:type\" content=\"article\" \/>\n<meta property=\"og:title\" content=\"Spray de m\u00e9latonine, 1mg - 25 ml\" \/>\n<meta property=\"og:description\" content=\"Wij hebben een ruime keuze aan producten van Spray de m\u00e9latonine, 1mg - 25 ml . Winkel bij Eco Supplements altijd gratis verzending boven 100\u20ac\" \/>\n<meta property=\"og:url\" content=\"https:\/\/ecosupplements.be\/fr\/produit\/spray-de-melatonine-1mg-25-ml\/\" \/>\n<meta property=\"og:site_name\" content=\"ECO Supplements\" \/>\n<meta property=\"article:modified_time\" content=\"2025-08-27T12:54:03+00:00\" \/>\n<meta property=\"og:image\" content=\"https:\/\/ecosupplements.be\/wp-content\/uploads\/2025\/08\/Melatonin-Spray-1mg-25-ml-1.png\" \/>\n\t<meta property=\"og:image:width\" content=\"446\" \/>\n\t<meta property=\"og:image:height\" content=\"643\" \/>\n\t<meta property=\"og:image:type\" content=\"image\/png\" \/>\n<meta name=\"twitter:card\" content=\"summary_large_image\" \/>\n<meta name=\"twitter:label1\" content=\"Prix\" \/>\n\t<meta name=\"twitter:data1\" content=\"10.65&nbsp;&euro;\" \/>\n\t<meta name=\"twitter:label2\" content=\"Disponibilit\u00e9\" \/>\n\t<meta name=\"twitter:data2\" content=\"En stock\" \/>\n<script type=\"application\/ld+json\" class=\"yoast-schema-graph\">{\"@context\":\"https:\\\/\\\/schema.org\",\"@graph\":[{\"@type\":[\"WebPage\",\"ItemPage\"],\"@id\":\"https:\\\/\\\/ecosupplements.be\\\/fr\\\/produit\\\/spray-de-melatonine-1mg-25-ml\\\/\",\"url\":\"https:\\\/\\\/ecosupplements.be\\\/fr\\\/produit\\\/spray-de-melatonine-1mg-25-ml\\\/\",\"name\":\"Spray de m\u00e9latonine, 1mg - 25 ml - ECO Supplements\",\"isPartOf\":{\"@id\":\"https:\\\/\\\/ecosupplements.be\\\/fr\\\/#website\"},\"primaryImageOfPage\":{\"@id\":\"https:\\\/\\\/ecosupplements.be\\\/fr\\\/produit\\\/spray-de-melatonine-1mg-25-ml\\\/#primaryimage\"},\"image\":{\"@id\":\"https:\\\/\\\/ecosupplements.be\\\/fr\\\/produit\\\/spray-de-melatonine-1mg-25-ml\\\/#primaryimage\"},\"thumbnailUrl\":\"https:\\\/\\\/ecosupplements.be\\\/wp-content\\\/uploads\\\/2025\\\/08\\\/Melatonin-Spray-1mg-25-ml.png\",\"datePublished\":\"2022-07-25T19:20:37+00:00\",\"dateModified\":\"2025-08-27T12:54:03+00:00\",\"description\":\"Wij hebben een ruime keuze aan producten van Spray de m\u00e9latonine, 1mg - 25 ml . Winkel bij Eco Supplements altijd gratis verzending boven 100\u20ac\",\"breadcrumb\":{\"@id\":\"https:\\\/\\\/ecosupplements.be\\\/fr\\\/produit\\\/spray-de-melatonine-1mg-25-ml\\\/#breadcrumb\"},\"inLanguage\":\"fr-FR\",\"potentialAction\":[{\"@type\":\"ReadAction\",\"target\":[\"https:\\\/\\\/ecosupplements.be\\\/fr\\\/produit\\\/spray-de-melatonine-1mg-25-ml\\\/\"]}]},{\"@type\":\"ImageObject\",\"inLanguage\":\"fr-FR\",\"@id\":\"https:\\\/\\\/ecosupplements.be\\\/fr\\\/produit\\\/spray-de-melatonine-1mg-25-ml\\\/#primaryimage\",\"url\":\"https:\\\/\\\/ecosupplements.be\\\/wp-content\\\/uploads\\\/2025\\\/08\\\/Melatonin-Spray-1mg-25-ml.png\",\"contentUrl\":\"https:\\\/\\\/ecosupplements.be\\\/wp-content\\\/uploads\\\/2025\\\/08\\\/Melatonin-Spray-1mg-25-ml.png\",\"width\":446,\"height\":643},{\"@type\":\"BreadcrumbList\",\"@id\":\"https:\\\/\\\/ecosupplements.be\\\/fr\\\/produit\\\/spray-de-melatonine-1mg-25-ml\\\/#breadcrumb\",\"itemListElement\":[{\"@type\":\"ListItem\",\"position\":1,\"name\":\"Home\",\"item\":\"https:\\\/\\\/ecosupplements.be\\\/fr\\\/\"},{\"@type\":\"ListItem\",\"position\":2,\"name\":\"Boutique\",\"item\":\"https:\\\/\\\/ecosupplements.be\\\/fr\\\/boutique\\\/\"},{\"@type\":\"ListItem\",\"position\":3,\"name\":\"Spray de m\u00e9latonine, 1mg &#8211; 25 ml\"}]},{\"@type\":\"WebSite\",\"@id\":\"https:\\\/\\\/ecosupplements.be\\\/fr\\\/#website\",\"url\":\"https:\\\/\\\/ecosupplements.be\\\/fr\\\/\",\"name\":\"ECO Supplements\",\"description\":\"Eco Supplements - Gezonde supplementen\",\"publisher\":{\"@id\":\"https:\\\/\\\/ecosupplements.be\\\/fr\\\/#organization\"},\"potentialAction\":[{\"@type\":\"SearchAction\",\"target\":{\"@type\":\"EntryPoint\",\"urlTemplate\":\"https:\\\/\\\/ecosupplements.be\\\/fr\\\/?s={search_term_string}\"},\"query-input\":{\"@type\":\"PropertyValueSpecification\",\"valueRequired\":true,\"valueName\":\"search_term_string\"}}],\"inLanguage\":\"fr-FR\"},{\"@type\":\"Organization\",\"@id\":\"https:\\\/\\\/ecosupplements.be\\\/fr\\\/#organization\",\"name\":\"Eco Supplements\",\"url\":\"https:\\\/\\\/ecosupplements.be\\\/fr\\\/\",\"logo\":{\"@type\":\"ImageObject\",\"inLanguage\":\"fr-FR\",\"@id\":\"https:\\\/\\\/ecosupplements.be\\\/fr\\\/#\\\/schema\\\/logo\\\/image\\\/\",\"url\":\"https:\\\/\\\/ecosupplements.be\\\/wp-content\\\/uploads\\\/2022\\\/06\\\/ecosupplement-family.png\",\"contentUrl\":\"https:\\\/\\\/ecosupplements.be\\\/wp-content\\\/uploads\\\/2022\\\/06\\\/ecosupplement-family.png\",\"width\":593,\"height\":374,\"caption\":\"Eco Supplements\"},\"image\":{\"@id\":\"https:\\\/\\\/ecosupplements.be\\\/fr\\\/#\\\/schema\\\/logo\\\/image\\\/\"}}]}<\/script>\n<meta property=\"product:brand\" content=\"Zein Pharma\" \/>\n<meta property=\"product:price:amount\" content=\"10.65\" \/>\n<meta property=\"product:price:currency\" content=\"EUR\" \/>\n<meta property=\"og:availability\" content=\"instock\" \/>\n<meta property=\"product:availability\" content=\"instock\" \/>\n<meta property=\"product:retailer_item_id\" content=\"4260085384914\" \/>\n<meta property=\"product:condition\" content=\"new\" \/>\n<!-- \/ Yoast SEO Premium plugin. -->","yoast_head_json":{"title":"Spray de m\u00e9latonine, 1mg - 25 ml - ECO Supplements","description":"Wij hebben een ruime keuze aan producten van Spray de m\u00e9latonine, 1mg - 25 ml . Winkel bij Eco Supplements altijd gratis verzending boven 100\u20ac","robots":{"index":"index","follow":"follow","max-snippet":"max-snippet:-1","max-image-preview":"max-image-preview:large","max-video-preview":"max-video-preview:-1"},"canonical":"https:\/\/ecosupplements.be\/fr\/produit\/spray-de-melatonine-1mg-25-ml\/","og_locale":"fr_FR","og_type":"article","og_title":"Spray de m\u00e9latonine, 1mg - 25 ml","og_description":"Wij hebben een ruime keuze aan producten van Spray de m\u00e9latonine, 1mg - 25 ml . Winkel bij Eco Supplements altijd gratis verzending boven 100\u20ac","og_url":"https:\/\/ecosupplements.be\/fr\/produit\/spray-de-melatonine-1mg-25-ml\/","og_site_name":"ECO Supplements","article_modified_time":"2025-08-27T12:54:03+00:00","og_image":[{"width":446,"height":643,"url":"https:\/\/ecosupplements.be\/wp-content\/uploads\/2025\/08\/Melatonin-Spray-1mg-25-ml-1.png","type":"image\/png"}],"twitter_card":"summary_large_image","twitter_misc":{"Prix":"10.65&nbsp;&euro;","Disponibilit\u00e9":"En stock"},"schema":{"@context":"https:\/\/schema.org","@graph":[{"@type":["WebPage","ItemPage"],"@id":"https:\/\/ecosupplements.be\/fr\/produit\/spray-de-melatonine-1mg-25-ml\/","url":"https:\/\/ecosupplements.be\/fr\/produit\/spray-de-melatonine-1mg-25-ml\/","name":"Spray de m\u00e9latonine, 1mg - 25 ml - ECO Supplements","isPartOf":{"@id":"https:\/\/ecosupplements.be\/fr\/#website"},"primaryImageOfPage":{"@id":"https:\/\/ecosupplements.be\/fr\/produit\/spray-de-melatonine-1mg-25-ml\/#primaryimage"},"image":{"@id":"https:\/\/ecosupplements.be\/fr\/produit\/spray-de-melatonine-1mg-25-ml\/#primaryimage"},"thumbnailUrl":"https:\/\/ecosupplements.be\/wp-content\/uploads\/2025\/08\/Melatonin-Spray-1mg-25-ml.png","datePublished":"2022-07-25T19:20:37+00:00","dateModified":"2025-08-27T12:54:03+00:00","description":"Wij hebben een ruime keuze aan producten van Spray de m\u00e9latonine, 1mg - 25 ml . Winkel bij Eco Supplements altijd gratis verzending boven 100\u20ac","breadcrumb":{"@id":"https:\/\/ecosupplements.be\/fr\/produit\/spray-de-melatonine-1mg-25-ml\/#breadcrumb"},"inLanguage":"fr-FR","potentialAction":[{"@type":"ReadAction","target":["https:\/\/ecosupplements.be\/fr\/produit\/spray-de-melatonine-1mg-25-ml\/"]}]},{"@type":"ImageObject","inLanguage":"fr-FR","@id":"https:\/\/ecosupplements.be\/fr\/produit\/spray-de-melatonine-1mg-25-ml\/#primaryimage","url":"https:\/\/ecosupplements.be\/wp-content\/uploads\/2025\/08\/Melatonin-Spray-1mg-25-ml.png","contentUrl":"https:\/\/ecosupplements.be\/wp-content\/uploads\/2025\/08\/Melatonin-Spray-1mg-25-ml.png","width":446,"height":643},{"@type":"BreadcrumbList","@id":"https:\/\/ecosupplements.be\/fr\/produit\/spray-de-melatonine-1mg-25-ml\/#breadcrumb","itemListElement":[{"@type":"ListItem","position":1,"name":"Home","item":"https:\/\/ecosupplements.be\/fr\/"},{"@type":"ListItem","position":2,"name":"Boutique","item":"https:\/\/ecosupplements.be\/fr\/boutique\/"},{"@type":"ListItem","position":3,"name":"Spray de m\u00e9latonine, 1mg &#8211; 25 ml"}]},{"@type":"WebSite","@id":"https:\/\/ecosupplements.be\/fr\/#website","url":"https:\/\/ecosupplements.be\/fr\/","name":"ECO Supplements","description":"Eco Supplements - Gezonde supplementen","publisher":{"@id":"https:\/\/ecosupplements.be\/fr\/#organization"},"potentialAction":[{"@type":"SearchAction","target":{"@type":"EntryPoint","urlTemplate":"https:\/\/ecosupplements.be\/fr\/?s={search_term_string}"},"query-input":{"@type":"PropertyValueSpecification","valueRequired":true,"valueName":"search_term_string"}}],"inLanguage":"fr-FR"},{"@type":"Organization","@id":"https:\/\/ecosupplements.be\/fr\/#organization","name":"Eco Supplements","url":"https:\/\/ecosupplements.be\/fr\/","logo":{"@type":"ImageObject","inLanguage":"fr-FR","@id":"https:\/\/ecosupplements.be\/fr\/#\/schema\/logo\/image\/","url":"https:\/\/ecosupplements.be\/wp-content\/uploads\/2022\/06\/ecosupplement-family.png","contentUrl":"https:\/\/ecosupplements.be\/wp-content\/uploads\/2022\/06\/ecosupplement-family.png","width":593,"height":374,"caption":"Eco Supplements"},"image":{"@id":"https:\/\/ecosupplements.be\/fr\/#\/schema\/logo\/image\/"}}]},"product_brand":"Zein Pharma","product_price_amount":"10.65","product_price_currency":"EUR","og_availability":"instock","product_availability":"instock","product_retailer_item_id":"4260085384914","product_condition":"new"},"_links":{"self":[{"href":"https:\/\/ecosupplements.be\/fr\/wp-json\/wp\/v2\/product\/285624","targetHints":{"allow":["GET"]}}],"collection":[{"href":"https:\/\/ecosupplements.be\/fr\/wp-json\/wp\/v2\/product"}],"about":[{"href":"https:\/\/ecosupplements.be\/fr\/wp-json\/wp\/v2\/types\/product"}],"replies":[{"embeddable":true,"href":"https:\/\/ecosupplements.be\/fr\/wp-json\/wp\/v2\/comments?post=285624"}],"wp:featuredmedia":[{"embeddable":true,"href":"https:\/\/ecosupplements.be\/fr\/wp-json\/wp\/v2\/media\/259868"}],"wp:attachment":[{"href":"https:\/\/ecosupplements.be\/fr\/wp-json\/wp\/v2\/media?parent=285624"}],"wp:term":[{"taxonomy":"product_brand","embeddable":true,"href":"https:\/\/ecosupplements.be\/fr\/wp-json\/wp\/v2\/product_brand?post=285624"},{"taxonomy":"product_cat","embeddable":true,"href":"https:\/\/ecosupplements.be\/fr\/wp-json\/wp\/v2\/product_cat?post=285624"},{"taxonomy":"product_tag","embeddable":true,"href":"https:\/\/ecosupplements.be\/fr\/wp-json\/wp\/v2\/product_tag?post=285624"}],"curies":[{"name":"wp","href":"https:\/\/api.w.org\/{rel}","templated":true}]}}