{"id":285654,"date":"2022-07-25T20:22:24","date_gmt":"2022-07-25T19:22:24","guid":{"rendered":"https:\/\/ecosupplements.be\/product\/ulesvitamine-d3-5000-ui-90-capsules\/"},"modified":"2025-08-27T13:54:33","modified_gmt":"2025-08-27T12:54:33","slug":"ulesvitamine-d3-5000-ui-90-capsules","status":"publish","type":"product","link":"https:\/\/ecosupplements.be\/fr\/produit\/ulesvitamine-d3-5000-ui-90-capsules\/","title":{"rendered":"Ules\n\nVitamine D3, 5000 UI &#8211; 90 capsules"},"content":{"rendered":"<h1>Vitamin D3, 5000 IU &#8211; 90 \u200dcaps<\/h1>\n<p>Obtenez votre dose quotidienne de vitamine D3 avec ces\u2064 capsules pratiques de Zein Pharma. Chaque capsule contient\u2062 5000 UI de vitamine D3, la forme la plus efficace de vitamine D pour \u2063une absorption optimale par l&#8217;organisme.<\/p>\n<h2>Caract\u00e9ristiques sp\u00e9ciales:<\/h2>\n<ul>\n<li>5000 UI de vitamine D3 par capsule<\/li>\n<li>Forme la plus efficace de vitamine D pour une absorption optimale<\/li>\n<li>90 capsules par bouteille pour un approvisionnement de 3 mois<\/li>\n<li>Fabriqu\u00e9 en Allemagne selon les normes \u2064de qualit\u00e9 les\u200b plus strictes<\/li>\n<\/ul>\n<h2>Ingr\u00e9dients:<\/h2>\n<p>Chaque capsule\u200c contient 5000 UI de vitamine D3 (chol\u00e9calcif\u00e9rol) et \u2062des ingr\u00e9dients inactifs tels que\u200d de\u200c l&#8217;huile \u200bde soja, de la g\u00e9latine, de la glyc\u00e9rine \u2062et de l&#8217;eau purifi\u00e9e.<\/p>\n<h2>Avantages uniques:<\/h2>\n<ul>\n<li>La vitamine D3 est essentielle pour la sant\u00e9 des os et des dents<\/li>\n<li>Elle aide \u00e0 renforcer le \u200csyst\u00e8me immunitaire<\/li>\n<li>Elle peut am\u00e9liorer l&#8217;humeur et r\u00e9duire les risques de d\u00e9pression<\/li>\n<li>Elle peut \u00e9galement aider \u00e0 r\u00e9guler la glyc\u00e9mie et \u00e0 \u200dmaintenir un poids sant\u00e9<\/li>\n<\/ul>\n<h2>Principales caract\u00e9ristiques:<\/h2>\n<ul>\n<li>Facile \u00e0 prendre avec une seule capsule par jour<\/li>\n<li>Convient aux v\u00e9g\u00e9tariens<\/li>\n<li>Ne contient pas de gluten, de lactose ou d&#8217;OGM<\/li>\n<li>Convient aux adultes et aux enfants de plus de 12 \u200dans<\/li>\n<\/ul>\n<p>Prenez soin de votre sant\u00e9 \u200cavec les capsules de vitamine D3 de Zein\u200c Pharma. Commandez d\u00e8s maintenant et profitez des bienfaits de cette \u200cvitamine essentielle pour votre corps.<\/p>\n","protected":false},"excerpt":{"rendered":"<p>Vitamin D3, 5000 IU &#8211; 90 \u200dcaps Obtenez votre dose quotidienne de vitamine D3 avec ces\u2064 capsules pratiques de Zein Pharma. Chaque capsule contient\u2062 5000 UI de vitamine D3, la forme la plus efficace de vitamine D pour \u2063une absorption optimale par l&#8217;organisme. Caract\u00e9ristiques sp\u00e9ciales: 5000 UI de vitamine D3 par capsule Forme la plus [&#8230;]\n","protected":false},"featured_media":259988,"comment_status":"open","ping_status":"open","template":"","meta":[],"product_brand":[4773],"product_cat":[5052,5053],"product_tag":[],"class_list":{"0":"post-285654","1":"product","2":"type-product","3":"status-publish","4":"has-post-thumbnail","6":"product_brand-zein-pharma-2","7":"product_cat-sante-et-bien-etre","8":"product_cat-vitamines-et-mineraux","10":"first","11":"outofstock","12":"sale","13":"taxable","14":"shipping-taxable","15":"purchasable","16":"product-type-simple"},"yoast_head":"<!-- This site is optimized with the Yoast SEO Premium plugin v27.3 (Yoast SEO v27.3) - https:\/\/yoast.com\/product\/yoast-seo-premium-wordpress\/ -->\n<title>Ules Vitamine D3, 5000 UI - 90 capsules - ECO Supplements<\/title>\n<meta name=\"description\" content=\"Wij hebben een ruime keuze aan producten van Ules Vitamine D3, 5000 UI - 90 capsules . Winkel bij Eco Supplements altijd gratis verzending boven 100\u20ac\" \/>\n<meta name=\"robots\" content=\"index, follow, max-snippet:-1, max-image-preview:large, max-video-preview:-1\" \/>\n<link rel=\"canonical\" href=\"https:\/\/ecosupplements.be\/fr\/produit\/ulesvitamine-d3-5000-ui-90-capsules\/\" \/>\n<meta property=\"og:locale\" content=\"fr_FR\" \/>\n<meta property=\"og:type\" content=\"article\" \/>\n<meta property=\"og:title\" content=\"Ules Vitamine D3, 5000 UI - 90 capsules\" \/>\n<meta property=\"og:description\" content=\"Wij hebben een ruime keuze aan producten van Ules Vitamine D3, 5000 UI - 90 capsules . Winkel bij Eco Supplements altijd gratis verzending boven 100\u20ac\" \/>\n<meta property=\"og:url\" content=\"https:\/\/ecosupplements.be\/fr\/produit\/ulesvitamine-d3-5000-ui-90-capsules\/\" \/>\n<meta property=\"og:site_name\" content=\"ECO Supplements\" \/>\n<meta property=\"article:modified_time\" content=\"2025-08-27T12:54:33+00:00\" \/>\n<meta property=\"og:image\" content=\"https:\/\/ecosupplements.be\/wp-content\/uploads\/2025\/08\/Vitamin-D3-5000-IU-90-caps-1.jpg\" \/>\n\t<meta property=\"og:image:width\" content=\"586\" \/>\n\t<meta property=\"og:image:height\" content=\"936\" \/>\n\t<meta property=\"og:image:type\" content=\"image\/jpeg\" \/>\n<meta name=\"twitter:card\" content=\"summary_large_image\" \/>\n<meta name=\"twitter:label1\" content=\"Prix\" \/>\n\t<meta name=\"twitter:data1\" content=\"12.42&nbsp;&euro;\" \/>\n\t<meta name=\"twitter:label2\" content=\"Disponibilit\u00e9\" \/>\n\t<meta name=\"twitter:data2\" content=\"Rupture de stock\" \/>\n<script type=\"application\/ld+json\" class=\"yoast-schema-graph\">{\"@context\":\"https:\\\/\\\/schema.org\",\"@graph\":[{\"@type\":[\"WebPage\",\"ItemPage\"],\"@id\":\"https:\\\/\\\/ecosupplements.be\\\/fr\\\/produit\\\/ulesvitamine-d3-5000-ui-90-capsules\\\/\",\"url\":\"https:\\\/\\\/ecosupplements.be\\\/fr\\\/produit\\\/ulesvitamine-d3-5000-ui-90-capsules\\\/\",\"name\":\"Ules Vitamine D3, 5000 UI - 90 capsules - ECO Supplements\",\"isPartOf\":{\"@id\":\"https:\\\/\\\/ecosupplements.be\\\/fr\\\/#website\"},\"primaryImageOfPage\":{\"@id\":\"https:\\\/\\\/ecosupplements.be\\\/fr\\\/produit\\\/ulesvitamine-d3-5000-ui-90-capsules\\\/#primaryimage\"},\"image\":{\"@id\":\"https:\\\/\\\/ecosupplements.be\\\/fr\\\/produit\\\/ulesvitamine-d3-5000-ui-90-capsules\\\/#primaryimage\"},\"thumbnailUrl\":\"https:\\\/\\\/ecosupplements.be\\\/wp-content\\\/uploads\\\/2025\\\/08\\\/Vitamin-D3-5000-IU-90-caps.jpg\",\"datePublished\":\"2022-07-25T19:22:24+00:00\",\"dateModified\":\"2025-08-27T12:54:33+00:00\",\"description\":\"Wij hebben een ruime keuze aan producten van Ules Vitamine D3, 5000 UI - 90 capsules . Winkel bij Eco Supplements altijd gratis verzending boven 100\u20ac\",\"breadcrumb\":{\"@id\":\"https:\\\/\\\/ecosupplements.be\\\/fr\\\/produit\\\/ulesvitamine-d3-5000-ui-90-capsules\\\/#breadcrumb\"},\"inLanguage\":\"fr-FR\",\"potentialAction\":[{\"@type\":\"ReadAction\",\"target\":[\"https:\\\/\\\/ecosupplements.be\\\/fr\\\/produit\\\/ulesvitamine-d3-5000-ui-90-capsules\\\/\"]}]},{\"@type\":\"ImageObject\",\"inLanguage\":\"fr-FR\",\"@id\":\"https:\\\/\\\/ecosupplements.be\\\/fr\\\/produit\\\/ulesvitamine-d3-5000-ui-90-capsules\\\/#primaryimage\",\"url\":\"https:\\\/\\\/ecosupplements.be\\\/wp-content\\\/uploads\\\/2025\\\/08\\\/Vitamin-D3-5000-IU-90-caps.jpg\",\"contentUrl\":\"https:\\\/\\\/ecosupplements.be\\\/wp-content\\\/uploads\\\/2025\\\/08\\\/Vitamin-D3-5000-IU-90-caps.jpg\",\"width\":586,\"height\":936},{\"@type\":\"BreadcrumbList\",\"@id\":\"https:\\\/\\\/ecosupplements.be\\\/fr\\\/produit\\\/ulesvitamine-d3-5000-ui-90-capsules\\\/#breadcrumb\",\"itemListElement\":[{\"@type\":\"ListItem\",\"position\":1,\"name\":\"Home\",\"item\":\"https:\\\/\\\/ecosupplements.be\\\/fr\\\/\"},{\"@type\":\"ListItem\",\"position\":2,\"name\":\"Boutique\",\"item\":\"https:\\\/\\\/ecosupplements.be\\\/fr\\\/boutique\\\/\"},{\"@type\":\"ListItem\",\"position\":3,\"name\":\"Ules Vitamine D3, 5000 UI &#8211; 90 capsules\"}]},{\"@type\":\"WebSite\",\"@id\":\"https:\\\/\\\/ecosupplements.be\\\/fr\\\/#website\",\"url\":\"https:\\\/\\\/ecosupplements.be\\\/fr\\\/\",\"name\":\"ECO Supplements\",\"description\":\"Eco Supplements - Gezonde supplementen\",\"publisher\":{\"@id\":\"https:\\\/\\\/ecosupplements.be\\\/fr\\\/#organization\"},\"potentialAction\":[{\"@type\":\"SearchAction\",\"target\":{\"@type\":\"EntryPoint\",\"urlTemplate\":\"https:\\\/\\\/ecosupplements.be\\\/fr\\\/?s={search_term_string}\"},\"query-input\":{\"@type\":\"PropertyValueSpecification\",\"valueRequired\":true,\"valueName\":\"search_term_string\"}}],\"inLanguage\":\"fr-FR\"},{\"@type\":\"Organization\",\"@id\":\"https:\\\/\\\/ecosupplements.be\\\/fr\\\/#organization\",\"name\":\"Eco Supplements\",\"url\":\"https:\\\/\\\/ecosupplements.be\\\/fr\\\/\",\"logo\":{\"@type\":\"ImageObject\",\"inLanguage\":\"fr-FR\",\"@id\":\"https:\\\/\\\/ecosupplements.be\\\/fr\\\/#\\\/schema\\\/logo\\\/image\\\/\",\"url\":\"https:\\\/\\\/ecosupplements.be\\\/wp-content\\\/uploads\\\/2022\\\/06\\\/ecosupplement-family.png\",\"contentUrl\":\"https:\\\/\\\/ecosupplements.be\\\/wp-content\\\/uploads\\\/2022\\\/06\\\/ecosupplement-family.png\",\"width\":593,\"height\":374,\"caption\":\"Eco Supplements\"},\"image\":{\"@id\":\"https:\\\/\\\/ecosupplements.be\\\/fr\\\/#\\\/schema\\\/logo\\\/image\\\/\"}}]}<\/script>\n<meta property=\"product:brand\" content=\"Zein Pharma\" \/>\n<meta property=\"product:price:amount\" content=\"12.42\" \/>\n<meta property=\"product:price:currency\" content=\"EUR\" \/>\n<meta property=\"og:availability\" content=\"out of stock\" \/>\n<meta property=\"product:availability\" content=\"out of stock\" \/>\n<meta property=\"product:retailer_item_id\" content=\"4260085383788\" \/>\n<meta property=\"product:condition\" content=\"new\" \/>\n<!-- \/ Yoast SEO Premium plugin. -->","yoast_head_json":{"title":"Ules Vitamine D3, 5000 UI - 90 capsules - ECO Supplements","description":"Wij hebben een ruime keuze aan producten van Ules Vitamine D3, 5000 UI - 90 capsules . Winkel bij Eco Supplements altijd gratis verzending boven 100\u20ac","robots":{"index":"index","follow":"follow","max-snippet":"max-snippet:-1","max-image-preview":"max-image-preview:large","max-video-preview":"max-video-preview:-1"},"canonical":"https:\/\/ecosupplements.be\/fr\/produit\/ulesvitamine-d3-5000-ui-90-capsules\/","og_locale":"fr_FR","og_type":"article","og_title":"Ules Vitamine D3, 5000 UI - 90 capsules","og_description":"Wij hebben een ruime keuze aan producten van Ules Vitamine D3, 5000 UI - 90 capsules . Winkel bij Eco Supplements altijd gratis verzending boven 100\u20ac","og_url":"https:\/\/ecosupplements.be\/fr\/produit\/ulesvitamine-d3-5000-ui-90-capsules\/","og_site_name":"ECO Supplements","article_modified_time":"2025-08-27T12:54:33+00:00","og_image":[{"width":586,"height":936,"url":"https:\/\/ecosupplements.be\/wp-content\/uploads\/2025\/08\/Vitamin-D3-5000-IU-90-caps-1.jpg","type":"image\/jpeg"}],"twitter_card":"summary_large_image","twitter_misc":{"Prix":"12.42&nbsp;&euro;","Disponibilit\u00e9":"Rupture de stock"},"schema":{"@context":"https:\/\/schema.org","@graph":[{"@type":["WebPage","ItemPage"],"@id":"https:\/\/ecosupplements.be\/fr\/produit\/ulesvitamine-d3-5000-ui-90-capsules\/","url":"https:\/\/ecosupplements.be\/fr\/produit\/ulesvitamine-d3-5000-ui-90-capsules\/","name":"Ules Vitamine D3, 5000 UI - 90 capsules - ECO Supplements","isPartOf":{"@id":"https:\/\/ecosupplements.be\/fr\/#website"},"primaryImageOfPage":{"@id":"https:\/\/ecosupplements.be\/fr\/produit\/ulesvitamine-d3-5000-ui-90-capsules\/#primaryimage"},"image":{"@id":"https:\/\/ecosupplements.be\/fr\/produit\/ulesvitamine-d3-5000-ui-90-capsules\/#primaryimage"},"thumbnailUrl":"https:\/\/ecosupplements.be\/wp-content\/uploads\/2025\/08\/Vitamin-D3-5000-IU-90-caps.jpg","datePublished":"2022-07-25T19:22:24+00:00","dateModified":"2025-08-27T12:54:33+00:00","description":"Wij hebben een ruime keuze aan producten van Ules Vitamine D3, 5000 UI - 90 capsules . Winkel bij Eco Supplements altijd gratis verzending boven 100\u20ac","breadcrumb":{"@id":"https:\/\/ecosupplements.be\/fr\/produit\/ulesvitamine-d3-5000-ui-90-capsules\/#breadcrumb"},"inLanguage":"fr-FR","potentialAction":[{"@type":"ReadAction","target":["https:\/\/ecosupplements.be\/fr\/produit\/ulesvitamine-d3-5000-ui-90-capsules\/"]}]},{"@type":"ImageObject","inLanguage":"fr-FR","@id":"https:\/\/ecosupplements.be\/fr\/produit\/ulesvitamine-d3-5000-ui-90-capsules\/#primaryimage","url":"https:\/\/ecosupplements.be\/wp-content\/uploads\/2025\/08\/Vitamin-D3-5000-IU-90-caps.jpg","contentUrl":"https:\/\/ecosupplements.be\/wp-content\/uploads\/2025\/08\/Vitamin-D3-5000-IU-90-caps.jpg","width":586,"height":936},{"@type":"BreadcrumbList","@id":"https:\/\/ecosupplements.be\/fr\/produit\/ulesvitamine-d3-5000-ui-90-capsules\/#breadcrumb","itemListElement":[{"@type":"ListItem","position":1,"name":"Home","item":"https:\/\/ecosupplements.be\/fr\/"},{"@type":"ListItem","position":2,"name":"Boutique","item":"https:\/\/ecosupplements.be\/fr\/boutique\/"},{"@type":"ListItem","position":3,"name":"Ules Vitamine D3, 5000 UI &#8211; 90 capsules"}]},{"@type":"WebSite","@id":"https:\/\/ecosupplements.be\/fr\/#website","url":"https:\/\/ecosupplements.be\/fr\/","name":"ECO Supplements","description":"Eco Supplements - Gezonde supplementen","publisher":{"@id":"https:\/\/ecosupplements.be\/fr\/#organization"},"potentialAction":[{"@type":"SearchAction","target":{"@type":"EntryPoint","urlTemplate":"https:\/\/ecosupplements.be\/fr\/?s={search_term_string}"},"query-input":{"@type":"PropertyValueSpecification","valueRequired":true,"valueName":"search_term_string"}}],"inLanguage":"fr-FR"},{"@type":"Organization","@id":"https:\/\/ecosupplements.be\/fr\/#organization","name":"Eco Supplements","url":"https:\/\/ecosupplements.be\/fr\/","logo":{"@type":"ImageObject","inLanguage":"fr-FR","@id":"https:\/\/ecosupplements.be\/fr\/#\/schema\/logo\/image\/","url":"https:\/\/ecosupplements.be\/wp-content\/uploads\/2022\/06\/ecosupplement-family.png","contentUrl":"https:\/\/ecosupplements.be\/wp-content\/uploads\/2022\/06\/ecosupplement-family.png","width":593,"height":374,"caption":"Eco Supplements"},"image":{"@id":"https:\/\/ecosupplements.be\/fr\/#\/schema\/logo\/image\/"}}]},"product_brand":"Zein Pharma","product_price_amount":"12.42","product_price_currency":"EUR","og_availability":"out of stock","product_availability":"out of stock","product_retailer_item_id":"4260085383788","product_condition":"new"},"_links":{"self":[{"href":"https:\/\/ecosupplements.be\/fr\/wp-json\/wp\/v2\/product\/285654","targetHints":{"allow":["GET"]}}],"collection":[{"href":"https:\/\/ecosupplements.be\/fr\/wp-json\/wp\/v2\/product"}],"about":[{"href":"https:\/\/ecosupplements.be\/fr\/wp-json\/wp\/v2\/types\/product"}],"replies":[{"embeddable":true,"href":"https:\/\/ecosupplements.be\/fr\/wp-json\/wp\/v2\/comments?post=285654"}],"wp:featuredmedia":[{"embeddable":true,"href":"https:\/\/ecosupplements.be\/fr\/wp-json\/wp\/v2\/media\/259988"}],"wp:attachment":[{"href":"https:\/\/ecosupplements.be\/fr\/wp-json\/wp\/v2\/media?parent=285654"}],"wp:term":[{"taxonomy":"product_brand","embeddable":true,"href":"https:\/\/ecosupplements.be\/fr\/wp-json\/wp\/v2\/product_brand?post=285654"},{"taxonomy":"product_cat","embeddable":true,"href":"https:\/\/ecosupplements.be\/fr\/wp-json\/wp\/v2\/product_cat?post=285654"},{"taxonomy":"product_tag","embeddable":true,"href":"https:\/\/ecosupplements.be\/fr\/wp-json\/wp\/v2\/product_tag?post=285654"}],"curies":[{"name":"wp","href":"https:\/\/api.w.org\/{rel}","templated":true}]}}