{"id":285666,"date":"2024-03-06T23:11:33","date_gmt":"2024-03-06T22:11:33","guid":{"rendered":"https:\/\/ecosupplements.be\/product\/eaa-electrolytes-ananas-465g\/"},"modified":"2025-08-27T13:54:46","modified_gmt":"2025-08-27T12:54:46","slug":"eaa-electrolytes-ananas-465g","status":"publish","type":"product","link":"https:\/\/ecosupplements.be\/fr\/produit\/eaa-electrolytes-ananas-465g\/","title":{"rendered":"EAA + \u00c9lectrolytes, Ananas &#8211; 465g"},"content":{"rendered":"<h1>EAA + Electrolytes,\u2063 Ananas &#8211; 465g<\/h1>\n<p>Rechargez votre corps avec notre formule avanc\u00e9e d&#8217;acides amin\u00e9s essentiels (EAA) et d&#8217;\u00e9lectrolytes, con\u00e7ue pour am\u00e9liorer votre \u200cperformance et votre r\u00e9cup\u00e9ration. Notre \u2062m\u00e9lange unique d&#8217;acides amin\u00e9s essentiels, y compris la leucine, l&#8217;isoleucine et la valine, fournit \u00e0 votre corps les nutriments n\u00e9cessaires pour construire et r\u00e9parer les\u200c tissus\u2064 musculaires,\u200b tout en r\u00e9duisant la fatigue et en am\u00e9liorant l&#8217;endurance.<\/p>\n<h2>Caract\u00e9ristiques sp\u00e9ciales:<\/h2>\n<ul>\n<li>M\u00e9lange avanc\u00e9 d&#8217;EAA et d&#8217;\u00e9lectrolytes pour une performance optimale<\/li>\n<li>Saveur rafra\u00eechissante d&#8217;ananas pour une boisson d\u00e9licieuse et facile \u00e0 boire<\/li>\n<li>Contient des acides amin\u00e9s essentiels pour la construction et la r\u00e9paration musculaire<\/li>\n<li>Am\u00e9liore \u2064l&#8217;endurance et r\u00e9duit la fatigue<\/li>\n<li>Formule sans sucre ajout\u00e9 pour une\u200d option plus saine<\/li>\n<\/ul>\n<h2>Ingr\u00e9dients:<\/h2>\n<p>Acides amin\u00e9s essentiels (leucine, isoleucine, valine, lysine, thr\u00e9onine, m\u00e9thionine, \u200bph\u00e9nylalanine, tryptophane,\u200d histidine), \u200d\u00e9lectrolytes (chlorure de sodium,\u2062 citrate de\u200b potassium, citrate de magn\u00e9sium), ar\u00f4mes naturels et artificiels, acide citrique,\u200b sucralose, colorant naturel.<\/p>\n<h2>Avantages uniques:<\/h2>\n<p>Notre formule EAA + Electrolytes est sp\u00e9cialement con\u00e7ue pour les athl\u00e8tes et \u2063les personnes actives qui cherchent \u00e0 am\u00e9liorer \u200dleur performance et leur \u200dr\u00e9cup\u00e9ration. En fournissant \u00e0 votre corps les acides amin\u00e9s \u2062essentiels dont il a besoin pour\u2063 construire et r\u00e9parer les tissus musculaires, ainsi que les \u00e9lectrolytes pour \u2062maintenir l&#8217;\u00e9quilibre\u2063 hydrique et \u00e9lectrolytique, \u2062notre produit vous aide \u00e0 atteindre vos objectifs \u2064de fitness et \u00e0 rester hydrat\u00e9\u2063 pendant vos \u200centra\u00eenements intenses.<\/p>\n<h2>Principales caract\u00e9ristiques:<\/h2>\n<ul>\n<li>Formule avanc\u00e9e d&#8217;EAA et d&#8217;\u00e9lectrolytes pour une performance optimale<\/li>\n<li>Saveur\u200b rafra\u00eechissante d&#8217;ananas pour une boisson d\u00e9licieuse et facile \u00e0 boire<\/li>\n<li>Contient des acides amin\u00e9s essentiels pour la construction et la r\u00e9paration musculaire<\/li>\n<li>Am\u00e9liore l&#8217;endurance et r\u00e9duit \u200bla fatigue<\/li>\n<li>Formule sans sucre ajout\u00e9 pour \u200bune option \u2064plus saine<\/li>\n<li>Convient aux athl\u00e8tes\u2064 et aux\u2064 personnes actives<\/li>\n<li>Facile \u00e0 m\u00e9langer et \u00e0 boire<\/li>\n<\/ul>\n<p>Rechargez votre \u200dcorps avec\u2063 notre formule EAA + Electrolytes, et atteignez vos objectifs de fitness plus rapidement\u2062 et plus\u2064 efficacement. Essayez-le d\u00e8s aujourd&#8217;hui et ressentez la diff\u00e9rence dans votre performance\u2062 et votre r\u00e9cup\u00e9ration.<\/p>\n","protected":false},"excerpt":{"rendered":"<p>EAA + Electrolytes,\u2063 Ananas &#8211; 465g Rechargez votre corps avec notre formule avanc\u00e9e d&#8217;acides amin\u00e9s essentiels (EAA) et d&#8217;\u00e9lectrolytes, con\u00e7ue pour am\u00e9liorer votre \u200cperformance et votre r\u00e9cup\u00e9ration. Notre \u2062m\u00e9lange unique d&#8217;acides amin\u00e9s essentiels, y compris la leucine, l&#8217;isoleucine et la valine, fournit \u00e0 votre corps les nutriments n\u00e9cessaires pour construire et r\u00e9parer les\u200c tissus\u2064 musculaires,\u200b [&#8230;]\n","protected":false},"featured_media":263099,"comment_status":"open","ping_status":"open","template":"","meta":[],"product_brand":[5267],"product_cat":[5067,5253,5052],"product_tag":[],"class_list":{"0":"post-285666","1":"product","2":"type-product","3":"status-publish","4":"has-post-thumbnail","6":"product_brand-alien8-2","7":"product_cat-acides-amines-et-bcaa","8":"product_cat-bcaa-et-autres-melanges-poudre","9":"product_cat-sante-et-bien-etre","11":"first","12":"outofstock","13":"taxable","14":"shipping-taxable","15":"purchasable","16":"product-type-simple"},"yoast_head":"<!-- This site is optimized with the Yoast SEO Premium plugin v27.3 (Yoast SEO v27.3) - https:\/\/yoast.com\/product\/yoast-seo-premium-wordpress\/ -->\n<title>EAA + \u00c9lectrolytes, Ananas - 465g - ECO Supplements<\/title>\n<meta name=\"description\" content=\"Wij hebben een ruime keuze aan producten van EAA + \u00c9lectrolytes, Ananas - 465g . Winkel bij Eco Supplements altijd gratis verzending boven 100\u20ac\" \/>\n<meta name=\"robots\" content=\"index, follow, max-snippet:-1, max-image-preview:large, max-video-preview:-1\" \/>\n<link rel=\"canonical\" href=\"https:\/\/ecosupplements.be\/fr\/produit\/eaa-electrolytes-ananas-465g\/\" \/>\n<meta property=\"og:locale\" content=\"fr_FR\" \/>\n<meta property=\"og:type\" content=\"article\" \/>\n<meta property=\"og:title\" content=\"EAA + \u00c9lectrolytes, Ananas - 465g\" \/>\n<meta property=\"og:description\" content=\"Wij hebben een ruime keuze aan producten van EAA + \u00c9lectrolytes, Ananas - 465g . Winkel bij Eco Supplements altijd gratis verzending boven 100\u20ac\" \/>\n<meta property=\"og:url\" content=\"https:\/\/ecosupplements.be\/fr\/produit\/eaa-electrolytes-ananas-465g\/\" \/>\n<meta property=\"og:site_name\" content=\"ECO Supplements\" \/>\n<meta property=\"article:modified_time\" content=\"2025-08-27T12:54:46+00:00\" \/>\n<meta property=\"og:image\" content=\"https:\/\/ecosupplements.be\/wp-content\/uploads\/2025\/08\/EAA-Electrolytes-Pineapple-465g-1.jpg\" \/>\n\t<meta property=\"og:image:width\" content=\"400\" \/>\n\t<meta property=\"og:image:height\" content=\"600\" \/>\n\t<meta property=\"og:image:type\" content=\"image\/jpeg\" \/>\n<meta name=\"twitter:card\" content=\"summary_large_image\" \/>\n<meta name=\"twitter:label1\" content=\"Prix\" \/>\n\t<meta name=\"twitter:data1\" content=\"28.16&nbsp;&euro;\" \/>\n\t<meta name=\"twitter:label2\" content=\"Disponibilit\u00e9\" \/>\n\t<meta name=\"twitter:data2\" content=\"Rupture de stock\" \/>\n<script type=\"application\/ld+json\" class=\"yoast-schema-graph\">{\"@context\":\"https:\\\/\\\/schema.org\",\"@graph\":[{\"@type\":[\"WebPage\",\"ItemPage\"],\"@id\":\"https:\\\/\\\/ecosupplements.be\\\/fr\\\/produit\\\/eaa-electrolytes-ananas-465g\\\/\",\"url\":\"https:\\\/\\\/ecosupplements.be\\\/fr\\\/produit\\\/eaa-electrolytes-ananas-465g\\\/\",\"name\":\"EAA + \u00c9lectrolytes, Ananas - 465g - ECO Supplements\",\"isPartOf\":{\"@id\":\"https:\\\/\\\/ecosupplements.be\\\/fr\\\/#website\"},\"primaryImageOfPage\":{\"@id\":\"https:\\\/\\\/ecosupplements.be\\\/fr\\\/produit\\\/eaa-electrolytes-ananas-465g\\\/#primaryimage\"},\"image\":{\"@id\":\"https:\\\/\\\/ecosupplements.be\\\/fr\\\/produit\\\/eaa-electrolytes-ananas-465g\\\/#primaryimage\"},\"thumbnailUrl\":\"https:\\\/\\\/ecosupplements.be\\\/wp-content\\\/uploads\\\/2025\\\/08\\\/EAA-Electrolytes-Pineapple-465g.jpg\",\"datePublished\":\"2024-03-06T22:11:33+00:00\",\"dateModified\":\"2025-08-27T12:54:46+00:00\",\"description\":\"Wij hebben een ruime keuze aan producten van EAA + \u00c9lectrolytes, Ananas - 465g . Winkel bij Eco Supplements altijd gratis verzending boven 100\u20ac\",\"breadcrumb\":{\"@id\":\"https:\\\/\\\/ecosupplements.be\\\/fr\\\/produit\\\/eaa-electrolytes-ananas-465g\\\/#breadcrumb\"},\"inLanguage\":\"fr-FR\",\"potentialAction\":[{\"@type\":\"ReadAction\",\"target\":[\"https:\\\/\\\/ecosupplements.be\\\/fr\\\/produit\\\/eaa-electrolytes-ananas-465g\\\/\"]}]},{\"@type\":\"ImageObject\",\"inLanguage\":\"fr-FR\",\"@id\":\"https:\\\/\\\/ecosupplements.be\\\/fr\\\/produit\\\/eaa-electrolytes-ananas-465g\\\/#primaryimage\",\"url\":\"https:\\\/\\\/ecosupplements.be\\\/wp-content\\\/uploads\\\/2025\\\/08\\\/EAA-Electrolytes-Pineapple-465g.jpg\",\"contentUrl\":\"https:\\\/\\\/ecosupplements.be\\\/wp-content\\\/uploads\\\/2025\\\/08\\\/EAA-Electrolytes-Pineapple-465g.jpg\",\"width\":400,\"height\":600},{\"@type\":\"BreadcrumbList\",\"@id\":\"https:\\\/\\\/ecosupplements.be\\\/fr\\\/produit\\\/eaa-electrolytes-ananas-465g\\\/#breadcrumb\",\"itemListElement\":[{\"@type\":\"ListItem\",\"position\":1,\"name\":\"Home\",\"item\":\"https:\\\/\\\/ecosupplements.be\\\/fr\\\/\"},{\"@type\":\"ListItem\",\"position\":2,\"name\":\"Boutique\",\"item\":\"https:\\\/\\\/ecosupplements.be\\\/fr\\\/boutique\\\/\"},{\"@type\":\"ListItem\",\"position\":3,\"name\":\"EAA + \u00c9lectrolytes, Ananas &#8211; 465g\"}]},{\"@type\":\"WebSite\",\"@id\":\"https:\\\/\\\/ecosupplements.be\\\/fr\\\/#website\",\"url\":\"https:\\\/\\\/ecosupplements.be\\\/fr\\\/\",\"name\":\"ECO Supplements\",\"description\":\"Eco Supplements - Gezonde supplementen\",\"publisher\":{\"@id\":\"https:\\\/\\\/ecosupplements.be\\\/fr\\\/#organization\"},\"potentialAction\":[{\"@type\":\"SearchAction\",\"target\":{\"@type\":\"EntryPoint\",\"urlTemplate\":\"https:\\\/\\\/ecosupplements.be\\\/fr\\\/?s={search_term_string}\"},\"query-input\":{\"@type\":\"PropertyValueSpecification\",\"valueRequired\":true,\"valueName\":\"search_term_string\"}}],\"inLanguage\":\"fr-FR\"},{\"@type\":\"Organization\",\"@id\":\"https:\\\/\\\/ecosupplements.be\\\/fr\\\/#organization\",\"name\":\"Eco Supplements\",\"url\":\"https:\\\/\\\/ecosupplements.be\\\/fr\\\/\",\"logo\":{\"@type\":\"ImageObject\",\"inLanguage\":\"fr-FR\",\"@id\":\"https:\\\/\\\/ecosupplements.be\\\/fr\\\/#\\\/schema\\\/logo\\\/image\\\/\",\"url\":\"https:\\\/\\\/ecosupplements.be\\\/wp-content\\\/uploads\\\/2022\\\/06\\\/ecosupplement-family.png\",\"contentUrl\":\"https:\\\/\\\/ecosupplements.be\\\/wp-content\\\/uploads\\\/2022\\\/06\\\/ecosupplement-family.png\",\"width\":593,\"height\":374,\"caption\":\"Eco Supplements\"},\"image\":{\"@id\":\"https:\\\/\\\/ecosupplements.be\\\/fr\\\/#\\\/schema\\\/logo\\\/image\\\/\"}}]}<\/script>\n<meta property=\"product:brand\" content=\"Alien8\" \/>\n<meta property=\"product:price:amount\" content=\"28.16\" \/>\n<meta property=\"product:price:currency\" content=\"EUR\" \/>\n<meta property=\"og:availability\" content=\"out of stock\" \/>\n<meta property=\"product:availability\" content=\"out of stock\" \/>\n<meta property=\"product:retailer_item_id\" content=\"5065011640039\" \/>\n<meta property=\"product:condition\" content=\"new\" \/>\n<!-- \/ Yoast SEO Premium plugin. -->","yoast_head_json":{"title":"EAA + \u00c9lectrolytes, Ananas - 465g - ECO Supplements","description":"Wij hebben een ruime keuze aan producten van EAA + \u00c9lectrolytes, Ananas - 465g . Winkel bij Eco Supplements altijd gratis verzending boven 100\u20ac","robots":{"index":"index","follow":"follow","max-snippet":"max-snippet:-1","max-image-preview":"max-image-preview:large","max-video-preview":"max-video-preview:-1"},"canonical":"https:\/\/ecosupplements.be\/fr\/produit\/eaa-electrolytes-ananas-465g\/","og_locale":"fr_FR","og_type":"article","og_title":"EAA + \u00c9lectrolytes, Ananas - 465g","og_description":"Wij hebben een ruime keuze aan producten van EAA + \u00c9lectrolytes, Ananas - 465g . Winkel bij Eco Supplements altijd gratis verzending boven 100\u20ac","og_url":"https:\/\/ecosupplements.be\/fr\/produit\/eaa-electrolytes-ananas-465g\/","og_site_name":"ECO Supplements","article_modified_time":"2025-08-27T12:54:46+00:00","og_image":[{"width":400,"height":600,"url":"https:\/\/ecosupplements.be\/wp-content\/uploads\/2025\/08\/EAA-Electrolytes-Pineapple-465g-1.jpg","type":"image\/jpeg"}],"twitter_card":"summary_large_image","twitter_misc":{"Prix":"28.16&nbsp;&euro;","Disponibilit\u00e9":"Rupture de stock"},"schema":{"@context":"https:\/\/schema.org","@graph":[{"@type":["WebPage","ItemPage"],"@id":"https:\/\/ecosupplements.be\/fr\/produit\/eaa-electrolytes-ananas-465g\/","url":"https:\/\/ecosupplements.be\/fr\/produit\/eaa-electrolytes-ananas-465g\/","name":"EAA + \u00c9lectrolytes, Ananas - 465g - ECO Supplements","isPartOf":{"@id":"https:\/\/ecosupplements.be\/fr\/#website"},"primaryImageOfPage":{"@id":"https:\/\/ecosupplements.be\/fr\/produit\/eaa-electrolytes-ananas-465g\/#primaryimage"},"image":{"@id":"https:\/\/ecosupplements.be\/fr\/produit\/eaa-electrolytes-ananas-465g\/#primaryimage"},"thumbnailUrl":"https:\/\/ecosupplements.be\/wp-content\/uploads\/2025\/08\/EAA-Electrolytes-Pineapple-465g.jpg","datePublished":"2024-03-06T22:11:33+00:00","dateModified":"2025-08-27T12:54:46+00:00","description":"Wij hebben een ruime keuze aan producten van EAA + \u00c9lectrolytes, Ananas - 465g . Winkel bij Eco Supplements altijd gratis verzending boven 100\u20ac","breadcrumb":{"@id":"https:\/\/ecosupplements.be\/fr\/produit\/eaa-electrolytes-ananas-465g\/#breadcrumb"},"inLanguage":"fr-FR","potentialAction":[{"@type":"ReadAction","target":["https:\/\/ecosupplements.be\/fr\/produit\/eaa-electrolytes-ananas-465g\/"]}]},{"@type":"ImageObject","inLanguage":"fr-FR","@id":"https:\/\/ecosupplements.be\/fr\/produit\/eaa-electrolytes-ananas-465g\/#primaryimage","url":"https:\/\/ecosupplements.be\/wp-content\/uploads\/2025\/08\/EAA-Electrolytes-Pineapple-465g.jpg","contentUrl":"https:\/\/ecosupplements.be\/wp-content\/uploads\/2025\/08\/EAA-Electrolytes-Pineapple-465g.jpg","width":400,"height":600},{"@type":"BreadcrumbList","@id":"https:\/\/ecosupplements.be\/fr\/produit\/eaa-electrolytes-ananas-465g\/#breadcrumb","itemListElement":[{"@type":"ListItem","position":1,"name":"Home","item":"https:\/\/ecosupplements.be\/fr\/"},{"@type":"ListItem","position":2,"name":"Boutique","item":"https:\/\/ecosupplements.be\/fr\/boutique\/"},{"@type":"ListItem","position":3,"name":"EAA + \u00c9lectrolytes, Ananas &#8211; 465g"}]},{"@type":"WebSite","@id":"https:\/\/ecosupplements.be\/fr\/#website","url":"https:\/\/ecosupplements.be\/fr\/","name":"ECO Supplements","description":"Eco Supplements - Gezonde supplementen","publisher":{"@id":"https:\/\/ecosupplements.be\/fr\/#organization"},"potentialAction":[{"@type":"SearchAction","target":{"@type":"EntryPoint","urlTemplate":"https:\/\/ecosupplements.be\/fr\/?s={search_term_string}"},"query-input":{"@type":"PropertyValueSpecification","valueRequired":true,"valueName":"search_term_string"}}],"inLanguage":"fr-FR"},{"@type":"Organization","@id":"https:\/\/ecosupplements.be\/fr\/#organization","name":"Eco Supplements","url":"https:\/\/ecosupplements.be\/fr\/","logo":{"@type":"ImageObject","inLanguage":"fr-FR","@id":"https:\/\/ecosupplements.be\/fr\/#\/schema\/logo\/image\/","url":"https:\/\/ecosupplements.be\/wp-content\/uploads\/2022\/06\/ecosupplement-family.png","contentUrl":"https:\/\/ecosupplements.be\/wp-content\/uploads\/2022\/06\/ecosupplement-family.png","width":593,"height":374,"caption":"Eco Supplements"},"image":{"@id":"https:\/\/ecosupplements.be\/fr\/#\/schema\/logo\/image\/"}}]},"product_brand":"Alien8","product_price_amount":"28.16","product_price_currency":"EUR","og_availability":"out of stock","product_availability":"out of stock","product_retailer_item_id":"5065011640039","product_condition":"new"},"_links":{"self":[{"href":"https:\/\/ecosupplements.be\/fr\/wp-json\/wp\/v2\/product\/285666","targetHints":{"allow":["GET"]}}],"collection":[{"href":"https:\/\/ecosupplements.be\/fr\/wp-json\/wp\/v2\/product"}],"about":[{"href":"https:\/\/ecosupplements.be\/fr\/wp-json\/wp\/v2\/types\/product"}],"replies":[{"embeddable":true,"href":"https:\/\/ecosupplements.be\/fr\/wp-json\/wp\/v2\/comments?post=285666"}],"wp:featuredmedia":[{"embeddable":true,"href":"https:\/\/ecosupplements.be\/fr\/wp-json\/wp\/v2\/media\/263099"}],"wp:attachment":[{"href":"https:\/\/ecosupplements.be\/fr\/wp-json\/wp\/v2\/media?parent=285666"}],"wp:term":[{"taxonomy":"product_brand","embeddable":true,"href":"https:\/\/ecosupplements.be\/fr\/wp-json\/wp\/v2\/product_brand?post=285666"},{"taxonomy":"product_cat","embeddable":true,"href":"https:\/\/ecosupplements.be\/fr\/wp-json\/wp\/v2\/product_cat?post=285666"},{"taxonomy":"product_tag","embeddable":true,"href":"https:\/\/ecosupplements.be\/fr\/wp-json\/wp\/v2\/product_tag?post=285666"}],"curies":[{"name":"wp","href":"https:\/\/api.w.org\/{rel}","templated":true}]}}