{"id":285699,"date":"2024-03-06T23:17:43","date_gmt":"2024-03-06T22:17:43","guid":{"rendered":"https:\/\/ecosupplements.be\/product\/capsules-de-collarose-alldeynn-180-capsules\/"},"modified":"2025-08-27T13:55:20","modified_gmt":"2025-08-27T12:55:20","slug":"capsules-de-collarose-alldeynn-180-capsules","status":"publish","type":"product","link":"https:\/\/ecosupplements.be\/fr\/produit\/capsules-de-collarose-alldeynn-180-capsules\/","title":{"rendered":"Capsules de Collarose AllDeynn &#8211; 180 capsules"},"content":{"rendered":"<h1>AllDeynn Collarose Caps &#8211; 180 caps<\/h1>\n<p>Les AllDeynn Collarose Caps sont des capsules de collag\u00e8ne de haute qualit\u00e9, sp\u00e9cialement con\u00e7ues pour am\u00e9liorer la sant\u00e9 de la peau, des cheveux et des\u2062 ongles.\u200b Fabriqu\u00e9es \u2063en Pologne par\u2062 la marque Allnutrition,\u200b ces capsules sont un compl\u00e9ment alimentaire id\u00e9al pour ceux qui cherchent \u00e0 prendre soin\u200b de leur apparence\u200b de mani\u00e8re naturelle.<\/p>\n<h2>Caract\u00e9ristiques sp\u00e9ciales<\/h2>\n<ul>\n<li>Contient du collag\u00e8ne de type I, II et III pour une action compl\u00e8te sur la \u2064peau, les cheveux et les ongles<\/li>\n<li>Enrichi en vitamine \u2063C pour une meilleure absorption du collag\u00e8ne<\/li>\n<li>Formule v\u00e9g\u00e9tarienne,\u2063 sans gluten et sans\u2062 lactose<\/li>\n<li>180\u200d capsules par bo\u00eete, pour une cure de 2 mois<\/li>\n<\/ul>\n<h2>Ingr\u00e9dients<\/h2>\n<p>Collag\u00e8ne\u200c hydrolys\u00e9 de type I, II \u2063et III, \u200cvitamine\u2063 C, enveloppe de la capsule (hydroxypropylm\u00e9thylcellulose),\u200c anti-agglom\u00e9rant (sels de magn\u00e9sium d&#8217;acides\u200d gras).<\/p>\n<h2>Avantages uniques<\/h2>\n<p>Les AllDeynn Collarose Caps sont un compl\u00e9ment alimentaire complet pour la beaut\u00e9 de la\u2062 peau, des cheveux et \u2062des \u2062ongles. Le \u200bcollag\u00e8ne contenu dans ces capsules aide \u00e0 maintenir \u2064l&#8217;\u00e9lasticit\u00e9 et la fermet\u00e9 de la peau, tout en renfor\u00e7ant les cheveux et les ongles. La\u200b vitamine C\u2063 pr\u00e9sente dans la formule\u200d favorise \u2064une meilleure absorption\u2062 du \u200dcollag\u00e8ne, pour des r\u00e9sultats encore plus visibles.<\/p>\n<h2>Mode d&#8217;emploi<\/h2>\n<p>Prendre 3 capsules \u2063par \u2062jour avec un verre d&#8217;eau,\u200b de pr\u00e9f\u00e9rence pendant\u200c un\u200d repas.<\/p>\n<h2>Principales caract\u00e9ristiques<\/h2>\n<ul>\n<li>Am\u00e9liore la sant\u00e9 de la peau, des cheveux et \u2063des ongles<\/li>\n<li>Contient du collag\u00e8ne de \u200ctype I,\u200b II et\u2063 III pour\u200b une action compl\u00e8te<\/li>\n<li>Enrichi en vitamine C pour une meilleure absorption<\/li>\n<li>Formule\u200b v\u00e9g\u00e9tarienne, sans gluten et sans \u2064lactose<\/li>\n<li>180 capsules \u2063par bo\u00eete, \u200bpour une cure de 2 mois<\/li>\n<\/ul>\n<p>Prenez soin de\u2062 votre\u2063 beaut\u00e9 de\u2062 l&#8217;int\u00e9rieur \u200davec les AllDeynn Collarose Caps. Fabriqu\u00e9es en\u2063 Pologne avec des ingr\u00e9dients de\u2063 qualit\u00e9, ces capsules sont un alli\u00e9 pr\u00e9cieux pour une peau,\u2064 des cheveux et\u2064 des ongles en pleine sant\u00e9.<\/p>\n","protected":false},"excerpt":{"rendered":"<p>AllDeynn Collarose Caps &#8211; 180 caps Les AllDeynn Collarose Caps sont des capsules de collag\u00e8ne de haute qualit\u00e9, sp\u00e9cialement con\u00e7ues pour am\u00e9liorer la sant\u00e9 de la peau, des cheveux et des\u2062 ongles.\u200b Fabriqu\u00e9es \u2063en Pologne par\u2062 la marque Allnutrition,\u200b ces capsules sont un compl\u00e9ment alimentaire id\u00e9al pour ceux qui cherchent \u00e0 prendre soin\u200b de leur [&#8230;]\n","protected":false},"featured_media":263129,"comment_status":"open","ping_status":"open","template":"","meta":[],"product_brand":[4634],"product_cat":[5121,5089,5052,5053],"product_tag":[],"class_list":{"0":"post-285699","1":"product","2":"type-product","3":"status-publish","4":"has-post-thumbnail","6":"product_brand-allnutrition-2","7":"product_cat-collagene","8":"product_cat-complements-alimentaires-pour-femmes","9":"product_cat-sante-et-bien-etre","10":"product_cat-vitamines-et-mineraux","12":"first","13":"instock","14":"taxable","15":"shipping-taxable","16":"purchasable","17":"product-type-simple"},"yoast_head":"<!-- This site is optimized with the Yoast SEO Premium plugin v27.3 (Yoast SEO v27.3) - https:\/\/yoast.com\/product\/yoast-seo-premium-wordpress\/ -->\n<title>Capsules de Collarose AllDeynn - 180 capsules - ECO Supplements<\/title>\n<meta name=\"description\" content=\"Wij hebben een ruime keuze aan producten van Capsules de Collarose AllDeynn - 180 capsules . Winkel bij Eco Supplements altijd gratis verzending boven 100\u20ac\" \/>\n<meta name=\"robots\" content=\"index, follow, max-snippet:-1, max-image-preview:large, max-video-preview:-1\" \/>\n<link rel=\"canonical\" href=\"https:\/\/ecosupplements.be\/fr\/produit\/capsules-de-collarose-alldeynn-180-capsules\/\" \/>\n<meta property=\"og:locale\" content=\"fr_FR\" \/>\n<meta property=\"og:type\" content=\"article\" \/>\n<meta property=\"og:title\" content=\"Capsules de Collarose AllDeynn - 180 capsules\" \/>\n<meta property=\"og:description\" content=\"Wij hebben een ruime keuze aan producten van Capsules de Collarose AllDeynn - 180 capsules . Winkel bij Eco Supplements altijd gratis verzending boven 100\u20ac\" \/>\n<meta property=\"og:url\" content=\"https:\/\/ecosupplements.be\/fr\/produit\/capsules-de-collarose-alldeynn-180-capsules\/\" \/>\n<meta property=\"og:site_name\" content=\"ECO Supplements\" \/>\n<meta property=\"article:modified_time\" content=\"2025-08-27T12:55:20+00:00\" \/>\n<meta property=\"og:image\" content=\"https:\/\/ecosupplements.be\/wp-content\/uploads\/2025\/08\/AllDeynn-Collarose-Caps-180-caps-1.jpg\" \/>\n\t<meta property=\"og:image:width\" content=\"600\" \/>\n\t<meta property=\"og:image:height\" content=\"600\" \/>\n\t<meta property=\"og:image:type\" content=\"image\/jpeg\" \/>\n<meta name=\"twitter:card\" content=\"summary_large_image\" \/>\n<meta name=\"twitter:label1\" content=\"Prix\" \/>\n\t<meta name=\"twitter:data1\" content=\"17.96&nbsp;&euro;\" \/>\n\t<meta name=\"twitter:label2\" content=\"Disponibilit\u00e9\" \/>\n\t<meta name=\"twitter:data2\" content=\"En stock\" \/>\n<script type=\"application\/ld+json\" class=\"yoast-schema-graph\">{\"@context\":\"https:\\\/\\\/schema.org\",\"@graph\":[{\"@type\":[\"WebPage\",\"ItemPage\"],\"@id\":\"https:\\\/\\\/ecosupplements.be\\\/fr\\\/produit\\\/capsules-de-collarose-alldeynn-180-capsules\\\/\",\"url\":\"https:\\\/\\\/ecosupplements.be\\\/fr\\\/produit\\\/capsules-de-collarose-alldeynn-180-capsules\\\/\",\"name\":\"Capsules de Collarose AllDeynn - 180 capsules - ECO Supplements\",\"isPartOf\":{\"@id\":\"https:\\\/\\\/ecosupplements.be\\\/fr\\\/#website\"},\"primaryImageOfPage\":{\"@id\":\"https:\\\/\\\/ecosupplements.be\\\/fr\\\/produit\\\/capsules-de-collarose-alldeynn-180-capsules\\\/#primaryimage\"},\"image\":{\"@id\":\"https:\\\/\\\/ecosupplements.be\\\/fr\\\/produit\\\/capsules-de-collarose-alldeynn-180-capsules\\\/#primaryimage\"},\"thumbnailUrl\":\"https:\\\/\\\/ecosupplements.be\\\/wp-content\\\/uploads\\\/2025\\\/08\\\/AllDeynn-Collarose-Caps-180-caps.jpg\",\"datePublished\":\"2024-03-06T22:17:43+00:00\",\"dateModified\":\"2025-08-27T12:55:20+00:00\",\"description\":\"Wij hebben een ruime keuze aan producten van Capsules de Collarose AllDeynn - 180 capsules . Winkel bij Eco Supplements altijd gratis verzending boven 100\u20ac\",\"breadcrumb\":{\"@id\":\"https:\\\/\\\/ecosupplements.be\\\/fr\\\/produit\\\/capsules-de-collarose-alldeynn-180-capsules\\\/#breadcrumb\"},\"inLanguage\":\"fr-FR\",\"potentialAction\":[{\"@type\":\"ReadAction\",\"target\":[\"https:\\\/\\\/ecosupplements.be\\\/fr\\\/produit\\\/capsules-de-collarose-alldeynn-180-capsules\\\/\"]}]},{\"@type\":\"ImageObject\",\"inLanguage\":\"fr-FR\",\"@id\":\"https:\\\/\\\/ecosupplements.be\\\/fr\\\/produit\\\/capsules-de-collarose-alldeynn-180-capsules\\\/#primaryimage\",\"url\":\"https:\\\/\\\/ecosupplements.be\\\/wp-content\\\/uploads\\\/2025\\\/08\\\/AllDeynn-Collarose-Caps-180-caps.jpg\",\"contentUrl\":\"https:\\\/\\\/ecosupplements.be\\\/wp-content\\\/uploads\\\/2025\\\/08\\\/AllDeynn-Collarose-Caps-180-caps.jpg\",\"width\":600,\"height\":600},{\"@type\":\"BreadcrumbList\",\"@id\":\"https:\\\/\\\/ecosupplements.be\\\/fr\\\/produit\\\/capsules-de-collarose-alldeynn-180-capsules\\\/#breadcrumb\",\"itemListElement\":[{\"@type\":\"ListItem\",\"position\":1,\"name\":\"Home\",\"item\":\"https:\\\/\\\/ecosupplements.be\\\/fr\\\/\"},{\"@type\":\"ListItem\",\"position\":2,\"name\":\"Boutique\",\"item\":\"https:\\\/\\\/ecosupplements.be\\\/fr\\\/boutique\\\/\"},{\"@type\":\"ListItem\",\"position\":3,\"name\":\"Capsules de Collarose AllDeynn &#8211; 180 capsules\"}]},{\"@type\":\"WebSite\",\"@id\":\"https:\\\/\\\/ecosupplements.be\\\/fr\\\/#website\",\"url\":\"https:\\\/\\\/ecosupplements.be\\\/fr\\\/\",\"name\":\"ECO Supplements\",\"description\":\"Eco Supplements - Gezonde supplementen\",\"publisher\":{\"@id\":\"https:\\\/\\\/ecosupplements.be\\\/fr\\\/#organization\"},\"potentialAction\":[{\"@type\":\"SearchAction\",\"target\":{\"@type\":\"EntryPoint\",\"urlTemplate\":\"https:\\\/\\\/ecosupplements.be\\\/fr\\\/?s={search_term_string}\"},\"query-input\":{\"@type\":\"PropertyValueSpecification\",\"valueRequired\":true,\"valueName\":\"search_term_string\"}}],\"inLanguage\":\"fr-FR\"},{\"@type\":\"Organization\",\"@id\":\"https:\\\/\\\/ecosupplements.be\\\/fr\\\/#organization\",\"name\":\"Eco Supplements\",\"url\":\"https:\\\/\\\/ecosupplements.be\\\/fr\\\/\",\"logo\":{\"@type\":\"ImageObject\",\"inLanguage\":\"fr-FR\",\"@id\":\"https:\\\/\\\/ecosupplements.be\\\/fr\\\/#\\\/schema\\\/logo\\\/image\\\/\",\"url\":\"https:\\\/\\\/ecosupplements.be\\\/wp-content\\\/uploads\\\/2022\\\/06\\\/ecosupplement-family.png\",\"contentUrl\":\"https:\\\/\\\/ecosupplements.be\\\/wp-content\\\/uploads\\\/2022\\\/06\\\/ecosupplement-family.png\",\"width\":593,\"height\":374,\"caption\":\"Eco Supplements\"},\"image\":{\"@id\":\"https:\\\/\\\/ecosupplements.be\\\/fr\\\/#\\\/schema\\\/logo\\\/image\\\/\"}}]}<\/script>\n<meta property=\"product:brand\" content=\"Allnutrition\" \/>\n<meta property=\"product:price:amount\" content=\"17.96\" \/>\n<meta property=\"product:price:currency\" content=\"EUR\" \/>\n<meta property=\"og:availability\" content=\"instock\" \/>\n<meta property=\"product:availability\" content=\"instock\" \/>\n<meta property=\"product:retailer_item_id\" content=\"5902837745237\" \/>\n<meta property=\"product:condition\" content=\"new\" \/>\n<!-- \/ Yoast SEO Premium plugin. -->","yoast_head_json":{"title":"Capsules de Collarose AllDeynn - 180 capsules - ECO Supplements","description":"Wij hebben een ruime keuze aan producten van Capsules de Collarose AllDeynn - 180 capsules . Winkel bij Eco Supplements altijd gratis verzending boven 100\u20ac","robots":{"index":"index","follow":"follow","max-snippet":"max-snippet:-1","max-image-preview":"max-image-preview:large","max-video-preview":"max-video-preview:-1"},"canonical":"https:\/\/ecosupplements.be\/fr\/produit\/capsules-de-collarose-alldeynn-180-capsules\/","og_locale":"fr_FR","og_type":"article","og_title":"Capsules de Collarose AllDeynn - 180 capsules","og_description":"Wij hebben een ruime keuze aan producten van Capsules de Collarose AllDeynn - 180 capsules . Winkel bij Eco Supplements altijd gratis verzending boven 100\u20ac","og_url":"https:\/\/ecosupplements.be\/fr\/produit\/capsules-de-collarose-alldeynn-180-capsules\/","og_site_name":"ECO Supplements","article_modified_time":"2025-08-27T12:55:20+00:00","og_image":[{"width":600,"height":600,"url":"https:\/\/ecosupplements.be\/wp-content\/uploads\/2025\/08\/AllDeynn-Collarose-Caps-180-caps-1.jpg","type":"image\/jpeg"}],"twitter_card":"summary_large_image","twitter_misc":{"Prix":"17.96&nbsp;&euro;","Disponibilit\u00e9":"En stock"},"schema":{"@context":"https:\/\/schema.org","@graph":[{"@type":["WebPage","ItemPage"],"@id":"https:\/\/ecosupplements.be\/fr\/produit\/capsules-de-collarose-alldeynn-180-capsules\/","url":"https:\/\/ecosupplements.be\/fr\/produit\/capsules-de-collarose-alldeynn-180-capsules\/","name":"Capsules de Collarose AllDeynn - 180 capsules - ECO Supplements","isPartOf":{"@id":"https:\/\/ecosupplements.be\/fr\/#website"},"primaryImageOfPage":{"@id":"https:\/\/ecosupplements.be\/fr\/produit\/capsules-de-collarose-alldeynn-180-capsules\/#primaryimage"},"image":{"@id":"https:\/\/ecosupplements.be\/fr\/produit\/capsules-de-collarose-alldeynn-180-capsules\/#primaryimage"},"thumbnailUrl":"https:\/\/ecosupplements.be\/wp-content\/uploads\/2025\/08\/AllDeynn-Collarose-Caps-180-caps.jpg","datePublished":"2024-03-06T22:17:43+00:00","dateModified":"2025-08-27T12:55:20+00:00","description":"Wij hebben een ruime keuze aan producten van Capsules de Collarose AllDeynn - 180 capsules . Winkel bij Eco Supplements altijd gratis verzending boven 100\u20ac","breadcrumb":{"@id":"https:\/\/ecosupplements.be\/fr\/produit\/capsules-de-collarose-alldeynn-180-capsules\/#breadcrumb"},"inLanguage":"fr-FR","potentialAction":[{"@type":"ReadAction","target":["https:\/\/ecosupplements.be\/fr\/produit\/capsules-de-collarose-alldeynn-180-capsules\/"]}]},{"@type":"ImageObject","inLanguage":"fr-FR","@id":"https:\/\/ecosupplements.be\/fr\/produit\/capsules-de-collarose-alldeynn-180-capsules\/#primaryimage","url":"https:\/\/ecosupplements.be\/wp-content\/uploads\/2025\/08\/AllDeynn-Collarose-Caps-180-caps.jpg","contentUrl":"https:\/\/ecosupplements.be\/wp-content\/uploads\/2025\/08\/AllDeynn-Collarose-Caps-180-caps.jpg","width":600,"height":600},{"@type":"BreadcrumbList","@id":"https:\/\/ecosupplements.be\/fr\/produit\/capsules-de-collarose-alldeynn-180-capsules\/#breadcrumb","itemListElement":[{"@type":"ListItem","position":1,"name":"Home","item":"https:\/\/ecosupplements.be\/fr\/"},{"@type":"ListItem","position":2,"name":"Boutique","item":"https:\/\/ecosupplements.be\/fr\/boutique\/"},{"@type":"ListItem","position":3,"name":"Capsules de Collarose AllDeynn &#8211; 180 capsules"}]},{"@type":"WebSite","@id":"https:\/\/ecosupplements.be\/fr\/#website","url":"https:\/\/ecosupplements.be\/fr\/","name":"ECO Supplements","description":"Eco Supplements - Gezonde supplementen","publisher":{"@id":"https:\/\/ecosupplements.be\/fr\/#organization"},"potentialAction":[{"@type":"SearchAction","target":{"@type":"EntryPoint","urlTemplate":"https:\/\/ecosupplements.be\/fr\/?s={search_term_string}"},"query-input":{"@type":"PropertyValueSpecification","valueRequired":true,"valueName":"search_term_string"}}],"inLanguage":"fr-FR"},{"@type":"Organization","@id":"https:\/\/ecosupplements.be\/fr\/#organization","name":"Eco Supplements","url":"https:\/\/ecosupplements.be\/fr\/","logo":{"@type":"ImageObject","inLanguage":"fr-FR","@id":"https:\/\/ecosupplements.be\/fr\/#\/schema\/logo\/image\/","url":"https:\/\/ecosupplements.be\/wp-content\/uploads\/2022\/06\/ecosupplement-family.png","contentUrl":"https:\/\/ecosupplements.be\/wp-content\/uploads\/2022\/06\/ecosupplement-family.png","width":593,"height":374,"caption":"Eco Supplements"},"image":{"@id":"https:\/\/ecosupplements.be\/fr\/#\/schema\/logo\/image\/"}}]},"product_brand":"Allnutrition","product_price_amount":"17.96","product_price_currency":"EUR","og_availability":"instock","product_availability":"instock","product_retailer_item_id":"5902837745237","product_condition":"new"},"_links":{"self":[{"href":"https:\/\/ecosupplements.be\/fr\/wp-json\/wp\/v2\/product\/285699","targetHints":{"allow":["GET"]}}],"collection":[{"href":"https:\/\/ecosupplements.be\/fr\/wp-json\/wp\/v2\/product"}],"about":[{"href":"https:\/\/ecosupplements.be\/fr\/wp-json\/wp\/v2\/types\/product"}],"replies":[{"embeddable":true,"href":"https:\/\/ecosupplements.be\/fr\/wp-json\/wp\/v2\/comments?post=285699"}],"wp:featuredmedia":[{"embeddable":true,"href":"https:\/\/ecosupplements.be\/fr\/wp-json\/wp\/v2\/media\/263129"}],"wp:attachment":[{"href":"https:\/\/ecosupplements.be\/fr\/wp-json\/wp\/v2\/media?parent=285699"}],"wp:term":[{"taxonomy":"product_brand","embeddable":true,"href":"https:\/\/ecosupplements.be\/fr\/wp-json\/wp\/v2\/product_brand?post=285699"},{"taxonomy":"product_cat","embeddable":true,"href":"https:\/\/ecosupplements.be\/fr\/wp-json\/wp\/v2\/product_cat?post=285699"},{"taxonomy":"product_tag","embeddable":true,"href":"https:\/\/ecosupplements.be\/fr\/wp-json\/wp\/v2\/product_tag?post=285699"}],"curies":[{"name":"wp","href":"https:\/\/api.w.org\/{rel}","templated":true}]}}