{"id":285717,"date":"2023-01-16T21:10:47","date_gmt":"2023-01-16T20:10:47","guid":{"rendered":"https:\/\/ecosupplements.be\/product\/collier-de-poisson-alldeynn-framboise-et-fraise-sauvage-300g\/"},"modified":"2025-08-27T13:55:35","modified_gmt":"2025-08-27T12:55:35","slug":"collier-de-poisson-alldeynn-framboise-et-fraise-sauvage-300g","status":"publish","type":"product","link":"https:\/\/ecosupplements.be\/fr\/produit\/collier-de-poisson-alldeynn-framboise-et-fraise-sauvage-300g\/","title":{"rendered":"Collier de poisson AllDeynn, framboise et fraise sauvage &#8211; 300g"},"content":{"rendered":"<h1>AllDeynn Collarose Fish, Raspberry Wild Strawberry &#8211; 300g<\/h1>\n<p>D\u00e9couvrez le\u200b d\u00e9licieux m\u00e9lange de saveurs fruit\u00e9es \u200bet de prot\u00e9ines de qualit\u00e9 sup\u00e9rieure avec AllDeynn Collarose Fish, Raspberry Wild Strawberry. Ce produit est \u2063sp\u00e9cialement con\u00e7u pour les \u200cpersonnes actives qui cherchent \u00e0 maintenir un mode \u200dde vie sain et \u00e9quilibr\u00e9.<\/p>\n<h2>Caract\u00e9ristiques sp\u00e9ciales:<\/h2>\n<ul>\n<li>M\u00e9lange de \u200cprot\u00e9ines de qualit\u00e9\u200b sup\u00e9rieure<\/li>\n<li>Saveurs fruit\u00e9es de framboise et de fraise\u200d des bois<\/li>\n<li>Contient des acides amin\u00e9s\u200c essentiels \u2062pour la r\u00e9cup\u00e9ration musculaire<\/li>\n<li>Faible teneur en sucre et en \u2062mati\u00e8res grasses<\/li>\n<li>Convient aux r\u00e9gimes v\u00e9g\u00e9tariens et \u2063v\u00e9g\u00e9taliens<\/li>\n<\/ul>\n<h2>Ingr\u00e9dients:<\/h2>\n<p>AllDeynn Collarose Fish, Raspberry Wild Strawberry \u200dest compos\u00e9 \u2064d&#8217;un m\u00e9lange \u2064de prot\u00e9ines de qualit\u00e9 sup\u00e9rieure,\u200c notamment de\u2064 prot\u00e9ines de poisson hydrolys\u00e9es\u2063 et de prot\u00e9ines de pois. Il contient \u00e9galement des acides amin\u00e9s essentiels pour la r\u00e9cup\u00e9ration musculaire,\u200c ainsi que des ar\u00f4mes\u200c naturels de framboise et de fraise des bois pour une saveur d\u00e9licieuse.<\/p>\n<h2>Avantages uniques:<\/h2>\n<p>Ce produit est un excellent choix \u2063pour les personnes actives qui cherchent \u00e0 maintenir un mode de vie sain et \u00e9quilibr\u00e9. Les \u2063prot\u00e9ines de qualit\u00e9 \u2063sup\u00e9rieure aident \u00e0 maintenir et \u00e0 d\u00e9velopper \u200dla masse musculaire, tandis que les acides amin\u00e9s essentiels aident \u00e0\u2063 la r\u00e9cup\u00e9ration apr\u00e8s l&#8217;entra\u00eenement. De plus,\u2063 sa faible teneur en sucre et en mati\u00e8res grasses en fait une option id\u00e9ale \u2063pour ceux \u2064qui suivent un r\u00e9gime alimentaire\u2062 strict.<\/p>\n<h2>Principales caract\u00e9ristiques:<\/h2>\n<ul>\n<li>M\u00e9lange de prot\u00e9ines de qualit\u00e9 sup\u00e9rieure<\/li>\n<li>Saveurs fruit\u00e9es de framboise et de\u200d fraise des bois<\/li>\n<li>Contient des acides amin\u00e9s\u2064 essentiels pour la r\u00e9cup\u00e9ration musculaire<\/li>\n<li>Convient aux r\u00e9gimes v\u00e9g\u00e9tariens et v\u00e9g\u00e9taliens<\/li>\n<li>Faible teneur en\u2062 sucre et en mati\u00e8res grasses<\/li>\n<li>Disponible en pot de 300g<\/li>\n<\/ul>\n<p>Offrez-vous une collation saine et savoureuse avec AllDeynn Collarose Fish, Raspberry Wild Strawberry. Commandez d\u00e8s maintenant et profitez d&#8217;un produit de qualit\u00e9 sup\u00e9rieure\u200c pour \u2064vous aider \u00e0 atteindre vos\u2063 objectifs de sant\u00e9 et de fitness.<\/p>\n","protected":false},"excerpt":{"rendered":"<p>AllDeynn Collarose Fish, Raspberry Wild Strawberry &#8211; 300g D\u00e9couvrez le\u200b d\u00e9licieux m\u00e9lange de saveurs fruit\u00e9es \u200bet de prot\u00e9ines de qualit\u00e9 sup\u00e9rieure avec AllDeynn Collarose Fish, Raspberry Wild Strawberry. Ce produit est \u2063sp\u00e9cialement con\u00e7u pour les \u200cpersonnes actives qui cherchent \u00e0 maintenir un mode \u200dde vie sain et \u00e9quilibr\u00e9. Caract\u00e9ristiques sp\u00e9ciales: M\u00e9lange de \u200cprot\u00e9ines de qualit\u00e9\u200b [&#8230;]\n","protected":false},"featured_media":261570,"comment_status":"open","ping_status":"open","template":"","meta":[],"product_brand":[4634],"product_cat":[5089,5052,5053],"product_tag":[],"class_list":{"0":"post-285717","1":"product","2":"type-product","3":"status-publish","4":"has-post-thumbnail","6":"product_brand-allnutrition-2","7":"product_cat-complements-alimentaires-pour-femmes","8":"product_cat-sante-et-bien-etre","9":"product_cat-vitamines-et-mineraux","11":"first","12":"instock","13":"taxable","14":"shipping-taxable","15":"purchasable","16":"product-type-simple"},"yoast_head":"<!-- This site is optimized with the Yoast SEO Premium plugin v27.3 (Yoast SEO v27.3) - https:\/\/yoast.com\/product\/yoast-seo-premium-wordpress\/ -->\n<title>Collier de poisson AllDeynn, framboise et fraise sauvage - 300g - ECO Supplements<\/title>\n<meta name=\"description\" content=\"Wij hebben een ruime keuze aan producten van Collier de poisson AllDeynn, framboise et fraise sauvage - 300g . Winkel bij Eco Supplements altijd gratis verzending boven 100\u20ac\" \/>\n<meta name=\"robots\" content=\"index, follow, max-snippet:-1, max-image-preview:large, max-video-preview:-1\" \/>\n<link rel=\"canonical\" href=\"https:\/\/ecosupplements.be\/fr\/produit\/collier-de-poisson-alldeynn-framboise-et-fraise-sauvage-300g\/\" \/>\n<meta property=\"og:locale\" content=\"fr_FR\" \/>\n<meta property=\"og:type\" content=\"article\" \/>\n<meta property=\"og:title\" content=\"Collier de poisson AllDeynn, framboise et fraise sauvage - 300g\" \/>\n<meta property=\"og:description\" content=\"Wij hebben een ruime keuze aan producten van Collier de poisson AllDeynn, framboise et fraise sauvage - 300g . Winkel bij Eco Supplements altijd gratis verzending boven 100\u20ac\" \/>\n<meta property=\"og:url\" content=\"https:\/\/ecosupplements.be\/fr\/produit\/collier-de-poisson-alldeynn-framboise-et-fraise-sauvage-300g\/\" \/>\n<meta property=\"og:site_name\" content=\"ECO Supplements\" \/>\n<meta property=\"article:modified_time\" content=\"2025-08-27T12:55:35+00:00\" \/>\n<meta property=\"og:image\" content=\"https:\/\/ecosupplements.be\/wp-content\/uploads\/2025\/08\/AllDeynn-Collarose-Fish-Raspberry-Wild-Strawberry-300g-1.jpg\" \/>\n\t<meta property=\"og:image:width\" content=\"720\" \/>\n\t<meta property=\"og:image:height\" content=\"720\" \/>\n\t<meta property=\"og:image:type\" content=\"image\/jpeg\" \/>\n<meta name=\"twitter:card\" content=\"summary_large_image\" \/>\n<meta name=\"twitter:label1\" content=\"Prix\" \/>\n\t<meta name=\"twitter:data1\" content=\"39.81&nbsp;&euro;\" \/>\n\t<meta name=\"twitter:label2\" content=\"Disponibilit\u00e9\" \/>\n\t<meta name=\"twitter:data2\" content=\"En stock\" \/>\n<script type=\"application\/ld+json\" class=\"yoast-schema-graph\">{\"@context\":\"https:\\\/\\\/schema.org\",\"@graph\":[{\"@type\":[\"WebPage\",\"ItemPage\"],\"@id\":\"https:\\\/\\\/ecosupplements.be\\\/fr\\\/produit\\\/collier-de-poisson-alldeynn-framboise-et-fraise-sauvage-300g\\\/\",\"url\":\"https:\\\/\\\/ecosupplements.be\\\/fr\\\/produit\\\/collier-de-poisson-alldeynn-framboise-et-fraise-sauvage-300g\\\/\",\"name\":\"Collier de poisson AllDeynn, framboise et fraise sauvage - 300g - ECO Supplements\",\"isPartOf\":{\"@id\":\"https:\\\/\\\/ecosupplements.be\\\/fr\\\/#website\"},\"primaryImageOfPage\":{\"@id\":\"https:\\\/\\\/ecosupplements.be\\\/fr\\\/produit\\\/collier-de-poisson-alldeynn-framboise-et-fraise-sauvage-300g\\\/#primaryimage\"},\"image\":{\"@id\":\"https:\\\/\\\/ecosupplements.be\\\/fr\\\/produit\\\/collier-de-poisson-alldeynn-framboise-et-fraise-sauvage-300g\\\/#primaryimage\"},\"thumbnailUrl\":\"https:\\\/\\\/ecosupplements.be\\\/wp-content\\\/uploads\\\/2025\\\/08\\\/AllDeynn-Collarose-Fish-Raspberry-Wild-Strawberry-300g.jpg\",\"datePublished\":\"2023-01-16T20:10:47+00:00\",\"dateModified\":\"2025-08-27T12:55:35+00:00\",\"description\":\"Wij hebben een ruime keuze aan producten van Collier de poisson AllDeynn, framboise et fraise sauvage - 300g . Winkel bij Eco Supplements altijd gratis verzending boven 100\u20ac\",\"breadcrumb\":{\"@id\":\"https:\\\/\\\/ecosupplements.be\\\/fr\\\/produit\\\/collier-de-poisson-alldeynn-framboise-et-fraise-sauvage-300g\\\/#breadcrumb\"},\"inLanguage\":\"fr-FR\",\"potentialAction\":[{\"@type\":\"ReadAction\",\"target\":[\"https:\\\/\\\/ecosupplements.be\\\/fr\\\/produit\\\/collier-de-poisson-alldeynn-framboise-et-fraise-sauvage-300g\\\/\"]}]},{\"@type\":\"ImageObject\",\"inLanguage\":\"fr-FR\",\"@id\":\"https:\\\/\\\/ecosupplements.be\\\/fr\\\/produit\\\/collier-de-poisson-alldeynn-framboise-et-fraise-sauvage-300g\\\/#primaryimage\",\"url\":\"https:\\\/\\\/ecosupplements.be\\\/wp-content\\\/uploads\\\/2025\\\/08\\\/AllDeynn-Collarose-Fish-Raspberry-Wild-Strawberry-300g.jpg\",\"contentUrl\":\"https:\\\/\\\/ecosupplements.be\\\/wp-content\\\/uploads\\\/2025\\\/08\\\/AllDeynn-Collarose-Fish-Raspberry-Wild-Strawberry-300g.jpg\",\"width\":720,\"height\":720},{\"@type\":\"BreadcrumbList\",\"@id\":\"https:\\\/\\\/ecosupplements.be\\\/fr\\\/produit\\\/collier-de-poisson-alldeynn-framboise-et-fraise-sauvage-300g\\\/#breadcrumb\",\"itemListElement\":[{\"@type\":\"ListItem\",\"position\":1,\"name\":\"Home\",\"item\":\"https:\\\/\\\/ecosupplements.be\\\/fr\\\/\"},{\"@type\":\"ListItem\",\"position\":2,\"name\":\"Boutique\",\"item\":\"https:\\\/\\\/ecosupplements.be\\\/fr\\\/boutique\\\/\"},{\"@type\":\"ListItem\",\"position\":3,\"name\":\"Collier de poisson AllDeynn, framboise et fraise sauvage &#8211; 300g\"}]},{\"@type\":\"WebSite\",\"@id\":\"https:\\\/\\\/ecosupplements.be\\\/fr\\\/#website\",\"url\":\"https:\\\/\\\/ecosupplements.be\\\/fr\\\/\",\"name\":\"ECO Supplements\",\"description\":\"Eco Supplements - Gezonde supplementen\",\"publisher\":{\"@id\":\"https:\\\/\\\/ecosupplements.be\\\/fr\\\/#organization\"},\"potentialAction\":[{\"@type\":\"SearchAction\",\"target\":{\"@type\":\"EntryPoint\",\"urlTemplate\":\"https:\\\/\\\/ecosupplements.be\\\/fr\\\/?s={search_term_string}\"},\"query-input\":{\"@type\":\"PropertyValueSpecification\",\"valueRequired\":true,\"valueName\":\"search_term_string\"}}],\"inLanguage\":\"fr-FR\"},{\"@type\":\"Organization\",\"@id\":\"https:\\\/\\\/ecosupplements.be\\\/fr\\\/#organization\",\"name\":\"Eco Supplements\",\"url\":\"https:\\\/\\\/ecosupplements.be\\\/fr\\\/\",\"logo\":{\"@type\":\"ImageObject\",\"inLanguage\":\"fr-FR\",\"@id\":\"https:\\\/\\\/ecosupplements.be\\\/fr\\\/#\\\/schema\\\/logo\\\/image\\\/\",\"url\":\"https:\\\/\\\/ecosupplements.be\\\/wp-content\\\/uploads\\\/2022\\\/06\\\/ecosupplement-family.png\",\"contentUrl\":\"https:\\\/\\\/ecosupplements.be\\\/wp-content\\\/uploads\\\/2022\\\/06\\\/ecosupplement-family.png\",\"width\":593,\"height\":374,\"caption\":\"Eco Supplements\"},\"image\":{\"@id\":\"https:\\\/\\\/ecosupplements.be\\\/fr\\\/#\\\/schema\\\/logo\\\/image\\\/\"}}]}<\/script>\n<meta property=\"product:brand\" content=\"Allnutrition\" \/>\n<meta property=\"product:price:amount\" content=\"39.81\" \/>\n<meta property=\"product:price:currency\" content=\"EUR\" \/>\n<meta property=\"og:availability\" content=\"instock\" \/>\n<meta property=\"product:availability\" content=\"instock\" \/>\n<meta property=\"product:retailer_item_id\" content=\"5902837738574\" \/>\n<meta property=\"product:condition\" content=\"new\" \/>\n<!-- \/ Yoast SEO Premium plugin. -->","yoast_head_json":{"title":"Collier de poisson AllDeynn, framboise et fraise sauvage - 300g - ECO Supplements","description":"Wij hebben een ruime keuze aan producten van Collier de poisson AllDeynn, framboise et fraise sauvage - 300g . Winkel bij Eco Supplements altijd gratis verzending boven 100\u20ac","robots":{"index":"index","follow":"follow","max-snippet":"max-snippet:-1","max-image-preview":"max-image-preview:large","max-video-preview":"max-video-preview:-1"},"canonical":"https:\/\/ecosupplements.be\/fr\/produit\/collier-de-poisson-alldeynn-framboise-et-fraise-sauvage-300g\/","og_locale":"fr_FR","og_type":"article","og_title":"Collier de poisson AllDeynn, framboise et fraise sauvage - 300g","og_description":"Wij hebben een ruime keuze aan producten van Collier de poisson AllDeynn, framboise et fraise sauvage - 300g . Winkel bij Eco Supplements altijd gratis verzending boven 100\u20ac","og_url":"https:\/\/ecosupplements.be\/fr\/produit\/collier-de-poisson-alldeynn-framboise-et-fraise-sauvage-300g\/","og_site_name":"ECO Supplements","article_modified_time":"2025-08-27T12:55:35+00:00","og_image":[{"width":720,"height":720,"url":"https:\/\/ecosupplements.be\/wp-content\/uploads\/2025\/08\/AllDeynn-Collarose-Fish-Raspberry-Wild-Strawberry-300g-1.jpg","type":"image\/jpeg"}],"twitter_card":"summary_large_image","twitter_misc":{"Prix":"39.81&nbsp;&euro;","Disponibilit\u00e9":"En stock"},"schema":{"@context":"https:\/\/schema.org","@graph":[{"@type":["WebPage","ItemPage"],"@id":"https:\/\/ecosupplements.be\/fr\/produit\/collier-de-poisson-alldeynn-framboise-et-fraise-sauvage-300g\/","url":"https:\/\/ecosupplements.be\/fr\/produit\/collier-de-poisson-alldeynn-framboise-et-fraise-sauvage-300g\/","name":"Collier de poisson AllDeynn, framboise et fraise sauvage - 300g - ECO Supplements","isPartOf":{"@id":"https:\/\/ecosupplements.be\/fr\/#website"},"primaryImageOfPage":{"@id":"https:\/\/ecosupplements.be\/fr\/produit\/collier-de-poisson-alldeynn-framboise-et-fraise-sauvage-300g\/#primaryimage"},"image":{"@id":"https:\/\/ecosupplements.be\/fr\/produit\/collier-de-poisson-alldeynn-framboise-et-fraise-sauvage-300g\/#primaryimage"},"thumbnailUrl":"https:\/\/ecosupplements.be\/wp-content\/uploads\/2025\/08\/AllDeynn-Collarose-Fish-Raspberry-Wild-Strawberry-300g.jpg","datePublished":"2023-01-16T20:10:47+00:00","dateModified":"2025-08-27T12:55:35+00:00","description":"Wij hebben een ruime keuze aan producten van Collier de poisson AllDeynn, framboise et fraise sauvage - 300g . Winkel bij Eco Supplements altijd gratis verzending boven 100\u20ac","breadcrumb":{"@id":"https:\/\/ecosupplements.be\/fr\/produit\/collier-de-poisson-alldeynn-framboise-et-fraise-sauvage-300g\/#breadcrumb"},"inLanguage":"fr-FR","potentialAction":[{"@type":"ReadAction","target":["https:\/\/ecosupplements.be\/fr\/produit\/collier-de-poisson-alldeynn-framboise-et-fraise-sauvage-300g\/"]}]},{"@type":"ImageObject","inLanguage":"fr-FR","@id":"https:\/\/ecosupplements.be\/fr\/produit\/collier-de-poisson-alldeynn-framboise-et-fraise-sauvage-300g\/#primaryimage","url":"https:\/\/ecosupplements.be\/wp-content\/uploads\/2025\/08\/AllDeynn-Collarose-Fish-Raspberry-Wild-Strawberry-300g.jpg","contentUrl":"https:\/\/ecosupplements.be\/wp-content\/uploads\/2025\/08\/AllDeynn-Collarose-Fish-Raspberry-Wild-Strawberry-300g.jpg","width":720,"height":720},{"@type":"BreadcrumbList","@id":"https:\/\/ecosupplements.be\/fr\/produit\/collier-de-poisson-alldeynn-framboise-et-fraise-sauvage-300g\/#breadcrumb","itemListElement":[{"@type":"ListItem","position":1,"name":"Home","item":"https:\/\/ecosupplements.be\/fr\/"},{"@type":"ListItem","position":2,"name":"Boutique","item":"https:\/\/ecosupplements.be\/fr\/boutique\/"},{"@type":"ListItem","position":3,"name":"Collier de poisson AllDeynn, framboise et fraise sauvage &#8211; 300g"}]},{"@type":"WebSite","@id":"https:\/\/ecosupplements.be\/fr\/#website","url":"https:\/\/ecosupplements.be\/fr\/","name":"ECO Supplements","description":"Eco Supplements - Gezonde supplementen","publisher":{"@id":"https:\/\/ecosupplements.be\/fr\/#organization"},"potentialAction":[{"@type":"SearchAction","target":{"@type":"EntryPoint","urlTemplate":"https:\/\/ecosupplements.be\/fr\/?s={search_term_string}"},"query-input":{"@type":"PropertyValueSpecification","valueRequired":true,"valueName":"search_term_string"}}],"inLanguage":"fr-FR"},{"@type":"Organization","@id":"https:\/\/ecosupplements.be\/fr\/#organization","name":"Eco Supplements","url":"https:\/\/ecosupplements.be\/fr\/","logo":{"@type":"ImageObject","inLanguage":"fr-FR","@id":"https:\/\/ecosupplements.be\/fr\/#\/schema\/logo\/image\/","url":"https:\/\/ecosupplements.be\/wp-content\/uploads\/2022\/06\/ecosupplement-family.png","contentUrl":"https:\/\/ecosupplements.be\/wp-content\/uploads\/2022\/06\/ecosupplement-family.png","width":593,"height":374,"caption":"Eco Supplements"},"image":{"@id":"https:\/\/ecosupplements.be\/fr\/#\/schema\/logo\/image\/"}}]},"product_brand":"Allnutrition","product_price_amount":"39.81","product_price_currency":"EUR","og_availability":"instock","product_availability":"instock","product_retailer_item_id":"5902837738574","product_condition":"new"},"_links":{"self":[{"href":"https:\/\/ecosupplements.be\/fr\/wp-json\/wp\/v2\/product\/285717","targetHints":{"allow":["GET"]}}],"collection":[{"href":"https:\/\/ecosupplements.be\/fr\/wp-json\/wp\/v2\/product"}],"about":[{"href":"https:\/\/ecosupplements.be\/fr\/wp-json\/wp\/v2\/types\/product"}],"replies":[{"embeddable":true,"href":"https:\/\/ecosupplements.be\/fr\/wp-json\/wp\/v2\/comments?post=285717"}],"wp:featuredmedia":[{"embeddable":true,"href":"https:\/\/ecosupplements.be\/fr\/wp-json\/wp\/v2\/media\/261570"}],"wp:attachment":[{"href":"https:\/\/ecosupplements.be\/fr\/wp-json\/wp\/v2\/media?parent=285717"}],"wp:term":[{"taxonomy":"product_brand","embeddable":true,"href":"https:\/\/ecosupplements.be\/fr\/wp-json\/wp\/v2\/product_brand?post=285717"},{"taxonomy":"product_cat","embeddable":true,"href":"https:\/\/ecosupplements.be\/fr\/wp-json\/wp\/v2\/product_cat?post=285717"},{"taxonomy":"product_tag","embeddable":true,"href":"https:\/\/ecosupplements.be\/fr\/wp-json\/wp\/v2\/product_tag?post=285717"}],"curies":[{"name":"wp","href":"https:\/\/api.w.org\/{rel}","templated":true}]}}